{"id":1807,"date":"2014-10-21T06:46:19","date_gmt":"2014-10-21T06:46:19","guid":{"rendered":"http:\/\/www.newslettercreator.com\/?page_id=1807"},"modified":"2015-01-12T09:39:07","modified_gmt":"2015-01-12T09:39:07","slug":"moznosti","status":"publish","type":"page","link":"https:\/\/www.newslettercreator.com\/cs\/moznosti\/","title":{"rendered":"Mo\u017enosti"},"content":{"rendered":"<p>Zde jsou <strong>n\u011bkter\u00e9 vlastnosti MailStyleru<\/strong>, kter\u00e9 z n\u011bj d\u011blaj\u00ed nejlep\u0161\u00ed n\u00e1stroj pro tvorbu newsletteru na trhu.<\/p>\n<p>&nbsp;<\/p>\n<p><img decoding=\"async\" class=\"alignleft\" src=\"http:\/\/www.newslettercreator.com\/wp-content\/uploads\/2014\/04\/drag-drop.jpg\" alt=\"\" width=\"175\" height=\"115\" \/><\/p>\n<h3 style=\"text-align: left; line-height: 18px !important; font-size: 16px !important; font-weight: bold !important;\">Tvorba \u0161ablon pouh\u00fdm pohybem my\u0161i<\/h3>\n<p style=\"text-align: left; min-height: 75px;\">MailStyler nab\u00edz\u00ed WYSIWYG editor, ovl\u00e1dan\u00fd p\u0159etahov\u00e1n\u00edm objekt\u016f, kter\u00e9 je tak jednoduch\u00e9 a intuitivn\u00ed, \u017ee je nemo\u017en\u00e9 ud\u011blat n\u011bco \u0161patn\u011b.<\/p>\n<div id=\"g1-divider-1\" class=\"g1-divider g1-divider--none g1-divider--noicon \"><\/div>\n<p><img decoding=\"async\" class=\"alignleft\" src=\"http:\/\/www.newslettercreator.com\/wp-content\/uploads\/2014\/04\/client.jpg\" alt=\"\" width=\"175\" height=\"115\" \/><\/p>\n<h3 style=\"text-align: left; line-height: 18px !important; font-size: 16px !important; font-weight: bold !important;\">\u010cist\u011b naprogramovan\u00e9 \u0161ablony budou v\u017edy vypadat skv\u011ble<\/h3>\n<p style=\"text-align: left; min-height: 75px;\">D\u011bs\u00ed V\u00e1s probl\u00e9my s vyobrazov\u00e1n\u00edm email\u016f? S MailStylerem bude tento probl\u00e9m jednou prov\u017edy vy\u0159e\u0161en: v\u0161echny \u0161ablony, vytvo\u0159en\u00e9 na\u0161\u00edm programem, budou vypadat perfektn\u011b na jak\u00e9mkoliv klientu nebo webov\u00e9m emailu (nap\u0159. Hotmail, Gmail, Outlook, Yahoo Mail, atd.). Proto nepot\u0159ebujete \u017e\u00e1dn\u00e9 psan\u00ed k\u00f3du v HTML.<\/p>\n<div id=\"g1-divider-2\" class=\"g1-divider g1-divider--none g1-divider--noicon \"><\/div>\n<p><img decoding=\"async\" class=\"alignleft\" src=\"http:\/\/www.newslettercreator.com\/wp-content\/uploads\/2014\/04\/no-code.jpg\" alt=\"\" width=\"175\" height=\"115\" \/><\/p>\n<h3 style=\"text-align: left; line-height: 18px !important; font-size: 16px !important; font-weight: bold !important;\">Znalosti HTML\/CSS nejsou vy\u017eadov\u00e1ny<\/h3>\n<p style=\"text-align: left; min-height: 75px;\">MailStyler V\u00e1m umo\u017en\u00ed vytv\u00e1\u0159et emaily a newslettery bez jak\u00e9hokoliv psan\u00ed k\u00f3du. Jednodu\u0161e kombinujete n\u00e1mi p\u0159edvytvo\u0159en\u00e9 HTML bloky dle Va\u0161eho p\u0159\u00e1n\u00ed a sestavujete tak V\u00e1\u0161 newsletter \u010d\u00e1st po \u010d\u00e1sti.<\/p>\n<div id=\"g1-divider-3\" class=\"g1-divider g1-divider--none g1-divider--noicon \"><\/div>\n<p><img decoding=\"async\" class=\"alignleft\" src=\"http:\/\/www.newslettercreator.com\/wp-content\/uploads\/2014\/04\/unl-edit.jpg\" alt=\"\" width=\"175\" height=\"115\" \/><\/p>\n<h3 style=\"text-align: left; line-height: 18px !important; font-size: 16px !important; font-weight: bold !important;\">Nekone\u010dn\u00e9 mo\u017enosti \u00faprav<\/h3>\n<p style=\"text-align: left; min-height: 75px;\">Rozsah mo\u017enost\u00ed vylep\u0161en\u00ed, kter\u00e9 m\u016f\u017eete s MailStylerem prov\u00e9st, je obrovsk\u00fd a daleko p\u0159ed konkurenc\u00ed: velikost, styly, zarovn\u00e1n\u00ed, fonty, bloky, obr\u00e1zky, \u2026 V\u0161e m\u016f\u017ee b\u00fdt upraveno pomoc\u00ed p\u00e1r kliknut\u00ed, s nimi\u017e vytvo\u0159\u00edte opravdu unik\u00e1tn\u00ed vzhled, kter\u00fd V\u00e1m dokonale vyhovuje.<\/p>\n<div id=\"g1-divider-4\" class=\"g1-divider g1-divider--none g1-divider--noicon \"><\/div>\n<p><img decoding=\"async\" class=\"alignleft\" src=\"http:\/\/www.newslettercreator.com\/wp-content\/uploads\/2014\/04\/library.jpg\" alt=\"\" width=\"175\" height=\"115\" \/><\/p>\n<h3 style=\"text-align: left; line-height: 18px !important; font-size: 16px !important; font-weight: bold !important;\">Obr\u00e1zky pro ka\u017edou p\u0159\u00edle\u017eitost<\/h3>\n<p style=\"text-align: left; min-height: 75px;\">MailStyler p\u0159ich\u00e1z\u00ed s knihovnou o v\u00edce ne\u017e 2000 obr\u00e1zc\u00edch k podpo\u0159en\u00ed Va\u0161\u00ed kreativity a k pomoci se sestaven\u00edm origin\u00e1ln\u00edho designu.<\/p>\n<div id=\"g1-divider-5\" class=\"g1-divider g1-divider--none g1-divider--noicon \"><\/div>\n<p><img decoding=\"async\" class=\"alignleft\" src=\"http:\/\/www.newslettercreator.com\/wp-content\/uploads\/2014\/04\/client2.jpg\" alt=\"\" width=\"175\" height=\"115\" \/><\/p>\n<h3 style=\"text-align: left; line-height: 18px !important; font-size: 16px !important; font-weight: bold !important;\">Kompatibilita se v\u0161emi emailov\u00fdmi klienty, aplikacemi a slu\u017ebami<\/h3>\n<p style=\"text-align: left; min-height: 75px;\">Ka\u017ed\u00fd newsletter, vytvo\u0159en\u00fd MailStylerem, je pou\u017eiteln\u00fd se v\u0161emi hlavn\u00edmi emailov\u00fdmi platformami, od b\u011b\u017en\u00fdch klient\u016f zdarma (Outlook, Thunderbird, atd.) k profesion\u00e1ln\u00edmu marketingov\u00e9mu softwaru a slu\u017eb\u00e1m (SendBlaster, MailChimp, atd.)<\/p>\n<div id=\"g1-divider-6\" class=\"g1-divider g1-divider--none g1-divider--noicon \"><\/div>\n<p><img decoding=\"async\" class=\"alignleft\" src=\"http:\/\/www.newslettercreator.com\/wp-content\/uploads\/2014\/04\/crop.jpg\" alt=\"\" width=\"175\" height=\"115\" \/><\/p>\n<h3 style=\"text-align: left; line-height: 18px !important; font-size: 16px !important; font-weight: bold !important;\">Automatick\u00e1 oprava velikosti a o\u0159ezu obr\u00e1zk\u016f<\/h3>\n<p style=\"text-align: left; min-height: 75px;\">Pot\u0159ebujete, aby nahran\u00e9 obr\u00e1zky p\u0159esn\u011b sed\u011bly do nov\u011b upraven\u00e9ho bloku? S na\u0161\u00edm n\u00e1strojem pro zm\u011bnu velikosti\/o\u0159ez obr\u00e1zk\u016f je to ot\u00e1zka n\u011bkolika sekund. U\u017e \u017e\u00e1dn\u00e9 prot\u00e1hl\u00e9 obr\u00e1zky!<\/p>\n<div id=\"g1-divider-7\" class=\"g1-divider g1-divider--none g1-divider--noicon \"><\/div>\n<p><img decoding=\"async\" class=\"alignleft\" src=\"http:\/\/www.newslettercreator.com\/wp-content\/uploads\/2014\/04\/responsive.jpg\" alt=\"\" width=\"175\" height=\"115\" \/><\/p>\n<h3 style=\"text-align: left; line-height: 18px !important; font-size: 16px !important; font-weight: bold !important;\">Responzivn\u00ed bloky<\/h3>\n<p style=\"text-align: left; min-height: 75px;\">Pokud pl\u00e1nujete odesl\u00e1n\u00ed emailu ur\u010dit\u00fdm u\u017eivatel\u016fm mobiln\u00edch za\u0159\u00edzen\u00ed (nap\u0159\u00edklad teenage\u0159i), m\u00e1me zde s\u00e9rii responzivn\u00edch blok\u016f, kter\u00e9 automaticky zm\u011bn\u00ed velikost, kdy\u017e jsou na takov\u00fdch za\u0159\u00edzen\u00edch otev\u0159eny. D\u00edky tomu dos\u00e1hnete nejlep\u0161\u00ed \u010ditelnosti i na mal\u00fdch obrazovk\u00e1ch.<\/p>\n<div id=\"g1-divider-8\" class=\"g1-divider g1-divider--none g1-divider--noicon \"><\/div>\n<p><img decoding=\"async\" class=\"alignleft\" src=\"http:\/\/www.newslettercreator.com\/wp-content\/uploads\/2014\/04\/palette.jpg\" alt=\"\" width=\"175\" height=\"115\" \/><\/p>\n<h3 style=\"text-align: left; line-height: 18px !important; font-size: 16px !important; font-weight: bold !important;\">Styly a palety p\u0159ipraven\u00e9 k pou\u017eit\u00ed<\/h3>\n<p style=\"text-align: left; min-height: 75px;\">MailStyler nab\u00edz\u00ed vylad\u011bn\u00e9 palety barev s r\u016fzn\u00fdm pom\u011brem st\u00edn\u016f, aby V\u00e1m pomohl ur\u010dit nejlep\u0161\u00ed vzhled pro V\u00e1\u0161 email.<\/p>\n<div id=\"g1-divider-9\" class=\"g1-divider g1-divider--none g1-divider--noicon \"><\/div>\n<p><img decoding=\"async\" class=\"alignleft\" src=\"http:\/\/www.newslettercreator.com\/wp-content\/uploads\/2014\/04\/export.jpg\" alt=\"\" width=\"175\" height=\"115\" \/><\/p>\n<h3 style=\"text-align: left; line-height: 18px !important; font-size: 16px !important; font-weight: bold !important;\">Exportov\u00e1n\u00ed jedn\u00edm kliknut\u00edm<\/h3>\n<p style=\"text-align: left; min-height: 75px;\">Jakmile je V\u00e1\u0161 design hotov\u00fd, m\u016f\u017eete ho exportovat do form\u00e1t\u016f eml nebo html jedin\u00fdm kliknut\u00edm a pou\u017e\u00edt ho pak v n\u011bkter\u00e9m z profesion\u00e1ln\u00edch marketingov\u00fdch program\u016f, slu\u017eb\u00e1ch nebo klientech.<\/p>\n","protected":false},"excerpt":{"rendered":"<p>Zde jsou n\u011bkter\u00e9 vlastnosti MailStyleru, kter\u00e9 z n\u011bj d\u011blaj\u00ed nejlep\u0161\u00ed n\u00e1stroj pro tvorbu newsletteru na trhu. &nbsp; Tvorba \u0161ablon pouh\u00fdm pohybem my\u0161i MailStyler nab\u00edz\u00ed WYSIWYG editor, ovl\u00e1dan\u00fd p\u0159etahov\u00e1n\u00edm objekt\u016f, kter\u00e9 je tak jednoduch\u00e9 a intuitivn\u00ed, \u017ee je nemo\u017en\u00e9 ud\u011blat n\u011bco \u0161patn\u011b. \u010cist\u011b naprogramovan\u00e9 \u0161ablony budou v\u017edy vypadat skv\u011ble D\u011bs\u00ed V\u00e1s probl\u00e9my s vyobrazov\u00e1n\u00edm email\u016f? S [&hellip;]<\/p>\n","protected":false},"author":1,"featured_media":0,"parent":0,"menu_order":0,"comment_status":"closed","ping_status":"closed","template":"g1_template_page_full_sections.php","meta":{"inline_featured_image":false,"_monsterinsights_skip_tracking":false,"_monsterinsights_sitenote_active":false,"_monsterinsights_sitenote_note":"","_monsterinsights_sitenote_category":0,"footnotes":""},"class_list":["post-1807","page","type-page","status-publish"],"yoast_head":"<!-- This site is optimized with the Yoast SEO plugin v25.2 - https:\/\/yoast.com\/wordpress\/plugins\/seo\/ -->\n<title>Mo\u017enosti - Newsletter Creator<\/title>\n<meta name=\"robots\" content=\"index, follow, max-snippet:-1, max-image-preview:large, max-video-preview:-1\" \/>\n<link rel=\"canonical\" href=\"https:\/\/www.newslettercreator.com\/cs\/moznosti\/\" \/>\n<meta property=\"og:locale\" content=\"cs_CZ\" \/>\n<meta property=\"og:type\" content=\"article\" \/>\n<meta property=\"og:title\" content=\"Mo\u017enosti - Newsletter Creator\" \/>\n<meta property=\"og:description\" content=\"Zde jsou n\u011bkter\u00e9 vlastnosti MailStyleru, kter\u00e9 z n\u011bj d\u011blaj\u00ed nejlep\u0161\u00ed n\u00e1stroj pro tvorbu newsletteru na trhu. &nbsp; Tvorba \u0161ablon pouh\u00fdm pohybem my\u0161i MailStyler nab\u00edz\u00ed WYSIWYG editor, ovl\u00e1dan\u00fd p\u0159etahov\u00e1n\u00edm objekt\u016f, kter\u00e9 je tak jednoduch\u00e9 a intuitivn\u00ed, \u017ee je nemo\u017en\u00e9 ud\u011blat n\u011bco \u0161patn\u011b. \u010cist\u011b naprogramovan\u00e9 \u0161ablony budou v\u017edy vypadat skv\u011ble D\u011bs\u00ed V\u00e1s probl\u00e9my s vyobrazov\u00e1n\u00edm email\u016f? S [&hellip;]\" \/>\n<meta property=\"og:url\" content=\"https:\/\/www.newslettercreator.com\/cs\/moznosti\/\" \/>\n<meta property=\"og:site_name\" content=\"Newsletter Creator\" \/>\n<meta property=\"article:modified_time\" content=\"2015-01-12T09:39:07+00:00\" \/>\n<meta property=\"og:image\" content=\"http:\/\/www.newslettercreator.com\/wp-content\/uploads\/2014\/04\/drag-drop.jpg\" \/>\n<meta name=\"twitter:label1\" content=\"Odhadovan\u00e1 doba \u010dten\u00ed\" \/>\n\t<meta name=\"twitter:data1\" content=\"3 minuty\" \/>\n<script type=\"application\/ld+json\" class=\"yoast-schema-graph\">{\"@context\":\"https:\/\/schema.org\",\"@graph\":[{\"@type\":\"WebPage\",\"@id\":\"https:\/\/www.newslettercreator.com\/cs\/moznosti\/\",\"url\":\"https:\/\/www.newslettercreator.com\/cs\/moznosti\/\",\"name\":\"Mo\u017enosti - Newsletter Creator\",\"isPartOf\":{\"@id\":\"https:\/\/www.newslettercreator.com\/#website\"},\"primaryImageOfPage\":{\"@id\":\"https:\/\/www.newslettercreator.com\/cs\/moznosti\/#primaryimage\"},\"image\":{\"@id\":\"https:\/\/www.newslettercreator.com\/cs\/moznosti\/#primaryimage\"},\"thumbnailUrl\":\"http:\/\/www.newslettercreator.com\/wp-content\/uploads\/2014\/04\/drag-drop.jpg\",\"datePublished\":\"2014-10-21T06:46:19+00:00\",\"dateModified\":\"2015-01-12T09:39:07+00:00\",\"breadcrumb\":{\"@id\":\"https:\/\/www.newslettercreator.com\/cs\/moznosti\/#breadcrumb\"},\"inLanguage\":\"cs\",\"potentialAction\":[{\"@type\":\"ReadAction\",\"target\":[\"https:\/\/www.newslettercreator.com\/cs\/moznosti\/\"]}]},{\"@type\":\"ImageObject\",\"inLanguage\":\"cs\",\"@id\":\"https:\/\/www.newslettercreator.com\/cs\/moznosti\/#primaryimage\",\"url\":\"http:\/\/www.newslettercreator.com\/wp-content\/uploads\/2014\/04\/drag-drop.jpg\",\"contentUrl\":\"http:\/\/www.newslettercreator.com\/wp-content\/uploads\/2014\/04\/drag-drop.jpg\"},{\"@type\":\"BreadcrumbList\",\"@id\":\"https:\/\/www.newslettercreator.com\/cs\/moznosti\/#breadcrumb\",\"itemListElement\":[{\"@type\":\"ListItem\",\"position\":1,\"name\":\"Home\",\"item\":\"https:\/\/www.newslettercreator.com\/cs\/\"},{\"@type\":\"ListItem\",\"position\":2,\"name\":\"Mo\u017enosti\"}]},{\"@type\":\"WebSite\",\"@id\":\"https:\/\/www.newslettercreator.com\/#website\",\"url\":\"https:\/\/www.newslettercreator.com\/\",\"name\":\"Newsletter Creator\",\"description\":\"Pay off\",\"potentialAction\":[{\"@type\":\"SearchAction\",\"target\":{\"@type\":\"EntryPoint\",\"urlTemplate\":\"https:\/\/www.newslettercreator.com\/?s={search_term_string}\"},\"query-input\":{\"@type\":\"PropertyValueSpecification\",\"valueRequired\":true,\"valueName\":\"search_term_string\"}}],\"inLanguage\":\"cs\"}]}<\/script>\n<!-- \/ Yoast SEO plugin. -->","yoast_head_json":{"title":"Mo\u017enosti - Newsletter Creator","robots":{"index":"index","follow":"follow","max-snippet":"max-snippet:-1","max-image-preview":"max-image-preview:large","max-video-preview":"max-video-preview:-1"},"canonical":"https:\/\/www.newslettercreator.com\/cs\/moznosti\/","og_locale":"cs_CZ","og_type":"article","og_title":"Mo\u017enosti - Newsletter Creator","og_description":"Zde jsou n\u011bkter\u00e9 vlastnosti MailStyleru, kter\u00e9 z n\u011bj d\u011blaj\u00ed nejlep\u0161\u00ed n\u00e1stroj pro tvorbu newsletteru na trhu. &nbsp; Tvorba \u0161ablon pouh\u00fdm pohybem my\u0161i MailStyler nab\u00edz\u00ed WYSIWYG editor, ovl\u00e1dan\u00fd p\u0159etahov\u00e1n\u00edm objekt\u016f, kter\u00e9 je tak jednoduch\u00e9 a intuitivn\u00ed, \u017ee je nemo\u017en\u00e9 ud\u011blat n\u011bco \u0161patn\u011b. \u010cist\u011b naprogramovan\u00e9 \u0161ablony budou v\u017edy vypadat skv\u011ble D\u011bs\u00ed V\u00e1s probl\u00e9my s vyobrazov\u00e1n\u00edm email\u016f? S [&hellip;]","og_url":"https:\/\/www.newslettercreator.com\/cs\/moznosti\/","og_site_name":"Newsletter Creator","article_modified_time":"2015-01-12T09:39:07+00:00","og_image":[{"url":"http:\/\/www.newslettercreator.com\/wp-content\/uploads\/2014\/04\/drag-drop.jpg","type":"","width":"","height":""}],"twitter_misc":{"Odhadovan\u00e1 doba \u010dten\u00ed":"3 minuty"},"schema":{"@context":"https:\/\/schema.org","@graph":[{"@type":"WebPage","@id":"https:\/\/www.newslettercreator.com\/cs\/moznosti\/","url":"https:\/\/www.newslettercreator.com\/cs\/moznosti\/","name":"Mo\u017enosti - Newsletter Creator","isPartOf":{"@id":"https:\/\/www.newslettercreator.com\/#website"},"primaryImageOfPage":{"@id":"https:\/\/www.newslettercreator.com\/cs\/moznosti\/#primaryimage"},"image":{"@id":"https:\/\/www.newslettercreator.com\/cs\/moznosti\/#primaryimage"},"thumbnailUrl":"http:\/\/www.newslettercreator.com\/wp-content\/uploads\/2014\/04\/drag-drop.jpg","datePublished":"2014-10-21T06:46:19+00:00","dateModified":"2015-01-12T09:39:07+00:00","breadcrumb":{"@id":"https:\/\/www.newslettercreator.com\/cs\/moznosti\/#breadcrumb"},"inLanguage":"cs","potentialAction":[{"@type":"ReadAction","target":["https:\/\/www.newslettercreator.com\/cs\/moznosti\/"]}]},{"@type":"ImageObject","inLanguage":"cs","@id":"https:\/\/www.newslettercreator.com\/cs\/moznosti\/#primaryimage","url":"http:\/\/www.newslettercreator.com\/wp-content\/uploads\/2014\/04\/drag-drop.jpg","contentUrl":"http:\/\/www.newslettercreator.com\/wp-content\/uploads\/2014\/04\/drag-drop.jpg"},{"@type":"BreadcrumbList","@id":"https:\/\/www.newslettercreator.com\/cs\/moznosti\/#breadcrumb","itemListElement":[{"@type":"ListItem","position":1,"name":"Home","item":"https:\/\/www.newslettercreator.com\/cs\/"},{"@type":"ListItem","position":2,"name":"Mo\u017enosti"}]},{"@type":"WebSite","@id":"https:\/\/www.newslettercreator.com\/#website","url":"https:\/\/www.newslettercreator.com\/","name":"Newsletter Creator","description":"Pay off","potentialAction":[{"@type":"SearchAction","target":{"@type":"EntryPoint","urlTemplate":"https:\/\/www.newslettercreator.com\/?s={search_term_string}"},"query-input":{"@type":"PropertyValueSpecification","valueRequired":true,"valueName":"search_term_string"}}],"inLanguage":"cs"}]}},"_links":{"self":[{"href":"https:\/\/www.newslettercreator.com\/cs\/wp-json\/wp\/v2\/pages\/1807","targetHints":{"allow":["GET"]}}],"collection":[{"href":"https:\/\/www.newslettercreator.com\/cs\/wp-json\/wp\/v2\/pages"}],"about":[{"href":"https:\/\/www.newslettercreator.com\/cs\/wp-json\/wp\/v2\/types\/page"}],"author":[{"embeddable":true,"href":"https:\/\/www.newslettercreator.com\/cs\/wp-json\/wp\/v2\/users\/1"}],"replies":[{"embeddable":true,"href":"https:\/\/www.newslettercreator.com\/cs\/wp-json\/wp\/v2\/comments?post=1807"}],"version-history":[{"count":2,"href":"https:\/\/www.newslettercreator.com\/cs\/wp-json\/wp\/v2\/pages\/1807\/revisions"}],"predecessor-version":[{"id":2776,"href":"https:\/\/www.newslettercreator.com\/cs\/wp-json\/wp\/v2\/pages\/1807\/revisions\/2776"}],"wp:attachment":[{"href":"https:\/\/www.newslettercreator.com\/cs\/wp-json\/wp\/v2\/media?parent=1807"}],"curies":[{"name":"wp","href":"https:\/\/api.w.org\/{rel}","templated":true}]}}