{"id":1812,"date":"2014-10-21T10:03:51","date_gmt":"2014-10-21T10:03:51","guid":{"rendered":"http:\/\/www.newslettercreator.com\/?page_id=1812"},"modified":"2014-10-21T10:03:51","modified_gmt":"2014-10-21T10:03:51","slug":"zakladni-obrazova-knihovna","status":"publish","type":"page","link":"https:\/\/www.newslettercreator.com\/cs\/zakladni-obrazova-knihovna\/","title":{"rendered":"Z\u00e1kladn\u00ed obrazov\u00e1 knihovna"},"content":{"rendered":"<p><img decoding=\"async\" class=\"alignnone size-full wp-image-387\" src=\"http:\/\/www.newslettercreator.com\/wp-content\/uploads\/2014\/04\/library-base.jpg\" alt=\"Z\u00e1kladn\u00ed obrazov\u00e1 knihovna\" width=\"649\" height=\"423\" srcset=\"https:\/\/www.newslettercreator.com\/wp-content\/uploads\/2014\/04\/library-base.jpg 649w, https:\/\/www.newslettercreator.com\/wp-content\/uploads\/2014\/04\/library-base-300x195.jpg 300w\" sizes=\"(max-width: 649px) 100vw, 649px\" \/><\/p>\n<p>Moci se spolehnout na ohromn\u00e9 mno\u017estv\u00ed profesion\u00e1ln\u00edch p\u0159edp\u0159ipraven\u00fdch obr\u00e1zk\u016f je p\u0159i sestavov\u00e1n\u00ed efektivn\u00edho newsletteru nezbytn\u00e9. Proto MailStyler p\u0159ich\u00e1z\u00ed s knihovnou <strong>s v\u00edce ne\u017e 2000 vysoce kvalitn\u00edmi, origin\u00e1ln\u00edmi obr\u00e1zky<\/strong>.<\/p>\n<p>Knihovna je rozd\u011blena do <strong>51 kategori\u00ed<\/strong> \u2013 od um\u011bn\u00ed po auta, od elektroniky k m\u00f3d\u011b, od her ke sportu, atd. \u2013 nav\u00edc obsahuje kolekce <strong>ikon pro soci\u00e1ln\u00ed m\u00e9dia<\/strong>. Touto cestou bude snaz\u0161\u00ed nal\u00e9zt ty spr\u00e1vn\u00e9 obr\u00e1zky pro Va\u0161i oblast podnik\u00e1n\u00ed s uji\u0161t\u011bn\u00edm, \u017ee v\u017edy pou\u017e\u00edv\u00e1te jen <strong>ten nejlep\u0161\u00ed materi\u00e1l<\/strong>.<\/p>\n<p><strong>Verze Free a Basic<\/strong> V\u00e1m umo\u017en\u00ed pou\u017e\u00edt a\u017e t\u0159i obr\u00e1zky z ka\u017ed\u00e9 kategorie bez vodoznaku (dohromady p\u0159es 200 obr\u00e1zk\u016f) a v\u0161echny ostatn\u00ed s na\u0161\u00edm vodoznakem. V\u0161echny obr\u00e1zky jsou v rozli\u0161en\u00ed 800&#215;600.<\/p>\n","protected":false},"excerpt":{"rendered":"<p>Moci se spolehnout na ohromn\u00e9 mno\u017estv\u00ed profesion\u00e1ln\u00edch p\u0159edp\u0159ipraven\u00fdch obr\u00e1zk\u016f je p\u0159i sestavov\u00e1n\u00ed efektivn\u00edho newsletteru nezbytn\u00e9. Proto MailStyler p\u0159ich\u00e1z\u00ed s knihovnou s v\u00edce ne\u017e 2000 vysoce kvalitn\u00edmi, origin\u00e1ln\u00edmi obr\u00e1zky. Knihovna je rozd\u011blena do 51 kategori\u00ed \u2013 od um\u011bn\u00ed po auta, od elektroniky k m\u00f3d\u011b, od her ke sportu, atd. \u2013 nav\u00edc obsahuje kolekce ikon pro soci\u00e1ln\u00ed [&hellip;]<\/p>\n","protected":false},"author":1,"featured_media":0,"parent":0,"menu_order":0,"comment_status":"closed","ping_status":"closed","template":"g1_template_page_sidebar_right.php","meta":{"inline_featured_image":false,"_monsterinsights_skip_tracking":false,"_monsterinsights_sitenote_active":false,"_monsterinsights_sitenote_note":"","_monsterinsights_sitenote_category":0,"footnotes":""},"class_list":["post-1812","page","type-page","status-publish"],"yoast_head":"<!-- This site is optimized with the Yoast SEO plugin v25.2 - https:\/\/yoast.com\/wordpress\/plugins\/seo\/ -->\n<title>Z\u00e1kladn\u00ed obrazov\u00e1 knihovna - Newsletter Creator<\/title>\n<meta name=\"robots\" content=\"index, follow, max-snippet:-1, max-image-preview:large, max-video-preview:-1\" \/>\n<link rel=\"canonical\" href=\"https:\/\/www.newslettercreator.com\/cs\/zakladni-obrazova-knihovna\/\" \/>\n<meta property=\"og:locale\" content=\"cs_CZ\" \/>\n<meta property=\"og:type\" content=\"article\" \/>\n<meta property=\"og:title\" content=\"Z\u00e1kladn\u00ed obrazov\u00e1 knihovna - Newsletter Creator\" \/>\n<meta property=\"og:description\" content=\"Moci se spolehnout na ohromn\u00e9 mno\u017estv\u00ed profesion\u00e1ln\u00edch p\u0159edp\u0159ipraven\u00fdch obr\u00e1zk\u016f je p\u0159i sestavov\u00e1n\u00ed efektivn\u00edho newsletteru nezbytn\u00e9. Proto MailStyler p\u0159ich\u00e1z\u00ed s knihovnou s v\u00edce ne\u017e 2000 vysoce kvalitn\u00edmi, origin\u00e1ln\u00edmi obr\u00e1zky. Knihovna je rozd\u011blena do 51 kategori\u00ed \u2013 od um\u011bn\u00ed po auta, od elektroniky k m\u00f3d\u011b, od her ke sportu, atd. \u2013 nav\u00edc obsahuje kolekce ikon pro soci\u00e1ln\u00ed [&hellip;]\" \/>\n<meta property=\"og:url\" content=\"https:\/\/www.newslettercreator.com\/cs\/zakladni-obrazova-knihovna\/\" \/>\n<meta property=\"og:site_name\" content=\"Newsletter Creator\" \/>\n<meta property=\"og:image\" content=\"http:\/\/www.newslettercreator.com\/wp-content\/uploads\/2014\/04\/library-base.jpg\" \/>\n<meta name=\"twitter:label1\" content=\"Odhadovan\u00e1 doba \u010dten\u00ed\" \/>\n\t<meta name=\"twitter:data1\" content=\"1 minuta\" \/>\n<script type=\"application\/ld+json\" class=\"yoast-schema-graph\">{\"@context\":\"https:\/\/schema.org\",\"@graph\":[{\"@type\":\"WebPage\",\"@id\":\"https:\/\/www.newslettercreator.com\/cs\/zakladni-obrazova-knihovna\/\",\"url\":\"https:\/\/www.newslettercreator.com\/cs\/zakladni-obrazova-knihovna\/\",\"name\":\"Z\u00e1kladn\u00ed obrazov\u00e1 knihovna - Newsletter Creator\",\"isPartOf\":{\"@id\":\"https:\/\/www.newslettercreator.com\/#website\"},\"primaryImageOfPage\":{\"@id\":\"https:\/\/www.newslettercreator.com\/cs\/zakladni-obrazova-knihovna\/#primaryimage\"},\"image\":{\"@id\":\"https:\/\/www.newslettercreator.com\/cs\/zakladni-obrazova-knihovna\/#primaryimage\"},\"thumbnailUrl\":\"http:\/\/www.newslettercreator.com\/wp-content\/uploads\/2014\/04\/library-base.jpg\",\"datePublished\":\"2014-10-21T10:03:51+00:00\",\"breadcrumb\":{\"@id\":\"https:\/\/www.newslettercreator.com\/cs\/zakladni-obrazova-knihovna\/#breadcrumb\"},\"inLanguage\":\"cs\",\"potentialAction\":[{\"@type\":\"ReadAction\",\"target\":[\"https:\/\/www.newslettercreator.com\/cs\/zakladni-obrazova-knihovna\/\"]}]},{\"@type\":\"ImageObject\",\"inLanguage\":\"cs\",\"@id\":\"https:\/\/www.newslettercreator.com\/cs\/zakladni-obrazova-knihovna\/#primaryimage\",\"url\":\"http:\/\/www.newslettercreator.com\/wp-content\/uploads\/2014\/04\/library-base.jpg\",\"contentUrl\":\"http:\/\/www.newslettercreator.com\/wp-content\/uploads\/2014\/04\/library-base.jpg\"},{\"@type\":\"BreadcrumbList\",\"@id\":\"https:\/\/www.newslettercreator.com\/cs\/zakladni-obrazova-knihovna\/#breadcrumb\",\"itemListElement\":[{\"@type\":\"ListItem\",\"position\":1,\"name\":\"Home\",\"item\":\"https:\/\/www.newslettercreator.com\/cs\/\"},{\"@type\":\"ListItem\",\"position\":2,\"name\":\"Z\u00e1kladn\u00ed obrazov\u00e1 knihovna\"}]},{\"@type\":\"WebSite\",\"@id\":\"https:\/\/www.newslettercreator.com\/#website\",\"url\":\"https:\/\/www.newslettercreator.com\/\",\"name\":\"Newsletter Creator\",\"description\":\"Pay off\",\"potentialAction\":[{\"@type\":\"SearchAction\",\"target\":{\"@type\":\"EntryPoint\",\"urlTemplate\":\"https:\/\/www.newslettercreator.com\/?s={search_term_string}\"},\"query-input\":{\"@type\":\"PropertyValueSpecification\",\"valueRequired\":true,\"valueName\":\"search_term_string\"}}],\"inLanguage\":\"cs\"}]}<\/script>\n<!-- \/ Yoast SEO plugin. -->","yoast_head_json":{"title":"Z\u00e1kladn\u00ed obrazov\u00e1 knihovna - Newsletter Creator","robots":{"index":"index","follow":"follow","max-snippet":"max-snippet:-1","max-image-preview":"max-image-preview:large","max-video-preview":"max-video-preview:-1"},"canonical":"https:\/\/www.newslettercreator.com\/cs\/zakladni-obrazova-knihovna\/","og_locale":"cs_CZ","og_type":"article","og_title":"Z\u00e1kladn\u00ed obrazov\u00e1 knihovna - Newsletter Creator","og_description":"Moci se spolehnout na ohromn\u00e9 mno\u017estv\u00ed profesion\u00e1ln\u00edch p\u0159edp\u0159ipraven\u00fdch obr\u00e1zk\u016f je p\u0159i sestavov\u00e1n\u00ed efektivn\u00edho newsletteru nezbytn\u00e9. Proto MailStyler p\u0159ich\u00e1z\u00ed s knihovnou s v\u00edce ne\u017e 2000 vysoce kvalitn\u00edmi, origin\u00e1ln\u00edmi obr\u00e1zky. Knihovna je rozd\u011blena do 51 kategori\u00ed \u2013 od um\u011bn\u00ed po auta, od elektroniky k m\u00f3d\u011b, od her ke sportu, atd. \u2013 nav\u00edc obsahuje kolekce ikon pro soci\u00e1ln\u00ed [&hellip;]","og_url":"https:\/\/www.newslettercreator.com\/cs\/zakladni-obrazova-knihovna\/","og_site_name":"Newsletter Creator","og_image":[{"url":"http:\/\/www.newslettercreator.com\/wp-content\/uploads\/2014\/04\/library-base.jpg","type":"","width":"","height":""}],"twitter_misc":{"Odhadovan\u00e1 doba \u010dten\u00ed":"1 minuta"},"schema":{"@context":"https:\/\/schema.org","@graph":[{"@type":"WebPage","@id":"https:\/\/www.newslettercreator.com\/cs\/zakladni-obrazova-knihovna\/","url":"https:\/\/www.newslettercreator.com\/cs\/zakladni-obrazova-knihovna\/","name":"Z\u00e1kladn\u00ed obrazov\u00e1 knihovna - Newsletter Creator","isPartOf":{"@id":"https:\/\/www.newslettercreator.com\/#website"},"primaryImageOfPage":{"@id":"https:\/\/www.newslettercreator.com\/cs\/zakladni-obrazova-knihovna\/#primaryimage"},"image":{"@id":"https:\/\/www.newslettercreator.com\/cs\/zakladni-obrazova-knihovna\/#primaryimage"},"thumbnailUrl":"http:\/\/www.newslettercreator.com\/wp-content\/uploads\/2014\/04\/library-base.jpg","datePublished":"2014-10-21T10:03:51+00:00","breadcrumb":{"@id":"https:\/\/www.newslettercreator.com\/cs\/zakladni-obrazova-knihovna\/#breadcrumb"},"inLanguage":"cs","potentialAction":[{"@type":"ReadAction","target":["https:\/\/www.newslettercreator.com\/cs\/zakladni-obrazova-knihovna\/"]}]},{"@type":"ImageObject","inLanguage":"cs","@id":"https:\/\/www.newslettercreator.com\/cs\/zakladni-obrazova-knihovna\/#primaryimage","url":"http:\/\/www.newslettercreator.com\/wp-content\/uploads\/2014\/04\/library-base.jpg","contentUrl":"http:\/\/www.newslettercreator.com\/wp-content\/uploads\/2014\/04\/library-base.jpg"},{"@type":"BreadcrumbList","@id":"https:\/\/www.newslettercreator.com\/cs\/zakladni-obrazova-knihovna\/#breadcrumb","itemListElement":[{"@type":"ListItem","position":1,"name":"Home","item":"https:\/\/www.newslettercreator.com\/cs\/"},{"@type":"ListItem","position":2,"name":"Z\u00e1kladn\u00ed obrazov\u00e1 knihovna"}]},{"@type":"WebSite","@id":"https:\/\/www.newslettercreator.com\/#website","url":"https:\/\/www.newslettercreator.com\/","name":"Newsletter Creator","description":"Pay off","potentialAction":[{"@type":"SearchAction","target":{"@type":"EntryPoint","urlTemplate":"https:\/\/www.newslettercreator.com\/?s={search_term_string}"},"query-input":{"@type":"PropertyValueSpecification","valueRequired":true,"valueName":"search_term_string"}}],"inLanguage":"cs"}]}},"_links":{"self":[{"href":"https:\/\/www.newslettercreator.com\/cs\/wp-json\/wp\/v2\/pages\/1812","targetHints":{"allow":["GET"]}}],"collection":[{"href":"https:\/\/www.newslettercreator.com\/cs\/wp-json\/wp\/v2\/pages"}],"about":[{"href":"https:\/\/www.newslettercreator.com\/cs\/wp-json\/wp\/v2\/types\/page"}],"author":[{"embeddable":true,"href":"https:\/\/www.newslettercreator.com\/cs\/wp-json\/wp\/v2\/users\/1"}],"replies":[{"embeddable":true,"href":"https:\/\/www.newslettercreator.com\/cs\/wp-json\/wp\/v2\/comments?post=1812"}],"version-history":[{"count":1,"href":"https:\/\/www.newslettercreator.com\/cs\/wp-json\/wp\/v2\/pages\/1812\/revisions"}],"predecessor-version":[{"id":1813,"href":"https:\/\/www.newslettercreator.com\/cs\/wp-json\/wp\/v2\/pages\/1812\/revisions\/1813"}],"wp:attachment":[{"href":"https:\/\/www.newslettercreator.com\/cs\/wp-json\/wp\/v2\/media?parent=1812"}],"curies":[{"name":"wp","href":"https:\/\/api.w.org\/{rel}","templated":true}]}}