{"id":1814,"date":"2014-10-21T10:07:45","date_gmt":"2014-10-21T10:07:45","guid":{"rendered":"http:\/\/www.newslettercreator.com\/?page_id=1814"},"modified":"2022-03-03T15:41:57","modified_gmt":"2022-03-03T14:41:57","slug":"pokrocila-obrazova-knihovna","status":"publish","type":"page","link":"https:\/\/www.newslettercreator.com\/cs\/pokrocila-obrazova-knihovna\/","title":{"rendered":"Pokro\u010dil\u00e1 obrazov\u00e1 knihovna"},"content":{"rendered":"<p><img decoding=\"async\" class=\"alignnone size-full wp-image-387\" src=\"http:\/\/www.newslettercreator.com\/wp-content\/uploads\/2014\/04\/library-adv.jpg\" alt=\"Pokro\u010dil\u00e1 obrazov\u00e1 knihovna\" width=\"649\" height=\"423\" \/><\/p>\n<p>Moci se spolehnout na ohromn\u00e9 mno\u017estv\u00ed profesion\u00e1ln\u00edch p\u0159edp\u0159ipraven\u00fdch obr\u00e1zk\u016f je p\u0159i sestavov\u00e1n\u00ed efektivn\u00edho newsletteru nezbytn\u00e9. Proto MailStyler p\u0159ich\u00e1z\u00ed s knihovnou <strong>s v\u00edce ne\u017e 3.5 milionu vysoce kvalitn\u00edmi, origin\u00e1ln\u00edmi obr\u00e1zky<\/strong>:<\/p>\n<ul>\n<li>Knihovna MailStyler (2.000+ obr\u00e1zk\u016f);<\/li>\n<li>Knihovna <img decoding=\"async\" src=\"https:\/\/www.newslettercreator.com\/wp-content\/uploads\/2022\/03\/unsplash-18x79-1.svg\" width=\"79\" height=\"18\" style=\"margin-bottom: -3px; opacity: 0.8;\"> (1 milion obr\u00e1zk\u016f);<\/li>\n<li>Knihovna <img decoding=\"async\" src=\"https:\/\/www.newslettercreator.com\/wp-content\/uploads\/2022\/03\/pixabay-18x93-1.svg\" width=\"93\" height=\"18\" style=\"margin-bottom: -3px;\"> (2.5 milionu obr\u00e1zk\u016f).<\/li>\n<\/ul>\n<p>\u017d\u00e1dn\u00fd jin\u00fd software neposkytuje tak rozs\u00e1hlou grafickou datab\u00e1zi.<\/p>\n<p>Knihovna je rozd\u011blena do <strong>57 kategori\u00ed<\/strong> \u2013 od um\u011bn\u00ed po auta, od elektroniky k m\u00f3d\u011b, od her ke sportu, atd. \u2013 nav\u00edc obsahuje kolekce ikon pro soci\u00e1ln\u00ed m\u00e9dia a <strong>vyhled\u00e1va\u010d<\/strong>. Touto cestou bude snaz\u0161\u00ed nal\u00e9zt ty spr\u00e1vn\u00e9 obr\u00e1zky pro Va\u0161i oblast podnik\u00e1n\u00ed s uji\u0161t\u011bn\u00edm, \u017ee v\u017edy pou\u017e\u00edv\u00e1te jen <strong>ten nejlep\u0161\u00ed materi\u00e1l<\/strong>.<\/p>\n","protected":false},"excerpt":{"rendered":"<p>Moci se spolehnout na ohromn\u00e9 mno\u017estv\u00ed profesion\u00e1ln\u00edch p\u0159edp\u0159ipraven\u00fdch obr\u00e1zk\u016f je p\u0159i sestavov\u00e1n\u00ed efektivn\u00edho newsletteru nezbytn\u00e9. Proto MailStyler p\u0159ich\u00e1z\u00ed s knihovnou s v\u00edce ne\u017e 3.5 milionu vysoce kvalitn\u00edmi, origin\u00e1ln\u00edmi obr\u00e1zky: Knihovna MailStyler (2.000+ obr\u00e1zk\u016f); Knihovna (1 milion obr\u00e1zk\u016f); Knihovna (2.5 milionu obr\u00e1zk\u016f). \u017d\u00e1dn\u00fd jin\u00fd software neposkytuje tak rozs\u00e1hlou grafickou datab\u00e1zi. Knihovna je rozd\u011blena do 57 kategori\u00ed [&hellip;]<\/p>\n","protected":false},"author":1,"featured_media":0,"parent":0,"menu_order":0,"comment_status":"closed","ping_status":"closed","template":"g1_template_page_sidebar_right.php","meta":{"inline_featured_image":false,"_monsterinsights_skip_tracking":false,"_monsterinsights_sitenote_active":false,"_monsterinsights_sitenote_note":"","_monsterinsights_sitenote_category":0,"footnotes":""},"class_list":["post-1814","page","type-page","status-publish"],"yoast_head":"<!-- This site is optimized with the Yoast SEO plugin v25.2 - https:\/\/yoast.com\/wordpress\/plugins\/seo\/ -->\n<title>Pokro\u010dil\u00e1 obrazov\u00e1 knihovna - Newsletter Creator<\/title>\n<meta name=\"robots\" content=\"index, follow, max-snippet:-1, max-image-preview:large, max-video-preview:-1\" \/>\n<link rel=\"canonical\" href=\"https:\/\/www.newslettercreator.com\/cs\/pokrocila-obrazova-knihovna\/\" \/>\n<meta property=\"og:locale\" content=\"cs_CZ\" \/>\n<meta property=\"og:type\" content=\"article\" \/>\n<meta property=\"og:title\" content=\"Pokro\u010dil\u00e1 obrazov\u00e1 knihovna - Newsletter Creator\" \/>\n<meta property=\"og:description\" content=\"Moci se spolehnout na ohromn\u00e9 mno\u017estv\u00ed profesion\u00e1ln\u00edch p\u0159edp\u0159ipraven\u00fdch obr\u00e1zk\u016f je p\u0159i sestavov\u00e1n\u00ed efektivn\u00edho newsletteru nezbytn\u00e9. Proto MailStyler p\u0159ich\u00e1z\u00ed s knihovnou s v\u00edce ne\u017e 3.5 milionu vysoce kvalitn\u00edmi, origin\u00e1ln\u00edmi obr\u00e1zky: Knihovna MailStyler (2.000+ obr\u00e1zk\u016f); Knihovna (1 milion obr\u00e1zk\u016f); Knihovna (2.5 milionu obr\u00e1zk\u016f). \u017d\u00e1dn\u00fd jin\u00fd software neposkytuje tak rozs\u00e1hlou grafickou datab\u00e1zi. Knihovna je rozd\u011blena do 57 kategori\u00ed [&hellip;]\" \/>\n<meta property=\"og:url\" content=\"https:\/\/www.newslettercreator.com\/cs\/pokrocila-obrazova-knihovna\/\" \/>\n<meta property=\"og:site_name\" content=\"Newsletter Creator\" \/>\n<meta property=\"article:modified_time\" content=\"2022-03-03T14:41:57+00:00\" \/>\n<meta property=\"og:image\" content=\"http:\/\/www.newslettercreator.com\/wp-content\/uploads\/2014\/04\/library-adv.jpg\" \/>\n<meta name=\"twitter:label1\" content=\"Odhadovan\u00e1 doba \u010dten\u00ed\" \/>\n\t<meta name=\"twitter:data1\" content=\"1 minuta\" \/>\n<script type=\"application\/ld+json\" class=\"yoast-schema-graph\">{\"@context\":\"https:\/\/schema.org\",\"@graph\":[{\"@type\":\"WebPage\",\"@id\":\"https:\/\/www.newslettercreator.com\/cs\/pokrocila-obrazova-knihovna\/\",\"url\":\"https:\/\/www.newslettercreator.com\/cs\/pokrocila-obrazova-knihovna\/\",\"name\":\"Pokro\u010dil\u00e1 obrazov\u00e1 knihovna - Newsletter Creator\",\"isPartOf\":{\"@id\":\"https:\/\/www.newslettercreator.com\/#website\"},\"primaryImageOfPage\":{\"@id\":\"https:\/\/www.newslettercreator.com\/cs\/pokrocila-obrazova-knihovna\/#primaryimage\"},\"image\":{\"@id\":\"https:\/\/www.newslettercreator.com\/cs\/pokrocila-obrazova-knihovna\/#primaryimage\"},\"thumbnailUrl\":\"http:\/\/www.newslettercreator.com\/wp-content\/uploads\/2014\/04\/library-adv.jpg\",\"datePublished\":\"2014-10-21T10:07:45+00:00\",\"dateModified\":\"2022-03-03T14:41:57+00:00\",\"breadcrumb\":{\"@id\":\"https:\/\/www.newslettercreator.com\/cs\/pokrocila-obrazova-knihovna\/#breadcrumb\"},\"inLanguage\":\"cs\",\"potentialAction\":[{\"@type\":\"ReadAction\",\"target\":[\"https:\/\/www.newslettercreator.com\/cs\/pokrocila-obrazova-knihovna\/\"]}]},{\"@type\":\"ImageObject\",\"inLanguage\":\"cs\",\"@id\":\"https:\/\/www.newslettercreator.com\/cs\/pokrocila-obrazova-knihovna\/#primaryimage\",\"url\":\"http:\/\/www.newslettercreator.com\/wp-content\/uploads\/2014\/04\/library-adv.jpg\",\"contentUrl\":\"http:\/\/www.newslettercreator.com\/wp-content\/uploads\/2014\/04\/library-adv.jpg\"},{\"@type\":\"BreadcrumbList\",\"@id\":\"https:\/\/www.newslettercreator.com\/cs\/pokrocila-obrazova-knihovna\/#breadcrumb\",\"itemListElement\":[{\"@type\":\"ListItem\",\"position\":1,\"name\":\"Home\",\"item\":\"https:\/\/www.newslettercreator.com\/cs\/\"},{\"@type\":\"ListItem\",\"position\":2,\"name\":\"Pokro\u010dil\u00e1 obrazov\u00e1 knihovna\"}]},{\"@type\":\"WebSite\",\"@id\":\"https:\/\/www.newslettercreator.com\/#website\",\"url\":\"https:\/\/www.newslettercreator.com\/\",\"name\":\"Newsletter Creator\",\"description\":\"Pay off\",\"potentialAction\":[{\"@type\":\"SearchAction\",\"target\":{\"@type\":\"EntryPoint\",\"urlTemplate\":\"https:\/\/www.newslettercreator.com\/?s={search_term_string}\"},\"query-input\":{\"@type\":\"PropertyValueSpecification\",\"valueRequired\":true,\"valueName\":\"search_term_string\"}}],\"inLanguage\":\"cs\"}]}<\/script>\n<!-- \/ Yoast SEO plugin. -->","yoast_head_json":{"title":"Pokro\u010dil\u00e1 obrazov\u00e1 knihovna - Newsletter Creator","robots":{"index":"index","follow":"follow","max-snippet":"max-snippet:-1","max-image-preview":"max-image-preview:large","max-video-preview":"max-video-preview:-1"},"canonical":"https:\/\/www.newslettercreator.com\/cs\/pokrocila-obrazova-knihovna\/","og_locale":"cs_CZ","og_type":"article","og_title":"Pokro\u010dil\u00e1 obrazov\u00e1 knihovna - Newsletter Creator","og_description":"Moci se spolehnout na ohromn\u00e9 mno\u017estv\u00ed profesion\u00e1ln\u00edch p\u0159edp\u0159ipraven\u00fdch obr\u00e1zk\u016f je p\u0159i sestavov\u00e1n\u00ed efektivn\u00edho newsletteru nezbytn\u00e9. Proto MailStyler p\u0159ich\u00e1z\u00ed s knihovnou s v\u00edce ne\u017e 3.5 milionu vysoce kvalitn\u00edmi, origin\u00e1ln\u00edmi obr\u00e1zky: Knihovna MailStyler (2.000+ obr\u00e1zk\u016f); Knihovna (1 milion obr\u00e1zk\u016f); Knihovna (2.5 milionu obr\u00e1zk\u016f). \u017d\u00e1dn\u00fd jin\u00fd software neposkytuje tak rozs\u00e1hlou grafickou datab\u00e1zi. Knihovna je rozd\u011blena do 57 kategori\u00ed [&hellip;]","og_url":"https:\/\/www.newslettercreator.com\/cs\/pokrocila-obrazova-knihovna\/","og_site_name":"Newsletter Creator","article_modified_time":"2022-03-03T14:41:57+00:00","og_image":[{"url":"http:\/\/www.newslettercreator.com\/wp-content\/uploads\/2014\/04\/library-adv.jpg","type":"","width":"","height":""}],"twitter_misc":{"Odhadovan\u00e1 doba \u010dten\u00ed":"1 minuta"},"schema":{"@context":"https:\/\/schema.org","@graph":[{"@type":"WebPage","@id":"https:\/\/www.newslettercreator.com\/cs\/pokrocila-obrazova-knihovna\/","url":"https:\/\/www.newslettercreator.com\/cs\/pokrocila-obrazova-knihovna\/","name":"Pokro\u010dil\u00e1 obrazov\u00e1 knihovna - Newsletter Creator","isPartOf":{"@id":"https:\/\/www.newslettercreator.com\/#website"},"primaryImageOfPage":{"@id":"https:\/\/www.newslettercreator.com\/cs\/pokrocila-obrazova-knihovna\/#primaryimage"},"image":{"@id":"https:\/\/www.newslettercreator.com\/cs\/pokrocila-obrazova-knihovna\/#primaryimage"},"thumbnailUrl":"http:\/\/www.newslettercreator.com\/wp-content\/uploads\/2014\/04\/library-adv.jpg","datePublished":"2014-10-21T10:07:45+00:00","dateModified":"2022-03-03T14:41:57+00:00","breadcrumb":{"@id":"https:\/\/www.newslettercreator.com\/cs\/pokrocila-obrazova-knihovna\/#breadcrumb"},"inLanguage":"cs","potentialAction":[{"@type":"ReadAction","target":["https:\/\/www.newslettercreator.com\/cs\/pokrocila-obrazova-knihovna\/"]}]},{"@type":"ImageObject","inLanguage":"cs","@id":"https:\/\/www.newslettercreator.com\/cs\/pokrocila-obrazova-knihovna\/#primaryimage","url":"http:\/\/www.newslettercreator.com\/wp-content\/uploads\/2014\/04\/library-adv.jpg","contentUrl":"http:\/\/www.newslettercreator.com\/wp-content\/uploads\/2014\/04\/library-adv.jpg"},{"@type":"BreadcrumbList","@id":"https:\/\/www.newslettercreator.com\/cs\/pokrocila-obrazova-knihovna\/#breadcrumb","itemListElement":[{"@type":"ListItem","position":1,"name":"Home","item":"https:\/\/www.newslettercreator.com\/cs\/"},{"@type":"ListItem","position":2,"name":"Pokro\u010dil\u00e1 obrazov\u00e1 knihovna"}]},{"@type":"WebSite","@id":"https:\/\/www.newslettercreator.com\/#website","url":"https:\/\/www.newslettercreator.com\/","name":"Newsletter Creator","description":"Pay off","potentialAction":[{"@type":"SearchAction","target":{"@type":"EntryPoint","urlTemplate":"https:\/\/www.newslettercreator.com\/?s={search_term_string}"},"query-input":{"@type":"PropertyValueSpecification","valueRequired":true,"valueName":"search_term_string"}}],"inLanguage":"cs"}]}},"_links":{"self":[{"href":"https:\/\/www.newslettercreator.com\/cs\/wp-json\/wp\/v2\/pages\/1814","targetHints":{"allow":["GET"]}}],"collection":[{"href":"https:\/\/www.newslettercreator.com\/cs\/wp-json\/wp\/v2\/pages"}],"about":[{"href":"https:\/\/www.newslettercreator.com\/cs\/wp-json\/wp\/v2\/types\/page"}],"author":[{"embeddable":true,"href":"https:\/\/www.newslettercreator.com\/cs\/wp-json\/wp\/v2\/users\/1"}],"replies":[{"embeddable":true,"href":"https:\/\/www.newslettercreator.com\/cs\/wp-json\/wp\/v2\/comments?post=1814"}],"version-history":[{"count":4,"href":"https:\/\/www.newslettercreator.com\/cs\/wp-json\/wp\/v2\/pages\/1814\/revisions"}],"predecessor-version":[{"id":11743,"href":"https:\/\/www.newslettercreator.com\/cs\/wp-json\/wp\/v2\/pages\/1814\/revisions\/11743"}],"wp:attachment":[{"href":"https:\/\/www.newslettercreator.com\/cs\/wp-json\/wp\/v2\/media?parent=1814"}],"curies":[{"name":"wp","href":"https:\/\/api.w.org\/{rel}","templated":true}]}}