{"id":2603,"date":"2014-12-23T14:31:12","date_gmt":"2014-12-23T14:31:12","guid":{"rendered":"http:\/\/www.newslettercreator.com\/?page_id=2603"},"modified":"2021-05-26T10:45:50","modified_gmt":"2021-05-26T08:45:50","slug":"videa","status":"publish","type":"page","link":"https:\/\/www.newslettercreator.com\/cs\/videa\/","title":{"rendered":"Videa"},"content":{"rendered":"<div class=\"lyte-wrapper\" title=\"MailStyler Newsletter Creator - Overview\" style=\"width:853px;max-width:100%;margin:5px;\"><div class=\"lyMe\" id=\"WYL_sByCv8OujsQ\" itemprop=\"video\" itemscope itemtype=\"https:\/\/schema.org\/VideoObject\"><div><meta itemprop=\"thumbnailUrl\" content=\"https:\/\/www.newslettercreator.com\/wp-content\/plugins\/wp-youtube-lyte\/lyteCache.php?origThumbUrl=https%3A%2F%2Fi.ytimg.com%2Fvi%2FsByCv8OujsQ%2Fhqdefault.jpg\" \/><meta itemprop=\"embedURL\" content=\"https:\/\/www.youtube.com\/embed\/sByCv8OujsQ\" \/><meta itemprop=\"duration\" content=\"PT2M4S\" \/><meta itemprop=\"uploadDate\" content=\"2014-10-31T11:22:57Z\" \/><\/div><div id=\"lyte_sByCv8OujsQ\" data-src=\"https:\/\/www.newslettercreator.com\/wp-content\/plugins\/wp-youtube-lyte\/lyteCache.php?origThumbUrl=https%3A%2F%2Fi.ytimg.com%2Fvi%2FsByCv8OujsQ%2Fhqdefault.jpg\" class=\"pL\"><div class=\"tC\"><div class=\"tT\" itemprop=\"name\">MailStyler Newsletter Creator - Overview<\/div><\/div><div class=\"play\"><\/div><div class=\"ctrl\"><div class=\"Lctrl\"><\/div><div class=\"Rctrl\"><\/div><\/div><\/div><noscript><a href=\"https:\/\/youtu.be\/sByCv8OujsQ\" rel=\"nofollow\"><img decoding=\"async\" src=\"https:\/\/www.newslettercreator.com\/wp-content\/plugins\/wp-youtube-lyte\/lyteCache.php?origThumbUrl=https%3A%2F%2Fi.ytimg.com%2Fvi%2FsByCv8OujsQ%2F0.jpg\" alt=\"MailStyler Newsletter Creator - Overview\" width=\"853\" height=\"460\" \/><br \/>Watch this video on YouTube<\/a><\/noscript><meta itemprop=\"description\" content=\"How to create an email newsletter in 2 minutes with Mailstyler Newsletter Creator desktop software. Try the DEMO. It&#039;s FREE: http:\/\/www.newslettercreator.com\/free-software\/?utm_source=youtube&amp;utm_medium=email&amp;utm_content=email&amp;utm_campaign=youtubeOverview\"><\/div><\/div><div class=\"lL\" style=\"max-width:100%;width:853px;margin:5px;\"><\/div>\n<div class=\"ms-video-button hide\">\n  <!--a href=\"https:\/\/www.youtube.com\/embed\/sByCv8OujsQ?rel=0&autoplay=1\" data-featherlight=\"iframe\" data-featherlight-iframe-width=\"800\" data-featherlight-iframe-height=\"610\" data-featherlight-iframe-frameborder=\"0\" data-featherlight-iframe-allow=\"autoplay; encrypted-media\" data-featherlight-iframe-allowfullscreen=\"true\" title=\"P\u0159ehr\u00e1t videon\u00e1vod\">P\u0159ehr\u00e1t videon\u00e1vod <i class=\"fa fa-play-circle fa-2x\"><\/i><\/a-->\n\t<a href=\"https:\/\/www.youtube.com\/embed\/sByCv8OujsQ\" rel=\"ilightbox\" data-options=\"width:800, height:610\" title=\"P\u0159ehr\u00e1t videon\u00e1vod\">P\u0159ehr\u00e1t videon\u00e1vod <i class=\"fa fa-play-circle fa-2x\"><\/i><\/a>\n<\/div>\n<p>&nbsp;<\/p>\n<div class=\"lyte-wrapper\" title=\"MailStyler - Your Christmas newsletter in 2 minutes...\" style=\"width:853px;max-width:100%;margin:5px;\"><div class=\"lyMe\" id=\"WYL_mfg7YD32poU\" itemprop=\"video\" itemscope itemtype=\"https:\/\/schema.org\/VideoObject\"><div><meta itemprop=\"thumbnailUrl\" content=\"https:\/\/www.newslettercreator.com\/wp-content\/plugins\/wp-youtube-lyte\/lyteCache.php?origThumbUrl=https%3A%2F%2Fi.ytimg.com%2Fvi%2Fmfg7YD32poU%2Fhqdefault.jpg\" \/><meta itemprop=\"embedURL\" content=\"https:\/\/www.youtube.com\/embed\/mfg7YD32poU\" \/><meta itemprop=\"duration\" content=\"PT2M29S\" \/><meta itemprop=\"uploadDate\" content=\"2014-12-12T14:06:41Z\" \/><\/div><div id=\"lyte_mfg7YD32poU\" data-src=\"https:\/\/www.newslettercreator.com\/wp-content\/plugins\/wp-youtube-lyte\/lyteCache.php?origThumbUrl=https%3A%2F%2Fi.ytimg.com%2Fvi%2Fmfg7YD32poU%2Fhqdefault.jpg\" class=\"pL\"><div class=\"tC\"><div class=\"tT\" itemprop=\"name\">MailStyler - Your Christmas newsletter in 2 minutes...<\/div><\/div><div class=\"play\"><\/div><div class=\"ctrl\"><div class=\"Lctrl\"><\/div><div class=\"Rctrl\"><\/div><\/div><\/div><noscript><a href=\"https:\/\/youtu.be\/mfg7YD32poU\" rel=\"nofollow\"><img decoding=\"async\" src=\"https:\/\/www.newslettercreator.com\/wp-content\/plugins\/wp-youtube-lyte\/lyteCache.php?origThumbUrl=https%3A%2F%2Fi.ytimg.com%2Fvi%2Fmfg7YD32poU%2F0.jpg\" alt=\"MailStyler - Your Christmas newsletter in 2 minutes...\" width=\"853\" height=\"460\" \/><br \/>Watch this video on YouTube<\/a><\/noscript><meta itemprop=\"description\" content=\"In 2 minutes only and without technical skills you will create a professional and enticing template, perfectly compatible with all clients and webmails. Visit MailStyler website at http:\/\/www.newslettercreator.com\"><\/div><\/div><div class=\"lL\" style=\"max-width:100%;width:853px;margin:5px;\"><\/div>\n<div class=\"ms-video-button hide\">\n  <!--a href=\"https:\/\/www.youtube.com\/embed\/mfg7YD32poU?rel=0&autoplay=1\" data-featherlight=\"iframe\" data-featherlight-iframe-width=\"800\" data-featherlight-iframe-height=\"610\" data-featherlight-iframe-frameborder=\"0\" data-featherlight-iframe-allow=\"autoplay; encrypted-media\" data-featherlight-iframe-allowfullscreen=\"true\" title=\"P\u0159ehr\u00e1t videon\u00e1vod\">P\u0159ehr\u00e1t videon\u00e1vod <i class=\"fa fa-play-circle fa-2x\"><\/i><\/a-->\n\t<a href=\"https:\/\/www.youtube.com\/embed\/mfg7YD32poU\" rel=\"ilightbox\" data-options=\"width:800, height:610\" title=\"P\u0159ehr\u00e1t videon\u00e1vod\">P\u0159ehr\u00e1t videon\u00e1vod <i class=\"fa fa-play-circle fa-2x\"><\/i><\/a>\n<\/div>\n","protected":false},"excerpt":{"rendered":"<p>&nbsp;<\/p>\n","protected":false},"author":1,"featured_media":0,"parent":0,"menu_order":0,"comment_status":"closed","ping_status":"closed","template":"g1_template_page_sidebar_right.php","meta":{"inline_featured_image":false,"_monsterinsights_skip_tracking":false,"_monsterinsights_sitenote_active":false,"_monsterinsights_sitenote_note":"","_monsterinsights_sitenote_category":0,"footnotes":""},"class_list":["post-2603","page","type-page","status-publish"],"yoast_head":"<!-- This site is optimized with the Yoast SEO plugin v25.2 - https:\/\/yoast.com\/wordpress\/plugins\/seo\/ -->\n<title>Videa - Newsletter Creator<\/title>\n<meta name=\"robots\" content=\"index, follow, max-snippet:-1, max-image-preview:large, max-video-preview:-1\" \/>\n<link rel=\"canonical\" href=\"https:\/\/www.newslettercreator.com\/cs\/videa\/\" \/>\n<meta property=\"og:locale\" content=\"cs_CZ\" \/>\n<meta property=\"og:type\" content=\"article\" \/>\n<meta property=\"og:title\" content=\"Videa - Newsletter Creator\" \/>\n<meta property=\"og:description\" content=\"&nbsp;\" \/>\n<meta property=\"og:url\" content=\"https:\/\/www.newslettercreator.com\/cs\/videa\/\" \/>\n<meta property=\"og:site_name\" content=\"Newsletter Creator\" \/>\n<meta property=\"article:modified_time\" content=\"2021-05-26T08:45:50+00:00\" \/>\n<script type=\"application\/ld+json\" class=\"yoast-schema-graph\">{\"@context\":\"https:\/\/schema.org\",\"@graph\":[{\"@type\":\"WebPage\",\"@id\":\"https:\/\/www.newslettercreator.com\/cs\/videa\/\",\"url\":\"https:\/\/www.newslettercreator.com\/cs\/videa\/\",\"name\":\"Videa - Newsletter Creator\",\"isPartOf\":{\"@id\":\"https:\/\/www.newslettercreator.com\/#website\"},\"datePublished\":\"2014-12-23T14:31:12+00:00\",\"dateModified\":\"2021-05-26T08:45:50+00:00\",\"breadcrumb\":{\"@id\":\"https:\/\/www.newslettercreator.com\/cs\/videa\/#breadcrumb\"},\"inLanguage\":\"cs\",\"potentialAction\":[{\"@type\":\"ReadAction\",\"target\":[\"https:\/\/www.newslettercreator.com\/cs\/videa\/\"]}]},{\"@type\":\"BreadcrumbList\",\"@id\":\"https:\/\/www.newslettercreator.com\/cs\/videa\/#breadcrumb\",\"itemListElement\":[{\"@type\":\"ListItem\",\"position\":1,\"name\":\"Home\",\"item\":\"https:\/\/www.newslettercreator.com\/cs\/\"},{\"@type\":\"ListItem\",\"position\":2,\"name\":\"Videa\"}]},{\"@type\":\"WebSite\",\"@id\":\"https:\/\/www.newslettercreator.com\/#website\",\"url\":\"https:\/\/www.newslettercreator.com\/\",\"name\":\"Newsletter Creator\",\"description\":\"Pay off\",\"potentialAction\":[{\"@type\":\"SearchAction\",\"target\":{\"@type\":\"EntryPoint\",\"urlTemplate\":\"https:\/\/www.newslettercreator.com\/?s={search_term_string}\"},\"query-input\":{\"@type\":\"PropertyValueSpecification\",\"valueRequired\":true,\"valueName\":\"search_term_string\"}}],\"inLanguage\":\"cs\"}]}<\/script>\n<!-- \/ Yoast SEO plugin. -->","yoast_head_json":{"title":"Videa - Newsletter Creator","robots":{"index":"index","follow":"follow","max-snippet":"max-snippet:-1","max-image-preview":"max-image-preview:large","max-video-preview":"max-video-preview:-1"},"canonical":"https:\/\/www.newslettercreator.com\/cs\/videa\/","og_locale":"cs_CZ","og_type":"article","og_title":"Videa - Newsletter Creator","og_description":"&nbsp;","og_url":"https:\/\/www.newslettercreator.com\/cs\/videa\/","og_site_name":"Newsletter Creator","article_modified_time":"2021-05-26T08:45:50+00:00","schema":{"@context":"https:\/\/schema.org","@graph":[{"@type":"WebPage","@id":"https:\/\/www.newslettercreator.com\/cs\/videa\/","url":"https:\/\/www.newslettercreator.com\/cs\/videa\/","name":"Videa - Newsletter Creator","isPartOf":{"@id":"https:\/\/www.newslettercreator.com\/#website"},"datePublished":"2014-12-23T14:31:12+00:00","dateModified":"2021-05-26T08:45:50+00:00","breadcrumb":{"@id":"https:\/\/www.newslettercreator.com\/cs\/videa\/#breadcrumb"},"inLanguage":"cs","potentialAction":[{"@type":"ReadAction","target":["https:\/\/www.newslettercreator.com\/cs\/videa\/"]}]},{"@type":"BreadcrumbList","@id":"https:\/\/www.newslettercreator.com\/cs\/videa\/#breadcrumb","itemListElement":[{"@type":"ListItem","position":1,"name":"Home","item":"https:\/\/www.newslettercreator.com\/cs\/"},{"@type":"ListItem","position":2,"name":"Videa"}]},{"@type":"WebSite","@id":"https:\/\/www.newslettercreator.com\/#website","url":"https:\/\/www.newslettercreator.com\/","name":"Newsletter Creator","description":"Pay off","potentialAction":[{"@type":"SearchAction","target":{"@type":"EntryPoint","urlTemplate":"https:\/\/www.newslettercreator.com\/?s={search_term_string}"},"query-input":{"@type":"PropertyValueSpecification","valueRequired":true,"valueName":"search_term_string"}}],"inLanguage":"cs"}]}},"_links":{"self":[{"href":"https:\/\/www.newslettercreator.com\/cs\/wp-json\/wp\/v2\/pages\/2603","targetHints":{"allow":["GET"]}}],"collection":[{"href":"https:\/\/www.newslettercreator.com\/cs\/wp-json\/wp\/v2\/pages"}],"about":[{"href":"https:\/\/www.newslettercreator.com\/cs\/wp-json\/wp\/v2\/types\/page"}],"author":[{"embeddable":true,"href":"https:\/\/www.newslettercreator.com\/cs\/wp-json\/wp\/v2\/users\/1"}],"replies":[{"embeddable":true,"href":"https:\/\/www.newslettercreator.com\/cs\/wp-json\/wp\/v2\/comments?post=2603"}],"version-history":[{"count":2,"href":"https:\/\/www.newslettercreator.com\/cs\/wp-json\/wp\/v2\/pages\/2603\/revisions"}],"predecessor-version":[{"id":10143,"href":"https:\/\/www.newslettercreator.com\/cs\/wp-json\/wp\/v2\/pages\/2603\/revisions\/10143"}],"wp:attachment":[{"href":"https:\/\/www.newslettercreator.com\/cs\/wp-json\/wp\/v2\/media?parent=2603"}],"curies":[{"name":"wp","href":"https:\/\/api.w.org\/{rel}","templated":true}]}}