{"id":1102,"date":"2014-08-28T07:24:14","date_gmt":"2014-08-28T07:24:14","guid":{"rendered":"http:\/\/www.newslettercreator.com\/?page_id=1102"},"modified":"2022-02-25T14:35:32","modified_gmt":"2022-02-25T13:35:32","slug":"kostenlos-testen","status":"publish","type":"page","link":"https:\/\/www.newslettercreator.com\/de\/kostenlos-testen\/","title":{"rendered":"Kostenlos testen"},"content":{"rendered":"<ul class=\"g1-grid\"><li class=\"g1-column g1-one-half g1-valign-top\">\n<p><img decoding=\"async\" width=\"457\" height=\"392\" src=\"http:\/\/www.newslettercreator.com\/wp-content\/uploads\/2015\/09\/ms2-download-eng.png\" alt=\"Laden Sie unseren Demo herunter\" \/><\/p>\n<\/li><!-- -->\n<li class=\"g1-column g1-one-half g1-valign-top\">\n<h1 style=\"line-height: 38px !important;\">Laden Sie unseren neuesten Editor gratis herunter<\/h1>\n<p style=\"text-align: middle;\"><a class=\"button large orange\" style=\"min-width: 190px;\" title=\"Jetzt Herunterladen\" href=\"http:\/\/www.newslettercreator.com\/utils\/download\/pre-download.php\" target=\"_blank\" rel=\"noopener\">Demo Herunterladen<\/a><\/p>\n<p style=\"margin-bottom: 5px;\"><strong>Hast du einen Lizenzschl\u00fcssel?<\/strong> <a href=\"https:\/\/www.newslettercreator.com\/download-your-mailstyler-release\/\" title=\"Hast du einen Lizenzschl\u00fcssel? Klicke hier zum herunterladen\">Klicke hier zum herunterladen<\/a><\/p>\n<p style=\"text-align: left; font-size: 11px;\">Aktuelle Version: 2.24.01.17 | Ver\u00f6ffentlichung: 17\/01\/2024 | Gr\u00f6\u00dfe: 114.9 MB<br \/>\n<a href=\"http:\/\/www.newslettercreator.com\/de\/mailstyler-lizenzvereinbarung\/\" target=\"_blank\" rel=\"noopener\">Lizenzvereinbarung<\/a> | <a href=\"http:\/\/www.newslettercreator.com\/de\/wie-man-mailstyler-deinstalliert\/\" target=\"_blank\" rel=\"noopener\">Deinstallationsanleitung<\/a><\/p>\n<p><img decoding=\"async\" width=\"196\" height=\"24\" src=\"http:\/\/www.newslettercreator.com\/wp-content\/uploads\/2015\/07\/windows-10-ready.jpg\" alt=\"MailStyler ist bereit f\u00fcr Windows 10\"><\/p>\n<p><strong><i class=\"fa fa-apple fa-2x\"><\/i> Sie haben einen Mac?<\/strong> <a title=\"o installieren Sie MailStyler auf Mac\" href=\"http:\/\/www.newslettercreator.com\/using-mailstyler-on-mac\/\">Lesen Sie hier&#8230;<\/a>.<\/p>\n<\/li><!-- --><\/ul>\n<p>Damit alle Benutzer die tollen Funktionen unserer Software entdecken k\u00f6nnen, haben wir die <strong>Demo-Version von MailStyler<\/strong> entwickelt. MailStyler Free hat die gleichen Funktionen wie die Pro-Version. Alle exportierten HTML Newsletter werden allerdings verschl\u00fcsselt. Trotzdem k\u00f6nnen sie in allen E-Mail-Programmen ausprobiert werden, um zu sehen, wie MailStyler funktioniert.<br \/>\n<strong>Erstellen Sie gratis Newsletter<\/strong> mit nur ein paar Klicks, und erhalten Sie Zugang zu unserer Basis-Bilderbibliothek (\u00fcber 2000 Bilder, davon mehr als 200 ohne Wasserzeichen).<\/p>\n<p>Nat\u00fcrlich k\u00f6nnen Sie das Programm auch jederzeit in vollem Umfang nutzen, indem Sie auf die <a href=\"http:\/\/www.newslettercreator.com\/de\/preise\/\" title=\"Kaufe jetzt\"><strong>Basic- oder Pro-Version<\/strong><\/a> upgraden und den erhaltenen <a href=\"http:\/\/www.newslettercreator.com\/registration-upgrade\" title=\"Registrierung &#038; Upgrade\"><strong>Registrierungs-Code<\/strong><\/a> in MailStyler eingeben. Eine Sache von wenigen Sekunden.<\/p>\n<p>&nbsp;<\/p>\n<h2>Auf MailStyler Basic oder Pro upgraden<\/h2>\n<ul class=\"g1-grid\"><li class=\"g1-column g1-one-half g1-valign-top\"><br \/>\n<div id=\"g1-box-counter-1\" class=\"g1-box g1-box--solid  g1-box--icon\" ><i class=\"fa fa-star-half-o g1-box__icon\"><\/i><div class=\"g1-box__inner\">\n<h2 style=\"text-align: center;\">MailStyler Basic<\/h2>\n<p style=\"text-align: center;\">MailStyler Basic erm\u00f6glicht den Export Ihrer Newsletter in ein f\u00fcr den Versand n\u00f6tiges Format. Sie haben vollen Zugriff auf alle Funktionen, die Sie brauchen, um Newsletter zu 100% im Responsive Design zu erstellen, die mit jedem Email-Provider kompatibel sind.<\/p>\n<p style=\"text-align: center;\"><a class=\"button large orange-empty\" style=\"margin-bottom: 10px;\" href=\"http:\/\/www.newslettercreator.com\/de\/preise\/\" target=\"_self\" title=\"Auf MailStyler Basic upgraden\" rel=\"noopener\">Auf MailStyler Basic upgraden<\/a><br \/>\n<\/div><\/div><br \/>\n<\/li><!-- -->\n<li class=\"g1-column g1-one-half g1-valign-top\"><br \/>\n<div id=\"g1-box-counter-2\" class=\"g1-box g1-box--solid  g1-box--icon\" ><i class=\"fa fa-star g1-box__icon\"><\/i><div class=\"g1-box__inner\">\n<h2 style=\"text-align: center;\">MailStyler PRO<\/h2>\n<p style=\"text-align: center;\">MailStyler Pro gibt Ihnen uneingeschr\u00e4nkten Zugriff zur kompletten Bibliothek mit \u00fcber 3.5 Millionen hochaufgel\u00f6sten Bildern (MailStyler, <a href=\"https:\/\/unsplash.com\/\" target=\"_blank\" rel=\"nofollow noopener\">Unsplash<\/a>, <a href=\"https:\/\/pixabay.com\/\" target=\"_blank\" rel=\"nofollow noopener\">Pixabay<\/a>) und einen speziell daf\u00fcr vorgesehenen Cloud-Speicher, in dem Sie diese ablegen k\u00f6nnen. Geschwindigkeit und Komfort in Kombination!<\/p>\n<p style=\"text-align: center;\"><a class=\"button large orange-empty\" style=\"margin-bottom: 10px;\" href=\"http:\/\/www.newslettercreator.com\/de\/preise\/\" target=\"_self\" title=\"Auf MailStyler PRO upgraden\" rel=\"noopener\">Auf MailStyler PRO upgraden<\/a><br \/>\n<\/div><\/div><br \/>\n<\/li><!-- --><\/ul>\n<p>&nbsp;<\/p>\n<h2>Systemvoraussetzungen<\/h2>\n<ul>\n<li>Windows 8, 8.1, 10, 11; Windows Server 2016, 2019<\/li>\n<li>Internet Explorer 9 oder h\u00f6her<\/li>\n<li>.NET Framework 3.5 SP1 oder h\u00f6her<\/li>\n<li>Bildschirm 1366 x 768<\/li>\n<li>Internetverbindung<\/li>\n<\/ul>\n","protected":false},"excerpt":{"rendered":"<p>Damit alle Benutzer die tollen Funktionen unserer Software entdecken k\u00f6nnen, haben wir die Demo-Version von MailStyler entwickelt. MailStyler Free hat die gleichen Funktionen wie die Pro-Version. Alle exportierten HTML Newsletter werden allerdings verschl\u00fcsselt. Trotzdem k\u00f6nnen sie in allen E-Mail-Programmen ausprobiert werden, um zu sehen, wie MailStyler funktioniert. Erstellen Sie gratis Newsletter mit nur ein paar [&hellip;]<\/p>\n","protected":false},"author":1,"featured_media":0,"parent":0,"menu_order":0,"comment_status":"closed","ping_status":"closed","template":"","meta":{"inline_featured_image":false,"_monsterinsights_skip_tracking":false,"_monsterinsights_sitenote_active":false,"_monsterinsights_sitenote_note":"","_monsterinsights_sitenote_category":0,"footnotes":""},"class_list":["post-1102","page","type-page","status-publish"],"yoast_head":"<!-- This site is optimized with the Yoast SEO plugin v25.2 - https:\/\/yoast.com\/wordpress\/plugins\/seo\/ -->\n<title>Kostenlos testen - Newsletter Creator<\/title>\n<meta name=\"robots\" content=\"index, follow, max-snippet:-1, max-image-preview:large, max-video-preview:-1\" \/>\n<link rel=\"canonical\" href=\"https:\/\/www.newslettercreator.com\/de\/kostenlos-testen\/\" \/>\n<meta property=\"og:locale\" content=\"de_DE\" \/>\n<meta property=\"og:type\" content=\"article\" \/>\n<meta property=\"og:title\" content=\"Kostenlos testen - Newsletter Creator\" \/>\n<meta property=\"og:description\" content=\"Damit alle Benutzer die tollen Funktionen unserer Software entdecken k\u00f6nnen, haben wir die Demo-Version von MailStyler entwickelt. MailStyler Free hat die gleichen Funktionen wie die Pro-Version. Alle exportierten HTML Newsletter werden allerdings verschl\u00fcsselt. Trotzdem k\u00f6nnen sie in allen E-Mail-Programmen ausprobiert werden, um zu sehen, wie MailStyler funktioniert. Erstellen Sie gratis Newsletter mit nur ein paar [&hellip;]\" \/>\n<meta property=\"og:url\" content=\"https:\/\/www.newslettercreator.com\/de\/kostenlos-testen\/\" \/>\n<meta property=\"og:site_name\" content=\"Newsletter Creator\" \/>\n<meta property=\"article:modified_time\" content=\"2022-02-25T13:35:32+00:00\" \/>\n<meta property=\"og:image\" content=\"http:\/\/www.newslettercreator.com\/wp-content\/uploads\/2015\/09\/ms2-download-eng.png\" \/>\n<meta name=\"twitter:label1\" content=\"Gesch\u00e4tzte Lesezeit\" \/>\n\t<meta name=\"twitter:data1\" content=\"1\u00a0Minute\" \/>\n<script type=\"application\/ld+json\" class=\"yoast-schema-graph\">{\"@context\":\"https:\/\/schema.org\",\"@graph\":[{\"@type\":\"WebPage\",\"@id\":\"https:\/\/www.newslettercreator.com\/de\/kostenlos-testen\/\",\"url\":\"https:\/\/www.newslettercreator.com\/de\/kostenlos-testen\/\",\"name\":\"Kostenlos testen - Newsletter Creator\",\"isPartOf\":{\"@id\":\"https:\/\/www.newslettercreator.com\/#website\"},\"primaryImageOfPage\":{\"@id\":\"https:\/\/www.newslettercreator.com\/de\/kostenlos-testen\/#primaryimage\"},\"image\":{\"@id\":\"https:\/\/www.newslettercreator.com\/de\/kostenlos-testen\/#primaryimage\"},\"thumbnailUrl\":\"http:\/\/www.newslettercreator.com\/wp-content\/uploads\/2015\/09\/ms2-download-eng.png\",\"datePublished\":\"2014-08-28T07:24:14+00:00\",\"dateModified\":\"2022-02-25T13:35:32+00:00\",\"breadcrumb\":{\"@id\":\"https:\/\/www.newslettercreator.com\/de\/kostenlos-testen\/#breadcrumb\"},\"inLanguage\":\"de\",\"potentialAction\":[{\"@type\":\"ReadAction\",\"target\":[\"https:\/\/www.newslettercreator.com\/de\/kostenlos-testen\/\"]}]},{\"@type\":\"ImageObject\",\"inLanguage\":\"de\",\"@id\":\"https:\/\/www.newslettercreator.com\/de\/kostenlos-testen\/#primaryimage\",\"url\":\"http:\/\/www.newslettercreator.com\/wp-content\/uploads\/2015\/09\/ms2-download-eng.png\",\"contentUrl\":\"http:\/\/www.newslettercreator.com\/wp-content\/uploads\/2015\/09\/ms2-download-eng.png\"},{\"@type\":\"BreadcrumbList\",\"@id\":\"https:\/\/www.newslettercreator.com\/de\/kostenlos-testen\/#breadcrumb\",\"itemListElement\":[{\"@type\":\"ListItem\",\"position\":1,\"name\":\"Home\",\"item\":\"https:\/\/www.newslettercreator.com\/de\/\"},{\"@type\":\"ListItem\",\"position\":2,\"name\":\"Kostenlos testen\"}]},{\"@type\":\"WebSite\",\"@id\":\"https:\/\/www.newslettercreator.com\/#website\",\"url\":\"https:\/\/www.newslettercreator.com\/\",\"name\":\"Newsletter Creator\",\"description\":\"Pay off\",\"potentialAction\":[{\"@type\":\"SearchAction\",\"target\":{\"@type\":\"EntryPoint\",\"urlTemplate\":\"https:\/\/www.newslettercreator.com\/?s={search_term_string}\"},\"query-input\":{\"@type\":\"PropertyValueSpecification\",\"valueRequired\":true,\"valueName\":\"search_term_string\"}}],\"inLanguage\":\"de\"}]}<\/script>\n<!-- \/ Yoast SEO plugin. -->","yoast_head_json":{"title":"Kostenlos testen - Newsletter Creator","robots":{"index":"index","follow":"follow","max-snippet":"max-snippet:-1","max-image-preview":"max-image-preview:large","max-video-preview":"max-video-preview:-1"},"canonical":"https:\/\/www.newslettercreator.com\/de\/kostenlos-testen\/","og_locale":"de_DE","og_type":"article","og_title":"Kostenlos testen - Newsletter Creator","og_description":"Damit alle Benutzer die tollen Funktionen unserer Software entdecken k\u00f6nnen, haben wir die Demo-Version von MailStyler entwickelt. MailStyler Free hat die gleichen Funktionen wie die Pro-Version. Alle exportierten HTML Newsletter werden allerdings verschl\u00fcsselt. Trotzdem k\u00f6nnen sie in allen E-Mail-Programmen ausprobiert werden, um zu sehen, wie MailStyler funktioniert. Erstellen Sie gratis Newsletter mit nur ein paar [&hellip;]","og_url":"https:\/\/www.newslettercreator.com\/de\/kostenlos-testen\/","og_site_name":"Newsletter Creator","article_modified_time":"2022-02-25T13:35:32+00:00","og_image":[{"url":"http:\/\/www.newslettercreator.com\/wp-content\/uploads\/2015\/09\/ms2-download-eng.png","type":"","width":"","height":""}],"twitter_misc":{"Gesch\u00e4tzte Lesezeit":"1\u00a0Minute"},"schema":{"@context":"https:\/\/schema.org","@graph":[{"@type":"WebPage","@id":"https:\/\/www.newslettercreator.com\/de\/kostenlos-testen\/","url":"https:\/\/www.newslettercreator.com\/de\/kostenlos-testen\/","name":"Kostenlos testen - Newsletter Creator","isPartOf":{"@id":"https:\/\/www.newslettercreator.com\/#website"},"primaryImageOfPage":{"@id":"https:\/\/www.newslettercreator.com\/de\/kostenlos-testen\/#primaryimage"},"image":{"@id":"https:\/\/www.newslettercreator.com\/de\/kostenlos-testen\/#primaryimage"},"thumbnailUrl":"http:\/\/www.newslettercreator.com\/wp-content\/uploads\/2015\/09\/ms2-download-eng.png","datePublished":"2014-08-28T07:24:14+00:00","dateModified":"2022-02-25T13:35:32+00:00","breadcrumb":{"@id":"https:\/\/www.newslettercreator.com\/de\/kostenlos-testen\/#breadcrumb"},"inLanguage":"de","potentialAction":[{"@type":"ReadAction","target":["https:\/\/www.newslettercreator.com\/de\/kostenlos-testen\/"]}]},{"@type":"ImageObject","inLanguage":"de","@id":"https:\/\/www.newslettercreator.com\/de\/kostenlos-testen\/#primaryimage","url":"http:\/\/www.newslettercreator.com\/wp-content\/uploads\/2015\/09\/ms2-download-eng.png","contentUrl":"http:\/\/www.newslettercreator.com\/wp-content\/uploads\/2015\/09\/ms2-download-eng.png"},{"@type":"BreadcrumbList","@id":"https:\/\/www.newslettercreator.com\/de\/kostenlos-testen\/#breadcrumb","itemListElement":[{"@type":"ListItem","position":1,"name":"Home","item":"https:\/\/www.newslettercreator.com\/de\/"},{"@type":"ListItem","position":2,"name":"Kostenlos testen"}]},{"@type":"WebSite","@id":"https:\/\/www.newslettercreator.com\/#website","url":"https:\/\/www.newslettercreator.com\/","name":"Newsletter Creator","description":"Pay off","potentialAction":[{"@type":"SearchAction","target":{"@type":"EntryPoint","urlTemplate":"https:\/\/www.newslettercreator.com\/?s={search_term_string}"},"query-input":{"@type":"PropertyValueSpecification","valueRequired":true,"valueName":"search_term_string"}}],"inLanguage":"de"}]}},"_links":{"self":[{"href":"https:\/\/www.newslettercreator.com\/de\/wp-json\/wp\/v2\/pages\/1102","targetHints":{"allow":["GET"]}}],"collection":[{"href":"https:\/\/www.newslettercreator.com\/de\/wp-json\/wp\/v2\/pages"}],"about":[{"href":"https:\/\/www.newslettercreator.com\/de\/wp-json\/wp\/v2\/types\/page"}],"author":[{"embeddable":true,"href":"https:\/\/www.newslettercreator.com\/de\/wp-json\/wp\/v2\/users\/1"}],"replies":[{"embeddable":true,"href":"https:\/\/www.newslettercreator.com\/de\/wp-json\/wp\/v2\/comments?post=1102"}],"version-history":[{"count":18,"href":"https:\/\/www.newslettercreator.com\/de\/wp-json\/wp\/v2\/pages\/1102\/revisions"}],"predecessor-version":[{"id":11576,"href":"https:\/\/www.newslettercreator.com\/de\/wp-json\/wp\/v2\/pages\/1102\/revisions\/11576"}],"wp:attachment":[{"href":"https:\/\/www.newslettercreator.com\/de\/wp-json\/wp\/v2\/media?parent=1102"}],"curies":[{"name":"wp","href":"https:\/\/api.w.org\/{rel}","templated":true}]}}