{"id":1104,"date":"2014-08-28T07:32:28","date_gmt":"2014-08-28T07:32:28","guid":{"rendered":"http:\/\/www.newslettercreator.com\/?page_id=1104"},"modified":"2022-03-03T12:18:07","modified_gmt":"2022-03-03T11:18:07","slug":"preise","status":"publish","type":"page","link":"https:\/\/www.newslettercreator.com\/de\/preise\/","title":{"rendered":"Preise"},"content":{"rendered":"<style type=\"text\/css\" scoped=\"scoped\">#g1-section-1.g1-section {background-color: #ffffff; background-repeat:no-repeat; background-position:left top; background-attachment:static; padding-bottom:40px; padding-top:40px;}<\/style><div id=\"g1-section-1\" class=\"g1-section \"><div class=\"g1-layout-inner\">\n<h1>W\u00e4hlen Sie Ihre beste MailStyler-Lizenz aus.<\/h1>\n<p>Da jede Firma anders aufgebaut ist und unterschiedliche Bed\u00fcrfnisse hat, bietet MailStyler <strong>verschiedene Lizenzen an<\/strong>.<br \/>\nDie <strong>Demo Version<\/strong> gew\u00e4hrt Ihnen vollen Zugriff zum Erstellen eigener Vorlagen und Newsletter, mit der einzigen Einschr\u00e4nkung, dass sie nicht exportiert werden k\u00f6nnen.<br \/>\nDie <strong>Basic Version<\/strong> enth\u00e4lt eine unbegrenzte Lizenz, eine Bibliothek mit hochaufgel\u00f6sten Bildern, sowie 12 Monate lang Updates und Betreuung.<\/p>\n<p>Wenn Sie auf der Suche nach einer <strong>Version ohne Limits<\/strong> sind, dann <strong>ist MailStyler Pro die richtige Wahl<\/strong>. Sie erhalten einen spezifischen Cloud-Speicher um Ihre Bilder hochzuladen, eine Bibliothek mit 2.000 hochaufgel\u00f6sten Bildern sowie integrierten Support und Beratungsservice. <strong>Die perfekte L\u00f6sung, um professionelle Newsletter zu erstellen<\/strong>.<\/p>\n<\/div><\/div>\n<style type=\"text\/css\" scoped=\"scoped\">#g1-section-2.g1-section {background-color: #ffffff; background-repeat:no-repeat; background-position:left top; background-attachment:static; padding-bottom:40px; padding-top:10px;}<\/style><div id=\"g1-section-2\" class=\"g1-section pricingLists\"><div class=\"g1-layout-inner\">\n<ul class=\"g1-grid\"><li class=\"g1-column g1-one-fourth g1-valign-top\">\n<div id=\"g1-box-counter-1\" class=\"g1-box g1-box--simple  g1-box--icon\" ><i class=\"fa fa-star-o g1-box__icon\"><\/i><div class=\"g1-box__inner\">\n<h2 style=\"text-align: center;\">MailStyler<\/h2>\n<h4 style=\"text-align: center;\">Free Demo<\/h4>\n<div id=\"g1-divider-1\" class=\"g1-divider g1-divider--none g1-divider--noicon \"><\/div>\n\n<ul id=\"g1-list-1\" class=\"g1-list--empty g1-list--simple \">\n<li>Lebenslange Lizenz <\/li>\n<li>Testausfuhren<br \/><span style=\"font-size: 11px;\"><em>(Alle exportierten HTML Emails werden verschl\u00fcsselt)<\/em><\/span><\/li>\n<li>Unbegrenzter Cloud-Speicher<\/li>\n<li><a title=\"Basis-Bilderbibliothek\" href=\"http:\/\/www.newslettercreator.com\/de\/basis-bildbibliothek\/\">Basis-Bilderbibliothek<\/a><br \/><span style=\"font-size: 11px;\"><em>(Eingeschr\u00e4nkter Zugriff auf die MailStyler-Bibliothek)<\/em><\/span><\/li>\n<li>Eingeschr\u00e4nkte Vorlagengalerie<\/li>\n<li>Keine Lizenz ben\u00f6tigt<br \/><span style=\"font-size: 11px;\"><em>(Die Software kann kostenlos heruntergeladen werden)<\/em><\/span><\/li>\n<li>Kompatibel mit Windows 10, Windows 11<\/li>\n<li>Technischer Support<br \/>&nbsp;<\/li>\n<\/ul>\n\n<div id=\"g1-divider-2\" class=\"g1-divider g1-divider--none g1-divider--noicon \"><\/div>\n<h1 style=\"text-align: center;\">$0<!-- USD --><sup>00<\/sup><\/h1>\n<div id=\"g1-divider-3\" class=\"g1-divider g1-divider--none g1-divider--noicon \"><\/div>\n<div class=\"pricingPrice\">\n<p style=\"text-align: center;\"><a class=\"button large orange\" style=\"margin-bottom: 10px;\" title=\"Demo Herunterladen\" href=\"http:\/\/www.newslettercreator.com\/utils\/download\/pre-download.php\" target=\"_self\" rel=\"noopener\">Demo Herunterladen<\/a><\/p>\n<\/div>\n<\/div><\/div>\n<\/li><!-- -->\n<li class=\"g1-column g1-one-fourth g1-valign-top\">\n<div id=\"g1-box-counter-2\" class=\"g1-box g1-box--simple  g1-box--icon\" ><i class=\"fa fa-star-half-o g1-box__icon\"><\/i><div class=\"g1-box__inner\">\n<h2 style=\"text-align: center;\">MailStyler<\/h2>\n<h4 style=\"text-align: center;\">Basic<\/h4>\n<div id=\"g1-divider-4\" class=\"g1-divider g1-divider--none g1-divider--noicon \"><\/div>\n\n<ul id=\"g1-list-2\" class=\"g1-list--empty g1-list--simple \">\n<li>Lebenslange Lizenz <\/li>\n<li>Unbegrenztes Exportieren<br \/><span style=\"font-size: 11px;\"><em>(f\u00fcr alle Email-Marketing-Plattformen und Email-Programme)<\/em><\/span><\/li>\n<li>Kein Cloud-Speicher<\/li>\n<li><a title=\"Basis-Bilderbibliothek\" href=\"http:\/\/www.newslettercreator.com\/de\/basis-bildbibliothek\/\">Basis-Bilderbibliothek<\/a><br \/><span style=\"font-size: 11px;\"><em>(Eingeschr\u00e4nkter Zugriff auf die MailStyler-Bibliothek)<\/em><\/span><\/li>\n<li>Eingeschr\u00e4nkte Vorlagengalerie<\/li>\n<li>Eine Installation<br \/><span style=\"font-size: 11px;\"><em>(auf einem Computer)<br \/>&nbsp;<\/em><\/span><\/li>\n<li>Kompatibel mit Windows 10, Windows 11<\/li>\n<li>Betreuung und Updates f\u00fcr ein Jahr<\/li>\n<\/ul>\n\n<div id=\"g1-divider-5\" class=\"g1-divider g1-divider--none g1-divider--noicon \"><\/div>\n<h1 style=\"text-align: center;\">$99<!-- USD --><sup>00<\/sup><\/h1>\n<div id=\"g1-divider-6\" class=\"g1-divider g1-divider--none g1-divider--noicon \"><\/div>\n<div class=\"pricingPrice\">\n<p style=\"text-align: center;\"><a class=\"button large orange\" style=\"margin-bottom: 10px;\" title=\"Jetzt Kaufen MailStyler Basic\" href=\"http:\/\/www.newslettercreator.com\/utils\/buy\/?lang=de&amp;prod=base\" target=\"_self\" rel=\"noopener\">Jetzt Kaufen Basic<\/a><\/p>\n<\/div>\n<\/div><\/div>\n<\/li><!-- -->\n<li class=\"g1-column g1-one-fourth g1-valign-top\">\n<div id=\"g1-box-counter-3\" class=\"g1-box g1-box--simple  g1-box--icon\" ><i class=\"fa fa-star g1-box__icon\"><\/i><div class=\"g1-box__inner\">\n<h2 style=\"text-align: center;\">MailStyler<\/h2>\n<h4 style=\"text-align: center;\">Pro<\/h4>\n<div id=\"g1-divider-7\" class=\"g1-divider g1-divider--none g1-divider--noicon \"><\/div>\n\n<ul id=\"g1-list-3\" class=\"g1-list--empty g1-list--simple \">\n<li><strong>Lebenslange Lizenz<\/strong><\/li>\n<li><strong>Unbegrenztes Exportieren<\/strong><br \/><span style=\"font-size: 11px;\"><em>(f\u00fcr alle Email-Marketing-Plattformen und Email-Programme)<\/em><\/span><\/li>\n<li><strong><a title=\"Unbegrenzter Cloud-Speicher\" href=\"http:\/\/www.newslettercreator.com\/unlimited-free-cloud-space\/\">Unbegrenzter Cloud-Speicher<\/a><\/strong><\/li>\n<li><a title=\"Erweiterte Bilderbibliothek\" href=\"http:\/\/www.newslettercreator.com\/de\/erweiterte-bildbibliothek\/\"><strong>Erweiterte Bilderbibliothek<\/strong><\/a><br \/><span style=\"font-size: 11px;\"><em>Mehr als <strong>3,5 Millionen Bilder<\/strong><br \/>Vollst\u00e4ndige MailStyler-Bibliothek plus<br \/><img decoding=\"async\" src=\"https:\/\/www.newslettercreator.com\/wp-content\/uploads\/2022\/03\/unsplash-18x79-1.svg\" width=\"79\" height=\"18\" style=\"margin-bottom: -3px; opacity: 0.8;\"> &#038; <img decoding=\"async\" src=\"https:\/\/www.newslettercreator.com\/wp-content\/uploads\/2022\/03\/pixabay-18x93-1.svg\" width=\"93\" height=\"18\" style=\"margin-bottom: -3px;\"><\/em><\/span><\/li>\n<li><strong>Vollst\u00e4ndige Vorlagengalerie<\/strong><\/li>\n<li><strong>Eine Installation<\/strong><br \/><span style=\"font-size: 11px;\"><em>(auf einem Computer)<br \/>&nbsp;<\/em><\/span><\/li>\n<li><strong>Kompatibel mit Windows 10, Windows 11<\/strong><\/li>\n<li><strong>Betreuung und Updates f\u00fcr ein Jahr<\/strong><\/li>\n<\/ul>\n\n<div id=\"g1-divider-8\" class=\"g1-divider g1-divider--none g1-divider--noicon \"><\/div>\n<h1 style=\"text-align: center;\">$199<!-- USD --><sup>00<\/sup><\/h1>\n<div id=\"g1-divider-9\" class=\"g1-divider g1-divider--none g1-divider--noicon \"><\/div>\n<div class=\"pricingPrice\">\n<p style=\"text-align: center;\"><a class=\"button large orange\" style=\"margin-bottom: 10px; width: 157px;\" title=\"Jetzt Kaufen Mailstryler Pro\" href=\"http:\/\/www.newslettercreator.com\/utils\/buy\/?lang=de&amp;prod=pro\" target=\"_self\" rel=\"noopener\">Jetzt Kaufen Pro<\/a><br \/>\n<a class=\"button large darkgray\" style=\"margin-bottom: 10px;\" title=\"Upgrade von Basic auf Pro\" href=\"http:\/\/www.newslettercreator.com\/de\/upgrade\/\" target=\"_self\" rel=\"noopener\">Upgrade von Basic auf Pro<\/a><br \/>\n<a title=\"Warum upgraden?\" href=\"http:\/\/www.newslettercreator.com\/why-upgrade\/\">Warum upgraden?<\/a><\/p>\n<\/div>\n<\/div><\/div>\n<\/li><!-- -->\n<li class=\"g1-column g1-one-fourth g1-valign-top\">\n<div id=\"g1-box-counter-4\" class=\"g1-box g1-box--simple  g1-box--icon\" ><i class=\"fa fa-server g1-box__icon\"><\/i><div class=\"g1-box__inner\">\n<h2 style=\"text-align: center;\">MailStyler<\/h2>\n<h4 style=\"text-align: center;\">Server<\/h4>\n<div id=\"g1-divider-10\" class=\"g1-divider g1-divider--none g1-divider--noicon \"><\/div>\n\n<ul id=\"g1-list-4\" class=\"g1-list--empty g1-list--simple setHeight\">\n<li>Lebenslange Lizenz<\/li>\n<li>Unbegrenztes Exportieren<br \/><span style=\"font-size: 11px;\"><em>(f\u00fcr alle Email-Marketing-Plattformen und Email-Programme)<\/em><\/span><\/li>\n<li><a title=\"Unbegrenzter Cloud-Speicher\" href=\"http:\/\/www.newslettercreator.com\/unlimited-free-cloud-space\/\">Unbegrenzter Cloud-Speicher<\/a><\/li>\n<li><a title=\"Erweiterte Bilderbibliothek\" href=\"http:\/\/www.newslettercreator.com\/de\/erweiterte-bildbibliothek\/\">Erweiterte Bilderbibliothek<\/a><br \/><span style=\"font-size: 11px;\"><em>Mehr als <strong>3,5 Millionen Bilder<\/strong><br \/>Vollst\u00e4ndige MailStyler-Bibliothek plus<br \/><img decoding=\"async\" src=\"https:\/\/www.newslettercreator.com\/wp-content\/uploads\/2022\/03\/unsplash-18x79-1.svg\" width=\"79\" height=\"18\" style=\"margin-bottom: -3px; opacity: 0.8;\"> &#038; <img decoding=\"async\" src=\"https:\/\/www.newslettercreator.com\/wp-content\/uploads\/2022\/03\/pixabay-18x93-1.svg\" width=\"93\" height=\"18\" style=\"margin-bottom: -3px;\"><\/em><\/span><\/li>\n<li>Vollst\u00e4ndige Vorlagengalerie<\/li>\n<li>Eine Installation<br \/>\n<span style=\"font-size: 11px;\"><em>(verf\u00fcgbar auf 1 Windows Server und bis zu 25 Clients)<\/em><\/span><\/li>\n<li>Kompatibel mit Windows 10, Windows 11, Windows Server<\/li>\n<li>Betreuung und Updates f\u00fcr ein Jahr<\/li>\n<\/ul>\n\n<div id=\"g1-divider-11\" class=\"g1-divider g1-divider--none g1-divider--noicon \"><\/div>\n<h1 style=\"text-align: center;\">$1499<!-- USD --><sup>00<\/sup><\/h1>\n<div id=\"g1-divider-12\" class=\"g1-divider g1-divider--none g1-divider--noicon \"><\/div>\n<div class=\"pricingPrice\">\n<p style=\"text-align: center;\"><a class=\"button large orange\" style=\"margin-bottom: 10px; width: 157px;\" title=\"Jetzt Kaufen Mailstyler Server\" href=\"http:\/\/www.newslettercreator.com\/utils\/buy\/?lang=de&amp;prod=server\" target=\"_self\" rel=\"noopener noreferrer\">Jetzt Kaufen MailStyler Server<\/a>\n<\/div>\n<\/div><\/div>\n<\/li><!-- --><\/ul>\n<div style=\"background-color: #F4F4F4; text-align: center; padding: 7px; border-radius: 5px;\"><i id=\"icon-1\" class=\"g1-icon g1-icon--none g1-icon--small g1-icon--inherit  fa fa-info-circle\"><\/i> <strong>Sie haben bereits MailStyler 1<\/strong> und w\u00fcrden gerne auf die neue Version upgraden? <a href=\"http:\/\/www.newslettercreator.com\/de\/upgrade-mailstyler-2\/\" title=\"Upgrade auf MailStyler\">Klicken Sie hier<\/a><\/div>\n<\/div><\/div>\n<style type=\"text\/css\" scoped=\"scoped\">#g1-section-3.g1-section {background-color: #f4f4f4; background-repeat:no-repeat; background-position:left top; background-attachment:static; padding-bottom:30px; padding-top:40px;}<\/style><div id=\"g1-section-3\" class=\"g1-section \"><div class=\"g1-layout-inner\">\n<ul class=\"g1-grid\"><li class=\"g1-column g1-one-third g1-valign-top\">\n<h2>Betreuung<\/h2>\n<p>Unser <strong>technischer Support<\/strong> steht Ihnen immer zur Verf\u00fcgung um Sie durch die Installation zu begleiten oder Ihnen bei Problemen zu helfen.<\/p>\n<p><a href=\"http:\/\/support.newslettercreator.com\/?&#038;lang=de\">Kontaktieren Sie einen unserer Berater<\/a><\/p>\n<\/li><!-- -->\n<li class=\"g1-column g1-one-third g1-valign-top\">\n<h2>Updates<\/h2>\n<p>Um unseren Kundenw\u00fcnschen gerecht zu werden, <strong>entwickelt sich MailStyler st\u00e4ndig weiter<\/strong>. Daf\u00fcr arbeiten unsere Experten st\u00e4ndig daran, die Software zu verbessern und <strong>regelm\u00e4\u00dfig neue Updates<\/strong> herauszugeben, die neue Tools und Funktionen bringen. MailStyler ist somit immer \u201eup to date\u201c.<\/p>\n<p><a href=\"http:\/\/www.newslettercreator.com\/help-mailstyler2\/updates-history\/\">Erfahren Sie mehr \u00fcber Updates<\/a><\/p>\n<\/li><!-- -->\n<li class=\"g1-column g1-one-third g1-valign-top\">\n<h2>Nach dem ersten Jahr<\/h2>\n<p>Alle Updates, die innerhalb der ersten 12 Monate ver\u00f6ffentlicht werden, sind zusammen mit unserer Betreuung in Ihrer Lizenz enthalten. Nach diesem Zeitraum funktioniert MailStyler weiterhin mit denselben Funktionen, wobei Updates und Betreuung gegen eine Geb\u00fchr verl\u00e4ngert werden k\u00f6nnen.<\/p>\n<p><!--<a href=\"http:\/\/www.newslettercreator.com\/it\/rinnovi-aggiornamenti\">Scopri come rinnovare i servizi<\/a>--><\/p>\n<\/li><!-- --><\/ul>\n<\/div><\/div>\n<style type=\"text\/css\" scoped=\"scoped\">#g1-section-4.g1-section {background-color: #ffffff; background-repeat:no-repeat; background-position:left top; background-attachment:static; padding-bottom:30px; padding-top:40px;}<\/style><div id=\"g1-section-4\" class=\"g1-section \"><div class=\"g1-layout-inner\">\n<h2>Ben\u00f6tigen Sie mehrere Lizenzen?<\/h2>\n<p>Wenn Sie <strong>mehrere Lizenzen<\/strong> ben\u00f6tigen, kann Ihnen MailStyler <strong>spezielle Preise und Rabatte<\/strong> anbieten. W\u00e4hlen Sie zwischen der doppelten Multi-Lizenz mit <strong>20% Rabatt<\/strong> oder dem 5er-Lizenzpaket mit einem <strong>sofort-Rabatt von 30%<\/strong>. Au\u00dferdem berechtigt Sie der Kauf eines Multi-Lizenzpakets unserem <strong>Reseller-Programm<\/strong> beizutreten: Lernen Sie die Vorteile einer MailStyler-Partnerschaft kennen.<\/p>\n<p style=\"text-align: center;\"><a class=\"button large orange-empty no-margin-mobile\" style=\"margin-bottom: 10px; min-width: 190px;\" title=\"Multi-Lizenzen kaufen\" href=\"http:\/\/www.newslettercreator.com\/utils\/buy\/?lang=de&amp;prod=multipro\" target=\"_self\" rel=\"noopener\">Multi-Lizenzen kaufen<\/a> \u00a0 <a class=\"button large darkgray-empty\" style=\"margin-bottom: 10px; min-width: 190px;\" title=\"MailStyler-Partner werden\" href=\"http:\/\/www.newslettercreator.com\/partnership\/\" target=\"_self\" rel=\"noopener\">MailStyler-Partner werden<\/a><\/p>\n<\/div><\/div>\n","protected":false},"excerpt":{"rendered":"","protected":false},"author":1,"featured_media":0,"parent":0,"menu_order":0,"comment_status":"closed","ping_status":"closed","template":"g1_template_page_full_sections.php","meta":{"inline_featured_image":false,"_monsterinsights_skip_tracking":false,"_monsterinsights_sitenote_active":false,"_monsterinsights_sitenote_note":"","_monsterinsights_sitenote_category":0,"footnotes":""},"class_list":["post-1104","page","type-page","status-publish"],"yoast_head":"<!-- This site is optimized with the Yoast SEO plugin v25.2 - https:\/\/yoast.com\/wordpress\/plugins\/seo\/ -->\n<title>Preise - Newsletter Creator<\/title>\n<meta name=\"robots\" content=\"index, follow, max-snippet:-1, max-image-preview:large, max-video-preview:-1\" \/>\n<link rel=\"canonical\" href=\"https:\/\/www.newslettercreator.com\/de\/preise\/\" \/>\n<meta property=\"og:locale\" content=\"de_DE\" \/>\n<meta property=\"og:type\" content=\"article\" \/>\n<meta property=\"og:title\" content=\"Preise - Newsletter Creator\" \/>\n<meta property=\"og:url\" content=\"https:\/\/www.newslettercreator.com\/de\/preise\/\" \/>\n<meta property=\"og:site_name\" content=\"Newsletter Creator\" \/>\n<meta property=\"article:modified_time\" content=\"2022-03-03T11:18:07+00:00\" \/>\n<meta property=\"og:image\" content=\"https:\/\/www.newslettercreator.com\/wp-content\/uploads\/2022\/03\/unsplash-18x79-1.svg\" \/>\n<meta name=\"twitter:label1\" content=\"Gesch\u00e4tzte Lesezeit\" \/>\n\t<meta name=\"twitter:data1\" content=\"4\u00a0Minuten\" \/>\n<script type=\"application\/ld+json\" class=\"yoast-schema-graph\">{\"@context\":\"https:\/\/schema.org\",\"@graph\":[{\"@type\":\"WebPage\",\"@id\":\"https:\/\/www.newslettercreator.com\/de\/preise\/\",\"url\":\"https:\/\/www.newslettercreator.com\/de\/preise\/\",\"name\":\"Preise - Newsletter Creator\",\"isPartOf\":{\"@id\":\"https:\/\/www.newslettercreator.com\/#website\"},\"primaryImageOfPage\":{\"@id\":\"https:\/\/www.newslettercreator.com\/de\/preise\/#primaryimage\"},\"image\":{\"@id\":\"https:\/\/www.newslettercreator.com\/de\/preise\/#primaryimage\"},\"thumbnailUrl\":\"https:\/\/www.newslettercreator.com\/wp-content\/uploads\/2022\/03\/unsplash-18x79-1.svg\",\"datePublished\":\"2014-08-28T07:32:28+00:00\",\"dateModified\":\"2022-03-03T11:18:07+00:00\",\"breadcrumb\":{\"@id\":\"https:\/\/www.newslettercreator.com\/de\/preise\/#breadcrumb\"},\"inLanguage\":\"de\",\"potentialAction\":[{\"@type\":\"ReadAction\",\"target\":[\"https:\/\/www.newslettercreator.com\/de\/preise\/\"]}]},{\"@type\":\"ImageObject\",\"inLanguage\":\"de\",\"@id\":\"https:\/\/www.newslettercreator.com\/de\/preise\/#primaryimage\",\"url\":\"https:\/\/www.newslettercreator.com\/wp-content\/uploads\/2022\/03\/unsplash-18x79-1.svg\",\"contentUrl\":\"https:\/\/www.newslettercreator.com\/wp-content\/uploads\/2022\/03\/unsplash-18x79-1.svg\"},{\"@type\":\"BreadcrumbList\",\"@id\":\"https:\/\/www.newslettercreator.com\/de\/preise\/#breadcrumb\",\"itemListElement\":[{\"@type\":\"ListItem\",\"position\":1,\"name\":\"Home\",\"item\":\"https:\/\/www.newslettercreator.com\/de\/\"},{\"@type\":\"ListItem\",\"position\":2,\"name\":\"Preise\"}]},{\"@type\":\"WebSite\",\"@id\":\"https:\/\/www.newslettercreator.com\/#website\",\"url\":\"https:\/\/www.newslettercreator.com\/\",\"name\":\"Newsletter Creator\",\"description\":\"Pay off\",\"potentialAction\":[{\"@type\":\"SearchAction\",\"target\":{\"@type\":\"EntryPoint\",\"urlTemplate\":\"https:\/\/www.newslettercreator.com\/?s={search_term_string}\"},\"query-input\":{\"@type\":\"PropertyValueSpecification\",\"valueRequired\":true,\"valueName\":\"search_term_string\"}}],\"inLanguage\":\"de\"}]}<\/script>\n<!-- \/ Yoast SEO plugin. -->","yoast_head_json":{"title":"Preise - Newsletter Creator","robots":{"index":"index","follow":"follow","max-snippet":"max-snippet:-1","max-image-preview":"max-image-preview:large","max-video-preview":"max-video-preview:-1"},"canonical":"https:\/\/www.newslettercreator.com\/de\/preise\/","og_locale":"de_DE","og_type":"article","og_title":"Preise - Newsletter Creator","og_url":"https:\/\/www.newslettercreator.com\/de\/preise\/","og_site_name":"Newsletter Creator","article_modified_time":"2022-03-03T11:18:07+00:00","og_image":[{"url":"https:\/\/www.newslettercreator.com\/wp-content\/uploads\/2022\/03\/unsplash-18x79-1.svg","type":"","width":"","height":""}],"twitter_misc":{"Gesch\u00e4tzte Lesezeit":"4\u00a0Minuten"},"schema":{"@context":"https:\/\/schema.org","@graph":[{"@type":"WebPage","@id":"https:\/\/www.newslettercreator.com\/de\/preise\/","url":"https:\/\/www.newslettercreator.com\/de\/preise\/","name":"Preise - Newsletter Creator","isPartOf":{"@id":"https:\/\/www.newslettercreator.com\/#website"},"primaryImageOfPage":{"@id":"https:\/\/www.newslettercreator.com\/de\/preise\/#primaryimage"},"image":{"@id":"https:\/\/www.newslettercreator.com\/de\/preise\/#primaryimage"},"thumbnailUrl":"https:\/\/www.newslettercreator.com\/wp-content\/uploads\/2022\/03\/unsplash-18x79-1.svg","datePublished":"2014-08-28T07:32:28+00:00","dateModified":"2022-03-03T11:18:07+00:00","breadcrumb":{"@id":"https:\/\/www.newslettercreator.com\/de\/preise\/#breadcrumb"},"inLanguage":"de","potentialAction":[{"@type":"ReadAction","target":["https:\/\/www.newslettercreator.com\/de\/preise\/"]}]},{"@type":"ImageObject","inLanguage":"de","@id":"https:\/\/www.newslettercreator.com\/de\/preise\/#primaryimage","url":"https:\/\/www.newslettercreator.com\/wp-content\/uploads\/2022\/03\/unsplash-18x79-1.svg","contentUrl":"https:\/\/www.newslettercreator.com\/wp-content\/uploads\/2022\/03\/unsplash-18x79-1.svg"},{"@type":"BreadcrumbList","@id":"https:\/\/www.newslettercreator.com\/de\/preise\/#breadcrumb","itemListElement":[{"@type":"ListItem","position":1,"name":"Home","item":"https:\/\/www.newslettercreator.com\/de\/"},{"@type":"ListItem","position":2,"name":"Preise"}]},{"@type":"WebSite","@id":"https:\/\/www.newslettercreator.com\/#website","url":"https:\/\/www.newslettercreator.com\/","name":"Newsletter Creator","description":"Pay off","potentialAction":[{"@type":"SearchAction","target":{"@type":"EntryPoint","urlTemplate":"https:\/\/www.newslettercreator.com\/?s={search_term_string}"},"query-input":{"@type":"PropertyValueSpecification","valueRequired":true,"valueName":"search_term_string"}}],"inLanguage":"de"}]}},"_links":{"self":[{"href":"https:\/\/www.newslettercreator.com\/de\/wp-json\/wp\/v2\/pages\/1104","targetHints":{"allow":["GET"]}}],"collection":[{"href":"https:\/\/www.newslettercreator.com\/de\/wp-json\/wp\/v2\/pages"}],"about":[{"href":"https:\/\/www.newslettercreator.com\/de\/wp-json\/wp\/v2\/types\/page"}],"author":[{"embeddable":true,"href":"https:\/\/www.newslettercreator.com\/de\/wp-json\/wp\/v2\/users\/1"}],"replies":[{"embeddable":true,"href":"https:\/\/www.newslettercreator.com\/de\/wp-json\/wp\/v2\/comments?post=1104"}],"version-history":[{"count":27,"href":"https:\/\/www.newslettercreator.com\/de\/wp-json\/wp\/v2\/pages\/1104\/revisions"}],"predecessor-version":[{"id":11711,"href":"https:\/\/www.newslettercreator.com\/de\/wp-json\/wp\/v2\/pages\/1104\/revisions\/11711"}],"wp:attachment":[{"href":"https:\/\/www.newslettercreator.com\/de\/wp-json\/wp\/v2\/media?parent=1104"}],"curies":[{"name":"wp","href":"https:\/\/api.w.org\/{rel}","templated":true}]}}