{"id":1113,"date":"2014-08-28T07:50:40","date_gmt":"2014-08-28T07:50:40","guid":{"rendered":"http:\/\/www.newslettercreator.com\/?page_id=1113"},"modified":"2022-03-04T10:37:08","modified_gmt":"2022-03-04T09:37:08","slug":"basis-bildbibliothek","status":"publish","type":"page","link":"https:\/\/www.newslettercreator.com\/de\/basis-bildbibliothek\/","title":{"rendered":"Basis-Bildbibliothek"},"content":{"rendered":"<p><img decoding=\"async\" class=\"alignnone size-full wp-image-387\" src=\"http:\/\/www.newslettercreator.com\/wp-content\/uploads\/2014\/04\/library-base.jpg\" alt=\"Basis-Bilderbibliothek\" width=\"649\" height=\"423\" srcset=\"https:\/\/www.newslettercreator.com\/wp-content\/uploads\/2014\/04\/library-base.jpg 649w, https:\/\/www.newslettercreator.com\/wp-content\/uploads\/2014\/04\/library-base-300x195.jpg 300w\" sizes=\"(max-width: 649px) 100vw, 649px\" \/><\/p>\n<p>Mit der <strong>Demo-<\/strong> und <strong>Base-Version<\/strong> k\u00f6nnen Sie <strong>k\u00f6nnen nur auf die MailStyler Bibliothek zugreifen<\/strong> und bis zu drei Bilder pro Kategorie ohne Wasserzeichen benutzen (das ergibt in Summe mehr als 200 Bilder), jedes weitere Bild erh\u00e4lt ein Wasserzeichen mit unserem Logo. Alle Bilder haben eine Aufl\u00f6sung von 800\u00d7600 Pixeln.<\/p>\n<h2>M\u00f6chten Sie mehr?<br \/>\n<\/h2>\n<p>Eine riesige Auswahl an professionellen, gebrauchsfertigen Fotos und Bildern ist Basis f\u00fcr die Erstellung eines effektiven Newsletters. Deshalb ist bei <strong>MailStyler Pro<\/strong> die <strong>Erweiterte Bilderbibliothek<\/strong> inbegriffen:<\/p>\n<ul>\n<li><strong>mehr als 3,5 Millionen<\/strong> Bilder in hoher Qualit\u00e4t;<\/li>\n<li>MailStyler Bilderbibliothek (2.000+ Bilder);<\/li>\n<li><img decoding=\"async\" src=\"https:\/\/www.newslettercreator.com\/wp-content\/uploads\/2022\/03\/unsplash-18x79-1.svg\" width=\"79\" height=\"18\" style=\"margin-bottom: -3px; opacity: 0.8;\"> Bilderbibliothek (1 Million Bilder);<\/li>\n<li><img decoding=\"async\" src=\"https:\/\/www.newslettercreator.com\/wp-content\/uploads\/2022\/03\/pixabay-18x93-1.svg\" width=\"93\" height=\"18\" style=\"margin-bottom: -3px;\"> Bilderbibliothek (2.5 millionen Bilder).<\/li>\n<\/ul>\n<p>Die Bibliothek ist in <strong>57 Kategorien<\/strong> unterteilt \u2013 von Kunst bis Autos, von Elektronik bis Mode, von Sport bis Spiele etc. \u2013 Zuz\u00fcglich einer Sammlung mit Icons speziell f\u00fcr Social Media und <strong>Suchfunktion<\/strong>. So finden Sie ganz einfach genau das Bild, das zu Ihrer Branche passt und k\u00f6nnen sich dabei immer darauf verlassen, dass es sich um <strong>erstklassiges Bildmaterial handelt<\/strong>.<\/p>\n<p>Wenn Sie alle Bilder in hoher Aufl\u00f6sung und ohne Wasserzeichen benutzen m\u00f6chten, ben\u00f6tigen Sie die Pro-Version. Mit ihr erhalten Sie <a href=\"http:\/\/www.newslettercreator.com\/de\/erweiterte-bildbibliothek\/\"><strong>vollen Zugang zur erweiterten Bilderbibliothek<\/strong><\/a>.<\/p>\n","protected":false},"excerpt":{"rendered":"<p>Mit der Demo- und Base-Version k\u00f6nnen Sie k\u00f6nnen nur auf die MailStyler Bibliothek zugreifen und bis zu drei Bilder pro Kategorie ohne Wasserzeichen benutzen (das ergibt in Summe mehr als 200 Bilder), jedes weitere Bild erh\u00e4lt ein Wasserzeichen mit unserem Logo. Alle Bilder haben eine Aufl\u00f6sung von 800\u00d7600 Pixeln. M\u00f6chten Sie mehr? Eine riesige Auswahl [&hellip;]<\/p>\n","protected":false},"author":1,"featured_media":0,"parent":0,"menu_order":0,"comment_status":"closed","ping_status":"closed","template":"g1_template_page_sidebar_right.php","meta":{"inline_featured_image":false,"_monsterinsights_skip_tracking":false,"_monsterinsights_sitenote_active":false,"_monsterinsights_sitenote_note":"","_monsterinsights_sitenote_category":0,"footnotes":""},"class_list":["post-1113","page","type-page","status-publish"],"yoast_head":"<!-- This site is optimized with the Yoast SEO plugin v25.2 - https:\/\/yoast.com\/wordpress\/plugins\/seo\/ -->\n<title>Basis-Bildbibliothek - Newsletter Creator<\/title>\n<meta name=\"robots\" content=\"index, follow, max-snippet:-1, max-image-preview:large, max-video-preview:-1\" \/>\n<link rel=\"canonical\" href=\"https:\/\/www.newslettercreator.com\/de\/basis-bildbibliothek\/\" \/>\n<meta property=\"og:locale\" content=\"de_DE\" \/>\n<meta property=\"og:type\" content=\"article\" \/>\n<meta property=\"og:title\" content=\"Basis-Bildbibliothek - Newsletter Creator\" \/>\n<meta property=\"og:description\" content=\"Mit der Demo- und Base-Version k\u00f6nnen Sie k\u00f6nnen nur auf die MailStyler Bibliothek zugreifen und bis zu drei Bilder pro Kategorie ohne Wasserzeichen benutzen (das ergibt in Summe mehr als 200 Bilder), jedes weitere Bild erh\u00e4lt ein Wasserzeichen mit unserem Logo. Alle Bilder haben eine Aufl\u00f6sung von 800\u00d7600 Pixeln. M\u00f6chten Sie mehr? Eine riesige Auswahl [&hellip;]\" \/>\n<meta property=\"og:url\" content=\"https:\/\/www.newslettercreator.com\/de\/basis-bildbibliothek\/\" \/>\n<meta property=\"og:site_name\" content=\"Newsletter Creator\" \/>\n<meta property=\"article:modified_time\" content=\"2022-03-04T09:37:08+00:00\" \/>\n<meta property=\"og:image\" content=\"http:\/\/www.newslettercreator.com\/wp-content\/uploads\/2014\/04\/library-base.jpg\" \/>\n<meta name=\"twitter:label1\" content=\"Gesch\u00e4tzte Lesezeit\" \/>\n\t<meta name=\"twitter:data1\" content=\"1\u00a0Minute\" \/>\n<script type=\"application\/ld+json\" class=\"yoast-schema-graph\">{\"@context\":\"https:\/\/schema.org\",\"@graph\":[{\"@type\":\"WebPage\",\"@id\":\"https:\/\/www.newslettercreator.com\/de\/basis-bildbibliothek\/\",\"url\":\"https:\/\/www.newslettercreator.com\/de\/basis-bildbibliothek\/\",\"name\":\"Basis-Bildbibliothek - Newsletter Creator\",\"isPartOf\":{\"@id\":\"https:\/\/www.newslettercreator.com\/#website\"},\"primaryImageOfPage\":{\"@id\":\"https:\/\/www.newslettercreator.com\/de\/basis-bildbibliothek\/#primaryimage\"},\"image\":{\"@id\":\"https:\/\/www.newslettercreator.com\/de\/basis-bildbibliothek\/#primaryimage\"},\"thumbnailUrl\":\"http:\/\/www.newslettercreator.com\/wp-content\/uploads\/2014\/04\/library-base.jpg\",\"datePublished\":\"2014-08-28T07:50:40+00:00\",\"dateModified\":\"2022-03-04T09:37:08+00:00\",\"breadcrumb\":{\"@id\":\"https:\/\/www.newslettercreator.com\/de\/basis-bildbibliothek\/#breadcrumb\"},\"inLanguage\":\"de\",\"potentialAction\":[{\"@type\":\"ReadAction\",\"target\":[\"https:\/\/www.newslettercreator.com\/de\/basis-bildbibliothek\/\"]}]},{\"@type\":\"ImageObject\",\"inLanguage\":\"de\",\"@id\":\"https:\/\/www.newslettercreator.com\/de\/basis-bildbibliothek\/#primaryimage\",\"url\":\"http:\/\/www.newslettercreator.com\/wp-content\/uploads\/2014\/04\/library-base.jpg\",\"contentUrl\":\"http:\/\/www.newslettercreator.com\/wp-content\/uploads\/2014\/04\/library-base.jpg\"},{\"@type\":\"BreadcrumbList\",\"@id\":\"https:\/\/www.newslettercreator.com\/de\/basis-bildbibliothek\/#breadcrumb\",\"itemListElement\":[{\"@type\":\"ListItem\",\"position\":1,\"name\":\"Home\",\"item\":\"https:\/\/www.newslettercreator.com\/de\/\"},{\"@type\":\"ListItem\",\"position\":2,\"name\":\"Basis-Bildbibliothek\"}]},{\"@type\":\"WebSite\",\"@id\":\"https:\/\/www.newslettercreator.com\/#website\",\"url\":\"https:\/\/www.newslettercreator.com\/\",\"name\":\"Newsletter Creator\",\"description\":\"Pay off\",\"potentialAction\":[{\"@type\":\"SearchAction\",\"target\":{\"@type\":\"EntryPoint\",\"urlTemplate\":\"https:\/\/www.newslettercreator.com\/?s={search_term_string}\"},\"query-input\":{\"@type\":\"PropertyValueSpecification\",\"valueRequired\":true,\"valueName\":\"search_term_string\"}}],\"inLanguage\":\"de\"}]}<\/script>\n<!-- \/ Yoast SEO plugin. -->","yoast_head_json":{"title":"Basis-Bildbibliothek - Newsletter Creator","robots":{"index":"index","follow":"follow","max-snippet":"max-snippet:-1","max-image-preview":"max-image-preview:large","max-video-preview":"max-video-preview:-1"},"canonical":"https:\/\/www.newslettercreator.com\/de\/basis-bildbibliothek\/","og_locale":"de_DE","og_type":"article","og_title":"Basis-Bildbibliothek - Newsletter Creator","og_description":"Mit der Demo- und Base-Version k\u00f6nnen Sie k\u00f6nnen nur auf die MailStyler Bibliothek zugreifen und bis zu drei Bilder pro Kategorie ohne Wasserzeichen benutzen (das ergibt in Summe mehr als 200 Bilder), jedes weitere Bild erh\u00e4lt ein Wasserzeichen mit unserem Logo. Alle Bilder haben eine Aufl\u00f6sung von 800\u00d7600 Pixeln. M\u00f6chten Sie mehr? Eine riesige Auswahl [&hellip;]","og_url":"https:\/\/www.newslettercreator.com\/de\/basis-bildbibliothek\/","og_site_name":"Newsletter Creator","article_modified_time":"2022-03-04T09:37:08+00:00","og_image":[{"url":"http:\/\/www.newslettercreator.com\/wp-content\/uploads\/2014\/04\/library-base.jpg","type":"","width":"","height":""}],"twitter_misc":{"Gesch\u00e4tzte Lesezeit":"1\u00a0Minute"},"schema":{"@context":"https:\/\/schema.org","@graph":[{"@type":"WebPage","@id":"https:\/\/www.newslettercreator.com\/de\/basis-bildbibliothek\/","url":"https:\/\/www.newslettercreator.com\/de\/basis-bildbibliothek\/","name":"Basis-Bildbibliothek - Newsletter Creator","isPartOf":{"@id":"https:\/\/www.newslettercreator.com\/#website"},"primaryImageOfPage":{"@id":"https:\/\/www.newslettercreator.com\/de\/basis-bildbibliothek\/#primaryimage"},"image":{"@id":"https:\/\/www.newslettercreator.com\/de\/basis-bildbibliothek\/#primaryimage"},"thumbnailUrl":"http:\/\/www.newslettercreator.com\/wp-content\/uploads\/2014\/04\/library-base.jpg","datePublished":"2014-08-28T07:50:40+00:00","dateModified":"2022-03-04T09:37:08+00:00","breadcrumb":{"@id":"https:\/\/www.newslettercreator.com\/de\/basis-bildbibliothek\/#breadcrumb"},"inLanguage":"de","potentialAction":[{"@type":"ReadAction","target":["https:\/\/www.newslettercreator.com\/de\/basis-bildbibliothek\/"]}]},{"@type":"ImageObject","inLanguage":"de","@id":"https:\/\/www.newslettercreator.com\/de\/basis-bildbibliothek\/#primaryimage","url":"http:\/\/www.newslettercreator.com\/wp-content\/uploads\/2014\/04\/library-base.jpg","contentUrl":"http:\/\/www.newslettercreator.com\/wp-content\/uploads\/2014\/04\/library-base.jpg"},{"@type":"BreadcrumbList","@id":"https:\/\/www.newslettercreator.com\/de\/basis-bildbibliothek\/#breadcrumb","itemListElement":[{"@type":"ListItem","position":1,"name":"Home","item":"https:\/\/www.newslettercreator.com\/de\/"},{"@type":"ListItem","position":2,"name":"Basis-Bildbibliothek"}]},{"@type":"WebSite","@id":"https:\/\/www.newslettercreator.com\/#website","url":"https:\/\/www.newslettercreator.com\/","name":"Newsletter Creator","description":"Pay off","potentialAction":[{"@type":"SearchAction","target":{"@type":"EntryPoint","urlTemplate":"https:\/\/www.newslettercreator.com\/?s={search_term_string}"},"query-input":{"@type":"PropertyValueSpecification","valueRequired":true,"valueName":"search_term_string"}}],"inLanguage":"de"}]}},"_links":{"self":[{"href":"https:\/\/www.newslettercreator.com\/de\/wp-json\/wp\/v2\/pages\/1113","targetHints":{"allow":["GET"]}}],"collection":[{"href":"https:\/\/www.newslettercreator.com\/de\/wp-json\/wp\/v2\/pages"}],"about":[{"href":"https:\/\/www.newslettercreator.com\/de\/wp-json\/wp\/v2\/types\/page"}],"author":[{"embeddable":true,"href":"https:\/\/www.newslettercreator.com\/de\/wp-json\/wp\/v2\/users\/1"}],"replies":[{"embeddable":true,"href":"https:\/\/www.newslettercreator.com\/de\/wp-json\/wp\/v2\/comments?post=1113"}],"version-history":[{"count":5,"href":"https:\/\/www.newslettercreator.com\/de\/wp-json\/wp\/v2\/pages\/1113\/revisions"}],"predecessor-version":[{"id":11775,"href":"https:\/\/www.newslettercreator.com\/de\/wp-json\/wp\/v2\/pages\/1113\/revisions\/11775"}],"wp:attachment":[{"href":"https:\/\/www.newslettercreator.com\/de\/wp-json\/wp\/v2\/media?parent=1113"}],"curies":[{"name":"wp","href":"https:\/\/api.w.org\/{rel}","templated":true}]}}