{"id":4028,"date":"2015-12-05T08:26:05","date_gmt":"2015-12-05T08:26:05","guid":{"rendered":"http:\/\/www.newslettercreator.com\/de\/?page_id=4028"},"modified":"2025-12-04T16:54:12","modified_gmt":"2025-12-04T15:54:12","slug":"mailstyler-lizenzvereinbarung","status":"publish","type":"page","link":"https:\/\/www.newslettercreator.com\/de\/mailstyler-lizenzvereinbarung\/","title":{"rendered":"MailStyler Lizenzvereinbarung"},"content":{"rendered":"<p>Dieser Endbenutzer-Lizenzvertrag (\u201cEULA\u201d) ist ein rechtsg\u00fcltiger Vertrag zwischen Ihnen und Delivery Tech. Durch die Nutzung der Software, die mit dieser Vereinbarung verbunden ist, erkl\u00e4ren Sie sich mit den Bedingungen dieses EULAs einverstanden. Lesen Sie diese Lizenzvereinbarung sorgf\u00e4ltig durch, bevor sie die Installation abschlie\u00dfen und die Software benutzen. Wenn Sie nicht mit den Bedingungen dieser EULA einverstanden sind, installieren oder verwenden Sie die Software nicht. Durch Installation, Kopieren oder anderweitiger Nutzung der Software erkl\u00e4ren Sie sich mit den Bedingungen dieses EULAs gebunden zu sein.<\/p>\n<p>&nbsp;<\/p>\n<h2>Lizenzgew\u00e4hrung<\/h2>\n<p>Delivery Tech gew\u00e4hrt Ihnen das Recht, eine Kopie der Software auf einem einzigen Computer zu benutzen. Damit ist Ihre Firma oder die juristische Person gemeint, die die finanziellen Mittel zur Bezahlung der Lizenzgeb\u00fchren bereitstellt. \u201eBenutzen\u201c beinhaltet das Speichern, Laden, Installieren, Ausf\u00fchren oder Zeigen der Software. Es ist nicht erlaubt, die Software zu ver\u00e4ndern oder deren Lizenz- und Kontrollfunktion zu umgehen, es sei denn es handelt sich dabei um die daf\u00fcr vorgesehenen programmierten Funktionen der Software. Diese Lizenz ist nicht auf ein anderes System, eine andere Firma oder eine andere Person \u00fcbertragbar.<\/p>\n<p>&nbsp;<\/p>\n<h2>Eigentumserkl\u00e4rung<\/h2>\n<p>Die Software und deren Urheberrecht geh\u00f6ren Delivery Tech. Der Erwerb einer Lizenz gew\u00e4hrt kein Eigentumsanspruch der Software und ist nicht als Ankauf von Rechten zu interpretieren.<\/p>\n<p>&nbsp;<\/p>\n<h2>Copyright<\/h2>\n<p>Die Software und alle Rechte, einschlie\u00dflich der Eigentumsrechte, sind in Besitz von Delivery Tech oder dessen Lieferanten und sind durch Urheberrechtsgesetze, internationalen Copyright-Gesetzen, sowie weiteren Gesetzen zum Schutz von geistigem Eigentum, gesch\u00fctzt. Ihnen wird nur eine Lizenz, nicht die Software an sich verkauft. Bei Ihnen entsteht kein Besitzanspruch auf das geistige Eigentum der Software. Alle Anspr\u00fcche und Besitzrechte der Software verbleiben exklusiv bei Delivery Tech, es sei denn, in dieser Lizenzvereinbarung wird ausdr\u00fccklich auf eine Gestattung hingewiesen. Sie erkennen zudem an, dass jede Kopie der Software die gleichen Bestimmungen der Besitzrechte enth\u00e4lt, die in und auf der Software auftauchen.<\/p>\n<p>&nbsp;<\/p>\n<h2>Reverse engineering<\/h2>\n<p>Sie erkl\u00e4ren sich damit einverstanden, dass es verboten ist, die Software im Ganzen oder auch nur in Teilen zur\u00fcckzuentwickeln, zu modifizieren, \u00fcbersetzen oder disassemblieren.<\/p>\n<p>&nbsp;<\/p>\n<h2>Keine Garantie<\/h2>\n<p>Die Software wird \u201cwie bereitgestellt\u201d angeboten, ohne Garantie jeglicher Art. Delivery Tech lehnt jegliche Art von ausdr\u00fccklicher und stillschweigender Gew\u00e4hrleistung \u00fcber die Gebrauchsfertigkeit, Korrektheit oder die Verletzung von Rechten Dritter ab. Manche Rechtssysteme verbieten den Ausschluss von stillschweigenden Gew\u00e4hrleistungen, die Beschr\u00e4nkung der Dauer einer solchen oder den Ausschluss und die Beschr\u00e4nkung von Folgesch\u00e4den. Deshalb k\u00f6nnen die o.g. Ausschl\u00fcsse und Beschr\u00e4nkungen u.U. nicht f\u00fcr Sie zutreffend sein. Stattdessen k\u00f6nnten Ihnen Garantieanspr\u00fcche zustehen, die vom jeweils geltenden Rechtssystem abh\u00e4ngig sind.<\/p>\n<p>&nbsp;<\/p>\n<h2>Salvatorische Klausel<\/h2>\n<p>Sollten einzelne Bestimmungen dieses Vertrages unwirksam oder undurchf\u00fchrbar sein oder nach Vertragsschluss unwirksam oder undurchf\u00fchrbar werden, bleibt davon die Wirksamkeit des Vertrages im \u00dcbrigen unber\u00fchrt.<\/p>\n<p>&nbsp;<\/p>\n<h2>Haftungsbeschr\u00e4nkung<\/h2>\n<p>In keinem Fall haftet Delivery Tech oder seine Lieferanten f\u00fcr jegliche Art von Folgesch\u00e4den, spezielle, zuf\u00e4llige oder indirekte Sch\u00e4den sowie Sch\u00e4den, die aus dem Zustellen, der Leistung oder der Benutzung der Software hervorgehen, auch wenn Delivery Tech \u00fcber die M\u00f6glichkeit solcher Sch\u00e4den unterrichtet wurde. In keinem Fall \u00fcbernimmt Delivery Tech die Haftung f\u00fcr Forderungen jeglicher Art, inklusive Schadenersatzforderungen und \u00fcbernimmt auch nicht die Lizenzgeb\u00fchr, die Sie ggf. bezahlt haben.<\/p>\n<p>&nbsp;<\/p>\n<h2>Herrschendes Recht<\/h2>\n<p>Diese Vereinbarung wird von den Gesetzen des Landes Italien geregelt. Wenn die Ber\u00fccksichtigung dieser Vereinbarung ganz oder zum Teil von einem Gericht mit rechtlicher Zust\u00e4ndigkeit als nicht vollstreckbar befunden wird, dann soll die Ber\u00fccksichtigung so vollstreckt werden, dass sie dem urspr\u00fcnglichen Interesse der Vereinbarung so \u00e4hnlich wie m\u00f6glich nachkommt. Der \u00fcbrige Teil beh\u00e4lt seine Wirksamkeit in vollem Umfang bei.<\/p>\n<p>&nbsp;<\/p>\n<h2>Allgemeine Regeln<\/h2>\n<p>Diese Vereinbarung zwischen Ihnen und Delivery Tech l\u00f6st alle vorangegangenen Vereinbarungen, die sich auf diese Lizenz beziehen, ab. Wenn sich ein Teil dieser Vereinbarung als nichtig oder nicht vollstreckbar herausstellt, hat das keinen Einfluss auf die Rechtskraft des restlichen Vertrages, welcher in seinen Bedingungen wirksam und erzwingbar bleibt. Diese Vereinbarung wird automatisch beendet, wenn Sie deren Bedingungen nicht nachkommen. Delivery Tech kann diese Vereinbarung nach eigenem Ermessen jederzeit schriftlich anpassen.<\/p>\n<p>&nbsp;<\/p>\n<h2>Senden Sie keine unerw\u00fcnschten Emails!<\/h2>\n<p>Bitte beachten Sie, dass Sie allein und vollst\u00e4ndig f\u00fcr die von Ihnen gesendeten Nachrichten verantwortlich sind.<\/p>\n<p>Die Verwendung von mit MailStyler erstellten Vorlagen zum Versenden von unerw\u00fcnschten kommerziellen E-Mails (UCE), auch bekannt als Spam, ist strengstens untersagt. Das Versenden unerw\u00fcnschter E-Mails stellt in vielen Rechtsordnungen oft einen Gesetzesversto\u00df dar, und Sie haften allein f\u00fcr alle Sch\u00e4den, Strafen und Verst\u00f6\u00dfe, die sich aus solchen Handlungen ergeben.<\/p>\n<p>F\u00fcr den Fall, dass ein Benutzer mit MailStyler erstellte Vorlagen f\u00fcr Spam-Aktivit\u00e4ten oder andere Handlungen verwendet, die unsere Systeme negativ beeinflussen, behalten wir uns das Recht vor, unverz\u00fcglich alle notwendigen Verfahren einzuleiten, um den guten Ruf der von unserer Software und unseren Diensten verwendeten Domains und IP-Adressen aufrechtzuerhalten. Diese Verfahren k\u00f6nnen Folgendes umfassen, sind aber nicht darauf beschr\u00e4nkt:<\/p>\n<ul>\n<li>Sofortige K\u00fcndigung oder Aussetzung der Softwarelizenz des Benutzers.<\/li>\n<li>L\u00f6schung aller vom Benutzer auf den MailStyler-Cloud-Dienst hochgeladenen Inhalte und Dateien.<\/li>\n<li>Meldung der Aktivit\u00e4ten des Benutzers an die zust\u00e4ndigen Anti-Spam-Organisationen und Beh\u00f6rden.<\/li>\n<\/ul>\n<p>Die Einhaltung dieser Richtlinie ist zwingend erforderlich, um die fortlaufende Integrit\u00e4t und Zustellbarkeit unserer Dienste f\u00fcr alle Benutzer zu gew\u00e4hrleisten.<\/p>\n","protected":false},"excerpt":{"rendered":"<p>Dieser Endbenutzer-Lizenzvertrag (\u201cEULA\u201d) ist ein rechtsg\u00fcltiger Vertrag zwischen Ihnen und Delivery Tech. Durch die Nutzung der Software, die mit dieser Vereinbarung verbunden ist, erkl\u00e4ren Sie sich mit den Bedingungen dieses EULAs einverstanden. Lesen Sie diese Lizenzvereinbarung sorgf\u00e4ltig durch, bevor sie die Installation abschlie\u00dfen und die Software benutzen. Wenn Sie nicht mit den Bedingungen dieser EULA [&hellip;]<\/p>\n","protected":false},"author":1,"featured_media":0,"parent":0,"menu_order":0,"comment_status":"closed","ping_status":"closed","template":"g1_template_page_sidebar_right.php","meta":{"inline_featured_image":false,"_monsterinsights_skip_tracking":false,"_monsterinsights_sitenote_active":false,"_monsterinsights_sitenote_note":"","_monsterinsights_sitenote_category":0,"footnotes":""},"class_list":["post-4028","page","type-page","status-publish"],"yoast_head":"<!-- This site is optimized with the Yoast SEO plugin v25.2 - https:\/\/yoast.com\/wordpress\/plugins\/seo\/ -->\n<title>MailStyler Lizenzvereinbarung - Newsletter Creator<\/title>\n<meta name=\"robots\" content=\"index, follow, max-snippet:-1, max-image-preview:large, max-video-preview:-1\" \/>\n<link rel=\"canonical\" href=\"https:\/\/www.newslettercreator.com\/de\/mailstyler-lizenzvereinbarung\/\" \/>\n<meta property=\"og:locale\" content=\"de_DE\" \/>\n<meta property=\"og:type\" content=\"article\" \/>\n<meta property=\"og:title\" content=\"MailStyler Lizenzvereinbarung - Newsletter Creator\" \/>\n<meta property=\"og:description\" content=\"Dieser Endbenutzer-Lizenzvertrag (\u201cEULA\u201d) ist ein rechtsg\u00fcltiger Vertrag zwischen Ihnen und Delivery Tech. Durch die Nutzung der Software, die mit dieser Vereinbarung verbunden ist, erkl\u00e4ren Sie sich mit den Bedingungen dieses EULAs einverstanden. Lesen Sie diese Lizenzvereinbarung sorgf\u00e4ltig durch, bevor sie die Installation abschlie\u00dfen und die Software benutzen. Wenn Sie nicht mit den Bedingungen dieser EULA [&hellip;]\" \/>\n<meta property=\"og:url\" content=\"https:\/\/www.newslettercreator.com\/de\/mailstyler-lizenzvereinbarung\/\" \/>\n<meta property=\"og:site_name\" content=\"Newsletter Creator\" \/>\n<meta property=\"article:modified_time\" content=\"2025-12-04T15:54:12+00:00\" \/>\n<meta name=\"twitter:label1\" content=\"Gesch\u00e4tzte Lesezeit\" \/>\n\t<meta name=\"twitter:data1\" content=\"5\u00a0Minuten\" \/>\n<script type=\"application\/ld+json\" class=\"yoast-schema-graph\">{\"@context\":\"https:\/\/schema.org\",\"@graph\":[{\"@type\":\"WebPage\",\"@id\":\"https:\/\/www.newslettercreator.com\/de\/mailstyler-lizenzvereinbarung\/\",\"url\":\"https:\/\/www.newslettercreator.com\/de\/mailstyler-lizenzvereinbarung\/\",\"name\":\"MailStyler Lizenzvereinbarung - Newsletter Creator\",\"isPartOf\":{\"@id\":\"https:\/\/www.newslettercreator.com\/#website\"},\"datePublished\":\"2015-12-05T08:26:05+00:00\",\"dateModified\":\"2025-12-04T15:54:12+00:00\",\"breadcrumb\":{\"@id\":\"https:\/\/www.newslettercreator.com\/de\/mailstyler-lizenzvereinbarung\/#breadcrumb\"},\"inLanguage\":\"de\",\"potentialAction\":[{\"@type\":\"ReadAction\",\"target\":[\"https:\/\/www.newslettercreator.com\/de\/mailstyler-lizenzvereinbarung\/\"]}]},{\"@type\":\"BreadcrumbList\",\"@id\":\"https:\/\/www.newslettercreator.com\/de\/mailstyler-lizenzvereinbarung\/#breadcrumb\",\"itemListElement\":[{\"@type\":\"ListItem\",\"position\":1,\"name\":\"Home\",\"item\":\"https:\/\/www.newslettercreator.com\/de\/\"},{\"@type\":\"ListItem\",\"position\":2,\"name\":\"MailStyler Lizenzvereinbarung\"}]},{\"@type\":\"WebSite\",\"@id\":\"https:\/\/www.newslettercreator.com\/#website\",\"url\":\"https:\/\/www.newslettercreator.com\/\",\"name\":\"Newsletter Creator\",\"description\":\"Pay off\",\"potentialAction\":[{\"@type\":\"SearchAction\",\"target\":{\"@type\":\"EntryPoint\",\"urlTemplate\":\"https:\/\/www.newslettercreator.com\/?s={search_term_string}\"},\"query-input\":{\"@type\":\"PropertyValueSpecification\",\"valueRequired\":true,\"valueName\":\"search_term_string\"}}],\"inLanguage\":\"de\"}]}<\/script>\n<!-- \/ Yoast SEO plugin. -->","yoast_head_json":{"title":"MailStyler Lizenzvereinbarung - Newsletter Creator","robots":{"index":"index","follow":"follow","max-snippet":"max-snippet:-1","max-image-preview":"max-image-preview:large","max-video-preview":"max-video-preview:-1"},"canonical":"https:\/\/www.newslettercreator.com\/de\/mailstyler-lizenzvereinbarung\/","og_locale":"de_DE","og_type":"article","og_title":"MailStyler Lizenzvereinbarung - Newsletter Creator","og_description":"Dieser Endbenutzer-Lizenzvertrag (\u201cEULA\u201d) ist ein rechtsg\u00fcltiger Vertrag zwischen Ihnen und Delivery Tech. Durch die Nutzung der Software, die mit dieser Vereinbarung verbunden ist, erkl\u00e4ren Sie sich mit den Bedingungen dieses EULAs einverstanden. Lesen Sie diese Lizenzvereinbarung sorgf\u00e4ltig durch, bevor sie die Installation abschlie\u00dfen und die Software benutzen. Wenn Sie nicht mit den Bedingungen dieser EULA [&hellip;]","og_url":"https:\/\/www.newslettercreator.com\/de\/mailstyler-lizenzvereinbarung\/","og_site_name":"Newsletter Creator","article_modified_time":"2025-12-04T15:54:12+00:00","twitter_misc":{"Gesch\u00e4tzte Lesezeit":"5\u00a0Minuten"},"schema":{"@context":"https:\/\/schema.org","@graph":[{"@type":"WebPage","@id":"https:\/\/www.newslettercreator.com\/de\/mailstyler-lizenzvereinbarung\/","url":"https:\/\/www.newslettercreator.com\/de\/mailstyler-lizenzvereinbarung\/","name":"MailStyler Lizenzvereinbarung - Newsletter Creator","isPartOf":{"@id":"https:\/\/www.newslettercreator.com\/#website"},"datePublished":"2015-12-05T08:26:05+00:00","dateModified":"2025-12-04T15:54:12+00:00","breadcrumb":{"@id":"https:\/\/www.newslettercreator.com\/de\/mailstyler-lizenzvereinbarung\/#breadcrumb"},"inLanguage":"de","potentialAction":[{"@type":"ReadAction","target":["https:\/\/www.newslettercreator.com\/de\/mailstyler-lizenzvereinbarung\/"]}]},{"@type":"BreadcrumbList","@id":"https:\/\/www.newslettercreator.com\/de\/mailstyler-lizenzvereinbarung\/#breadcrumb","itemListElement":[{"@type":"ListItem","position":1,"name":"Home","item":"https:\/\/www.newslettercreator.com\/de\/"},{"@type":"ListItem","position":2,"name":"MailStyler Lizenzvereinbarung"}]},{"@type":"WebSite","@id":"https:\/\/www.newslettercreator.com\/#website","url":"https:\/\/www.newslettercreator.com\/","name":"Newsletter Creator","description":"Pay off","potentialAction":[{"@type":"SearchAction","target":{"@type":"EntryPoint","urlTemplate":"https:\/\/www.newslettercreator.com\/?s={search_term_string}"},"query-input":{"@type":"PropertyValueSpecification","valueRequired":true,"valueName":"search_term_string"}}],"inLanguage":"de"}]}},"_links":{"self":[{"href":"https:\/\/www.newslettercreator.com\/de\/wp-json\/wp\/v2\/pages\/4028","targetHints":{"allow":["GET"]}}],"collection":[{"href":"https:\/\/www.newslettercreator.com\/de\/wp-json\/wp\/v2\/pages"}],"about":[{"href":"https:\/\/www.newslettercreator.com\/de\/wp-json\/wp\/v2\/types\/page"}],"author":[{"embeddable":true,"href":"https:\/\/www.newslettercreator.com\/de\/wp-json\/wp\/v2\/users\/1"}],"replies":[{"embeddable":true,"href":"https:\/\/www.newslettercreator.com\/de\/wp-json\/wp\/v2\/comments?post=4028"}],"version-history":[{"count":2,"href":"https:\/\/www.newslettercreator.com\/de\/wp-json\/wp\/v2\/pages\/4028\/revisions"}],"predecessor-version":[{"id":11810,"href":"https:\/\/www.newslettercreator.com\/de\/wp-json\/wp\/v2\/pages\/4028\/revisions\/11810"}],"wp:attachment":[{"href":"https:\/\/www.newslettercreator.com\/de\/wp-json\/wp\/v2\/media?parent=4028"}],"curies":[{"name":"wp","href":"https:\/\/api.w.org\/{rel}","templated":true}]}}