{"id":4036,"date":"2015-12-05T08:49:40","date_gmt":"2015-12-05T08:49:40","guid":{"rendered":"http:\/\/www.newslettercreator.com\/de\/?page_id=4036"},"modified":"2015-12-05T08:49:40","modified_gmt":"2015-12-05T08:49:40","slug":"emails-im-responsive-design","status":"publish","type":"page","link":"https:\/\/www.newslettercreator.com\/de\/emails-im-responsive-design\/","title":{"rendered":"Emails im Responsive Design"},"content":{"rendered":"<p align=\"middle\"><a href=\"http:\/\/www.newslettercreator.com\/wp-content\/uploads\/2014\/11\/responsive-email-templates.png\"><img decoding=\"async\" src=\"http:\/\/www.newslettercreator.com\/wp-content\/uploads\/2014\/11\/responsive-email-templates.png\" alt=\"Emails im Responsive Design\" width=\"511\" height=\"404\" \"class= aligncenter size-full wp-image-2411\" srcset=\"https:\/\/www.newslettercreator.com\/wp-content\/uploads\/2014\/11\/responsive-email-templates.png 511w, https:\/\/www.newslettercreator.com\/wp-content\/uploads\/2014\/11\/responsive-email-templates-300x237.png 300w\" sizes=\"(max-width: 511px) 100vw, 511px\" \/><\/a><\/p>\n<p>Beim Erstellen einer Newsletter-Vorlage ist es \u00e4u\u00dferst wichtig, die Lesbarkeit auf verschiedensten Ger\u00e4ten sicherzustellen, d.h. eine Vorlage im <strong>Responsive Design<\/strong> zu erstellen.<\/p>\n<p>Mehr als die H\u00e4lfte Ihrer Leser wird Ihren Newsletter auf einem Smartphone oder Tablet \u00f6ffnen und ihn eventuell sp\u00e4ter noch einmal auf einem PC ansehen. Diese vielseitige Erreichbarkeit zwingt Sie dazu, eine <strong>Vorlage im Responsive Design<\/strong> zu schaffen. Nur so haben Sie immer die volle Aufmerksamkeit Ihrer Empf\u00e4nger. MailStyler bietet Ihnen genau das, mit der Einfachheit der Bedienung eines Drag&#038;Drop-Editors.<\/p>\n<p>Eine HTML Email-Vorlage im Responsive Design, die mit MailStyler erstellt wurde, garantiert ein optimales Leseerlebnis ohne Scrollen und Zoomen, da sich der Newsletter <strong>automatisch dem Display anpasst<\/strong>. Deshalb sieht er perfekt aus, <strong>egal womit er ge\u00f6ffnet wird<\/strong>: <a href=\"http:\/\/www.newslettercreator.com\/de\/kompatibilitaets-check-einer-newsletter-vorlage\/\" title=\"Kompatibilit\u00e4ts-Check einer Newsletter-Vorlage\">Sehen Sie selbst<\/a>.<\/p>\n<p>Verschwenden Sie keine Zeit damit, im Internet nach entsprechenden Vorlagen zu suchen und starten Sie <a href=\"http:\/\/www.newslettercreator.com\/de\/preise\/\" title=\"MailStyler Pro kaufen\">jetzt<\/a> Ihre eigene Email-Marketing Kampagne im Responsive Design mit MailStyler.<\/p>\n","protected":false},"excerpt":{"rendered":"<p>Beim Erstellen einer Newsletter-Vorlage ist es \u00e4u\u00dferst wichtig, die Lesbarkeit auf verschiedensten Ger\u00e4ten sicherzustellen, d.h. eine Vorlage im Responsive Design zu erstellen. Mehr als die H\u00e4lfte Ihrer Leser wird Ihren Newsletter auf einem Smartphone oder Tablet \u00f6ffnen und ihn eventuell sp\u00e4ter noch einmal auf einem PC ansehen. Diese vielseitige Erreichbarkeit zwingt Sie dazu, eine Vorlage [&hellip;]<\/p>\n","protected":false},"author":1,"featured_media":0,"parent":0,"menu_order":0,"comment_status":"closed","ping_status":"closed","template":"g1_template_page_sidebar_right.php","meta":{"inline_featured_image":false,"_monsterinsights_skip_tracking":false,"_monsterinsights_sitenote_active":false,"_monsterinsights_sitenote_note":"","_monsterinsights_sitenote_category":0,"footnotes":""},"class_list":["post-4036","page","type-page","status-publish"],"yoast_head":"<!-- This site is optimized with the Yoast SEO plugin v25.2 - https:\/\/yoast.com\/wordpress\/plugins\/seo\/ -->\n<title>Emails im Responsive Design - Newsletter Creator<\/title>\n<meta name=\"robots\" content=\"index, follow, max-snippet:-1, max-image-preview:large, max-video-preview:-1\" \/>\n<link rel=\"canonical\" href=\"https:\/\/www.newslettercreator.com\/de\/emails-im-responsive-design\/\" \/>\n<meta property=\"og:locale\" content=\"de_DE\" \/>\n<meta property=\"og:type\" content=\"article\" \/>\n<meta property=\"og:title\" content=\"Emails im Responsive Design - Newsletter Creator\" \/>\n<meta property=\"og:description\" content=\"Beim Erstellen einer Newsletter-Vorlage ist es \u00e4u\u00dferst wichtig, die Lesbarkeit auf verschiedensten Ger\u00e4ten sicherzustellen, d.h. eine Vorlage im Responsive Design zu erstellen. Mehr als die H\u00e4lfte Ihrer Leser wird Ihren Newsletter auf einem Smartphone oder Tablet \u00f6ffnen und ihn eventuell sp\u00e4ter noch einmal auf einem PC ansehen. Diese vielseitige Erreichbarkeit zwingt Sie dazu, eine Vorlage [&hellip;]\" \/>\n<meta property=\"og:url\" content=\"https:\/\/www.newslettercreator.com\/de\/emails-im-responsive-design\/\" \/>\n<meta property=\"og:site_name\" content=\"Newsletter Creator\" \/>\n<meta property=\"og:image\" content=\"http:\/\/www.newslettercreator.com\/wp-content\/uploads\/2014\/11\/responsive-email-templates.png\" \/>\n<meta name=\"twitter:label1\" content=\"Gesch\u00e4tzte Lesezeit\" \/>\n\t<meta name=\"twitter:data1\" content=\"1\u00a0Minute\" \/>\n<script type=\"application\/ld+json\" class=\"yoast-schema-graph\">{\"@context\":\"https:\/\/schema.org\",\"@graph\":[{\"@type\":\"WebPage\",\"@id\":\"https:\/\/www.newslettercreator.com\/de\/emails-im-responsive-design\/\",\"url\":\"https:\/\/www.newslettercreator.com\/de\/emails-im-responsive-design\/\",\"name\":\"Emails im Responsive Design - Newsletter Creator\",\"isPartOf\":{\"@id\":\"https:\/\/www.newslettercreator.com\/#website\"},\"primaryImageOfPage\":{\"@id\":\"https:\/\/www.newslettercreator.com\/de\/emails-im-responsive-design\/#primaryimage\"},\"image\":{\"@id\":\"https:\/\/www.newslettercreator.com\/de\/emails-im-responsive-design\/#primaryimage\"},\"thumbnailUrl\":\"http:\/\/www.newslettercreator.com\/wp-content\/uploads\/2014\/11\/responsive-email-templates.png\",\"datePublished\":\"2015-12-05T08:49:40+00:00\",\"breadcrumb\":{\"@id\":\"https:\/\/www.newslettercreator.com\/de\/emails-im-responsive-design\/#breadcrumb\"},\"inLanguage\":\"de\",\"potentialAction\":[{\"@type\":\"ReadAction\",\"target\":[\"https:\/\/www.newslettercreator.com\/de\/emails-im-responsive-design\/\"]}]},{\"@type\":\"ImageObject\",\"inLanguage\":\"de\",\"@id\":\"https:\/\/www.newslettercreator.com\/de\/emails-im-responsive-design\/#primaryimage\",\"url\":\"http:\/\/www.newslettercreator.com\/wp-content\/uploads\/2014\/11\/responsive-email-templates.png\",\"contentUrl\":\"http:\/\/www.newslettercreator.com\/wp-content\/uploads\/2014\/11\/responsive-email-templates.png\"},{\"@type\":\"BreadcrumbList\",\"@id\":\"https:\/\/www.newslettercreator.com\/de\/emails-im-responsive-design\/#breadcrumb\",\"itemListElement\":[{\"@type\":\"ListItem\",\"position\":1,\"name\":\"Home\",\"item\":\"https:\/\/www.newslettercreator.com\/de\/\"},{\"@type\":\"ListItem\",\"position\":2,\"name\":\"Emails im Responsive Design\"}]},{\"@type\":\"WebSite\",\"@id\":\"https:\/\/www.newslettercreator.com\/#website\",\"url\":\"https:\/\/www.newslettercreator.com\/\",\"name\":\"Newsletter Creator\",\"description\":\"Pay off\",\"potentialAction\":[{\"@type\":\"SearchAction\",\"target\":{\"@type\":\"EntryPoint\",\"urlTemplate\":\"https:\/\/www.newslettercreator.com\/?s={search_term_string}\"},\"query-input\":{\"@type\":\"PropertyValueSpecification\",\"valueRequired\":true,\"valueName\":\"search_term_string\"}}],\"inLanguage\":\"de\"}]}<\/script>\n<!-- \/ Yoast SEO plugin. -->","yoast_head_json":{"title":"Emails im Responsive Design - Newsletter Creator","robots":{"index":"index","follow":"follow","max-snippet":"max-snippet:-1","max-image-preview":"max-image-preview:large","max-video-preview":"max-video-preview:-1"},"canonical":"https:\/\/www.newslettercreator.com\/de\/emails-im-responsive-design\/","og_locale":"de_DE","og_type":"article","og_title":"Emails im Responsive Design - Newsletter Creator","og_description":"Beim Erstellen einer Newsletter-Vorlage ist es \u00e4u\u00dferst wichtig, die Lesbarkeit auf verschiedensten Ger\u00e4ten sicherzustellen, d.h. eine Vorlage im Responsive Design zu erstellen. Mehr als die H\u00e4lfte Ihrer Leser wird Ihren Newsletter auf einem Smartphone oder Tablet \u00f6ffnen und ihn eventuell sp\u00e4ter noch einmal auf einem PC ansehen. Diese vielseitige Erreichbarkeit zwingt Sie dazu, eine Vorlage [&hellip;]","og_url":"https:\/\/www.newslettercreator.com\/de\/emails-im-responsive-design\/","og_site_name":"Newsletter Creator","og_image":[{"url":"http:\/\/www.newslettercreator.com\/wp-content\/uploads\/2014\/11\/responsive-email-templates.png","type":"","width":"","height":""}],"twitter_misc":{"Gesch\u00e4tzte Lesezeit":"1\u00a0Minute"},"schema":{"@context":"https:\/\/schema.org","@graph":[{"@type":"WebPage","@id":"https:\/\/www.newslettercreator.com\/de\/emails-im-responsive-design\/","url":"https:\/\/www.newslettercreator.com\/de\/emails-im-responsive-design\/","name":"Emails im Responsive Design - Newsletter Creator","isPartOf":{"@id":"https:\/\/www.newslettercreator.com\/#website"},"primaryImageOfPage":{"@id":"https:\/\/www.newslettercreator.com\/de\/emails-im-responsive-design\/#primaryimage"},"image":{"@id":"https:\/\/www.newslettercreator.com\/de\/emails-im-responsive-design\/#primaryimage"},"thumbnailUrl":"http:\/\/www.newslettercreator.com\/wp-content\/uploads\/2014\/11\/responsive-email-templates.png","datePublished":"2015-12-05T08:49:40+00:00","breadcrumb":{"@id":"https:\/\/www.newslettercreator.com\/de\/emails-im-responsive-design\/#breadcrumb"},"inLanguage":"de","potentialAction":[{"@type":"ReadAction","target":["https:\/\/www.newslettercreator.com\/de\/emails-im-responsive-design\/"]}]},{"@type":"ImageObject","inLanguage":"de","@id":"https:\/\/www.newslettercreator.com\/de\/emails-im-responsive-design\/#primaryimage","url":"http:\/\/www.newslettercreator.com\/wp-content\/uploads\/2014\/11\/responsive-email-templates.png","contentUrl":"http:\/\/www.newslettercreator.com\/wp-content\/uploads\/2014\/11\/responsive-email-templates.png"},{"@type":"BreadcrumbList","@id":"https:\/\/www.newslettercreator.com\/de\/emails-im-responsive-design\/#breadcrumb","itemListElement":[{"@type":"ListItem","position":1,"name":"Home","item":"https:\/\/www.newslettercreator.com\/de\/"},{"@type":"ListItem","position":2,"name":"Emails im Responsive Design"}]},{"@type":"WebSite","@id":"https:\/\/www.newslettercreator.com\/#website","url":"https:\/\/www.newslettercreator.com\/","name":"Newsletter Creator","description":"Pay off","potentialAction":[{"@type":"SearchAction","target":{"@type":"EntryPoint","urlTemplate":"https:\/\/www.newslettercreator.com\/?s={search_term_string}"},"query-input":{"@type":"PropertyValueSpecification","valueRequired":true,"valueName":"search_term_string"}}],"inLanguage":"de"}]}},"_links":{"self":[{"href":"https:\/\/www.newslettercreator.com\/de\/wp-json\/wp\/v2\/pages\/4036","targetHints":{"allow":["GET"]}}],"collection":[{"href":"https:\/\/www.newslettercreator.com\/de\/wp-json\/wp\/v2\/pages"}],"about":[{"href":"https:\/\/www.newslettercreator.com\/de\/wp-json\/wp\/v2\/types\/page"}],"author":[{"embeddable":true,"href":"https:\/\/www.newslettercreator.com\/de\/wp-json\/wp\/v2\/users\/1"}],"replies":[{"embeddable":true,"href":"https:\/\/www.newslettercreator.com\/de\/wp-json\/wp\/v2\/comments?post=4036"}],"version-history":[{"count":1,"href":"https:\/\/www.newslettercreator.com\/de\/wp-json\/wp\/v2\/pages\/4036\/revisions"}],"predecessor-version":[{"id":4037,"href":"https:\/\/www.newslettercreator.com\/de\/wp-json\/wp\/v2\/pages\/4036\/revisions\/4037"}],"wp:attachment":[{"href":"https:\/\/www.newslettercreator.com\/de\/wp-json\/wp\/v2\/media?parent=4036"}],"curies":[{"name":"wp","href":"https:\/\/api.w.org\/{rel}","templated":true}]}}