{"id":4079,"date":"2015-12-10T14:02:22","date_gmt":"2015-12-10T14:02:22","guid":{"rendered":"http:\/\/www.newslettercreator.com\/de\/?page_id=4079"},"modified":"2021-05-07T08:52:34","modified_gmt":"2021-05-07T06:52:34","slug":"html-email-erstellung","status":"publish","type":"page","link":"https:\/\/www.newslettercreator.com\/de\/html-email-erstellung\/","title":{"rendered":"HTML Email-Erstellung"},"content":{"rendered":"<p>Eine <strong>HTML Email-Vorlage<\/strong> von Grund auf zu erstellen ist mit MailStyler unglaublich simpel. Trotzdem ist es n\u00fctzlich, die Grundlagen der Newsletter-Erstellung zu kennen, um die Kommunikation noch ansprechender und effektiver zu gestalten.<br \/>\nDeshalb finden Sie in diesem Bereich alles, was Sie wissen m\u00fcssen, um den <strong>perfekten HTML Newsletter<\/strong> zu erstellen: Tipps, wie Sie Ihre Email optimal aufbauen, sich ein authentisches Auftreten erschaffen, eine Newsletter-Vorlage bearbeiten, sowie die allerneusten Ideen zur Newsletter-Gestaltung mit kostenlosen Beispielen unterschiedlicher Newsletter-Formate und vieles mehr.<\/p>\n<ul class=\"g1-grid\"><li class=\"g1-column g1-one-third g1-valign-top\"><br \/>\n<div id=\"g1-box-counter-1\" class=\"g1-box g1-box--solid  g1-box--icon\" ><i class=\"fa fa-file-text g1-box__icon\"><\/i><div class=\"g1-box__inner\">\n<h3><a title=\"Erstellung einer Email-Vorlage\" href=\"http:\/\/www.newslettercreator.com\/de\/erstellung-einer-email-vorlage\/\">Erstellung einer Email-Vorlage<\/a><\/h3>\n<p>Was ist eine Email-Vorlage und womit startet man bei der Erstellung: Die hohe Kunst der Newsletter-Erstellung einfach erkl\u00e4rt.<br \/>\n<span class=\"more\"><a title=\"Erstellung einer Email-Vorlage\" href=\"http:\/\/www.newslettercreator.com\/de\/erstellung-einer-email-vorlage\/\">Lesen Sie mehr<\/a><\/span><br \/>\n<\/div><\/div><br \/>\n<\/li><!-- -->\n<li class=\"g1-column g1-one-third g1-valign-top\"><br \/>\n<div id=\"g1-box-counter-2\" class=\"g1-box g1-box--solid  g1-box--icon\" ><i class=\"fa fa-tint g1-box__icon\"><\/i><div class=\"g1-box__inner\">\n<h3><a title=\"Email-Design\" href=\"http:\/\/www.newslettercreator.com\/de\/email-design\/\">Email-Design<\/a><\/h3>\n<p>Aktuelle und interessante Tipps zur Email-Gestaltung, um Ihrem Newsletter einen frischen, innovativen Look zu verschaffen.<br \/>&nbsp;<br \/>\n<span class=\"more\"><a title=\"Email-Design\" href=\"http:\/\/www.newslettercreator.com\/de\/email-design\/\">Lesen Sie mehr<\/a><\/span><br \/>\n<\/div><\/div><br \/>\n<\/li><!-- -->\n<li class=\"g1-column g1-one-third g1-valign-top\"><br \/>\n<div id=\"g1-box-counter-3\" class=\"g1-box g1-box--solid  g1-box--icon\" ><i class=\"fa fa-th-large g1-box__icon\"><\/i><div class=\"g1-box__inner\">\n<h3><a title=\"Newsletter Beispiele\" href=\"http:\/\/www.newslettercreator.com\/de\/newsletter-beispiele\/\">Newsletter Beispiele<\/a><\/h3>\n<p>Ben\u00f6tigen Sie Inspiration f\u00fcr die Erstellung Ihrer eigenen Vorlage? Dann schauen Sie sich unsere Beispiel-Emails an.<br \/>&nbsp;<br \/>\n<span class=\"more\"><a title=\"Newsletter Beispiele\" href=\"http:\/\/www.newslettercreator.com\/de\/newsletter-beispiele\/\">Lesen Sie mehr<\/a><\/span><br \/>\n<\/div><\/div><br \/>\n<\/li><!-- --><\/ul>\n<ul class=\"g1-grid\"><li class=\"g1-column g1-one-third g1-valign-top\"><br \/>\n<div id=\"g1-box-counter-4\" class=\"g1-box g1-box--solid  g1-box--icon\" ><i class=\"fa fa-pencil-square-o g1-box__icon\"><\/i><div class=\"g1-box__inner\">\n<h3><a title=\"Erstellung eines Newsletters\" href=\"http:\/\/www.newslettercreator.com\/de\/erstellung-eines-newsletters\/\">Erstellung eines Newsletters<\/a><\/h3>\n<p>Die Kunst der Email-Erstellung liegt darin, den Leser kontinuierlich mit guten Ideen zu \u00fcberraschen. So langweilt er sich nicht und Sie erzielen Resultate. Hier finden Sie einige solcher Ideen.<br \/>\n<span class=\"more\"><a title=\"Erstellung eines Newsletters\" href=\"http:\/\/www.newslettercreator.com\/de\/erstellung-eines-newsletters\/\">Lesen Sie mehr<\/a><\/span><br \/>\n<\/div><\/div><br \/>\n<\/li><!-- -->\n<li class=\"g1-column g1-one-third g1-valign-top\"><br \/>\n<div id=\"g1-box-counter-5\" class=\"g1-box g1-box--solid  g1-box--icon\" ><i class=\"fa fa-code g1-box__icon\"><\/i><div class=\"g1-box__inner\">\n<h3><a title=\"HTML Email-Vorlagen\" href=\"http:\/\/www.newslettercreator.com\/de\/html-email-vorlagen\/\">HTML Email-Vorlagen<\/a><\/h3>\n<p>Mit MailStyler ist es extrem einfach ein kompatibles und effektives HTML Email-Layout zu erstellen, und das, ohne dabei auch nur eine einzige Code-Zeile zu schreiben.<br \/>&nbsp;<br \/>&nbsp;<br \/>\n<span class=\"more\"><a title=\"HTML Email-Vorlagen\" href=\"http:\/\/www.newslettercreator.com\/de\/html-email-vorlagen\/\">Lesen Sie mehr<\/a><\/span><br \/>\n<\/div><\/div><br \/>\n<\/li><!-- -->\n<li class=\"g1-column g1-one-third g1-valign-top\"><br \/>\n<div id=\"g1-box-counter-6\" class=\"g1-box g1-box--solid  g1-box--icon\" ><i class=\"fa fa-laptop g1-box__icon\"><\/i><div class=\"g1-box__inner\">\n<h3><a title=\"Vorlagen f\u00fcr Email-Programme\" href=\"http:\/\/www.newslettercreator.com\/de\/vorlagen-fuer-email-programme\/\">Vorlagen f\u00fcr Email-Programme<\/a><\/h3>\n<p>Wie man perfekt funktionierende Vorlagen f\u00fcr Email-Programme und -Plattformen wie Outlook oder Thunderbird erstellt.<br \/>&nbsp;<br \/>&nbsp;<br \/>\n<span class=\"more\"><a title=\"Vorlagen f\u00fcr Email-Programme\" href=\"http:\/\/www.newslettercreator.com\/de\/vorlagen-fuer-email-programme\/\">Lesen Sie mehr<\/a><\/span><br \/>\n<\/div><\/div><br \/>\n<\/li><!-- --><\/ul>\n<ul class=\"g1-grid\"><li class=\"g1-column g1-one-third g1-valign-top\"><br \/>\n<div id=\"g1-box-counter-7\" class=\"g1-box g1-box--solid  g1-box--icon\" ><i class=\"fa fa-cloud-upload g1-box__icon\"><\/i><div class=\"g1-box__inner\">\n<h3><a title=\"Vorlagen f\u00fcr Email-Marketing\" href=\"http:\/\/www.newslettercreator.com\/de\/vorlagen-fuer-email-marketing\/\">Vorlagen f\u00fcr Email-Marketing<\/a><\/h3>\n<p>Alles was Sie wissen m\u00fcssen, um ein gro\u00dfartiges Newsletter-Layout f\u00fcr Email-Marketing zu erstellen.<br \/>\n<span class=\"more\"><a title=\"Vorlagen f\u00fcr Email-Marketing\" href=\"http:\/\/www.newslettercreator.com\/de\/vorlagen-fuer-email-marketing\/\">Lesen Sie mehr<\/a><\/span><br \/>\n<\/div><\/div><br \/>\n<\/li><!-- -->\n<li class=\"g1-column g1-one-third g1-valign-top\"><br \/>\n<div id=\"g1-box-counter-8\" class=\"g1-box g1-box--solid  g1-box--icon\" ><i class=\"fa fa-desktop g1-box__icon\"><\/i><div class=\"g1-box__inner\">\n<h3><a title=\"Newsletter software\" href=\"http:\/\/www.newslettercreator.com\/de\/newsletter-software\/\">Newsletter<br \/>software<\/a><\/h3>\n<p>Informationen, Details und Know-How zu Programmen f\u00fcr die Email-Erstellung.<br \/>\n<span class=\"more\"><a title=\"Newsletter software\" href=\"http:\/\/www.newslettercreator.com\/de\/newsletter-software\/\">Lesen Sie mehr<\/a><\/span><br \/>\n<\/div><\/div><br \/>\n<\/li><!-- -->\n<p>&nbsp;<\/p>\n","protected":false},"excerpt":{"rendered":"<p>Eine HTML Email-Vorlage von Grund auf zu erstellen ist mit MailStyler unglaublich simpel. Trotzdem ist es n\u00fctzlich, die Grundlagen der Newsletter-Erstellung zu kennen, um die Kommunikation noch ansprechender und effektiver zu gestalten. Deshalb finden Sie in diesem Bereich alles, was Sie wissen m\u00fcssen, um den perfekten HTML Newsletter zu erstellen: Tipps, wie Sie Ihre Email [&hellip;]<\/p>\n","protected":false},"author":1,"featured_media":0,"parent":0,"menu_order":0,"comment_status":"closed","ping_status":"closed","template":"","meta":{"inline_featured_image":false,"_monsterinsights_skip_tracking":false,"_monsterinsights_sitenote_active":false,"_monsterinsights_sitenote_note":"","_monsterinsights_sitenote_category":0,"footnotes":""},"class_list":["post-4079","page","type-page","status-publish"],"yoast_head":"<!-- This site is optimized with the Yoast SEO plugin v25.2 - https:\/\/yoast.com\/wordpress\/plugins\/seo\/ -->\n<title>HTML Email-Erstellung - MailStyler Newsletter Creator<\/title>\n<meta name=\"description\" content=\"Eine HTML Email-Vorlage von Grund auf zu erstellen ist mit MailStyler unglaublich simpel. Lesen Sie unseren praktischen Leitfaden.\" \/>\n<meta name=\"robots\" content=\"index, follow, max-snippet:-1, max-image-preview:large, max-video-preview:-1\" \/>\n<link rel=\"canonical\" href=\"https:\/\/www.newslettercreator.com\/de\/html-email-erstellung\/\" \/>\n<meta property=\"og:locale\" content=\"de_DE\" \/>\n<meta property=\"og:type\" content=\"article\" \/>\n<meta property=\"og:title\" content=\"HTML Email-Erstellung - MailStyler Newsletter Creator\" \/>\n<meta property=\"og:description\" content=\"Eine HTML Email-Vorlage von Grund auf zu erstellen ist mit MailStyler unglaublich simpel. Lesen Sie unseren praktischen Leitfaden.\" \/>\n<meta property=\"og:url\" content=\"https:\/\/www.newslettercreator.com\/de\/html-email-erstellung\/\" \/>\n<meta property=\"og:site_name\" content=\"Newsletter Creator\" \/>\n<meta property=\"article:modified_time\" content=\"2021-05-07T06:52:34+00:00\" \/>\n<meta name=\"twitter:label1\" content=\"Gesch\u00e4tzte Lesezeit\" \/>\n\t<meta name=\"twitter:data1\" content=\"2\u00a0Minuten\" \/>\n<script type=\"application\/ld+json\" class=\"yoast-schema-graph\">{\"@context\":\"https:\/\/schema.org\",\"@graph\":[{\"@type\":\"WebPage\",\"@id\":\"https:\/\/www.newslettercreator.com\/de\/html-email-erstellung\/\",\"url\":\"https:\/\/www.newslettercreator.com\/de\/html-email-erstellung\/\",\"name\":\"HTML Email-Erstellung - MailStyler Newsletter Creator\",\"isPartOf\":{\"@id\":\"https:\/\/www.newslettercreator.com\/#website\"},\"datePublished\":\"2015-12-10T14:02:22+00:00\",\"dateModified\":\"2021-05-07T06:52:34+00:00\",\"description\":\"Eine HTML Email-Vorlage von Grund auf zu erstellen ist mit MailStyler unglaublich simpel. Lesen Sie unseren praktischen Leitfaden.\",\"breadcrumb\":{\"@id\":\"https:\/\/www.newslettercreator.com\/de\/html-email-erstellung\/#breadcrumb\"},\"inLanguage\":\"de\",\"potentialAction\":[{\"@type\":\"ReadAction\",\"target\":[\"https:\/\/www.newslettercreator.com\/de\/html-email-erstellung\/\"]}]},{\"@type\":\"BreadcrumbList\",\"@id\":\"https:\/\/www.newslettercreator.com\/de\/html-email-erstellung\/#breadcrumb\",\"itemListElement\":[{\"@type\":\"ListItem\",\"position\":1,\"name\":\"Home\",\"item\":\"https:\/\/www.newslettercreator.com\/de\/\"},{\"@type\":\"ListItem\",\"position\":2,\"name\":\"HTML Email-Erstellung\"}]},{\"@type\":\"WebSite\",\"@id\":\"https:\/\/www.newslettercreator.com\/#website\",\"url\":\"https:\/\/www.newslettercreator.com\/\",\"name\":\"Newsletter Creator\",\"description\":\"Pay off\",\"potentialAction\":[{\"@type\":\"SearchAction\",\"target\":{\"@type\":\"EntryPoint\",\"urlTemplate\":\"https:\/\/www.newslettercreator.com\/?s={search_term_string}\"},\"query-input\":{\"@type\":\"PropertyValueSpecification\",\"valueRequired\":true,\"valueName\":\"search_term_string\"}}],\"inLanguage\":\"de\"}]}<\/script>\n<!-- \/ Yoast SEO plugin. -->","yoast_head_json":{"title":"HTML Email-Erstellung - MailStyler Newsletter Creator","description":"Eine HTML Email-Vorlage von Grund auf zu erstellen ist mit MailStyler unglaublich simpel. Lesen Sie unseren praktischen Leitfaden.","robots":{"index":"index","follow":"follow","max-snippet":"max-snippet:-1","max-image-preview":"max-image-preview:large","max-video-preview":"max-video-preview:-1"},"canonical":"https:\/\/www.newslettercreator.com\/de\/html-email-erstellung\/","og_locale":"de_DE","og_type":"article","og_title":"HTML Email-Erstellung - MailStyler Newsletter Creator","og_description":"Eine HTML Email-Vorlage von Grund auf zu erstellen ist mit MailStyler unglaublich simpel. Lesen Sie unseren praktischen Leitfaden.","og_url":"https:\/\/www.newslettercreator.com\/de\/html-email-erstellung\/","og_site_name":"Newsletter Creator","article_modified_time":"2021-05-07T06:52:34+00:00","twitter_misc":{"Gesch\u00e4tzte Lesezeit":"2\u00a0Minuten"},"schema":{"@context":"https:\/\/schema.org","@graph":[{"@type":"WebPage","@id":"https:\/\/www.newslettercreator.com\/de\/html-email-erstellung\/","url":"https:\/\/www.newslettercreator.com\/de\/html-email-erstellung\/","name":"HTML Email-Erstellung - MailStyler Newsletter Creator","isPartOf":{"@id":"https:\/\/www.newslettercreator.com\/#website"},"datePublished":"2015-12-10T14:02:22+00:00","dateModified":"2021-05-07T06:52:34+00:00","description":"Eine HTML Email-Vorlage von Grund auf zu erstellen ist mit MailStyler unglaublich simpel. Lesen Sie unseren praktischen Leitfaden.","breadcrumb":{"@id":"https:\/\/www.newslettercreator.com\/de\/html-email-erstellung\/#breadcrumb"},"inLanguage":"de","potentialAction":[{"@type":"ReadAction","target":["https:\/\/www.newslettercreator.com\/de\/html-email-erstellung\/"]}]},{"@type":"BreadcrumbList","@id":"https:\/\/www.newslettercreator.com\/de\/html-email-erstellung\/#breadcrumb","itemListElement":[{"@type":"ListItem","position":1,"name":"Home","item":"https:\/\/www.newslettercreator.com\/de\/"},{"@type":"ListItem","position":2,"name":"HTML Email-Erstellung"}]},{"@type":"WebSite","@id":"https:\/\/www.newslettercreator.com\/#website","url":"https:\/\/www.newslettercreator.com\/","name":"Newsletter Creator","description":"Pay off","potentialAction":[{"@type":"SearchAction","target":{"@type":"EntryPoint","urlTemplate":"https:\/\/www.newslettercreator.com\/?s={search_term_string}"},"query-input":{"@type":"PropertyValueSpecification","valueRequired":true,"valueName":"search_term_string"}}],"inLanguage":"de"}]}},"_links":{"self":[{"href":"https:\/\/www.newslettercreator.com\/de\/wp-json\/wp\/v2\/pages\/4079","targetHints":{"allow":["GET"]}}],"collection":[{"href":"https:\/\/www.newslettercreator.com\/de\/wp-json\/wp\/v2\/pages"}],"about":[{"href":"https:\/\/www.newslettercreator.com\/de\/wp-json\/wp\/v2\/types\/page"}],"author":[{"embeddable":true,"href":"https:\/\/www.newslettercreator.com\/de\/wp-json\/wp\/v2\/users\/1"}],"replies":[{"embeddable":true,"href":"https:\/\/www.newslettercreator.com\/de\/wp-json\/wp\/v2\/comments?post=4079"}],"version-history":[{"count":4,"href":"https:\/\/www.newslettercreator.com\/de\/wp-json\/wp\/v2\/pages\/4079\/revisions"}],"predecessor-version":[{"id":4101,"href":"https:\/\/www.newslettercreator.com\/de\/wp-json\/wp\/v2\/pages\/4079\/revisions\/4101"}],"wp:attachment":[{"href":"https:\/\/www.newslettercreator.com\/de\/wp-json\/wp\/v2\/media?parent=4079"}],"curies":[{"name":"wp","href":"https:\/\/api.w.org\/{rel}","templated":true}]}}