{"id":4086,"date":"2015-12-10T14:08:31","date_gmt":"2015-12-10T14:08:31","guid":{"rendered":"http:\/\/www.newslettercreator.com\/de\/?page_id=4086"},"modified":"2015-12-11T08:32:09","modified_gmt":"2015-12-11T08:32:09","slug":"email-design","status":"publish","type":"page","link":"https:\/\/www.newslettercreator.com\/de\/email-design\/","title":{"rendered":"Email-Design"},"content":{"rendered":"<p>Aktuelle und interessante Tipps zur Email-Gestaltung, um Ihrem Newsletter einen frischen, innovativen Look zu verschaffen.<\/p>\n<p>&nbsp;<br \/>\n<div id=\"g1-box-counter-1\" class=\"g1-box g1-box--solid  g1-box--noicon\" ><div class=\"g1-box__inner\">\n<h3><a href=\"http:\/\/www.newslettercreator.com\/de\/newsletter-design-vorlage\/\" title=\"Newsletter Design-Vorlage\">Newsletter Design-Vorlage<\/a><\/h3>\n<p>Das Entwerfen einer Newletter Vorlage wird \u00fcblicherweise als einer der kniffeligsten Teile beim Erstellen einer E-Mail-Kampagne angesehen.<br \/>\n<\/div><\/div><\/p>\n<div id=\"g1-box-counter-2\" class=\"g1-box g1-box--solid  g1-box--noicon\" ><div class=\"g1-box__inner\">\n<h3><a href=\"http:\/\/www.newslettercreator.com\/de\/wie-erhalten-sie-das-beste-design-fuer-ihren-newsletter\/\" title=\"Wie erhalten Sie das beste Design f\u00fcr Ihren Newsletter\">Wie erhalten Sie das beste Design f\u00fcr Ihren Newsletter<\/a><\/h3>\n<p>Es gibt eine Menge guter Vorschl\u00e4ge f\u00fcr das Design des besten Newsletters f\u00fcr Ihre Bed\u00fcrfnisse, f\u00fcr den Anf\u00e4nger jedoch ungl\u00fccklich.<br \/>\n<\/div><\/div>\n<div id=\"g1-box-counter-3\" class=\"g1-box g1-box--solid  g1-box--noicon\" ><div class=\"g1-box__inner\">\n<h3><a href=\"http:\/\/www.newslettercreator.com\/de\/wie-ein-newsletter-layout-erstellen\/\" title=\"Wie ein Newsletter-Layout erstellen\">Wie ein Newsletter-Layout erstellen<\/a><\/h3>\n<p>Wo soll man anfangen, wenn es um das Erstellen eines Newsletter Layouts geht? Welche technischen Erfordernisse sind notwendig?<br \/>\n<\/div><\/div>\n<div id=\"g1-box-counter-4\" class=\"g1-box g1-box--solid  g1-box--noicon\" ><div class=\"g1-box__inner\">\n<h3><a href=\"http:\/\/www.newslettercreator.com\/de\/wie-einen-html-e-mail-newsletter-gestalten\/\" title=\"Wie einen HTML E-Mail-Newsletter gestalten?\">Wie einen HTML E-Mail-Newsletter gestalten?<\/a><\/h3>\n<p>Ist es m\u00f6glich, Ihren eigenen HTML Newsletter zu gestalten, ohne irgendetwas \u00fcber HTML selbst zu wissen? Ja.<br \/>\n<\/div><\/div>\n<div id=\"g1-box-counter-5\" class=\"g1-box g1-box--solid  g1-box--noicon\" ><div class=\"g1-box__inner\">\n<h3><a href=\"http:\/\/www.newslettercreator.com\/de\/wie-designe-ich-eine-e-mail-signatur\/\" title=\"Wie designe ich eine E-Mail Signatur?\">Wie designe ich eine E-Mail Signatur?<\/a><\/h3>\n<p>Eine E-Mail Signatur ist eine sehr logische Art, einen Newsletter abzuschlie\u00dfen, genau wie einen Brief aus Papier \u2013 mit Ihren Daten.<br \/>\n<\/div><\/div>\n<div id=\"g1-box-counter-6\" class=\"g1-box g1-box--solid  g1-box--noicon\" ><div class=\"g1-box__inner\">\n<h3><a href=\"http:\/\/www.newslettercreator.com\/de\/wie-editiere-ich-eine-e-mail-vorlage\/\" title=\"Wie editiere ich eine E-Mail Vorlage?\">Wie editiere ich eine E-Mail Vorlage?<\/a><\/h3>\n<p>Das Erstellen und Editieren einer E-Mail Vorlage kann ziemlich tricky sein, wenn Sie kein Programmierer sind.<br \/>\n<\/div><\/div>\n","protected":false},"excerpt":{"rendered":"<p>Aktuelle und interessante Tipps zur Email-Gestaltung, um Ihrem Newsletter einen frischen, innovativen Look zu verschaffen. &nbsp;<\/p>\n","protected":false},"author":1,"featured_media":0,"parent":0,"menu_order":0,"comment_status":"closed","ping_status":"closed","template":"g1_template_page_sidebar_right.php","meta":{"inline_featured_image":false,"_monsterinsights_skip_tracking":false,"_monsterinsights_sitenote_active":false,"_monsterinsights_sitenote_note":"","_monsterinsights_sitenote_category":0,"footnotes":""},"class_list":["post-4086","page","type-page","status-publish"],"yoast_head":"<!-- This site is optimized with the Yoast SEO plugin v25.2 - https:\/\/yoast.com\/wordpress\/plugins\/seo\/ -->\n<title>Email-Design - Newsletter Creator<\/title>\n<meta name=\"robots\" content=\"index, follow, max-snippet:-1, max-image-preview:large, max-video-preview:-1\" \/>\n<link rel=\"canonical\" href=\"https:\/\/www.newslettercreator.com\/de\/email-design\/\" \/>\n<meta property=\"og:locale\" content=\"de_DE\" \/>\n<meta property=\"og:type\" content=\"article\" \/>\n<meta property=\"og:title\" content=\"Email-Design - Newsletter Creator\" \/>\n<meta property=\"og:description\" content=\"Aktuelle und interessante Tipps zur Email-Gestaltung, um Ihrem Newsletter einen frischen, innovativen Look zu verschaffen. &nbsp;\" \/>\n<meta property=\"og:url\" content=\"https:\/\/www.newslettercreator.com\/de\/email-design\/\" \/>\n<meta property=\"og:site_name\" content=\"Newsletter Creator\" \/>\n<meta property=\"article:modified_time\" content=\"2015-12-11T08:32:09+00:00\" \/>\n<meta name=\"twitter:label1\" content=\"Gesch\u00e4tzte Lesezeit\" \/>\n\t<meta name=\"twitter:data1\" content=\"1\u00a0Minute\" \/>\n<script type=\"application\/ld+json\" class=\"yoast-schema-graph\">{\"@context\":\"https:\/\/schema.org\",\"@graph\":[{\"@type\":\"WebPage\",\"@id\":\"https:\/\/www.newslettercreator.com\/de\/email-design\/\",\"url\":\"https:\/\/www.newslettercreator.com\/de\/email-design\/\",\"name\":\"Email-Design - Newsletter Creator\",\"isPartOf\":{\"@id\":\"https:\/\/www.newslettercreator.com\/#website\"},\"datePublished\":\"2015-12-10T14:08:31+00:00\",\"dateModified\":\"2015-12-11T08:32:09+00:00\",\"breadcrumb\":{\"@id\":\"https:\/\/www.newslettercreator.com\/de\/email-design\/#breadcrumb\"},\"inLanguage\":\"de\",\"potentialAction\":[{\"@type\":\"ReadAction\",\"target\":[\"https:\/\/www.newslettercreator.com\/de\/email-design\/\"]}]},{\"@type\":\"BreadcrumbList\",\"@id\":\"https:\/\/www.newslettercreator.com\/de\/email-design\/#breadcrumb\",\"itemListElement\":[{\"@type\":\"ListItem\",\"position\":1,\"name\":\"Home\",\"item\":\"https:\/\/www.newslettercreator.com\/de\/\"},{\"@type\":\"ListItem\",\"position\":2,\"name\":\"Email-Design\"}]},{\"@type\":\"WebSite\",\"@id\":\"https:\/\/www.newslettercreator.com\/#website\",\"url\":\"https:\/\/www.newslettercreator.com\/\",\"name\":\"Newsletter Creator\",\"description\":\"Pay off\",\"potentialAction\":[{\"@type\":\"SearchAction\",\"target\":{\"@type\":\"EntryPoint\",\"urlTemplate\":\"https:\/\/www.newslettercreator.com\/?s={search_term_string}\"},\"query-input\":{\"@type\":\"PropertyValueSpecification\",\"valueRequired\":true,\"valueName\":\"search_term_string\"}}],\"inLanguage\":\"de\"}]}<\/script>\n<!-- \/ Yoast SEO plugin. -->","yoast_head_json":{"title":"Email-Design - Newsletter Creator","robots":{"index":"index","follow":"follow","max-snippet":"max-snippet:-1","max-image-preview":"max-image-preview:large","max-video-preview":"max-video-preview:-1"},"canonical":"https:\/\/www.newslettercreator.com\/de\/email-design\/","og_locale":"de_DE","og_type":"article","og_title":"Email-Design - Newsletter Creator","og_description":"Aktuelle und interessante Tipps zur Email-Gestaltung, um Ihrem Newsletter einen frischen, innovativen Look zu verschaffen. &nbsp;","og_url":"https:\/\/www.newslettercreator.com\/de\/email-design\/","og_site_name":"Newsletter Creator","article_modified_time":"2015-12-11T08:32:09+00:00","twitter_misc":{"Gesch\u00e4tzte Lesezeit":"1\u00a0Minute"},"schema":{"@context":"https:\/\/schema.org","@graph":[{"@type":"WebPage","@id":"https:\/\/www.newslettercreator.com\/de\/email-design\/","url":"https:\/\/www.newslettercreator.com\/de\/email-design\/","name":"Email-Design - Newsletter Creator","isPartOf":{"@id":"https:\/\/www.newslettercreator.com\/#website"},"datePublished":"2015-12-10T14:08:31+00:00","dateModified":"2015-12-11T08:32:09+00:00","breadcrumb":{"@id":"https:\/\/www.newslettercreator.com\/de\/email-design\/#breadcrumb"},"inLanguage":"de","potentialAction":[{"@type":"ReadAction","target":["https:\/\/www.newslettercreator.com\/de\/email-design\/"]}]},{"@type":"BreadcrumbList","@id":"https:\/\/www.newslettercreator.com\/de\/email-design\/#breadcrumb","itemListElement":[{"@type":"ListItem","position":1,"name":"Home","item":"https:\/\/www.newslettercreator.com\/de\/"},{"@type":"ListItem","position":2,"name":"Email-Design"}]},{"@type":"WebSite","@id":"https:\/\/www.newslettercreator.com\/#website","url":"https:\/\/www.newslettercreator.com\/","name":"Newsletter Creator","description":"Pay off","potentialAction":[{"@type":"SearchAction","target":{"@type":"EntryPoint","urlTemplate":"https:\/\/www.newslettercreator.com\/?s={search_term_string}"},"query-input":{"@type":"PropertyValueSpecification","valueRequired":true,"valueName":"search_term_string"}}],"inLanguage":"de"}]}},"_links":{"self":[{"href":"https:\/\/www.newslettercreator.com\/de\/wp-json\/wp\/v2\/pages\/4086","targetHints":{"allow":["GET"]}}],"collection":[{"href":"https:\/\/www.newslettercreator.com\/de\/wp-json\/wp\/v2\/pages"}],"about":[{"href":"https:\/\/www.newslettercreator.com\/de\/wp-json\/wp\/v2\/types\/page"}],"author":[{"embeddable":true,"href":"https:\/\/www.newslettercreator.com\/de\/wp-json\/wp\/v2\/users\/1"}],"replies":[{"embeddable":true,"href":"https:\/\/www.newslettercreator.com\/de\/wp-json\/wp\/v2\/comments?post=4086"}],"version-history":[{"count":2,"href":"https:\/\/www.newslettercreator.com\/de\/wp-json\/wp\/v2\/pages\/4086\/revisions"}],"predecessor-version":[{"id":4131,"href":"https:\/\/www.newslettercreator.com\/de\/wp-json\/wp\/v2\/pages\/4086\/revisions\/4131"}],"wp:attachment":[{"href":"https:\/\/www.newslettercreator.com\/de\/wp-json\/wp\/v2\/media?parent=4086"}],"curies":[{"name":"wp","href":"https:\/\/api.w.org\/{rel}","templated":true}]}}