{"id":4090,"date":"2015-12-10T14:10:30","date_gmt":"2015-12-10T14:10:30","guid":{"rendered":"http:\/\/www.newslettercreator.com\/de\/?page_id=4090"},"modified":"2018-12-14T14:53:30","modified_gmt":"2018-12-14T14:53:30","slug":"erstellung-eines-newsletters","status":"publish","type":"page","link":"https:\/\/www.newslettercreator.com\/de\/erstellung-eines-newsletters\/","title":{"rendered":"Erstellung eines Newsletters"},"content":{"rendered":"<p>Die Kunst der Email-Erstellung liegt darin, den Leser kontinuierlich mit guten Ideen zu \u00fcberraschen. So langweilt er sich nicht und Sie erzielen Resultate. Hier finden Sie einige solcher Ideen.<\/p>\n<p>&nbsp;<\/p>\n<div id=\"g1-box-counter-1\" class=\"g1-box g1-box--solid  g1-box--noicon\" ><div class=\"g1-box__inner\">\n<h3><a href=\"\/de\/so-schreiben-sie-effektive-e-mail-betreffzeilen\/\" title=\"So schreiben Sie effektive E-Mail-Betreffzeilen\">So schreiben Sie effektive E-Mail-Betreffzeilen<\/a><\/h3>\n<p>Man h\u00f6rt viel \u00fcber Social-Media-Marketing im Allgemeinen und \u00fcber Facebook-Anzeigen im Besonderen, aber trotz aller Fortschritte&#8230;<br \/>\n<\/div><\/div>\n<div id=\"g1-box-counter-2\" class=\"g1-box g1-box--solid  g1-box--noicon\" ><div class=\"g1-box__inner\">\n<h3><a href=\"http:\/\/www.newslettercreator.com\/de\/wie-einen-newsletter-kreieren\/\" title=\"Wie einen Newsletter kreieren?\">Wie einen Newsletter kreieren?<\/a><\/h3>\n<p>Das Kreieren eines Newsletters oder einer Massen-E-Mail ist ein au\u00dferordentliches Mittel der Kommunikation und des Marketing.<br \/>\n<\/div><\/div>\n<div id=\"g1-box-counter-3\" class=\"g1-box g1-box--solid  g1-box--noicon\" ><div class=\"g1-box__inner\">\n<h3><a href=\"http:\/\/www.newslettercreator.com\/de\/wie-eine-e-mail-vorlage-erstellen\/\" title=\"Wie eine E-Mail Vorlage erstellen?\">Wie eine E-Mail Vorlage erstellen?<\/a><\/h3>\n<p>Eine der anspruchsvollsten Aufgaben in jeder E-Mail-Marketingkampagne ist das Erstellen einer sauberen E-Mail Vorlage.<br \/>\n<\/div><\/div>\n","protected":false},"excerpt":{"rendered":"<p>Die Kunst der Email-Erstellung liegt darin, den Leser kontinuierlich mit guten Ideen zu \u00fcberraschen. So langweilt er sich nicht und Sie erzielen Resultate. Hier finden Sie einige solcher Ideen. &nbsp;<\/p>\n","protected":false},"author":1,"featured_media":0,"parent":0,"menu_order":0,"comment_status":"closed","ping_status":"closed","template":"g1_template_page_sidebar_right.php","meta":{"inline_featured_image":false,"_monsterinsights_skip_tracking":false,"_monsterinsights_sitenote_active":false,"_monsterinsights_sitenote_note":"","_monsterinsights_sitenote_category":0,"footnotes":""},"class_list":["post-4090","page","type-page","status-publish"],"yoast_head":"<!-- This site is optimized with the Yoast SEO plugin v25.2 - https:\/\/yoast.com\/wordpress\/plugins\/seo\/ -->\n<title>Erstellung eines Newsletters - Newsletter Creator<\/title>\n<meta name=\"robots\" content=\"index, follow, max-snippet:-1, max-image-preview:large, max-video-preview:-1\" \/>\n<link rel=\"canonical\" href=\"https:\/\/www.newslettercreator.com\/de\/erstellung-eines-newsletters\/\" \/>\n<meta property=\"og:locale\" content=\"de_DE\" \/>\n<meta property=\"og:type\" content=\"article\" \/>\n<meta property=\"og:title\" content=\"Erstellung eines Newsletters - Newsletter Creator\" \/>\n<meta property=\"og:description\" content=\"Die Kunst der Email-Erstellung liegt darin, den Leser kontinuierlich mit guten Ideen zu \u00fcberraschen. So langweilt er sich nicht und Sie erzielen Resultate. Hier finden Sie einige solcher Ideen. &nbsp;\" \/>\n<meta property=\"og:url\" content=\"https:\/\/www.newslettercreator.com\/de\/erstellung-eines-newsletters\/\" \/>\n<meta property=\"og:site_name\" content=\"Newsletter Creator\" \/>\n<meta property=\"article:modified_time\" content=\"2018-12-14T14:53:30+00:00\" \/>\n<meta name=\"twitter:label1\" content=\"Gesch\u00e4tzte Lesezeit\" \/>\n\t<meta name=\"twitter:data1\" content=\"1\u00a0Minute\" \/>\n<script type=\"application\/ld+json\" class=\"yoast-schema-graph\">{\"@context\":\"https:\/\/schema.org\",\"@graph\":[{\"@type\":\"WebPage\",\"@id\":\"https:\/\/www.newslettercreator.com\/de\/erstellung-eines-newsletters\/\",\"url\":\"https:\/\/www.newslettercreator.com\/de\/erstellung-eines-newsletters\/\",\"name\":\"Erstellung eines Newsletters - Newsletter Creator\",\"isPartOf\":{\"@id\":\"https:\/\/www.newslettercreator.com\/#website\"},\"datePublished\":\"2015-12-10T14:10:30+00:00\",\"dateModified\":\"2018-12-14T14:53:30+00:00\",\"breadcrumb\":{\"@id\":\"https:\/\/www.newslettercreator.com\/de\/erstellung-eines-newsletters\/#breadcrumb\"},\"inLanguage\":\"de\",\"potentialAction\":[{\"@type\":\"ReadAction\",\"target\":[\"https:\/\/www.newslettercreator.com\/de\/erstellung-eines-newsletters\/\"]}]},{\"@type\":\"BreadcrumbList\",\"@id\":\"https:\/\/www.newslettercreator.com\/de\/erstellung-eines-newsletters\/#breadcrumb\",\"itemListElement\":[{\"@type\":\"ListItem\",\"position\":1,\"name\":\"Home\",\"item\":\"https:\/\/www.newslettercreator.com\/de\/\"},{\"@type\":\"ListItem\",\"position\":2,\"name\":\"Erstellung eines Newsletters\"}]},{\"@type\":\"WebSite\",\"@id\":\"https:\/\/www.newslettercreator.com\/#website\",\"url\":\"https:\/\/www.newslettercreator.com\/\",\"name\":\"Newsletter Creator\",\"description\":\"Pay off\",\"potentialAction\":[{\"@type\":\"SearchAction\",\"target\":{\"@type\":\"EntryPoint\",\"urlTemplate\":\"https:\/\/www.newslettercreator.com\/?s={search_term_string}\"},\"query-input\":{\"@type\":\"PropertyValueSpecification\",\"valueRequired\":true,\"valueName\":\"search_term_string\"}}],\"inLanguage\":\"de\"}]}<\/script>\n<!-- \/ Yoast SEO plugin. -->","yoast_head_json":{"title":"Erstellung eines Newsletters - Newsletter Creator","robots":{"index":"index","follow":"follow","max-snippet":"max-snippet:-1","max-image-preview":"max-image-preview:large","max-video-preview":"max-video-preview:-1"},"canonical":"https:\/\/www.newslettercreator.com\/de\/erstellung-eines-newsletters\/","og_locale":"de_DE","og_type":"article","og_title":"Erstellung eines Newsletters - Newsletter Creator","og_description":"Die Kunst der Email-Erstellung liegt darin, den Leser kontinuierlich mit guten Ideen zu \u00fcberraschen. So langweilt er sich nicht und Sie erzielen Resultate. Hier finden Sie einige solcher Ideen. &nbsp;","og_url":"https:\/\/www.newslettercreator.com\/de\/erstellung-eines-newsletters\/","og_site_name":"Newsletter Creator","article_modified_time":"2018-12-14T14:53:30+00:00","twitter_misc":{"Gesch\u00e4tzte Lesezeit":"1\u00a0Minute"},"schema":{"@context":"https:\/\/schema.org","@graph":[{"@type":"WebPage","@id":"https:\/\/www.newslettercreator.com\/de\/erstellung-eines-newsletters\/","url":"https:\/\/www.newslettercreator.com\/de\/erstellung-eines-newsletters\/","name":"Erstellung eines Newsletters - Newsletter Creator","isPartOf":{"@id":"https:\/\/www.newslettercreator.com\/#website"},"datePublished":"2015-12-10T14:10:30+00:00","dateModified":"2018-12-14T14:53:30+00:00","breadcrumb":{"@id":"https:\/\/www.newslettercreator.com\/de\/erstellung-eines-newsletters\/#breadcrumb"},"inLanguage":"de","potentialAction":[{"@type":"ReadAction","target":["https:\/\/www.newslettercreator.com\/de\/erstellung-eines-newsletters\/"]}]},{"@type":"BreadcrumbList","@id":"https:\/\/www.newslettercreator.com\/de\/erstellung-eines-newsletters\/#breadcrumb","itemListElement":[{"@type":"ListItem","position":1,"name":"Home","item":"https:\/\/www.newslettercreator.com\/de\/"},{"@type":"ListItem","position":2,"name":"Erstellung eines Newsletters"}]},{"@type":"WebSite","@id":"https:\/\/www.newslettercreator.com\/#website","url":"https:\/\/www.newslettercreator.com\/","name":"Newsletter Creator","description":"Pay off","potentialAction":[{"@type":"SearchAction","target":{"@type":"EntryPoint","urlTemplate":"https:\/\/www.newslettercreator.com\/?s={search_term_string}"},"query-input":{"@type":"PropertyValueSpecification","valueRequired":true,"valueName":"search_term_string"}}],"inLanguage":"de"}]}},"_links":{"self":[{"href":"https:\/\/www.newslettercreator.com\/de\/wp-json\/wp\/v2\/pages\/4090","targetHints":{"allow":["GET"]}}],"collection":[{"href":"https:\/\/www.newslettercreator.com\/de\/wp-json\/wp\/v2\/pages"}],"about":[{"href":"https:\/\/www.newslettercreator.com\/de\/wp-json\/wp\/v2\/types\/page"}],"author":[{"embeddable":true,"href":"https:\/\/www.newslettercreator.com\/de\/wp-json\/wp\/v2\/users\/1"}],"replies":[{"embeddable":true,"href":"https:\/\/www.newslettercreator.com\/de\/wp-json\/wp\/v2\/comments?post=4090"}],"version-history":[{"count":4,"href":"https:\/\/www.newslettercreator.com\/de\/wp-json\/wp\/v2\/pages\/4090\/revisions"}],"predecessor-version":[{"id":8496,"href":"https:\/\/www.newslettercreator.com\/de\/wp-json\/wp\/v2\/pages\/4090\/revisions\/8496"}],"wp:attachment":[{"href":"https:\/\/www.newslettercreator.com\/de\/wp-json\/wp\/v2\/media?parent=4090"}],"curies":[{"name":"wp","href":"https:\/\/api.w.org\/{rel}","templated":true}]}}