{"id":4102,"date":"2015-12-10T14:29:39","date_gmt":"2015-12-10T14:29:39","guid":{"rendered":"http:\/\/www.newslettercreator.com\/de\/?page_id=4102"},"modified":"2015-12-10T15:00:04","modified_gmt":"2015-12-10T15:00:04","slug":"e-mail-newsletter-vorlage-anleitung","status":"publish","type":"page","link":"https:\/\/www.newslettercreator.com\/de\/e-mail-newsletter-vorlage-anleitung\/","title":{"rendered":"E-Mail Newsletter-Vorlage: Anleitung"},"content":{"rendered":"<p><img decoding=\"async\" class=\"alignnone size-full wp-image-237\" src=\"http:\/\/www.newslettercreator.com\/wp-content\/uploads\/2014\/02\/email-newsletter-template-how-to.jpg\" alt=\"E-Mail Newsletter-Vorlage: Anleitung\" width=\"649\" height=\"423\" srcset=\"https:\/\/www.newslettercreator.com\/wp-content\/uploads\/2014\/02\/email-newsletter-template-how-to.jpg 649w, https:\/\/www.newslettercreator.com\/wp-content\/uploads\/2014\/02\/email-newsletter-template-how-to-300x195.jpg 300w\" sizes=\"(max-width: 649px) 100vw, 649px\" \/><\/p>\n<p>Wenige Dinge sind so wichtig wie eine <strong>gute Newsletter-Vorlage<\/strong>, wenn es um E-Mail-Marketing geht. Und es ist nicht nur eine Sache der \u00c4sthetik: Ein klares, leichtes und ma\u00dfgeschneidertes Design ist wesentlich, um den Leser anzuziehen und die beabsichtige <strong>Handlungsaufforderung<\/strong> zu transportieren \u2013 das hei\u00dft, das Beste aus Ihrem Mailing zu machen, sei es die Mitteilung von Neuigkeiten oder ein kommerzielles Angebot.<\/p>\n<p>Damit nicht genug. Nur eine <strong>professionelle HTML-Vorlage<\/strong> kann sicherstellen, dass Ihr Newsletter von allen verbreiteten Mail-Clients und Webmailern auf die gleiche Weise dargestellt wird; plus, dank HTML ist es m\u00f6glich, <strong>alle Aktionen der Empf\u00e4nger zu erfassen<\/strong>, wie die Leserate, Klick-Rate etc.<\/p>\n<p>Also <strong>wie erhalte ich eine ordentliche HTML Newsletter-Vorlage<\/strong>? Es gibt im Grunde zwei Optionen: entweder eine fertige kaufen (oder gratis bekommen) oder eine eigene selbst erstellen.<\/p>\n<p>Bei der ersten Option ist der Hauptnachteil, dass, egal wie gut die Vorlage ist, sie niemals <strong>einzigartig<\/strong> und komplett auf Ihre Marke <strong>ma\u00dfgeschneidert<\/strong> ist. Sie wird sicherlich in die allgemeine Kategorie Ihres Unternehmens oder Ihrer Aktivit\u00e4t passen, aber die Wahrheit ist, dass ein komplett individuelles Layout eine ganz andere Geschichte ist \u2013 und ein Riesenhit in Sachen <strong>Markenbewusstsein<\/strong>.<\/p>\n<p>Aber das Erstellen einer E-Mail-Vorlage von Grund auf kann sehr schwierig sein, insbesondere f\u00fcr Anf\u00e4nger oder Leute, die keine technischen Fertigkeiten haben. Zum Gl\u00fcck kommt jetzt MailStyler \u2013 unser <strong>smarter Newsletter Editor<\/strong> wird Ihnen beim Erstellen Ihrer eigenen Vorlage im Handumdrehen helfen, ohne in HTML\/CSS programmieren zu m\u00fcssen.<\/p>\n<p>Indem Sie die Vorteile von MailStylers WYSI\u1e80YG Oberfl\u00e4che nutzen, werden Sie in der Lage sein, ein Layout aus einer breiten Palette von Standard-Bl\u00f6cken und Zellen (bereits auf Kompatibilit\u00e4t mit allen E-Mail-Clients getestet) zusammenzustellen und nach Belieben anzupassen. Somit erhalten Sie das beste <strong>Design f\u00fcr Ihre E-Mail-Kampagne<\/strong>: Ihres und zwar nur Ihres.<\/p>\n<p>&nbsp;<\/p>\n<p style=\"text-align: center;\"><a class=\"button large orange\" style=\"margin-top: 20px; width: 157px; margin-right: 30px;\" title=\"Laden Die Demo\" href=\"http:\/\/www.newslettercreator.com\/de\/kostenlos-testen\/\" target=\"_self\">DEMO HERUNTERLADEN<\/a><a class=\"button large darkgray\" style=\"margin-top: 20px; width: 170px;\" title=\"Mailstyler Pro Kaufen\" href=\"http:\/\/www.newslettercreator.com\/de\/preise\/\" target=\"_self\">MAILSTYLER PRO KAUFEN<\/a><\/p>\n<p style=\"text-align: center; font-size: 11px; margin-bottom: 30px;\">Neueste Version: 2.24.01.17 | Gr\u00f6\u00dfe: 114.9 MB<br \/>Erscheinungsdatum: 17\/01\/2024<br \/><a href=\"http:\/\/www.newslettercreator.com\/de\/mailstyler-lizenzvereinbarung\/\" target=\"_blank\">Lizenzvereinbarung<\/a> | <a href=\"http:\/\/www.newslettercreator.com\/de\/wie-man-mailstyler-deinstalliert\/\" target=\"_blank\">Deinstallationsanleitung<\/a><\/p>\n","protected":false},"excerpt":{"rendered":"<p>Wenige Dinge sind so wichtig wie eine gute Newsletter-Vorlage, wenn es um E-Mail-Marketing geht. Und es ist nicht nur eine Sache der \u00c4sthetik: Ein klares, leichtes und ma\u00dfgeschneidertes Design ist wesentlich, um den Leser anzuziehen und die beabsichtige Handlungsaufforderung zu transportieren \u2013 das hei\u00dft, das Beste aus Ihrem Mailing zu machen, sei es die Mitteilung [&hellip;]<\/p>\n","protected":false},"author":1,"featured_media":0,"parent":0,"menu_order":0,"comment_status":"closed","ping_status":"closed","template":"g1_template_page_sidebar_right.php","meta":{"inline_featured_image":false,"_monsterinsights_skip_tracking":false,"_monsterinsights_sitenote_active":false,"_monsterinsights_sitenote_note":"","_monsterinsights_sitenote_category":0,"footnotes":""},"class_list":["post-4102","page","type-page","status-publish"],"yoast_head":"<!-- This site is optimized with the Yoast SEO plugin v25.2 - https:\/\/yoast.com\/wordpress\/plugins\/seo\/ -->\n<title>E-Mail Newsletter-Vorlage: Anleitung - Newsletter Creator<\/title>\n<meta name=\"robots\" content=\"index, follow, max-snippet:-1, max-image-preview:large, max-video-preview:-1\" \/>\n<link rel=\"canonical\" href=\"https:\/\/www.newslettercreator.com\/de\/e-mail-newsletter-vorlage-anleitung\/\" \/>\n<meta property=\"og:locale\" content=\"de_DE\" \/>\n<meta property=\"og:type\" content=\"article\" \/>\n<meta property=\"og:title\" content=\"E-Mail Newsletter-Vorlage: Anleitung - Newsletter Creator\" \/>\n<meta property=\"og:description\" content=\"Wenige Dinge sind so wichtig wie eine gute Newsletter-Vorlage, wenn es um E-Mail-Marketing geht. Und es ist nicht nur eine Sache der \u00c4sthetik: Ein klares, leichtes und ma\u00dfgeschneidertes Design ist wesentlich, um den Leser anzuziehen und die beabsichtige Handlungsaufforderung zu transportieren \u2013 das hei\u00dft, das Beste aus Ihrem Mailing zu machen, sei es die Mitteilung [&hellip;]\" \/>\n<meta property=\"og:url\" content=\"https:\/\/www.newslettercreator.com\/de\/e-mail-newsletter-vorlage-anleitung\/\" \/>\n<meta property=\"og:site_name\" content=\"Newsletter Creator\" \/>\n<meta property=\"article:modified_time\" content=\"2015-12-10T15:00:04+00:00\" \/>\n<meta property=\"og:image\" content=\"http:\/\/www.newslettercreator.com\/wp-content\/uploads\/2014\/02\/email-newsletter-template-how-to.jpg\" \/>\n<meta name=\"twitter:label1\" content=\"Gesch\u00e4tzte Lesezeit\" \/>\n\t<meta name=\"twitter:data1\" content=\"2\u00a0Minuten\" \/>\n<script type=\"application\/ld+json\" class=\"yoast-schema-graph\">{\"@context\":\"https:\/\/schema.org\",\"@graph\":[{\"@type\":\"WebPage\",\"@id\":\"https:\/\/www.newslettercreator.com\/de\/e-mail-newsletter-vorlage-anleitung\/\",\"url\":\"https:\/\/www.newslettercreator.com\/de\/e-mail-newsletter-vorlage-anleitung\/\",\"name\":\"E-Mail Newsletter-Vorlage: Anleitung - Newsletter Creator\",\"isPartOf\":{\"@id\":\"https:\/\/www.newslettercreator.com\/#website\"},\"primaryImageOfPage\":{\"@id\":\"https:\/\/www.newslettercreator.com\/de\/e-mail-newsletter-vorlage-anleitung\/#primaryimage\"},\"image\":{\"@id\":\"https:\/\/www.newslettercreator.com\/de\/e-mail-newsletter-vorlage-anleitung\/#primaryimage\"},\"thumbnailUrl\":\"http:\/\/www.newslettercreator.com\/wp-content\/uploads\/2014\/02\/email-newsletter-template-how-to.jpg\",\"datePublished\":\"2015-12-10T14:29:39+00:00\",\"dateModified\":\"2015-12-10T15:00:04+00:00\",\"breadcrumb\":{\"@id\":\"https:\/\/www.newslettercreator.com\/de\/e-mail-newsletter-vorlage-anleitung\/#breadcrumb\"},\"inLanguage\":\"de\",\"potentialAction\":[{\"@type\":\"ReadAction\",\"target\":[\"https:\/\/www.newslettercreator.com\/de\/e-mail-newsletter-vorlage-anleitung\/\"]}]},{\"@type\":\"ImageObject\",\"inLanguage\":\"de\",\"@id\":\"https:\/\/www.newslettercreator.com\/de\/e-mail-newsletter-vorlage-anleitung\/#primaryimage\",\"url\":\"http:\/\/www.newslettercreator.com\/wp-content\/uploads\/2014\/02\/email-newsletter-template-how-to.jpg\",\"contentUrl\":\"http:\/\/www.newslettercreator.com\/wp-content\/uploads\/2014\/02\/email-newsletter-template-how-to.jpg\"},{\"@type\":\"BreadcrumbList\",\"@id\":\"https:\/\/www.newslettercreator.com\/de\/e-mail-newsletter-vorlage-anleitung\/#breadcrumb\",\"itemListElement\":[{\"@type\":\"ListItem\",\"position\":1,\"name\":\"Home\",\"item\":\"https:\/\/www.newslettercreator.com\/de\/\"},{\"@type\":\"ListItem\",\"position\":2,\"name\":\"E-Mail Newsletter-Vorlage: Anleitung\"}]},{\"@type\":\"WebSite\",\"@id\":\"https:\/\/www.newslettercreator.com\/#website\",\"url\":\"https:\/\/www.newslettercreator.com\/\",\"name\":\"Newsletter Creator\",\"description\":\"Pay off\",\"potentialAction\":[{\"@type\":\"SearchAction\",\"target\":{\"@type\":\"EntryPoint\",\"urlTemplate\":\"https:\/\/www.newslettercreator.com\/?s={search_term_string}\"},\"query-input\":{\"@type\":\"PropertyValueSpecification\",\"valueRequired\":true,\"valueName\":\"search_term_string\"}}],\"inLanguage\":\"de\"}]}<\/script>\n<!-- \/ Yoast SEO plugin. -->","yoast_head_json":{"title":"E-Mail Newsletter-Vorlage: Anleitung - Newsletter Creator","robots":{"index":"index","follow":"follow","max-snippet":"max-snippet:-1","max-image-preview":"max-image-preview:large","max-video-preview":"max-video-preview:-1"},"canonical":"https:\/\/www.newslettercreator.com\/de\/e-mail-newsletter-vorlage-anleitung\/","og_locale":"de_DE","og_type":"article","og_title":"E-Mail Newsletter-Vorlage: Anleitung - Newsletter Creator","og_description":"Wenige Dinge sind so wichtig wie eine gute Newsletter-Vorlage, wenn es um E-Mail-Marketing geht. Und es ist nicht nur eine Sache der \u00c4sthetik: Ein klares, leichtes und ma\u00dfgeschneidertes Design ist wesentlich, um den Leser anzuziehen und die beabsichtige Handlungsaufforderung zu transportieren \u2013 das hei\u00dft, das Beste aus Ihrem Mailing zu machen, sei es die Mitteilung [&hellip;]","og_url":"https:\/\/www.newslettercreator.com\/de\/e-mail-newsletter-vorlage-anleitung\/","og_site_name":"Newsletter Creator","article_modified_time":"2015-12-10T15:00:04+00:00","og_image":[{"url":"http:\/\/www.newslettercreator.com\/wp-content\/uploads\/2014\/02\/email-newsletter-template-how-to.jpg","type":"","width":"","height":""}],"twitter_misc":{"Gesch\u00e4tzte Lesezeit":"2\u00a0Minuten"},"schema":{"@context":"https:\/\/schema.org","@graph":[{"@type":"WebPage","@id":"https:\/\/www.newslettercreator.com\/de\/e-mail-newsletter-vorlage-anleitung\/","url":"https:\/\/www.newslettercreator.com\/de\/e-mail-newsletter-vorlage-anleitung\/","name":"E-Mail Newsletter-Vorlage: Anleitung - Newsletter Creator","isPartOf":{"@id":"https:\/\/www.newslettercreator.com\/#website"},"primaryImageOfPage":{"@id":"https:\/\/www.newslettercreator.com\/de\/e-mail-newsletter-vorlage-anleitung\/#primaryimage"},"image":{"@id":"https:\/\/www.newslettercreator.com\/de\/e-mail-newsletter-vorlage-anleitung\/#primaryimage"},"thumbnailUrl":"http:\/\/www.newslettercreator.com\/wp-content\/uploads\/2014\/02\/email-newsletter-template-how-to.jpg","datePublished":"2015-12-10T14:29:39+00:00","dateModified":"2015-12-10T15:00:04+00:00","breadcrumb":{"@id":"https:\/\/www.newslettercreator.com\/de\/e-mail-newsletter-vorlage-anleitung\/#breadcrumb"},"inLanguage":"de","potentialAction":[{"@type":"ReadAction","target":["https:\/\/www.newslettercreator.com\/de\/e-mail-newsletter-vorlage-anleitung\/"]}]},{"@type":"ImageObject","inLanguage":"de","@id":"https:\/\/www.newslettercreator.com\/de\/e-mail-newsletter-vorlage-anleitung\/#primaryimage","url":"http:\/\/www.newslettercreator.com\/wp-content\/uploads\/2014\/02\/email-newsletter-template-how-to.jpg","contentUrl":"http:\/\/www.newslettercreator.com\/wp-content\/uploads\/2014\/02\/email-newsletter-template-how-to.jpg"},{"@type":"BreadcrumbList","@id":"https:\/\/www.newslettercreator.com\/de\/e-mail-newsletter-vorlage-anleitung\/#breadcrumb","itemListElement":[{"@type":"ListItem","position":1,"name":"Home","item":"https:\/\/www.newslettercreator.com\/de\/"},{"@type":"ListItem","position":2,"name":"E-Mail Newsletter-Vorlage: Anleitung"}]},{"@type":"WebSite","@id":"https:\/\/www.newslettercreator.com\/#website","url":"https:\/\/www.newslettercreator.com\/","name":"Newsletter Creator","description":"Pay off","potentialAction":[{"@type":"SearchAction","target":{"@type":"EntryPoint","urlTemplate":"https:\/\/www.newslettercreator.com\/?s={search_term_string}"},"query-input":{"@type":"PropertyValueSpecification","valueRequired":true,"valueName":"search_term_string"}}],"inLanguage":"de"}]}},"_links":{"self":[{"href":"https:\/\/www.newslettercreator.com\/de\/wp-json\/wp\/v2\/pages\/4102","targetHints":{"allow":["GET"]}}],"collection":[{"href":"https:\/\/www.newslettercreator.com\/de\/wp-json\/wp\/v2\/pages"}],"about":[{"href":"https:\/\/www.newslettercreator.com\/de\/wp-json\/wp\/v2\/types\/page"}],"author":[{"embeddable":true,"href":"https:\/\/www.newslettercreator.com\/de\/wp-json\/wp\/v2\/users\/1"}],"replies":[{"embeddable":true,"href":"https:\/\/www.newslettercreator.com\/de\/wp-json\/wp\/v2\/comments?post=4102"}],"version-history":[{"count":1,"href":"https:\/\/www.newslettercreator.com\/de\/wp-json\/wp\/v2\/pages\/4102\/revisions"}],"predecessor-version":[{"id":4103,"href":"https:\/\/www.newslettercreator.com\/de\/wp-json\/wp\/v2\/pages\/4102\/revisions\/4103"}],"wp:attachment":[{"href":"https:\/\/www.newslettercreator.com\/de\/wp-json\/wp\/v2\/media?parent=4102"}],"curies":[{"name":"wp","href":"https:\/\/api.w.org\/{rel}","templated":true}]}}