{"id":4105,"date":"2015-12-10T14:36:26","date_gmt":"2015-12-10T14:36:26","guid":{"rendered":"http:\/\/www.newslettercreator.com\/de\/?page_id=4105"},"modified":"2015-12-10T15:00:26","modified_gmt":"2015-12-10T15:00:26","slug":"wie-bekomme-ich-eine-kostenlose-e-mail-newsletter-vorlage","status":"publish","type":"page","link":"https:\/\/www.newslettercreator.com\/de\/wie-bekomme-ich-eine-kostenlose-e-mail-newsletter-vorlage\/","title":{"rendered":"Wie bekomme ich eine kostenlose E-Mail-Newsletter Vorlage?"},"content":{"rendered":"<p>Sie brauchen eine <strong>kostenlose Newsletter-Vorlage<\/strong>? Sicher, Sie k\u00f6nnen eine schnelle Suche im Web durchf\u00fchren und sich ein vorgefertigtes Layout-Paket aussuchen, aber sogar die Besten davon werden nicht zu 100% zu Ihrem Unternehmen passen. Der Grund daf\u00fcr ist einfach: Eine fertig designte Vorlage kann nur eine vorgegebene <strong>Kategorie<\/strong> abdecken, aber nie eine Marke verk\u00f6rpern. Wenn Sie also Schuhe verkaufen, wird  es ziemlich einfach sein, ein allgemeines Newsletter-Layout mit dem Bezug zu Schuhen zu finden \u2013 aber wie macht man dies einzigartig?<\/p>\n<p>Die einzige Antwortet lautet, sich seine <strong>eigene Newsletter-Vorlage zu erstellen<\/strong>. Nat\u00fcrlich war das ein wenig knifflig: Sie ben\u00f6tigten zumindest ein profundes Fachwissen von HTML\/CSS und eine Grafiksoftware sowie einige exzellente kreative F\u00e4higkeiten. Aber mit Hilfe von MailStyler <strong>wird dies keine Problem mehr sein<\/strong>.<\/p>\n<p><img decoding=\"async\" class=\"alignnone size-full wp-image-237\" src=\"http:\/\/www.newslettercreator.com\/wp-content\/uploads\/2014\/02\/free-email-newsletter-template.jpg\" alt=\"Wie bekomme ich eine kostenlose E-Mail-Newsletter Vorlage?\" width=\"649\" height=\"423\" \/><\/p>\n<p>Unser E-Mail-Creator macht den gesamten Prozess der Vorlagenerstellung tats\u00e4chlich zu einem Kinderspiel. Ein <strong>smarter Editor<\/strong> bietet vorgefertigte Blocks und Layouts, die mit simplem Drag &#038; Drop zusammengef\u00fcgt werden k\u00f6nnen. Die Anzahl der m\u00f6glichen Kombinationen ist riesig: Sie k\u00f6nnen auch Bilder und Buttons hinzuf\u00fcgen, Farben und Schriftstile definieren, Spalten und Zellumrandungen editieren. Alles, was Sie ben\u00f6tigen, um ein <strong>echt individuelles Layout<\/strong> von Anfang an zu erstellen.<\/p>\n<p>Die Ergebnisse? <strong>Faszinierende und bestens lesbare Vorlagen<\/strong> in weniger als einer Minute fertiggestellt und zu 100% kompatibel mit jedem gr\u00f6\u00dferen Mail-Client und Webmailer. Nach Fertigstellung k\u00f6nnen diese mit Ihrer bevorzugten E-Mail-Software verwendet werden \u2013 sei es eine professionelle, wie etwa SendBlaster oder eine kostenlose Anwendung, wie Outlook oder Thunderbird. So oft Sie wollen, nat\u00fcrlich.<\/p>\n<p>Verhelfen Sie Ihrer E-Mail-Kampagne mit einem brandneuen Look zu einem frischen Start. <a title=\"Laden Die Demo\" href=\"http:\/\/www.newslettercreator.com\/de\/kostenlos-testen\/\"><strong>Laden Sie MailStyler jetzt herunter<\/strong><\/a>!<\/p>\n<p>&nbsp;<\/p>\n<p style=\"text-align: center;\"><a class=\"button large orange\" style=\"margin-top: 20px; width: 157px; margin-right: 30px;\" title=\"Laden Die Demo\" href=\"http:\/\/www.newslettercreator.com\/de\/kostenlos-testen\/\" target=\"_self\">DEMO HERUNTERLADEN<\/a><a class=\"button large darkgray\" style=\"margin-top: 20px; width: 170px;\" title=\"Mailstyler Pro Kaufen\" href=\"http:\/\/www.newslettercreator.com\/de\/preise\/\" target=\"_self\">MAILSTYLER PRO KAUFEN<\/a><\/p>\n<p style=\"text-align: center; font-size: 11px; margin-bottom: 30px;\">Neueste Version: 2.24.01.17 | Gr\u00f6\u00dfe: 114.9 MB<br \/>Erscheinungsdatum: 17\/01\/2024<br \/><a href=\"http:\/\/www.newslettercreator.com\/de\/mailstyler-lizenzvereinbarung\/\" target=\"_blank\">Lizenzvereinbarung<\/a> | <a href=\"http:\/\/www.newslettercreator.com\/de\/wie-man-mailstyler-deinstalliert\/\" target=\"_blank\">Deinstallationsanleitung<\/a><\/p>\n","protected":false},"excerpt":{"rendered":"<p>Sie brauchen eine kostenlose Newsletter-Vorlage? Sicher, Sie k\u00f6nnen eine schnelle Suche im Web durchf\u00fchren und sich ein vorgefertigtes Layout-Paket aussuchen, aber sogar die Besten davon werden nicht zu 100% zu Ihrem Unternehmen passen. Der Grund daf\u00fcr ist einfach: Eine fertig designte Vorlage kann nur eine vorgegebene Kategorie abdecken, aber nie eine Marke verk\u00f6rpern. Wenn Sie [&hellip;]<\/p>\n","protected":false},"author":1,"featured_media":0,"parent":0,"menu_order":0,"comment_status":"closed","ping_status":"closed","template":"g1_template_page_sidebar_right.php","meta":{"inline_featured_image":false,"_monsterinsights_skip_tracking":false,"_monsterinsights_sitenote_active":false,"_monsterinsights_sitenote_note":"","_monsterinsights_sitenote_category":0,"footnotes":""},"class_list":["post-4105","page","type-page","status-publish"],"yoast_head":"<!-- This site is optimized with the Yoast SEO plugin v25.2 - https:\/\/yoast.com\/wordpress\/plugins\/seo\/ -->\n<title>Wie bekomme ich eine kostenlose E-Mail-Newsletter Vorlage? - Newsletter Creator<\/title>\n<meta name=\"robots\" content=\"index, follow, max-snippet:-1, max-image-preview:large, max-video-preview:-1\" \/>\n<link rel=\"canonical\" href=\"https:\/\/www.newslettercreator.com\/de\/wie-bekomme-ich-eine-kostenlose-e-mail-newsletter-vorlage\/\" \/>\n<meta property=\"og:locale\" content=\"de_DE\" \/>\n<meta property=\"og:type\" content=\"article\" \/>\n<meta property=\"og:title\" content=\"Wie bekomme ich eine kostenlose E-Mail-Newsletter Vorlage? - Newsletter Creator\" \/>\n<meta property=\"og:description\" content=\"Sie brauchen eine kostenlose Newsletter-Vorlage? Sicher, Sie k\u00f6nnen eine schnelle Suche im Web durchf\u00fchren und sich ein vorgefertigtes Layout-Paket aussuchen, aber sogar die Besten davon werden nicht zu 100% zu Ihrem Unternehmen passen. Der Grund daf\u00fcr ist einfach: Eine fertig designte Vorlage kann nur eine vorgegebene Kategorie abdecken, aber nie eine Marke verk\u00f6rpern. Wenn Sie [&hellip;]\" \/>\n<meta property=\"og:url\" content=\"https:\/\/www.newslettercreator.com\/de\/wie-bekomme-ich-eine-kostenlose-e-mail-newsletter-vorlage\/\" \/>\n<meta property=\"og:site_name\" content=\"Newsletter Creator\" \/>\n<meta property=\"article:modified_time\" content=\"2015-12-10T15:00:26+00:00\" \/>\n<meta property=\"og:image\" content=\"http:\/\/www.newslettercreator.com\/wp-content\/uploads\/2014\/02\/free-email-newsletter-template.jpg\" \/>\n<meta name=\"twitter:label1\" content=\"Gesch\u00e4tzte Lesezeit\" \/>\n\t<meta name=\"twitter:data1\" content=\"1\u00a0Minute\" \/>\n<script type=\"application\/ld+json\" class=\"yoast-schema-graph\">{\"@context\":\"https:\/\/schema.org\",\"@graph\":[{\"@type\":\"WebPage\",\"@id\":\"https:\/\/www.newslettercreator.com\/de\/wie-bekomme-ich-eine-kostenlose-e-mail-newsletter-vorlage\/\",\"url\":\"https:\/\/www.newslettercreator.com\/de\/wie-bekomme-ich-eine-kostenlose-e-mail-newsletter-vorlage\/\",\"name\":\"Wie bekomme ich eine kostenlose E-Mail-Newsletter Vorlage? - Newsletter Creator\",\"isPartOf\":{\"@id\":\"https:\/\/www.newslettercreator.com\/#website\"},\"primaryImageOfPage\":{\"@id\":\"https:\/\/www.newslettercreator.com\/de\/wie-bekomme-ich-eine-kostenlose-e-mail-newsletter-vorlage\/#primaryimage\"},\"image\":{\"@id\":\"https:\/\/www.newslettercreator.com\/de\/wie-bekomme-ich-eine-kostenlose-e-mail-newsletter-vorlage\/#primaryimage\"},\"thumbnailUrl\":\"http:\/\/www.newslettercreator.com\/wp-content\/uploads\/2014\/02\/free-email-newsletter-template.jpg\",\"datePublished\":\"2015-12-10T14:36:26+00:00\",\"dateModified\":\"2015-12-10T15:00:26+00:00\",\"breadcrumb\":{\"@id\":\"https:\/\/www.newslettercreator.com\/de\/wie-bekomme-ich-eine-kostenlose-e-mail-newsletter-vorlage\/#breadcrumb\"},\"inLanguage\":\"de\",\"potentialAction\":[{\"@type\":\"ReadAction\",\"target\":[\"https:\/\/www.newslettercreator.com\/de\/wie-bekomme-ich-eine-kostenlose-e-mail-newsletter-vorlage\/\"]}]},{\"@type\":\"ImageObject\",\"inLanguage\":\"de\",\"@id\":\"https:\/\/www.newslettercreator.com\/de\/wie-bekomme-ich-eine-kostenlose-e-mail-newsletter-vorlage\/#primaryimage\",\"url\":\"http:\/\/www.newslettercreator.com\/wp-content\/uploads\/2014\/02\/free-email-newsletter-template.jpg\",\"contentUrl\":\"http:\/\/www.newslettercreator.com\/wp-content\/uploads\/2014\/02\/free-email-newsletter-template.jpg\"},{\"@type\":\"BreadcrumbList\",\"@id\":\"https:\/\/www.newslettercreator.com\/de\/wie-bekomme-ich-eine-kostenlose-e-mail-newsletter-vorlage\/#breadcrumb\",\"itemListElement\":[{\"@type\":\"ListItem\",\"position\":1,\"name\":\"Home\",\"item\":\"https:\/\/www.newslettercreator.com\/de\/\"},{\"@type\":\"ListItem\",\"position\":2,\"name\":\"Wie bekomme ich eine kostenlose E-Mail-Newsletter Vorlage?\"}]},{\"@type\":\"WebSite\",\"@id\":\"https:\/\/www.newslettercreator.com\/#website\",\"url\":\"https:\/\/www.newslettercreator.com\/\",\"name\":\"Newsletter Creator\",\"description\":\"Pay off\",\"potentialAction\":[{\"@type\":\"SearchAction\",\"target\":{\"@type\":\"EntryPoint\",\"urlTemplate\":\"https:\/\/www.newslettercreator.com\/?s={search_term_string}\"},\"query-input\":{\"@type\":\"PropertyValueSpecification\",\"valueRequired\":true,\"valueName\":\"search_term_string\"}}],\"inLanguage\":\"de\"}]}<\/script>\n<!-- \/ Yoast SEO plugin. -->","yoast_head_json":{"title":"Wie bekomme ich eine kostenlose E-Mail-Newsletter Vorlage? - Newsletter Creator","robots":{"index":"index","follow":"follow","max-snippet":"max-snippet:-1","max-image-preview":"max-image-preview:large","max-video-preview":"max-video-preview:-1"},"canonical":"https:\/\/www.newslettercreator.com\/de\/wie-bekomme-ich-eine-kostenlose-e-mail-newsletter-vorlage\/","og_locale":"de_DE","og_type":"article","og_title":"Wie bekomme ich eine kostenlose E-Mail-Newsletter Vorlage? - Newsletter Creator","og_description":"Sie brauchen eine kostenlose Newsletter-Vorlage? Sicher, Sie k\u00f6nnen eine schnelle Suche im Web durchf\u00fchren und sich ein vorgefertigtes Layout-Paket aussuchen, aber sogar die Besten davon werden nicht zu 100% zu Ihrem Unternehmen passen. Der Grund daf\u00fcr ist einfach: Eine fertig designte Vorlage kann nur eine vorgegebene Kategorie abdecken, aber nie eine Marke verk\u00f6rpern. Wenn Sie [&hellip;]","og_url":"https:\/\/www.newslettercreator.com\/de\/wie-bekomme-ich-eine-kostenlose-e-mail-newsletter-vorlage\/","og_site_name":"Newsletter Creator","article_modified_time":"2015-12-10T15:00:26+00:00","og_image":[{"url":"http:\/\/www.newslettercreator.com\/wp-content\/uploads\/2014\/02\/free-email-newsletter-template.jpg","type":"","width":"","height":""}],"twitter_misc":{"Gesch\u00e4tzte Lesezeit":"1\u00a0Minute"},"schema":{"@context":"https:\/\/schema.org","@graph":[{"@type":"WebPage","@id":"https:\/\/www.newslettercreator.com\/de\/wie-bekomme-ich-eine-kostenlose-e-mail-newsletter-vorlage\/","url":"https:\/\/www.newslettercreator.com\/de\/wie-bekomme-ich-eine-kostenlose-e-mail-newsletter-vorlage\/","name":"Wie bekomme ich eine kostenlose E-Mail-Newsletter Vorlage? - Newsletter Creator","isPartOf":{"@id":"https:\/\/www.newslettercreator.com\/#website"},"primaryImageOfPage":{"@id":"https:\/\/www.newslettercreator.com\/de\/wie-bekomme-ich-eine-kostenlose-e-mail-newsletter-vorlage\/#primaryimage"},"image":{"@id":"https:\/\/www.newslettercreator.com\/de\/wie-bekomme-ich-eine-kostenlose-e-mail-newsletter-vorlage\/#primaryimage"},"thumbnailUrl":"http:\/\/www.newslettercreator.com\/wp-content\/uploads\/2014\/02\/free-email-newsletter-template.jpg","datePublished":"2015-12-10T14:36:26+00:00","dateModified":"2015-12-10T15:00:26+00:00","breadcrumb":{"@id":"https:\/\/www.newslettercreator.com\/de\/wie-bekomme-ich-eine-kostenlose-e-mail-newsletter-vorlage\/#breadcrumb"},"inLanguage":"de","potentialAction":[{"@type":"ReadAction","target":["https:\/\/www.newslettercreator.com\/de\/wie-bekomme-ich-eine-kostenlose-e-mail-newsletter-vorlage\/"]}]},{"@type":"ImageObject","inLanguage":"de","@id":"https:\/\/www.newslettercreator.com\/de\/wie-bekomme-ich-eine-kostenlose-e-mail-newsletter-vorlage\/#primaryimage","url":"http:\/\/www.newslettercreator.com\/wp-content\/uploads\/2014\/02\/free-email-newsletter-template.jpg","contentUrl":"http:\/\/www.newslettercreator.com\/wp-content\/uploads\/2014\/02\/free-email-newsletter-template.jpg"},{"@type":"BreadcrumbList","@id":"https:\/\/www.newslettercreator.com\/de\/wie-bekomme-ich-eine-kostenlose-e-mail-newsletter-vorlage\/#breadcrumb","itemListElement":[{"@type":"ListItem","position":1,"name":"Home","item":"https:\/\/www.newslettercreator.com\/de\/"},{"@type":"ListItem","position":2,"name":"Wie bekomme ich eine kostenlose E-Mail-Newsletter Vorlage?"}]},{"@type":"WebSite","@id":"https:\/\/www.newslettercreator.com\/#website","url":"https:\/\/www.newslettercreator.com\/","name":"Newsletter Creator","description":"Pay off","potentialAction":[{"@type":"SearchAction","target":{"@type":"EntryPoint","urlTemplate":"https:\/\/www.newslettercreator.com\/?s={search_term_string}"},"query-input":{"@type":"PropertyValueSpecification","valueRequired":true,"valueName":"search_term_string"}}],"inLanguage":"de"}]}},"_links":{"self":[{"href":"https:\/\/www.newslettercreator.com\/de\/wp-json\/wp\/v2\/pages\/4105","targetHints":{"allow":["GET"]}}],"collection":[{"href":"https:\/\/www.newslettercreator.com\/de\/wp-json\/wp\/v2\/pages"}],"about":[{"href":"https:\/\/www.newslettercreator.com\/de\/wp-json\/wp\/v2\/types\/page"}],"author":[{"embeddable":true,"href":"https:\/\/www.newslettercreator.com\/de\/wp-json\/wp\/v2\/users\/1"}],"replies":[{"embeddable":true,"href":"https:\/\/www.newslettercreator.com\/de\/wp-json\/wp\/v2\/comments?post=4105"}],"version-history":[{"count":1,"href":"https:\/\/www.newslettercreator.com\/de\/wp-json\/wp\/v2\/pages\/4105\/revisions"}],"predecessor-version":[{"id":4106,"href":"https:\/\/www.newslettercreator.com\/de\/wp-json\/wp\/v2\/pages\/4105\/revisions\/4106"}],"wp:attachment":[{"href":"https:\/\/www.newslettercreator.com\/de\/wp-json\/wp\/v2\/media?parent=4105"}],"curies":[{"name":"wp","href":"https:\/\/api.w.org\/{rel}","templated":true}]}}