{"id":4109,"date":"2015-12-10T14:41:34","date_gmt":"2015-12-10T14:41:34","guid":{"rendered":"http:\/\/www.newslettercreator.com\/de\/?page_id=4109"},"modified":"2015-12-10T15:00:45","modified_gmt":"2015-12-10T15:00:45","slug":"eine-newsletter-vorlage-in-microsoft-word-erstellen","status":"publish","type":"page","link":"https:\/\/www.newslettercreator.com\/de\/eine-newsletter-vorlage-in-microsoft-word-erstellen\/","title":{"rendered":"Eine Newsletter-Vorlage in Microsoft Word erstellen?"},"content":{"rendered":"<p><img decoding=\"async\" class=\"alignnone size-full wp-image-237\" src=\"http:\/\/www.newslettercreator.com\/wp-content\/uploads\/2014\/02\/newsletter-template-microsoft-word-how-to.jpg\" alt=\"Eine Newsletter-Vorlage in Microsoft Word erstellen?\" width=\"649\" height=\"423\" \/><\/p>\n<p>Es kann sehr verlockend sein, eine <strong>Newsletter-Vorlage mittels Microsoft Word zu erstellen<\/strong>. Aber das ist eine Versuchung, der Sie widerstehen sollten, wenn Sie Ihrer E-Mail-Kampagne ein sauberes und effektives Layout verschaffen wollen.<\/p>\n<p>Hier ist der Grund: Word kann einige <strong>nicht standardisierte Codes<\/strong> dem normalen HTML hinzuf\u00fcgen, welche wahrscheinlich <strong>Darstellungsprobleme<\/strong> verursachen, sobald Ihr Newsletter vom Empf\u00e4nger ge\u00f6ffnet wird (besonders, wenn dieser keinen Microsoft Client verwendet).<\/p>\n<p>Obendrein ist die Vorlagenerstellung selbst nicht so einfach, wie es auf den ersten Blick erscheinen kann \u2013 und dies aus einem sehr einfachen Grund. Microsoft Word wurde vorrangig nicht daf\u00fcr gemacht. Das <strong>Editieren von Newslettern<\/strong> hat ganz andere Anspr\u00fcche als das Editieren von Texten und erfordert eine ganz andere Art von Tool.<\/p>\n<p>Unser Newsletter-Baukasten ist komplett auf den Prozess der Vorlagenerstellung abgestimmt, mit dem grundlegenden Ziel, dies so einfach wie m\u00f6glich zu machen. Und Tatsache ist, dass Sie mit MailStyler <strong>Ihr eigenes, einzigartiges Newsletter-Design<\/strong> von Anfang an erstellen k\u00f6nnen, vorgefertigte Bl\u00f6cke und Layouts zusammenf\u00fcgen und diese mit Farben, Schriftstilen und anderen Details individuell anpassen.<\/p>\n<p>Und das Beste daran ist, dass <strong>der resultierende HTML Code absolut fehlerfrei sein wird<\/strong>: zu 100% kompatibel mit vielen Mail-Clients. Was bedeutet, dass, egal wo Ihr Empf\u00e4nger Ihre E-Mail \u00f6ffnet, diese immer wie gew\u00fcnscht ausschaut.<\/p>\n<p>&nbsp;<\/p>\n<p style=\"text-align: center;\"><a class=\"button large orange\" style=\"margin-top: 20px; width: 157px; margin-right: 30px;\" title=\"Laden Die Demo\" href=\"http:\/\/www.newslettercreator.com\/de\/kostenlos-testen\/\" target=\"_self\">DEMO HERUNTERLADEN<\/a><a class=\"button large darkgray\" style=\"margin-top: 20px; width: 170px;\" title=\"Mailstyler Pro Kaufen\" href=\"http:\/\/www.newslettercreator.com\/de\/preise\/\" target=\"_self\">MAILSTYLER PRO KAUFEN<\/a><\/p>\n<p style=\"text-align: center; font-size: 11px; margin-bottom: 30px;\">Neueste Version: 2.24.01.17 | Gr\u00f6\u00dfe: 114.9 MB<br \/>Erscheinungsdatum: 17\/01\/2024<br \/><a href=\"http:\/\/www.newslettercreator.com\/de\/mailstyler-lizenzvereinbarung\/\" target=\"_blank\">Lizenzvereinbarung<\/a> | <a href=\"http:\/\/www.newslettercreator.com\/de\/wie-man-mailstyler-deinstalliert\/\" target=\"_blank\">Deinstallationsanleitung<\/a><\/p>\n","protected":false},"excerpt":{"rendered":"<p>Es kann sehr verlockend sein, eine Newsletter-Vorlage mittels Microsoft Word zu erstellen. Aber das ist eine Versuchung, der Sie widerstehen sollten, wenn Sie Ihrer E-Mail-Kampagne ein sauberes und effektives Layout verschaffen wollen. Hier ist der Grund: Word kann einige nicht standardisierte Codes dem normalen HTML hinzuf\u00fcgen, welche wahrscheinlich Darstellungsprobleme verursachen, sobald Ihr Newsletter vom Empf\u00e4nger [&hellip;]<\/p>\n","protected":false},"author":1,"featured_media":0,"parent":0,"menu_order":0,"comment_status":"closed","ping_status":"closed","template":"g1_template_page_sidebar_right.php","meta":{"inline_featured_image":false,"_monsterinsights_skip_tracking":false,"_monsterinsights_sitenote_active":false,"_monsterinsights_sitenote_note":"","_monsterinsights_sitenote_category":0,"footnotes":""},"class_list":["post-4109","page","type-page","status-publish"],"yoast_head":"<!-- This site is optimized with the Yoast SEO plugin v25.2 - https:\/\/yoast.com\/wordpress\/plugins\/seo\/ -->\n<title>Eine Newsletter-Vorlage in Microsoft Word erstellen? - Newsletter Creator<\/title>\n<meta name=\"robots\" content=\"index, follow, max-snippet:-1, max-image-preview:large, max-video-preview:-1\" \/>\n<link rel=\"canonical\" href=\"https:\/\/www.newslettercreator.com\/de\/eine-newsletter-vorlage-in-microsoft-word-erstellen\/\" \/>\n<meta property=\"og:locale\" content=\"de_DE\" \/>\n<meta property=\"og:type\" content=\"article\" \/>\n<meta property=\"og:title\" content=\"Eine Newsletter-Vorlage in Microsoft Word erstellen? - Newsletter Creator\" \/>\n<meta property=\"og:description\" content=\"Es kann sehr verlockend sein, eine Newsletter-Vorlage mittels Microsoft Word zu erstellen. Aber das ist eine Versuchung, der Sie widerstehen sollten, wenn Sie Ihrer E-Mail-Kampagne ein sauberes und effektives Layout verschaffen wollen. Hier ist der Grund: Word kann einige nicht standardisierte Codes dem normalen HTML hinzuf\u00fcgen, welche wahrscheinlich Darstellungsprobleme verursachen, sobald Ihr Newsletter vom Empf\u00e4nger [&hellip;]\" \/>\n<meta property=\"og:url\" content=\"https:\/\/www.newslettercreator.com\/de\/eine-newsletter-vorlage-in-microsoft-word-erstellen\/\" \/>\n<meta property=\"og:site_name\" content=\"Newsletter Creator\" \/>\n<meta property=\"article:modified_time\" content=\"2015-12-10T15:00:45+00:00\" \/>\n<meta property=\"og:image\" content=\"http:\/\/www.newslettercreator.com\/wp-content\/uploads\/2014\/02\/newsletter-template-microsoft-word-how-to.jpg\" \/>\n<meta name=\"twitter:label1\" content=\"Gesch\u00e4tzte Lesezeit\" \/>\n\t<meta name=\"twitter:data1\" content=\"1\u00a0Minute\" \/>\n<script type=\"application\/ld+json\" class=\"yoast-schema-graph\">{\"@context\":\"https:\/\/schema.org\",\"@graph\":[{\"@type\":\"WebPage\",\"@id\":\"https:\/\/www.newslettercreator.com\/de\/eine-newsletter-vorlage-in-microsoft-word-erstellen\/\",\"url\":\"https:\/\/www.newslettercreator.com\/de\/eine-newsletter-vorlage-in-microsoft-word-erstellen\/\",\"name\":\"Eine Newsletter-Vorlage in Microsoft Word erstellen? - Newsletter Creator\",\"isPartOf\":{\"@id\":\"https:\/\/www.newslettercreator.com\/#website\"},\"primaryImageOfPage\":{\"@id\":\"https:\/\/www.newslettercreator.com\/de\/eine-newsletter-vorlage-in-microsoft-word-erstellen\/#primaryimage\"},\"image\":{\"@id\":\"https:\/\/www.newslettercreator.com\/de\/eine-newsletter-vorlage-in-microsoft-word-erstellen\/#primaryimage\"},\"thumbnailUrl\":\"http:\/\/www.newslettercreator.com\/wp-content\/uploads\/2014\/02\/newsletter-template-microsoft-word-how-to.jpg\",\"datePublished\":\"2015-12-10T14:41:34+00:00\",\"dateModified\":\"2015-12-10T15:00:45+00:00\",\"breadcrumb\":{\"@id\":\"https:\/\/www.newslettercreator.com\/de\/eine-newsletter-vorlage-in-microsoft-word-erstellen\/#breadcrumb\"},\"inLanguage\":\"de\",\"potentialAction\":[{\"@type\":\"ReadAction\",\"target\":[\"https:\/\/www.newslettercreator.com\/de\/eine-newsletter-vorlage-in-microsoft-word-erstellen\/\"]}]},{\"@type\":\"ImageObject\",\"inLanguage\":\"de\",\"@id\":\"https:\/\/www.newslettercreator.com\/de\/eine-newsletter-vorlage-in-microsoft-word-erstellen\/#primaryimage\",\"url\":\"http:\/\/www.newslettercreator.com\/wp-content\/uploads\/2014\/02\/newsletter-template-microsoft-word-how-to.jpg\",\"contentUrl\":\"http:\/\/www.newslettercreator.com\/wp-content\/uploads\/2014\/02\/newsletter-template-microsoft-word-how-to.jpg\"},{\"@type\":\"BreadcrumbList\",\"@id\":\"https:\/\/www.newslettercreator.com\/de\/eine-newsletter-vorlage-in-microsoft-word-erstellen\/#breadcrumb\",\"itemListElement\":[{\"@type\":\"ListItem\",\"position\":1,\"name\":\"Home\",\"item\":\"https:\/\/www.newslettercreator.com\/de\/\"},{\"@type\":\"ListItem\",\"position\":2,\"name\":\"Eine Newsletter-Vorlage in Microsoft Word erstellen?\"}]},{\"@type\":\"WebSite\",\"@id\":\"https:\/\/www.newslettercreator.com\/#website\",\"url\":\"https:\/\/www.newslettercreator.com\/\",\"name\":\"Newsletter Creator\",\"description\":\"Pay off\",\"potentialAction\":[{\"@type\":\"SearchAction\",\"target\":{\"@type\":\"EntryPoint\",\"urlTemplate\":\"https:\/\/www.newslettercreator.com\/?s={search_term_string}\"},\"query-input\":{\"@type\":\"PropertyValueSpecification\",\"valueRequired\":true,\"valueName\":\"search_term_string\"}}],\"inLanguage\":\"de\"}]}<\/script>\n<!-- \/ Yoast SEO plugin. -->","yoast_head_json":{"title":"Eine Newsletter-Vorlage in Microsoft Word erstellen? - Newsletter Creator","robots":{"index":"index","follow":"follow","max-snippet":"max-snippet:-1","max-image-preview":"max-image-preview:large","max-video-preview":"max-video-preview:-1"},"canonical":"https:\/\/www.newslettercreator.com\/de\/eine-newsletter-vorlage-in-microsoft-word-erstellen\/","og_locale":"de_DE","og_type":"article","og_title":"Eine Newsletter-Vorlage in Microsoft Word erstellen? - Newsletter Creator","og_description":"Es kann sehr verlockend sein, eine Newsletter-Vorlage mittels Microsoft Word zu erstellen. Aber das ist eine Versuchung, der Sie widerstehen sollten, wenn Sie Ihrer E-Mail-Kampagne ein sauberes und effektives Layout verschaffen wollen. Hier ist der Grund: Word kann einige nicht standardisierte Codes dem normalen HTML hinzuf\u00fcgen, welche wahrscheinlich Darstellungsprobleme verursachen, sobald Ihr Newsletter vom Empf\u00e4nger [&hellip;]","og_url":"https:\/\/www.newslettercreator.com\/de\/eine-newsletter-vorlage-in-microsoft-word-erstellen\/","og_site_name":"Newsletter Creator","article_modified_time":"2015-12-10T15:00:45+00:00","og_image":[{"url":"http:\/\/www.newslettercreator.com\/wp-content\/uploads\/2014\/02\/newsletter-template-microsoft-word-how-to.jpg","type":"","width":"","height":""}],"twitter_misc":{"Gesch\u00e4tzte Lesezeit":"1\u00a0Minute"},"schema":{"@context":"https:\/\/schema.org","@graph":[{"@type":"WebPage","@id":"https:\/\/www.newslettercreator.com\/de\/eine-newsletter-vorlage-in-microsoft-word-erstellen\/","url":"https:\/\/www.newslettercreator.com\/de\/eine-newsletter-vorlage-in-microsoft-word-erstellen\/","name":"Eine Newsletter-Vorlage in Microsoft Word erstellen? - Newsletter Creator","isPartOf":{"@id":"https:\/\/www.newslettercreator.com\/#website"},"primaryImageOfPage":{"@id":"https:\/\/www.newslettercreator.com\/de\/eine-newsletter-vorlage-in-microsoft-word-erstellen\/#primaryimage"},"image":{"@id":"https:\/\/www.newslettercreator.com\/de\/eine-newsletter-vorlage-in-microsoft-word-erstellen\/#primaryimage"},"thumbnailUrl":"http:\/\/www.newslettercreator.com\/wp-content\/uploads\/2014\/02\/newsletter-template-microsoft-word-how-to.jpg","datePublished":"2015-12-10T14:41:34+00:00","dateModified":"2015-12-10T15:00:45+00:00","breadcrumb":{"@id":"https:\/\/www.newslettercreator.com\/de\/eine-newsletter-vorlage-in-microsoft-word-erstellen\/#breadcrumb"},"inLanguage":"de","potentialAction":[{"@type":"ReadAction","target":["https:\/\/www.newslettercreator.com\/de\/eine-newsletter-vorlage-in-microsoft-word-erstellen\/"]}]},{"@type":"ImageObject","inLanguage":"de","@id":"https:\/\/www.newslettercreator.com\/de\/eine-newsletter-vorlage-in-microsoft-word-erstellen\/#primaryimage","url":"http:\/\/www.newslettercreator.com\/wp-content\/uploads\/2014\/02\/newsletter-template-microsoft-word-how-to.jpg","contentUrl":"http:\/\/www.newslettercreator.com\/wp-content\/uploads\/2014\/02\/newsletter-template-microsoft-word-how-to.jpg"},{"@type":"BreadcrumbList","@id":"https:\/\/www.newslettercreator.com\/de\/eine-newsletter-vorlage-in-microsoft-word-erstellen\/#breadcrumb","itemListElement":[{"@type":"ListItem","position":1,"name":"Home","item":"https:\/\/www.newslettercreator.com\/de\/"},{"@type":"ListItem","position":2,"name":"Eine Newsletter-Vorlage in Microsoft Word erstellen?"}]},{"@type":"WebSite","@id":"https:\/\/www.newslettercreator.com\/#website","url":"https:\/\/www.newslettercreator.com\/","name":"Newsletter Creator","description":"Pay off","potentialAction":[{"@type":"SearchAction","target":{"@type":"EntryPoint","urlTemplate":"https:\/\/www.newslettercreator.com\/?s={search_term_string}"},"query-input":{"@type":"PropertyValueSpecification","valueRequired":true,"valueName":"search_term_string"}}],"inLanguage":"de"}]}},"_links":{"self":[{"href":"https:\/\/www.newslettercreator.com\/de\/wp-json\/wp\/v2\/pages\/4109","targetHints":{"allow":["GET"]}}],"collection":[{"href":"https:\/\/www.newslettercreator.com\/de\/wp-json\/wp\/v2\/pages"}],"about":[{"href":"https:\/\/www.newslettercreator.com\/de\/wp-json\/wp\/v2\/types\/page"}],"author":[{"embeddable":true,"href":"https:\/\/www.newslettercreator.com\/de\/wp-json\/wp\/v2\/users\/1"}],"replies":[{"embeddable":true,"href":"https:\/\/www.newslettercreator.com\/de\/wp-json\/wp\/v2\/comments?post=4109"}],"version-history":[{"count":1,"href":"https:\/\/www.newslettercreator.com\/de\/wp-json\/wp\/v2\/pages\/4109\/revisions"}],"predecessor-version":[{"id":4110,"href":"https:\/\/www.newslettercreator.com\/de\/wp-json\/wp\/v2\/pages\/4109\/revisions\/4110"}],"wp:attachment":[{"href":"https:\/\/www.newslettercreator.com\/de\/wp-json\/wp\/v2\/media?parent=4109"}],"curies":[{"name":"wp","href":"https:\/\/api.w.org\/{rel}","templated":true}]}}