{"id":4112,"date":"2015-12-10T14:46:15","date_gmt":"2015-12-10T14:46:15","guid":{"rendered":"http:\/\/www.newslettercreator.com\/de\/?page_id=4112"},"modified":"2015-12-10T15:01:03","modified_gmt":"2015-12-10T15:01:03","slug":"eine-newsletter-vorlage-in-publisher-erstellen","status":"publish","type":"page","link":"https:\/\/www.newslettercreator.com\/de\/eine-newsletter-vorlage-in-publisher-erstellen\/","title":{"rendered":"Eine Newsletter-Vorlage in Publisher erstellen?"},"content":{"rendered":"<p><img decoding=\"async\" class=\"alignnone size-full wp-image-237\" src=\"http:\/\/www.newslettercreator.com\/wp-content\/uploads\/2014\/02\/publisher-newsletter-template.jpg\" alt=\"Eine Newsletter-Vorlage in Publisher erstellen?\" width=\"649\" height=\"423\" \/><\/p>\n<p>Es ist am besten, Ihre <strong>Newsletter-Vorlage<\/strong> nicht mit <strong>Microsoft Publisher<\/strong> zu erstellen. Das Hauptproblem ist, dass Publisher \u2013 genau wie Word \u2013 einen unsauberen und verworrenen HTML Code erzeugen kann. Dies wird sowohl <strong>Darstellungsprobleme<\/strong> (Ihre E-Mail k\u00f6nnte auf verschiedenen Clients unterschiedlich oder sogar falsch erscheinen) als auch <strong>Zustellprobleme<\/strong> verursachen (da ein sauberer und leichter Code f\u00fcr die Zustellung eines Newsletters entscheidend ist).<\/p>\n<p>Dar\u00fcber hinaus ist Microsoft Publisher nicht vorrangig f\u00fcr das <strong>Editieren von Newslettern<\/strong> gemacht \u2013 was bedeutet, dass der gesamte Erstellungsprozess problematisch sein kann oder gute Design-F\u00e4higkeiten erfordert.<\/p>\n<p>Um dies ein f\u00fcr allemal zu vermeiden, ist die beste Idee, sich ein komplett eigenes Tool wie MailStyler zu besorgen. Unser einzigartiger <strong>Newsletter-Creator<\/strong> macht die Zusammenstellung einer E-Mail-Vorlage zu einer <strong>unglaublich simplen Aufgabe<\/strong>: Sie m\u00fcssen einfach nur eines aus einer breiten Auswahl von vorgefertigten Elementen per Drag &#038; Drop auf die WYSIWYG Oberfl\u00e4che ziehen und nach Belieben anpassen. Sie k\u00f6nnen zwischen verschiedenen Typen von allgemeinen Layouts w\u00e4hlen (mit einer oder mehr Spalten), Bilder und Buttons hinzuf\u00fcgen, Zellen und Schriften anpassen \u2013 alles mit ein paar simplen Klicks.<\/p>\n<p>Tats\u00e4chlich ist der Prozess der E-Mail-Erstellung so rationalisiert, dass Sie buchst\u00e4blich <strong>Ihre E-Mail-Vorlage in Sekunden erstellen<\/strong> k\u00f6nnen und ein wirklich professionelles Ergebnis erhalten. Aber das ist noch nicht alles: wir garantieren, dass der fertige HTML Code zu 100% mit allen E-Mail-Clients kompatibel ist und keine Zustellprobleme oder \u00c4hnliches verursachen wird. <\/p>\n<p>&nbsp;<\/p>\n<p style=\"text-align: center;\"><a class=\"button large orange\" style=\"margin-top: 20px; width: 157px; margin-right: 30px;\" title=\"Laden Die Demo\" href=\"http:\/\/www.newslettercreator.com\/de\/kostenlos-testen\/\" target=\"_self\">DEMO HERUNTERLADEN<\/a><a class=\"button large darkgray\" style=\"margin-top: 20px; width: 170px;\" title=\"Mailstyler Pro Kaufen\" href=\"http:\/\/www.newslettercreator.com\/de\/preise\/\" target=\"_self\">MAILSTYLER PRO KAUFEN<\/a><\/p>\n<p style=\"text-align: center; font-size: 11px; margin-bottom: 30px;\">Neueste Version: 2.24.01.17 | Gr\u00f6\u00dfe: 114.9 MB<br \/>Erscheinungsdatum: 17\/01\/2024<br \/><a href=\"http:\/\/www.newslettercreator.com\/de\/mailstyler-lizenzvereinbarung\/\" target=\"_blank\">Lizenzvereinbarung<\/a> | <a href=\"http:\/\/www.newslettercreator.com\/de\/wie-man-mailstyler-deinstalliert\/\" target=\"_blank\">Deinstallationsanleitung<\/a><\/p>\n","protected":false},"excerpt":{"rendered":"<p>Es ist am besten, Ihre Newsletter-Vorlage nicht mit Microsoft Publisher zu erstellen. Das Hauptproblem ist, dass Publisher \u2013 genau wie Word \u2013 einen unsauberen und verworrenen HTML Code erzeugen kann. Dies wird sowohl Darstellungsprobleme (Ihre E-Mail k\u00f6nnte auf verschiedenen Clients unterschiedlich oder sogar falsch erscheinen) als auch Zustellprobleme verursachen (da ein sauberer und leichter Code [&hellip;]<\/p>\n","protected":false},"author":1,"featured_media":0,"parent":0,"menu_order":0,"comment_status":"closed","ping_status":"closed","template":"g1_template_page_sidebar_right.php","meta":{"inline_featured_image":false,"_monsterinsights_skip_tracking":false,"_monsterinsights_sitenote_active":false,"_monsterinsights_sitenote_note":"","_monsterinsights_sitenote_category":0,"footnotes":""},"class_list":["post-4112","page","type-page","status-publish"],"yoast_head":"<!-- This site is optimized with the Yoast SEO plugin v25.2 - https:\/\/yoast.com\/wordpress\/plugins\/seo\/ -->\n<title>Eine Newsletter-Vorlage in Publisher erstellen? - Newsletter Creator<\/title>\n<meta name=\"robots\" content=\"index, follow, max-snippet:-1, max-image-preview:large, max-video-preview:-1\" \/>\n<link rel=\"canonical\" href=\"https:\/\/www.newslettercreator.com\/de\/eine-newsletter-vorlage-in-publisher-erstellen\/\" \/>\n<meta property=\"og:locale\" content=\"de_DE\" \/>\n<meta property=\"og:type\" content=\"article\" \/>\n<meta property=\"og:title\" content=\"Eine Newsletter-Vorlage in Publisher erstellen? - Newsletter Creator\" \/>\n<meta property=\"og:description\" content=\"Es ist am besten, Ihre Newsletter-Vorlage nicht mit Microsoft Publisher zu erstellen. Das Hauptproblem ist, dass Publisher \u2013 genau wie Word \u2013 einen unsauberen und verworrenen HTML Code erzeugen kann. Dies wird sowohl Darstellungsprobleme (Ihre E-Mail k\u00f6nnte auf verschiedenen Clients unterschiedlich oder sogar falsch erscheinen) als auch Zustellprobleme verursachen (da ein sauberer und leichter Code [&hellip;]\" \/>\n<meta property=\"og:url\" content=\"https:\/\/www.newslettercreator.com\/de\/eine-newsletter-vorlage-in-publisher-erstellen\/\" \/>\n<meta property=\"og:site_name\" content=\"Newsletter Creator\" \/>\n<meta property=\"article:modified_time\" content=\"2015-12-10T15:01:03+00:00\" \/>\n<meta property=\"og:image\" content=\"http:\/\/www.newslettercreator.com\/wp-content\/uploads\/2014\/02\/publisher-newsletter-template.jpg\" \/>\n<meta name=\"twitter:label1\" content=\"Gesch\u00e4tzte Lesezeit\" \/>\n\t<meta name=\"twitter:data1\" content=\"1\u00a0Minute\" \/>\n<script type=\"application\/ld+json\" class=\"yoast-schema-graph\">{\"@context\":\"https:\/\/schema.org\",\"@graph\":[{\"@type\":\"WebPage\",\"@id\":\"https:\/\/www.newslettercreator.com\/de\/eine-newsletter-vorlage-in-publisher-erstellen\/\",\"url\":\"https:\/\/www.newslettercreator.com\/de\/eine-newsletter-vorlage-in-publisher-erstellen\/\",\"name\":\"Eine Newsletter-Vorlage in Publisher erstellen? - Newsletter Creator\",\"isPartOf\":{\"@id\":\"https:\/\/www.newslettercreator.com\/#website\"},\"primaryImageOfPage\":{\"@id\":\"https:\/\/www.newslettercreator.com\/de\/eine-newsletter-vorlage-in-publisher-erstellen\/#primaryimage\"},\"image\":{\"@id\":\"https:\/\/www.newslettercreator.com\/de\/eine-newsletter-vorlage-in-publisher-erstellen\/#primaryimage\"},\"thumbnailUrl\":\"http:\/\/www.newslettercreator.com\/wp-content\/uploads\/2014\/02\/publisher-newsletter-template.jpg\",\"datePublished\":\"2015-12-10T14:46:15+00:00\",\"dateModified\":\"2015-12-10T15:01:03+00:00\",\"breadcrumb\":{\"@id\":\"https:\/\/www.newslettercreator.com\/de\/eine-newsletter-vorlage-in-publisher-erstellen\/#breadcrumb\"},\"inLanguage\":\"de\",\"potentialAction\":[{\"@type\":\"ReadAction\",\"target\":[\"https:\/\/www.newslettercreator.com\/de\/eine-newsletter-vorlage-in-publisher-erstellen\/\"]}]},{\"@type\":\"ImageObject\",\"inLanguage\":\"de\",\"@id\":\"https:\/\/www.newslettercreator.com\/de\/eine-newsletter-vorlage-in-publisher-erstellen\/#primaryimage\",\"url\":\"http:\/\/www.newslettercreator.com\/wp-content\/uploads\/2014\/02\/publisher-newsletter-template.jpg\",\"contentUrl\":\"http:\/\/www.newslettercreator.com\/wp-content\/uploads\/2014\/02\/publisher-newsletter-template.jpg\"},{\"@type\":\"BreadcrumbList\",\"@id\":\"https:\/\/www.newslettercreator.com\/de\/eine-newsletter-vorlage-in-publisher-erstellen\/#breadcrumb\",\"itemListElement\":[{\"@type\":\"ListItem\",\"position\":1,\"name\":\"Home\",\"item\":\"https:\/\/www.newslettercreator.com\/de\/\"},{\"@type\":\"ListItem\",\"position\":2,\"name\":\"Eine Newsletter-Vorlage in Publisher erstellen?\"}]},{\"@type\":\"WebSite\",\"@id\":\"https:\/\/www.newslettercreator.com\/#website\",\"url\":\"https:\/\/www.newslettercreator.com\/\",\"name\":\"Newsletter Creator\",\"description\":\"Pay off\",\"potentialAction\":[{\"@type\":\"SearchAction\",\"target\":{\"@type\":\"EntryPoint\",\"urlTemplate\":\"https:\/\/www.newslettercreator.com\/?s={search_term_string}\"},\"query-input\":{\"@type\":\"PropertyValueSpecification\",\"valueRequired\":true,\"valueName\":\"search_term_string\"}}],\"inLanguage\":\"de\"}]}<\/script>\n<!-- \/ Yoast SEO plugin. -->","yoast_head_json":{"title":"Eine Newsletter-Vorlage in Publisher erstellen? - Newsletter Creator","robots":{"index":"index","follow":"follow","max-snippet":"max-snippet:-1","max-image-preview":"max-image-preview:large","max-video-preview":"max-video-preview:-1"},"canonical":"https:\/\/www.newslettercreator.com\/de\/eine-newsletter-vorlage-in-publisher-erstellen\/","og_locale":"de_DE","og_type":"article","og_title":"Eine Newsletter-Vorlage in Publisher erstellen? - Newsletter Creator","og_description":"Es ist am besten, Ihre Newsletter-Vorlage nicht mit Microsoft Publisher zu erstellen. Das Hauptproblem ist, dass Publisher \u2013 genau wie Word \u2013 einen unsauberen und verworrenen HTML Code erzeugen kann. Dies wird sowohl Darstellungsprobleme (Ihre E-Mail k\u00f6nnte auf verschiedenen Clients unterschiedlich oder sogar falsch erscheinen) als auch Zustellprobleme verursachen (da ein sauberer und leichter Code [&hellip;]","og_url":"https:\/\/www.newslettercreator.com\/de\/eine-newsletter-vorlage-in-publisher-erstellen\/","og_site_name":"Newsletter Creator","article_modified_time":"2015-12-10T15:01:03+00:00","og_image":[{"url":"http:\/\/www.newslettercreator.com\/wp-content\/uploads\/2014\/02\/publisher-newsletter-template.jpg","type":"","width":"","height":""}],"twitter_misc":{"Gesch\u00e4tzte Lesezeit":"1\u00a0Minute"},"schema":{"@context":"https:\/\/schema.org","@graph":[{"@type":"WebPage","@id":"https:\/\/www.newslettercreator.com\/de\/eine-newsletter-vorlage-in-publisher-erstellen\/","url":"https:\/\/www.newslettercreator.com\/de\/eine-newsletter-vorlage-in-publisher-erstellen\/","name":"Eine Newsletter-Vorlage in Publisher erstellen? - Newsletter Creator","isPartOf":{"@id":"https:\/\/www.newslettercreator.com\/#website"},"primaryImageOfPage":{"@id":"https:\/\/www.newslettercreator.com\/de\/eine-newsletter-vorlage-in-publisher-erstellen\/#primaryimage"},"image":{"@id":"https:\/\/www.newslettercreator.com\/de\/eine-newsletter-vorlage-in-publisher-erstellen\/#primaryimage"},"thumbnailUrl":"http:\/\/www.newslettercreator.com\/wp-content\/uploads\/2014\/02\/publisher-newsletter-template.jpg","datePublished":"2015-12-10T14:46:15+00:00","dateModified":"2015-12-10T15:01:03+00:00","breadcrumb":{"@id":"https:\/\/www.newslettercreator.com\/de\/eine-newsletter-vorlage-in-publisher-erstellen\/#breadcrumb"},"inLanguage":"de","potentialAction":[{"@type":"ReadAction","target":["https:\/\/www.newslettercreator.com\/de\/eine-newsletter-vorlage-in-publisher-erstellen\/"]}]},{"@type":"ImageObject","inLanguage":"de","@id":"https:\/\/www.newslettercreator.com\/de\/eine-newsletter-vorlage-in-publisher-erstellen\/#primaryimage","url":"http:\/\/www.newslettercreator.com\/wp-content\/uploads\/2014\/02\/publisher-newsletter-template.jpg","contentUrl":"http:\/\/www.newslettercreator.com\/wp-content\/uploads\/2014\/02\/publisher-newsletter-template.jpg"},{"@type":"BreadcrumbList","@id":"https:\/\/www.newslettercreator.com\/de\/eine-newsletter-vorlage-in-publisher-erstellen\/#breadcrumb","itemListElement":[{"@type":"ListItem","position":1,"name":"Home","item":"https:\/\/www.newslettercreator.com\/de\/"},{"@type":"ListItem","position":2,"name":"Eine Newsletter-Vorlage in Publisher erstellen?"}]},{"@type":"WebSite","@id":"https:\/\/www.newslettercreator.com\/#website","url":"https:\/\/www.newslettercreator.com\/","name":"Newsletter Creator","description":"Pay off","potentialAction":[{"@type":"SearchAction","target":{"@type":"EntryPoint","urlTemplate":"https:\/\/www.newslettercreator.com\/?s={search_term_string}"},"query-input":{"@type":"PropertyValueSpecification","valueRequired":true,"valueName":"search_term_string"}}],"inLanguage":"de"}]}},"_links":{"self":[{"href":"https:\/\/www.newslettercreator.com\/de\/wp-json\/wp\/v2\/pages\/4112","targetHints":{"allow":["GET"]}}],"collection":[{"href":"https:\/\/www.newslettercreator.com\/de\/wp-json\/wp\/v2\/pages"}],"about":[{"href":"https:\/\/www.newslettercreator.com\/de\/wp-json\/wp\/v2\/types\/page"}],"author":[{"embeddable":true,"href":"https:\/\/www.newslettercreator.com\/de\/wp-json\/wp\/v2\/users\/1"}],"replies":[{"embeddable":true,"href":"https:\/\/www.newslettercreator.com\/de\/wp-json\/wp\/v2\/comments?post=4112"}],"version-history":[{"count":1,"href":"https:\/\/www.newslettercreator.com\/de\/wp-json\/wp\/v2\/pages\/4112\/revisions"}],"predecessor-version":[{"id":4113,"href":"https:\/\/www.newslettercreator.com\/de\/wp-json\/wp\/v2\/pages\/4112\/revisions\/4113"}],"wp:attachment":[{"href":"https:\/\/www.newslettercreator.com\/de\/wp-json\/wp\/v2\/media?parent=4112"}],"curies":[{"name":"wp","href":"https:\/\/api.w.org\/{rel}","templated":true}]}}