{"id":4115,"date":"2015-12-10T14:53:35","date_gmt":"2015-12-10T14:53:35","guid":{"rendered":"http:\/\/www.newslettercreator.com\/de\/?page_id=4115"},"modified":"2015-12-10T15:01:17","modified_gmt":"2015-12-10T15:01:17","slug":"e-mail-layout-beste-verfahren","status":"publish","type":"page","link":"https:\/\/www.newslettercreator.com\/de\/e-mail-layout-beste-verfahren\/","title":{"rendered":"E-Mail Layout \u2013 beste Verfahren"},"content":{"rendered":"<p><img decoding=\"async\" class=\"alignnone size-full wp-image-237\" src=\"http:\/\/www.newslettercreator.com\/wp-content\/uploads\/2014\/02\/email-layout-best-practices.jpg\" alt=\"E-Mail Layout \u2013 beste Verfahren\" width=\"649\" height=\"423\" \/><\/p>\n<p>Eine schnelle Suche auf Google wird Ihnen Dutzende von Listen zu den <strong>besten Verfahren beim E-Mail Layout<\/strong> liefern: von der HTML Programmierung bis zu den einfachen Design-Grundlagen, von der Bildverwaltung bis zur Mobil-Anpassung werden Sie lernen, was f\u00fcr die Erstellung eines <strong>einwandfreien Newsletters<\/strong> notwendig ist.<\/p>\n<p>Unter diesen Vorschl\u00e4gen zur Erstellung sauberer E-Mail-Vorlagen werden Sie herausfinden, dass Sie immer Ihren Inhalt mittels <strong>HTML Tabellen<\/strong> strukturieren sollten; dass es wichtig ist, Bilder mit <strong>absoluten Links<\/strong> zu versehen; dass es ratsam ist, <strong>Hintergrundfarben zu vermeiden<\/strong>; dass alle CSS Stile <strong>inline eingef\u00fcgt<\/strong> werden m\u00fcssen; und dass Sie immer Ihr Layout mit verschiedenen E-Mail-Clients <strong>testen<\/strong> m\u00fcssen. Etc. etc.<\/p>\n<p>Aber was, wenn Sie nicht Stunden mit Programmieren verbringen m\u00f6chten oder wenn Sie nicht einmal <strong>wissen, wie man programmiert<\/strong> und Sie Ihrem Inhalt die <strong>gute HTML Vorlage<\/strong> verschaffen m\u00f6chten, die er verdient?<\/p>\n<p>Ganz einfach: <a title=\"Laden Die Demo\" href=\"http:\/\/www.newslettercreator.com\/de\/kostenlos-testen\/\"><strong>Verwenden Sie MailStyler<\/strong><\/a>.<\/p>\n<p>MailStyler revolutioniert den Ansatz zur E-Mail-Erstellung, gibt Ihnen eine m\u00e4chtige Software-L\u00f6sung zur Erstellung von Newslettern von Grund auf <strong>ohne eine einzige Zeile Code<\/strong>. Sie \u00f6ffnen einfach unseren WYSIWYG Editor und f\u00fcgen alle ben\u00f6tigten Elemente per <strong>Drag and Drop<\/strong> hinzu \u2013 Textbl\u00f6cke, Buttons, Spalten, Footer etc. Dann editieren Sie diese nach Belieben und speichern oder editieren Ihr E-Mail-Layout, welches zur Verwendung in jeder Mailing-Software bereit ist.<\/p>\n<p>Was ist dann mit der Darstellung und HTML? Ganz einfach: Alle von MailStylers  bereits entworfenen Elemente wurden sorgf\u00e4ltig programmiert, um <strong>mit allen gr\u00f6\u00dferen Clients kompatibel<\/strong> zu sein. Also ganz egal, wie Sie diese zu Ihrem eigenen Newsletter kombinieren, das Ergebnis wird <strong>immer perfekt<\/strong> aussehen, egal auf welchem Ger\u00e4t es angezeigt wird.<\/p>\n<p><a title=\"Laden Die Demo\" href=\"http:\/\/www.newslettercreator.com\/de\/kostenlos-testen\/\"><strong>Testen Sie es einfach<\/strong><\/a>. Sie werden verbl\u00fcfft sein, wie einfach und welche eine Freude es ist.<\/p>\n<p>&nbsp;<\/p>\n<p style=\"text-align: center;\"><a class=\"button large orange\" style=\"margin-top: 20px; width: 157px; margin-right: 30px;\" title=\"Laden Die Demo\" href=\"http:\/\/www.newslettercreator.com\/de\/kostenlos-testen\/\" target=\"_self\">DEMO HERUNTERLADEN<\/a><a class=\"button large darkgray\" style=\"margin-top: 20px; width: 170px;\" title=\"Mailstyler Pro Kaufen\" href=\"http:\/\/www.newslettercreator.com\/de\/preise\/\" target=\"_self\">MAILSTYLER PRO KAUFEN<\/a><\/p>\n<p style=\"text-align: center; font-size: 11px; margin-bottom: 30px;\">Neueste Version: 2.24.01.17 | Gr\u00f6\u00dfe: 114.9 MB<br \/>Erscheinungsdatum: 17\/01\/2024<br \/><a href=\"http:\/\/www.newslettercreator.com\/de\/mailstyler-lizenzvereinbarung\/\" target=\"_blank\">Lizenzvereinbarung<\/a> | <a href=\"http:\/\/www.newslettercreator.com\/de\/wie-man-mailstyler-deinstalliert\/\" target=\"_blank\">Deinstallationsanleitung<\/a><\/p>\n","protected":false},"excerpt":{"rendered":"<p>Eine schnelle Suche auf Google wird Ihnen Dutzende von Listen zu den besten Verfahren beim E-Mail Layout liefern: von der HTML Programmierung bis zu den einfachen Design-Grundlagen, von der Bildverwaltung bis zur Mobil-Anpassung werden Sie lernen, was f\u00fcr die Erstellung eines einwandfreien Newsletters notwendig ist. Unter diesen Vorschl\u00e4gen zur Erstellung sauberer E-Mail-Vorlagen werden Sie herausfinden, [&hellip;]<\/p>\n","protected":false},"author":1,"featured_media":0,"parent":0,"menu_order":0,"comment_status":"closed","ping_status":"closed","template":"g1_template_page_sidebar_right.php","meta":{"inline_featured_image":false,"_monsterinsights_skip_tracking":false,"_monsterinsights_sitenote_active":false,"_monsterinsights_sitenote_note":"","_monsterinsights_sitenote_category":0,"footnotes":""},"class_list":["post-4115","page","type-page","status-publish"],"yoast_head":"<!-- This site is optimized with the Yoast SEO plugin v25.2 - https:\/\/yoast.com\/wordpress\/plugins\/seo\/ -->\n<title>E-Mail Layout \u2013 beste Verfahren - Newsletter Creator<\/title>\n<meta name=\"robots\" content=\"index, follow, max-snippet:-1, max-image-preview:large, max-video-preview:-1\" \/>\n<link rel=\"canonical\" href=\"https:\/\/www.newslettercreator.com\/de\/e-mail-layout-beste-verfahren\/\" \/>\n<meta property=\"og:locale\" content=\"de_DE\" \/>\n<meta property=\"og:type\" content=\"article\" \/>\n<meta property=\"og:title\" content=\"E-Mail Layout \u2013 beste Verfahren - Newsletter Creator\" \/>\n<meta property=\"og:description\" content=\"Eine schnelle Suche auf Google wird Ihnen Dutzende von Listen zu den besten Verfahren beim E-Mail Layout liefern: von der HTML Programmierung bis zu den einfachen Design-Grundlagen, von der Bildverwaltung bis zur Mobil-Anpassung werden Sie lernen, was f\u00fcr die Erstellung eines einwandfreien Newsletters notwendig ist. Unter diesen Vorschl\u00e4gen zur Erstellung sauberer E-Mail-Vorlagen werden Sie herausfinden, [&hellip;]\" \/>\n<meta property=\"og:url\" content=\"https:\/\/www.newslettercreator.com\/de\/e-mail-layout-beste-verfahren\/\" \/>\n<meta property=\"og:site_name\" content=\"Newsletter Creator\" \/>\n<meta property=\"article:modified_time\" content=\"2015-12-10T15:01:17+00:00\" \/>\n<meta property=\"og:image\" content=\"http:\/\/www.newslettercreator.com\/wp-content\/uploads\/2014\/02\/email-layout-best-practices.jpg\" \/>\n<meta name=\"twitter:label1\" content=\"Gesch\u00e4tzte Lesezeit\" \/>\n\t<meta name=\"twitter:data1\" content=\"2\u00a0Minuten\" \/>\n<script type=\"application\/ld+json\" class=\"yoast-schema-graph\">{\"@context\":\"https:\/\/schema.org\",\"@graph\":[{\"@type\":\"WebPage\",\"@id\":\"https:\/\/www.newslettercreator.com\/de\/e-mail-layout-beste-verfahren\/\",\"url\":\"https:\/\/www.newslettercreator.com\/de\/e-mail-layout-beste-verfahren\/\",\"name\":\"E-Mail Layout \u2013 beste Verfahren - Newsletter Creator\",\"isPartOf\":{\"@id\":\"https:\/\/www.newslettercreator.com\/#website\"},\"primaryImageOfPage\":{\"@id\":\"https:\/\/www.newslettercreator.com\/de\/e-mail-layout-beste-verfahren\/#primaryimage\"},\"image\":{\"@id\":\"https:\/\/www.newslettercreator.com\/de\/e-mail-layout-beste-verfahren\/#primaryimage\"},\"thumbnailUrl\":\"http:\/\/www.newslettercreator.com\/wp-content\/uploads\/2014\/02\/email-layout-best-practices.jpg\",\"datePublished\":\"2015-12-10T14:53:35+00:00\",\"dateModified\":\"2015-12-10T15:01:17+00:00\",\"breadcrumb\":{\"@id\":\"https:\/\/www.newslettercreator.com\/de\/e-mail-layout-beste-verfahren\/#breadcrumb\"},\"inLanguage\":\"de\",\"potentialAction\":[{\"@type\":\"ReadAction\",\"target\":[\"https:\/\/www.newslettercreator.com\/de\/e-mail-layout-beste-verfahren\/\"]}]},{\"@type\":\"ImageObject\",\"inLanguage\":\"de\",\"@id\":\"https:\/\/www.newslettercreator.com\/de\/e-mail-layout-beste-verfahren\/#primaryimage\",\"url\":\"http:\/\/www.newslettercreator.com\/wp-content\/uploads\/2014\/02\/email-layout-best-practices.jpg\",\"contentUrl\":\"http:\/\/www.newslettercreator.com\/wp-content\/uploads\/2014\/02\/email-layout-best-practices.jpg\"},{\"@type\":\"BreadcrumbList\",\"@id\":\"https:\/\/www.newslettercreator.com\/de\/e-mail-layout-beste-verfahren\/#breadcrumb\",\"itemListElement\":[{\"@type\":\"ListItem\",\"position\":1,\"name\":\"Home\",\"item\":\"https:\/\/www.newslettercreator.com\/de\/\"},{\"@type\":\"ListItem\",\"position\":2,\"name\":\"E-Mail Layout \u2013 beste Verfahren\"}]},{\"@type\":\"WebSite\",\"@id\":\"https:\/\/www.newslettercreator.com\/#website\",\"url\":\"https:\/\/www.newslettercreator.com\/\",\"name\":\"Newsletter Creator\",\"description\":\"Pay off\",\"potentialAction\":[{\"@type\":\"SearchAction\",\"target\":{\"@type\":\"EntryPoint\",\"urlTemplate\":\"https:\/\/www.newslettercreator.com\/?s={search_term_string}\"},\"query-input\":{\"@type\":\"PropertyValueSpecification\",\"valueRequired\":true,\"valueName\":\"search_term_string\"}}],\"inLanguage\":\"de\"}]}<\/script>\n<!-- \/ Yoast SEO plugin. -->","yoast_head_json":{"title":"E-Mail Layout \u2013 beste Verfahren - Newsletter Creator","robots":{"index":"index","follow":"follow","max-snippet":"max-snippet:-1","max-image-preview":"max-image-preview:large","max-video-preview":"max-video-preview:-1"},"canonical":"https:\/\/www.newslettercreator.com\/de\/e-mail-layout-beste-verfahren\/","og_locale":"de_DE","og_type":"article","og_title":"E-Mail Layout \u2013 beste Verfahren - Newsletter Creator","og_description":"Eine schnelle Suche auf Google wird Ihnen Dutzende von Listen zu den besten Verfahren beim E-Mail Layout liefern: von der HTML Programmierung bis zu den einfachen Design-Grundlagen, von der Bildverwaltung bis zur Mobil-Anpassung werden Sie lernen, was f\u00fcr die Erstellung eines einwandfreien Newsletters notwendig ist. Unter diesen Vorschl\u00e4gen zur Erstellung sauberer E-Mail-Vorlagen werden Sie herausfinden, [&hellip;]","og_url":"https:\/\/www.newslettercreator.com\/de\/e-mail-layout-beste-verfahren\/","og_site_name":"Newsletter Creator","article_modified_time":"2015-12-10T15:01:17+00:00","og_image":[{"url":"http:\/\/www.newslettercreator.com\/wp-content\/uploads\/2014\/02\/email-layout-best-practices.jpg","type":"","width":"","height":""}],"twitter_misc":{"Gesch\u00e4tzte Lesezeit":"2\u00a0Minuten"},"schema":{"@context":"https:\/\/schema.org","@graph":[{"@type":"WebPage","@id":"https:\/\/www.newslettercreator.com\/de\/e-mail-layout-beste-verfahren\/","url":"https:\/\/www.newslettercreator.com\/de\/e-mail-layout-beste-verfahren\/","name":"E-Mail Layout \u2013 beste Verfahren - Newsletter Creator","isPartOf":{"@id":"https:\/\/www.newslettercreator.com\/#website"},"primaryImageOfPage":{"@id":"https:\/\/www.newslettercreator.com\/de\/e-mail-layout-beste-verfahren\/#primaryimage"},"image":{"@id":"https:\/\/www.newslettercreator.com\/de\/e-mail-layout-beste-verfahren\/#primaryimage"},"thumbnailUrl":"http:\/\/www.newslettercreator.com\/wp-content\/uploads\/2014\/02\/email-layout-best-practices.jpg","datePublished":"2015-12-10T14:53:35+00:00","dateModified":"2015-12-10T15:01:17+00:00","breadcrumb":{"@id":"https:\/\/www.newslettercreator.com\/de\/e-mail-layout-beste-verfahren\/#breadcrumb"},"inLanguage":"de","potentialAction":[{"@type":"ReadAction","target":["https:\/\/www.newslettercreator.com\/de\/e-mail-layout-beste-verfahren\/"]}]},{"@type":"ImageObject","inLanguage":"de","@id":"https:\/\/www.newslettercreator.com\/de\/e-mail-layout-beste-verfahren\/#primaryimage","url":"http:\/\/www.newslettercreator.com\/wp-content\/uploads\/2014\/02\/email-layout-best-practices.jpg","contentUrl":"http:\/\/www.newslettercreator.com\/wp-content\/uploads\/2014\/02\/email-layout-best-practices.jpg"},{"@type":"BreadcrumbList","@id":"https:\/\/www.newslettercreator.com\/de\/e-mail-layout-beste-verfahren\/#breadcrumb","itemListElement":[{"@type":"ListItem","position":1,"name":"Home","item":"https:\/\/www.newslettercreator.com\/de\/"},{"@type":"ListItem","position":2,"name":"E-Mail Layout \u2013 beste Verfahren"}]},{"@type":"WebSite","@id":"https:\/\/www.newslettercreator.com\/#website","url":"https:\/\/www.newslettercreator.com\/","name":"Newsletter Creator","description":"Pay off","potentialAction":[{"@type":"SearchAction","target":{"@type":"EntryPoint","urlTemplate":"https:\/\/www.newslettercreator.com\/?s={search_term_string}"},"query-input":{"@type":"PropertyValueSpecification","valueRequired":true,"valueName":"search_term_string"}}],"inLanguage":"de"}]}},"_links":{"self":[{"href":"https:\/\/www.newslettercreator.com\/de\/wp-json\/wp\/v2\/pages\/4115","targetHints":{"allow":["GET"]}}],"collection":[{"href":"https:\/\/www.newslettercreator.com\/de\/wp-json\/wp\/v2\/pages"}],"about":[{"href":"https:\/\/www.newslettercreator.com\/de\/wp-json\/wp\/v2\/types\/page"}],"author":[{"embeddable":true,"href":"https:\/\/www.newslettercreator.com\/de\/wp-json\/wp\/v2\/users\/1"}],"replies":[{"embeddable":true,"href":"https:\/\/www.newslettercreator.com\/de\/wp-json\/wp\/v2\/comments?post=4115"}],"version-history":[{"count":1,"href":"https:\/\/www.newslettercreator.com\/de\/wp-json\/wp\/v2\/pages\/4115\/revisions"}],"predecessor-version":[{"id":4116,"href":"https:\/\/www.newslettercreator.com\/de\/wp-json\/wp\/v2\/pages\/4115\/revisions\/4116"}],"wp:attachment":[{"href":"https:\/\/www.newslettercreator.com\/de\/wp-json\/wp\/v2\/media?parent=4115"}],"curies":[{"name":"wp","href":"https:\/\/api.w.org\/{rel}","templated":true}]}}