{"id":4120,"date":"2015-12-11T08:07:12","date_gmt":"2015-12-11T08:07:12","guid":{"rendered":"http:\/\/www.newslettercreator.com\/de\/?page_id=4120"},"modified":"2015-12-11T08:07:58","modified_gmt":"2015-12-11T08:07:58","slug":"wie-erhalten-sie-das-beste-design-fuer-ihren-newsletter","status":"publish","type":"page","link":"https:\/\/www.newslettercreator.com\/de\/wie-erhalten-sie-das-beste-design-fuer-ihren-newsletter\/","title":{"rendered":"Wie erhalten Sie das beste Design f\u00fcr Ihren Newsletter"},"content":{"rendered":"<p><img decoding=\"async\" class=\"alignnone size-full wp-image-237\" src=\"http:\/\/www.newslettercreator.com\/wp-content\/uploads\/2014\/03\/best-design-newsletter.jpg\" alt=\"Wie erhalten Sie das beste Design f\u00fcr Ihren Newsletter\" width=\"649\" height=\"423\" \/><\/p>\n<p>Es gibt eine Menge guter Vorschl\u00e4ge f\u00fcr das <strong>Design des besten Newsletters<\/strong> f\u00fcr Ihre Bed\u00fcrfnisse, f\u00fcr den Anf\u00e4nger jedoch ungl\u00fccklich, dass sich viele davon auf das <strong>Programmieren mit HTML<\/strong> beziehen. Aber es gibt gute Neuigkeiten: Mit unserem <strong>E-Mail-Vorlagen Creator<\/strong> kann der ganze Vorgang ohne eine einzige Zeile Code erledigt werden.<\/p>\n<p>In der Tat m\u00fcssen Sie mit MailStyler einfach vorgefertigte Elemente und Bl\u00f6cke per Drag and Drop zu einer komplett individuellen Vorlage zu kombinieren. Das Erstellen eines <strong>fantastischen Vorlagen-Designs<\/strong> war nie so einfach. Und kurzweilig!<\/p>\n<p>Vor diesem Hintergrund sollten Sie einige <strong>bew\u00e4hrte Design-Grundlagen<\/strong> im Hinterkopf behalten, um eine wirklich makellose Newsletter-Vorlage zu erstellen. Hier sind die f\u00fcnf Wichtigsten:<\/p>\n<ol>\n<li><strong>Behalten Sie Ihre Marke im Auge.<\/strong><br \/>\nMailStyler bietet Ihnen die unbezahlbare M\u00f6glichkeit, eine wirklich angepasste Vorlage zu erstellen \u2013 nicht nur, um Ihrem Bet\u00e4tigungsfeld zu entsprechen, sondern Ihrer eigenen Marke selbst. Darum sollte Ihr Newsletter-Design mit dieser vollkommen koh\u00e4rent sein, z.B. Ihr Logo im Header verwenden oder an das Aussehen und den Stil Ihrer Webseite erinnern.<br \/>&nbsp;<\/li>\n<li><strong>Halten Sie es leicht.<\/strong><br \/>\nEs ist sehr wichtig, dass ein Newsletter weniger als 70-80 kB hat, insbesondere um den Zustellprozess zu vereinfachen. MailStylers Layout-Elemente sind auf Leichtigkeit ausgelegt, also m\u00fcssen Sie sich darum nicht sorgen, sondern nur daran denken, nicht zu gro\u00dfe Bilddateien hochzuladen.<br \/>&nbsp;<\/li>\n<li><strong>Kommen Sie direkt auf den Punkt.<\/strong><br \/>\nUnsere Newsletter-Gestaltungssoftware bietet Ihnen eine riesige Auswahl in Bezug auf die Designm\u00f6glichkeiten, damit Sie Ihrer Kreativit\u00e4t freien Lauf lassen k\u00f6nnen. Aber denken Sie daran: ein Newsletter muss zuallererst Inhalte bef\u00f6rdern und bestm\u00f6glich lesbar sein. Also \u00fcbertreiben Sie nicht oder \u00fcberladen Ihre Vorlage mit nutzlosen Grafiken \u2013 finden Sie die beste Balance f\u00fcr Ihre Bed\u00fcrfnisse und denken daran, dass Sie nur ein paar Sekunden haben, um Ihre Abonnenten zu fesseln.<br \/>&nbsp;<\/li>\n<li><strong>Denken Sie an die Handlungsaufforderung.<\/strong><br \/>\nDies ist eng an Punkt 3 gebunden. Ein (kommerzieller) Newsletter ist keinesfalls eine Sackgasse: Wenn Sie Ihre Nutzer zu Abonnement, Kauf oder Anklicken eines Links bewegen wollen, dann muss der &#8222;Handlungsaufruf&#8220; hervorstechen und Aufmerksamkeit erregen. Darum bietet MailStyler eine Reihe von digitalen Buttons an, die Sie einfach (z.B. mit einem &#8222;Jetzt kaufen&#8220; oder &#8222;Abonnieren&#8220; Text) anpassen k\u00f6nnen, um das Ziel Ihres Mailings hervorzuheben.<br \/>&nbsp;<\/li>\n<li><strong>Nutzen Sie die Vorteile des Footers.<\/strong><br \/>\nZu guter Letzt sollten Sie immer einen Footer in Ihren Newsletter einbauen \u2013 mit MailStyler ist das genauso einfach wie der Rest, Sie m\u00fcssen einfach per Drag and Drop das Element unterhalb des E-Mail-K\u00f6rpers ziehen. Warum? Weil das der ideale Platz ist, um Ihre Firmendaten, die Links zu Ihren Facebook, Twitter oder LinkedIn Seiten zu setzen und am allerwichtigsten den Abmelden-Link.<\/li>\n<\/ol>\n<p style=\"text-align: center;\"><a class=\"button large orange\" style=\"margin-top: 20px; width: 157px; margin-right: 30px;\" title=\"Laden Die Demo\" href=\"http:\/\/www.newslettercreator.com\/de\/kostenlos-testen\/\" target=\"_self\">DEMO HERUNTERLADEN<\/a><a class=\"button large darkgray\" style=\"margin-top: 20px; width: 170px;\" title=\"Mailstyler Pro Kaufen\" href=\"http:\/\/www.newslettercreator.com\/de\/preise\/\" target=\"_self\">MAILSTYLER PRO KAUFEN<\/a><\/p>\n<p style=\"text-align: center; font-size: 11px; margin-bottom: 30px;\">Neueste Version: 2.24.01.17 | Gr\u00f6\u00dfe: 114.9 MB<br \/>Erscheinungsdatum: 17\/01\/2024<br \/><a href=\"http:\/\/www.newslettercreator.com\/de\/mailstyler-lizenzvereinbarung\/\" target=\"_blank\">Lizenzvereinbarung<\/a> | <a href=\"http:\/\/www.newslettercreator.com\/de\/wie-man-mailstyler-deinstalliert\/\" target=\"_blank\">Deinstallationsanleitung<\/a><\/p>\n","protected":false},"excerpt":{"rendered":"<p>Es gibt eine Menge guter Vorschl\u00e4ge f\u00fcr das Design des besten Newsletters f\u00fcr Ihre Bed\u00fcrfnisse, f\u00fcr den Anf\u00e4nger jedoch ungl\u00fccklich, dass sich viele davon auf das Programmieren mit HTML beziehen. Aber es gibt gute Neuigkeiten: Mit unserem E-Mail-Vorlagen Creator kann der ganze Vorgang ohne eine einzige Zeile Code erledigt werden. In der Tat m\u00fcssen Sie [&hellip;]<\/p>\n","protected":false},"author":1,"featured_media":0,"parent":0,"menu_order":0,"comment_status":"closed","ping_status":"closed","template":"g1_template_page_sidebar_right.php","meta":{"inline_featured_image":false,"_monsterinsights_skip_tracking":false,"_monsterinsights_sitenote_active":false,"_monsterinsights_sitenote_note":"","_monsterinsights_sitenote_category":0,"footnotes":""},"class_list":["post-4120","page","type-page","status-publish"],"yoast_head":"<!-- This site is optimized with the Yoast SEO plugin v25.2 - https:\/\/yoast.com\/wordpress\/plugins\/seo\/ -->\n<title>Wie erhalten Sie das beste Design f\u00fcr Ihren Newsletter - Newsletter Creator<\/title>\n<meta name=\"robots\" content=\"index, follow, max-snippet:-1, max-image-preview:large, max-video-preview:-1\" \/>\n<link rel=\"canonical\" href=\"https:\/\/www.newslettercreator.com\/de\/wie-erhalten-sie-das-beste-design-fuer-ihren-newsletter\/\" \/>\n<meta property=\"og:locale\" content=\"de_DE\" \/>\n<meta property=\"og:type\" content=\"article\" \/>\n<meta property=\"og:title\" content=\"Wie erhalten Sie das beste Design f\u00fcr Ihren Newsletter - Newsletter Creator\" \/>\n<meta property=\"og:description\" content=\"Es gibt eine Menge guter Vorschl\u00e4ge f\u00fcr das Design des besten Newsletters f\u00fcr Ihre Bed\u00fcrfnisse, f\u00fcr den Anf\u00e4nger jedoch ungl\u00fccklich, dass sich viele davon auf das Programmieren mit HTML beziehen. Aber es gibt gute Neuigkeiten: Mit unserem E-Mail-Vorlagen Creator kann der ganze Vorgang ohne eine einzige Zeile Code erledigt werden. In der Tat m\u00fcssen Sie [&hellip;]\" \/>\n<meta property=\"og:url\" content=\"https:\/\/www.newslettercreator.com\/de\/wie-erhalten-sie-das-beste-design-fuer-ihren-newsletter\/\" \/>\n<meta property=\"og:site_name\" content=\"Newsletter Creator\" \/>\n<meta property=\"article:modified_time\" content=\"2015-12-11T08:07:58+00:00\" \/>\n<meta property=\"og:image\" content=\"http:\/\/www.newslettercreator.com\/wp-content\/uploads\/2014\/03\/best-design-newsletter.jpg\" \/>\n<meta name=\"twitter:label1\" content=\"Gesch\u00e4tzte Lesezeit\" \/>\n\t<meta name=\"twitter:data1\" content=\"2\u00a0Minuten\" \/>\n<script type=\"application\/ld+json\" class=\"yoast-schema-graph\">{\"@context\":\"https:\/\/schema.org\",\"@graph\":[{\"@type\":\"WebPage\",\"@id\":\"https:\/\/www.newslettercreator.com\/de\/wie-erhalten-sie-das-beste-design-fuer-ihren-newsletter\/\",\"url\":\"https:\/\/www.newslettercreator.com\/de\/wie-erhalten-sie-das-beste-design-fuer-ihren-newsletter\/\",\"name\":\"Wie erhalten Sie das beste Design f\u00fcr Ihren Newsletter - Newsletter Creator\",\"isPartOf\":{\"@id\":\"https:\/\/www.newslettercreator.com\/#website\"},\"primaryImageOfPage\":{\"@id\":\"https:\/\/www.newslettercreator.com\/de\/wie-erhalten-sie-das-beste-design-fuer-ihren-newsletter\/#primaryimage\"},\"image\":{\"@id\":\"https:\/\/www.newslettercreator.com\/de\/wie-erhalten-sie-das-beste-design-fuer-ihren-newsletter\/#primaryimage\"},\"thumbnailUrl\":\"http:\/\/www.newslettercreator.com\/wp-content\/uploads\/2014\/03\/best-design-newsletter.jpg\",\"datePublished\":\"2015-12-11T08:07:12+00:00\",\"dateModified\":\"2015-12-11T08:07:58+00:00\",\"breadcrumb\":{\"@id\":\"https:\/\/www.newslettercreator.com\/de\/wie-erhalten-sie-das-beste-design-fuer-ihren-newsletter\/#breadcrumb\"},\"inLanguage\":\"de\",\"potentialAction\":[{\"@type\":\"ReadAction\",\"target\":[\"https:\/\/www.newslettercreator.com\/de\/wie-erhalten-sie-das-beste-design-fuer-ihren-newsletter\/\"]}]},{\"@type\":\"ImageObject\",\"inLanguage\":\"de\",\"@id\":\"https:\/\/www.newslettercreator.com\/de\/wie-erhalten-sie-das-beste-design-fuer-ihren-newsletter\/#primaryimage\",\"url\":\"http:\/\/www.newslettercreator.com\/wp-content\/uploads\/2014\/03\/best-design-newsletter.jpg\",\"contentUrl\":\"http:\/\/www.newslettercreator.com\/wp-content\/uploads\/2014\/03\/best-design-newsletter.jpg\"},{\"@type\":\"BreadcrumbList\",\"@id\":\"https:\/\/www.newslettercreator.com\/de\/wie-erhalten-sie-das-beste-design-fuer-ihren-newsletter\/#breadcrumb\",\"itemListElement\":[{\"@type\":\"ListItem\",\"position\":1,\"name\":\"Home\",\"item\":\"https:\/\/www.newslettercreator.com\/de\/\"},{\"@type\":\"ListItem\",\"position\":2,\"name\":\"Wie erhalten Sie das beste Design f\u00fcr Ihren Newsletter\"}]},{\"@type\":\"WebSite\",\"@id\":\"https:\/\/www.newslettercreator.com\/#website\",\"url\":\"https:\/\/www.newslettercreator.com\/\",\"name\":\"Newsletter Creator\",\"description\":\"Pay off\",\"potentialAction\":[{\"@type\":\"SearchAction\",\"target\":{\"@type\":\"EntryPoint\",\"urlTemplate\":\"https:\/\/www.newslettercreator.com\/?s={search_term_string}\"},\"query-input\":{\"@type\":\"PropertyValueSpecification\",\"valueRequired\":true,\"valueName\":\"search_term_string\"}}],\"inLanguage\":\"de\"}]}<\/script>\n<!-- \/ Yoast SEO plugin. -->","yoast_head_json":{"title":"Wie erhalten Sie das beste Design f\u00fcr Ihren Newsletter - Newsletter Creator","robots":{"index":"index","follow":"follow","max-snippet":"max-snippet:-1","max-image-preview":"max-image-preview:large","max-video-preview":"max-video-preview:-1"},"canonical":"https:\/\/www.newslettercreator.com\/de\/wie-erhalten-sie-das-beste-design-fuer-ihren-newsletter\/","og_locale":"de_DE","og_type":"article","og_title":"Wie erhalten Sie das beste Design f\u00fcr Ihren Newsletter - Newsletter Creator","og_description":"Es gibt eine Menge guter Vorschl\u00e4ge f\u00fcr das Design des besten Newsletters f\u00fcr Ihre Bed\u00fcrfnisse, f\u00fcr den Anf\u00e4nger jedoch ungl\u00fccklich, dass sich viele davon auf das Programmieren mit HTML beziehen. Aber es gibt gute Neuigkeiten: Mit unserem E-Mail-Vorlagen Creator kann der ganze Vorgang ohne eine einzige Zeile Code erledigt werden. In der Tat m\u00fcssen Sie [&hellip;]","og_url":"https:\/\/www.newslettercreator.com\/de\/wie-erhalten-sie-das-beste-design-fuer-ihren-newsletter\/","og_site_name":"Newsletter Creator","article_modified_time":"2015-12-11T08:07:58+00:00","og_image":[{"url":"http:\/\/www.newslettercreator.com\/wp-content\/uploads\/2014\/03\/best-design-newsletter.jpg","type":"","width":"","height":""}],"twitter_misc":{"Gesch\u00e4tzte Lesezeit":"2\u00a0Minuten"},"schema":{"@context":"https:\/\/schema.org","@graph":[{"@type":"WebPage","@id":"https:\/\/www.newslettercreator.com\/de\/wie-erhalten-sie-das-beste-design-fuer-ihren-newsletter\/","url":"https:\/\/www.newslettercreator.com\/de\/wie-erhalten-sie-das-beste-design-fuer-ihren-newsletter\/","name":"Wie erhalten Sie das beste Design f\u00fcr Ihren Newsletter - Newsletter Creator","isPartOf":{"@id":"https:\/\/www.newslettercreator.com\/#website"},"primaryImageOfPage":{"@id":"https:\/\/www.newslettercreator.com\/de\/wie-erhalten-sie-das-beste-design-fuer-ihren-newsletter\/#primaryimage"},"image":{"@id":"https:\/\/www.newslettercreator.com\/de\/wie-erhalten-sie-das-beste-design-fuer-ihren-newsletter\/#primaryimage"},"thumbnailUrl":"http:\/\/www.newslettercreator.com\/wp-content\/uploads\/2014\/03\/best-design-newsletter.jpg","datePublished":"2015-12-11T08:07:12+00:00","dateModified":"2015-12-11T08:07:58+00:00","breadcrumb":{"@id":"https:\/\/www.newslettercreator.com\/de\/wie-erhalten-sie-das-beste-design-fuer-ihren-newsletter\/#breadcrumb"},"inLanguage":"de","potentialAction":[{"@type":"ReadAction","target":["https:\/\/www.newslettercreator.com\/de\/wie-erhalten-sie-das-beste-design-fuer-ihren-newsletter\/"]}]},{"@type":"ImageObject","inLanguage":"de","@id":"https:\/\/www.newslettercreator.com\/de\/wie-erhalten-sie-das-beste-design-fuer-ihren-newsletter\/#primaryimage","url":"http:\/\/www.newslettercreator.com\/wp-content\/uploads\/2014\/03\/best-design-newsletter.jpg","contentUrl":"http:\/\/www.newslettercreator.com\/wp-content\/uploads\/2014\/03\/best-design-newsletter.jpg"},{"@type":"BreadcrumbList","@id":"https:\/\/www.newslettercreator.com\/de\/wie-erhalten-sie-das-beste-design-fuer-ihren-newsletter\/#breadcrumb","itemListElement":[{"@type":"ListItem","position":1,"name":"Home","item":"https:\/\/www.newslettercreator.com\/de\/"},{"@type":"ListItem","position":2,"name":"Wie erhalten Sie das beste Design f\u00fcr Ihren Newsletter"}]},{"@type":"WebSite","@id":"https:\/\/www.newslettercreator.com\/#website","url":"https:\/\/www.newslettercreator.com\/","name":"Newsletter Creator","description":"Pay off","potentialAction":[{"@type":"SearchAction","target":{"@type":"EntryPoint","urlTemplate":"https:\/\/www.newslettercreator.com\/?s={search_term_string}"},"query-input":{"@type":"PropertyValueSpecification","valueRequired":true,"valueName":"search_term_string"}}],"inLanguage":"de"}]}},"_links":{"self":[{"href":"https:\/\/www.newslettercreator.com\/de\/wp-json\/wp\/v2\/pages\/4120","targetHints":{"allow":["GET"]}}],"collection":[{"href":"https:\/\/www.newslettercreator.com\/de\/wp-json\/wp\/v2\/pages"}],"about":[{"href":"https:\/\/www.newslettercreator.com\/de\/wp-json\/wp\/v2\/types\/page"}],"author":[{"embeddable":true,"href":"https:\/\/www.newslettercreator.com\/de\/wp-json\/wp\/v2\/users\/1"}],"replies":[{"embeddable":true,"href":"https:\/\/www.newslettercreator.com\/de\/wp-json\/wp\/v2\/comments?post=4120"}],"version-history":[{"count":2,"href":"https:\/\/www.newslettercreator.com\/de\/wp-json\/wp\/v2\/pages\/4120\/revisions"}],"predecessor-version":[{"id":4122,"href":"https:\/\/www.newslettercreator.com\/de\/wp-json\/wp\/v2\/pages\/4120\/revisions\/4122"}],"wp:attachment":[{"href":"https:\/\/www.newslettercreator.com\/de\/wp-json\/wp\/v2\/media?parent=4120"}],"curies":[{"name":"wp","href":"https:\/\/api.w.org\/{rel}","templated":true}]}}