{"id":4123,"date":"2015-12-11T08:14:22","date_gmt":"2015-12-11T08:14:22","guid":{"rendered":"http:\/\/www.newslettercreator.com\/de\/?page_id=4123"},"modified":"2015-12-11T08:14:22","modified_gmt":"2015-12-11T08:14:22","slug":"wie-ein-newsletter-layout-erstellen","status":"publish","type":"page","link":"https:\/\/www.newslettercreator.com\/de\/wie-ein-newsletter-layout-erstellen\/","title":{"rendered":"Wie ein Newsletter-Layout erstellen"},"content":{"rendered":"<p style=\"text-align: center;\"><img decoding=\"async\" class=\"alignnone size-full wp-image-237\" src=\"http:\/\/www.newslettercreator.com\/wp-content\/uploads\/2014\/03\/how-to-newsletter-layout.jpg\" alt=\"Wie ein Newsletter-Layout erstellen\" width=\"457\" height=\"418\" \/><\/p>\n<p>Wo soll man anfangen, wenn es um das <strong>Erstellen eines Newsletter Layouts<\/strong> geht? Welche technischen Erfordernisse sind notwendig? Und wie diesen aufbauen, um den gesamten Inhalt besser zu organisieren und die gesamte Struktur gutaussehend und effektiv zu machen?<\/p>\n<p>Dies sind h\u00e4ufige Fragen, insbesondere unter Anf\u00e4ngern. Die Wahrheit ist, dass die Kunst eine <strong>saubere E-Mail-Vorlage<\/strong> zu erstellen, ziemlich knifflig ist \u2013 Sie m\u00fcssen ein erstklassiges <strong>Fachwissen in der HTML Programmierung<\/strong> und exzellente <strong>Design-F\u00e4higkeiten<\/strong> besitzen.<\/p>\n<p>Gl\u00fccklicherweise gibt es jetzt eine Alternative: <strong>MailStyler<\/strong>, der beste erh\u00e4ltliche E-Mail-Vorlagen-Baukasten \u00fcberhaupt.<\/p>\n<p>Mit MailStyler ist das <strong>Erstellen eines Newsletter-Layouts<\/strong> eine m\u00fchelose Aufgabe. Alle grundlegenden Elemente stehen Ihnen schon zur Verf\u00fcgung und alles, was Sie tun m\u00fcssen, ist <strong>diese per Drag and Drop<\/strong> in den WYSIWYG Editor zu zu ziehen.<\/p>\n<p>Hier ist ein Beispiel von einem Newsletter, der mit <a title=\"Laden Die Demo\" href=\"http:\/\/www.newslettercreator.com\/de\/kostenlos-testen\/\"><strong>MailStyler<\/strong><\/a> in einer Minute erstellt werden kann.<\/p>\n<ol>\n<li>Als erstes ziehen Sie einen <strong>Header<\/strong> auf die leere Seite. Hierhin kommt der Titel Ihres Newsletters oder die kurze Beschreibung Ihres Angebots.<br \/>&nbsp;<\/li>\n<li>Dann ist es Zeit f\u00fcr den <strong>Body bzw. Textk\u00f6rper<\/strong>: W\u00e4hlen Sie aus den verschiedenen vorgefertigten Boxen entsprechend der Anzahl der ben\u00f6tigten Spalten, der Art des von Ihnen bevorzugten Gleichgewichts zwischen Bildern und Text, und ziehen diesen ebenfalls hin\u00fcber. Dann k\u00f6nnen Sie diesen frei bearbeiten sowie eigene Bilder und Texte hinzuzuf\u00fcgen. Denken Sie immer daran die wichtigsten Informationen zuerst einzuf\u00fcgen.<br \/>&nbsp;<\/li>\n<li>Nun m\u00f6chten Sie wahrscheinlich den <strong>Handlungsaufruf<\/strong> \u2013 sprich, den mit der Landing-Page verlinkten <strong>Button<\/strong> hinzuf\u00fcgen, wo Sie ihre Leser hinleiten m\u00f6chten. \u00dcbliche Beispiele von Handlungsaufrufen sind &#8222;Mehr lesen&#8220;, &#8222;Jetzt kaufen&#8220; etc. Beachten Sie, dass MailStyler automatisch den Button in der richtigen Kontrastfarbe erstellt, um diesen hervorstechen zu lassen.<br \/>&nbsp;<\/li>\n<li>Schlie\u00dflich k\u00f6nnen Sie \u2013 mit dem \u00fcblichen Drag &#038; Drop \u2013 den <strong>Footer<\/strong> hinzuf\u00fcgen. MailStyler bietet verschiedene vorgefertigte Arten von Footern, in denen Sie Ihre Links zu sozialen Netzwerken und Ihren Abmelde-Link platzieren.<br \/>&nbsp;<\/li>\n<\/ol>\n<p>Und das war\u00b4s. Jetzt ist Ihre fertige Vorlage bereit, um in Ihren bevorzugten Mail-Client bzw. Software importiert und f\u00fcr Ihre Newsletter-Kampagne verwendet zu werden. Und das Beste ist, Sie k\u00f6nnen sich sicher sein, dass diese <strong>immer perfekt<\/strong> aussehen wird, egal auf welchem Ger\u00e4t sie ge\u00f6ffnet wird.<\/p>\n<p>&nbsp;<\/p>\n<p style=\"text-align: center;\"><a class=\"button large orange\" style=\"margin-top: 20px; width: 157px; margin-right: 30px;\" title=\"Laden Die Demo\" href=\"http:\/\/www.newslettercreator.com\/de\/kostenlos-testen\/\" target=\"_self\">DEMO HERUNTERLADEN<\/a><a class=\"button large darkgray\" style=\"margin-top: 20px; width: 170px;\" title=\"Mailstyler Pro Kaufen\" href=\"http:\/\/www.newslettercreator.com\/de\/preise\/\" target=\"_self\">MAILSTYLER PRO KAUFEN<\/a><\/p>\n<p style=\"text-align: center; font-size: 11px; margin-bottom: 30px;\">Neueste Version: 2.24.01.17 | Gr\u00f6\u00dfe: 114.9 MB<br \/>Erscheinungsdatum: 17\/01\/2024<br \/><a href=\"http:\/\/www.newslettercreator.com\/de\/mailstyler-lizenzvereinbarung\/\" target=\"_blank\">Lizenzvereinbarung<\/a> | <a href=\"http:\/\/www.newslettercreator.com\/de\/wie-man-mailstyler-deinstalliert\/\" target=\"_blank\">Deinstallationsanleitung<\/a><\/p>\n","protected":false},"excerpt":{"rendered":"<p>Wo soll man anfangen, wenn es um das Erstellen eines Newsletter Layouts geht? Welche technischen Erfordernisse sind notwendig? Und wie diesen aufbauen, um den gesamten Inhalt besser zu organisieren und die gesamte Struktur gutaussehend und effektiv zu machen? Dies sind h\u00e4ufige Fragen, insbesondere unter Anf\u00e4ngern. Die Wahrheit ist, dass die Kunst eine saubere E-Mail-Vorlage zu [&hellip;]<\/p>\n","protected":false},"author":1,"featured_media":0,"parent":0,"menu_order":0,"comment_status":"closed","ping_status":"closed","template":"g1_template_page_sidebar_right.php","meta":{"inline_featured_image":false,"_monsterinsights_skip_tracking":false,"_monsterinsights_sitenote_active":false,"_monsterinsights_sitenote_note":"","_monsterinsights_sitenote_category":0,"footnotes":""},"class_list":["post-4123","page","type-page","status-publish"],"yoast_head":"<!-- This site is optimized with the Yoast SEO plugin v25.2 - https:\/\/yoast.com\/wordpress\/plugins\/seo\/ -->\n<title>Wie ein Newsletter-Layout erstellen - Newsletter Creator<\/title>\n<meta name=\"robots\" content=\"index, follow, max-snippet:-1, max-image-preview:large, max-video-preview:-1\" \/>\n<link rel=\"canonical\" href=\"https:\/\/www.newslettercreator.com\/de\/wie-ein-newsletter-layout-erstellen\/\" \/>\n<meta property=\"og:locale\" content=\"de_DE\" \/>\n<meta property=\"og:type\" content=\"article\" \/>\n<meta property=\"og:title\" content=\"Wie ein Newsletter-Layout erstellen - Newsletter Creator\" \/>\n<meta property=\"og:description\" content=\"Wo soll man anfangen, wenn es um das Erstellen eines Newsletter Layouts geht? Welche technischen Erfordernisse sind notwendig? Und wie diesen aufbauen, um den gesamten Inhalt besser zu organisieren und die gesamte Struktur gutaussehend und effektiv zu machen? Dies sind h\u00e4ufige Fragen, insbesondere unter Anf\u00e4ngern. Die Wahrheit ist, dass die Kunst eine saubere E-Mail-Vorlage zu [&hellip;]\" \/>\n<meta property=\"og:url\" content=\"https:\/\/www.newslettercreator.com\/de\/wie-ein-newsletter-layout-erstellen\/\" \/>\n<meta property=\"og:site_name\" content=\"Newsletter Creator\" \/>\n<meta property=\"og:image\" content=\"http:\/\/www.newslettercreator.com\/wp-content\/uploads\/2014\/03\/how-to-newsletter-layout.jpg\" \/>\n<meta name=\"twitter:label1\" content=\"Gesch\u00e4tzte Lesezeit\" \/>\n\t<meta name=\"twitter:data1\" content=\"2\u00a0Minuten\" \/>\n<script type=\"application\/ld+json\" class=\"yoast-schema-graph\">{\"@context\":\"https:\/\/schema.org\",\"@graph\":[{\"@type\":\"WebPage\",\"@id\":\"https:\/\/www.newslettercreator.com\/de\/wie-ein-newsletter-layout-erstellen\/\",\"url\":\"https:\/\/www.newslettercreator.com\/de\/wie-ein-newsletter-layout-erstellen\/\",\"name\":\"Wie ein Newsletter-Layout erstellen - Newsletter Creator\",\"isPartOf\":{\"@id\":\"https:\/\/www.newslettercreator.com\/#website\"},\"primaryImageOfPage\":{\"@id\":\"https:\/\/www.newslettercreator.com\/de\/wie-ein-newsletter-layout-erstellen\/#primaryimage\"},\"image\":{\"@id\":\"https:\/\/www.newslettercreator.com\/de\/wie-ein-newsletter-layout-erstellen\/#primaryimage\"},\"thumbnailUrl\":\"http:\/\/www.newslettercreator.com\/wp-content\/uploads\/2014\/03\/how-to-newsletter-layout.jpg\",\"datePublished\":\"2015-12-11T08:14:22+00:00\",\"breadcrumb\":{\"@id\":\"https:\/\/www.newslettercreator.com\/de\/wie-ein-newsletter-layout-erstellen\/#breadcrumb\"},\"inLanguage\":\"de\",\"potentialAction\":[{\"@type\":\"ReadAction\",\"target\":[\"https:\/\/www.newslettercreator.com\/de\/wie-ein-newsletter-layout-erstellen\/\"]}]},{\"@type\":\"ImageObject\",\"inLanguage\":\"de\",\"@id\":\"https:\/\/www.newslettercreator.com\/de\/wie-ein-newsletter-layout-erstellen\/#primaryimage\",\"url\":\"http:\/\/www.newslettercreator.com\/wp-content\/uploads\/2014\/03\/how-to-newsletter-layout.jpg\",\"contentUrl\":\"http:\/\/www.newslettercreator.com\/wp-content\/uploads\/2014\/03\/how-to-newsletter-layout.jpg\"},{\"@type\":\"BreadcrumbList\",\"@id\":\"https:\/\/www.newslettercreator.com\/de\/wie-ein-newsletter-layout-erstellen\/#breadcrumb\",\"itemListElement\":[{\"@type\":\"ListItem\",\"position\":1,\"name\":\"Home\",\"item\":\"https:\/\/www.newslettercreator.com\/de\/\"},{\"@type\":\"ListItem\",\"position\":2,\"name\":\"Wie ein Newsletter-Layout erstellen\"}]},{\"@type\":\"WebSite\",\"@id\":\"https:\/\/www.newslettercreator.com\/#website\",\"url\":\"https:\/\/www.newslettercreator.com\/\",\"name\":\"Newsletter Creator\",\"description\":\"Pay off\",\"potentialAction\":[{\"@type\":\"SearchAction\",\"target\":{\"@type\":\"EntryPoint\",\"urlTemplate\":\"https:\/\/www.newslettercreator.com\/?s={search_term_string}\"},\"query-input\":{\"@type\":\"PropertyValueSpecification\",\"valueRequired\":true,\"valueName\":\"search_term_string\"}}],\"inLanguage\":\"de\"}]}<\/script>\n<!-- \/ Yoast SEO plugin. -->","yoast_head_json":{"title":"Wie ein Newsletter-Layout erstellen - Newsletter Creator","robots":{"index":"index","follow":"follow","max-snippet":"max-snippet:-1","max-image-preview":"max-image-preview:large","max-video-preview":"max-video-preview:-1"},"canonical":"https:\/\/www.newslettercreator.com\/de\/wie-ein-newsletter-layout-erstellen\/","og_locale":"de_DE","og_type":"article","og_title":"Wie ein Newsletter-Layout erstellen - Newsletter Creator","og_description":"Wo soll man anfangen, wenn es um das Erstellen eines Newsletter Layouts geht? Welche technischen Erfordernisse sind notwendig? Und wie diesen aufbauen, um den gesamten Inhalt besser zu organisieren und die gesamte Struktur gutaussehend und effektiv zu machen? Dies sind h\u00e4ufige Fragen, insbesondere unter Anf\u00e4ngern. Die Wahrheit ist, dass die Kunst eine saubere E-Mail-Vorlage zu [&hellip;]","og_url":"https:\/\/www.newslettercreator.com\/de\/wie-ein-newsletter-layout-erstellen\/","og_site_name":"Newsletter Creator","og_image":[{"url":"http:\/\/www.newslettercreator.com\/wp-content\/uploads\/2014\/03\/how-to-newsletter-layout.jpg","type":"","width":"","height":""}],"twitter_misc":{"Gesch\u00e4tzte Lesezeit":"2\u00a0Minuten"},"schema":{"@context":"https:\/\/schema.org","@graph":[{"@type":"WebPage","@id":"https:\/\/www.newslettercreator.com\/de\/wie-ein-newsletter-layout-erstellen\/","url":"https:\/\/www.newslettercreator.com\/de\/wie-ein-newsletter-layout-erstellen\/","name":"Wie ein Newsletter-Layout erstellen - Newsletter Creator","isPartOf":{"@id":"https:\/\/www.newslettercreator.com\/#website"},"primaryImageOfPage":{"@id":"https:\/\/www.newslettercreator.com\/de\/wie-ein-newsletter-layout-erstellen\/#primaryimage"},"image":{"@id":"https:\/\/www.newslettercreator.com\/de\/wie-ein-newsletter-layout-erstellen\/#primaryimage"},"thumbnailUrl":"http:\/\/www.newslettercreator.com\/wp-content\/uploads\/2014\/03\/how-to-newsletter-layout.jpg","datePublished":"2015-12-11T08:14:22+00:00","breadcrumb":{"@id":"https:\/\/www.newslettercreator.com\/de\/wie-ein-newsletter-layout-erstellen\/#breadcrumb"},"inLanguage":"de","potentialAction":[{"@type":"ReadAction","target":["https:\/\/www.newslettercreator.com\/de\/wie-ein-newsletter-layout-erstellen\/"]}]},{"@type":"ImageObject","inLanguage":"de","@id":"https:\/\/www.newslettercreator.com\/de\/wie-ein-newsletter-layout-erstellen\/#primaryimage","url":"http:\/\/www.newslettercreator.com\/wp-content\/uploads\/2014\/03\/how-to-newsletter-layout.jpg","contentUrl":"http:\/\/www.newslettercreator.com\/wp-content\/uploads\/2014\/03\/how-to-newsletter-layout.jpg"},{"@type":"BreadcrumbList","@id":"https:\/\/www.newslettercreator.com\/de\/wie-ein-newsletter-layout-erstellen\/#breadcrumb","itemListElement":[{"@type":"ListItem","position":1,"name":"Home","item":"https:\/\/www.newslettercreator.com\/de\/"},{"@type":"ListItem","position":2,"name":"Wie ein Newsletter-Layout erstellen"}]},{"@type":"WebSite","@id":"https:\/\/www.newslettercreator.com\/#website","url":"https:\/\/www.newslettercreator.com\/","name":"Newsletter Creator","description":"Pay off","potentialAction":[{"@type":"SearchAction","target":{"@type":"EntryPoint","urlTemplate":"https:\/\/www.newslettercreator.com\/?s={search_term_string}"},"query-input":{"@type":"PropertyValueSpecification","valueRequired":true,"valueName":"search_term_string"}}],"inLanguage":"de"}]}},"_links":{"self":[{"href":"https:\/\/www.newslettercreator.com\/de\/wp-json\/wp\/v2\/pages\/4123","targetHints":{"allow":["GET"]}}],"collection":[{"href":"https:\/\/www.newslettercreator.com\/de\/wp-json\/wp\/v2\/pages"}],"about":[{"href":"https:\/\/www.newslettercreator.com\/de\/wp-json\/wp\/v2\/types\/page"}],"author":[{"embeddable":true,"href":"https:\/\/www.newslettercreator.com\/de\/wp-json\/wp\/v2\/users\/1"}],"replies":[{"embeddable":true,"href":"https:\/\/www.newslettercreator.com\/de\/wp-json\/wp\/v2\/comments?post=4123"}],"version-history":[{"count":1,"href":"https:\/\/www.newslettercreator.com\/de\/wp-json\/wp\/v2\/pages\/4123\/revisions"}],"predecessor-version":[{"id":4124,"href":"https:\/\/www.newslettercreator.com\/de\/wp-json\/wp\/v2\/pages\/4123\/revisions\/4124"}],"wp:attachment":[{"href":"https:\/\/www.newslettercreator.com\/de\/wp-json\/wp\/v2\/media?parent=4123"}],"curies":[{"name":"wp","href":"https:\/\/api.w.org\/{rel}","templated":true}]}}