{"id":4125,"date":"2015-12-11T08:18:23","date_gmt":"2015-12-11T08:18:23","guid":{"rendered":"http:\/\/www.newslettercreator.com\/de\/?page_id=4125"},"modified":"2015-12-11T08:18:23","modified_gmt":"2015-12-11T08:18:23","slug":"wie-einen-html-e-mail-newsletter-gestalten","status":"publish","type":"page","link":"https:\/\/www.newslettercreator.com\/de\/wie-einen-html-e-mail-newsletter-gestalten\/","title":{"rendered":"Wie einen HTML E-Mail-Newsletter gestalten?"},"content":{"rendered":"<p><img decoding=\"async\" class=\"alignnone size-full wp-image-237\" src=\"http:\/\/www.newslettercreator.com\/wp-content\/uploads\/2014\/03\/how-to-design-html-newsletter.jpg\" alt=\"Wie einen HTML E-Mail-Newsletter gestalten?\" width=\"649\" height=\"423\" \/><\/p>\n<p>Ist es m\u00f6glich, Ihren eigenen <strong>HTML Newsletter<\/strong> zu gestalten, ohne irgendetwas \u00fcber HTML selbst zu wissen? Ja. Mit unserem <strong>E-Mail Creator<\/strong> haben Sie alle ben\u00f6tigten Elemente bereits vorgefertigt und bereit zum Zusammenstellen nach Ihrem Belieben mit einer einfach Reihe von Drag-and-Drop-Aktionen.<\/p>\n<p>Einfach <strong>das bevorzugte Layout ausw\u00e4hlen<\/strong> \u2013 mit einer oder mehreren Spalten \u2013 und dann f\u00fcgen Sie alle ben\u00f6tigten Bl\u00f6cke hinzu: Bilder, Buttons, Textk\u00e4sten etc. Sie k\u00f6nnen auch einfach die Schrift \u00e4ndern, die Hintergrundfarbe und viele andere Details.<\/p>\n<p>Aber die beste Neuigkeit ist, dass all die vorgefertigten Elemente von Webdesign-Experten erstellt wurden, so dass der HTML Code der fertigen Vorlage fehlerfrei sein wird und somit eine <strong>perfekte Lesbarkeit<\/strong> sowie die gleiche Darstellung auf allen E-Mail-Clients sicherstellt.<\/p>\n<p>Aus diese Weise werden Sie in der Lage sein, unbegrenzte und faszinierende <strong>HTML E-Mail-Newsletter Vorlagen<\/strong> f\u00fcr jeden Bedarf und jede Art von Inhalt zu erstellen. Buchst\u00e4blich in Minuten und ohne Programmierung.<\/p>\n<p>&nbsp;<\/p>\n<p style=\"text-align: center;\"><a class=\"button large orange\" style=\"margin-top: 20px; width: 157px; margin-right: 30px;\" title=\"Laden Die Demo\" href=\"http:\/\/www.newslettercreator.com\/de\/kostenlos-testen\/\" target=\"_self\">DEMO HERUNTERLADEN<\/a><a class=\"button large darkgray\" style=\"margin-top: 20px; width: 170px;\" title=\"Mailstyler Pro Kaufen\" href=\"http:\/\/www.newslettercreator.com\/de\/preise\/\" target=\"_self\">MAILSTYLER PRO KAUFEN<\/a><\/p>\n<p style=\"text-align: center; font-size: 11px; margin-bottom: 30px;\">Neueste Version: 2.24.01.17 | Gr\u00f6\u00dfe: 114.9 MB<br \/>Erscheinungsdatum: 17\/01\/2024<br \/><a href=\"http:\/\/www.newslettercreator.com\/de\/mailstyler-lizenzvereinbarung\/\" target=\"_blank\">Lizenzvereinbarung<\/a> | <a href=\"http:\/\/www.newslettercreator.com\/de\/wie-man-mailstyler-deinstalliert\/\" target=\"_blank\">Deinstallationsanleitung<\/a><\/p>\n","protected":false},"excerpt":{"rendered":"<p>Ist es m\u00f6glich, Ihren eigenen HTML Newsletter zu gestalten, ohne irgendetwas \u00fcber HTML selbst zu wissen? Ja. Mit unserem E-Mail Creator haben Sie alle ben\u00f6tigten Elemente bereits vorgefertigt und bereit zum Zusammenstellen nach Ihrem Belieben mit einer einfach Reihe von Drag-and-Drop-Aktionen. Einfach das bevorzugte Layout ausw\u00e4hlen \u2013 mit einer oder mehreren Spalten \u2013 und dann [&hellip;]<\/p>\n","protected":false},"author":1,"featured_media":0,"parent":0,"menu_order":0,"comment_status":"closed","ping_status":"closed","template":"g1_template_page_sidebar_right.php","meta":{"inline_featured_image":false,"_monsterinsights_skip_tracking":false,"_monsterinsights_sitenote_active":false,"_monsterinsights_sitenote_note":"","_monsterinsights_sitenote_category":0,"footnotes":""},"class_list":["post-4125","page","type-page","status-publish"],"yoast_head":"<!-- This site is optimized with the Yoast SEO plugin v25.2 - https:\/\/yoast.com\/wordpress\/plugins\/seo\/ -->\n<title>Wie einen HTML E-Mail-Newsletter gestalten? - Newsletter Creator<\/title>\n<meta name=\"robots\" content=\"index, follow, max-snippet:-1, max-image-preview:large, max-video-preview:-1\" \/>\n<link rel=\"canonical\" href=\"https:\/\/www.newslettercreator.com\/de\/wie-einen-html-e-mail-newsletter-gestalten\/\" \/>\n<meta property=\"og:locale\" content=\"de_DE\" \/>\n<meta property=\"og:type\" content=\"article\" \/>\n<meta property=\"og:title\" content=\"Wie einen HTML E-Mail-Newsletter gestalten? - Newsletter Creator\" \/>\n<meta property=\"og:description\" content=\"Ist es m\u00f6glich, Ihren eigenen HTML Newsletter zu gestalten, ohne irgendetwas \u00fcber HTML selbst zu wissen? Ja. Mit unserem E-Mail Creator haben Sie alle ben\u00f6tigten Elemente bereits vorgefertigt und bereit zum Zusammenstellen nach Ihrem Belieben mit einer einfach Reihe von Drag-and-Drop-Aktionen. Einfach das bevorzugte Layout ausw\u00e4hlen \u2013 mit einer oder mehreren Spalten \u2013 und dann [&hellip;]\" \/>\n<meta property=\"og:url\" content=\"https:\/\/www.newslettercreator.com\/de\/wie-einen-html-e-mail-newsletter-gestalten\/\" \/>\n<meta property=\"og:site_name\" content=\"Newsletter Creator\" \/>\n<meta property=\"og:image\" content=\"http:\/\/www.newslettercreator.com\/wp-content\/uploads\/2014\/03\/how-to-design-html-newsletter.jpg\" \/>\n<meta name=\"twitter:label1\" content=\"Gesch\u00e4tzte Lesezeit\" \/>\n\t<meta name=\"twitter:data1\" content=\"1\u00a0Minute\" \/>\n<script type=\"application\/ld+json\" class=\"yoast-schema-graph\">{\"@context\":\"https:\/\/schema.org\",\"@graph\":[{\"@type\":\"WebPage\",\"@id\":\"https:\/\/www.newslettercreator.com\/de\/wie-einen-html-e-mail-newsletter-gestalten\/\",\"url\":\"https:\/\/www.newslettercreator.com\/de\/wie-einen-html-e-mail-newsletter-gestalten\/\",\"name\":\"Wie einen HTML E-Mail-Newsletter gestalten? - Newsletter Creator\",\"isPartOf\":{\"@id\":\"https:\/\/www.newslettercreator.com\/#website\"},\"primaryImageOfPage\":{\"@id\":\"https:\/\/www.newslettercreator.com\/de\/wie-einen-html-e-mail-newsletter-gestalten\/#primaryimage\"},\"image\":{\"@id\":\"https:\/\/www.newslettercreator.com\/de\/wie-einen-html-e-mail-newsletter-gestalten\/#primaryimage\"},\"thumbnailUrl\":\"http:\/\/www.newslettercreator.com\/wp-content\/uploads\/2014\/03\/how-to-design-html-newsletter.jpg\",\"datePublished\":\"2015-12-11T08:18:23+00:00\",\"breadcrumb\":{\"@id\":\"https:\/\/www.newslettercreator.com\/de\/wie-einen-html-e-mail-newsletter-gestalten\/#breadcrumb\"},\"inLanguage\":\"de\",\"potentialAction\":[{\"@type\":\"ReadAction\",\"target\":[\"https:\/\/www.newslettercreator.com\/de\/wie-einen-html-e-mail-newsletter-gestalten\/\"]}]},{\"@type\":\"ImageObject\",\"inLanguage\":\"de\",\"@id\":\"https:\/\/www.newslettercreator.com\/de\/wie-einen-html-e-mail-newsletter-gestalten\/#primaryimage\",\"url\":\"http:\/\/www.newslettercreator.com\/wp-content\/uploads\/2014\/03\/how-to-design-html-newsletter.jpg\",\"contentUrl\":\"http:\/\/www.newslettercreator.com\/wp-content\/uploads\/2014\/03\/how-to-design-html-newsletter.jpg\"},{\"@type\":\"BreadcrumbList\",\"@id\":\"https:\/\/www.newslettercreator.com\/de\/wie-einen-html-e-mail-newsletter-gestalten\/#breadcrumb\",\"itemListElement\":[{\"@type\":\"ListItem\",\"position\":1,\"name\":\"Home\",\"item\":\"https:\/\/www.newslettercreator.com\/de\/\"},{\"@type\":\"ListItem\",\"position\":2,\"name\":\"Wie einen HTML E-Mail-Newsletter gestalten?\"}]},{\"@type\":\"WebSite\",\"@id\":\"https:\/\/www.newslettercreator.com\/#website\",\"url\":\"https:\/\/www.newslettercreator.com\/\",\"name\":\"Newsletter Creator\",\"description\":\"Pay off\",\"potentialAction\":[{\"@type\":\"SearchAction\",\"target\":{\"@type\":\"EntryPoint\",\"urlTemplate\":\"https:\/\/www.newslettercreator.com\/?s={search_term_string}\"},\"query-input\":{\"@type\":\"PropertyValueSpecification\",\"valueRequired\":true,\"valueName\":\"search_term_string\"}}],\"inLanguage\":\"de\"}]}<\/script>\n<!-- \/ Yoast SEO plugin. -->","yoast_head_json":{"title":"Wie einen HTML E-Mail-Newsletter gestalten? - Newsletter Creator","robots":{"index":"index","follow":"follow","max-snippet":"max-snippet:-1","max-image-preview":"max-image-preview:large","max-video-preview":"max-video-preview:-1"},"canonical":"https:\/\/www.newslettercreator.com\/de\/wie-einen-html-e-mail-newsletter-gestalten\/","og_locale":"de_DE","og_type":"article","og_title":"Wie einen HTML E-Mail-Newsletter gestalten? - Newsletter Creator","og_description":"Ist es m\u00f6glich, Ihren eigenen HTML Newsletter zu gestalten, ohne irgendetwas \u00fcber HTML selbst zu wissen? Ja. Mit unserem E-Mail Creator haben Sie alle ben\u00f6tigten Elemente bereits vorgefertigt und bereit zum Zusammenstellen nach Ihrem Belieben mit einer einfach Reihe von Drag-and-Drop-Aktionen. Einfach das bevorzugte Layout ausw\u00e4hlen \u2013 mit einer oder mehreren Spalten \u2013 und dann [&hellip;]","og_url":"https:\/\/www.newslettercreator.com\/de\/wie-einen-html-e-mail-newsletter-gestalten\/","og_site_name":"Newsletter Creator","og_image":[{"url":"http:\/\/www.newslettercreator.com\/wp-content\/uploads\/2014\/03\/how-to-design-html-newsletter.jpg","type":"","width":"","height":""}],"twitter_misc":{"Gesch\u00e4tzte Lesezeit":"1\u00a0Minute"},"schema":{"@context":"https:\/\/schema.org","@graph":[{"@type":"WebPage","@id":"https:\/\/www.newslettercreator.com\/de\/wie-einen-html-e-mail-newsletter-gestalten\/","url":"https:\/\/www.newslettercreator.com\/de\/wie-einen-html-e-mail-newsletter-gestalten\/","name":"Wie einen HTML E-Mail-Newsletter gestalten? - Newsletter Creator","isPartOf":{"@id":"https:\/\/www.newslettercreator.com\/#website"},"primaryImageOfPage":{"@id":"https:\/\/www.newslettercreator.com\/de\/wie-einen-html-e-mail-newsletter-gestalten\/#primaryimage"},"image":{"@id":"https:\/\/www.newslettercreator.com\/de\/wie-einen-html-e-mail-newsletter-gestalten\/#primaryimage"},"thumbnailUrl":"http:\/\/www.newslettercreator.com\/wp-content\/uploads\/2014\/03\/how-to-design-html-newsletter.jpg","datePublished":"2015-12-11T08:18:23+00:00","breadcrumb":{"@id":"https:\/\/www.newslettercreator.com\/de\/wie-einen-html-e-mail-newsletter-gestalten\/#breadcrumb"},"inLanguage":"de","potentialAction":[{"@type":"ReadAction","target":["https:\/\/www.newslettercreator.com\/de\/wie-einen-html-e-mail-newsletter-gestalten\/"]}]},{"@type":"ImageObject","inLanguage":"de","@id":"https:\/\/www.newslettercreator.com\/de\/wie-einen-html-e-mail-newsletter-gestalten\/#primaryimage","url":"http:\/\/www.newslettercreator.com\/wp-content\/uploads\/2014\/03\/how-to-design-html-newsletter.jpg","contentUrl":"http:\/\/www.newslettercreator.com\/wp-content\/uploads\/2014\/03\/how-to-design-html-newsletter.jpg"},{"@type":"BreadcrumbList","@id":"https:\/\/www.newslettercreator.com\/de\/wie-einen-html-e-mail-newsletter-gestalten\/#breadcrumb","itemListElement":[{"@type":"ListItem","position":1,"name":"Home","item":"https:\/\/www.newslettercreator.com\/de\/"},{"@type":"ListItem","position":2,"name":"Wie einen HTML E-Mail-Newsletter gestalten?"}]},{"@type":"WebSite","@id":"https:\/\/www.newslettercreator.com\/#website","url":"https:\/\/www.newslettercreator.com\/","name":"Newsletter Creator","description":"Pay off","potentialAction":[{"@type":"SearchAction","target":{"@type":"EntryPoint","urlTemplate":"https:\/\/www.newslettercreator.com\/?s={search_term_string}"},"query-input":{"@type":"PropertyValueSpecification","valueRequired":true,"valueName":"search_term_string"}}],"inLanguage":"de"}]}},"_links":{"self":[{"href":"https:\/\/www.newslettercreator.com\/de\/wp-json\/wp\/v2\/pages\/4125","targetHints":{"allow":["GET"]}}],"collection":[{"href":"https:\/\/www.newslettercreator.com\/de\/wp-json\/wp\/v2\/pages"}],"about":[{"href":"https:\/\/www.newslettercreator.com\/de\/wp-json\/wp\/v2\/types\/page"}],"author":[{"embeddable":true,"href":"https:\/\/www.newslettercreator.com\/de\/wp-json\/wp\/v2\/users\/1"}],"replies":[{"embeddable":true,"href":"https:\/\/www.newslettercreator.com\/de\/wp-json\/wp\/v2\/comments?post=4125"}],"version-history":[{"count":1,"href":"https:\/\/www.newslettercreator.com\/de\/wp-json\/wp\/v2\/pages\/4125\/revisions"}],"predecessor-version":[{"id":4126,"href":"https:\/\/www.newslettercreator.com\/de\/wp-json\/wp\/v2\/pages\/4125\/revisions\/4126"}],"wp:attachment":[{"href":"https:\/\/www.newslettercreator.com\/de\/wp-json\/wp\/v2\/media?parent=4125"}],"curies":[{"name":"wp","href":"https:\/\/api.w.org\/{rel}","templated":true}]}}