{"id":4127,"date":"2015-12-11T08:25:31","date_gmt":"2015-12-11T08:25:31","guid":{"rendered":"http:\/\/www.newslettercreator.com\/de\/?page_id=4127"},"modified":"2015-12-11T08:25:31","modified_gmt":"2015-12-11T08:25:31","slug":"wie-designe-ich-eine-e-mail-signatur","status":"publish","type":"page","link":"https:\/\/www.newslettercreator.com\/de\/wie-designe-ich-eine-e-mail-signatur\/","title":{"rendered":"Wie designe ich eine E-Mail Signatur?"},"content":{"rendered":"<p style=\"text-align: center;\"><img decoding=\"async\" class=\"alignnone size-full wp-image-237\" src=\"http:\/\/www.newslettercreator.com\/wp-content\/uploads\/2014\/03\/how-to-design-email-signature.jpg\" alt=\"Wie designe ich eine E-Mail Signatur?\" width=\"457\" height=\"418\" \/><\/p>\n<p>Eine <strong>E-Mail Signatur<\/strong> ist eine sehr logische Art, einen Newsletter abzuschlie\u00dfen, genau wie einen Brief aus Papier \u2013 mit Ihren Daten. Wenn es nur eine pers\u00f6nliche Nachricht ist oder diese sich nur an einen richtet, ist es am besten, nur Ihren Namen, Firmennamen und Position, Ihre Telefonnummer und einen Link zu Ihrer Webseite einzuf\u00fcgen.<\/p>\n<p>Wenn wir aber auf der anderen Seite von einem Newsletter oder einer kommerziellen\/Massen-E-Mail sprechen, liegen die Dinge ein wenig anders \u2013 im Allgemeinen wird es keinen Namen oder Nachnamen geben, aber vielleicht einige <strong>Links zu Seiten in sozialen Netzwerken<\/strong> oder andere M\u00f6glichkeiten, um in Kontakt zu bleiben.<\/p>\n<p>Von der Struktur her gesehen kommt die Signatur nat\u00fcrlich in den <strong>Footer<\/strong> \u2013 welcher der Teil am untersten Rand des gesamten Layouts ist. Darum ist es so wichtig, diesen ordentlich zu entwerfen, wenn es um die Erstellung Ihrer Newsletter-Vorlage geht. Insbesondere sollten Sie <strong>nie ein Bild als Signatur verwenden<\/strong>, entweder weil dieses die Zustellbarkeit negativ beeinflusst und weil es eventuell nicht dargestellt wird, im Fall von <strong>Bildblockade<\/strong> (eine Standard-Einstellung in vielen Mail-Clients).<\/p>\n<p>Also, wie bei jedem guten E-Mail-Design \u00fcblich, ist etwas <strong>HTML<\/strong> hier wesentlich. Aber wenn Sie ein Anf\u00e4nger sind oder nichts \u00fcber Programmierung wissen, keine Sorge: Mit MailStyler <strong>wird die Erstellung einer E-Mail Signatur zum Kindergeburtstag<\/strong>. Sie m\u00fcssen einfach ein Modul aus der Kategorie &#8222;Footer&#8220; per Drag and Drop an das Ende Ihrer Vorlage hinzuf\u00fcgen. Das war\u00b4s, fertig. Nun m\u00fcssen Sie nur Ihre Inhalte hinzuf\u00fcgen. Und dazu sind hier einige allgemeine, vern\u00fcnftige Regeln:<\/p>\n<ol>\n<li><strong>\u00dcbertreiben Sie es nicht.<\/strong><br \/>\nDies passiert besonders bei pers\u00f6nlichen E-Mail Signaturen, in denen man haufenweise angeblich lustige Zitate oder animierte GIFs oder anderes, schreckliches Zeug findet, aber ungl\u00fccklicherweise haben einige Newsletter das gleiche Problem. Es gibt \u00fcberhaupt keinen Grund, um Ihre E-Mail Signatur mit allgemeinem oder sogar unprofessionellem Inhalt vollzustopfen. Beschr\u00e4nken Sie sich darauf, was zur Kommunikation notwendig ist und halten Sie dies so knapp wie m\u00f6glich.<br \/>&nbsp;<\/li>\n<li><strong>Beachten Sie die lokalen Regeln.<\/strong><br \/>\nEinige L\u00e4nder schreiben vor, dass Unternehmen neben Ihren gesamten Kommunikations- auch einige andere Informationen, wie etwa die VAT-Nummer der Anschrift hinzuf\u00fcgen \u2013 pr\u00fcfen Sie sorgf\u00e4ltig die Vorschriften Ihres Landes.<br \/>&nbsp;<\/li>\n<li><strong>F\u00fcgen Sie einen Abmelde-Link hinzu.<\/strong><br \/>\nIm Allgemeinen ist der Footer der perfekte Ort, um einen Abmelde-Link in Ihr Mailing einzuf\u00fcgen. Nicht nur, dass dies h\u00e4ufig per Gesetz erforderlich ist, es ist auch eine gro\u00dfe Hilfe f\u00fcr die Leute, die nicht mehr an Ihren E-Mails interessiert sind \u2013 und f\u00fcr Ihre Zustellbarkeit. Tatsache ist, dass die Vereinfachung des Abmelde-Prozesses bedeutet, dass Sie jedwede Spam-Beschwerden betr\u00e4chtlich reduzieren werden.<br \/>&nbsp;<\/li>\n<li><strong>Wenn Sie ein Logo einf\u00fcgen, halten Sie es leicht.<\/strong><br \/>\nMailStyler erm\u00f6glicht Ihnen die Erstellung einer E-Mail Signatur mit einem Bild. Stellen Sie nur sicher, dass dieses sehr leicht ist. Dies wird den Auslieferungsfluss der E-Mail unterst\u00fctzen.<br \/>&nbsp;<\/li>\n<li><strong>Pr\u00fcfen Sie die Links.<\/strong><br \/>\nEin sehr allgemeiner Ratschlag, aber immer wert wiederholt zu werden. Pr\u00fcfen Sie alle Links in der Signatur doppelt, um sicherzustellen, dass diese funktionieren!<\/li>\n<\/ol>\n<p style=\"text-align: center;\"><a class=\"button large orange\" style=\"margin-top: 20px; width: 157px; margin-right: 30px;\" title=\"Laden Die Demo\" href=\"http:\/\/www.newslettercreator.com\/de\/kostenlos-testen\/\" target=\"_self\">DEMO HERUNTERLADEN<\/a><a class=\"button large darkgray\" style=\"margin-top: 20px; width: 170px;\" title=\"Mailstyler Pro Kaufen\" href=\"http:\/\/www.newslettercreator.com\/de\/preise\/\" target=\"_self\">MAILSTYLER PRO KAUFEN<\/a><\/p>\n<p style=\"text-align: center; font-size: 11px; margin-bottom: 30px;\">Neueste Version: 2.24.01.17 | Gr\u00f6\u00dfe: 114.9 MB<br \/>Erscheinungsdatum: 17\/01\/2024<br \/><a href=\"http:\/\/www.newslettercreator.com\/de\/mailstyler-lizenzvereinbarung\/\" target=\"_blank\">Lizenzvereinbarung<\/a> | <a href=\"http:\/\/www.newslettercreator.com\/de\/wie-man-mailstyler-deinstalliert\/\" target=\"_blank\">Deinstallationsanleitung<\/a><\/p>\n","protected":false},"excerpt":{"rendered":"<p>Eine E-Mail Signatur ist eine sehr logische Art, einen Newsletter abzuschlie\u00dfen, genau wie einen Brief aus Papier \u2013 mit Ihren Daten. Wenn es nur eine pers\u00f6nliche Nachricht ist oder diese sich nur an einen richtet, ist es am besten, nur Ihren Namen, Firmennamen und Position, Ihre Telefonnummer und einen Link zu Ihrer Webseite einzuf\u00fcgen. Wenn [&hellip;]<\/p>\n","protected":false},"author":1,"featured_media":0,"parent":0,"menu_order":0,"comment_status":"closed","ping_status":"closed","template":"g1_template_page_sidebar_right.php","meta":{"inline_featured_image":false,"_monsterinsights_skip_tracking":false,"_monsterinsights_sitenote_active":false,"_monsterinsights_sitenote_note":"","_monsterinsights_sitenote_category":0,"footnotes":""},"class_list":["post-4127","page","type-page","status-publish"],"yoast_head":"<!-- This site is optimized with the Yoast SEO plugin v25.2 - https:\/\/yoast.com\/wordpress\/plugins\/seo\/ -->\n<title>Wie designe ich eine E-Mail Signatur? - Newsletter Creator<\/title>\n<meta name=\"robots\" content=\"index, follow, max-snippet:-1, max-image-preview:large, max-video-preview:-1\" \/>\n<link rel=\"canonical\" href=\"https:\/\/www.newslettercreator.com\/de\/wie-designe-ich-eine-e-mail-signatur\/\" \/>\n<meta property=\"og:locale\" content=\"de_DE\" \/>\n<meta property=\"og:type\" content=\"article\" \/>\n<meta property=\"og:title\" content=\"Wie designe ich eine E-Mail Signatur? - Newsletter Creator\" \/>\n<meta property=\"og:description\" content=\"Eine E-Mail Signatur ist eine sehr logische Art, einen Newsletter abzuschlie\u00dfen, genau wie einen Brief aus Papier \u2013 mit Ihren Daten. Wenn es nur eine pers\u00f6nliche Nachricht ist oder diese sich nur an einen richtet, ist es am besten, nur Ihren Namen, Firmennamen und Position, Ihre Telefonnummer und einen Link zu Ihrer Webseite einzuf\u00fcgen. Wenn [&hellip;]\" \/>\n<meta property=\"og:url\" content=\"https:\/\/www.newslettercreator.com\/de\/wie-designe-ich-eine-e-mail-signatur\/\" \/>\n<meta property=\"og:site_name\" content=\"Newsletter Creator\" \/>\n<meta property=\"og:image\" content=\"http:\/\/www.newslettercreator.com\/wp-content\/uploads\/2014\/03\/how-to-design-email-signature.jpg\" \/>\n<meta name=\"twitter:label1\" content=\"Gesch\u00e4tzte Lesezeit\" \/>\n\t<meta name=\"twitter:data1\" content=\"3\u00a0Minuten\" \/>\n<script type=\"application\/ld+json\" class=\"yoast-schema-graph\">{\"@context\":\"https:\/\/schema.org\",\"@graph\":[{\"@type\":\"WebPage\",\"@id\":\"https:\/\/www.newslettercreator.com\/de\/wie-designe-ich-eine-e-mail-signatur\/\",\"url\":\"https:\/\/www.newslettercreator.com\/de\/wie-designe-ich-eine-e-mail-signatur\/\",\"name\":\"Wie designe ich eine E-Mail Signatur? - Newsletter Creator\",\"isPartOf\":{\"@id\":\"https:\/\/www.newslettercreator.com\/#website\"},\"primaryImageOfPage\":{\"@id\":\"https:\/\/www.newslettercreator.com\/de\/wie-designe-ich-eine-e-mail-signatur\/#primaryimage\"},\"image\":{\"@id\":\"https:\/\/www.newslettercreator.com\/de\/wie-designe-ich-eine-e-mail-signatur\/#primaryimage\"},\"thumbnailUrl\":\"http:\/\/www.newslettercreator.com\/wp-content\/uploads\/2014\/03\/how-to-design-email-signature.jpg\",\"datePublished\":\"2015-12-11T08:25:31+00:00\",\"breadcrumb\":{\"@id\":\"https:\/\/www.newslettercreator.com\/de\/wie-designe-ich-eine-e-mail-signatur\/#breadcrumb\"},\"inLanguage\":\"de\",\"potentialAction\":[{\"@type\":\"ReadAction\",\"target\":[\"https:\/\/www.newslettercreator.com\/de\/wie-designe-ich-eine-e-mail-signatur\/\"]}]},{\"@type\":\"ImageObject\",\"inLanguage\":\"de\",\"@id\":\"https:\/\/www.newslettercreator.com\/de\/wie-designe-ich-eine-e-mail-signatur\/#primaryimage\",\"url\":\"http:\/\/www.newslettercreator.com\/wp-content\/uploads\/2014\/03\/how-to-design-email-signature.jpg\",\"contentUrl\":\"http:\/\/www.newslettercreator.com\/wp-content\/uploads\/2014\/03\/how-to-design-email-signature.jpg\"},{\"@type\":\"BreadcrumbList\",\"@id\":\"https:\/\/www.newslettercreator.com\/de\/wie-designe-ich-eine-e-mail-signatur\/#breadcrumb\",\"itemListElement\":[{\"@type\":\"ListItem\",\"position\":1,\"name\":\"Home\",\"item\":\"https:\/\/www.newslettercreator.com\/de\/\"},{\"@type\":\"ListItem\",\"position\":2,\"name\":\"Wie designe ich eine E-Mail Signatur?\"}]},{\"@type\":\"WebSite\",\"@id\":\"https:\/\/www.newslettercreator.com\/#website\",\"url\":\"https:\/\/www.newslettercreator.com\/\",\"name\":\"Newsletter Creator\",\"description\":\"Pay off\",\"potentialAction\":[{\"@type\":\"SearchAction\",\"target\":{\"@type\":\"EntryPoint\",\"urlTemplate\":\"https:\/\/www.newslettercreator.com\/?s={search_term_string}\"},\"query-input\":{\"@type\":\"PropertyValueSpecification\",\"valueRequired\":true,\"valueName\":\"search_term_string\"}}],\"inLanguage\":\"de\"}]}<\/script>\n<!-- \/ Yoast SEO plugin. -->","yoast_head_json":{"title":"Wie designe ich eine E-Mail Signatur? - Newsletter Creator","robots":{"index":"index","follow":"follow","max-snippet":"max-snippet:-1","max-image-preview":"max-image-preview:large","max-video-preview":"max-video-preview:-1"},"canonical":"https:\/\/www.newslettercreator.com\/de\/wie-designe-ich-eine-e-mail-signatur\/","og_locale":"de_DE","og_type":"article","og_title":"Wie designe ich eine E-Mail Signatur? - Newsletter Creator","og_description":"Eine E-Mail Signatur ist eine sehr logische Art, einen Newsletter abzuschlie\u00dfen, genau wie einen Brief aus Papier \u2013 mit Ihren Daten. Wenn es nur eine pers\u00f6nliche Nachricht ist oder diese sich nur an einen richtet, ist es am besten, nur Ihren Namen, Firmennamen und Position, Ihre Telefonnummer und einen Link zu Ihrer Webseite einzuf\u00fcgen. Wenn [&hellip;]","og_url":"https:\/\/www.newslettercreator.com\/de\/wie-designe-ich-eine-e-mail-signatur\/","og_site_name":"Newsletter Creator","og_image":[{"url":"http:\/\/www.newslettercreator.com\/wp-content\/uploads\/2014\/03\/how-to-design-email-signature.jpg","type":"","width":"","height":""}],"twitter_misc":{"Gesch\u00e4tzte Lesezeit":"3\u00a0Minuten"},"schema":{"@context":"https:\/\/schema.org","@graph":[{"@type":"WebPage","@id":"https:\/\/www.newslettercreator.com\/de\/wie-designe-ich-eine-e-mail-signatur\/","url":"https:\/\/www.newslettercreator.com\/de\/wie-designe-ich-eine-e-mail-signatur\/","name":"Wie designe ich eine E-Mail Signatur? - Newsletter Creator","isPartOf":{"@id":"https:\/\/www.newslettercreator.com\/#website"},"primaryImageOfPage":{"@id":"https:\/\/www.newslettercreator.com\/de\/wie-designe-ich-eine-e-mail-signatur\/#primaryimage"},"image":{"@id":"https:\/\/www.newslettercreator.com\/de\/wie-designe-ich-eine-e-mail-signatur\/#primaryimage"},"thumbnailUrl":"http:\/\/www.newslettercreator.com\/wp-content\/uploads\/2014\/03\/how-to-design-email-signature.jpg","datePublished":"2015-12-11T08:25:31+00:00","breadcrumb":{"@id":"https:\/\/www.newslettercreator.com\/de\/wie-designe-ich-eine-e-mail-signatur\/#breadcrumb"},"inLanguage":"de","potentialAction":[{"@type":"ReadAction","target":["https:\/\/www.newslettercreator.com\/de\/wie-designe-ich-eine-e-mail-signatur\/"]}]},{"@type":"ImageObject","inLanguage":"de","@id":"https:\/\/www.newslettercreator.com\/de\/wie-designe-ich-eine-e-mail-signatur\/#primaryimage","url":"http:\/\/www.newslettercreator.com\/wp-content\/uploads\/2014\/03\/how-to-design-email-signature.jpg","contentUrl":"http:\/\/www.newslettercreator.com\/wp-content\/uploads\/2014\/03\/how-to-design-email-signature.jpg"},{"@type":"BreadcrumbList","@id":"https:\/\/www.newslettercreator.com\/de\/wie-designe-ich-eine-e-mail-signatur\/#breadcrumb","itemListElement":[{"@type":"ListItem","position":1,"name":"Home","item":"https:\/\/www.newslettercreator.com\/de\/"},{"@type":"ListItem","position":2,"name":"Wie designe ich eine E-Mail Signatur?"}]},{"@type":"WebSite","@id":"https:\/\/www.newslettercreator.com\/#website","url":"https:\/\/www.newslettercreator.com\/","name":"Newsletter Creator","description":"Pay off","potentialAction":[{"@type":"SearchAction","target":{"@type":"EntryPoint","urlTemplate":"https:\/\/www.newslettercreator.com\/?s={search_term_string}"},"query-input":{"@type":"PropertyValueSpecification","valueRequired":true,"valueName":"search_term_string"}}],"inLanguage":"de"}]}},"_links":{"self":[{"href":"https:\/\/www.newslettercreator.com\/de\/wp-json\/wp\/v2\/pages\/4127","targetHints":{"allow":["GET"]}}],"collection":[{"href":"https:\/\/www.newslettercreator.com\/de\/wp-json\/wp\/v2\/pages"}],"about":[{"href":"https:\/\/www.newslettercreator.com\/de\/wp-json\/wp\/v2\/types\/page"}],"author":[{"embeddable":true,"href":"https:\/\/www.newslettercreator.com\/de\/wp-json\/wp\/v2\/users\/1"}],"replies":[{"embeddable":true,"href":"https:\/\/www.newslettercreator.com\/de\/wp-json\/wp\/v2\/comments?post=4127"}],"version-history":[{"count":1,"href":"https:\/\/www.newslettercreator.com\/de\/wp-json\/wp\/v2\/pages\/4127\/revisions"}],"predecessor-version":[{"id":4128,"href":"https:\/\/www.newslettercreator.com\/de\/wp-json\/wp\/v2\/pages\/4127\/revisions\/4128"}],"wp:attachment":[{"href":"https:\/\/www.newslettercreator.com\/de\/wp-json\/wp\/v2\/media?parent=4127"}],"curies":[{"name":"wp","href":"https:\/\/api.w.org\/{rel}","templated":true}]}}