{"id":4129,"date":"2015-12-11T08:30:03","date_gmt":"2015-12-11T08:30:03","guid":{"rendered":"http:\/\/www.newslettercreator.com\/de\/?page_id=4129"},"modified":"2015-12-11T08:30:03","modified_gmt":"2015-12-11T08:30:03","slug":"wie-editiere-ich-eine-e-mail-vorlage","status":"publish","type":"page","link":"https:\/\/www.newslettercreator.com\/de\/wie-editiere-ich-eine-e-mail-vorlage\/","title":{"rendered":"Wie editiere ich eine E-Mail Vorlage?"},"content":{"rendered":"<p style=\"text-align: center;\"><img decoding=\"async\" class=\"alignnone size-full wp-image-237\" src=\"http:\/\/www.newslettercreator.com\/wp-content\/uploads\/2014\/03\/how-to-edit-email-template.jpg\" alt=\"Wie editiere ich eine E-Mail Vorlage?\" width=\"457\" height=\"418\" \/><\/p>\n<p><strong>Das Erstellen und Editieren einer E-Mail Vorlage<\/strong> kann ziemlich tricky sein, wenn Sie kein Programmierer sind. Tatsache ist, dass die Erstellung einer leichtgewichtigen und effizienten Newsletter-Vorlage <strong>sehr gute HTML Kenntnisse erfordert<\/strong> \u2013 nur ein sauberer Code kann die perfekte Darstellung auf jedem Ger\u00e4t und auch eine gute Zustellbarkeit garantieren. <\/p>\n<p>Darum verlassen sich viele Leute auf vorgefertigte Vorlagen aus dem Web. Und obwohl es darunter sicher ein paar sehr gute gibt (insbesondere, wenn Sie bereit sind, daf\u00fcr zu zahlen), erm\u00f6glicht ein von Grund auf erstelltes und editiertes Newsletter-Layout eine <strong>viel gr\u00f6\u00dfere Kontrolle<\/strong> des gesamten Designs \u2013 und insbesondere, ein markenorientiertes Endergebnis. Denn es ist Ihres und Ihres allein.<\/p>\n<p>Gl\u00fccklicherweise k\u00f6nnen Sie dies mit Hilfe von <a title=\"Laden Die Demo\" href=\"http:\/\/www.newslettercreator.com\/de\/kostenlos-testen\/\"><strong>MailStyler<\/strong><\/a> tun, <strong>ohne eine einzige Zeile HTML zu schreiben<\/strong>.<\/p>\n<p>Unser faszinierender <strong>E-Mail Vorlagen-Editor<\/strong> wird Ihnen das einfache Zusammenstellen eines Layout durch einfaches Drag und Drop aller Elemente, wie etwa Inhaltsboxen und -spalten, und dann deren Anpassung nach Ihren W\u00fcnschen erm\u00f6glichen.<\/p>\n<p>Das Ergebnis? Ein atemberaubendes Newsletter-Design, welches <strong>wirklich auf Ihre Bed\u00fcrfnisse ma\u00dfgeschneidert<\/strong> ist, voll kompatibel mit allen E-Mail-Clients und Webmailern \u2013 einschlie\u00dflich mobiler Apps.<\/p>\n<p>&nbsp;<\/p>\n<p style=\"text-align: center;\"><a class=\"button large orange\" style=\"margin-top: 20px; width: 157px; margin-right: 30px;\" title=\"Laden Die Demo\" href=\"http:\/\/www.newslettercreator.com\/de\/kostenlos-testen\/\" target=\"_self\">DEMO HERUNTERLADEN<\/a><a class=\"button large darkgray\" style=\"margin-top: 20px; width: 170px;\" title=\"Mailstyler Pro Kaufen\" href=\"http:\/\/www.newslettercreator.com\/de\/preise\/\" target=\"_self\">MAILSTYLER PRO KAUFEN<\/a><\/p>\n<p style=\"text-align: center; font-size: 11px; margin-bottom: 30px;\">Neueste Version: 2.24.01.17 | Gr\u00f6\u00dfe: 114.9 MB<br \/>Erscheinungsdatum: 17\/01\/2024<br \/><a href=\"http:\/\/www.newslettercreator.com\/de\/mailstyler-lizenzvereinbarung\/\" target=\"_blank\">Lizenzvereinbarung<\/a> | <a href=\"http:\/\/www.newslettercreator.com\/de\/wie-man-mailstyler-deinstalliert\/\" target=\"_blank\">Deinstallationsanleitung<\/a><\/p>\n","protected":false},"excerpt":{"rendered":"<p>Das Erstellen und Editieren einer E-Mail Vorlage kann ziemlich tricky sein, wenn Sie kein Programmierer sind. Tatsache ist, dass die Erstellung einer leichtgewichtigen und effizienten Newsletter-Vorlage sehr gute HTML Kenntnisse erfordert \u2013 nur ein sauberer Code kann die perfekte Darstellung auf jedem Ger\u00e4t und auch eine gute Zustellbarkeit garantieren. Darum verlassen sich viele Leute auf [&hellip;]<\/p>\n","protected":false},"author":1,"featured_media":0,"parent":0,"menu_order":0,"comment_status":"closed","ping_status":"closed","template":"g1_template_page_sidebar_right.php","meta":{"inline_featured_image":false,"_monsterinsights_skip_tracking":false,"_monsterinsights_sitenote_active":false,"_monsterinsights_sitenote_note":"","_monsterinsights_sitenote_category":0,"footnotes":""},"class_list":["post-4129","page","type-page","status-publish"],"yoast_head":"<!-- This site is optimized with the Yoast SEO plugin v25.2 - https:\/\/yoast.com\/wordpress\/plugins\/seo\/ -->\n<title>Wie editiere ich eine E-Mail Vorlage? - Newsletter Creator<\/title>\n<meta name=\"robots\" content=\"index, follow, max-snippet:-1, max-image-preview:large, max-video-preview:-1\" \/>\n<link rel=\"canonical\" href=\"https:\/\/www.newslettercreator.com\/de\/wie-editiere-ich-eine-e-mail-vorlage\/\" \/>\n<meta property=\"og:locale\" content=\"de_DE\" \/>\n<meta property=\"og:type\" content=\"article\" \/>\n<meta property=\"og:title\" content=\"Wie editiere ich eine E-Mail Vorlage? - Newsletter Creator\" \/>\n<meta property=\"og:description\" content=\"Das Erstellen und Editieren einer E-Mail Vorlage kann ziemlich tricky sein, wenn Sie kein Programmierer sind. Tatsache ist, dass die Erstellung einer leichtgewichtigen und effizienten Newsletter-Vorlage sehr gute HTML Kenntnisse erfordert \u2013 nur ein sauberer Code kann die perfekte Darstellung auf jedem Ger\u00e4t und auch eine gute Zustellbarkeit garantieren. Darum verlassen sich viele Leute auf [&hellip;]\" \/>\n<meta property=\"og:url\" content=\"https:\/\/www.newslettercreator.com\/de\/wie-editiere-ich-eine-e-mail-vorlage\/\" \/>\n<meta property=\"og:site_name\" content=\"Newsletter Creator\" \/>\n<meta property=\"og:image\" content=\"http:\/\/www.newslettercreator.com\/wp-content\/uploads\/2014\/03\/how-to-edit-email-template.jpg\" \/>\n<meta name=\"twitter:label1\" content=\"Gesch\u00e4tzte Lesezeit\" \/>\n\t<meta name=\"twitter:data1\" content=\"1\u00a0Minute\" \/>\n<script type=\"application\/ld+json\" class=\"yoast-schema-graph\">{\"@context\":\"https:\/\/schema.org\",\"@graph\":[{\"@type\":\"WebPage\",\"@id\":\"https:\/\/www.newslettercreator.com\/de\/wie-editiere-ich-eine-e-mail-vorlage\/\",\"url\":\"https:\/\/www.newslettercreator.com\/de\/wie-editiere-ich-eine-e-mail-vorlage\/\",\"name\":\"Wie editiere ich eine E-Mail Vorlage? - Newsletter Creator\",\"isPartOf\":{\"@id\":\"https:\/\/www.newslettercreator.com\/#website\"},\"primaryImageOfPage\":{\"@id\":\"https:\/\/www.newslettercreator.com\/de\/wie-editiere-ich-eine-e-mail-vorlage\/#primaryimage\"},\"image\":{\"@id\":\"https:\/\/www.newslettercreator.com\/de\/wie-editiere-ich-eine-e-mail-vorlage\/#primaryimage\"},\"thumbnailUrl\":\"http:\/\/www.newslettercreator.com\/wp-content\/uploads\/2014\/03\/how-to-edit-email-template.jpg\",\"datePublished\":\"2015-12-11T08:30:03+00:00\",\"breadcrumb\":{\"@id\":\"https:\/\/www.newslettercreator.com\/de\/wie-editiere-ich-eine-e-mail-vorlage\/#breadcrumb\"},\"inLanguage\":\"de\",\"potentialAction\":[{\"@type\":\"ReadAction\",\"target\":[\"https:\/\/www.newslettercreator.com\/de\/wie-editiere-ich-eine-e-mail-vorlage\/\"]}]},{\"@type\":\"ImageObject\",\"inLanguage\":\"de\",\"@id\":\"https:\/\/www.newslettercreator.com\/de\/wie-editiere-ich-eine-e-mail-vorlage\/#primaryimage\",\"url\":\"http:\/\/www.newslettercreator.com\/wp-content\/uploads\/2014\/03\/how-to-edit-email-template.jpg\",\"contentUrl\":\"http:\/\/www.newslettercreator.com\/wp-content\/uploads\/2014\/03\/how-to-edit-email-template.jpg\"},{\"@type\":\"BreadcrumbList\",\"@id\":\"https:\/\/www.newslettercreator.com\/de\/wie-editiere-ich-eine-e-mail-vorlage\/#breadcrumb\",\"itemListElement\":[{\"@type\":\"ListItem\",\"position\":1,\"name\":\"Home\",\"item\":\"https:\/\/www.newslettercreator.com\/de\/\"},{\"@type\":\"ListItem\",\"position\":2,\"name\":\"Wie editiere ich eine E-Mail Vorlage?\"}]},{\"@type\":\"WebSite\",\"@id\":\"https:\/\/www.newslettercreator.com\/#website\",\"url\":\"https:\/\/www.newslettercreator.com\/\",\"name\":\"Newsletter Creator\",\"description\":\"Pay off\",\"potentialAction\":[{\"@type\":\"SearchAction\",\"target\":{\"@type\":\"EntryPoint\",\"urlTemplate\":\"https:\/\/www.newslettercreator.com\/?s={search_term_string}\"},\"query-input\":{\"@type\":\"PropertyValueSpecification\",\"valueRequired\":true,\"valueName\":\"search_term_string\"}}],\"inLanguage\":\"de\"}]}<\/script>\n<!-- \/ Yoast SEO plugin. -->","yoast_head_json":{"title":"Wie editiere ich eine E-Mail Vorlage? - Newsletter Creator","robots":{"index":"index","follow":"follow","max-snippet":"max-snippet:-1","max-image-preview":"max-image-preview:large","max-video-preview":"max-video-preview:-1"},"canonical":"https:\/\/www.newslettercreator.com\/de\/wie-editiere-ich-eine-e-mail-vorlage\/","og_locale":"de_DE","og_type":"article","og_title":"Wie editiere ich eine E-Mail Vorlage? - Newsletter Creator","og_description":"Das Erstellen und Editieren einer E-Mail Vorlage kann ziemlich tricky sein, wenn Sie kein Programmierer sind. Tatsache ist, dass die Erstellung einer leichtgewichtigen und effizienten Newsletter-Vorlage sehr gute HTML Kenntnisse erfordert \u2013 nur ein sauberer Code kann die perfekte Darstellung auf jedem Ger\u00e4t und auch eine gute Zustellbarkeit garantieren. Darum verlassen sich viele Leute auf [&hellip;]","og_url":"https:\/\/www.newslettercreator.com\/de\/wie-editiere-ich-eine-e-mail-vorlage\/","og_site_name":"Newsletter Creator","og_image":[{"url":"http:\/\/www.newslettercreator.com\/wp-content\/uploads\/2014\/03\/how-to-edit-email-template.jpg","type":"","width":"","height":""}],"twitter_misc":{"Gesch\u00e4tzte Lesezeit":"1\u00a0Minute"},"schema":{"@context":"https:\/\/schema.org","@graph":[{"@type":"WebPage","@id":"https:\/\/www.newslettercreator.com\/de\/wie-editiere-ich-eine-e-mail-vorlage\/","url":"https:\/\/www.newslettercreator.com\/de\/wie-editiere-ich-eine-e-mail-vorlage\/","name":"Wie editiere ich eine E-Mail Vorlage? - Newsletter Creator","isPartOf":{"@id":"https:\/\/www.newslettercreator.com\/#website"},"primaryImageOfPage":{"@id":"https:\/\/www.newslettercreator.com\/de\/wie-editiere-ich-eine-e-mail-vorlage\/#primaryimage"},"image":{"@id":"https:\/\/www.newslettercreator.com\/de\/wie-editiere-ich-eine-e-mail-vorlage\/#primaryimage"},"thumbnailUrl":"http:\/\/www.newslettercreator.com\/wp-content\/uploads\/2014\/03\/how-to-edit-email-template.jpg","datePublished":"2015-12-11T08:30:03+00:00","breadcrumb":{"@id":"https:\/\/www.newslettercreator.com\/de\/wie-editiere-ich-eine-e-mail-vorlage\/#breadcrumb"},"inLanguage":"de","potentialAction":[{"@type":"ReadAction","target":["https:\/\/www.newslettercreator.com\/de\/wie-editiere-ich-eine-e-mail-vorlage\/"]}]},{"@type":"ImageObject","inLanguage":"de","@id":"https:\/\/www.newslettercreator.com\/de\/wie-editiere-ich-eine-e-mail-vorlage\/#primaryimage","url":"http:\/\/www.newslettercreator.com\/wp-content\/uploads\/2014\/03\/how-to-edit-email-template.jpg","contentUrl":"http:\/\/www.newslettercreator.com\/wp-content\/uploads\/2014\/03\/how-to-edit-email-template.jpg"},{"@type":"BreadcrumbList","@id":"https:\/\/www.newslettercreator.com\/de\/wie-editiere-ich-eine-e-mail-vorlage\/#breadcrumb","itemListElement":[{"@type":"ListItem","position":1,"name":"Home","item":"https:\/\/www.newslettercreator.com\/de\/"},{"@type":"ListItem","position":2,"name":"Wie editiere ich eine E-Mail Vorlage?"}]},{"@type":"WebSite","@id":"https:\/\/www.newslettercreator.com\/#website","url":"https:\/\/www.newslettercreator.com\/","name":"Newsletter Creator","description":"Pay off","potentialAction":[{"@type":"SearchAction","target":{"@type":"EntryPoint","urlTemplate":"https:\/\/www.newslettercreator.com\/?s={search_term_string}"},"query-input":{"@type":"PropertyValueSpecification","valueRequired":true,"valueName":"search_term_string"}}],"inLanguage":"de"}]}},"_links":{"self":[{"href":"https:\/\/www.newslettercreator.com\/de\/wp-json\/wp\/v2\/pages\/4129","targetHints":{"allow":["GET"]}}],"collection":[{"href":"https:\/\/www.newslettercreator.com\/de\/wp-json\/wp\/v2\/pages"}],"about":[{"href":"https:\/\/www.newslettercreator.com\/de\/wp-json\/wp\/v2\/types\/page"}],"author":[{"embeddable":true,"href":"https:\/\/www.newslettercreator.com\/de\/wp-json\/wp\/v2\/users\/1"}],"replies":[{"embeddable":true,"href":"https:\/\/www.newslettercreator.com\/de\/wp-json\/wp\/v2\/comments?post=4129"}],"version-history":[{"count":1,"href":"https:\/\/www.newslettercreator.com\/de\/wp-json\/wp\/v2\/pages\/4129\/revisions"}],"predecessor-version":[{"id":4130,"href":"https:\/\/www.newslettercreator.com\/de\/wp-json\/wp\/v2\/pages\/4129\/revisions\/4130"}],"wp:attachment":[{"href":"https:\/\/www.newslettercreator.com\/de\/wp-json\/wp\/v2\/media?parent=4129"}],"curies":[{"name":"wp","href":"https:\/\/api.w.org\/{rel}","templated":true}]}}