{"id":4145,"date":"2015-12-11T10:41:48","date_gmt":"2015-12-11T10:41:48","guid":{"rendered":"http:\/\/www.newslettercreator.com\/de\/?page_id=4145"},"modified":"2015-12-11T10:41:48","modified_gmt":"2015-12-11T10:41:48","slug":"wie-eine-e-mail-vorlage-erstellen","status":"publish","type":"page","link":"https:\/\/www.newslettercreator.com\/de\/wie-eine-e-mail-vorlage-erstellen\/","title":{"rendered":"Wie eine E-Mail Vorlage erstellen?"},"content":{"rendered":"<p style=\"text-align: center;\"><img decoding=\"async\" class=\"alignnone size-full wp-image-237\" src=\"http:\/\/www.newslettercreator.com\/wp-content\/uploads\/2014\/03\/how-to-newsletter-layout.jpg\" alt=\"Wie eine E-Mail Vorlage erstellen?\" width=\"457\" height=\"418\" \/><\/p>\n<p>Eine der anspruchsvollsten Aufgaben in jeder E-Mail-Marketingkampagne ist das <strong>Erstellen einer sauberen E-Mail Vorlage<\/strong>. Tats\u00e4chlich sind die allgemeinen Anforderungen f\u00fcr jeden, der eine Vorlage erstellen will, gro\u00dfartige <strong>HTML\/CSS F\u00e4higkeiten<\/strong> (essentiell, um die Vorlage auf jedem Ger\u00e4t und Client lesbar zu machen); ein profundes <strong>Fachwissen \u00fcber die Prinzipien des Webdesign<\/strong> (um einen perfekten Inhaltsfluss sicherzustellen) und nat\u00fcrlich eine gute Menge an <strong>Kreativit\u00e4t<\/strong> (f\u00fcr ein sch\u00f6nes und originelles Aussehen).<\/p>\n<p>Zu oft haben wir schlechte Newsletter gesehen, die von improvisierten Designern erstellt wurden, die absolut keine Ahnung von einer guten E-Mail-Vorlage haben. Wenn Sie also eine wirklich effektive E-Mail haben wollen, beauftragen Sie entweder einen Profi oder Sie lernen es selbst. Die erste M\u00f6glichkeit ist teuer, die zweite ben\u00f6tigt eine Menge Zeit.<\/p>\n<p>Aber es gibt noch eine <strong>dritte Option<\/strong>, <strong>die sowohl Zeit als auch Geld spart<\/strong>: Sie k\u00f6nnen MailStyler verwenden.<\/p>\n<p>MailStyler ist ein 100% <strong>WYSIWYG E-Mail-Vorlagen-Editor<\/strong>, darauf ausgelegt, das Beste aus Ihren Ideen zu machen und faszinierende Newsletter zusammenzustellen, <strong>ohne eine einzige Zeile Code zu schreiben<\/strong>. Er ist so intuitiv und m\u00e4chtig, dass sogar ein Anf\u00e4nger sofort wundersch\u00f6ne Layouts produzieren kann, einfach durch <strong>Drag und Drop<\/strong> unserer vorgefertigten Elemente. Sie k\u00f6nnen Ihre E-Mail buchst\u00e4blich Stein f\u00fcr Stein aufbauen, Bl\u00f6cke hinzuf\u00fcgen und nach Belieben anpassen \u2013 es dauert Minuten, ist einfach und obendrein ein Vergn\u00fcgen.<\/p>\n<p>Geben Sie Ihrem Newsletter einen frischen Start. <a title=\"Laden Die Demo\" href=\"http:\/\/www.newslettercreator.com\/de\/kostenlos-testen\/\"><strong>Probieren Sie jetzt MailStyler<\/strong><\/a>.<\/p>\n<p style=\"text-align: center;\"><a class=\"button large orange\" style=\"margin-top: 20px; width: 157px; margin-right: 30px;\" title=\"Laden Die Demo\" href=\"http:\/\/www.newslettercreator.com\/de\/kostenlos-testen\/\" target=\"_self\">DEMO HERUNTERLADEN<\/a><a class=\"button large darkgray\" style=\"margin-top: 20px; width: 170px;\" title=\"Mailstyler Pro Kaufen\" href=\"http:\/\/www.newslettercreator.com\/de\/preise\/\" target=\"_self\">MAILSTYLER PRO KAUFEN<\/a><\/p>\n<p style=\"text-align: center; font-size: 11px; margin-bottom: 30px;\">Neueste Version: 2.24.01.17 | Gr\u00f6\u00dfe: 114.9 MB<br \/>Erscheinungsdatum: 17\/01\/2024<br \/><a href=\"http:\/\/www.newslettercreator.com\/de\/mailstyler-lizenzvereinbarung\/\" target=\"_blank\">Lizenzvereinbarung<\/a> | <a href=\"http:\/\/www.newslettercreator.com\/de\/wie-man-mailstyler-deinstalliert\/\" target=\"_blank\">Deinstallationsanleitung<\/a><\/p>\n","protected":false},"excerpt":{"rendered":"<p>Eine der anspruchsvollsten Aufgaben in jeder E-Mail-Marketingkampagne ist das Erstellen einer sauberen E-Mail Vorlage. Tats\u00e4chlich sind die allgemeinen Anforderungen f\u00fcr jeden, der eine Vorlage erstellen will, gro\u00dfartige HTML\/CSS F\u00e4higkeiten (essentiell, um die Vorlage auf jedem Ger\u00e4t und Client lesbar zu machen); ein profundes Fachwissen \u00fcber die Prinzipien des Webdesign (um einen perfekten Inhaltsfluss sicherzustellen) und [&hellip;]<\/p>\n","protected":false},"author":1,"featured_media":0,"parent":0,"menu_order":0,"comment_status":"closed","ping_status":"closed","template":"g1_template_page_sidebar_right.php","meta":{"inline_featured_image":false,"_monsterinsights_skip_tracking":false,"_monsterinsights_sitenote_active":false,"_monsterinsights_sitenote_note":"","_monsterinsights_sitenote_category":0,"footnotes":""},"class_list":["post-4145","page","type-page","status-publish"],"yoast_head":"<!-- This site is optimized with the Yoast SEO plugin v25.2 - https:\/\/yoast.com\/wordpress\/plugins\/seo\/ -->\n<title>Wie eine E-Mail Vorlage erstellen? - Newsletter Creator<\/title>\n<meta name=\"robots\" content=\"index, follow, max-snippet:-1, max-image-preview:large, max-video-preview:-1\" \/>\n<link rel=\"canonical\" href=\"https:\/\/www.newslettercreator.com\/de\/wie-eine-e-mail-vorlage-erstellen\/\" \/>\n<meta property=\"og:locale\" content=\"de_DE\" \/>\n<meta property=\"og:type\" content=\"article\" \/>\n<meta property=\"og:title\" content=\"Wie eine E-Mail Vorlage erstellen? - Newsletter Creator\" \/>\n<meta property=\"og:description\" content=\"Eine der anspruchsvollsten Aufgaben in jeder E-Mail-Marketingkampagne ist das Erstellen einer sauberen E-Mail Vorlage. Tats\u00e4chlich sind die allgemeinen Anforderungen f\u00fcr jeden, der eine Vorlage erstellen will, gro\u00dfartige HTML\/CSS F\u00e4higkeiten (essentiell, um die Vorlage auf jedem Ger\u00e4t und Client lesbar zu machen); ein profundes Fachwissen \u00fcber die Prinzipien des Webdesign (um einen perfekten Inhaltsfluss sicherzustellen) und [&hellip;]\" \/>\n<meta property=\"og:url\" content=\"https:\/\/www.newslettercreator.com\/de\/wie-eine-e-mail-vorlage-erstellen\/\" \/>\n<meta property=\"og:site_name\" content=\"Newsletter Creator\" \/>\n<meta property=\"og:image\" content=\"http:\/\/www.newslettercreator.com\/wp-content\/uploads\/2014\/03\/how-to-newsletter-layout.jpg\" \/>\n<meta name=\"twitter:label1\" content=\"Gesch\u00e4tzte Lesezeit\" \/>\n\t<meta name=\"twitter:data1\" content=\"1\u00a0Minute\" \/>\n<script type=\"application\/ld+json\" class=\"yoast-schema-graph\">{\"@context\":\"https:\/\/schema.org\",\"@graph\":[{\"@type\":\"WebPage\",\"@id\":\"https:\/\/www.newslettercreator.com\/de\/wie-eine-e-mail-vorlage-erstellen\/\",\"url\":\"https:\/\/www.newslettercreator.com\/de\/wie-eine-e-mail-vorlage-erstellen\/\",\"name\":\"Wie eine E-Mail Vorlage erstellen? - Newsletter Creator\",\"isPartOf\":{\"@id\":\"https:\/\/www.newslettercreator.com\/#website\"},\"primaryImageOfPage\":{\"@id\":\"https:\/\/www.newslettercreator.com\/de\/wie-eine-e-mail-vorlage-erstellen\/#primaryimage\"},\"image\":{\"@id\":\"https:\/\/www.newslettercreator.com\/de\/wie-eine-e-mail-vorlage-erstellen\/#primaryimage\"},\"thumbnailUrl\":\"http:\/\/www.newslettercreator.com\/wp-content\/uploads\/2014\/03\/how-to-newsletter-layout.jpg\",\"datePublished\":\"2015-12-11T10:41:48+00:00\",\"breadcrumb\":{\"@id\":\"https:\/\/www.newslettercreator.com\/de\/wie-eine-e-mail-vorlage-erstellen\/#breadcrumb\"},\"inLanguage\":\"de\",\"potentialAction\":[{\"@type\":\"ReadAction\",\"target\":[\"https:\/\/www.newslettercreator.com\/de\/wie-eine-e-mail-vorlage-erstellen\/\"]}]},{\"@type\":\"ImageObject\",\"inLanguage\":\"de\",\"@id\":\"https:\/\/www.newslettercreator.com\/de\/wie-eine-e-mail-vorlage-erstellen\/#primaryimage\",\"url\":\"http:\/\/www.newslettercreator.com\/wp-content\/uploads\/2014\/03\/how-to-newsletter-layout.jpg\",\"contentUrl\":\"http:\/\/www.newslettercreator.com\/wp-content\/uploads\/2014\/03\/how-to-newsletter-layout.jpg\"},{\"@type\":\"BreadcrumbList\",\"@id\":\"https:\/\/www.newslettercreator.com\/de\/wie-eine-e-mail-vorlage-erstellen\/#breadcrumb\",\"itemListElement\":[{\"@type\":\"ListItem\",\"position\":1,\"name\":\"Home\",\"item\":\"https:\/\/www.newslettercreator.com\/de\/\"},{\"@type\":\"ListItem\",\"position\":2,\"name\":\"Wie eine E-Mail Vorlage erstellen?\"}]},{\"@type\":\"WebSite\",\"@id\":\"https:\/\/www.newslettercreator.com\/#website\",\"url\":\"https:\/\/www.newslettercreator.com\/\",\"name\":\"Newsletter Creator\",\"description\":\"Pay off\",\"potentialAction\":[{\"@type\":\"SearchAction\",\"target\":{\"@type\":\"EntryPoint\",\"urlTemplate\":\"https:\/\/www.newslettercreator.com\/?s={search_term_string}\"},\"query-input\":{\"@type\":\"PropertyValueSpecification\",\"valueRequired\":true,\"valueName\":\"search_term_string\"}}],\"inLanguage\":\"de\"}]}<\/script>\n<!-- \/ Yoast SEO plugin. -->","yoast_head_json":{"title":"Wie eine E-Mail Vorlage erstellen? - Newsletter Creator","robots":{"index":"index","follow":"follow","max-snippet":"max-snippet:-1","max-image-preview":"max-image-preview:large","max-video-preview":"max-video-preview:-1"},"canonical":"https:\/\/www.newslettercreator.com\/de\/wie-eine-e-mail-vorlage-erstellen\/","og_locale":"de_DE","og_type":"article","og_title":"Wie eine E-Mail Vorlage erstellen? - Newsletter Creator","og_description":"Eine der anspruchsvollsten Aufgaben in jeder E-Mail-Marketingkampagne ist das Erstellen einer sauberen E-Mail Vorlage. Tats\u00e4chlich sind die allgemeinen Anforderungen f\u00fcr jeden, der eine Vorlage erstellen will, gro\u00dfartige HTML\/CSS F\u00e4higkeiten (essentiell, um die Vorlage auf jedem Ger\u00e4t und Client lesbar zu machen); ein profundes Fachwissen \u00fcber die Prinzipien des Webdesign (um einen perfekten Inhaltsfluss sicherzustellen) und [&hellip;]","og_url":"https:\/\/www.newslettercreator.com\/de\/wie-eine-e-mail-vorlage-erstellen\/","og_site_name":"Newsletter Creator","og_image":[{"url":"http:\/\/www.newslettercreator.com\/wp-content\/uploads\/2014\/03\/how-to-newsletter-layout.jpg","type":"","width":"","height":""}],"twitter_misc":{"Gesch\u00e4tzte Lesezeit":"1\u00a0Minute"},"schema":{"@context":"https:\/\/schema.org","@graph":[{"@type":"WebPage","@id":"https:\/\/www.newslettercreator.com\/de\/wie-eine-e-mail-vorlage-erstellen\/","url":"https:\/\/www.newslettercreator.com\/de\/wie-eine-e-mail-vorlage-erstellen\/","name":"Wie eine E-Mail Vorlage erstellen? - Newsletter Creator","isPartOf":{"@id":"https:\/\/www.newslettercreator.com\/#website"},"primaryImageOfPage":{"@id":"https:\/\/www.newslettercreator.com\/de\/wie-eine-e-mail-vorlage-erstellen\/#primaryimage"},"image":{"@id":"https:\/\/www.newslettercreator.com\/de\/wie-eine-e-mail-vorlage-erstellen\/#primaryimage"},"thumbnailUrl":"http:\/\/www.newslettercreator.com\/wp-content\/uploads\/2014\/03\/how-to-newsletter-layout.jpg","datePublished":"2015-12-11T10:41:48+00:00","breadcrumb":{"@id":"https:\/\/www.newslettercreator.com\/de\/wie-eine-e-mail-vorlage-erstellen\/#breadcrumb"},"inLanguage":"de","potentialAction":[{"@type":"ReadAction","target":["https:\/\/www.newslettercreator.com\/de\/wie-eine-e-mail-vorlage-erstellen\/"]}]},{"@type":"ImageObject","inLanguage":"de","@id":"https:\/\/www.newslettercreator.com\/de\/wie-eine-e-mail-vorlage-erstellen\/#primaryimage","url":"http:\/\/www.newslettercreator.com\/wp-content\/uploads\/2014\/03\/how-to-newsletter-layout.jpg","contentUrl":"http:\/\/www.newslettercreator.com\/wp-content\/uploads\/2014\/03\/how-to-newsletter-layout.jpg"},{"@type":"BreadcrumbList","@id":"https:\/\/www.newslettercreator.com\/de\/wie-eine-e-mail-vorlage-erstellen\/#breadcrumb","itemListElement":[{"@type":"ListItem","position":1,"name":"Home","item":"https:\/\/www.newslettercreator.com\/de\/"},{"@type":"ListItem","position":2,"name":"Wie eine E-Mail Vorlage erstellen?"}]},{"@type":"WebSite","@id":"https:\/\/www.newslettercreator.com\/#website","url":"https:\/\/www.newslettercreator.com\/","name":"Newsletter Creator","description":"Pay off","potentialAction":[{"@type":"SearchAction","target":{"@type":"EntryPoint","urlTemplate":"https:\/\/www.newslettercreator.com\/?s={search_term_string}"},"query-input":{"@type":"PropertyValueSpecification","valueRequired":true,"valueName":"search_term_string"}}],"inLanguage":"de"}]}},"_links":{"self":[{"href":"https:\/\/www.newslettercreator.com\/de\/wp-json\/wp\/v2\/pages\/4145","targetHints":{"allow":["GET"]}}],"collection":[{"href":"https:\/\/www.newslettercreator.com\/de\/wp-json\/wp\/v2\/pages"}],"about":[{"href":"https:\/\/www.newslettercreator.com\/de\/wp-json\/wp\/v2\/types\/page"}],"author":[{"embeddable":true,"href":"https:\/\/www.newslettercreator.com\/de\/wp-json\/wp\/v2\/users\/1"}],"replies":[{"embeddable":true,"href":"https:\/\/www.newslettercreator.com\/de\/wp-json\/wp\/v2\/comments?post=4145"}],"version-history":[{"count":1,"href":"https:\/\/www.newslettercreator.com\/de\/wp-json\/wp\/v2\/pages\/4145\/revisions"}],"predecessor-version":[{"id":4146,"href":"https:\/\/www.newslettercreator.com\/de\/wp-json\/wp\/v2\/pages\/4145\/revisions\/4146"}],"wp:attachment":[{"href":"https:\/\/www.newslettercreator.com\/de\/wp-json\/wp\/v2\/media?parent=4145"}],"curies":[{"name":"wp","href":"https:\/\/api.w.org\/{rel}","templated":true}]}}