{"id":4148,"date":"2015-12-14T08:03:34","date_gmt":"2015-12-14T08:03:34","guid":{"rendered":"http:\/\/www.newslettercreator.com\/de\/?page_id=4148"},"modified":"2015-12-14T08:03:34","modified_gmt":"2015-12-14T08:03:34","slug":"was-ist-eine-html-e-mail-vorlage","status":"publish","type":"page","link":"https:\/\/www.newslettercreator.com\/de\/was-ist-eine-html-e-mail-vorlage\/","title":{"rendered":"Was ist eine HTML E-Mail-Vorlage?"},"content":{"rendered":"<p><img decoding=\"async\" class=\"alignnone size-full wp-image-237\" src=\"http:\/\/www.newslettercreator.com\/wp-content\/uploads\/2014\/02\/email-layout-best-practices.jpg\" alt=\"Was ist eine HTML E-Mail-Vorlage?\" width=\"649\" height=\"423\" \/><\/p>\n<p>Eine <strong>HTML E-Mail-Vorlage<\/strong> ist definitiv das beste Werkzeug f\u00fcr jede professionelle E-Mail Marketing-Kampagne. Sie sichert nicht nur eine <strong>bessere Lesbarkeit<\/strong> und einen sch\u00f6neren Informationsfluss, HTML gestattet auch, die <strong>Reaktionen Ihrer Empf\u00e4nger zu verfolgen<\/strong> (ge\u00f6ffnet, Klicks etc.)<\/p>\n<p>Nun kann das Programmieren einer guten Newsletter-Vorlage von Grund auf kniffelig sein, insbesondere wenn Sie kein profundes Fachwissen sowohl von HTML als auch von CSS haben. Ein schlechter Code kann zu <strong>Darstellungsproblemen<\/strong> auf den meisten der beliebten E-Mail-Clients (Gmail, Hotmail, Outlook, Thunderbird) und ebenfalls zu <strong>Zustellproblemen<\/strong> f\u00fchren.<\/p>\n<p>Die gute Nachricht ist, dass Sie mit <strong>MailStyler<\/strong> Ihre eigene Vorlage ohne eine einzige Zeile Code erstellen k\u00f6nnen und immer noch ein faszinierendes Ergebnis erhalten \u2013 das ideale Layout f\u00fcr Ihren Inhalt. MailStyler macht den Vorgang der Newsletter-Bearbeitung zu einem Kinderspiel \u2013 nehmen Sie die vorgefertigten Elemente (Spalten, Rahmen, Buttons, Textboxen \u2026), die Sie ben\u00f6tigen, und bauen einfach per <strong>Drag and Drop<\/strong> ihre eigene Vorlage in Sekunden.<\/p>\n<p>Es ist wirklich so einfach und da all die vorher designten Blocks sorgf\u00e4ltig von einem Expertenteam von Webdesignern programmiert wurden, <strong>werden die resultierenden HTML Vorlagen mit allen Mail-Clients voll kompatibel sein<\/strong>.<\/p>\n<p>H\u00f6ren Sie auf, nach allgemeinen Vorlagen-Paketen zu suchen und beginnen Sie Ihr eigenes Marken-Design zu kreieren.<\/p>\n<p>&nbsp;<\/p>\n<p style=\"text-align: center;\"><a class=\"button large orange\" style=\"margin-top: 20px; width: 157px; margin-right: 30px;\" title=\"Laden Die Demo\" href=\"http:\/\/www.newslettercreator.com\/de\/kostenlos-testen\/\" target=\"_self\">DEMO HERUNTERLADEN<\/a><a class=\"button large darkgray\" style=\"margin-top: 20px; width: 170px;\" title=\"Mailstyler Pro Kaufen\" href=\"http:\/\/www.newslettercreator.com\/de\/preise\/\" target=\"_self\">MAILSTYLER PRO KAUFEN<\/a><\/p>\n<p style=\"text-align: center; font-size: 11px; margin-bottom: 30px;\">Neueste Version: 2.24.01.17 | Gr\u00f6\u00dfe: 114.9 MB<br \/>Erscheinungsdatum: 17\/01\/2024<br \/><a href=\"http:\/\/www.newslettercreator.com\/de\/mailstyler-lizenzvereinbarung\/\" target=\"_blank\">Lizenzvereinbarung<\/a> | <a href=\"http:\/\/www.newslettercreator.com\/de\/wie-man-mailstyler-deinstalliert\/\" target=\"_blank\">Deinstallationsanleitung<\/a><\/p>\n","protected":false},"excerpt":{"rendered":"<p>Eine HTML E-Mail-Vorlage ist definitiv das beste Werkzeug f\u00fcr jede professionelle E-Mail Marketing-Kampagne. Sie sichert nicht nur eine bessere Lesbarkeit und einen sch\u00f6neren Informationsfluss, HTML gestattet auch, die Reaktionen Ihrer Empf\u00e4nger zu verfolgen (ge\u00f6ffnet, Klicks etc.) Nun kann das Programmieren einer guten Newsletter-Vorlage von Grund auf kniffelig sein, insbesondere wenn Sie kein profundes Fachwissen sowohl [&hellip;]<\/p>\n","protected":false},"author":1,"featured_media":0,"parent":0,"menu_order":0,"comment_status":"closed","ping_status":"closed","template":"g1_template_page_sidebar_right.php","meta":{"inline_featured_image":false,"_monsterinsights_skip_tracking":false,"_monsterinsights_sitenote_active":false,"_monsterinsights_sitenote_note":"","_monsterinsights_sitenote_category":0,"footnotes":""},"class_list":["post-4148","page","type-page","status-publish"],"yoast_head":"<!-- This site is optimized with the Yoast SEO plugin v25.2 - https:\/\/yoast.com\/wordpress\/plugins\/seo\/ -->\n<title>Was ist eine HTML E-Mail-Vorlage? - Newsletter Creator<\/title>\n<meta name=\"robots\" content=\"index, follow, max-snippet:-1, max-image-preview:large, max-video-preview:-1\" \/>\n<link rel=\"canonical\" href=\"https:\/\/www.newslettercreator.com\/de\/was-ist-eine-html-e-mail-vorlage\/\" \/>\n<meta property=\"og:locale\" content=\"de_DE\" \/>\n<meta property=\"og:type\" content=\"article\" \/>\n<meta property=\"og:title\" content=\"Was ist eine HTML E-Mail-Vorlage? - Newsletter Creator\" \/>\n<meta property=\"og:description\" content=\"Eine HTML E-Mail-Vorlage ist definitiv das beste Werkzeug f\u00fcr jede professionelle E-Mail Marketing-Kampagne. Sie sichert nicht nur eine bessere Lesbarkeit und einen sch\u00f6neren Informationsfluss, HTML gestattet auch, die Reaktionen Ihrer Empf\u00e4nger zu verfolgen (ge\u00f6ffnet, Klicks etc.) Nun kann das Programmieren einer guten Newsletter-Vorlage von Grund auf kniffelig sein, insbesondere wenn Sie kein profundes Fachwissen sowohl [&hellip;]\" \/>\n<meta property=\"og:url\" content=\"https:\/\/www.newslettercreator.com\/de\/was-ist-eine-html-e-mail-vorlage\/\" \/>\n<meta property=\"og:site_name\" content=\"Newsletter Creator\" \/>\n<meta property=\"og:image\" content=\"http:\/\/www.newslettercreator.com\/wp-content\/uploads\/2014\/02\/email-layout-best-practices.jpg\" \/>\n<meta name=\"twitter:label1\" content=\"Gesch\u00e4tzte Lesezeit\" \/>\n\t<meta name=\"twitter:data1\" content=\"1\u00a0Minute\" \/>\n<script type=\"application\/ld+json\" class=\"yoast-schema-graph\">{\"@context\":\"https:\/\/schema.org\",\"@graph\":[{\"@type\":\"WebPage\",\"@id\":\"https:\/\/www.newslettercreator.com\/de\/was-ist-eine-html-e-mail-vorlage\/\",\"url\":\"https:\/\/www.newslettercreator.com\/de\/was-ist-eine-html-e-mail-vorlage\/\",\"name\":\"Was ist eine HTML E-Mail-Vorlage? - Newsletter Creator\",\"isPartOf\":{\"@id\":\"https:\/\/www.newslettercreator.com\/#website\"},\"primaryImageOfPage\":{\"@id\":\"https:\/\/www.newslettercreator.com\/de\/was-ist-eine-html-e-mail-vorlage\/#primaryimage\"},\"image\":{\"@id\":\"https:\/\/www.newslettercreator.com\/de\/was-ist-eine-html-e-mail-vorlage\/#primaryimage\"},\"thumbnailUrl\":\"http:\/\/www.newslettercreator.com\/wp-content\/uploads\/2014\/02\/email-layout-best-practices.jpg\",\"datePublished\":\"2015-12-14T08:03:34+00:00\",\"breadcrumb\":{\"@id\":\"https:\/\/www.newslettercreator.com\/de\/was-ist-eine-html-e-mail-vorlage\/#breadcrumb\"},\"inLanguage\":\"de\",\"potentialAction\":[{\"@type\":\"ReadAction\",\"target\":[\"https:\/\/www.newslettercreator.com\/de\/was-ist-eine-html-e-mail-vorlage\/\"]}]},{\"@type\":\"ImageObject\",\"inLanguage\":\"de\",\"@id\":\"https:\/\/www.newslettercreator.com\/de\/was-ist-eine-html-e-mail-vorlage\/#primaryimage\",\"url\":\"http:\/\/www.newslettercreator.com\/wp-content\/uploads\/2014\/02\/email-layout-best-practices.jpg\",\"contentUrl\":\"http:\/\/www.newslettercreator.com\/wp-content\/uploads\/2014\/02\/email-layout-best-practices.jpg\"},{\"@type\":\"BreadcrumbList\",\"@id\":\"https:\/\/www.newslettercreator.com\/de\/was-ist-eine-html-e-mail-vorlage\/#breadcrumb\",\"itemListElement\":[{\"@type\":\"ListItem\",\"position\":1,\"name\":\"Home\",\"item\":\"https:\/\/www.newslettercreator.com\/de\/\"},{\"@type\":\"ListItem\",\"position\":2,\"name\":\"Was ist eine HTML E-Mail-Vorlage?\"}]},{\"@type\":\"WebSite\",\"@id\":\"https:\/\/www.newslettercreator.com\/#website\",\"url\":\"https:\/\/www.newslettercreator.com\/\",\"name\":\"Newsletter Creator\",\"description\":\"Pay off\",\"potentialAction\":[{\"@type\":\"SearchAction\",\"target\":{\"@type\":\"EntryPoint\",\"urlTemplate\":\"https:\/\/www.newslettercreator.com\/?s={search_term_string}\"},\"query-input\":{\"@type\":\"PropertyValueSpecification\",\"valueRequired\":true,\"valueName\":\"search_term_string\"}}],\"inLanguage\":\"de\"}]}<\/script>\n<!-- \/ Yoast SEO plugin. -->","yoast_head_json":{"title":"Was ist eine HTML E-Mail-Vorlage? - Newsletter Creator","robots":{"index":"index","follow":"follow","max-snippet":"max-snippet:-1","max-image-preview":"max-image-preview:large","max-video-preview":"max-video-preview:-1"},"canonical":"https:\/\/www.newslettercreator.com\/de\/was-ist-eine-html-e-mail-vorlage\/","og_locale":"de_DE","og_type":"article","og_title":"Was ist eine HTML E-Mail-Vorlage? - Newsletter Creator","og_description":"Eine HTML E-Mail-Vorlage ist definitiv das beste Werkzeug f\u00fcr jede professionelle E-Mail Marketing-Kampagne. Sie sichert nicht nur eine bessere Lesbarkeit und einen sch\u00f6neren Informationsfluss, HTML gestattet auch, die Reaktionen Ihrer Empf\u00e4nger zu verfolgen (ge\u00f6ffnet, Klicks etc.) Nun kann das Programmieren einer guten Newsletter-Vorlage von Grund auf kniffelig sein, insbesondere wenn Sie kein profundes Fachwissen sowohl [&hellip;]","og_url":"https:\/\/www.newslettercreator.com\/de\/was-ist-eine-html-e-mail-vorlage\/","og_site_name":"Newsletter Creator","og_image":[{"url":"http:\/\/www.newslettercreator.com\/wp-content\/uploads\/2014\/02\/email-layout-best-practices.jpg","type":"","width":"","height":""}],"twitter_misc":{"Gesch\u00e4tzte Lesezeit":"1\u00a0Minute"},"schema":{"@context":"https:\/\/schema.org","@graph":[{"@type":"WebPage","@id":"https:\/\/www.newslettercreator.com\/de\/was-ist-eine-html-e-mail-vorlage\/","url":"https:\/\/www.newslettercreator.com\/de\/was-ist-eine-html-e-mail-vorlage\/","name":"Was ist eine HTML E-Mail-Vorlage? - Newsletter Creator","isPartOf":{"@id":"https:\/\/www.newslettercreator.com\/#website"},"primaryImageOfPage":{"@id":"https:\/\/www.newslettercreator.com\/de\/was-ist-eine-html-e-mail-vorlage\/#primaryimage"},"image":{"@id":"https:\/\/www.newslettercreator.com\/de\/was-ist-eine-html-e-mail-vorlage\/#primaryimage"},"thumbnailUrl":"http:\/\/www.newslettercreator.com\/wp-content\/uploads\/2014\/02\/email-layout-best-practices.jpg","datePublished":"2015-12-14T08:03:34+00:00","breadcrumb":{"@id":"https:\/\/www.newslettercreator.com\/de\/was-ist-eine-html-e-mail-vorlage\/#breadcrumb"},"inLanguage":"de","potentialAction":[{"@type":"ReadAction","target":["https:\/\/www.newslettercreator.com\/de\/was-ist-eine-html-e-mail-vorlage\/"]}]},{"@type":"ImageObject","inLanguage":"de","@id":"https:\/\/www.newslettercreator.com\/de\/was-ist-eine-html-e-mail-vorlage\/#primaryimage","url":"http:\/\/www.newslettercreator.com\/wp-content\/uploads\/2014\/02\/email-layout-best-practices.jpg","contentUrl":"http:\/\/www.newslettercreator.com\/wp-content\/uploads\/2014\/02\/email-layout-best-practices.jpg"},{"@type":"BreadcrumbList","@id":"https:\/\/www.newslettercreator.com\/de\/was-ist-eine-html-e-mail-vorlage\/#breadcrumb","itemListElement":[{"@type":"ListItem","position":1,"name":"Home","item":"https:\/\/www.newslettercreator.com\/de\/"},{"@type":"ListItem","position":2,"name":"Was ist eine HTML E-Mail-Vorlage?"}]},{"@type":"WebSite","@id":"https:\/\/www.newslettercreator.com\/#website","url":"https:\/\/www.newslettercreator.com\/","name":"Newsletter Creator","description":"Pay off","potentialAction":[{"@type":"SearchAction","target":{"@type":"EntryPoint","urlTemplate":"https:\/\/www.newslettercreator.com\/?s={search_term_string}"},"query-input":{"@type":"PropertyValueSpecification","valueRequired":true,"valueName":"search_term_string"}}],"inLanguage":"de"}]}},"_links":{"self":[{"href":"https:\/\/www.newslettercreator.com\/de\/wp-json\/wp\/v2\/pages\/4148","targetHints":{"allow":["GET"]}}],"collection":[{"href":"https:\/\/www.newslettercreator.com\/de\/wp-json\/wp\/v2\/pages"}],"about":[{"href":"https:\/\/www.newslettercreator.com\/de\/wp-json\/wp\/v2\/types\/page"}],"author":[{"embeddable":true,"href":"https:\/\/www.newslettercreator.com\/de\/wp-json\/wp\/v2\/users\/1"}],"replies":[{"embeddable":true,"href":"https:\/\/www.newslettercreator.com\/de\/wp-json\/wp\/v2\/comments?post=4148"}],"version-history":[{"count":1,"href":"https:\/\/www.newslettercreator.com\/de\/wp-json\/wp\/v2\/pages\/4148\/revisions"}],"predecessor-version":[{"id":4149,"href":"https:\/\/www.newslettercreator.com\/de\/wp-json\/wp\/v2\/pages\/4148\/revisions\/4149"}],"wp:attachment":[{"href":"https:\/\/www.newslettercreator.com\/de\/wp-json\/wp\/v2\/media?parent=4148"}],"curies":[{"name":"wp","href":"https:\/\/api.w.org\/{rel}","templated":true}]}}