{"id":4150,"date":"2015-12-14T08:07:26","date_gmt":"2015-12-14T08:07:26","guid":{"rendered":"http:\/\/www.newslettercreator.com\/de\/?page_id=4150"},"modified":"2015-12-14T08:07:26","modified_gmt":"2015-12-14T08:07:26","slug":"wie-erstelle-ich-einen-html-newsletter","status":"publish","type":"page","link":"https:\/\/www.newslettercreator.com\/de\/wie-erstelle-ich-einen-html-newsletter\/","title":{"rendered":"Wie erstelle ich einen HTML Newsletter"},"content":{"rendered":"<p><img decoding=\"async\" class=\"alignnone size-full wp-image-237\" src=\"http:\/\/www.newslettercreator.com\/wp-content\/uploads\/2014\/02\/free-email-newsletter-template.jpg\" alt=\"Wie erstelle ich einen HTML Newsletter\" width=\"649\" height=\"423\" \/><\/p>\n<p><strong>Das Kreieren eines HTML Newsletters<\/strong> kann eine ziemliche Herausforderung sein, nicht nur, da es herausragende kreative F\u00e4higkeiten erfordert, sondern auch weil HTML f\u00fcr Newsletter einige Besonderheiten und bevorzugte Praktiken besitzt, die sich leicht von normalem Webdesign unterscheiden.<br \/>\nZum Beispiel ist es h\u00f6chst empfehlenswert &lt;div&gt; zu vermeiden, wenn m\u00f6glich, und <strong>Tabellen zu verwenden<\/strong> \u2013 sogar wenn Sie beim Erstellen einer Webseite weniger und weniger verwendet werden, sind sie immer noch die beste Garantie f\u00fcr einen <strong>guten Informationsfluss f\u00fcr Ihre E-Mail<\/strong>.<\/p>\n<p>Aber was, wenn Sie einen <strong>ordentlichen HTML Newsletter<\/strong> ohne Aufwand kreieren  wollen und Sie wissen nicht, wie man programmiert? Hier gibt es im Grunde drei Optionen: Sie k\u00f6nnen einen <strong>Webdesigner anheuern<\/strong> (dies kann aber teuer sein); Sie k\u00f6nnen ein Paket von fertig designten Vorlagen kaufen (aber diese werden recht allgemein sein); oder Sie k\u00f6nnen sich auf einen <strong>wirklich professionellen Newsletter-Ersteller<\/strong> wie MailStyler verlassen.<\/p>\n<p>Und hier der Grund, warum Letzteres die beste Wahl ist: Mit MailStyler werden Sie in der Lage sein, <strong>buchst\u00e4blich in Sekunden<\/strong> so viele Newsletter zu erstellen wie Sie m\u00f6chten, einfach durch Drag and Drop vorgefertigter Elemente auf eine leere Seite ziehen \u2013 Stein f\u00fcr Stein, wie eine Mauer. Eine breite Auswahl an Bausteinen (Spalten, Bildboxen, Textboxen, Footer, Header&#8230;) wird Ihre kreativen M\u00f6glichkeiten erweitern und Sie erstellen eine <strong>wirklich individuelle, einzigartige Vorlage<\/strong>. All das ohne zu wissen, wie man programmiert \u2013 sogar ohne zu wissen was Programmieren ist.<\/p>\n<p>Tats\u00e4chlich wurden alle unserer vorgefertigten Blocks sorgf\u00e4ltig von professionellen Designern in <strong>perfektem HTML<\/strong> erstellt, so dass Sie diese nach Belieben zusammenstellen k\u00f6nnen und einen Newsletter erhalten, der auf allen Mail-Clients <strong>perfekt lesbar<\/strong> ist. Dies bedeutet, dass Sie sich um die Kreativit\u00e4t und Erstellung Ihrer E-Mail nach Ihren W\u00fcnschen k\u00fcmmern, w\u00e4hrend wir uns bereits um den langweiligen Teil gek\u00fcmmert haben: die Programmierung.<\/p>\n<p>&nbsp;<\/p>\n<p style=\"text-align: center;\"><a class=\"button large orange\" style=\"margin-top: 20px; width: 157px; margin-right: 30px;\" title=\"Laden Die Demo\" href=\"http:\/\/www.newslettercreator.com\/de\/kostenlos-testen\/\" target=\"_self\">DEMO HERUNTERLADEN<\/a><a class=\"button large darkgray\" style=\"margin-top: 20px; width: 170px;\" title=\"Mailstyler Pro Kaufen\" href=\"http:\/\/www.newslettercreator.com\/de\/preise\/\" target=\"_self\">MAILSTYLER PRO KAUFEN<\/a><\/p>\n<p style=\"text-align: center; font-size: 11px; margin-bottom: 30px;\">Neueste Version: 2.24.01.17 | Gr\u00f6\u00dfe: 114.9 MB<br \/>Erscheinungsdatum: 17\/01\/2024<br \/><a href=\"http:\/\/www.newslettercreator.com\/de\/mailstyler-lizenzvereinbarung\/\" target=\"_blank\">Lizenzvereinbarung<\/a> | <a href=\"http:\/\/www.newslettercreator.com\/de\/wie-man-mailstyler-deinstalliert\/\" target=\"_blank\">Deinstallationsanleitung<\/a><\/p>\n","protected":false},"excerpt":{"rendered":"<p>Das Kreieren eines HTML Newsletters kann eine ziemliche Herausforderung sein, nicht nur, da es herausragende kreative F\u00e4higkeiten erfordert, sondern auch weil HTML f\u00fcr Newsletter einige Besonderheiten und bevorzugte Praktiken besitzt, die sich leicht von normalem Webdesign unterscheiden. Zum Beispiel ist es h\u00f6chst empfehlenswert &lt;div&gt; zu vermeiden, wenn m\u00f6glich, und Tabellen zu verwenden \u2013 sogar wenn [&hellip;]<\/p>\n","protected":false},"author":1,"featured_media":0,"parent":0,"menu_order":0,"comment_status":"closed","ping_status":"closed","template":"g1_template_page_sidebar_right.php","meta":{"inline_featured_image":false,"_monsterinsights_skip_tracking":false,"_monsterinsights_sitenote_active":false,"_monsterinsights_sitenote_note":"","_monsterinsights_sitenote_category":0,"footnotes":""},"class_list":["post-4150","page","type-page","status-publish"],"yoast_head":"<!-- This site is optimized with the Yoast SEO plugin v25.2 - https:\/\/yoast.com\/wordpress\/plugins\/seo\/ -->\n<title>Wie erstelle ich einen HTML Newsletter - Newsletter Creator<\/title>\n<meta name=\"robots\" content=\"index, follow, max-snippet:-1, max-image-preview:large, max-video-preview:-1\" \/>\n<link rel=\"canonical\" href=\"https:\/\/www.newslettercreator.com\/de\/wie-erstelle-ich-einen-html-newsletter\/\" \/>\n<meta property=\"og:locale\" content=\"de_DE\" \/>\n<meta property=\"og:type\" content=\"article\" \/>\n<meta property=\"og:title\" content=\"Wie erstelle ich einen HTML Newsletter - Newsletter Creator\" \/>\n<meta property=\"og:description\" content=\"Das Kreieren eines HTML Newsletters kann eine ziemliche Herausforderung sein, nicht nur, da es herausragende kreative F\u00e4higkeiten erfordert, sondern auch weil HTML f\u00fcr Newsletter einige Besonderheiten und bevorzugte Praktiken besitzt, die sich leicht von normalem Webdesign unterscheiden. Zum Beispiel ist es h\u00f6chst empfehlenswert &lt;div&gt; zu vermeiden, wenn m\u00f6glich, und Tabellen zu verwenden \u2013 sogar wenn [&hellip;]\" \/>\n<meta property=\"og:url\" content=\"https:\/\/www.newslettercreator.com\/de\/wie-erstelle-ich-einen-html-newsletter\/\" \/>\n<meta property=\"og:site_name\" content=\"Newsletter Creator\" \/>\n<meta property=\"og:image\" content=\"http:\/\/www.newslettercreator.com\/wp-content\/uploads\/2014\/02\/free-email-newsletter-template.jpg\" \/>\n<meta name=\"twitter:label1\" content=\"Gesch\u00e4tzte Lesezeit\" \/>\n\t<meta name=\"twitter:data1\" content=\"2\u00a0Minuten\" \/>\n<script type=\"application\/ld+json\" class=\"yoast-schema-graph\">{\"@context\":\"https:\/\/schema.org\",\"@graph\":[{\"@type\":\"WebPage\",\"@id\":\"https:\/\/www.newslettercreator.com\/de\/wie-erstelle-ich-einen-html-newsletter\/\",\"url\":\"https:\/\/www.newslettercreator.com\/de\/wie-erstelle-ich-einen-html-newsletter\/\",\"name\":\"Wie erstelle ich einen HTML Newsletter - Newsletter Creator\",\"isPartOf\":{\"@id\":\"https:\/\/www.newslettercreator.com\/#website\"},\"primaryImageOfPage\":{\"@id\":\"https:\/\/www.newslettercreator.com\/de\/wie-erstelle-ich-einen-html-newsletter\/#primaryimage\"},\"image\":{\"@id\":\"https:\/\/www.newslettercreator.com\/de\/wie-erstelle-ich-einen-html-newsletter\/#primaryimage\"},\"thumbnailUrl\":\"http:\/\/www.newslettercreator.com\/wp-content\/uploads\/2014\/02\/free-email-newsletter-template.jpg\",\"datePublished\":\"2015-12-14T08:07:26+00:00\",\"breadcrumb\":{\"@id\":\"https:\/\/www.newslettercreator.com\/de\/wie-erstelle-ich-einen-html-newsletter\/#breadcrumb\"},\"inLanguage\":\"de\",\"potentialAction\":[{\"@type\":\"ReadAction\",\"target\":[\"https:\/\/www.newslettercreator.com\/de\/wie-erstelle-ich-einen-html-newsletter\/\"]}]},{\"@type\":\"ImageObject\",\"inLanguage\":\"de\",\"@id\":\"https:\/\/www.newslettercreator.com\/de\/wie-erstelle-ich-einen-html-newsletter\/#primaryimage\",\"url\":\"http:\/\/www.newslettercreator.com\/wp-content\/uploads\/2014\/02\/free-email-newsletter-template.jpg\",\"contentUrl\":\"http:\/\/www.newslettercreator.com\/wp-content\/uploads\/2014\/02\/free-email-newsletter-template.jpg\"},{\"@type\":\"BreadcrumbList\",\"@id\":\"https:\/\/www.newslettercreator.com\/de\/wie-erstelle-ich-einen-html-newsletter\/#breadcrumb\",\"itemListElement\":[{\"@type\":\"ListItem\",\"position\":1,\"name\":\"Home\",\"item\":\"https:\/\/www.newslettercreator.com\/de\/\"},{\"@type\":\"ListItem\",\"position\":2,\"name\":\"Wie erstelle ich einen HTML Newsletter\"}]},{\"@type\":\"WebSite\",\"@id\":\"https:\/\/www.newslettercreator.com\/#website\",\"url\":\"https:\/\/www.newslettercreator.com\/\",\"name\":\"Newsletter Creator\",\"description\":\"Pay off\",\"potentialAction\":[{\"@type\":\"SearchAction\",\"target\":{\"@type\":\"EntryPoint\",\"urlTemplate\":\"https:\/\/www.newslettercreator.com\/?s={search_term_string}\"},\"query-input\":{\"@type\":\"PropertyValueSpecification\",\"valueRequired\":true,\"valueName\":\"search_term_string\"}}],\"inLanguage\":\"de\"}]}<\/script>\n<!-- \/ Yoast SEO plugin. -->","yoast_head_json":{"title":"Wie erstelle ich einen HTML Newsletter - Newsletter Creator","robots":{"index":"index","follow":"follow","max-snippet":"max-snippet:-1","max-image-preview":"max-image-preview:large","max-video-preview":"max-video-preview:-1"},"canonical":"https:\/\/www.newslettercreator.com\/de\/wie-erstelle-ich-einen-html-newsletter\/","og_locale":"de_DE","og_type":"article","og_title":"Wie erstelle ich einen HTML Newsletter - Newsletter Creator","og_description":"Das Kreieren eines HTML Newsletters kann eine ziemliche Herausforderung sein, nicht nur, da es herausragende kreative F\u00e4higkeiten erfordert, sondern auch weil HTML f\u00fcr Newsletter einige Besonderheiten und bevorzugte Praktiken besitzt, die sich leicht von normalem Webdesign unterscheiden. Zum Beispiel ist es h\u00f6chst empfehlenswert &lt;div&gt; zu vermeiden, wenn m\u00f6glich, und Tabellen zu verwenden \u2013 sogar wenn [&hellip;]","og_url":"https:\/\/www.newslettercreator.com\/de\/wie-erstelle-ich-einen-html-newsletter\/","og_site_name":"Newsletter Creator","og_image":[{"url":"http:\/\/www.newslettercreator.com\/wp-content\/uploads\/2014\/02\/free-email-newsletter-template.jpg","type":"","width":"","height":""}],"twitter_misc":{"Gesch\u00e4tzte Lesezeit":"2\u00a0Minuten"},"schema":{"@context":"https:\/\/schema.org","@graph":[{"@type":"WebPage","@id":"https:\/\/www.newslettercreator.com\/de\/wie-erstelle-ich-einen-html-newsletter\/","url":"https:\/\/www.newslettercreator.com\/de\/wie-erstelle-ich-einen-html-newsletter\/","name":"Wie erstelle ich einen HTML Newsletter - Newsletter Creator","isPartOf":{"@id":"https:\/\/www.newslettercreator.com\/#website"},"primaryImageOfPage":{"@id":"https:\/\/www.newslettercreator.com\/de\/wie-erstelle-ich-einen-html-newsletter\/#primaryimage"},"image":{"@id":"https:\/\/www.newslettercreator.com\/de\/wie-erstelle-ich-einen-html-newsletter\/#primaryimage"},"thumbnailUrl":"http:\/\/www.newslettercreator.com\/wp-content\/uploads\/2014\/02\/free-email-newsletter-template.jpg","datePublished":"2015-12-14T08:07:26+00:00","breadcrumb":{"@id":"https:\/\/www.newslettercreator.com\/de\/wie-erstelle-ich-einen-html-newsletter\/#breadcrumb"},"inLanguage":"de","potentialAction":[{"@type":"ReadAction","target":["https:\/\/www.newslettercreator.com\/de\/wie-erstelle-ich-einen-html-newsletter\/"]}]},{"@type":"ImageObject","inLanguage":"de","@id":"https:\/\/www.newslettercreator.com\/de\/wie-erstelle-ich-einen-html-newsletter\/#primaryimage","url":"http:\/\/www.newslettercreator.com\/wp-content\/uploads\/2014\/02\/free-email-newsletter-template.jpg","contentUrl":"http:\/\/www.newslettercreator.com\/wp-content\/uploads\/2014\/02\/free-email-newsletter-template.jpg"},{"@type":"BreadcrumbList","@id":"https:\/\/www.newslettercreator.com\/de\/wie-erstelle-ich-einen-html-newsletter\/#breadcrumb","itemListElement":[{"@type":"ListItem","position":1,"name":"Home","item":"https:\/\/www.newslettercreator.com\/de\/"},{"@type":"ListItem","position":2,"name":"Wie erstelle ich einen HTML Newsletter"}]},{"@type":"WebSite","@id":"https:\/\/www.newslettercreator.com\/#website","url":"https:\/\/www.newslettercreator.com\/","name":"Newsletter Creator","description":"Pay off","potentialAction":[{"@type":"SearchAction","target":{"@type":"EntryPoint","urlTemplate":"https:\/\/www.newslettercreator.com\/?s={search_term_string}"},"query-input":{"@type":"PropertyValueSpecification","valueRequired":true,"valueName":"search_term_string"}}],"inLanguage":"de"}]}},"_links":{"self":[{"href":"https:\/\/www.newslettercreator.com\/de\/wp-json\/wp\/v2\/pages\/4150","targetHints":{"allow":["GET"]}}],"collection":[{"href":"https:\/\/www.newslettercreator.com\/de\/wp-json\/wp\/v2\/pages"}],"about":[{"href":"https:\/\/www.newslettercreator.com\/de\/wp-json\/wp\/v2\/types\/page"}],"author":[{"embeddable":true,"href":"https:\/\/www.newslettercreator.com\/de\/wp-json\/wp\/v2\/users\/1"}],"replies":[{"embeddable":true,"href":"https:\/\/www.newslettercreator.com\/de\/wp-json\/wp\/v2\/comments?post=4150"}],"version-history":[{"count":1,"href":"https:\/\/www.newslettercreator.com\/de\/wp-json\/wp\/v2\/pages\/4150\/revisions"}],"predecessor-version":[{"id":4151,"href":"https:\/\/www.newslettercreator.com\/de\/wp-json\/wp\/v2\/pages\/4150\/revisions\/4151"}],"wp:attachment":[{"href":"https:\/\/www.newslettercreator.com\/de\/wp-json\/wp\/v2\/media?parent=4150"}],"curies":[{"name":"wp","href":"https:\/\/api.w.org\/{rel}","templated":true}]}}