{"id":4152,"date":"2015-12-14T08:12:42","date_gmt":"2015-12-14T08:12:42","guid":{"rendered":"http:\/\/www.newslettercreator.com\/de\/?page_id=4152"},"modified":"2015-12-14T08:12:42","modified_gmt":"2015-12-14T08:12:42","slug":"html-e-mail-anleitung","status":"publish","type":"page","link":"https:\/\/www.newslettercreator.com\/de\/html-e-mail-anleitung\/","title":{"rendered":"HTML E-Mail &#8211; Anleitung"},"content":{"rendered":"<p><img decoding=\"async\" class=\"alignnone size-full wp-image-237\" src=\"http:\/\/www.newslettercreator.com\/wp-content\/uploads\/2014\/03\/best-design-newsletter.jpg\" alt=\"HTML E-Mail - Anleitung\" width=\"649\" height=\"423\" \/><\/p>\n<p>Wie erstelle ich eine <strong>effektive HTML E-Mail<\/strong>? Das ist eine ziemlich h\u00e4ufige Frage. Ganz egal, wie viel Geplapper es \u00fcber soziale Netze und virales Marketing gibt, ein guter HTML Newsletter ist immer noch eine der <strong>besten Ressourcen<\/strong>, um Ihre Marke zu bewerben und in Kontakt mit Ihren Kunden zu bleiben. Insbesondere bleibt sein Kosten-Nutzen-Verh\u00e4ltnis exzellent.<\/p>\n<p>Also ist das Kreieren grundsolider HTML E-Mails das oberste Gebot f\u00fcr jeden digitalen Vermarkter. Und mit &#8222;grundsolide&#8220; meinen wir nicht nur, dass <strong>sein Code perfekt sein muss<\/strong>, es ist ebenso wichtig, dass Ihr Newsletter <strong>elegant und lesbar<\/strong> ist (auf allen Clients und Webmailern) und dass dessen Design Ihr <strong>Markenimage<\/strong> widerspiegelt.<\/p>\n<p>Nun zur\u00fcck zur ersten Frage: Um eine effektive HTML E-Mail zu erstellen, m\u00fcssen Sie <strong>sehr gut programmieren<\/strong> und die strengen, besonderen Regeln der E-Mail-Programmierung kennen, welche sich ziemlich vom klassischen Webdesign unterscheidet. So sollten Sie z.B. immer Tabellen nutzen, Ihr CSS inline platzieren (und es m\u00e4\u00dfig verwenden), <\/p>\n<div> Elemente m\u00f6glichst vermeiden etc. Dar\u00fcber hinaus m\u00fcssen Sie sich um die verschiedenen <strong>Darstellungsm\u00f6glichkeiten<\/strong> jedes Clients k\u00fcmmern. Sogar wenn Sie ein Programmierexperte sind, werden Sie trotzdem eine Menge Zeit damit verbringen, sich mit dem Herausfinden des richtigen Codes abzum\u00fchen.<\/p>\n<p>Aber jetzt k\u00f6nnen Sie <strong>Ihren eigenen<\/strong>, <strong>einzigartigen Marken-Newsletter<\/strong> mittels MailStyler kreieren.<\/p>\n<p>MailStylers Hauptkonzept besteht aus einem <strong>WYSIWYG E-Mail Ersteller<\/strong>, bei dem Sie frei aus einem Set von vorgefertigten Elementen und Bl\u00f6cken (Spalten, Footer, Textboxen etc.) w\u00e4hlen k\u00f6nnen und Ihr <strong>Layout Schritt f\u00fcr Schritt erstellen<\/strong> \u2013 in Echtzeit.<\/p>\n<p>Und da jeder dieser Bl\u00f6cke in <strong>makellosem HTML<\/strong> erstellt wurden, wird der fertige Newsletter immer <strong>perfekt dargestellt<\/strong> \u2013 egal, ob er auf Gmail, Thunderbird, Outlook, iPhone etc. ge\u00f6ffnet wird \u2013 und sichert ebenso die <strong>beste Zustellbarkeit<\/strong> in Puncto Design. Die Durchf\u00fchrung von Tests ist nicht mehr notwendig!<\/p>\n<p>Um sich inspirieren zu lassen, k\u00f6nnen Sie sich unsere <strong>Newsletter Beispiele<\/strong> anschauen und dann sofort mit der Kreation Ihrer eigenen HTML E-Mail beginnen.<\/p>\n<p>&nbsp;<\/p>\n<p style=\"text-align: center;\"><a class=\"button large orange\" style=\"margin-top: 20px; width: 157px; margin-right: 30px;\" title=\"Laden Die Demo\" href=\"http:\/\/www.newslettercreator.com\/de\/kostenlos-testen\/\" target=\"_self\">DEMO HERUNTERLADEN<\/a><a class=\"button large darkgray\" style=\"margin-top: 20px; width: 170px;\" title=\"Mailstyler Pro Kaufen\" href=\"http:\/\/www.newslettercreator.com\/de\/preise\/\" target=\"_self\">MAILSTYLER PRO KAUFEN<\/a><\/p>\n<p style=\"text-align: center; font-size: 11px; margin-bottom: 30px;\">Neueste Version: 2.24.01.17 | Gr\u00f6\u00dfe: 114.9 MB<br \/>Erscheinungsdatum: 17\/01\/2024<br \/><a href=\"http:\/\/www.newslettercreator.com\/de\/mailstyler-lizenzvereinbarung\/\" target=\"_blank\">Lizenzvereinbarung<\/a> | <a href=\"http:\/\/www.newslettercreator.com\/de\/wie-man-mailstyler-deinstalliert\/\" target=\"_blank\">Deinstallationsanleitung<\/a><\/p>\n","protected":false},"excerpt":{"rendered":"<p>Wie erstelle ich eine effektive HTML E-Mail? Das ist eine ziemlich h\u00e4ufige Frage. Ganz egal, wie viel Geplapper es \u00fcber soziale Netze und virales Marketing gibt, ein guter HTML Newsletter ist immer noch eine der besten Ressourcen, um Ihre Marke zu bewerben und in Kontakt mit Ihren Kunden zu bleiben. Insbesondere bleibt sein Kosten-Nutzen-Verh\u00e4ltnis exzellent. [&hellip;]<\/p>\n","protected":false},"author":1,"featured_media":0,"parent":0,"menu_order":0,"comment_status":"closed","ping_status":"closed","template":"g1_template_page_sidebar_right.php","meta":{"inline_featured_image":false,"_monsterinsights_skip_tracking":false,"_monsterinsights_sitenote_active":false,"_monsterinsights_sitenote_note":"","_monsterinsights_sitenote_category":0,"footnotes":""},"class_list":["post-4152","page","type-page","status-publish"],"yoast_head":"<!-- This site is optimized with the Yoast SEO plugin v25.2 - https:\/\/yoast.com\/wordpress\/plugins\/seo\/ -->\n<title>HTML E-Mail - Anleitung - Newsletter Creator<\/title>\n<meta name=\"robots\" content=\"index, follow, max-snippet:-1, max-image-preview:large, max-video-preview:-1\" \/>\n<link rel=\"canonical\" href=\"https:\/\/www.newslettercreator.com\/de\/html-e-mail-anleitung\/\" \/>\n<meta property=\"og:locale\" content=\"de_DE\" \/>\n<meta property=\"og:type\" content=\"article\" \/>\n<meta property=\"og:title\" content=\"HTML E-Mail - Anleitung - Newsletter Creator\" \/>\n<meta property=\"og:description\" content=\"Wie erstelle ich eine effektive HTML E-Mail? Das ist eine ziemlich h\u00e4ufige Frage. Ganz egal, wie viel Geplapper es \u00fcber soziale Netze und virales Marketing gibt, ein guter HTML Newsletter ist immer noch eine der besten Ressourcen, um Ihre Marke zu bewerben und in Kontakt mit Ihren Kunden zu bleiben. Insbesondere bleibt sein Kosten-Nutzen-Verh\u00e4ltnis exzellent. [&hellip;]\" \/>\n<meta property=\"og:url\" content=\"https:\/\/www.newslettercreator.com\/de\/html-e-mail-anleitung\/\" \/>\n<meta property=\"og:site_name\" content=\"Newsletter Creator\" \/>\n<meta property=\"og:image\" content=\"http:\/\/www.newslettercreator.com\/wp-content\/uploads\/2014\/03\/best-design-newsletter.jpg\" \/>\n<meta name=\"twitter:label1\" content=\"Gesch\u00e4tzte Lesezeit\" \/>\n\t<meta name=\"twitter:data1\" content=\"2\u00a0Minuten\" \/>\n<script type=\"application\/ld+json\" class=\"yoast-schema-graph\">{\"@context\":\"https:\/\/schema.org\",\"@graph\":[{\"@type\":\"WebPage\",\"@id\":\"https:\/\/www.newslettercreator.com\/de\/html-e-mail-anleitung\/\",\"url\":\"https:\/\/www.newslettercreator.com\/de\/html-e-mail-anleitung\/\",\"name\":\"HTML E-Mail - Anleitung - Newsletter Creator\",\"isPartOf\":{\"@id\":\"https:\/\/www.newslettercreator.com\/#website\"},\"primaryImageOfPage\":{\"@id\":\"https:\/\/www.newslettercreator.com\/de\/html-e-mail-anleitung\/#primaryimage\"},\"image\":{\"@id\":\"https:\/\/www.newslettercreator.com\/de\/html-e-mail-anleitung\/#primaryimage\"},\"thumbnailUrl\":\"http:\/\/www.newslettercreator.com\/wp-content\/uploads\/2014\/03\/best-design-newsletter.jpg\",\"datePublished\":\"2015-12-14T08:12:42+00:00\",\"breadcrumb\":{\"@id\":\"https:\/\/www.newslettercreator.com\/de\/html-e-mail-anleitung\/#breadcrumb\"},\"inLanguage\":\"de\",\"potentialAction\":[{\"@type\":\"ReadAction\",\"target\":[\"https:\/\/www.newslettercreator.com\/de\/html-e-mail-anleitung\/\"]}]},{\"@type\":\"ImageObject\",\"inLanguage\":\"de\",\"@id\":\"https:\/\/www.newslettercreator.com\/de\/html-e-mail-anleitung\/#primaryimage\",\"url\":\"http:\/\/www.newslettercreator.com\/wp-content\/uploads\/2014\/03\/best-design-newsletter.jpg\",\"contentUrl\":\"http:\/\/www.newslettercreator.com\/wp-content\/uploads\/2014\/03\/best-design-newsletter.jpg\"},{\"@type\":\"BreadcrumbList\",\"@id\":\"https:\/\/www.newslettercreator.com\/de\/html-e-mail-anleitung\/#breadcrumb\",\"itemListElement\":[{\"@type\":\"ListItem\",\"position\":1,\"name\":\"Home\",\"item\":\"https:\/\/www.newslettercreator.com\/de\/\"},{\"@type\":\"ListItem\",\"position\":2,\"name\":\"HTML E-Mail &#8211; Anleitung\"}]},{\"@type\":\"WebSite\",\"@id\":\"https:\/\/www.newslettercreator.com\/#website\",\"url\":\"https:\/\/www.newslettercreator.com\/\",\"name\":\"Newsletter Creator\",\"description\":\"Pay off\",\"potentialAction\":[{\"@type\":\"SearchAction\",\"target\":{\"@type\":\"EntryPoint\",\"urlTemplate\":\"https:\/\/www.newslettercreator.com\/?s={search_term_string}\"},\"query-input\":{\"@type\":\"PropertyValueSpecification\",\"valueRequired\":true,\"valueName\":\"search_term_string\"}}],\"inLanguage\":\"de\"}]}<\/script>\n<!-- \/ Yoast SEO plugin. -->","yoast_head_json":{"title":"HTML E-Mail - Anleitung - Newsletter Creator","robots":{"index":"index","follow":"follow","max-snippet":"max-snippet:-1","max-image-preview":"max-image-preview:large","max-video-preview":"max-video-preview:-1"},"canonical":"https:\/\/www.newslettercreator.com\/de\/html-e-mail-anleitung\/","og_locale":"de_DE","og_type":"article","og_title":"HTML E-Mail - Anleitung - Newsletter Creator","og_description":"Wie erstelle ich eine effektive HTML E-Mail? Das ist eine ziemlich h\u00e4ufige Frage. Ganz egal, wie viel Geplapper es \u00fcber soziale Netze und virales Marketing gibt, ein guter HTML Newsletter ist immer noch eine der besten Ressourcen, um Ihre Marke zu bewerben und in Kontakt mit Ihren Kunden zu bleiben. Insbesondere bleibt sein Kosten-Nutzen-Verh\u00e4ltnis exzellent. [&hellip;]","og_url":"https:\/\/www.newslettercreator.com\/de\/html-e-mail-anleitung\/","og_site_name":"Newsletter Creator","og_image":[{"url":"http:\/\/www.newslettercreator.com\/wp-content\/uploads\/2014\/03\/best-design-newsletter.jpg","type":"","width":"","height":""}],"twitter_misc":{"Gesch\u00e4tzte Lesezeit":"2\u00a0Minuten"},"schema":{"@context":"https:\/\/schema.org","@graph":[{"@type":"WebPage","@id":"https:\/\/www.newslettercreator.com\/de\/html-e-mail-anleitung\/","url":"https:\/\/www.newslettercreator.com\/de\/html-e-mail-anleitung\/","name":"HTML E-Mail - Anleitung - Newsletter Creator","isPartOf":{"@id":"https:\/\/www.newslettercreator.com\/#website"},"primaryImageOfPage":{"@id":"https:\/\/www.newslettercreator.com\/de\/html-e-mail-anleitung\/#primaryimage"},"image":{"@id":"https:\/\/www.newslettercreator.com\/de\/html-e-mail-anleitung\/#primaryimage"},"thumbnailUrl":"http:\/\/www.newslettercreator.com\/wp-content\/uploads\/2014\/03\/best-design-newsletter.jpg","datePublished":"2015-12-14T08:12:42+00:00","breadcrumb":{"@id":"https:\/\/www.newslettercreator.com\/de\/html-e-mail-anleitung\/#breadcrumb"},"inLanguage":"de","potentialAction":[{"@type":"ReadAction","target":["https:\/\/www.newslettercreator.com\/de\/html-e-mail-anleitung\/"]}]},{"@type":"ImageObject","inLanguage":"de","@id":"https:\/\/www.newslettercreator.com\/de\/html-e-mail-anleitung\/#primaryimage","url":"http:\/\/www.newslettercreator.com\/wp-content\/uploads\/2014\/03\/best-design-newsletter.jpg","contentUrl":"http:\/\/www.newslettercreator.com\/wp-content\/uploads\/2014\/03\/best-design-newsletter.jpg"},{"@type":"BreadcrumbList","@id":"https:\/\/www.newslettercreator.com\/de\/html-e-mail-anleitung\/#breadcrumb","itemListElement":[{"@type":"ListItem","position":1,"name":"Home","item":"https:\/\/www.newslettercreator.com\/de\/"},{"@type":"ListItem","position":2,"name":"HTML E-Mail &#8211; Anleitung"}]},{"@type":"WebSite","@id":"https:\/\/www.newslettercreator.com\/#website","url":"https:\/\/www.newslettercreator.com\/","name":"Newsletter Creator","description":"Pay off","potentialAction":[{"@type":"SearchAction","target":{"@type":"EntryPoint","urlTemplate":"https:\/\/www.newslettercreator.com\/?s={search_term_string}"},"query-input":{"@type":"PropertyValueSpecification","valueRequired":true,"valueName":"search_term_string"}}],"inLanguage":"de"}]}},"_links":{"self":[{"href":"https:\/\/www.newslettercreator.com\/de\/wp-json\/wp\/v2\/pages\/4152","targetHints":{"allow":["GET"]}}],"collection":[{"href":"https:\/\/www.newslettercreator.com\/de\/wp-json\/wp\/v2\/pages"}],"about":[{"href":"https:\/\/www.newslettercreator.com\/de\/wp-json\/wp\/v2\/types\/page"}],"author":[{"embeddable":true,"href":"https:\/\/www.newslettercreator.com\/de\/wp-json\/wp\/v2\/users\/1"}],"replies":[{"embeddable":true,"href":"https:\/\/www.newslettercreator.com\/de\/wp-json\/wp\/v2\/comments?post=4152"}],"version-history":[{"count":1,"href":"https:\/\/www.newslettercreator.com\/de\/wp-json\/wp\/v2\/pages\/4152\/revisions"}],"predecessor-version":[{"id":4153,"href":"https:\/\/www.newslettercreator.com\/de\/wp-json\/wp\/v2\/pages\/4152\/revisions\/4153"}],"wp:attachment":[{"href":"https:\/\/www.newslettercreator.com\/de\/wp-json\/wp\/v2\/media?parent=4152"}],"curies":[{"name":"wp","href":"https:\/\/api.w.org\/{rel}","templated":true}]}}