{"id":4154,"date":"2015-12-14T08:16:01","date_gmt":"2015-12-14T08:16:01","guid":{"rendered":"http:\/\/www.newslettercreator.com\/de\/?page_id=4154"},"modified":"2015-12-14T08:16:01","modified_gmt":"2015-12-14T08:16:01","slug":"wie-erstelle-ich-die-beste-html-e-mail-nachricht","status":"publish","type":"page","link":"https:\/\/www.newslettercreator.com\/de\/wie-erstelle-ich-die-beste-html-e-mail-nachricht\/","title":{"rendered":"Wie erstelle ich die beste HTML E-Mail-Nachricht?"},"content":{"rendered":"<p><img decoding=\"async\" class=\"alignnone size-full wp-image-237\" src=\"http:\/\/www.newslettercreator.com\/wp-content\/uploads\/2014\/02\/email-newsletter-template-how-to.jpg\" alt=\"Wie erstelle ich die beste HTML E-Mail-Nachricht?\" width=\"649\" height=\"423\" srcset=\"https:\/\/www.newslettercreator.com\/wp-content\/uploads\/2014\/02\/email-newsletter-template-how-to.jpg 649w, https:\/\/www.newslettercreator.com\/wp-content\/uploads\/2014\/02\/email-newsletter-template-how-to-300x195.jpg 300w\" sizes=\"(max-width: 649px) 100vw, 649px\" \/><\/p>\n<p>Ganz egal, was die Leute sagen, <strong>HTML E-Mails<\/strong> sind immer noch ein faszinierender Weg, um mit Ihren Kunden in Kontakt zu bleiben und Ihre Marke zu bewerben. Darum ist es so wichtig, die <strong>beste HTML E-Mail-Nachricht<\/strong> f\u00fcr Ihre Bed\u00fcrfnisse zu kreieren \u2013 eine ma\u00dfgefertigte, wiedererkennbare Newsletter Vorlage, die eine perfekte Lesbarkeit auf jeder Plattform und jedem Mail-Client garantiert.<\/p>\n<p>Nun, um solch eine HTML E-Mail zu erstellen, m\u00fcssen Sie offensichtlich wissen, wie man programmiert und im Besonderen, wie man diesen bestimmten Typ eines digitalen Objekts programmiert. Und das kann tricky sein. Tats\u00e4chlich besitzt <strong>HTML f\u00fcr Newsletter<\/strong> recht unterschiedliche beste Praktiken verglichen mit normalem Webdesign. So wird beispielsweise empfohlen, den Code so einfach wie m\u00f6glich zu halten und nur Inline-CSS zu verwenden, Ihren Inhalt mittels Tabellen zu strukturieren (Jupp, Tabellen) und jegliche <\/p>\n<div> Tags zu vermeiden (Gmail entfernt diese), etc.<\/p>\n<p>Zum Gl\u00fcck gibt es eine einfach L\u00f6sung sowohl f\u00fcr den Webdesign-Experten als auch den absoluten Anf\u00e4nger: MailStyler. Unser <strong>WYSIWYG Newsletter Creator<\/strong> erlaubt Ihnen die Zusammenstellung verbl\u00fcffender HTML E-Mails ohne Programmierung. Wir bieten eine umfangreiche Auswahl an vorgefertigten Bl\u00f6cken und Elementen (Inhaltsboxen, Footer, Header, alle unterschiedlich gestylt) und Sie m\u00fcssen nur die gew\u00fcnschten per <strong>Drag and Drop<\/strong> ausw\u00e4hlen. Dadurch erstellen Sie Ihren Newsletter Schritt f\u00fcr Schritt und sobald dieser fertig ist, k\u00f6nnen Sie diesen exportieren und in Ihrem bevorzugten Client verwenden.<\/p>\n<p>Dar\u00fcber hinaus \u2013 und das ist der beste Teil daran \u2013 wird, da alle diese vorher designten Bl\u00f6cke gr\u00fcndlich in perfektem HTML erstellt wurden, das Ergebnis immer ein <strong>meisterhaft programmierter Newsletter<\/strong> sein. Was bedeutet, dass dieser, egal wo er ge\u00f6ffnet wird, gro\u00dfartig aussehen und auf gleiche Weise dargestellt wird, sei es in Webmailern wie Gmail oder Hotmail, einem Client wie Thunderbird oder Outlook oder Ihrem Lieblings-Tablet und der Smartphone-App.<\/p>\n<p>&nbsp;<\/p>\n<p style=\"text-align: center;\"><a class=\"button large orange\" style=\"margin-top: 20px; width: 157px; margin-right: 30px;\" title=\"Laden Die Demo\" href=\"http:\/\/www.newslettercreator.com\/de\/kostenlos-testen\/\" target=\"_self\">DEMO HERUNTERLADEN<\/a><a class=\"button large darkgray\" style=\"margin-top: 20px; width: 170px;\" title=\"Mailstyler Pro Kaufen\" href=\"http:\/\/www.newslettercreator.com\/de\/preise\/\" target=\"_self\">MAILSTYLER PRO KAUFEN<\/a><\/p>\n<p style=\"text-align: center; font-size: 11px; margin-bottom: 30px;\">Neueste Version: 2.24.01.17 | Gr\u00f6\u00dfe: 114.9 MB<br \/>Erscheinungsdatum: 17\/01\/2024<br \/><a href=\"http:\/\/www.newslettercreator.com\/de\/mailstyler-lizenzvereinbarung\/\" target=\"_blank\">Lizenzvereinbarung<\/a> | <a href=\"http:\/\/www.newslettercreator.com\/de\/wie-man-mailstyler-deinstalliert\/\" target=\"_blank\">Deinstallationsanleitung<\/a><\/p>\n","protected":false},"excerpt":{"rendered":"<p>Ganz egal, was die Leute sagen, HTML E-Mails sind immer noch ein faszinierender Weg, um mit Ihren Kunden in Kontakt zu bleiben und Ihre Marke zu bewerben. Darum ist es so wichtig, die beste HTML E-Mail-Nachricht f\u00fcr Ihre Bed\u00fcrfnisse zu kreieren \u2013 eine ma\u00dfgefertigte, wiedererkennbare Newsletter Vorlage, die eine perfekte Lesbarkeit auf jeder Plattform und [&hellip;]<\/p>\n","protected":false},"author":1,"featured_media":0,"parent":0,"menu_order":0,"comment_status":"closed","ping_status":"closed","template":"g1_template_page_sidebar_right.php","meta":{"inline_featured_image":false,"_monsterinsights_skip_tracking":false,"_monsterinsights_sitenote_active":false,"_monsterinsights_sitenote_note":"","_monsterinsights_sitenote_category":0,"footnotes":""},"class_list":["post-4154","page","type-page","status-publish"],"yoast_head":"<!-- This site is optimized with the Yoast SEO plugin v25.2 - https:\/\/yoast.com\/wordpress\/plugins\/seo\/ -->\n<title>Wie erstelle ich die beste HTML E-Mail-Nachricht? - Newsletter Creator<\/title>\n<meta name=\"robots\" content=\"index, follow, max-snippet:-1, max-image-preview:large, max-video-preview:-1\" \/>\n<link rel=\"canonical\" href=\"https:\/\/www.newslettercreator.com\/de\/wie-erstelle-ich-die-beste-html-e-mail-nachricht\/\" \/>\n<meta property=\"og:locale\" content=\"de_DE\" \/>\n<meta property=\"og:type\" content=\"article\" \/>\n<meta property=\"og:title\" content=\"Wie erstelle ich die beste HTML E-Mail-Nachricht? - Newsletter Creator\" \/>\n<meta property=\"og:description\" content=\"Ganz egal, was die Leute sagen, HTML E-Mails sind immer noch ein faszinierender Weg, um mit Ihren Kunden in Kontakt zu bleiben und Ihre Marke zu bewerben. Darum ist es so wichtig, die beste HTML E-Mail-Nachricht f\u00fcr Ihre Bed\u00fcrfnisse zu kreieren \u2013 eine ma\u00dfgefertigte, wiedererkennbare Newsletter Vorlage, die eine perfekte Lesbarkeit auf jeder Plattform und [&hellip;]\" \/>\n<meta property=\"og:url\" content=\"https:\/\/www.newslettercreator.com\/de\/wie-erstelle-ich-die-beste-html-e-mail-nachricht\/\" \/>\n<meta property=\"og:site_name\" content=\"Newsletter Creator\" \/>\n<meta property=\"og:image\" content=\"http:\/\/www.newslettercreator.com\/wp-content\/uploads\/2014\/02\/email-newsletter-template-how-to.jpg\" \/>\n<meta name=\"twitter:label1\" content=\"Gesch\u00e4tzte Lesezeit\" \/>\n\t<meta name=\"twitter:data1\" content=\"2\u00a0Minuten\" \/>\n<script type=\"application\/ld+json\" class=\"yoast-schema-graph\">{\"@context\":\"https:\/\/schema.org\",\"@graph\":[{\"@type\":\"WebPage\",\"@id\":\"https:\/\/www.newslettercreator.com\/de\/wie-erstelle-ich-die-beste-html-e-mail-nachricht\/\",\"url\":\"https:\/\/www.newslettercreator.com\/de\/wie-erstelle-ich-die-beste-html-e-mail-nachricht\/\",\"name\":\"Wie erstelle ich die beste HTML E-Mail-Nachricht? - Newsletter Creator\",\"isPartOf\":{\"@id\":\"https:\/\/www.newslettercreator.com\/#website\"},\"primaryImageOfPage\":{\"@id\":\"https:\/\/www.newslettercreator.com\/de\/wie-erstelle-ich-die-beste-html-e-mail-nachricht\/#primaryimage\"},\"image\":{\"@id\":\"https:\/\/www.newslettercreator.com\/de\/wie-erstelle-ich-die-beste-html-e-mail-nachricht\/#primaryimage\"},\"thumbnailUrl\":\"http:\/\/www.newslettercreator.com\/wp-content\/uploads\/2014\/02\/email-newsletter-template-how-to.jpg\",\"datePublished\":\"2015-12-14T08:16:01+00:00\",\"breadcrumb\":{\"@id\":\"https:\/\/www.newslettercreator.com\/de\/wie-erstelle-ich-die-beste-html-e-mail-nachricht\/#breadcrumb\"},\"inLanguage\":\"de\",\"potentialAction\":[{\"@type\":\"ReadAction\",\"target\":[\"https:\/\/www.newslettercreator.com\/de\/wie-erstelle-ich-die-beste-html-e-mail-nachricht\/\"]}]},{\"@type\":\"ImageObject\",\"inLanguage\":\"de\",\"@id\":\"https:\/\/www.newslettercreator.com\/de\/wie-erstelle-ich-die-beste-html-e-mail-nachricht\/#primaryimage\",\"url\":\"http:\/\/www.newslettercreator.com\/wp-content\/uploads\/2014\/02\/email-newsletter-template-how-to.jpg\",\"contentUrl\":\"http:\/\/www.newslettercreator.com\/wp-content\/uploads\/2014\/02\/email-newsletter-template-how-to.jpg\"},{\"@type\":\"BreadcrumbList\",\"@id\":\"https:\/\/www.newslettercreator.com\/de\/wie-erstelle-ich-die-beste-html-e-mail-nachricht\/#breadcrumb\",\"itemListElement\":[{\"@type\":\"ListItem\",\"position\":1,\"name\":\"Home\",\"item\":\"https:\/\/www.newslettercreator.com\/de\/\"},{\"@type\":\"ListItem\",\"position\":2,\"name\":\"Wie erstelle ich die beste HTML E-Mail-Nachricht?\"}]},{\"@type\":\"WebSite\",\"@id\":\"https:\/\/www.newslettercreator.com\/#website\",\"url\":\"https:\/\/www.newslettercreator.com\/\",\"name\":\"Newsletter Creator\",\"description\":\"Pay off\",\"potentialAction\":[{\"@type\":\"SearchAction\",\"target\":{\"@type\":\"EntryPoint\",\"urlTemplate\":\"https:\/\/www.newslettercreator.com\/?s={search_term_string}\"},\"query-input\":{\"@type\":\"PropertyValueSpecification\",\"valueRequired\":true,\"valueName\":\"search_term_string\"}}],\"inLanguage\":\"de\"}]}<\/script>\n<!-- \/ Yoast SEO plugin. -->","yoast_head_json":{"title":"Wie erstelle ich die beste HTML E-Mail-Nachricht? - Newsletter Creator","robots":{"index":"index","follow":"follow","max-snippet":"max-snippet:-1","max-image-preview":"max-image-preview:large","max-video-preview":"max-video-preview:-1"},"canonical":"https:\/\/www.newslettercreator.com\/de\/wie-erstelle-ich-die-beste-html-e-mail-nachricht\/","og_locale":"de_DE","og_type":"article","og_title":"Wie erstelle ich die beste HTML E-Mail-Nachricht? - Newsletter Creator","og_description":"Ganz egal, was die Leute sagen, HTML E-Mails sind immer noch ein faszinierender Weg, um mit Ihren Kunden in Kontakt zu bleiben und Ihre Marke zu bewerben. Darum ist es so wichtig, die beste HTML E-Mail-Nachricht f\u00fcr Ihre Bed\u00fcrfnisse zu kreieren \u2013 eine ma\u00dfgefertigte, wiedererkennbare Newsletter Vorlage, die eine perfekte Lesbarkeit auf jeder Plattform und [&hellip;]","og_url":"https:\/\/www.newslettercreator.com\/de\/wie-erstelle-ich-die-beste-html-e-mail-nachricht\/","og_site_name":"Newsletter Creator","og_image":[{"url":"http:\/\/www.newslettercreator.com\/wp-content\/uploads\/2014\/02\/email-newsletter-template-how-to.jpg","type":"","width":"","height":""}],"twitter_misc":{"Gesch\u00e4tzte Lesezeit":"2\u00a0Minuten"},"schema":{"@context":"https:\/\/schema.org","@graph":[{"@type":"WebPage","@id":"https:\/\/www.newslettercreator.com\/de\/wie-erstelle-ich-die-beste-html-e-mail-nachricht\/","url":"https:\/\/www.newslettercreator.com\/de\/wie-erstelle-ich-die-beste-html-e-mail-nachricht\/","name":"Wie erstelle ich die beste HTML E-Mail-Nachricht? - Newsletter Creator","isPartOf":{"@id":"https:\/\/www.newslettercreator.com\/#website"},"primaryImageOfPage":{"@id":"https:\/\/www.newslettercreator.com\/de\/wie-erstelle-ich-die-beste-html-e-mail-nachricht\/#primaryimage"},"image":{"@id":"https:\/\/www.newslettercreator.com\/de\/wie-erstelle-ich-die-beste-html-e-mail-nachricht\/#primaryimage"},"thumbnailUrl":"http:\/\/www.newslettercreator.com\/wp-content\/uploads\/2014\/02\/email-newsletter-template-how-to.jpg","datePublished":"2015-12-14T08:16:01+00:00","breadcrumb":{"@id":"https:\/\/www.newslettercreator.com\/de\/wie-erstelle-ich-die-beste-html-e-mail-nachricht\/#breadcrumb"},"inLanguage":"de","potentialAction":[{"@type":"ReadAction","target":["https:\/\/www.newslettercreator.com\/de\/wie-erstelle-ich-die-beste-html-e-mail-nachricht\/"]}]},{"@type":"ImageObject","inLanguage":"de","@id":"https:\/\/www.newslettercreator.com\/de\/wie-erstelle-ich-die-beste-html-e-mail-nachricht\/#primaryimage","url":"http:\/\/www.newslettercreator.com\/wp-content\/uploads\/2014\/02\/email-newsletter-template-how-to.jpg","contentUrl":"http:\/\/www.newslettercreator.com\/wp-content\/uploads\/2014\/02\/email-newsletter-template-how-to.jpg"},{"@type":"BreadcrumbList","@id":"https:\/\/www.newslettercreator.com\/de\/wie-erstelle-ich-die-beste-html-e-mail-nachricht\/#breadcrumb","itemListElement":[{"@type":"ListItem","position":1,"name":"Home","item":"https:\/\/www.newslettercreator.com\/de\/"},{"@type":"ListItem","position":2,"name":"Wie erstelle ich die beste HTML E-Mail-Nachricht?"}]},{"@type":"WebSite","@id":"https:\/\/www.newslettercreator.com\/#website","url":"https:\/\/www.newslettercreator.com\/","name":"Newsletter Creator","description":"Pay off","potentialAction":[{"@type":"SearchAction","target":{"@type":"EntryPoint","urlTemplate":"https:\/\/www.newslettercreator.com\/?s={search_term_string}"},"query-input":{"@type":"PropertyValueSpecification","valueRequired":true,"valueName":"search_term_string"}}],"inLanguage":"de"}]}},"_links":{"self":[{"href":"https:\/\/www.newslettercreator.com\/de\/wp-json\/wp\/v2\/pages\/4154","targetHints":{"allow":["GET"]}}],"collection":[{"href":"https:\/\/www.newslettercreator.com\/de\/wp-json\/wp\/v2\/pages"}],"about":[{"href":"https:\/\/www.newslettercreator.com\/de\/wp-json\/wp\/v2\/types\/page"}],"author":[{"embeddable":true,"href":"https:\/\/www.newslettercreator.com\/de\/wp-json\/wp\/v2\/users\/1"}],"replies":[{"embeddable":true,"href":"https:\/\/www.newslettercreator.com\/de\/wp-json\/wp\/v2\/comments?post=4154"}],"version-history":[{"count":1,"href":"https:\/\/www.newslettercreator.com\/de\/wp-json\/wp\/v2\/pages\/4154\/revisions"}],"predecessor-version":[{"id":4155,"href":"https:\/\/www.newslettercreator.com\/de\/wp-json\/wp\/v2\/pages\/4154\/revisions\/4155"}],"wp:attachment":[{"href":"https:\/\/www.newslettercreator.com\/de\/wp-json\/wp\/v2\/media?parent=4154"}],"curies":[{"name":"wp","href":"https:\/\/api.w.org\/{rel}","templated":true}]}}