{"id":4157,"date":"2015-12-14T08:26:26","date_gmt":"2015-12-14T08:26:26","guid":{"rendered":"http:\/\/www.newslettercreator.com\/de\/?page_id=4157"},"modified":"2021-05-07T09:04:49","modified_gmt":"2021-05-07T07:04:49","slug":"wie-eine-e-mail-vorlage-fuer-outlook-erstellen","status":"publish","type":"page","link":"https:\/\/www.newslettercreator.com\/de\/wie-eine-e-mail-vorlage-fuer-outlook-erstellen\/","title":{"rendered":"Wie eine E-Mail Vorlage f\u00fcr Outlook erstellen?"},"content":{"rendered":"<p><img decoding=\"async\" class=\"alignnone size-full wp-image-237\" src=\"http:\/\/www.newslettercreator.com\/wp-content\/uploads\/2014\/06\/email-template-outlook.jpg\" alt=\"Wie eine E-Mail Vorlage f\u00fcr Outlook erstellen?\" width=\"649\" height=\"423\" \/><\/p>\n<p>Das Kreieren einer <strong>E-Mail Vorlage f\u00fcr Outlook<\/strong> ist eine gute Idee, um Zeit zu sparen, wenn es um Newsletter f\u00fcr wiederkehrende Nachrichten geht (z.B. ein Empfehlungsschreiben, eine Ank\u00fcndigung, ein Marketing-Hinweis), anstatt die immer gleiche E-Mail von Anfang an neu zu erstellen. Sie haben ein abgespeichertes Layout, das mit neuen Informationen gef\u00fcllt werden kann.<\/p>\n<p>Nat\u00fcrlich ist es m\u00f6glich, Ihre eigene Vorlage in Outlook selbst zu erstellen, aber es ist ein <strong>ziemlich beschr\u00e4nktes Tool<\/strong> von diesem Gesichtspunkt aus. Da es ein Client und kein E-Mail-Editor ist, sind die Ergebnisse im Allgemeinen <strong>sehr, sehr bescheiden<\/strong>. Insbesondere ist es ziemlich schwer Bilder, Spalten und all die anderen Aspekte zu verwalten, die \u00fcblicherweise den Unterschied ausmachen. Der Versuch, mit Outlook &#8222;kreativ&#8220; zu sein, kann zu ziemlich billigen E-Mails f\u00fchren&#8230;<\/p>\n<p>Wenn Sie also etwas Ansprechenderes erstellen wollen, ist es am besten, sich auf einen <strong><a title=\"Mailstyler Pro Kaufen\" href=\"http:\/\/www.newslettercreator.com\/de\/preise\/\">professionellen Newsletter Creator<\/a><\/strong> zu verlassen. MailStyler insbesondere bietet Ihnen eine breite Palette an sch\u00f6nen vorgefertigten Blocks und Boxen an, die mit einer einfachen Serie von <strong>Drag and Drop<\/strong> zusammengef\u00fcgt werden. Es ist unm\u00f6glich etwas verkehrt zu machen, sogar wenn Sie nichts \u00fcber E-Mail-Design wissen, wird Ihr Newsletter <strong>immer atemberaubend aussehen<\/strong>.<\/p>\n<p>Dar\u00fcber hinaus garantiert MailStyler ein <strong>perfektes HTML Ergebnis<\/strong>. W\u00e4hrend das Erstellen mit Outlook einen schlechten Source-Code erzeugen kann, der auf einigen Mail-Clients schlecht dargestellt wird, werden alle mit MailStyler kreierten Newsletter auf allen Ger\u00e4ten <strong>perfekt lesbar<\/strong> sein. All das, ohne eine einzelne Zeile Code zu schreiben.<\/p>\n<p>Sobald Sie Ihre Newsletter Vorlage kreiert haben, k\u00f6nnen Sie diese mit einem Klick exportieren und dann <strong>diese direkt in Outlook importieren<\/strong>, wo Sie in der Lage sein werden, Text und Bilder nach Belieben zu modifizieren und dann an Ihre User zu senden. Es ist wirklich so einfach und effektiv.<\/p>\n<p>&nbsp;<\/p>\n<p style=\"text-align: center;\"><a class=\"button large orange\" style=\"margin-top: 20px; width: 157px; margin-right: 30px;\" title=\"Laden Die Demo\" href=\"http:\/\/www.newslettercreator.com\/de\/kostenlos-testen\/\" target=\"_self\" rel=\"noopener noreferrer\">DEMO HERUNTERLADEN<\/a><a class=\"button large darkgray\" style=\"margin-top: 20px; width: 170px;\" title=\"Mailstyler Pro Kaufen\" href=\"http:\/\/www.newslettercreator.com\/de\/preise\/\" target=\"_self\" rel=\"noopener noreferrer\">MAILSTYLER PRO KAUFEN<\/a><\/p>\n<p style=\"text-align: center; font-size: 11px; margin-bottom: 30px;\">Neueste Version: 2.24.01.17 | Gr\u00f6\u00dfe: 114.9 MB<br \/>Erscheinungsdatum: 17\/01\/2024<br \/><a href=\"http:\/\/www.newslettercreator.com\/de\/mailstyler-lizenzvereinbarung\/\" target=\"_blank\" rel=\"noopener noreferrer\">Lizenzvereinbarung<\/a> | <a href=\"http:\/\/www.newslettercreator.com\/de\/wie-man-mailstyler-deinstalliert\/\" target=\"_blank\" rel=\"noopener noreferrer\">Deinstallationsanleitung<\/a><\/p>\n","protected":false},"excerpt":{"rendered":"<p>Das Kreieren einer E-Mail Vorlage f\u00fcr Outlook ist eine gute Idee, um Zeit zu sparen, wenn es um Newsletter f\u00fcr wiederkehrende Nachrichten geht (z.B. ein Empfehlungsschreiben, eine Ank\u00fcndigung, ein Marketing-Hinweis), anstatt die immer gleiche E-Mail von Anfang an neu zu erstellen. Sie haben ein abgespeichertes Layout, das mit neuen Informationen gef\u00fcllt werden kann. Nat\u00fcrlich ist [&hellip;]<\/p>\n","protected":false},"author":1,"featured_media":0,"parent":0,"menu_order":0,"comment_status":"closed","ping_status":"closed","template":"g1_template_page_sidebar_right.php","meta":{"inline_featured_image":false,"_monsterinsights_skip_tracking":false,"_monsterinsights_sitenote_active":false,"_monsterinsights_sitenote_note":"","_monsterinsights_sitenote_category":0,"footnotes":""},"class_list":["post-4157","page","type-page","status-publish"],"yoast_head":"<!-- This site is optimized with the Yoast SEO plugin v25.2 - https:\/\/yoast.com\/wordpress\/plugins\/seo\/ -->\n<title>Wie eine E-Mail Vorlage f\u00fcr Outlook erstellen? - Newsletter Creator<\/title>\n<meta name=\"description\" content=\"Ungl\u00fccklicherweise ist Outlook als Vorlagen-Ersteller extrem beschr\u00e4nkt. Wenn Sie sollten Sie sich f\u00fcr einen E-Mail-Baukasten wie MailStyler entscheiden\" \/>\n<meta name=\"robots\" content=\"index, follow, max-snippet:-1, max-image-preview:large, max-video-preview:-1\" \/>\n<link rel=\"canonical\" href=\"https:\/\/www.newslettercreator.com\/de\/wie-eine-e-mail-vorlage-fuer-outlook-erstellen\/\" \/>\n<meta property=\"og:locale\" content=\"de_DE\" \/>\n<meta property=\"og:type\" content=\"article\" \/>\n<meta property=\"og:title\" content=\"Wie eine E-Mail Vorlage f\u00fcr Outlook erstellen? - Newsletter Creator\" \/>\n<meta property=\"og:description\" content=\"Ungl\u00fccklicherweise ist Outlook als Vorlagen-Ersteller extrem beschr\u00e4nkt. Wenn Sie sollten Sie sich f\u00fcr einen E-Mail-Baukasten wie MailStyler entscheiden\" \/>\n<meta property=\"og:url\" content=\"https:\/\/www.newslettercreator.com\/de\/wie-eine-e-mail-vorlage-fuer-outlook-erstellen\/\" \/>\n<meta property=\"og:site_name\" content=\"Newsletter Creator\" \/>\n<meta property=\"article:modified_time\" content=\"2021-05-07T07:04:49+00:00\" \/>\n<meta property=\"og:image\" content=\"http:\/\/www.newslettercreator.com\/wp-content\/uploads\/2014\/06\/email-template-outlook.jpg\" \/>\n<meta name=\"twitter:label1\" content=\"Gesch\u00e4tzte Lesezeit\" \/>\n\t<meta name=\"twitter:data1\" content=\"2\u00a0Minuten\" \/>\n<script type=\"application\/ld+json\" class=\"yoast-schema-graph\">{\"@context\":\"https:\/\/schema.org\",\"@graph\":[{\"@type\":\"WebPage\",\"@id\":\"https:\/\/www.newslettercreator.com\/de\/wie-eine-e-mail-vorlage-fuer-outlook-erstellen\/\",\"url\":\"https:\/\/www.newslettercreator.com\/de\/wie-eine-e-mail-vorlage-fuer-outlook-erstellen\/\",\"name\":\"Wie eine E-Mail Vorlage f\u00fcr Outlook erstellen? - Newsletter Creator\",\"isPartOf\":{\"@id\":\"https:\/\/www.newslettercreator.com\/#website\"},\"primaryImageOfPage\":{\"@id\":\"https:\/\/www.newslettercreator.com\/de\/wie-eine-e-mail-vorlage-fuer-outlook-erstellen\/#primaryimage\"},\"image\":{\"@id\":\"https:\/\/www.newslettercreator.com\/de\/wie-eine-e-mail-vorlage-fuer-outlook-erstellen\/#primaryimage\"},\"thumbnailUrl\":\"http:\/\/www.newslettercreator.com\/wp-content\/uploads\/2014\/06\/email-template-outlook.jpg\",\"datePublished\":\"2015-12-14T08:26:26+00:00\",\"dateModified\":\"2021-05-07T07:04:49+00:00\",\"description\":\"Ungl\u00fccklicherweise ist Outlook als Vorlagen-Ersteller extrem beschr\u00e4nkt. Wenn Sie sollten Sie sich f\u00fcr einen E-Mail-Baukasten wie MailStyler entscheiden\",\"breadcrumb\":{\"@id\":\"https:\/\/www.newslettercreator.com\/de\/wie-eine-e-mail-vorlage-fuer-outlook-erstellen\/#breadcrumb\"},\"inLanguage\":\"de\",\"potentialAction\":[{\"@type\":\"ReadAction\",\"target\":[\"https:\/\/www.newslettercreator.com\/de\/wie-eine-e-mail-vorlage-fuer-outlook-erstellen\/\"]}]},{\"@type\":\"ImageObject\",\"inLanguage\":\"de\",\"@id\":\"https:\/\/www.newslettercreator.com\/de\/wie-eine-e-mail-vorlage-fuer-outlook-erstellen\/#primaryimage\",\"url\":\"http:\/\/www.newslettercreator.com\/wp-content\/uploads\/2014\/06\/email-template-outlook.jpg\",\"contentUrl\":\"http:\/\/www.newslettercreator.com\/wp-content\/uploads\/2014\/06\/email-template-outlook.jpg\"},{\"@type\":\"BreadcrumbList\",\"@id\":\"https:\/\/www.newslettercreator.com\/de\/wie-eine-e-mail-vorlage-fuer-outlook-erstellen\/#breadcrumb\",\"itemListElement\":[{\"@type\":\"ListItem\",\"position\":1,\"name\":\"Home\",\"item\":\"https:\/\/www.newslettercreator.com\/de\/\"},{\"@type\":\"ListItem\",\"position\":2,\"name\":\"Wie eine E-Mail Vorlage f\u00fcr Outlook erstellen?\"}]},{\"@type\":\"WebSite\",\"@id\":\"https:\/\/www.newslettercreator.com\/#website\",\"url\":\"https:\/\/www.newslettercreator.com\/\",\"name\":\"Newsletter Creator\",\"description\":\"Pay off\",\"potentialAction\":[{\"@type\":\"SearchAction\",\"target\":{\"@type\":\"EntryPoint\",\"urlTemplate\":\"https:\/\/www.newslettercreator.com\/?s={search_term_string}\"},\"query-input\":{\"@type\":\"PropertyValueSpecification\",\"valueRequired\":true,\"valueName\":\"search_term_string\"}}],\"inLanguage\":\"de\"}]}<\/script>\n<!-- \/ Yoast SEO plugin. -->","yoast_head_json":{"title":"Wie eine E-Mail Vorlage f\u00fcr Outlook erstellen? - Newsletter Creator","description":"Ungl\u00fccklicherweise ist Outlook als Vorlagen-Ersteller extrem beschr\u00e4nkt. Wenn Sie sollten Sie sich f\u00fcr einen E-Mail-Baukasten wie MailStyler entscheiden","robots":{"index":"index","follow":"follow","max-snippet":"max-snippet:-1","max-image-preview":"max-image-preview:large","max-video-preview":"max-video-preview:-1"},"canonical":"https:\/\/www.newslettercreator.com\/de\/wie-eine-e-mail-vorlage-fuer-outlook-erstellen\/","og_locale":"de_DE","og_type":"article","og_title":"Wie eine E-Mail Vorlage f\u00fcr Outlook erstellen? - Newsletter Creator","og_description":"Ungl\u00fccklicherweise ist Outlook als Vorlagen-Ersteller extrem beschr\u00e4nkt. Wenn Sie sollten Sie sich f\u00fcr einen E-Mail-Baukasten wie MailStyler entscheiden","og_url":"https:\/\/www.newslettercreator.com\/de\/wie-eine-e-mail-vorlage-fuer-outlook-erstellen\/","og_site_name":"Newsletter Creator","article_modified_time":"2021-05-07T07:04:49+00:00","og_image":[{"url":"http:\/\/www.newslettercreator.com\/wp-content\/uploads\/2014\/06\/email-template-outlook.jpg","type":"","width":"","height":""}],"twitter_misc":{"Gesch\u00e4tzte Lesezeit":"2\u00a0Minuten"},"schema":{"@context":"https:\/\/schema.org","@graph":[{"@type":"WebPage","@id":"https:\/\/www.newslettercreator.com\/de\/wie-eine-e-mail-vorlage-fuer-outlook-erstellen\/","url":"https:\/\/www.newslettercreator.com\/de\/wie-eine-e-mail-vorlage-fuer-outlook-erstellen\/","name":"Wie eine E-Mail Vorlage f\u00fcr Outlook erstellen? - Newsletter Creator","isPartOf":{"@id":"https:\/\/www.newslettercreator.com\/#website"},"primaryImageOfPage":{"@id":"https:\/\/www.newslettercreator.com\/de\/wie-eine-e-mail-vorlage-fuer-outlook-erstellen\/#primaryimage"},"image":{"@id":"https:\/\/www.newslettercreator.com\/de\/wie-eine-e-mail-vorlage-fuer-outlook-erstellen\/#primaryimage"},"thumbnailUrl":"http:\/\/www.newslettercreator.com\/wp-content\/uploads\/2014\/06\/email-template-outlook.jpg","datePublished":"2015-12-14T08:26:26+00:00","dateModified":"2021-05-07T07:04:49+00:00","description":"Ungl\u00fccklicherweise ist Outlook als Vorlagen-Ersteller extrem beschr\u00e4nkt. Wenn Sie sollten Sie sich f\u00fcr einen E-Mail-Baukasten wie MailStyler entscheiden","breadcrumb":{"@id":"https:\/\/www.newslettercreator.com\/de\/wie-eine-e-mail-vorlage-fuer-outlook-erstellen\/#breadcrumb"},"inLanguage":"de","potentialAction":[{"@type":"ReadAction","target":["https:\/\/www.newslettercreator.com\/de\/wie-eine-e-mail-vorlage-fuer-outlook-erstellen\/"]}]},{"@type":"ImageObject","inLanguage":"de","@id":"https:\/\/www.newslettercreator.com\/de\/wie-eine-e-mail-vorlage-fuer-outlook-erstellen\/#primaryimage","url":"http:\/\/www.newslettercreator.com\/wp-content\/uploads\/2014\/06\/email-template-outlook.jpg","contentUrl":"http:\/\/www.newslettercreator.com\/wp-content\/uploads\/2014\/06\/email-template-outlook.jpg"},{"@type":"BreadcrumbList","@id":"https:\/\/www.newslettercreator.com\/de\/wie-eine-e-mail-vorlage-fuer-outlook-erstellen\/#breadcrumb","itemListElement":[{"@type":"ListItem","position":1,"name":"Home","item":"https:\/\/www.newslettercreator.com\/de\/"},{"@type":"ListItem","position":2,"name":"Wie eine E-Mail Vorlage f\u00fcr Outlook erstellen?"}]},{"@type":"WebSite","@id":"https:\/\/www.newslettercreator.com\/#website","url":"https:\/\/www.newslettercreator.com\/","name":"Newsletter Creator","description":"Pay off","potentialAction":[{"@type":"SearchAction","target":{"@type":"EntryPoint","urlTemplate":"https:\/\/www.newslettercreator.com\/?s={search_term_string}"},"query-input":{"@type":"PropertyValueSpecification","valueRequired":true,"valueName":"search_term_string"}}],"inLanguage":"de"}]}},"_links":{"self":[{"href":"https:\/\/www.newslettercreator.com\/de\/wp-json\/wp\/v2\/pages\/4157","targetHints":{"allow":["GET"]}}],"collection":[{"href":"https:\/\/www.newslettercreator.com\/de\/wp-json\/wp\/v2\/pages"}],"about":[{"href":"https:\/\/www.newslettercreator.com\/de\/wp-json\/wp\/v2\/types\/page"}],"author":[{"embeddable":true,"href":"https:\/\/www.newslettercreator.com\/de\/wp-json\/wp\/v2\/users\/1"}],"replies":[{"embeddable":true,"href":"https:\/\/www.newslettercreator.com\/de\/wp-json\/wp\/v2\/comments?post=4157"}],"version-history":[{"count":2,"href":"https:\/\/www.newslettercreator.com\/de\/wp-json\/wp\/v2\/pages\/4157\/revisions"}],"predecessor-version":[{"id":10094,"href":"https:\/\/www.newslettercreator.com\/de\/wp-json\/wp\/v2\/pages\/4157\/revisions\/10094"}],"wp:attachment":[{"href":"https:\/\/www.newslettercreator.com\/de\/wp-json\/wp\/v2\/media?parent=4157"}],"curies":[{"name":"wp","href":"https:\/\/api.w.org\/{rel}","templated":true}]}}