{"id":4159,"date":"2015-12-14T08:29:53","date_gmt":"2015-12-14T08:29:53","guid":{"rendered":"http:\/\/www.newslettercreator.com\/de\/?page_id=4159"},"modified":"2021-05-07T08:45:14","modified_gmt":"2021-05-07T06:45:14","slug":"wie-eine-e-mail-vorlage-fuer-thunderbird-erstellen","status":"publish","type":"page","link":"https:\/\/www.newslettercreator.com\/de\/wie-eine-e-mail-vorlage-fuer-thunderbird-erstellen\/","title":{"rendered":"Wie eine E-Mail Vorlage f\u00fcr Thunderbird erstellen?"},"content":{"rendered":"<p><img decoding=\"async\" class=\"alignnone size-full wp-image-237\" src=\"http:\/\/www.newslettercreator.com\/wp-content\/uploads\/2014\/06\/email-template-thunderbird.jpg\" alt=\"Wie eine E-Mail Vorlage f\u00fcr Thunderbird erstellen?\" width=\"649\" height=\"423\" \/><\/p>\n<p>Es ist ziemlich einfach eine <strong>E-Mail Vorlage<\/strong> f\u00fcr wiederkehrende Nachrichten in <strong>Mozilla Thunderbird<\/strong> zu kreieren. Sie m\u00fcssen diese einfach erstellen und in dem Verzeichnis Vorlagen abspeichern, wo diese f\u00fcr die Wiederverwendung und Formatierung nach Belieben mit neuem Inhalt zur Verf\u00fcgung steht. <\/p>\n<p>Es ist eine allgemeine, zeitsparend Praxis. Ungl\u00fccklicherweise ist Thunderbird als Vorlagen-Ersteller <strong>extrem beschr\u00e4nkt<\/strong>, was logisch ist, da es sich vorrangig um einen E-Mail-Client handelt. Dies stellt sich als ein Problem heraus, insbesondere wenn es um <strong>Newsletter<\/strong> und andere <strong>HTML E-Mails<\/strong> geht. Diese direkt in Thunderbird zu erstellen, kann zu sehr schlechten Ergebnissen f\u00fchren.<\/p>\n<p>Wenn Sie also einen eleganteren (und effektiveren) Newsletter haben m\u00f6chten, sollten Sie sich f\u00fcr einen <strong>professionellen E-Mail-Baukasten<\/strong> wie MailStyler entscheiden und diesen dann nur in Thunderbird importieren und senden.<\/p>\n<p>In der Tat macht es MailStyler <strong>unglaublich einfach<\/strong> eine solide E-Mail Vorlage zu kreieren. Sie w\u00e4hlen Ihre Bl\u00f6cke (Textboxen, Bildboxen, Spalten, Footer etc.) aus einer riesigen Auswahl an vorgefertigten Elementen und f\u00fcgen diese einfach mittels <strong>Drag and Drop<\/strong> auf die Seite ein. Auf diese Weise werden Sie dank unseres WYSIWYG Editors in der Lage sein, Ihren Newsletter Schritt f\u00fcr Schritt zu erstellen \u2013 <strong>ohne jegliches Programmieren<\/strong>.<\/p>\n<p>Das Endergebnis? Eine <strong>100% kompatible Vorlage<\/strong>, die perfekt in Mozilla Thunderbird funktioniert und Ihre Kommunikation sowie Ihr Markenimage verbessert.<\/p>\n<p>&nbsp;<\/p>\n<p style=\"text-align: center;\"><a class=\"button large orange\" style=\"margin-top: 20px; width: 157px; margin-right: 30px;\" title=\"Laden Die Demo\" href=\"http:\/\/www.newslettercreator.com\/de\/kostenlos-testen\/\" target=\"_self\" rel=\"noopener noreferrer\">DEMO HERUNTERLADEN<\/a><a class=\"button large darkgray\" style=\"margin-top: 20px; width: 170px;\" title=\"Mailstyler Pro Kaufen\" href=\"http:\/\/www.newslettercreator.com\/de\/preise\/\" target=\"_self\" rel=\"noopener noreferrer\">MAILSTYLER PRO KAUFEN<\/a><\/p>\n<p style=\"text-align: center; font-size: 11px; margin-bottom: 30px;\">Neueste Version: 2.24.01.17 | Gr\u00f6\u00dfe: 114.9 MB<br \/>Erscheinungsdatum: 17\/01\/2024<br \/><a href=\"http:\/\/www.newslettercreator.com\/de\/mailstyler-lizenzvereinbarung\/\" target=\"_blank\" rel=\"noopener noreferrer\">Lizenzvereinbarung<\/a> | <a href=\"http:\/\/www.newslettercreator.com\/de\/wie-man-mailstyler-deinstalliert\/\" target=\"_blank\" rel=\"noopener noreferrer\">Deinstallationsanleitung<\/a><\/p>\n","protected":false},"excerpt":{"rendered":"<p>Es ist ziemlich einfach eine E-Mail Vorlage f\u00fcr wiederkehrende Nachrichten in Mozilla Thunderbird zu kreieren. Sie m\u00fcssen diese einfach erstellen und in dem Verzeichnis Vorlagen abspeichern, wo diese f\u00fcr die Wiederverwendung und Formatierung nach Belieben mit neuem Inhalt zur Verf\u00fcgung steht. Es ist eine allgemeine, zeitsparend Praxis. Ungl\u00fccklicherweise ist Thunderbird als Vorlagen-Ersteller extrem beschr\u00e4nkt, was [&hellip;]<\/p>\n","protected":false},"author":1,"featured_media":0,"parent":0,"menu_order":0,"comment_status":"closed","ping_status":"closed","template":"g1_template_page_sidebar_right.php","meta":{"inline_featured_image":false,"_monsterinsights_skip_tracking":false,"_monsterinsights_sitenote_active":false,"_monsterinsights_sitenote_note":"","_monsterinsights_sitenote_category":0,"footnotes":""},"class_list":["post-4159","page","type-page","status-publish"],"yoast_head":"<!-- This site is optimized with the Yoast SEO plugin v25.2 - https:\/\/yoast.com\/wordpress\/plugins\/seo\/ -->\n<title>Wie eine E-Mail Vorlage f\u00fcr Thunderbird erstellen? - Newsletter Creator<\/title>\n<meta name=\"description\" content=\"Ungl\u00fccklicherweise ist Thunderbird als Vorlagen-Ersteller extrem beschr\u00e4nkt. Wenn Sie sollten Sie sich f\u00fcr einen E-Mail-Baukasten wie MailStyler entscheiden\" \/>\n<meta name=\"robots\" content=\"index, follow, max-snippet:-1, max-image-preview:large, max-video-preview:-1\" \/>\n<link rel=\"canonical\" href=\"https:\/\/www.newslettercreator.com\/de\/wie-eine-e-mail-vorlage-fuer-thunderbird-erstellen\/\" \/>\n<meta property=\"og:locale\" content=\"de_DE\" \/>\n<meta property=\"og:type\" content=\"article\" \/>\n<meta property=\"og:title\" content=\"Wie eine E-Mail Vorlage f\u00fcr Thunderbird erstellen? - Newsletter Creator\" \/>\n<meta property=\"og:description\" content=\"Ungl\u00fccklicherweise ist Thunderbird als Vorlagen-Ersteller extrem beschr\u00e4nkt. Wenn Sie sollten Sie sich f\u00fcr einen E-Mail-Baukasten wie MailStyler entscheiden\" \/>\n<meta property=\"og:url\" content=\"https:\/\/www.newslettercreator.com\/de\/wie-eine-e-mail-vorlage-fuer-thunderbird-erstellen\/\" \/>\n<meta property=\"og:site_name\" content=\"Newsletter Creator\" \/>\n<meta property=\"article:modified_time\" content=\"2021-05-07T06:45:14+00:00\" \/>\n<meta property=\"og:image\" content=\"http:\/\/www.newslettercreator.com\/wp-content\/uploads\/2014\/06\/email-template-thunderbird.jpg\" \/>\n<meta name=\"twitter:label1\" content=\"Gesch\u00e4tzte Lesezeit\" \/>\n\t<meta name=\"twitter:data1\" content=\"1\u00a0Minute\" \/>\n<script type=\"application\/ld+json\" class=\"yoast-schema-graph\">{\"@context\":\"https:\/\/schema.org\",\"@graph\":[{\"@type\":\"WebPage\",\"@id\":\"https:\/\/www.newslettercreator.com\/de\/wie-eine-e-mail-vorlage-fuer-thunderbird-erstellen\/\",\"url\":\"https:\/\/www.newslettercreator.com\/de\/wie-eine-e-mail-vorlage-fuer-thunderbird-erstellen\/\",\"name\":\"Wie eine E-Mail Vorlage f\u00fcr Thunderbird erstellen? - Newsletter Creator\",\"isPartOf\":{\"@id\":\"https:\/\/www.newslettercreator.com\/#website\"},\"primaryImageOfPage\":{\"@id\":\"https:\/\/www.newslettercreator.com\/de\/wie-eine-e-mail-vorlage-fuer-thunderbird-erstellen\/#primaryimage\"},\"image\":{\"@id\":\"https:\/\/www.newslettercreator.com\/de\/wie-eine-e-mail-vorlage-fuer-thunderbird-erstellen\/#primaryimage\"},\"thumbnailUrl\":\"http:\/\/www.newslettercreator.com\/wp-content\/uploads\/2014\/06\/email-template-thunderbird.jpg\",\"datePublished\":\"2015-12-14T08:29:53+00:00\",\"dateModified\":\"2021-05-07T06:45:14+00:00\",\"description\":\"Ungl\u00fccklicherweise ist Thunderbird als Vorlagen-Ersteller extrem beschr\u00e4nkt. Wenn Sie sollten Sie sich f\u00fcr einen E-Mail-Baukasten wie MailStyler entscheiden\",\"breadcrumb\":{\"@id\":\"https:\/\/www.newslettercreator.com\/de\/wie-eine-e-mail-vorlage-fuer-thunderbird-erstellen\/#breadcrumb\"},\"inLanguage\":\"de\",\"potentialAction\":[{\"@type\":\"ReadAction\",\"target\":[\"https:\/\/www.newslettercreator.com\/de\/wie-eine-e-mail-vorlage-fuer-thunderbird-erstellen\/\"]}]},{\"@type\":\"ImageObject\",\"inLanguage\":\"de\",\"@id\":\"https:\/\/www.newslettercreator.com\/de\/wie-eine-e-mail-vorlage-fuer-thunderbird-erstellen\/#primaryimage\",\"url\":\"http:\/\/www.newslettercreator.com\/wp-content\/uploads\/2014\/06\/email-template-thunderbird.jpg\",\"contentUrl\":\"http:\/\/www.newslettercreator.com\/wp-content\/uploads\/2014\/06\/email-template-thunderbird.jpg\"},{\"@type\":\"BreadcrumbList\",\"@id\":\"https:\/\/www.newslettercreator.com\/de\/wie-eine-e-mail-vorlage-fuer-thunderbird-erstellen\/#breadcrumb\",\"itemListElement\":[{\"@type\":\"ListItem\",\"position\":1,\"name\":\"Home\",\"item\":\"https:\/\/www.newslettercreator.com\/de\/\"},{\"@type\":\"ListItem\",\"position\":2,\"name\":\"Wie eine E-Mail Vorlage f\u00fcr Thunderbird erstellen?\"}]},{\"@type\":\"WebSite\",\"@id\":\"https:\/\/www.newslettercreator.com\/#website\",\"url\":\"https:\/\/www.newslettercreator.com\/\",\"name\":\"Newsletter Creator\",\"description\":\"Pay off\",\"potentialAction\":[{\"@type\":\"SearchAction\",\"target\":{\"@type\":\"EntryPoint\",\"urlTemplate\":\"https:\/\/www.newslettercreator.com\/?s={search_term_string}\"},\"query-input\":{\"@type\":\"PropertyValueSpecification\",\"valueRequired\":true,\"valueName\":\"search_term_string\"}}],\"inLanguage\":\"de\"}]}<\/script>\n<!-- \/ Yoast SEO plugin. -->","yoast_head_json":{"title":"Wie eine E-Mail Vorlage f\u00fcr Thunderbird erstellen? - Newsletter Creator","description":"Ungl\u00fccklicherweise ist Thunderbird als Vorlagen-Ersteller extrem beschr\u00e4nkt. Wenn Sie sollten Sie sich f\u00fcr einen E-Mail-Baukasten wie MailStyler entscheiden","robots":{"index":"index","follow":"follow","max-snippet":"max-snippet:-1","max-image-preview":"max-image-preview:large","max-video-preview":"max-video-preview:-1"},"canonical":"https:\/\/www.newslettercreator.com\/de\/wie-eine-e-mail-vorlage-fuer-thunderbird-erstellen\/","og_locale":"de_DE","og_type":"article","og_title":"Wie eine E-Mail Vorlage f\u00fcr Thunderbird erstellen? - Newsletter Creator","og_description":"Ungl\u00fccklicherweise ist Thunderbird als Vorlagen-Ersteller extrem beschr\u00e4nkt. Wenn Sie sollten Sie sich f\u00fcr einen E-Mail-Baukasten wie MailStyler entscheiden","og_url":"https:\/\/www.newslettercreator.com\/de\/wie-eine-e-mail-vorlage-fuer-thunderbird-erstellen\/","og_site_name":"Newsletter Creator","article_modified_time":"2021-05-07T06:45:14+00:00","og_image":[{"url":"http:\/\/www.newslettercreator.com\/wp-content\/uploads\/2014\/06\/email-template-thunderbird.jpg","type":"","width":"","height":""}],"twitter_misc":{"Gesch\u00e4tzte Lesezeit":"1\u00a0Minute"},"schema":{"@context":"https:\/\/schema.org","@graph":[{"@type":"WebPage","@id":"https:\/\/www.newslettercreator.com\/de\/wie-eine-e-mail-vorlage-fuer-thunderbird-erstellen\/","url":"https:\/\/www.newslettercreator.com\/de\/wie-eine-e-mail-vorlage-fuer-thunderbird-erstellen\/","name":"Wie eine E-Mail Vorlage f\u00fcr Thunderbird erstellen? - Newsletter Creator","isPartOf":{"@id":"https:\/\/www.newslettercreator.com\/#website"},"primaryImageOfPage":{"@id":"https:\/\/www.newslettercreator.com\/de\/wie-eine-e-mail-vorlage-fuer-thunderbird-erstellen\/#primaryimage"},"image":{"@id":"https:\/\/www.newslettercreator.com\/de\/wie-eine-e-mail-vorlage-fuer-thunderbird-erstellen\/#primaryimage"},"thumbnailUrl":"http:\/\/www.newslettercreator.com\/wp-content\/uploads\/2014\/06\/email-template-thunderbird.jpg","datePublished":"2015-12-14T08:29:53+00:00","dateModified":"2021-05-07T06:45:14+00:00","description":"Ungl\u00fccklicherweise ist Thunderbird als Vorlagen-Ersteller extrem beschr\u00e4nkt. Wenn Sie sollten Sie sich f\u00fcr einen E-Mail-Baukasten wie MailStyler entscheiden","breadcrumb":{"@id":"https:\/\/www.newslettercreator.com\/de\/wie-eine-e-mail-vorlage-fuer-thunderbird-erstellen\/#breadcrumb"},"inLanguage":"de","potentialAction":[{"@type":"ReadAction","target":["https:\/\/www.newslettercreator.com\/de\/wie-eine-e-mail-vorlage-fuer-thunderbird-erstellen\/"]}]},{"@type":"ImageObject","inLanguage":"de","@id":"https:\/\/www.newslettercreator.com\/de\/wie-eine-e-mail-vorlage-fuer-thunderbird-erstellen\/#primaryimage","url":"http:\/\/www.newslettercreator.com\/wp-content\/uploads\/2014\/06\/email-template-thunderbird.jpg","contentUrl":"http:\/\/www.newslettercreator.com\/wp-content\/uploads\/2014\/06\/email-template-thunderbird.jpg"},{"@type":"BreadcrumbList","@id":"https:\/\/www.newslettercreator.com\/de\/wie-eine-e-mail-vorlage-fuer-thunderbird-erstellen\/#breadcrumb","itemListElement":[{"@type":"ListItem","position":1,"name":"Home","item":"https:\/\/www.newslettercreator.com\/de\/"},{"@type":"ListItem","position":2,"name":"Wie eine E-Mail Vorlage f\u00fcr Thunderbird erstellen?"}]},{"@type":"WebSite","@id":"https:\/\/www.newslettercreator.com\/#website","url":"https:\/\/www.newslettercreator.com\/","name":"Newsletter Creator","description":"Pay off","potentialAction":[{"@type":"SearchAction","target":{"@type":"EntryPoint","urlTemplate":"https:\/\/www.newslettercreator.com\/?s={search_term_string}"},"query-input":{"@type":"PropertyValueSpecification","valueRequired":true,"valueName":"search_term_string"}}],"inLanguage":"de"}]}},"_links":{"self":[{"href":"https:\/\/www.newslettercreator.com\/de\/wp-json\/wp\/v2\/pages\/4159","targetHints":{"allow":["GET"]}}],"collection":[{"href":"https:\/\/www.newslettercreator.com\/de\/wp-json\/wp\/v2\/pages"}],"about":[{"href":"https:\/\/www.newslettercreator.com\/de\/wp-json\/wp\/v2\/types\/page"}],"author":[{"embeddable":true,"href":"https:\/\/www.newslettercreator.com\/de\/wp-json\/wp\/v2\/users\/1"}],"replies":[{"embeddable":true,"href":"https:\/\/www.newslettercreator.com\/de\/wp-json\/wp\/v2\/comments?post=4159"}],"version-history":[{"count":2,"href":"https:\/\/www.newslettercreator.com\/de\/wp-json\/wp\/v2\/pages\/4159\/revisions"}],"predecessor-version":[{"id":10087,"href":"https:\/\/www.newslettercreator.com\/de\/wp-json\/wp\/v2\/pages\/4159\/revisions\/10087"}],"wp:attachment":[{"href":"https:\/\/www.newslettercreator.com\/de\/wp-json\/wp\/v2\/media?parent=4159"}],"curies":[{"name":"wp","href":"https:\/\/api.w.org\/{rel}","templated":true}]}}