{"id":4167,"date":"2015-12-14T09:37:36","date_gmt":"2015-12-14T09:37:36","guid":{"rendered":"http:\/\/www.newslettercreator.com\/de\/?page_id=4167"},"modified":"2015-12-14T09:37:36","modified_gmt":"2015-12-14T09:37:36","slug":"professionelle-newsletter-programm","status":"publish","type":"page","link":"https:\/\/www.newslettercreator.com\/de\/professionelle-newsletter-programm\/","title":{"rendered":"Professionelle Newsletter Programm"},"content":{"rendered":"<p><img decoding=\"async\" class=\"alignnone size-full wp-image-237\" src=\"http:\/\/www.newslettercreator.com\/wp-content\/uploads\/2014\/02\/newsletter-program.jpg\" alt=\"Professionelle Newsletter Programm\" width=\"649\" height=\"423\" \/><\/p>\n<p>Wenn es um das <strong>Senden von Massen-E-Mails<\/strong> geht, ist es unumg\u00e4nglich ein effektives <strong>Newsletter-Programm<\/strong> zu haben, welches Sie in allen Prozessphasen unterst\u00fctzt: Layout-Erstellung, Spam-Test, Versand und Analyse.<\/p>\n<p>Ungl\u00fccklicherweise haben die von diesen Newsletter-Programmen oder E-Mail Marketing-Plattformen bereitgestellten, allgemeinen E-Mail-Editoren <strong>einige Einschr\u00e4nkungen<\/strong> in Bezug auf Flexibilit\u00e4t und Design. Das hei\u00dft, es ist ziemlich schwer, eine ordentliche <strong>E-Mail Vorlage<\/strong> mit Ihnen zu erstellen.<\/p>\n<p>Dieser &#8222;Schwachpunkt&#8220; kann umgangen werden, wenn Sie Ihren eigenen Newsletter direkt in HTML programmieren, jedoch erfordert dies nat\u00fcrlich fortgeschrittene Programmierf\u00e4higkeiten sowie eine ziemliche Menge an Zeit und Arbeit. Die beste Alternative f\u00fcr Anf\u00e4nger (und ebenso f\u00fcr Profis) ist demnach ein <strong>professioneller Newsletter-Editor<\/strong> wie MailStyler.<\/p>\n<p>MailStyler erm\u00f6glicht Ihnen die Zusammenstellung <strong>faszinierender Newsletter Vorlagen<\/strong> in ein paar Klicks mit einer simplen Serie von Drag and Drop; seine WYSIWYG Oberfl\u00e4che stellt einen schnellen und intuitiven Prozess sicher, w\u00e4hrende eine breite Auswahl an vorgefertigten Elementen (Blocks, Boxen, Buttons etc.) Ihnen <strong>unbegrenzte Design-M\u00f6glichkeiten<\/strong> verschafft, so dass Sie Ihr wirklich eigenes, ma\u00dfgeschneidertes E-Mail-Layout kreieren k\u00f6nnen, ohne eine einzige Zeile HTML-Code zu schreiben.<\/p>\n<p>Dar\u00fcber hinaus ist MailStyler verglichen mit \u00e4hnlichen web-basierten Anwendungen viel <strong>m\u00e4chtiger<\/strong>, denn als ein Desktop-Programm kann es mehr Optionen, mehr Stabilit\u00e4t und Services anbieten \u2013 und auch offline genutzt werden.<\/p>\n<p>&nbsp;<\/p>\n<p style=\"text-align: center;\"><a class=\"button large orange\" style=\"margin-top: 20px; width: 157px; margin-right: 30px;\" title=\"Laden Die Demo\" href=\"http:\/\/www.newslettercreator.com\/de\/kostenlos-testen\/\" target=\"_self\">DEMO HERUNTERLADEN<\/a><a class=\"button large darkgray\" style=\"margin-top: 20px; width: 170px;\" title=\"Mailstyler Pro Kaufen\" href=\"http:\/\/www.newslettercreator.com\/de\/preise\/\" target=\"_self\">MAILSTYLER PRO KAUFEN<\/a><\/p>\n<p style=\"text-align: center; font-size: 11px; margin-bottom: 30px;\">Neueste Version: 2.24.01.17 | Gr\u00f6\u00dfe: 114.9 MB<br \/>Erscheinungsdatum: 17\/01\/2024<br \/><a href=\"http:\/\/www.newslettercreator.com\/de\/mailstyler-lizenzvereinbarung\/\" target=\"_blank\">Lizenzvereinbarung<\/a> | <a href=\"http:\/\/www.newslettercreator.com\/de\/wie-man-mailstyler-deinstalliert\/\" target=\"_blank\">Deinstallationsanleitung<\/a><\/p>\n","protected":false},"excerpt":{"rendered":"<p>Wenn es um das Senden von Massen-E-Mails geht, ist es unumg\u00e4nglich ein effektives Newsletter-Programm zu haben, welches Sie in allen Prozessphasen unterst\u00fctzt: Layout-Erstellung, Spam-Test, Versand und Analyse. Ungl\u00fccklicherweise haben die von diesen Newsletter-Programmen oder E-Mail Marketing-Plattformen bereitgestellten, allgemeinen E-Mail-Editoren einige Einschr\u00e4nkungen in Bezug auf Flexibilit\u00e4t und Design. Das hei\u00dft, es ist ziemlich schwer, eine ordentliche [&hellip;]<\/p>\n","protected":false},"author":1,"featured_media":0,"parent":0,"menu_order":0,"comment_status":"closed","ping_status":"closed","template":"g1_template_page_sidebar_right.php","meta":{"inline_featured_image":false,"_monsterinsights_skip_tracking":false,"_monsterinsights_sitenote_active":false,"_monsterinsights_sitenote_note":"","_monsterinsights_sitenote_category":0,"footnotes":""},"class_list":["post-4167","page","type-page","status-publish"],"yoast_head":"<!-- This site is optimized with the Yoast SEO plugin v25.2 - https:\/\/yoast.com\/wordpress\/plugins\/seo\/ -->\n<title>Professionelle Newsletter Programm - Newsletter Creator<\/title>\n<meta name=\"robots\" content=\"index, follow, max-snippet:-1, max-image-preview:large, max-video-preview:-1\" \/>\n<link rel=\"canonical\" href=\"https:\/\/www.newslettercreator.com\/de\/professionelle-newsletter-programm\/\" \/>\n<meta property=\"og:locale\" content=\"de_DE\" \/>\n<meta property=\"og:type\" content=\"article\" \/>\n<meta property=\"og:title\" content=\"Professionelle Newsletter Programm - Newsletter Creator\" \/>\n<meta property=\"og:description\" content=\"Wenn es um das Senden von Massen-E-Mails geht, ist es unumg\u00e4nglich ein effektives Newsletter-Programm zu haben, welches Sie in allen Prozessphasen unterst\u00fctzt: Layout-Erstellung, Spam-Test, Versand und Analyse. Ungl\u00fccklicherweise haben die von diesen Newsletter-Programmen oder E-Mail Marketing-Plattformen bereitgestellten, allgemeinen E-Mail-Editoren einige Einschr\u00e4nkungen in Bezug auf Flexibilit\u00e4t und Design. Das hei\u00dft, es ist ziemlich schwer, eine ordentliche [&hellip;]\" \/>\n<meta property=\"og:url\" content=\"https:\/\/www.newslettercreator.com\/de\/professionelle-newsletter-programm\/\" \/>\n<meta property=\"og:site_name\" content=\"Newsletter Creator\" \/>\n<meta property=\"og:image\" content=\"http:\/\/www.newslettercreator.com\/wp-content\/uploads\/2014\/02\/newsletter-program.jpg\" \/>\n<meta name=\"twitter:label1\" content=\"Gesch\u00e4tzte Lesezeit\" \/>\n\t<meta name=\"twitter:data1\" content=\"1\u00a0Minute\" \/>\n<script type=\"application\/ld+json\" class=\"yoast-schema-graph\">{\"@context\":\"https:\/\/schema.org\",\"@graph\":[{\"@type\":\"WebPage\",\"@id\":\"https:\/\/www.newslettercreator.com\/de\/professionelle-newsletter-programm\/\",\"url\":\"https:\/\/www.newslettercreator.com\/de\/professionelle-newsletter-programm\/\",\"name\":\"Professionelle Newsletter Programm - Newsletter Creator\",\"isPartOf\":{\"@id\":\"https:\/\/www.newslettercreator.com\/#website\"},\"primaryImageOfPage\":{\"@id\":\"https:\/\/www.newslettercreator.com\/de\/professionelle-newsletter-programm\/#primaryimage\"},\"image\":{\"@id\":\"https:\/\/www.newslettercreator.com\/de\/professionelle-newsletter-programm\/#primaryimage\"},\"thumbnailUrl\":\"http:\/\/www.newslettercreator.com\/wp-content\/uploads\/2014\/02\/newsletter-program.jpg\",\"datePublished\":\"2015-12-14T09:37:36+00:00\",\"breadcrumb\":{\"@id\":\"https:\/\/www.newslettercreator.com\/de\/professionelle-newsletter-programm\/#breadcrumb\"},\"inLanguage\":\"de\",\"potentialAction\":[{\"@type\":\"ReadAction\",\"target\":[\"https:\/\/www.newslettercreator.com\/de\/professionelle-newsletter-programm\/\"]}]},{\"@type\":\"ImageObject\",\"inLanguage\":\"de\",\"@id\":\"https:\/\/www.newslettercreator.com\/de\/professionelle-newsletter-programm\/#primaryimage\",\"url\":\"http:\/\/www.newslettercreator.com\/wp-content\/uploads\/2014\/02\/newsletter-program.jpg\",\"contentUrl\":\"http:\/\/www.newslettercreator.com\/wp-content\/uploads\/2014\/02\/newsletter-program.jpg\"},{\"@type\":\"BreadcrumbList\",\"@id\":\"https:\/\/www.newslettercreator.com\/de\/professionelle-newsletter-programm\/#breadcrumb\",\"itemListElement\":[{\"@type\":\"ListItem\",\"position\":1,\"name\":\"Home\",\"item\":\"https:\/\/www.newslettercreator.com\/de\/\"},{\"@type\":\"ListItem\",\"position\":2,\"name\":\"Professionelle Newsletter Programm\"}]},{\"@type\":\"WebSite\",\"@id\":\"https:\/\/www.newslettercreator.com\/#website\",\"url\":\"https:\/\/www.newslettercreator.com\/\",\"name\":\"Newsletter Creator\",\"description\":\"Pay off\",\"potentialAction\":[{\"@type\":\"SearchAction\",\"target\":{\"@type\":\"EntryPoint\",\"urlTemplate\":\"https:\/\/www.newslettercreator.com\/?s={search_term_string}\"},\"query-input\":{\"@type\":\"PropertyValueSpecification\",\"valueRequired\":true,\"valueName\":\"search_term_string\"}}],\"inLanguage\":\"de\"}]}<\/script>\n<!-- \/ Yoast SEO plugin. -->","yoast_head_json":{"title":"Professionelle Newsletter Programm - Newsletter Creator","robots":{"index":"index","follow":"follow","max-snippet":"max-snippet:-1","max-image-preview":"max-image-preview:large","max-video-preview":"max-video-preview:-1"},"canonical":"https:\/\/www.newslettercreator.com\/de\/professionelle-newsletter-programm\/","og_locale":"de_DE","og_type":"article","og_title":"Professionelle Newsletter Programm - Newsletter Creator","og_description":"Wenn es um das Senden von Massen-E-Mails geht, ist es unumg\u00e4nglich ein effektives Newsletter-Programm zu haben, welches Sie in allen Prozessphasen unterst\u00fctzt: Layout-Erstellung, Spam-Test, Versand und Analyse. Ungl\u00fccklicherweise haben die von diesen Newsletter-Programmen oder E-Mail Marketing-Plattformen bereitgestellten, allgemeinen E-Mail-Editoren einige Einschr\u00e4nkungen in Bezug auf Flexibilit\u00e4t und Design. Das hei\u00dft, es ist ziemlich schwer, eine ordentliche [&hellip;]","og_url":"https:\/\/www.newslettercreator.com\/de\/professionelle-newsletter-programm\/","og_site_name":"Newsletter Creator","og_image":[{"url":"http:\/\/www.newslettercreator.com\/wp-content\/uploads\/2014\/02\/newsletter-program.jpg","type":"","width":"","height":""}],"twitter_misc":{"Gesch\u00e4tzte Lesezeit":"1\u00a0Minute"},"schema":{"@context":"https:\/\/schema.org","@graph":[{"@type":"WebPage","@id":"https:\/\/www.newslettercreator.com\/de\/professionelle-newsletter-programm\/","url":"https:\/\/www.newslettercreator.com\/de\/professionelle-newsletter-programm\/","name":"Professionelle Newsletter Programm - Newsletter Creator","isPartOf":{"@id":"https:\/\/www.newslettercreator.com\/#website"},"primaryImageOfPage":{"@id":"https:\/\/www.newslettercreator.com\/de\/professionelle-newsletter-programm\/#primaryimage"},"image":{"@id":"https:\/\/www.newslettercreator.com\/de\/professionelle-newsletter-programm\/#primaryimage"},"thumbnailUrl":"http:\/\/www.newslettercreator.com\/wp-content\/uploads\/2014\/02\/newsletter-program.jpg","datePublished":"2015-12-14T09:37:36+00:00","breadcrumb":{"@id":"https:\/\/www.newslettercreator.com\/de\/professionelle-newsletter-programm\/#breadcrumb"},"inLanguage":"de","potentialAction":[{"@type":"ReadAction","target":["https:\/\/www.newslettercreator.com\/de\/professionelle-newsletter-programm\/"]}]},{"@type":"ImageObject","inLanguage":"de","@id":"https:\/\/www.newslettercreator.com\/de\/professionelle-newsletter-programm\/#primaryimage","url":"http:\/\/www.newslettercreator.com\/wp-content\/uploads\/2014\/02\/newsletter-program.jpg","contentUrl":"http:\/\/www.newslettercreator.com\/wp-content\/uploads\/2014\/02\/newsletter-program.jpg"},{"@type":"BreadcrumbList","@id":"https:\/\/www.newslettercreator.com\/de\/professionelle-newsletter-programm\/#breadcrumb","itemListElement":[{"@type":"ListItem","position":1,"name":"Home","item":"https:\/\/www.newslettercreator.com\/de\/"},{"@type":"ListItem","position":2,"name":"Professionelle Newsletter Programm"}]},{"@type":"WebSite","@id":"https:\/\/www.newslettercreator.com\/#website","url":"https:\/\/www.newslettercreator.com\/","name":"Newsletter Creator","description":"Pay off","potentialAction":[{"@type":"SearchAction","target":{"@type":"EntryPoint","urlTemplate":"https:\/\/www.newslettercreator.com\/?s={search_term_string}"},"query-input":{"@type":"PropertyValueSpecification","valueRequired":true,"valueName":"search_term_string"}}],"inLanguage":"de"}]}},"_links":{"self":[{"href":"https:\/\/www.newslettercreator.com\/de\/wp-json\/wp\/v2\/pages\/4167","targetHints":{"allow":["GET"]}}],"collection":[{"href":"https:\/\/www.newslettercreator.com\/de\/wp-json\/wp\/v2\/pages"}],"about":[{"href":"https:\/\/www.newslettercreator.com\/de\/wp-json\/wp\/v2\/types\/page"}],"author":[{"embeddable":true,"href":"https:\/\/www.newslettercreator.com\/de\/wp-json\/wp\/v2\/users\/1"}],"replies":[{"embeddable":true,"href":"https:\/\/www.newslettercreator.com\/de\/wp-json\/wp\/v2\/comments?post=4167"}],"version-history":[{"count":1,"href":"https:\/\/www.newslettercreator.com\/de\/wp-json\/wp\/v2\/pages\/4167\/revisions"}],"predecessor-version":[{"id":4168,"href":"https:\/\/www.newslettercreator.com\/de\/wp-json\/wp\/v2\/pages\/4167\/revisions\/4168"}],"wp:attachment":[{"href":"https:\/\/www.newslettercreator.com\/de\/wp-json\/wp\/v2\/media?parent=4167"}],"curies":[{"name":"wp","href":"https:\/\/api.w.org\/{rel}","templated":true}]}}