{"id":4203,"date":"2015-12-23T15:04:51","date_gmt":"2015-12-23T15:04:51","guid":{"rendered":"http:\/\/www.newslettercreator.com\/de\/?page_id=4203"},"modified":"2015-12-23T15:28:17","modified_gmt":"2015-12-23T15:28:17","slug":"inline-css-fuer-e-mail-editor","status":"publish","type":"page","link":"https:\/\/www.newslettercreator.com\/de\/inline-css-fuer-e-mail-editor\/","title":{"rendered":"CSS Inline Email: gro\u00dfartige Rundschreiben f\u00fcr jeden E-Mail-Nutzer"},"content":{"rendered":"<p>Es passiert h\u00e4ufig, dass manche E-Mail-Nutzer die &lt;head&gt; und &lt;style&gt; Tags aus den HTML\/CSS Ihrer Rundschreiben l\u00f6schen. Man braucht kein Experte im Verwalten von Webseiten sein, um zu verstehen, dass dies die Wiedergabe Ihres Rundschreibens ruiniert und die komplette Arbeit vernichtet.<\/p>\n<p>Und glauben Sie nicht, dass dies kaum vorkommt: Gmail, eine der weltweit popul\u00e4rsten Dienste f\u00fcr E-Mail-Nutzer, l\u00f6scht die CSS im &lt;style&gt; Tag.<\/p>\n<p>Um dieses Problem zu l\u00f6sen, haben Sie 3 M\u00f6glichkeiten:<\/p>\n<ol>\n<li>Sie k\u00f6nnen den <strong>HTML\/CSS-Code der Inline Email<\/strong> selbst schreiben, indem Sie die Elemente in der passendsten Weise platzieren, die s\u00e4mtliche der verschiedenen Regeln jeder f\u00fcr E-Mail-Nutzer vorhandenen Dienste achtet.<br \/>&nbsp;<\/li>\n<li>Sie k\u00f6nnen eine externe Software ausprobieren, die f\u00fcr Sie die \u201cDrecksarbeit\u201c erledigt: dies bedeutet, dass Sie den HTML-Code Ihres Rundschreibens auf einen externen Dienst \u00fcbertragen und darauf warten m\u00fcssen, dass dieser in einer <strong>Email-Inline-CSS<\/strong>-Form korrekt \u00fcbersetzt wurde, ehe Sie ihn zur\u00fcck in Ihren Arbeitsbereich bringen. Doch selbst dann kann man nicht mit Sicherheit davon ausgehen, dass er korrekt wiedergegeben wird. Sie sollten Ihr Rundschreiben trotzdem mit Diensten wie <a href=\"http:\/\/www.newslettercreator.com\/de\/emails-mit-litmus-testen\/\" title=\"Emails mit Litmus testen: und dann?\">Litmus<\/a> oder <a href=\"http:\/\/www.newslettercreator.com\/de\/kein-testen-mit-email-on-acid-noetig\/\" title=\"Kein Testen mit Email on Acid n\u00f6tig\">EmailOnAcid<\/a> pr\u00fcfen, um der Gewissheit zu sein, dass der Code auch angemessen optimiert ist.<br \/>&nbsp;<\/li>\n<li><strong>Sie k\u00f6nnen MS verwenden und den Rest vergessen.<\/strong><\/li>\n<\/ol>\n<p><img decoding=\"async\" class=\"alignnone size-full wp-image-237\" src=\"http:\/\/www.newslettercreator.com\/wp-content\/uploads\/2015\/09\/inline-css-for-email-editor.jpg\" alt=\"CSS Inline Email: gro\u00dfartige Rundschreiben f\u00fcr jeden E-Mail-Nutzer\" width=\"649\" height=\"423\" \/><\/p>\n<p>So ist es! MailStyler wurde ins Leben gerufen, um f\u00fcr s\u00e4mtliche Anforderungen im Bereich E-Mail-Vermarktung die passende Antwort zu finden. Wir kennen jene Schwierigkeiten genau, die man mit jeder einzelnen E-Mail erleben kann, die Probleme, auf die man st\u00f6\u00dft, sobald sie abgesendet wurde. Wir haben die Strecke studiert, um ihre Reise so reibungslos wie m\u00f6glich zu gestalten.<\/p>\n<p>Bei MailStyler handelt es sich um den einzigen <strong>Editor f\u00fcr Rundschreiben, der \u00fcber eine integrierte HTML-E-Mail-Inline-CSS-Funktion verf\u00fcgt<\/strong>. Jede E-Mail wird automatisch mit Inline-Code geschrieben, ohne dass Sie es \u00fcberhaupt merken. Ihre Rundschreiben werden stets ordnungsgem\u00e4\u00df ausgef\u00fchrt, da die CSS s\u00e4uberlich erstellt und optimiert wurde. Garantiert!<\/p>\n<p>Nochmals: Sie brauchen kein Experte im Verwalten von Internetseiten zu sein, um sich der Vorteile in Bezug auf eingesparte Zeit und Mittel bewusst zu sein.<\/p>\n<p>Testen Sie die Effizienz von MailStyler selbst! <strong><a href=\"http:\/\/www.newslettercreator.com\/utils\/download\/pre-download.php\" title=\"Demo Herunterladen\">Laden Sie sich die kostenlose Version herunter<\/a><\/strong> und gestalten Sie Ihr erstes Rundschreiben in nur 2 Minuten.<\/p>\n<p class=\"normal\" style=\"line-height: 137%;\">Viel Vergn\u00fcgen!<\/p>\n","protected":false},"excerpt":{"rendered":"<p>Es passiert h\u00e4ufig, dass manche E-Mail-Nutzer die &lt;head&gt; und &lt;style&gt; Tags aus den HTML\/CSS Ihrer Rundschreiben l\u00f6schen. Man braucht kein Experte im Verwalten von Webseiten sein, um zu verstehen, dass dies die Wiedergabe Ihres Rundschreibens ruiniert und die komplette Arbeit vernichtet. Und glauben Sie nicht, dass dies kaum vorkommt: Gmail, eine der weltweit popul\u00e4rsten Dienste [&hellip;]<\/p>\n","protected":false},"author":1,"featured_media":0,"parent":0,"menu_order":0,"comment_status":"closed","ping_status":"closed","template":"g1_template_page_sidebar_right.php","meta":{"inline_featured_image":false,"_monsterinsights_skip_tracking":false,"_monsterinsights_sitenote_active":false,"_monsterinsights_sitenote_note":"","_monsterinsights_sitenote_category":0,"footnotes":""},"class_list":["post-4203","page","type-page","status-publish"],"yoast_head":"<!-- This site is optimized with the Yoast SEO plugin v25.2 - https:\/\/yoast.com\/wordpress\/plugins\/seo\/ -->\n<title>CSS Inline Email: gro\u00dfartige Rundschreiben f\u00fcr jeden E-Mail-Nutzer - Newsletter Creator<\/title>\n<meta name=\"robots\" content=\"index, follow, max-snippet:-1, max-image-preview:large, max-video-preview:-1\" \/>\n<link rel=\"canonical\" href=\"https:\/\/www.newslettercreator.com\/de\/inline-css-fuer-e-mail-editor\/\" \/>\n<meta property=\"og:locale\" content=\"de_DE\" \/>\n<meta property=\"og:type\" content=\"article\" \/>\n<meta property=\"og:title\" content=\"CSS Inline Email: gro\u00dfartige Rundschreiben f\u00fcr jeden E-Mail-Nutzer - Newsletter Creator\" \/>\n<meta property=\"og:description\" content=\"Es passiert h\u00e4ufig, dass manche E-Mail-Nutzer die &lt;head&gt; und &lt;style&gt; Tags aus den HTML\/CSS Ihrer Rundschreiben l\u00f6schen. Man braucht kein Experte im Verwalten von Webseiten sein, um zu verstehen, dass dies die Wiedergabe Ihres Rundschreibens ruiniert und die komplette Arbeit vernichtet. Und glauben Sie nicht, dass dies kaum vorkommt: Gmail, eine der weltweit popul\u00e4rsten Dienste [&hellip;]\" \/>\n<meta property=\"og:url\" content=\"https:\/\/www.newslettercreator.com\/de\/inline-css-fuer-e-mail-editor\/\" \/>\n<meta property=\"og:site_name\" content=\"Newsletter Creator\" \/>\n<meta property=\"article:modified_time\" content=\"2015-12-23T15:28:17+00:00\" \/>\n<meta property=\"og:image\" content=\"http:\/\/www.newslettercreator.com\/wp-content\/uploads\/2015\/09\/inline-css-for-email-editor.jpg\" \/>\n<meta name=\"twitter:label1\" content=\"Gesch\u00e4tzte Lesezeit\" \/>\n\t<meta name=\"twitter:data1\" content=\"2\u00a0Minuten\" \/>\n<script type=\"application\/ld+json\" class=\"yoast-schema-graph\">{\"@context\":\"https:\/\/schema.org\",\"@graph\":[{\"@type\":\"WebPage\",\"@id\":\"https:\/\/www.newslettercreator.com\/de\/inline-css-fuer-e-mail-editor\/\",\"url\":\"https:\/\/www.newslettercreator.com\/de\/inline-css-fuer-e-mail-editor\/\",\"name\":\"CSS Inline Email: gro\u00dfartige Rundschreiben f\u00fcr jeden E-Mail-Nutzer - Newsletter Creator\",\"isPartOf\":{\"@id\":\"https:\/\/www.newslettercreator.com\/#website\"},\"primaryImageOfPage\":{\"@id\":\"https:\/\/www.newslettercreator.com\/de\/inline-css-fuer-e-mail-editor\/#primaryimage\"},\"image\":{\"@id\":\"https:\/\/www.newslettercreator.com\/de\/inline-css-fuer-e-mail-editor\/#primaryimage\"},\"thumbnailUrl\":\"http:\/\/www.newslettercreator.com\/wp-content\/uploads\/2015\/09\/inline-css-for-email-editor.jpg\",\"datePublished\":\"2015-12-23T15:04:51+00:00\",\"dateModified\":\"2015-12-23T15:28:17+00:00\",\"breadcrumb\":{\"@id\":\"https:\/\/www.newslettercreator.com\/de\/inline-css-fuer-e-mail-editor\/#breadcrumb\"},\"inLanguage\":\"de\",\"potentialAction\":[{\"@type\":\"ReadAction\",\"target\":[\"https:\/\/www.newslettercreator.com\/de\/inline-css-fuer-e-mail-editor\/\"]}]},{\"@type\":\"ImageObject\",\"inLanguage\":\"de\",\"@id\":\"https:\/\/www.newslettercreator.com\/de\/inline-css-fuer-e-mail-editor\/#primaryimage\",\"url\":\"http:\/\/www.newslettercreator.com\/wp-content\/uploads\/2015\/09\/inline-css-for-email-editor.jpg\",\"contentUrl\":\"http:\/\/www.newslettercreator.com\/wp-content\/uploads\/2015\/09\/inline-css-for-email-editor.jpg\"},{\"@type\":\"BreadcrumbList\",\"@id\":\"https:\/\/www.newslettercreator.com\/de\/inline-css-fuer-e-mail-editor\/#breadcrumb\",\"itemListElement\":[{\"@type\":\"ListItem\",\"position\":1,\"name\":\"Home\",\"item\":\"https:\/\/www.newslettercreator.com\/de\/\"},{\"@type\":\"ListItem\",\"position\":2,\"name\":\"CSS Inline Email: gro\u00dfartige Rundschreiben f\u00fcr jeden E-Mail-Nutzer\"}]},{\"@type\":\"WebSite\",\"@id\":\"https:\/\/www.newslettercreator.com\/#website\",\"url\":\"https:\/\/www.newslettercreator.com\/\",\"name\":\"Newsletter Creator\",\"description\":\"Pay off\",\"potentialAction\":[{\"@type\":\"SearchAction\",\"target\":{\"@type\":\"EntryPoint\",\"urlTemplate\":\"https:\/\/www.newslettercreator.com\/?s={search_term_string}\"},\"query-input\":{\"@type\":\"PropertyValueSpecification\",\"valueRequired\":true,\"valueName\":\"search_term_string\"}}],\"inLanguage\":\"de\"}]}<\/script>\n<!-- \/ Yoast SEO plugin. -->","yoast_head_json":{"title":"CSS Inline Email: gro\u00dfartige Rundschreiben f\u00fcr jeden E-Mail-Nutzer - Newsletter Creator","robots":{"index":"index","follow":"follow","max-snippet":"max-snippet:-1","max-image-preview":"max-image-preview:large","max-video-preview":"max-video-preview:-1"},"canonical":"https:\/\/www.newslettercreator.com\/de\/inline-css-fuer-e-mail-editor\/","og_locale":"de_DE","og_type":"article","og_title":"CSS Inline Email: gro\u00dfartige Rundschreiben f\u00fcr jeden E-Mail-Nutzer - Newsletter Creator","og_description":"Es passiert h\u00e4ufig, dass manche E-Mail-Nutzer die &lt;head&gt; und &lt;style&gt; Tags aus den HTML\/CSS Ihrer Rundschreiben l\u00f6schen. Man braucht kein Experte im Verwalten von Webseiten sein, um zu verstehen, dass dies die Wiedergabe Ihres Rundschreibens ruiniert und die komplette Arbeit vernichtet. Und glauben Sie nicht, dass dies kaum vorkommt: Gmail, eine der weltweit popul\u00e4rsten Dienste [&hellip;]","og_url":"https:\/\/www.newslettercreator.com\/de\/inline-css-fuer-e-mail-editor\/","og_site_name":"Newsletter Creator","article_modified_time":"2015-12-23T15:28:17+00:00","og_image":[{"url":"http:\/\/www.newslettercreator.com\/wp-content\/uploads\/2015\/09\/inline-css-for-email-editor.jpg","type":"","width":"","height":""}],"twitter_misc":{"Gesch\u00e4tzte Lesezeit":"2\u00a0Minuten"},"schema":{"@context":"https:\/\/schema.org","@graph":[{"@type":"WebPage","@id":"https:\/\/www.newslettercreator.com\/de\/inline-css-fuer-e-mail-editor\/","url":"https:\/\/www.newslettercreator.com\/de\/inline-css-fuer-e-mail-editor\/","name":"CSS Inline Email: gro\u00dfartige Rundschreiben f\u00fcr jeden E-Mail-Nutzer - Newsletter Creator","isPartOf":{"@id":"https:\/\/www.newslettercreator.com\/#website"},"primaryImageOfPage":{"@id":"https:\/\/www.newslettercreator.com\/de\/inline-css-fuer-e-mail-editor\/#primaryimage"},"image":{"@id":"https:\/\/www.newslettercreator.com\/de\/inline-css-fuer-e-mail-editor\/#primaryimage"},"thumbnailUrl":"http:\/\/www.newslettercreator.com\/wp-content\/uploads\/2015\/09\/inline-css-for-email-editor.jpg","datePublished":"2015-12-23T15:04:51+00:00","dateModified":"2015-12-23T15:28:17+00:00","breadcrumb":{"@id":"https:\/\/www.newslettercreator.com\/de\/inline-css-fuer-e-mail-editor\/#breadcrumb"},"inLanguage":"de","potentialAction":[{"@type":"ReadAction","target":["https:\/\/www.newslettercreator.com\/de\/inline-css-fuer-e-mail-editor\/"]}]},{"@type":"ImageObject","inLanguage":"de","@id":"https:\/\/www.newslettercreator.com\/de\/inline-css-fuer-e-mail-editor\/#primaryimage","url":"http:\/\/www.newslettercreator.com\/wp-content\/uploads\/2015\/09\/inline-css-for-email-editor.jpg","contentUrl":"http:\/\/www.newslettercreator.com\/wp-content\/uploads\/2015\/09\/inline-css-for-email-editor.jpg"},{"@type":"BreadcrumbList","@id":"https:\/\/www.newslettercreator.com\/de\/inline-css-fuer-e-mail-editor\/#breadcrumb","itemListElement":[{"@type":"ListItem","position":1,"name":"Home","item":"https:\/\/www.newslettercreator.com\/de\/"},{"@type":"ListItem","position":2,"name":"CSS Inline Email: gro\u00dfartige Rundschreiben f\u00fcr jeden E-Mail-Nutzer"}]},{"@type":"WebSite","@id":"https:\/\/www.newslettercreator.com\/#website","url":"https:\/\/www.newslettercreator.com\/","name":"Newsletter Creator","description":"Pay off","potentialAction":[{"@type":"SearchAction","target":{"@type":"EntryPoint","urlTemplate":"https:\/\/www.newslettercreator.com\/?s={search_term_string}"},"query-input":{"@type":"PropertyValueSpecification","valueRequired":true,"valueName":"search_term_string"}}],"inLanguage":"de"}]}},"_links":{"self":[{"href":"https:\/\/www.newslettercreator.com\/de\/wp-json\/wp\/v2\/pages\/4203","targetHints":{"allow":["GET"]}}],"collection":[{"href":"https:\/\/www.newslettercreator.com\/de\/wp-json\/wp\/v2\/pages"}],"about":[{"href":"https:\/\/www.newslettercreator.com\/de\/wp-json\/wp\/v2\/types\/page"}],"author":[{"embeddable":true,"href":"https:\/\/www.newslettercreator.com\/de\/wp-json\/wp\/v2\/users\/1"}],"replies":[{"embeddable":true,"href":"https:\/\/www.newslettercreator.com\/de\/wp-json\/wp\/v2\/comments?post=4203"}],"version-history":[{"count":7,"href":"https:\/\/www.newslettercreator.com\/de\/wp-json\/wp\/v2\/pages\/4203\/revisions"}],"predecessor-version":[{"id":4214,"href":"https:\/\/www.newslettercreator.com\/de\/wp-json\/wp\/v2\/pages\/4203\/revisions\/4214"}],"wp:attachment":[{"href":"https:\/\/www.newslettercreator.com\/de\/wp-json\/wp\/v2\/media?parent=4203"}],"curies":[{"name":"wp","href":"https:\/\/api.w.org\/{rel}","templated":true}]}}