{"id":5821,"date":"2017-05-23T07:10:40","date_gmt":"2017-05-23T07:10:40","guid":{"rendered":"http:\/\/www.newslettercreator.com\/?page_id=5821\/"},"modified":"2021-09-08T14:53:43","modified_gmt":"2021-09-08T12:53:43","slug":"was-ist-neu-in-mailstyler-2","status":"publish","type":"page","link":"https:\/\/www.newslettercreator.com\/de\/was-ist-neu-in-mailstyler-2\/","title":{"rendered":"Was ist neu in MailStyler"},"content":{"rendered":"<h1 style=\"text-align: center; line-height: 40px !important; margin-bottom: 10px !important; font-size: 34px !important;\">Was ist neu in MailStyler?<\/h1>\n<h2 style=\"text-align: center; font-size: 21px !important; line-height: 28px !important; color: #666 !important; margin-bottom: 50px;\">Alles. Nur die Einfachheit blieb erhalten, weil wir finden, dass Email-Marketing einfach sein soll.<\/h2>\n<ul class=\"g1-grid\"><li class=\"g1-column g1-one-half g1-valign-middle middle-align-no-mobile\">\n<p class=\"center-align-no-mobile\"><img decoding=\"async\" width=\"424\" height=\"312\" style=\"width: 90%;\" src=\"http:\/\/www.newslettercreator.com\/wp-content\/uploads\/2015\/09\/why-ms2-eng.png\" alt=\"Was ist neu in MailStyler?\" \/><\/p>\n<\/li><!-- -->\n<li class=\"g1-column g1-one-half g1-valign-top\">\n<p>Die neue Version von MailStyler enth\u00e4lt neue leistungsstarke Funktionen, entwickelt um Ihnen das Erstellen von Newslettern noch einfach zu machen.<br \/>\n<strong><br \/>\nWas sind die Neuigkeiten?<\/strong><\/p>\n<ul>\n<li>\u00d6ffnen und Speichern von Dateien aus der MailStyler-Cloud (nur PRO).<\/li>\n<li>Seitenpanels enthalten jetzt eine Map des gesamten Newsletters.<\/li>\n<li>Der Button-Stil unterst\u00fctzt jetzt Abst\u00e4nde f\u00fcr Texte in Zeile 1 und Zeile 2.<\/li>\n<li>Es wurde ein neuer Videoblock hinzugef\u00fcgt.<\/li>\n<li>Neue Men\u00fcs mit Quick Action und neuen Logos.<\/li>\n<li>Export zu Mail-Browsern.<\/li>\n<li>Bearbeitung \/ Vorschau von Betreff und Preheader.<\/li>\n<li>Quellbilder k\u00f6nnen nun in MailStyler-Dateien eingebettet werden, um sie einfach zu teilen und zu bearbeiten (nur PRO).<\/li>\n<li>Verbesserte Kompatibilit\u00e4t f\u00fcr responsive Vorlagen auf neueren E-Mail-Clients.<\/li>\n<\/ul>\n<\/li><!-- --><\/ul>\n<p style=\"text-align: center;\"><a class=\"button large orange no-margin-mobile\" style=\"margin-top: 20px; margin-right: 30px;\" title=\"Entdecken Sie den vollen Funktionsumfang\" href=\"http:\/\/www.newslettercreator.com\/de\/features\/\" target=\"_self\" rel=\"noopener noreferrer\">Entdecken Sie den vollen Funktionsumfang<\/a><a class=\"button large darkgray\" style=\"margin-top: 20px;\" title=\"MailStyler-Lizenzen vergleichen\" href=\"http:\/\/www.newslettercreator.com\/de\/preise\/\" target=\"_self\" rel=\"noopener noreferrer\">MailStyler-Lizenzen vergleichen<\/a><\/p>\n","protected":false},"excerpt":{"rendered":"<p>Was ist neu in MailStyler? Alles. Nur die Einfachheit blieb erhalten, weil wir finden, dass Email-Marketing einfach sein soll. Entdecken Sie den vollen FunktionsumfangMailStyler-Lizenzen vergleichen<\/p>\n","protected":false},"author":1,"featured_media":0,"parent":0,"menu_order":0,"comment_status":"closed","ping_status":"closed","template":"","meta":{"inline_featured_image":false,"_monsterinsights_skip_tracking":false,"_monsterinsights_sitenote_active":false,"_monsterinsights_sitenote_note":"","_monsterinsights_sitenote_category":0,"footnotes":""},"class_list":["post-5821","page","type-page","status-publish"],"yoast_head":"<!-- This site is optimized with the Yoast SEO plugin v25.2 - https:\/\/yoast.com\/wordpress\/plugins\/seo\/ -->\n<title>Was ist neu in MailStyler Newsletter Creator<\/title>\n<meta name=\"description\" content=\"Die neue Version von MailStyler enth\u00e4lt neue leistungsstarke Funktionen, entwickelt um Ihnen das Erstellen von Newslettern noch einfach zu machen.\" \/>\n<meta name=\"robots\" content=\"index, follow, max-snippet:-1, max-image-preview:large, max-video-preview:-1\" \/>\n<link rel=\"canonical\" href=\"https:\/\/www.newslettercreator.com\/de\/was-ist-neu-in-mailstyler-2\/\" \/>\n<meta property=\"og:locale\" content=\"de_DE\" \/>\n<meta property=\"og:type\" content=\"article\" \/>\n<meta property=\"og:title\" content=\"Was ist neu in MailStyler Newsletter Creator\" \/>\n<meta property=\"og:description\" content=\"Die neue Version von MailStyler enth\u00e4lt neue leistungsstarke Funktionen, entwickelt um Ihnen das Erstellen von Newslettern noch einfach zu machen.\" \/>\n<meta property=\"og:url\" content=\"https:\/\/www.newslettercreator.com\/de\/was-ist-neu-in-mailstyler-2\/\" \/>\n<meta property=\"og:site_name\" content=\"Newsletter Creator\" \/>\n<meta property=\"article:modified_time\" content=\"2021-09-08T12:53:43+00:00\" \/>\n<meta property=\"og:image\" content=\"http:\/\/www.newslettercreator.com\/wp-content\/uploads\/2015\/09\/why-ms2-eng.png\" \/>\n<meta name=\"twitter:label1\" content=\"Gesch\u00e4tzte Lesezeit\" \/>\n\t<meta name=\"twitter:data1\" content=\"1\u00a0Minute\" \/>\n<script type=\"application\/ld+json\" class=\"yoast-schema-graph\">{\"@context\":\"https:\/\/schema.org\",\"@graph\":[{\"@type\":\"WebPage\",\"@id\":\"https:\/\/www.newslettercreator.com\/de\/was-ist-neu-in-mailstyler-2\/\",\"url\":\"https:\/\/www.newslettercreator.com\/de\/was-ist-neu-in-mailstyler-2\/\",\"name\":\"Was ist neu in MailStyler Newsletter Creator\",\"isPartOf\":{\"@id\":\"https:\/\/www.newslettercreator.com\/#website\"},\"primaryImageOfPage\":{\"@id\":\"https:\/\/www.newslettercreator.com\/de\/was-ist-neu-in-mailstyler-2\/#primaryimage\"},\"image\":{\"@id\":\"https:\/\/www.newslettercreator.com\/de\/was-ist-neu-in-mailstyler-2\/#primaryimage\"},\"thumbnailUrl\":\"http:\/\/www.newslettercreator.com\/wp-content\/uploads\/2015\/09\/why-ms2-eng.png\",\"datePublished\":\"2017-05-23T07:10:40+00:00\",\"dateModified\":\"2021-09-08T12:53:43+00:00\",\"description\":\"Die neue Version von MailStyler enth\u00e4lt neue leistungsstarke Funktionen, entwickelt um Ihnen das Erstellen von Newslettern noch einfach zu machen.\",\"breadcrumb\":{\"@id\":\"https:\/\/www.newslettercreator.com\/de\/was-ist-neu-in-mailstyler-2\/#breadcrumb\"},\"inLanguage\":\"de\",\"potentialAction\":[{\"@type\":\"ReadAction\",\"target\":[\"https:\/\/www.newslettercreator.com\/de\/was-ist-neu-in-mailstyler-2\/\"]}]},{\"@type\":\"ImageObject\",\"inLanguage\":\"de\",\"@id\":\"https:\/\/www.newslettercreator.com\/de\/was-ist-neu-in-mailstyler-2\/#primaryimage\",\"url\":\"http:\/\/www.newslettercreator.com\/wp-content\/uploads\/2015\/09\/why-ms2-eng.png\",\"contentUrl\":\"http:\/\/www.newslettercreator.com\/wp-content\/uploads\/2015\/09\/why-ms2-eng.png\"},{\"@type\":\"BreadcrumbList\",\"@id\":\"https:\/\/www.newslettercreator.com\/de\/was-ist-neu-in-mailstyler-2\/#breadcrumb\",\"itemListElement\":[{\"@type\":\"ListItem\",\"position\":1,\"name\":\"Home\",\"item\":\"https:\/\/www.newslettercreator.com\/de\/\"},{\"@type\":\"ListItem\",\"position\":2,\"name\":\"Was ist neu in MailStyler\"}]},{\"@type\":\"WebSite\",\"@id\":\"https:\/\/www.newslettercreator.com\/#website\",\"url\":\"https:\/\/www.newslettercreator.com\/\",\"name\":\"Newsletter Creator\",\"description\":\"Pay off\",\"potentialAction\":[{\"@type\":\"SearchAction\",\"target\":{\"@type\":\"EntryPoint\",\"urlTemplate\":\"https:\/\/www.newslettercreator.com\/?s={search_term_string}\"},\"query-input\":{\"@type\":\"PropertyValueSpecification\",\"valueRequired\":true,\"valueName\":\"search_term_string\"}}],\"inLanguage\":\"de\"}]}<\/script>\n<!-- \/ Yoast SEO plugin. -->","yoast_head_json":{"title":"Was ist neu in MailStyler Newsletter Creator","description":"Die neue Version von MailStyler enth\u00e4lt neue leistungsstarke Funktionen, entwickelt um Ihnen das Erstellen von Newslettern noch einfach zu machen.","robots":{"index":"index","follow":"follow","max-snippet":"max-snippet:-1","max-image-preview":"max-image-preview:large","max-video-preview":"max-video-preview:-1"},"canonical":"https:\/\/www.newslettercreator.com\/de\/was-ist-neu-in-mailstyler-2\/","og_locale":"de_DE","og_type":"article","og_title":"Was ist neu in MailStyler Newsletter Creator","og_description":"Die neue Version von MailStyler enth\u00e4lt neue leistungsstarke Funktionen, entwickelt um Ihnen das Erstellen von Newslettern noch einfach zu machen.","og_url":"https:\/\/www.newslettercreator.com\/de\/was-ist-neu-in-mailstyler-2\/","og_site_name":"Newsletter Creator","article_modified_time":"2021-09-08T12:53:43+00:00","og_image":[{"url":"http:\/\/www.newslettercreator.com\/wp-content\/uploads\/2015\/09\/why-ms2-eng.png","type":"","width":"","height":""}],"twitter_misc":{"Gesch\u00e4tzte Lesezeit":"1\u00a0Minute"},"schema":{"@context":"https:\/\/schema.org","@graph":[{"@type":"WebPage","@id":"https:\/\/www.newslettercreator.com\/de\/was-ist-neu-in-mailstyler-2\/","url":"https:\/\/www.newslettercreator.com\/de\/was-ist-neu-in-mailstyler-2\/","name":"Was ist neu in MailStyler Newsletter Creator","isPartOf":{"@id":"https:\/\/www.newslettercreator.com\/#website"},"primaryImageOfPage":{"@id":"https:\/\/www.newslettercreator.com\/de\/was-ist-neu-in-mailstyler-2\/#primaryimage"},"image":{"@id":"https:\/\/www.newslettercreator.com\/de\/was-ist-neu-in-mailstyler-2\/#primaryimage"},"thumbnailUrl":"http:\/\/www.newslettercreator.com\/wp-content\/uploads\/2015\/09\/why-ms2-eng.png","datePublished":"2017-05-23T07:10:40+00:00","dateModified":"2021-09-08T12:53:43+00:00","description":"Die neue Version von MailStyler enth\u00e4lt neue leistungsstarke Funktionen, entwickelt um Ihnen das Erstellen von Newslettern noch einfach zu machen.","breadcrumb":{"@id":"https:\/\/www.newslettercreator.com\/de\/was-ist-neu-in-mailstyler-2\/#breadcrumb"},"inLanguage":"de","potentialAction":[{"@type":"ReadAction","target":["https:\/\/www.newslettercreator.com\/de\/was-ist-neu-in-mailstyler-2\/"]}]},{"@type":"ImageObject","inLanguage":"de","@id":"https:\/\/www.newslettercreator.com\/de\/was-ist-neu-in-mailstyler-2\/#primaryimage","url":"http:\/\/www.newslettercreator.com\/wp-content\/uploads\/2015\/09\/why-ms2-eng.png","contentUrl":"http:\/\/www.newslettercreator.com\/wp-content\/uploads\/2015\/09\/why-ms2-eng.png"},{"@type":"BreadcrumbList","@id":"https:\/\/www.newslettercreator.com\/de\/was-ist-neu-in-mailstyler-2\/#breadcrumb","itemListElement":[{"@type":"ListItem","position":1,"name":"Home","item":"https:\/\/www.newslettercreator.com\/de\/"},{"@type":"ListItem","position":2,"name":"Was ist neu in MailStyler"}]},{"@type":"WebSite","@id":"https:\/\/www.newslettercreator.com\/#website","url":"https:\/\/www.newslettercreator.com\/","name":"Newsletter Creator","description":"Pay off","potentialAction":[{"@type":"SearchAction","target":{"@type":"EntryPoint","urlTemplate":"https:\/\/www.newslettercreator.com\/?s={search_term_string}"},"query-input":{"@type":"PropertyValueSpecification","valueRequired":true,"valueName":"search_term_string"}}],"inLanguage":"de"}]}},"_links":{"self":[{"href":"https:\/\/www.newslettercreator.com\/de\/wp-json\/wp\/v2\/pages\/5821","targetHints":{"allow":["GET"]}}],"collection":[{"href":"https:\/\/www.newslettercreator.com\/de\/wp-json\/wp\/v2\/pages"}],"about":[{"href":"https:\/\/www.newslettercreator.com\/de\/wp-json\/wp\/v2\/types\/page"}],"author":[{"embeddable":true,"href":"https:\/\/www.newslettercreator.com\/de\/wp-json\/wp\/v2\/users\/1"}],"replies":[{"embeddable":true,"href":"https:\/\/www.newslettercreator.com\/de\/wp-json\/wp\/v2\/comments?post=5821"}],"version-history":[{"count":6,"href":"https:\/\/www.newslettercreator.com\/de\/wp-json\/wp\/v2\/pages\/5821\/revisions"}],"predecessor-version":[{"id":11398,"href":"https:\/\/www.newslettercreator.com\/de\/wp-json\/wp\/v2\/pages\/5821\/revisions\/11398"}],"wp:attachment":[{"href":"https:\/\/www.newslettercreator.com\/de\/wp-json\/wp\/v2\/media?parent=5821"}],"curies":[{"name":"wp","href":"https:\/\/api.w.org\/{rel}","templated":true}]}}