{"id":6029,"date":"2017-06-14T06:18:27","date_gmt":"2017-06-14T06:18:27","guid":{"rendered":"http:\/\/www.newslettercreator.com\/?page_id=6029\/"},"modified":"2021-09-08T15:32:37","modified_gmt":"2021-09-08T13:32:37","slug":"upgrade-mailstyler-2","status":"publish","type":"page","link":"https:\/\/www.newslettercreator.com\/de\/upgrade-mailstyler-2\/","title":{"rendered":"Sie wollen aus Ihrem Email-Marketing alles herausholen? Wechseln Sie zu MailStyler"},"content":{"rendered":"<ul class=\"g1-grid\"><li class=\"g1-column g1-two-fifth g1-valign-top\">\n<p style=\"background-color: #F4F4F4; text-align: center; padding: 7px; border-radius: 5px;\"><i id=\"icon-1\" class=\"g1-icon g1-icon--none g1-icon--small g1-icon--inherit  fa fa-info-circle\"><\/i> <strong>Wenn Sie MailStyler 1 zwischen Februar 2017 und Mai 2017 gekauft haben, k\u00f6nnen Sie <a href=\"http:\/\/www.newslettercreator.com\/de\/gratis-upgrade-mailstyler-2\/\" title=\"Kostenlos auf MailStyler upgraden\">kostenlos auf MailStyler upgraden!<\/a><\/strong><\/p>\n<div id=\"upgrade-form\" class=\"form-row\">\n<div class=\"g1-message g1-message--error \" id=\"upgError\" style=\"display: none\">\n<div class=\"g1-inner\">Praesent sed mauris turpis, at molestie enim<\/div>\n<\/div>\n<p><strong>Email<\/strong>:<br \/>\n<input id=\"upg_email\" style=\"width: 100%;\" name=\"email\" type=\"text\" value=\"\" placeholder=\"email\"><\/p>\n<p><strong>Lizenznummer<\/strong>:<br \/>\n<input id=\"upg_licence\" style=\"width: 100%;\" name=\"licence\" type=\"text\" value=\"\" placeholder=\"Lizenznummer\"><br \/>\n<small>format: xxxx-xxxx-xxxx-xxxx<\/small><\/p>\n<p><input id=\"upg_action\" name=\"action\" type=\"hidden\" value=\"MSUPG12\"><input id=\"upgrade_submit_v2\" class=\"button large orange\" type=\"submit\" value=\"Auf MailStyler UPGRADEN\"><\/div>\n<\/li><!-- -->\n<li class=\"g1-column g1-three-fifth g1-valign-top\">Durch das Upgrade erhalten Sie die gleichwertige oder h\u00f6here Version Ihrer derzeitigen Lizenz und Sie k\u00f6nnen <strong>alle neuen Funktionen von MailStyler sofort benutzen<\/strong>.<\/p>\n<p>Unsere bestehenden MailStyler-1-Kunden profitieren beim Upgraden von einem <strong>unglaublich g\u00fcnstigen Angebot<\/strong>: Geben Sie im Formular Ihre Lizenznummer ein und genie\u00dfen Sie einen <strong>Nachlass<\/strong>, abh\u00e4ngig von Ihrer Version.<\/p>\n<style type=\"text\/css\" scoped=\"scoped\">ul.save li {padding-left: 0px; text-align: left; border-color: #fff !important;} ul.save li:first-child {padding-bottom: 0px!important;} ul.save li:last-child {border-color: #999 !important;} ul.save li > .fa:first-child {margin-left: 0px;} i.g1-icon--small {width: 15px; height: 15px;}<\/style>\n<style type=\"text\/css\" scoped=\"scoped\">#g1-list-1 li > i[class*=\"fa-\"]:first-child {color: #666666;}<\/style>\n<ul id=\"g1-list-1\" class=\"g1-list--icon g1-list--simple save\">\n<li><i class=\"fa fa-tag g1-list__icon\"><\/i>Von MailStyler 1 <strong>Basic <\/strong>zu MailStyler <strong>Basic<\/strong> > $59<!-- USD --> (<strong>Sie sparen $40<!-- USD --><\/strong>)<\/li>\n<li><i class=\"fa fa-tag g1-list__icon\"><\/i>Von MailStyler 1 <strong>Basic <\/strong>zu MailStyler <strong>Pro <\/strong> > $129<!-- USD --> (<strong>Sie sparen $70<!-- USD --><\/strong>)<\/li>\n<li><i class=\"fa fa-tag g1-list__icon\"><\/i>Von MailStyler 1 <strong>Pro <\/strong>zu MailStyler <strong>Pro <\/strong> > $99<!-- USD --> (<strong>Sie sparen $100<!-- USD --><\/strong>)<\/li>\n<\/ul>\n<br \/>\n<\/li><!-- --><\/ul>\n<div>\n\r\n<script type='text\/javascript'>\r\nvar upg_lang = \"en\";\r\nvar upg_error = new Array(\r\n   \"Bitte beide Felder ausf\u00fcllen\",\r\n   \"Bitte geben Sie eine g\u00fcltige Emailadresse ein.\",\r\n   \"Bitte \u00fcberpr\u00fcfen Sie das Format der Lizenznummer.\",\r\n   \"Lizenz nicht gefunden, bitte pr\u00fcfen Sie nochmal.\",\r\n   \"Die eingegebene Lizenz ist nicht f\u00fcr ein Upgrade zul\u00e4ssig.\",\r\n   \"Die Lizenznummer geh\u00f6rt zu einer anderen Emailadresse.\",\r\n   \"Zu dieser Lizenz hat bereits ein Upgrade stattgefunden.<br>Bitte kontaktieren Sie <a href=\\\"http:\/\/support.newslettercreator.com\\\">unseren technischen Support<\/a> f\u00fcr mehr Infos.\"\r\n);\r\n<\/script>\r\n\n<\/div>\n<p>&nbsp;<\/p>\n<h2>Was ist neu in MailStyler?<\/h2>\n<div id=\"g1-table-1\" class=\"g1-table g1-table--solid \">\n<table>\n<thead>\n<tr>\n<th>Das kann die Software:<\/th>\n<th>MailStyler 1<\/th>\n<th>MailStyler<\/th>\n<\/tr>\n<\/thead>\n<tbody>\n<tr>\n<td><strong>Ben\u00f6tigt keine HTML-Kenntnisse<\/strong><\/td>\n<td><style type=\"text\/css\" scoped=\"scoped\">#icon-2.g1-icon { color: #5ebf0f; }<\/style>\n<i id=\"icon-2\" class=\"g1-icon g1-icon--none g1-icon--medium g1-icon--inherit  fa fa-check-square-o\"><\/i><\/td>\n<td><style type=\"text\/css\" scoped=\"scoped\">#icon-3.g1-icon { color: #5ebf0f; }<\/style>\n<i id=\"icon-3\" class=\"g1-icon g1-icon--none g1-icon--medium g1-icon--inherit  fa fa-check-square-o\"><\/i><\/td>\n<\/tr>\n<tr>\n<td><strong>Ist kompatibel mit allen Desktop- und mobilen Email-Programmen <\/strong> (Gmail, Outlook, Hotmail, usw.)<\/td>\n<td><style type=\"text\/css\" scoped=\"scoped\">#icon-4.g1-icon { color: #5ebf0f; }<\/style>\n<i id=\"icon-4\" class=\"g1-icon g1-icon--none g1-icon--medium g1-icon--inherit  fa fa-check-square-o\"><\/i><\/td>\n<td><style type=\"text\/css\" scoped=\"scoped\">#icon-5.g1-icon { color: #5ebf0f; }<\/style>\n<i id=\"icon-5\" class=\"g1-icon g1-icon--none g1-icon--medium g1-icon--inherit  fa fa-check-square-o\"><\/i><\/td>\n<\/tr>\n<tr>\n<td style=\"padding-left: 45px;\">&#8211; Enth\u00e4lt individuell anpassbare Bl\u00f6cke im Responsive Design<\/td>\n<td><style type=\"text\/css\" scoped=\"scoped\">#icon-6.g1-icon { color: #e32d2d; }<\/style>\n<i id=\"icon-6\" class=\"g1-icon g1-icon--none g1-icon--medium g1-icon--inherit  fa fa-times\"><\/i><\/td>\n<td><style type=\"text\/css\" scoped=\"scoped\">#icon-7.g1-icon { color: #5ebf0f; }<\/style>\n<i id=\"icon-7\" class=\"g1-icon g1-icon--none g1-icon--medium g1-icon--inherit  fa fa-check-square-o\"><\/i><\/td>\n<\/tr>\n<tr>\n<td><strong>Ist kompatibel mit f\u00fchrenden Email-Marketing-Programmen <\/strong> (eMailChef, SendBlaster, Mailchimp, usw.)<\/td>\n<td><style type=\"text\/css\" scoped=\"scoped\">#icon-8.g1-icon { color: #5ebf0f; }<\/style>\n<i id=\"icon-8\" class=\"g1-icon g1-icon--none g1-icon--medium g1-icon--inherit  fa fa-check-square-o\"><\/i><\/td>\n<td><style type=\"text\/css\" scoped=\"scoped\">#icon-9.g1-icon { color: #5ebf0f; }<\/style>\n<i id=\"icon-9\" class=\"g1-icon g1-icon--none g1-icon--medium g1-icon--inherit  fa fa-check-square-o\"><\/i><\/td>\n<\/tr>\n<tr>\n<td><strong>Erstellt Vorlagen mittels Drag&#038;Drop<\/strong><\/td>\n<td><style type=\"text\/css\" scoped=\"scoped\">#icon-10.g1-icon { color: #5ebf0f; }<\/style>\n<i id=\"icon-10\" class=\"g1-icon g1-icon--none g1-icon--medium g1-icon--inherit  fa fa-check-square-o\"><\/i><\/td>\n<td><style type=\"text\/css\" scoped=\"scoped\">#icon-11.g1-icon { color: #5ebf0f; }<\/style>\n<i id=\"icon-11\" class=\"g1-icon g1-icon--none g1-icon--medium g1-icon--inherit  fa fa-check-square-o\"><\/i><\/td>\n<\/tr>\n<tr>\n<td style=\"padding-left: 45px;\">&#8211; F\u00fcgt vorgefertigten Bl\u00f6cken weitere Elemente hinzu (Bilder, Schaltfl\u00e4chen, Texte, usw.)<\/td>\n<td><style type=\"text\/css\" scoped=\"scoped\">#icon-12.g1-icon { color: #e32d2d; }<\/style>\n<i id=\"icon-12\" class=\"g1-icon g1-icon--none g1-icon--medium g1-icon--inherit  fa fa-times\"><\/i><\/td>\n<td><style type=\"text\/css\" scoped=\"scoped\">#icon-13.g1-icon { color: #5ebf0f; }<\/style>\n<i id=\"icon-13\" class=\"g1-icon g1-icon--none g1-icon--medium g1-icon--inherit  fa fa-check-square-o\"><\/i><\/td>\n<\/tr>\n<tr>\n<td style=\"padding-left: 45px;\">&#8211; \u00c4ndert uneingeschr\u00e4nkt die Gr\u00f6\u00dfe von Bl\u00f6cken und Zellinhalten<\/td>\n<td><style type=\"text\/css\" scoped=\"scoped\">#icon-14.g1-icon { color: #e32d2d; }<\/style>\n<i id=\"icon-14\" class=\"g1-icon g1-icon--none g1-icon--medium g1-icon--inherit  fa fa-times\"><\/i><\/td>\n<td><style type=\"text\/css\" scoped=\"scoped\">#icon-15.g1-icon { color: #5ebf0f; }<\/style>\n<i id=\"icon-15\" class=\"g1-icon g1-icon--none g1-icon--medium g1-icon--inherit  fa fa-check-square-o\"><\/i><\/td>\n<\/tr>\n<tr>\n<td style=\"padding-left: 45px;\">&#8211; Verbindet oder trennt zwei oder mehr Zellen<\/td>\n<td><style type=\"text\/css\" scoped=\"scoped\">#icon-16.g1-icon { color: #e32d2d; }<\/style>\n<i id=\"icon-16\" class=\"g1-icon g1-icon--none g1-icon--medium g1-icon--inherit  fa fa-times\"><\/i><\/td>\n<td><style type=\"text\/css\" scoped=\"scoped\">#icon-17.g1-icon { color: #5ebf0f; }<\/style>\n<i id=\"icon-17\" class=\"g1-icon g1-icon--none g1-icon--medium g1-icon--inherit  fa fa-check-square-o\"><\/i><\/td>\n<\/tr>\n<tr>\n<td style=\"padding-left: 45px;\">&#8211; Klont Stile von Bl\u00f6cken oder Zellen<\/td>\n<td><style type=\"text\/css\" scoped=\"scoped\">#icon-18.g1-icon { color: #e32d2d; }<\/style>\n<i id=\"icon-18\" class=\"g1-icon g1-icon--none g1-icon--medium g1-icon--inherit  fa fa-times\"><\/i><\/td>\n<td><style type=\"text\/css\" scoped=\"scoped\">#icon-19.g1-icon { color: #5ebf0f; }<\/style>\n<i id=\"icon-19\" class=\"g1-icon g1-icon--none g1-icon--medium g1-icon--inherit  fa fa-check-square-o\"><\/i><\/td>\n<\/tr>\n<tr>\n<td style=\"padding-left: 45px;\">&#8211; Passt Social Media-Symbole stilistisch dem Newsletter an<\/td>\n<td><style type=\"text\/css\" scoped=\"scoped\">#icon-20.g1-icon { color: #e32d2d; }<\/style>\n<i id=\"icon-20\" class=\"g1-icon g1-icon--none g1-icon--medium g1-icon--inherit  fa fa-times\"><\/i><\/td>\n<td><style type=\"text\/css\" scoped=\"scoped\">#icon-21.g1-icon { color: #5ebf0f; }<\/style>\n<i id=\"icon-21\" class=\"g1-icon g1-icon--none g1-icon--medium g1-icon--inherit  fa fa-check-square-o\"><\/i><\/td>\n<\/tr>\n<tr>\n<td style=\"padding-left: 45px;\">&#8211; Speichert angepasste Elemente in der Bibliothek (Bilder, Schaltfl\u00e4chen, Texte, usw.)<\/td>\n<td><style type=\"text\/css\" scoped=\"scoped\">#icon-22.g1-icon { color: #e32d2d; }<\/style>\n<i id=\"icon-22\" class=\"g1-icon g1-icon--none g1-icon--medium g1-icon--inherit  fa fa-times\"><\/i><\/td>\n<td><style type=\"text\/css\" scoped=\"scoped\">#icon-23.g1-icon { color: #5ebf0f; }<\/style>\n<i id=\"icon-23\" class=\"g1-icon g1-icon--none g1-icon--medium g1-icon--inherit  fa fa-check-square-o\"><\/i><\/td>\n<\/tr>\n<tr>\n<td style=\"padding-left: 45px;\">&#8211; Speichert angepasste Bl\u00f6cke in der Bibliothek<\/td>\n<td><style type=\"text\/css\" scoped=\"scoped\">#icon-24.g1-icon { color: #e32d2d; }<\/style>\n<i id=\"icon-24\" class=\"g1-icon g1-icon--none g1-icon--medium g1-icon--inherit  fa fa-times\"><\/i><\/td>\n<td><style type=\"text\/css\" scoped=\"scoped\">#icon-25.g1-icon { color: #5ebf0f; }<\/style>\n<i id=\"icon-25\" class=\"g1-icon g1-icon--none g1-icon--medium g1-icon--inherit  fa fa-check-square-o\"><\/i><\/td>\n<\/tr>\n<tr>\n<td><strong>Enth\u00e4lt einen internen Grafik-Editor<\/strong><\/td>\n<td><style type=\"text\/css\" scoped=\"scoped\">#icon-26.g1-icon { color: #5ebf0f; }<\/style>\n<i id=\"icon-26\" class=\"g1-icon g1-icon--none g1-icon--medium g1-icon--inherit  fa fa-check-square-o\"><\/i><\/td>\n<td><style type=\"text\/css\" scoped=\"scoped\">#icon-27.g1-icon { color: #5ebf0f; }<\/style>\n<i id=\"icon-27\" class=\"g1-icon g1-icon--none g1-icon--medium g1-icon--inherit  fa fa-check-square-o\"><\/i><\/td>\n<\/tr>\n<tr>\n<td style=\"padding-left: 45px;\">&#8211; Trimmt Bilder und \u00e4ndert deren Gr\u00f6\u00dfe<\/td>\n<td><style type=\"text\/css\" scoped=\"scoped\">#icon-28.g1-icon { color: #5ebf0f; }<\/style>\n<i id=\"icon-28\" class=\"g1-icon g1-icon--none g1-icon--medium g1-icon--inherit  fa fa-check-square-o\"><\/i><\/td>\n<td><style type=\"text\/css\" scoped=\"scoped\">#icon-29.g1-icon { color: #5ebf0f; }<\/style>\n<i id=\"icon-29\" class=\"g1-icon g1-icon--none g1-icon--medium g1-icon--inherit  fa fa-check-square-o\"><\/i><\/td>\n<\/tr>\n<tr>\n<td style=\"padding-left: 45px;\">&#8211; Legt mehrere Bilder \u00fcbereinander<\/td>\n<td><style type=\"text\/css\" scoped=\"scoped\">#icon-30.g1-icon { color: #e32d2d; }<\/style>\n<i id=\"icon-30\" class=\"g1-icon g1-icon--none g1-icon--medium g1-icon--inherit  fa fa-times\"><\/i><\/td>\n<td><style type=\"text\/css\" scoped=\"scoped\">#icon-31.g1-icon { color: #5ebf0f; }<\/style>\n<i id=\"icon-31\" class=\"g1-icon g1-icon--none g1-icon--medium g1-icon--inherit  fa fa-check-square-o\"><\/i><\/td>\n<\/tr>\n<tr>\n<td style=\"padding-left: 45px;\">&#8211; \u00dcberlagert Texte und Bilder<\/td>\n<td><style type=\"text\/css\" scoped=\"scoped\">#icon-32.g1-icon { color: #e32d2d; }<\/style>\n<i id=\"icon-32\" class=\"g1-icon g1-icon--none g1-icon--medium g1-icon--inherit  fa fa-times\"><\/i><\/td>\n<td><style type=\"text\/css\" scoped=\"scoped\">#icon-33.g1-icon { color: #5ebf0f; }<\/style>\n<i id=\"icon-33\" class=\"g1-icon g1-icon--none g1-icon--medium g1-icon--inherit  fa fa-check-square-o\"><\/i><\/td>\n<\/tr>\n<tr>\n<td style=\"padding-left: 45px;\">&#8211; Bietet Bildeffekte mittels einstellbarer Transparenz und Deckkraft<\/td>\n<td><style type=\"text\/css\" scoped=\"scoped\">#icon-34.g1-icon { color: #e32d2d; }<\/style>\n<i id=\"icon-34\" class=\"g1-icon g1-icon--none g1-icon--medium g1-icon--inherit  fa fa-times\"><\/i><\/td>\n<td><style type=\"text\/css\" scoped=\"scoped\">#icon-35.g1-icon { color: #5ebf0f; }<\/style>\n<i id=\"icon-35\" class=\"g1-icon g1-icon--none g1-icon--medium g1-icon--inherit  fa fa-check-square-o\"><\/i><\/td>\n<\/tr>\n<tr>\n<td style=\"padding-left: 45px;\">&#8211; Bietet Grafikeffekte f\u00fcr Texte \u00fcber Bildern<\/td>\n<td><style type=\"text\/css\" scoped=\"scoped\">#icon-36.g1-icon { color: #e32d2d; }<\/style>\n<i id=\"icon-36\" class=\"g1-icon g1-icon--none g1-icon--medium g1-icon--inherit  fa fa-times\"><\/i><\/td>\n<td><style type=\"text\/css\" scoped=\"scoped\">#icon-37.g1-icon { color: #5ebf0f; }<\/style>\n<i id=\"icon-37\" class=\"g1-icon g1-icon--none g1-icon--medium g1-icon--inherit  fa fa-check-square-o\"><\/i><\/td>\n<\/tr>\n<tr>\n<td style=\"padding-left: 45px;\">&#8211; Beinhaltet eine hochaufgel\u00f6ste Bilder-Bibliothek<\/td>\n<td><style type=\"text\/css\" scoped=\"scoped\">#icon-38.g1-icon { color: #5ebf0f; }<\/style>\n<i id=\"icon-38\" class=\"g1-icon g1-icon--none g1-icon--medium g1-icon--inherit  fa fa-check-square-o\"><\/i><\/td>\n<td><style type=\"text\/css\" scoped=\"scoped\">#icon-39.g1-icon { color: #5ebf0f; }<\/style>\n<i id=\"icon-39\" class=\"g1-icon g1-icon--none g1-icon--medium g1-icon--inherit  fa fa-check-square-o\"><\/i><\/td>\n<\/tr>\n<tr>\n<td style=\"padding-left: 45px;\">&#8211; Beinhaltet eine hochaufgel\u00f6ste Bibliothek f\u00fcr Label und Banner<\/td>\n<td><style type=\"text\/css\" scoped=\"scoped\">#icon-40.g1-icon { color: #e32d2d; }<\/style>\n<i id=\"icon-40\" class=\"g1-icon g1-icon--none g1-icon--medium g1-icon--inherit  fa fa-times\"><\/i><\/td>\n<td><style type=\"text\/css\" scoped=\"scoped\">#icon-41.g1-icon { color: #5ebf0f; }<\/style>\n<i id=\"icon-41\" class=\"g1-icon g1-icon--none g1-icon--medium g1-icon--inherit  fa fa-check-square-o\"><\/i><\/td>\n<\/tr>\n<tr>\n<td><strong>Enth\u00e4lt einen Export-Assistenten<\/strong><\/td>\n<td><style type=\"text\/css\" scoped=\"scoped\">#icon-42.g1-icon { color: #5ebf0f; }<\/style>\n<i id=\"icon-42\" class=\"g1-icon g1-icon--none g1-icon--medium g1-icon--inherit  fa fa-check-square-o\"><\/i><\/td>\n<td><style type=\"text\/css\" scoped=\"scoped\">#icon-43.g1-icon { color: #5ebf0f; }<\/style>\n<i id=\"icon-43\" class=\"g1-icon g1-icon--none g1-icon--medium g1-icon--inherit  fa fa-check-square-o\"><\/i><\/td>\n<\/tr>\n<tr>\n<td style=\"padding-left: 45px;\">&#8211; Stellt spezifischen Cloud-Speicher bereit<\/td>\n<td><style type=\"text\/css\" scoped=\"scoped\">#icon-44.g1-icon { color: #5ebf0f; }<\/style>\n<i id=\"icon-44\" class=\"g1-icon g1-icon--none g1-icon--medium g1-icon--inherit  fa fa-check-square-o\"><\/i><\/td>\n<td><style type=\"text\/css\" scoped=\"scoped\">#icon-45.g1-icon { color: #5ebf0f; }<\/style>\n<i id=\"icon-45\" class=\"g1-icon g1-icon--none g1-icon--medium g1-icon--inherit  fa fa-check-square-o\"><\/i><\/td>\n<\/tr>\n<tr>\n<td style=\"padding-left: 45px;\">&#8211; Exportiert Vorlagen im pdf-Format<\/td>\n<td><style type=\"text\/css\" scoped=\"scoped\">#icon-46.g1-icon { color: #e32d2d; }<\/style>\n<i id=\"icon-46\" class=\"g1-icon g1-icon--none g1-icon--medium g1-icon--inherit  fa fa-times\"><\/i><\/td>\n<td><style type=\"text\/css\" scoped=\"scoped\">#icon-47.g1-icon { color: #5ebf0f; }<\/style>\n<i id=\"icon-47\" class=\"g1-icon g1-icon--none g1-icon--medium g1-icon--inherit  fa fa-check-square-o\"><\/i><\/td>\n<\/tr>\n<tr>\n<td style=\"padding-left: 45px;\">&#8211; Optimiert jpeg-Dateien<\/td>\n<td><style type=\"text\/css\" scoped=\"scoped\">#icon-48.g1-icon { color: #5ebf0f; }<\/style>\n<i id=\"icon-48\" class=\"g1-icon g1-icon--none g1-icon--medium g1-icon--inherit  fa fa-check-square-o\"><\/i><\/td>\n<td><style type=\"text\/css\" scoped=\"scoped\">#icon-49.g1-icon { color: #5ebf0f; }<\/style>\n<i id=\"icon-49\" class=\"g1-icon g1-icon--none g1-icon--medium g1-icon--inherit  fa fa-check-square-o\"><\/i><\/td>\n<\/tr>\n<tr>\n<td style=\"padding-left: 45px;\">&#8211; Optimiert png-Dateien<\/td>\n<td><style type=\"text\/css\" scoped=\"scoped\">#icon-50.g1-icon { color: #e32d2d; }<\/style>\n<i id=\"icon-50\" class=\"g1-icon g1-icon--none g1-icon--medium g1-icon--inherit  fa fa-times\"><\/i><\/td>\n<td><style type=\"text\/css\" scoped=\"scoped\">#icon-51.g1-icon { color: #5ebf0f; }<\/style>\n<i id=\"icon-51\" class=\"g1-icon g1-icon--none g1-icon--medium g1-icon--inherit  fa fa-check-square-o\"><\/i><\/td>\n<\/tr>\n<tr>\n<td><strong>Speichert erstellte Vorlagen auf Ihrem PC<\/strong><\/td>\n<td><style type=\"text\/css\" scoped=\"scoped\">#icon-52.g1-icon { color: #5ebf0f; }<\/style>\n<i id=\"icon-52\" class=\"g1-icon g1-icon--none g1-icon--medium g1-icon--inherit  fa fa-check-square-o\"><\/i><\/td>\n<td><style type=\"text\/css\" scoped=\"scoped\">#icon-53.g1-icon { color: #5ebf0f; }<\/style>\n<i id=\"icon-53\" class=\"g1-icon g1-icon--none g1-icon--medium g1-icon--inherit  fa fa-check-square-o\"><\/i><\/td>\n<\/tr>\n<tr>\n<td><strong>Speichert Vorlagen in Ihrer pers\u00f6nlichen Cloud  (Dropbox, Google Drive, OneDrive)<\/strong><\/td>\n<td><style type=\"text\/css\" scoped=\"scoped\">#icon-54.g1-icon { color: #e32d2d; }<\/style>\n<i id=\"icon-54\" class=\"g1-icon g1-icon--none g1-icon--medium g1-icon--inherit  fa fa-times\"><\/i><\/td>\n<td><style type=\"text\/css\" scoped=\"scoped\">#icon-55.g1-icon { color: #5ebf0f; }<\/style>\n<i id=\"icon-55\" class=\"g1-icon g1-icon--none g1-icon--medium g1-icon--inherit  fa fa-check-square-o\"><\/i><\/td>\n<\/tr>\n<tr>\n<td><strong>\u00d6ffnet Vorlagen von Ihrer pers\u00f6nlichen Cloud  (Dropbox, Google Drive, OneDrive)<\/strong><\/td>\n<td><style type=\"text\/css\" scoped=\"scoped\">#icon-56.g1-icon { color: #e32d2d; }<\/style>\n<i id=\"icon-56\" class=\"g1-icon g1-icon--none g1-icon--medium g1-icon--inherit  fa fa-times\"><\/i><\/td>\n<td><style type=\"text\/css\" scoped=\"scoped\">#icon-57.g1-icon { color: #5ebf0f; }<\/style>\n<i id=\"icon-57\" class=\"g1-icon g1-icon--none g1-icon--medium g1-icon--inherit  fa fa-check-square-o\"><\/i><\/td>\n<\/tr>\n<\/tbody>\n<\/table>\n<\/div>\n","protected":false},"excerpt":{"rendered":"<p>&nbsp; Was ist neu in MailStyler?<\/p>\n","protected":false},"author":1,"featured_media":0,"parent":0,"menu_order":0,"comment_status":"closed","ping_status":"closed","template":"","meta":{"inline_featured_image":false,"_monsterinsights_skip_tracking":false,"_monsterinsights_sitenote_active":false,"_monsterinsights_sitenote_note":"","_monsterinsights_sitenote_category":0,"footnotes":""},"class_list":["post-6029","page","type-page","status-publish"],"yoast_head":"<!-- This site is optimized with the Yoast SEO plugin v25.2 - https:\/\/yoast.com\/wordpress\/plugins\/seo\/ -->\n<title>Sie wollen aus Ihrem Email-Marketing alles herausholen? Wechseln Sie zu MailStyler - Newsletter Creator<\/title>\n<meta name=\"robots\" content=\"index, follow, max-snippet:-1, max-image-preview:large, max-video-preview:-1\" \/>\n<link rel=\"canonical\" href=\"https:\/\/www.newslettercreator.com\/de\/upgrade-mailstyler-2\/\" \/>\n<meta property=\"og:locale\" content=\"de_DE\" \/>\n<meta property=\"og:type\" content=\"article\" \/>\n<meta property=\"og:title\" content=\"Sie wollen aus Ihrem Email-Marketing alles herausholen? Wechseln Sie zu MailStyler - Newsletter Creator\" \/>\n<meta property=\"og:description\" content=\"&nbsp; Was ist neu in MailStyler?\" \/>\n<meta property=\"og:url\" content=\"https:\/\/www.newslettercreator.com\/de\/upgrade-mailstyler-2\/\" \/>\n<meta property=\"og:site_name\" content=\"Newsletter Creator\" \/>\n<meta property=\"article:modified_time\" content=\"2021-09-08T13:32:37+00:00\" \/>\n<meta name=\"twitter:label1\" content=\"Gesch\u00e4tzte Lesezeit\" \/>\n\t<meta name=\"twitter:data1\" content=\"6\u00a0Minuten\" \/>\n<script type=\"application\/ld+json\" class=\"yoast-schema-graph\">{\"@context\":\"https:\/\/schema.org\",\"@graph\":[{\"@type\":\"WebPage\",\"@id\":\"https:\/\/www.newslettercreator.com\/de\/upgrade-mailstyler-2\/\",\"url\":\"https:\/\/www.newslettercreator.com\/de\/upgrade-mailstyler-2\/\",\"name\":\"Sie wollen aus Ihrem Email-Marketing alles herausholen? Wechseln Sie zu MailStyler - Newsletter Creator\",\"isPartOf\":{\"@id\":\"https:\/\/www.newslettercreator.com\/#website\"},\"datePublished\":\"2017-06-14T06:18:27+00:00\",\"dateModified\":\"2021-09-08T13:32:37+00:00\",\"breadcrumb\":{\"@id\":\"https:\/\/www.newslettercreator.com\/de\/upgrade-mailstyler-2\/#breadcrumb\"},\"inLanguage\":\"de\",\"potentialAction\":[{\"@type\":\"ReadAction\",\"target\":[\"https:\/\/www.newslettercreator.com\/de\/upgrade-mailstyler-2\/\"]}]},{\"@type\":\"BreadcrumbList\",\"@id\":\"https:\/\/www.newslettercreator.com\/de\/upgrade-mailstyler-2\/#breadcrumb\",\"itemListElement\":[{\"@type\":\"ListItem\",\"position\":1,\"name\":\"Home\",\"item\":\"https:\/\/www.newslettercreator.com\/de\/\"},{\"@type\":\"ListItem\",\"position\":2,\"name\":\"Sie wollen aus Ihrem Email-Marketing alles herausholen? Wechseln Sie zu MailStyler\"}]},{\"@type\":\"WebSite\",\"@id\":\"https:\/\/www.newslettercreator.com\/#website\",\"url\":\"https:\/\/www.newslettercreator.com\/\",\"name\":\"Newsletter Creator\",\"description\":\"Pay off\",\"potentialAction\":[{\"@type\":\"SearchAction\",\"target\":{\"@type\":\"EntryPoint\",\"urlTemplate\":\"https:\/\/www.newslettercreator.com\/?s={search_term_string}\"},\"query-input\":{\"@type\":\"PropertyValueSpecification\",\"valueRequired\":true,\"valueName\":\"search_term_string\"}}],\"inLanguage\":\"de\"}]}<\/script>\n<!-- \/ Yoast SEO plugin. -->","yoast_head_json":{"title":"Sie wollen aus Ihrem Email-Marketing alles herausholen? Wechseln Sie zu MailStyler - Newsletter Creator","robots":{"index":"index","follow":"follow","max-snippet":"max-snippet:-1","max-image-preview":"max-image-preview:large","max-video-preview":"max-video-preview:-1"},"canonical":"https:\/\/www.newslettercreator.com\/de\/upgrade-mailstyler-2\/","og_locale":"de_DE","og_type":"article","og_title":"Sie wollen aus Ihrem Email-Marketing alles herausholen? Wechseln Sie zu MailStyler - Newsletter Creator","og_description":"&nbsp; Was ist neu in MailStyler?","og_url":"https:\/\/www.newslettercreator.com\/de\/upgrade-mailstyler-2\/","og_site_name":"Newsletter Creator","article_modified_time":"2021-09-08T13:32:37+00:00","twitter_misc":{"Gesch\u00e4tzte Lesezeit":"6\u00a0Minuten"},"schema":{"@context":"https:\/\/schema.org","@graph":[{"@type":"WebPage","@id":"https:\/\/www.newslettercreator.com\/de\/upgrade-mailstyler-2\/","url":"https:\/\/www.newslettercreator.com\/de\/upgrade-mailstyler-2\/","name":"Sie wollen aus Ihrem Email-Marketing alles herausholen? Wechseln Sie zu MailStyler - Newsletter Creator","isPartOf":{"@id":"https:\/\/www.newslettercreator.com\/#website"},"datePublished":"2017-06-14T06:18:27+00:00","dateModified":"2021-09-08T13:32:37+00:00","breadcrumb":{"@id":"https:\/\/www.newslettercreator.com\/de\/upgrade-mailstyler-2\/#breadcrumb"},"inLanguage":"de","potentialAction":[{"@type":"ReadAction","target":["https:\/\/www.newslettercreator.com\/de\/upgrade-mailstyler-2\/"]}]},{"@type":"BreadcrumbList","@id":"https:\/\/www.newslettercreator.com\/de\/upgrade-mailstyler-2\/#breadcrumb","itemListElement":[{"@type":"ListItem","position":1,"name":"Home","item":"https:\/\/www.newslettercreator.com\/de\/"},{"@type":"ListItem","position":2,"name":"Sie wollen aus Ihrem Email-Marketing alles herausholen? Wechseln Sie zu MailStyler"}]},{"@type":"WebSite","@id":"https:\/\/www.newslettercreator.com\/#website","url":"https:\/\/www.newslettercreator.com\/","name":"Newsletter Creator","description":"Pay off","potentialAction":[{"@type":"SearchAction","target":{"@type":"EntryPoint","urlTemplate":"https:\/\/www.newslettercreator.com\/?s={search_term_string}"},"query-input":{"@type":"PropertyValueSpecification","valueRequired":true,"valueName":"search_term_string"}}],"inLanguage":"de"}]}},"_links":{"self":[{"href":"https:\/\/www.newslettercreator.com\/de\/wp-json\/wp\/v2\/pages\/6029","targetHints":{"allow":["GET"]}}],"collection":[{"href":"https:\/\/www.newslettercreator.com\/de\/wp-json\/wp\/v2\/pages"}],"about":[{"href":"https:\/\/www.newslettercreator.com\/de\/wp-json\/wp\/v2\/types\/page"}],"author":[{"embeddable":true,"href":"https:\/\/www.newslettercreator.com\/de\/wp-json\/wp\/v2\/users\/1"}],"replies":[{"embeddable":true,"href":"https:\/\/www.newslettercreator.com\/de\/wp-json\/wp\/v2\/comments?post=6029"}],"version-history":[{"count":5,"href":"https:\/\/www.newslettercreator.com\/de\/wp-json\/wp\/v2\/pages\/6029\/revisions"}],"predecessor-version":[{"id":11438,"href":"https:\/\/www.newslettercreator.com\/de\/wp-json\/wp\/v2\/pages\/6029\/revisions\/11438"}],"wp:attachment":[{"href":"https:\/\/www.newslettercreator.com\/de\/wp-json\/wp\/v2\/media?parent=6029"}],"curies":[{"name":"wp","href":"https:\/\/api.w.org\/{rel}","templated":true}]}}