{"id":6033,"date":"2017-06-14T06:30:11","date_gmt":"2017-06-14T06:30:11","guid":{"rendered":"http:\/\/www.newslettercreator.com\/?page_id=6033\/"},"modified":"2021-09-08T15:24:00","modified_gmt":"2021-09-08T13:24:00","slug":"gratis-upgrade-mailstyler-2","status":"publish","type":"page","link":"https:\/\/www.newslettercreator.com\/de\/gratis-upgrade-mailstyler-2\/","title":{"rendered":"Gratis Upgrade auf MailStyler"},"content":{"rendered":"<ul class=\"g1-grid\"><li class=\"g1-column g1-one-half g1-valign-top\">\n<div id=\"upgrade-form\" class=\"form-row\">\n<div class=\"g1-message g1-message--error \" id=\"upgError\" style=\"display: none\">\n<div class=\"g1-inner\">Praesent sed mauris turpis, at molestie enim<\/div>\n<\/div>\n<p><strong>Email<\/strong>:<br \/>\n<input id=\"upg_email\" style=\"width: 100%;\" name=\"email\" type=\"text\" value=\"\" placeholder=\"email\"><\/p>\n<p><strong>Lizenznummer<\/strong>:<br \/>\n<input id=\"upg_licence\" style=\"width: 100%;\" name=\"licence\" type=\"text\" value=\"\" placeholder=\"Lizenznummer\"><br \/>\n<small>format: xxxx-xxxx-xxxx-xxxx<\/small><\/p>\n<p><input id=\"upg_action\" name=\"action\" type=\"hidden\" value=\"MSUPGFREE\"><input id=\"upgrade_submit_v2\" class=\"button large orange\" type=\"submit\" value=\"JETZT UPGRADEN\"><\/div>\n<\/li><!-- -->\n<li class=\"g1-column g1-one-half g1-valign-top\"><strong>Wenn Sie MailStyler 1 zwischen Februar 2017 und Mai 2017 gekauft haben, k\u00f6nnen Sie kostenlos auf MailStyler upgraden!<\/strong><\/p>\n<p>Um Ihren MailStyler Produktschl\u00fcssel zu erhalten, ben\u00f6tigen Sie Folgendes:<\/p>\n<ul>\n<li>Die Emailadresse, die Sie f\u00fcr den Kauf von MailStyler 1 Basic oder Pro genutzt haben<\/li>\n<li>Die Lizenznummer, die Sie nach dem Kauf von MailStyler 1 erhalten haben.<\/li>\n<\/ul>\n<p><strong>Bei Schwierigkeiten \u00fcberpr\u00fcfen Sie bitte zun\u00e4chst Ihre Eingaben<\/strong> (Achten Sie dabei auf die genaue Schreibweise) und versuchen Sie es erneut. Bitte beachten Sie, dass sowohl die Emailadresse als auch die Lizenznummer exakt so eingegeben werden muss, wie Sie sie von unserem Team erhalten haben.<br \/>\n<\/li><!-- --><\/ul>\n<div>\n\r\n<script type='text\/javascript'>\r\nvar upg_lang = \"en\";\r\nvar upg_error = new Array(\r\n\/* 01 *\/  \"Bitte beide Felder ausf\u00fcllen\",\r\n\/* 02 *\/   \"Bitte geben Sie eine g\u00fcltige Emailadresse ein.\",\r\n\/* 03 *\/   \"Bitte \u00fcberpr\u00fcfen Sie das Format der Lizenznummer.\",\r\n\/* 04 *\/   \"Lizenz nicht gefunden, bitte pr\u00fcfen Sie nochmal.\",\r\n\/* 05 *\/   \"Die eingegebene Lizenz ist nicht f\u00fcr ein Upgrade zul\u00e4ssig.\",\r\n\/* 06 *\/   \"Die Lizenznummer geh\u00f6rt zu einer anderen Emailadresse.\",\r\n\/* 07 *\/   \"Zu dieser Lizenz hat bereits ein Upgrade stattgefunden.<br>Bitte kontaktieren Sie <a href=\\\"http:\/\/support.newslettercreator.com\\\">unseren technischen Support<\/a> f\u00fcr mehr Infos.\",\r\n\/* 08 *\/   \"\",\r\n\/* 09 *\/   \"\",\r\n\/* 10 *\/   \"Ihre MailStyler-Lizenz wurde vor Januar 2017 gekauft und ist deshalb nicht f\u00fcr das Gratis-Upgrade zugelassen.\",\r\n\/* 11 *\/   \"Zu der angegebenen Lizenznummer konnten wir keine Bestellung finden. Bitte kontaktieren Sie <a href=\\\"http:\/\/support.newslettercreator.com\\\">unseren technischen Support<\/a> f\u00fcr mehr Infos.\",\r\n\/* 12 *\/   \"Leider k\u00f6nnen wir nicht automatisch feststellen, ob Ihre Lizenznummer f\u00fcr das Gratis-Upgrade zugelassen ist. Bitte kontaktieren Sie <a href=\\\"http:\/\/support.newslettercreator.com\\\">unseren technischen Support<\/a> f\u00fcr mehr Infos.\"\r\n);\r\n<\/script>\r\n\n<\/div>\n","protected":false},"excerpt":{"rendered":"","protected":false},"author":1,"featured_media":0,"parent":0,"menu_order":0,"comment_status":"closed","ping_status":"closed","template":"","meta":{"inline_featured_image":false,"_monsterinsights_skip_tracking":false,"_monsterinsights_sitenote_active":false,"_monsterinsights_sitenote_note":"","_monsterinsights_sitenote_category":0,"footnotes":""},"class_list":["post-6033","page","type-page","status-publish"],"yoast_head":"<!-- This site is optimized with the Yoast SEO plugin v25.2 - https:\/\/yoast.com\/wordpress\/plugins\/seo\/ -->\n<title>Gratis Upgrade auf MailStyler - Newsletter Creator<\/title>\n<meta name=\"robots\" content=\"index, follow, max-snippet:-1, max-image-preview:large, max-video-preview:-1\" \/>\n<link rel=\"canonical\" href=\"https:\/\/www.newslettercreator.com\/de\/gratis-upgrade-mailstyler-2\/\" \/>\n<meta property=\"og:locale\" content=\"de_DE\" \/>\n<meta property=\"og:type\" content=\"article\" \/>\n<meta property=\"og:title\" content=\"Gratis Upgrade auf MailStyler - Newsletter Creator\" \/>\n<meta property=\"og:url\" content=\"https:\/\/www.newslettercreator.com\/de\/gratis-upgrade-mailstyler-2\/\" \/>\n<meta property=\"og:site_name\" content=\"Newsletter Creator\" \/>\n<meta property=\"article:modified_time\" content=\"2021-09-08T13:24:00+00:00\" \/>\n<meta name=\"twitter:label1\" content=\"Gesch\u00e4tzte Lesezeit\" \/>\n\t<meta name=\"twitter:data1\" content=\"1\u00a0Minute\" \/>\n<script type=\"application\/ld+json\" class=\"yoast-schema-graph\">{\"@context\":\"https:\/\/schema.org\",\"@graph\":[{\"@type\":\"WebPage\",\"@id\":\"https:\/\/www.newslettercreator.com\/de\/gratis-upgrade-mailstyler-2\/\",\"url\":\"https:\/\/www.newslettercreator.com\/de\/gratis-upgrade-mailstyler-2\/\",\"name\":\"Gratis Upgrade auf MailStyler - Newsletter Creator\",\"isPartOf\":{\"@id\":\"https:\/\/www.newslettercreator.com\/#website\"},\"datePublished\":\"2017-06-14T06:30:11+00:00\",\"dateModified\":\"2021-09-08T13:24:00+00:00\",\"breadcrumb\":{\"@id\":\"https:\/\/www.newslettercreator.com\/de\/gratis-upgrade-mailstyler-2\/#breadcrumb\"},\"inLanguage\":\"de\",\"potentialAction\":[{\"@type\":\"ReadAction\",\"target\":[\"https:\/\/www.newslettercreator.com\/de\/gratis-upgrade-mailstyler-2\/\"]}]},{\"@type\":\"BreadcrumbList\",\"@id\":\"https:\/\/www.newslettercreator.com\/de\/gratis-upgrade-mailstyler-2\/#breadcrumb\",\"itemListElement\":[{\"@type\":\"ListItem\",\"position\":1,\"name\":\"Home\",\"item\":\"https:\/\/www.newslettercreator.com\/de\/\"},{\"@type\":\"ListItem\",\"position\":2,\"name\":\"Gratis Upgrade auf MailStyler\"}]},{\"@type\":\"WebSite\",\"@id\":\"https:\/\/www.newslettercreator.com\/#website\",\"url\":\"https:\/\/www.newslettercreator.com\/\",\"name\":\"Newsletter Creator\",\"description\":\"Pay off\",\"potentialAction\":[{\"@type\":\"SearchAction\",\"target\":{\"@type\":\"EntryPoint\",\"urlTemplate\":\"https:\/\/www.newslettercreator.com\/?s={search_term_string}\"},\"query-input\":{\"@type\":\"PropertyValueSpecification\",\"valueRequired\":true,\"valueName\":\"search_term_string\"}}],\"inLanguage\":\"de\"}]}<\/script>\n<!-- \/ Yoast SEO plugin. -->","yoast_head_json":{"title":"Gratis Upgrade auf MailStyler - Newsletter Creator","robots":{"index":"index","follow":"follow","max-snippet":"max-snippet:-1","max-image-preview":"max-image-preview:large","max-video-preview":"max-video-preview:-1"},"canonical":"https:\/\/www.newslettercreator.com\/de\/gratis-upgrade-mailstyler-2\/","og_locale":"de_DE","og_type":"article","og_title":"Gratis Upgrade auf MailStyler - Newsletter Creator","og_url":"https:\/\/www.newslettercreator.com\/de\/gratis-upgrade-mailstyler-2\/","og_site_name":"Newsletter Creator","article_modified_time":"2021-09-08T13:24:00+00:00","twitter_misc":{"Gesch\u00e4tzte Lesezeit":"1\u00a0Minute"},"schema":{"@context":"https:\/\/schema.org","@graph":[{"@type":"WebPage","@id":"https:\/\/www.newslettercreator.com\/de\/gratis-upgrade-mailstyler-2\/","url":"https:\/\/www.newslettercreator.com\/de\/gratis-upgrade-mailstyler-2\/","name":"Gratis Upgrade auf MailStyler - Newsletter Creator","isPartOf":{"@id":"https:\/\/www.newslettercreator.com\/#website"},"datePublished":"2017-06-14T06:30:11+00:00","dateModified":"2021-09-08T13:24:00+00:00","breadcrumb":{"@id":"https:\/\/www.newslettercreator.com\/de\/gratis-upgrade-mailstyler-2\/#breadcrumb"},"inLanguage":"de","potentialAction":[{"@type":"ReadAction","target":["https:\/\/www.newslettercreator.com\/de\/gratis-upgrade-mailstyler-2\/"]}]},{"@type":"BreadcrumbList","@id":"https:\/\/www.newslettercreator.com\/de\/gratis-upgrade-mailstyler-2\/#breadcrumb","itemListElement":[{"@type":"ListItem","position":1,"name":"Home","item":"https:\/\/www.newslettercreator.com\/de\/"},{"@type":"ListItem","position":2,"name":"Gratis Upgrade auf MailStyler"}]},{"@type":"WebSite","@id":"https:\/\/www.newslettercreator.com\/#website","url":"https:\/\/www.newslettercreator.com\/","name":"Newsletter Creator","description":"Pay off","potentialAction":[{"@type":"SearchAction","target":{"@type":"EntryPoint","urlTemplate":"https:\/\/www.newslettercreator.com\/?s={search_term_string}"},"query-input":{"@type":"PropertyValueSpecification","valueRequired":true,"valueName":"search_term_string"}}],"inLanguage":"de"}]}},"_links":{"self":[{"href":"https:\/\/www.newslettercreator.com\/de\/wp-json\/wp\/v2\/pages\/6033","targetHints":{"allow":["GET"]}}],"collection":[{"href":"https:\/\/www.newslettercreator.com\/de\/wp-json\/wp\/v2\/pages"}],"about":[{"href":"https:\/\/www.newslettercreator.com\/de\/wp-json\/wp\/v2\/types\/page"}],"author":[{"embeddable":true,"href":"https:\/\/www.newslettercreator.com\/de\/wp-json\/wp\/v2\/users\/1"}],"replies":[{"embeddable":true,"href":"https:\/\/www.newslettercreator.com\/de\/wp-json\/wp\/v2\/comments?post=6033"}],"version-history":[{"count":4,"href":"https:\/\/www.newslettercreator.com\/de\/wp-json\/wp\/v2\/pages\/6033\/revisions"}],"predecessor-version":[{"id":11433,"href":"https:\/\/www.newslettercreator.com\/de\/wp-json\/wp\/v2\/pages\/6033\/revisions\/11433"}],"wp:attachment":[{"href":"https:\/\/www.newslettercreator.com\/de\/wp-json\/wp\/v2\/media?parent=6033"}],"curies":[{"name":"wp","href":"https:\/\/api.w.org\/{rel}","templated":true}]}}