{"id":6035,"date":"2017-06-14T07:09:45","date_gmt":"2017-06-14T07:09:45","guid":{"rendered":"http:\/\/www.newslettercreator.com\/?page_id=6035\/"},"modified":"2017-06-14T07:22:58","modified_gmt":"2017-06-14T07:22:58","slug":"gratis-upgrade-antwort","status":"publish","type":"page","link":"https:\/\/www.newslettercreator.com\/de\/gratis-upgrade-mailstyler-2\/gratis-upgrade-antwort\/","title":{"rendered":"Gratis Upgrade auf MailStyler 2"},"content":{"rendered":"<p><strong>Wenn Sie MailStyler 1  im Februar 2017 oder sp\u00e4ter gekauft haben, k\u00f6nnen Sie kostenlos auf MailStyler 2  upgraden!<\/strong><\/p>\n<p>Um Ihren MailStyler 2  Produktschl\u00fcssel zu erhalten, ben\u00f6tigen Sie Folgendes:<\/p>\n<ul>\n<li>Die Emailadresse, die Sie f\u00fcr den Kauf von MailStyler 1  genutzt haben<\/li>\n<li>Die Lizenznummer, die Sie nach dem Kauf von MailStyler 1  erhalten haben.<\/li>\n<\/ul>\n<p>Bitte <a href=\"http:\/\/www.newslettercreator.com\/de\/gratis-upgrade-mailstyler-2\/\">gehen Sie zum Formular zur\u00fcck<\/a> und versuchen Sie es erneut. Bei Schwierigkeiten \u00fcberpr\u00fcfen Sie bitte zun\u00e4chst Ihre Eingaben (Achten Sie dabei auf die genaue Schreibweise): Beachten Sie, dass sowohl die Emailadresse als auch die Lizenznummer exakt so eingegeben werden muss, wie Sie sie von unserem Team erhalten haben.<\/p>\n","protected":false},"excerpt":{"rendered":"<p>Wenn Sie MailStyler 1 im Februar 2017 oder sp\u00e4ter gekauft haben, k\u00f6nnen Sie kostenlos auf MailStyler 2 upgraden! Um Ihren MailStyler 2 Produktschl\u00fcssel zu erhalten, ben\u00f6tigen Sie Folgendes: Die Emailadresse, die Sie f\u00fcr den Kauf von MailStyler 1 genutzt haben Die Lizenznummer, die Sie nach dem Kauf von MailStyler 1 erhalten haben. Bitte gehen Sie [&hellip;]<\/p>\n","protected":false},"author":1,"featured_media":0,"parent":6033,"menu_order":0,"comment_status":"closed","ping_status":"closed","template":"","meta":{"inline_featured_image":false,"_monsterinsights_skip_tracking":false,"_monsterinsights_sitenote_active":false,"_monsterinsights_sitenote_note":"","_monsterinsights_sitenote_category":0,"footnotes":""},"class_list":["post-6035","page","type-page","status-publish"],"yoast_head":"<!-- This site is optimized with the Yoast SEO plugin v25.2 - https:\/\/yoast.com\/wordpress\/plugins\/seo\/ -->\n<title>Gratis Upgrade auf MailStyler 2 - Newsletter Creator<\/title>\n<meta name=\"robots\" content=\"index, follow, max-snippet:-1, max-image-preview:large, max-video-preview:-1\" \/>\n<link rel=\"canonical\" href=\"https:\/\/www.newslettercreator.com\/de\/gratis-upgrade-mailstyler-2\/gratis-upgrade-antwort\/\" \/>\n<meta property=\"og:locale\" content=\"de_DE\" \/>\n<meta property=\"og:type\" content=\"article\" \/>\n<meta property=\"og:title\" content=\"Gratis Upgrade auf MailStyler 2 - Newsletter Creator\" \/>\n<meta property=\"og:description\" content=\"Wenn Sie MailStyler 1 im Februar 2017 oder sp\u00e4ter gekauft haben, k\u00f6nnen Sie kostenlos auf MailStyler 2 upgraden! Um Ihren MailStyler 2 Produktschl\u00fcssel zu erhalten, ben\u00f6tigen Sie Folgendes: Die Emailadresse, die Sie f\u00fcr den Kauf von MailStyler 1 genutzt haben Die Lizenznummer, die Sie nach dem Kauf von MailStyler 1 erhalten haben. Bitte gehen Sie [&hellip;]\" \/>\n<meta property=\"og:url\" content=\"https:\/\/www.newslettercreator.com\/de\/gratis-upgrade-mailstyler-2\/gratis-upgrade-antwort\/\" \/>\n<meta property=\"og:site_name\" content=\"Newsletter Creator\" \/>\n<meta property=\"article:modified_time\" content=\"2017-06-14T07:22:58+00:00\" \/>\n<meta name=\"twitter:label1\" content=\"Gesch\u00e4tzte Lesezeit\" \/>\n\t<meta name=\"twitter:data1\" content=\"1\u00a0Minute\" \/>\n<script type=\"application\/ld+json\" class=\"yoast-schema-graph\">{\"@context\":\"https:\/\/schema.org\",\"@graph\":[{\"@type\":\"WebPage\",\"@id\":\"https:\/\/www.newslettercreator.com\/de\/gratis-upgrade-mailstyler-2\/gratis-upgrade-antwort\/\",\"url\":\"https:\/\/www.newslettercreator.com\/de\/gratis-upgrade-mailstyler-2\/gratis-upgrade-antwort\/\",\"name\":\"Gratis Upgrade auf MailStyler 2 - Newsletter Creator\",\"isPartOf\":{\"@id\":\"https:\/\/www.newslettercreator.com\/#website\"},\"datePublished\":\"2017-06-14T07:09:45+00:00\",\"dateModified\":\"2017-06-14T07:22:58+00:00\",\"breadcrumb\":{\"@id\":\"https:\/\/www.newslettercreator.com\/de\/gratis-upgrade-mailstyler-2\/gratis-upgrade-antwort\/#breadcrumb\"},\"inLanguage\":\"de\",\"potentialAction\":[{\"@type\":\"ReadAction\",\"target\":[\"https:\/\/www.newslettercreator.com\/de\/gratis-upgrade-mailstyler-2\/gratis-upgrade-antwort\/\"]}]},{\"@type\":\"BreadcrumbList\",\"@id\":\"https:\/\/www.newslettercreator.com\/de\/gratis-upgrade-mailstyler-2\/gratis-upgrade-antwort\/#breadcrumb\",\"itemListElement\":[{\"@type\":\"ListItem\",\"position\":1,\"name\":\"Home\",\"item\":\"https:\/\/www.newslettercreator.com\/de\/\"},{\"@type\":\"ListItem\",\"position\":2,\"name\":\"Gratis Upgrade auf MailStyler\",\"item\":\"https:\/\/www.newslettercreator.com\/de\/gratis-upgrade-mailstyler-2\/\"},{\"@type\":\"ListItem\",\"position\":3,\"name\":\"Gratis Upgrade auf MailStyler 2\"}]},{\"@type\":\"WebSite\",\"@id\":\"https:\/\/www.newslettercreator.com\/#website\",\"url\":\"https:\/\/www.newslettercreator.com\/\",\"name\":\"Newsletter Creator\",\"description\":\"Pay off\",\"potentialAction\":[{\"@type\":\"SearchAction\",\"target\":{\"@type\":\"EntryPoint\",\"urlTemplate\":\"https:\/\/www.newslettercreator.com\/?s={search_term_string}\"},\"query-input\":{\"@type\":\"PropertyValueSpecification\",\"valueRequired\":true,\"valueName\":\"search_term_string\"}}],\"inLanguage\":\"de\"}]}<\/script>\n<!-- \/ Yoast SEO plugin. -->","yoast_head_json":{"title":"Gratis Upgrade auf MailStyler 2 - Newsletter Creator","robots":{"index":"index","follow":"follow","max-snippet":"max-snippet:-1","max-image-preview":"max-image-preview:large","max-video-preview":"max-video-preview:-1"},"canonical":"https:\/\/www.newslettercreator.com\/de\/gratis-upgrade-mailstyler-2\/gratis-upgrade-antwort\/","og_locale":"de_DE","og_type":"article","og_title":"Gratis Upgrade auf MailStyler 2 - Newsletter Creator","og_description":"Wenn Sie MailStyler 1 im Februar 2017 oder sp\u00e4ter gekauft haben, k\u00f6nnen Sie kostenlos auf MailStyler 2 upgraden! Um Ihren MailStyler 2 Produktschl\u00fcssel zu erhalten, ben\u00f6tigen Sie Folgendes: Die Emailadresse, die Sie f\u00fcr den Kauf von MailStyler 1 genutzt haben Die Lizenznummer, die Sie nach dem Kauf von MailStyler 1 erhalten haben. Bitte gehen Sie [&hellip;]","og_url":"https:\/\/www.newslettercreator.com\/de\/gratis-upgrade-mailstyler-2\/gratis-upgrade-antwort\/","og_site_name":"Newsletter Creator","article_modified_time":"2017-06-14T07:22:58+00:00","twitter_misc":{"Gesch\u00e4tzte Lesezeit":"1\u00a0Minute"},"schema":{"@context":"https:\/\/schema.org","@graph":[{"@type":"WebPage","@id":"https:\/\/www.newslettercreator.com\/de\/gratis-upgrade-mailstyler-2\/gratis-upgrade-antwort\/","url":"https:\/\/www.newslettercreator.com\/de\/gratis-upgrade-mailstyler-2\/gratis-upgrade-antwort\/","name":"Gratis Upgrade auf MailStyler 2 - Newsletter Creator","isPartOf":{"@id":"https:\/\/www.newslettercreator.com\/#website"},"datePublished":"2017-06-14T07:09:45+00:00","dateModified":"2017-06-14T07:22:58+00:00","breadcrumb":{"@id":"https:\/\/www.newslettercreator.com\/de\/gratis-upgrade-mailstyler-2\/gratis-upgrade-antwort\/#breadcrumb"},"inLanguage":"de","potentialAction":[{"@type":"ReadAction","target":["https:\/\/www.newslettercreator.com\/de\/gratis-upgrade-mailstyler-2\/gratis-upgrade-antwort\/"]}]},{"@type":"BreadcrumbList","@id":"https:\/\/www.newslettercreator.com\/de\/gratis-upgrade-mailstyler-2\/gratis-upgrade-antwort\/#breadcrumb","itemListElement":[{"@type":"ListItem","position":1,"name":"Home","item":"https:\/\/www.newslettercreator.com\/de\/"},{"@type":"ListItem","position":2,"name":"Gratis Upgrade auf MailStyler","item":"https:\/\/www.newslettercreator.com\/de\/gratis-upgrade-mailstyler-2\/"},{"@type":"ListItem","position":3,"name":"Gratis Upgrade auf MailStyler 2"}]},{"@type":"WebSite","@id":"https:\/\/www.newslettercreator.com\/#website","url":"https:\/\/www.newslettercreator.com\/","name":"Newsletter Creator","description":"Pay off","potentialAction":[{"@type":"SearchAction","target":{"@type":"EntryPoint","urlTemplate":"https:\/\/www.newslettercreator.com\/?s={search_term_string}"},"query-input":{"@type":"PropertyValueSpecification","valueRequired":true,"valueName":"search_term_string"}}],"inLanguage":"de"}]}},"_links":{"self":[{"href":"https:\/\/www.newslettercreator.com\/de\/wp-json\/wp\/v2\/pages\/6035","targetHints":{"allow":["GET"]}}],"collection":[{"href":"https:\/\/www.newslettercreator.com\/de\/wp-json\/wp\/v2\/pages"}],"about":[{"href":"https:\/\/www.newslettercreator.com\/de\/wp-json\/wp\/v2\/types\/page"}],"author":[{"embeddable":true,"href":"https:\/\/www.newslettercreator.com\/de\/wp-json\/wp\/v2\/users\/1"}],"replies":[{"embeddable":true,"href":"https:\/\/www.newslettercreator.com\/de\/wp-json\/wp\/v2\/comments?post=6035"}],"version-history":[{"count":1,"href":"https:\/\/www.newslettercreator.com\/de\/wp-json\/wp\/v2\/pages\/6035\/revisions"}],"predecessor-version":[{"id":6036,"href":"https:\/\/www.newslettercreator.com\/de\/wp-json\/wp\/v2\/pages\/6035\/revisions\/6036"}],"up":[{"embeddable":true,"href":"https:\/\/www.newslettercreator.com\/de\/wp-json\/wp\/v2\/pages\/6033"}],"wp:attachment":[{"href":"https:\/\/www.newslettercreator.com\/de\/wp-json\/wp\/v2\/media?parent=6035"}],"curies":[{"name":"wp","href":"https:\/\/api.w.org\/{rel}","templated":true}]}}