{"id":6730,"date":"2018-03-26T08:29:12","date_gmt":"2018-03-26T08:29:12","guid":{"rendered":"http:\/\/www.newslettercreator.com\/?page_id=6730\/"},"modified":"2022-12-14T09:57:32","modified_gmt":"2022-12-14T08:57:32","slug":"abonnement-verlaengern","status":"publish","type":"page","link":"https:\/\/www.newslettercreator.com\/de\/abonnement-verlaengern\/","title":{"rendered":"MailStyler-Abonnement verl\u00e4ngern"},"content":{"rendered":"<ul class=\"g1-grid\"><li class=\"g1-column g1-one-half g1-valign-top\">\n<div id=\"upgrade-form\" class=\"form-row\">\n<div class=\"g1-message g1-message--error \" id=\"upgError\" style=\"display: none\">\n<div class=\"g1-inner\">Praesent sed mauris turpis, at molestie enim<\/div>\n<\/div>\n<p><strong>Email<\/strong>:<br \/>\n<input id=\"upg_email\" style=\"width: 100%;\" name=\"email\" type=\"text\" value=\"\" placeholder=\"Email\"><\/p>\n<p><strong>Lizenznummer<\/strong>:<br \/>\n<input id=\"upg_licence\" style=\"width: 100%;\" name=\"licence\" type=\"text\" value=\"\" placeholder=\"Lizenznummer\" \/><br \/>\n<small>format: xxxx-xxxx-xxxx-xxxx<\/small><\/p>\n<p><input id=\"upg_action\" name=\"action\" type=\"hidden\" value=\"MSRENEW\"><input id=\"upgrade_submit_v2\" class=\"button large orange\" type=\"submit\" value=\"JETZT VERL\u00c4NGERN\"><\/div>\n<\/li><!-- -->\n<li class=\"g1-column g1-one-half g1-valign-top\">Verl\u00e4ngern Sie Ihr Abonnement von MailStyler! F\u00fcr nur <strong>$59<!-- USD --> f\u00fcr die Basis-Version<\/strong>, <strong>$99<!-- USD --> f\u00fcr die Pro-Version<\/strong> und <strong>$199<!-- USD --> f\u00fcr die Server-Version<\/strong> erhalten Sie alle <strong>Software Updates<\/strong> und den <strong>Premium-Support-Service<\/strong> f\u00fcr 12 Monate.<\/p>\n<p>Auch nach Ablauf des Jahresabonnements l\u00e4uft MailStyler ohne Einschr\u00e4nkungen weiter, aber Sie k\u00f6nnen dann nicht mit jedem Update auf den Premium-Support oder die neuen Tools zugreifen.<\/li><!-- --><\/ul>\n<div>\n\r\n<script type='text\/javascript'>\r\nvar upg_lang = \"de\";\r\nvar upg_error = new Array(\r\n   \"Bitte beide Felder ausf\u00fcllen\",\r\n   \"Bitte geben Sie eine g\u00fcltige Emailadresse ein.\",\r\n   \"Bitte \u00fcberpr\u00fcfen Sie das Format der Lizenznummer.\",\r\n   \"Lizenz nicht gefunden, bitte pr\u00fcfen Sie nochmal.\",\r\n   \"Die eingegebene Lizenz ist nicht f\u00fcr ein Upgrade zul\u00e4ssig.\",\r\n   \"Die Lizenznummer geh\u00f6rt zu einer anderen Emailadresse.\",\r\n   \"Zu dieser Lizenz hat bereits ein Upgrade stattgefunden.<br>Bitte kontaktieren Sie unseren <a href=\\\"http:\/\/support.newslettercreator.com\/?&lang=de\\\">technischen Support<\/a> f\u00fcr mehr Infos.\",\r\n   \"Ihr Abonnement endet am [DATE].<br>Sie k\u00f6nnen Ihr Abonnement 30 Tage vor Ablauf verl\u00e4ngern.\",\r\n   \"Wir haben einen Fehler in Bezug auf Ihr Abonnement entdeckt.<br>Bitte kontaktieren Sie unseren <a href=\\\"http:\/\/support.newslettercreator.com\/?&lang=de\\\">technischen Support<\/a> f\u00fcr weitere Informationen.\"\r\n);\r\n<\/script>\r\n\n<\/div>\n","protected":false},"excerpt":{"rendered":"","protected":false},"author":1,"featured_media":0,"parent":0,"menu_order":0,"comment_status":"closed","ping_status":"closed","template":"","meta":{"inline_featured_image":false,"_monsterinsights_skip_tracking":false,"_monsterinsights_sitenote_active":false,"_monsterinsights_sitenote_note":"","_monsterinsights_sitenote_category":0,"footnotes":""},"class_list":["post-6730","page","type-page","status-publish"],"yoast_head":"<!-- This site is optimized with the Yoast SEO plugin v25.2 - https:\/\/yoast.com\/wordpress\/plugins\/seo\/ -->\n<title>MailStyler-Abonnement verl\u00e4ngern - Newsletter Creator<\/title>\n<meta name=\"robots\" content=\"index, follow, max-snippet:-1, max-image-preview:large, max-video-preview:-1\" \/>\n<link rel=\"canonical\" href=\"https:\/\/www.newslettercreator.com\/de\/abonnement-verlaengern\/\" \/>\n<meta property=\"og:locale\" content=\"de_DE\" \/>\n<meta property=\"og:type\" content=\"article\" \/>\n<meta property=\"og:title\" content=\"MailStyler-Abonnement verl\u00e4ngern - Newsletter Creator\" \/>\n<meta property=\"og:url\" content=\"https:\/\/www.newslettercreator.com\/de\/abonnement-verlaengern\/\" \/>\n<meta property=\"og:site_name\" content=\"Newsletter Creator\" \/>\n<meta property=\"article:modified_time\" content=\"2022-12-14T08:57:32+00:00\" \/>\n<meta name=\"twitter:label1\" content=\"Gesch\u00e4tzte Lesezeit\" \/>\n\t<meta name=\"twitter:data1\" content=\"2\u00a0Minuten\" \/>\n<script type=\"application\/ld+json\" class=\"yoast-schema-graph\">{\"@context\":\"https:\/\/schema.org\",\"@graph\":[{\"@type\":\"WebPage\",\"@id\":\"https:\/\/www.newslettercreator.com\/de\/abonnement-verlaengern\/\",\"url\":\"https:\/\/www.newslettercreator.com\/de\/abonnement-verlaengern\/\",\"name\":\"MailStyler-Abonnement verl\u00e4ngern - Newsletter Creator\",\"isPartOf\":{\"@id\":\"https:\/\/www.newslettercreator.com\/#website\"},\"datePublished\":\"2018-03-26T08:29:12+00:00\",\"dateModified\":\"2022-12-14T08:57:32+00:00\",\"breadcrumb\":{\"@id\":\"https:\/\/www.newslettercreator.com\/de\/abonnement-verlaengern\/#breadcrumb\"},\"inLanguage\":\"de\",\"potentialAction\":[{\"@type\":\"ReadAction\",\"target\":[\"https:\/\/www.newslettercreator.com\/de\/abonnement-verlaengern\/\"]}]},{\"@type\":\"BreadcrumbList\",\"@id\":\"https:\/\/www.newslettercreator.com\/de\/abonnement-verlaengern\/#breadcrumb\",\"itemListElement\":[{\"@type\":\"ListItem\",\"position\":1,\"name\":\"Home\",\"item\":\"https:\/\/www.newslettercreator.com\/de\/\"},{\"@type\":\"ListItem\",\"position\":2,\"name\":\"MailStyler-Abonnement verl\u00e4ngern\"}]},{\"@type\":\"WebSite\",\"@id\":\"https:\/\/www.newslettercreator.com\/#website\",\"url\":\"https:\/\/www.newslettercreator.com\/\",\"name\":\"Newsletter Creator\",\"description\":\"Pay off\",\"potentialAction\":[{\"@type\":\"SearchAction\",\"target\":{\"@type\":\"EntryPoint\",\"urlTemplate\":\"https:\/\/www.newslettercreator.com\/?s={search_term_string}\"},\"query-input\":{\"@type\":\"PropertyValueSpecification\",\"valueRequired\":true,\"valueName\":\"search_term_string\"}}],\"inLanguage\":\"de\"}]}<\/script>\n<!-- \/ Yoast SEO plugin. -->","yoast_head_json":{"title":"MailStyler-Abonnement verl\u00e4ngern - Newsletter Creator","robots":{"index":"index","follow":"follow","max-snippet":"max-snippet:-1","max-image-preview":"max-image-preview:large","max-video-preview":"max-video-preview:-1"},"canonical":"https:\/\/www.newslettercreator.com\/de\/abonnement-verlaengern\/","og_locale":"de_DE","og_type":"article","og_title":"MailStyler-Abonnement verl\u00e4ngern - Newsletter Creator","og_url":"https:\/\/www.newslettercreator.com\/de\/abonnement-verlaengern\/","og_site_name":"Newsletter Creator","article_modified_time":"2022-12-14T08:57:32+00:00","twitter_misc":{"Gesch\u00e4tzte Lesezeit":"2\u00a0Minuten"},"schema":{"@context":"https:\/\/schema.org","@graph":[{"@type":"WebPage","@id":"https:\/\/www.newslettercreator.com\/de\/abonnement-verlaengern\/","url":"https:\/\/www.newslettercreator.com\/de\/abonnement-verlaengern\/","name":"MailStyler-Abonnement verl\u00e4ngern - Newsletter Creator","isPartOf":{"@id":"https:\/\/www.newslettercreator.com\/#website"},"datePublished":"2018-03-26T08:29:12+00:00","dateModified":"2022-12-14T08:57:32+00:00","breadcrumb":{"@id":"https:\/\/www.newslettercreator.com\/de\/abonnement-verlaengern\/#breadcrumb"},"inLanguage":"de","potentialAction":[{"@type":"ReadAction","target":["https:\/\/www.newslettercreator.com\/de\/abonnement-verlaengern\/"]}]},{"@type":"BreadcrumbList","@id":"https:\/\/www.newslettercreator.com\/de\/abonnement-verlaengern\/#breadcrumb","itemListElement":[{"@type":"ListItem","position":1,"name":"Home","item":"https:\/\/www.newslettercreator.com\/de\/"},{"@type":"ListItem","position":2,"name":"MailStyler-Abonnement verl\u00e4ngern"}]},{"@type":"WebSite","@id":"https:\/\/www.newslettercreator.com\/#website","url":"https:\/\/www.newslettercreator.com\/","name":"Newsletter Creator","description":"Pay off","potentialAction":[{"@type":"SearchAction","target":{"@type":"EntryPoint","urlTemplate":"https:\/\/www.newslettercreator.com\/?s={search_term_string}"},"query-input":{"@type":"PropertyValueSpecification","valueRequired":true,"valueName":"search_term_string"}}],"inLanguage":"de"}]}},"_links":{"self":[{"href":"https:\/\/www.newslettercreator.com\/de\/wp-json\/wp\/v2\/pages\/6730","targetHints":{"allow":["GET"]}}],"collection":[{"href":"https:\/\/www.newslettercreator.com\/de\/wp-json\/wp\/v2\/pages"}],"about":[{"href":"https:\/\/www.newslettercreator.com\/de\/wp-json\/wp\/v2\/types\/page"}],"author":[{"embeddable":true,"href":"https:\/\/www.newslettercreator.com\/de\/wp-json\/wp\/v2\/users\/1"}],"replies":[{"embeddable":true,"href":"https:\/\/www.newslettercreator.com\/de\/wp-json\/wp\/v2\/comments?post=6730"}],"version-history":[{"count":10,"href":"https:\/\/www.newslettercreator.com\/de\/wp-json\/wp\/v2\/pages\/6730\/revisions"}],"predecessor-version":[{"id":11804,"href":"https:\/\/www.newslettercreator.com\/de\/wp-json\/wp\/v2\/pages\/6730\/revisions\/11804"}],"wp:attachment":[{"href":"https:\/\/www.newslettercreator.com\/de\/wp-json\/wp\/v2\/media?parent=6730"}],"curies":[{"name":"wp","href":"https:\/\/api.w.org\/{rel}","templated":true}]}}