{"id":6899,"date":"2018-05-29T10:40:35","date_gmt":"2018-05-29T10:40:35","guid":{"rendered":"https:\/\/www.newslettercreator.com\/?page_id=6899"},"modified":"2018-05-29T10:40:35","modified_gmt":"2018-05-29T10:40:35","slug":"verordnung-eu-2016-679-dsgvo","status":"publish","type":"page","link":"https:\/\/www.newslettercreator.com\/de\/verordnung-eu-2016-679-dsgvo\/","title":{"rendered":"Verordnung (EU) 2016\/679 &#8211; DSGVO"},"content":{"rendered":"<p><strong>Der Schutz der Privatsph\u00e4re unserer Nutzer hat f\u00fcr uns Priorit\u00e4t<\/strong>, deshalb ergreifen wir die gr\u00f6\u00dftm\u00f6glichen Ma\u00dfnahmen und Best Practices zum Datenschutz. Unsere Arbeit basiert auf Privacy by Design.<\/p>\n<p>Unser Unternehmen hat unsere Standards bereits nach der <strong>DSGVO<\/strong> (Datenschutz-Grundverordnung) angehoben. F\u00fcr uns ist es ein wichtiger Schritt, um die <strong>Sicherheit Ihrer Daten zu erh\u00f6hen<\/strong>.<\/p>\n<p>Wir wollen Sie dar\u00fcber informieren, <strong>was wir getan haben, um mehr Sicherheit zu gew\u00e4hrleisten<\/strong>, au\u00dferdem wollen wir Ihnen helfen, <strong>die DSGVO einzuhalten<\/strong>.<\/p>\n<p>Wenn Sie die DSGVO-Grundkonzepte \u00fcberpr\u00fcfen m\u00f6chten, k\u00f6nnen Sie einen Blick auf <a href=\"https:\/\/www.newslettercreator.com\/de\/dsgvo-grundlegende-konzepte\/\"><strong>unseren Leitfaden<\/strong><\/a> werfen, der nur f\u00fcr Sie geschrieben wurde.<\/p>\n<span id=\"g1-space-1\" class=\"g1-space \" style=\"height:30px;\"><\/span>\n<h2>Ihre Daten sind bei uns sicher.<\/h2>\n<p>Vor einiger Zeit hat unser Team einige Verbesserungen zum Schutz Ihrer Daten und Ihrer Privatsph\u00e4re vorgenommen. Damit sind wir bereits jetzt perfekt im Einklang mit der DSGVO.<\/p>\n<p><strong>Unser Engagement ist kontinuierlich<\/strong>. Tats\u00e4chlich \u00fcberpr\u00fcfen wir regelm\u00e4\u00dfig die Effizienz und Angemessenheit der getroffenen und durchgef\u00fchrten Ma\u00dfnahmen, um den Schutz der Datenbank, der Rechte und Grundfreiheiten der Menschen und die Anwendung der Datenverarbeitung durch diejenigen zu gew\u00e4hrleisten, die unsere Dienste in Anspruch nehmen.<\/p>\n<p>In der folgenden Tabelle finden Sie alle Details \u00fcber die geleistete Arbeit, die es Ihnen erm\u00f6glicht, unsere Produkte und Dienstleistungen sicher zu nutzen.<\/p>\n<div id=\"g1-table-1\" class=\"g1-table g1-table--solid \">\n<table width=\"100%\">\n<tbody>\n<tr>\n<td align=\"left\" valign=\"center\">Wir haben einen Datenschutzbeauftragten ernannt.<\/td>\n<td align=\"center\" valign=\"top\" width=\"100px\"><style type=\"text\/css\" scoped=\"scoped\">#icon-1.g1-icon { color: #fda90c; }<\/style>\n<i id=\"icon-1\" class=\"g1-icon g1-icon--none g1-icon--medium g1-icon--inherit  fa fa-check-square\"><\/i><\/td>\n<\/tr>\n<tr>\n<td align=\"left\" valign=\"center\">Wir haben ein Team ausgebildet, das sich mit der Datenverarbeitung und den damit verbundenen Kontrollt\u00e4tigkeiten besch\u00e4ftigt.<\/td>\n<td align=\"center\" valign=\"top\" width=\"100px\"><style type=\"text\/css\" scoped=\"scoped\">#icon-2.g1-icon { color: #fda90c; }<\/style>\n<i id=\"icon-2\" class=\"g1-icon g1-icon--none g1-icon--medium g1-icon--inherit  fa fa-check-square\"><\/i><\/td>\n<\/tr>\n<tr>\n<td align=\"left\" valign=\"center\">Unsere Richtlinie \u00fcber die Rechte des Betroffenen und die Verfahren zum Nachweis der Zustimmung zur Verarbeitung der Daten wurden aktualisiert.<\/td>\n<td align=\"center\" valign=\"top\" width=\"100px\"><style type=\"text\/css\" scoped=\"scoped\">#icon-3.g1-icon { color: #fda90c; }<\/style>\n<i id=\"icon-3\" class=\"g1-icon g1-icon--none g1-icon--medium g1-icon--inherit  fa fa-check-square\"><\/i><\/td>\n<\/tr>\n<tr>\n<td align=\"left\" valign=\"center\">Wir haben eine detaillierte und angemessene, leicht verst\u00e4ndliche Offenlegung der DSGVO erstellt, damit die Betroffenen wissen, wie sie ihre Rechte wahrnehmen k\u00f6nnen.<\/td>\n<td align=\"center\" valign=\"top\" width=\"100px\"><style type=\"text\/css\" scoped=\"scoped\">#icon-4.g1-icon { color: #fda90c; }<\/style>\n<i id=\"icon-4\" class=\"g1-icon g1-icon--none g1-icon--medium g1-icon--inherit  fa fa-check-square\"><\/i><\/td>\n<\/tr>\n<tr>\n<td align=\"left\" valign=\"center\">Im Falle eines Versto\u00dfes gegen personenbezogene Daten sind unsere Antwortverfahren schnell und erfolgen ohne Verz\u00f6gerung, nachdem die Anomalie festgestellt wurde.<\/td>\n<td align=\"center\" valign=\"top\" width=\"100px\"><style type=\"text\/css\" scoped=\"scoped\">#icon-5.g1-icon { color: #fda90c; }<\/style>\n<i id=\"icon-5\" class=\"g1-icon g1-icon--none g1-icon--medium g1-icon--inherit  fa fa-check-square\"><\/i><\/td>\n<\/tr>\n<tr>\n<td align=\"left\" valign=\"center\">Wir haben die DPIA durchgef\u00fchrt, das ist die Bewertung der Auswirkungen auf den Datenschutz.<\/td>\n<td align=\"center\" valign=\"top\" width=\"100px\"><style type=\"text\/css\" scoped=\"scoped\">#icon-6.g1-icon { color: #fda90c; }<\/style>\n<i id=\"icon-6\" class=\"g1-icon g1-icon--none g1-icon--medium g1-icon--inherit  fa fa-check-square\"><\/i><\/td>\n<\/tr>\n<tr>\n<td align=\"left\" valign=\"center\">Wir haben die DSGVO-Grunds\u00e4tze auf verschiedene Aspekte der Datenverarbeitung angewandt: Aktivit\u00e4ten, Ziele, Beschreibung der Kategorien von Empf\u00e4ngern und eventuelle Daten\u00fcbermittlungen.<\/td>\n<td align=\"center\" valign=\"top\" width=\"100px\"><style type=\"text\/css\" scoped=\"scoped\">#icon-7.g1-icon { color: #fda90c; }<\/style>\n<i id=\"icon-7\" class=\"g1-icon g1-icon--none g1-icon--medium g1-icon--inherit  fa fa-check-square\"><\/i><\/td>\n<\/tr>\n<tr>\n<td align=\"left\" valign=\"center\">Unsere technischen und organisatorischen Ma\u00dfnahmen wurden konsolidiert.<\/td>\n<td align=\"center\" valign=\"top\" width=\"100px\"><style type=\"text\/css\" scoped=\"scoped\">#icon-8.g1-icon { color: #fda90c; }<\/style>\n<i id=\"icon-8\" class=\"g1-icon g1-icon--none g1-icon--medium g1-icon--inherit  fa fa-check-square\"><\/i><\/td>\n<\/tr>\n<tr>\n<td align=\"left\" valign=\"center\">Wir garantieren die Daten\u00fcbertragungsrechte von und zu Drittsystemen.<\/td>\n<td align=\"center\" valign=\"top\" width=\"100px\"><style type=\"text\/css\" scoped=\"scoped\">#icon-9.g1-icon { color: #fda90c; }<\/style>\n<i id=\"icon-9\" class=\"g1-icon g1-icon--none g1-icon--medium g1-icon--inherit  fa fa-check-square\"><\/i><\/td>\n<\/tr>\n<tr>\n<td align=\"left\" valign=\"center\">Das Schutzniveau f\u00fcr die Daten\u00fcbermittlung in Nicht-EU-L\u00e4nder wurde durch entsprechende Protokolle verst\u00e4rkt.<\/td>\n<td align=\"center\" valign=\"top\" width=\"100px\"><style type=\"text\/css\" scoped=\"scoped\">#icon-10.g1-icon { color: #fda90c; }<\/style>\n<i id=\"icon-10\" class=\"g1-icon g1-icon--none g1-icon--medium g1-icon--inherit  fa fa-check-square\"><\/i><\/td>\n<\/tr>\n<tr>\n<td align=\"left\" valign=\"center\">Vor einiger Zeit haben wir uns f\u00fcr Privacy by Design entschieden, um die Prinzipien der DSGVO in Datenschutz und Datenverarbeitung effizient umzusetzen.<\/td>\n<td align=\"center\" valign=\"top\" width=\"100px\"><style type=\"text\/css\" scoped=\"scoped\">#icon-11.g1-icon { color: #fda90c; }<\/style>\n<i id=\"icon-11\" class=\"g1-icon g1-icon--none g1-icon--medium g1-icon--inherit  fa fa-check-square\"><\/i><\/td>\n<\/tr>\n<tr>\n<td align=\"left\" valign=\"center\">Am 24. Mai 2018 werden wir die neue Offenlegung ver\u00f6ffentlichen.<\/td>\n<td align=\"center\" valign=\"top\" width=\"100px\"><style type=\"text\/css\" scoped=\"scoped\">#icon-12.g1-icon { color: #fda90c; }<\/style>\n<i id=\"icon-12\" class=\"g1-icon g1-icon--none g1-icon--medium g1-icon--inherit  fa fa-check-square\"><\/i><\/td>\n<\/tr>\n<\/tbody>\n<\/table>\n<\/div>\n","protected":false},"excerpt":{"rendered":"<p>Der Schutz der Privatsph\u00e4re unserer Nutzer hat f\u00fcr uns Priorit\u00e4t, deshalb ergreifen wir die gr\u00f6\u00dftm\u00f6glichen Ma\u00dfnahmen und Best Practices zum Datenschutz. Unsere Arbeit basiert auf Privacy by Design. Unser Unternehmen hat unsere Standards bereits nach der DSGVO (Datenschutz-Grundverordnung) angehoben. F\u00fcr uns ist es ein wichtiger Schritt, um die Sicherheit Ihrer Daten zu erh\u00f6hen. Wir wollen [&hellip;]<\/p>\n","protected":false},"author":2,"featured_media":0,"parent":0,"menu_order":0,"comment_status":"closed","ping_status":"closed","template":"","meta":{"inline_featured_image":false,"_monsterinsights_skip_tracking":false,"_monsterinsights_sitenote_active":false,"_monsterinsights_sitenote_note":"","_monsterinsights_sitenote_category":0,"footnotes":""},"class_list":["post-6899","page","type-page","status-publish"],"yoast_head":"<!-- This site is optimized with the Yoast SEO plugin v25.2 - https:\/\/yoast.com\/wordpress\/plugins\/seo\/ -->\n<title>Verordnung (EU) 2016\/679 - DSGVO - Newsletter Creator<\/title>\n<meta name=\"robots\" content=\"index, follow, max-snippet:-1, max-image-preview:large, max-video-preview:-1\" \/>\n<link rel=\"canonical\" href=\"https:\/\/www.newslettercreator.com\/de\/verordnung-eu-2016-679-dsgvo\/\" \/>\n<meta property=\"og:locale\" content=\"de_DE\" \/>\n<meta property=\"og:type\" content=\"article\" \/>\n<meta property=\"og:title\" content=\"Verordnung (EU) 2016\/679 - DSGVO - Newsletter Creator\" \/>\n<meta property=\"og:description\" content=\"Der Schutz der Privatsph\u00e4re unserer Nutzer hat f\u00fcr uns Priorit\u00e4t, deshalb ergreifen wir die gr\u00f6\u00dftm\u00f6glichen Ma\u00dfnahmen und Best Practices zum Datenschutz. Unsere Arbeit basiert auf Privacy by Design. Unser Unternehmen hat unsere Standards bereits nach der DSGVO (Datenschutz-Grundverordnung) angehoben. F\u00fcr uns ist es ein wichtiger Schritt, um die Sicherheit Ihrer Daten zu erh\u00f6hen. Wir wollen [&hellip;]\" \/>\n<meta property=\"og:url\" content=\"https:\/\/www.newslettercreator.com\/de\/verordnung-eu-2016-679-dsgvo\/\" \/>\n<meta property=\"og:site_name\" content=\"Newsletter Creator\" \/>\n<meta name=\"twitter:label1\" content=\"Gesch\u00e4tzte Lesezeit\" \/>\n\t<meta name=\"twitter:data1\" content=\"3\u00a0Minuten\" \/>\n<script type=\"application\/ld+json\" class=\"yoast-schema-graph\">{\"@context\":\"https:\/\/schema.org\",\"@graph\":[{\"@type\":\"WebPage\",\"@id\":\"https:\/\/www.newslettercreator.com\/de\/verordnung-eu-2016-679-dsgvo\/\",\"url\":\"https:\/\/www.newslettercreator.com\/de\/verordnung-eu-2016-679-dsgvo\/\",\"name\":\"Verordnung (EU) 2016\/679 - DSGVO - Newsletter Creator\",\"isPartOf\":{\"@id\":\"https:\/\/www.newslettercreator.com\/#website\"},\"datePublished\":\"2018-05-29T10:40:35+00:00\",\"breadcrumb\":{\"@id\":\"https:\/\/www.newslettercreator.com\/de\/verordnung-eu-2016-679-dsgvo\/#breadcrumb\"},\"inLanguage\":\"de\",\"potentialAction\":[{\"@type\":\"ReadAction\",\"target\":[\"https:\/\/www.newslettercreator.com\/de\/verordnung-eu-2016-679-dsgvo\/\"]}]},{\"@type\":\"BreadcrumbList\",\"@id\":\"https:\/\/www.newslettercreator.com\/de\/verordnung-eu-2016-679-dsgvo\/#breadcrumb\",\"itemListElement\":[{\"@type\":\"ListItem\",\"position\":1,\"name\":\"Home\",\"item\":\"https:\/\/www.newslettercreator.com\/de\/\"},{\"@type\":\"ListItem\",\"position\":2,\"name\":\"Verordnung (EU) 2016\/679 &#8211; DSGVO\"}]},{\"@type\":\"WebSite\",\"@id\":\"https:\/\/www.newslettercreator.com\/#website\",\"url\":\"https:\/\/www.newslettercreator.com\/\",\"name\":\"Newsletter Creator\",\"description\":\"Pay off\",\"potentialAction\":[{\"@type\":\"SearchAction\",\"target\":{\"@type\":\"EntryPoint\",\"urlTemplate\":\"https:\/\/www.newslettercreator.com\/?s={search_term_string}\"},\"query-input\":{\"@type\":\"PropertyValueSpecification\",\"valueRequired\":true,\"valueName\":\"search_term_string\"}}],\"inLanguage\":\"de\"}]}<\/script>\n<!-- \/ Yoast SEO plugin. -->","yoast_head_json":{"title":"Verordnung (EU) 2016\/679 - DSGVO - Newsletter Creator","robots":{"index":"index","follow":"follow","max-snippet":"max-snippet:-1","max-image-preview":"max-image-preview:large","max-video-preview":"max-video-preview:-1"},"canonical":"https:\/\/www.newslettercreator.com\/de\/verordnung-eu-2016-679-dsgvo\/","og_locale":"de_DE","og_type":"article","og_title":"Verordnung (EU) 2016\/679 - DSGVO - Newsletter Creator","og_description":"Der Schutz der Privatsph\u00e4re unserer Nutzer hat f\u00fcr uns Priorit\u00e4t, deshalb ergreifen wir die gr\u00f6\u00dftm\u00f6glichen Ma\u00dfnahmen und Best Practices zum Datenschutz. Unsere Arbeit basiert auf Privacy by Design. Unser Unternehmen hat unsere Standards bereits nach der DSGVO (Datenschutz-Grundverordnung) angehoben. F\u00fcr uns ist es ein wichtiger Schritt, um die Sicherheit Ihrer Daten zu erh\u00f6hen. Wir wollen [&hellip;]","og_url":"https:\/\/www.newslettercreator.com\/de\/verordnung-eu-2016-679-dsgvo\/","og_site_name":"Newsletter Creator","twitter_misc":{"Gesch\u00e4tzte Lesezeit":"3\u00a0Minuten"},"schema":{"@context":"https:\/\/schema.org","@graph":[{"@type":"WebPage","@id":"https:\/\/www.newslettercreator.com\/de\/verordnung-eu-2016-679-dsgvo\/","url":"https:\/\/www.newslettercreator.com\/de\/verordnung-eu-2016-679-dsgvo\/","name":"Verordnung (EU) 2016\/679 - DSGVO - Newsletter Creator","isPartOf":{"@id":"https:\/\/www.newslettercreator.com\/#website"},"datePublished":"2018-05-29T10:40:35+00:00","breadcrumb":{"@id":"https:\/\/www.newslettercreator.com\/de\/verordnung-eu-2016-679-dsgvo\/#breadcrumb"},"inLanguage":"de","potentialAction":[{"@type":"ReadAction","target":["https:\/\/www.newslettercreator.com\/de\/verordnung-eu-2016-679-dsgvo\/"]}]},{"@type":"BreadcrumbList","@id":"https:\/\/www.newslettercreator.com\/de\/verordnung-eu-2016-679-dsgvo\/#breadcrumb","itemListElement":[{"@type":"ListItem","position":1,"name":"Home","item":"https:\/\/www.newslettercreator.com\/de\/"},{"@type":"ListItem","position":2,"name":"Verordnung (EU) 2016\/679 &#8211; DSGVO"}]},{"@type":"WebSite","@id":"https:\/\/www.newslettercreator.com\/#website","url":"https:\/\/www.newslettercreator.com\/","name":"Newsletter Creator","description":"Pay off","potentialAction":[{"@type":"SearchAction","target":{"@type":"EntryPoint","urlTemplate":"https:\/\/www.newslettercreator.com\/?s={search_term_string}"},"query-input":{"@type":"PropertyValueSpecification","valueRequired":true,"valueName":"search_term_string"}}],"inLanguage":"de"}]}},"_links":{"self":[{"href":"https:\/\/www.newslettercreator.com\/de\/wp-json\/wp\/v2\/pages\/6899","targetHints":{"allow":["GET"]}}],"collection":[{"href":"https:\/\/www.newslettercreator.com\/de\/wp-json\/wp\/v2\/pages"}],"about":[{"href":"https:\/\/www.newslettercreator.com\/de\/wp-json\/wp\/v2\/types\/page"}],"author":[{"embeddable":true,"href":"https:\/\/www.newslettercreator.com\/de\/wp-json\/wp\/v2\/users\/2"}],"replies":[{"embeddable":true,"href":"https:\/\/www.newslettercreator.com\/de\/wp-json\/wp\/v2\/comments?post=6899"}],"version-history":[{"count":3,"href":"https:\/\/www.newslettercreator.com\/de\/wp-json\/wp\/v2\/pages\/6899\/revisions"}],"predecessor-version":[{"id":6903,"href":"https:\/\/www.newslettercreator.com\/de\/wp-json\/wp\/v2\/pages\/6899\/revisions\/6903"}],"wp:attachment":[{"href":"https:\/\/www.newslettercreator.com\/de\/wp-json\/wp\/v2\/media?parent=6899"}],"curies":[{"name":"wp","href":"https:\/\/api.w.org\/{rel}","templated":true}]}}