{"id":6930,"date":"2018-05-24T12:17:11","date_gmt":"2018-05-24T12:17:11","guid":{"rendered":"https:\/\/www.newslettercreator.com\/privacypolicy-eu-regulation-2016-79-gdpr\/"},"modified":"2018-05-31T13:17:54","modified_gmt":"2018-05-31T13:17:54","slug":"datenschutzerklarung-eu-verordnung-2016-79-dsgvo","status":"publish","type":"page","link":"https:\/\/www.newslettercreator.com\/de\/datenschutzerklarung-eu-verordnung-2016-79-dsgvo\/","title":{"rendered":"DSGVO &#8211; Einf\u00fchrung &#8211; Ziele"},"content":{"rendered":"<p><img decoding=\"async\" class=\"alignnone size-full wp-image-6761\" src=\"https:\/\/www.newslettercreator.com\/wp-content\/uploads\/2018\/05\/gdpr-intro-2-1.png\" alt=\"\" width=\"1280\" height=\"700\" srcset=\"https:\/\/www.newslettercreator.com\/wp-content\/uploads\/2018\/05\/gdpr-intro-2-1.png 1280w, https:\/\/www.newslettercreator.com\/wp-content\/uploads\/2018\/05\/gdpr-intro-2-1-300x164.png 300w, https:\/\/www.newslettercreator.com\/wp-content\/uploads\/2018\/05\/gdpr-intro-2-1-768x420.png 768w, https:\/\/www.newslettercreator.com\/wp-content\/uploads\/2018\/05\/gdpr-intro-2-1-1024x560.png 1024w, https:\/\/www.newslettercreator.com\/wp-content\/uploads\/2018\/05\/gdpr-intro-2-1-968x529.png 968w, https:\/\/www.newslettercreator.com\/wp-content\/uploads\/2018\/05\/gdpr-intro-2-1-636x348.png 636w, https:\/\/www.newslettercreator.com\/wp-content\/uploads\/2018\/05\/gdpr-intro-2-1-320x175.png 320w, https:\/\/www.newslettercreator.com\/wp-content\/uploads\/2018\/05\/gdpr-intro-2-1-239x131.png 239w\" sizes=\"(max-width: 1280px) 100vw, 1280px\" \/><\/p>\n<p>Wir haben dieses Dokument geschrieben, um Ihnen zu helfen, unsere Datenschutzerkl\u00e4rungen zu verstehen. Um das so einfach wie m\u00f6glich zu machen, verwenden wir eine klare Sprache und eine einfache Struktur.<\/p>\n<p>Mit Inkrafttreten der Allgemeinen Datenschutzverordnung (EU 2016\/679) verbessern wir den Einsatz von Delivery Tech. Obwohl viele dieser Regeln nur f\u00fcr Benutzer in der Europ\u00e4ischen Union (EU) gelten, werden die \u00c4nderungen alle Benutzer betreffen.<\/p>\n<p>In diesem Dokument erfahren Sie, welche Daten wir zu welchem Zweck, f\u00fcr wie lange und wo wir diese Daten speichern. Unser Ziel ist es, Ihnen einfach zu erkl\u00e4ren, wie Sie Ihre Daten aktualisieren, verwalten, exportieren und l\u00f6schen k\u00f6nnen.<\/p>\n<p>Wie von der DSGVO ausdr\u00fccklich gefordert, k\u00f6nnen Sie bei der Nutzung unserer Dienste Ihre Rechte jederzeit und in voller Transparenz wahrnehmen. Wir laden Sie ein, die folgenden Anweisungen sorgf\u00e4ltig zu lesen und die Bereiche, die Sie am meisten interessieren, genau zu beachten.<\/p>\n","protected":false},"excerpt":{"rendered":"<p>Wir haben dieses Dokument geschrieben, um Ihnen zu helfen, unsere Datenschutzerkl\u00e4rungen zu verstehen. Um das so einfach wie m\u00f6glich zu machen, verwenden wir eine klare Sprache und eine einfache Struktur. Mit Inkrafttreten der Allgemeinen Datenschutzverordnung (EU 2016\/679) verbessern wir den Einsatz von Delivery Tech. Obwohl viele dieser Regeln nur f\u00fcr Benutzer in der Europ\u00e4ischen Union [&hellip;]<\/p>\n","protected":false},"author":2,"featured_media":0,"parent":0,"menu_order":0,"comment_status":"closed","ping_status":"closed","template":"g1_template_page_nav_left.php","meta":{"inline_featured_image":false,"_monsterinsights_skip_tracking":false,"_monsterinsights_sitenote_active":false,"_monsterinsights_sitenote_note":"","_monsterinsights_sitenote_category":0,"footnotes":""},"class_list":["post-6930","page","type-page","status-publish"],"yoast_head":"<!-- This site is optimized with the Yoast SEO plugin v25.2 - https:\/\/yoast.com\/wordpress\/plugins\/seo\/ -->\n<title>DSGVO - Einf\u00fchrung - Ziele - Newsletter Creator<\/title>\n<meta name=\"robots\" content=\"index, follow, max-snippet:-1, max-image-preview:large, max-video-preview:-1\" \/>\n<link rel=\"canonical\" href=\"https:\/\/www.newslettercreator.com\/de\/datenschutzerklarung-eu-verordnung-2016-79-dsgvo\/\" \/>\n<meta property=\"og:locale\" content=\"de_DE\" \/>\n<meta property=\"og:type\" content=\"article\" \/>\n<meta property=\"og:title\" content=\"DSGVO - Einf\u00fchrung - Ziele - Newsletter Creator\" \/>\n<meta property=\"og:description\" content=\"Wir haben dieses Dokument geschrieben, um Ihnen zu helfen, unsere Datenschutzerkl\u00e4rungen zu verstehen. Um das so einfach wie m\u00f6glich zu machen, verwenden wir eine klare Sprache und eine einfache Struktur. Mit Inkrafttreten der Allgemeinen Datenschutzverordnung (EU 2016\/679) verbessern wir den Einsatz von Delivery Tech. Obwohl viele dieser Regeln nur f\u00fcr Benutzer in der Europ\u00e4ischen Union [&hellip;]\" \/>\n<meta property=\"og:url\" content=\"https:\/\/www.newslettercreator.com\/de\/datenschutzerklarung-eu-verordnung-2016-79-dsgvo\/\" \/>\n<meta property=\"og:site_name\" content=\"Newsletter Creator\" \/>\n<meta property=\"article:modified_time\" content=\"2018-05-31T13:17:54+00:00\" \/>\n<meta property=\"og:image\" content=\"https:\/\/www.newslettercreator.com\/wp-content\/uploads\/2018\/05\/gdpr-intro-2-1.png\" \/>\n<meta name=\"twitter:label1\" content=\"Gesch\u00e4tzte Lesezeit\" \/>\n\t<meta name=\"twitter:data1\" content=\"1\u00a0Minute\" \/>\n<script type=\"application\/ld+json\" class=\"yoast-schema-graph\">{\"@context\":\"https:\/\/schema.org\",\"@graph\":[{\"@type\":\"WebPage\",\"@id\":\"https:\/\/www.newslettercreator.com\/de\/datenschutzerklarung-eu-verordnung-2016-79-dsgvo\/\",\"url\":\"https:\/\/www.newslettercreator.com\/de\/datenschutzerklarung-eu-verordnung-2016-79-dsgvo\/\",\"name\":\"DSGVO - Einf\u00fchrung - Ziele - Newsletter Creator\",\"isPartOf\":{\"@id\":\"https:\/\/www.newslettercreator.com\/#website\"},\"primaryImageOfPage\":{\"@id\":\"https:\/\/www.newslettercreator.com\/de\/datenschutzerklarung-eu-verordnung-2016-79-dsgvo\/#primaryimage\"},\"image\":{\"@id\":\"https:\/\/www.newslettercreator.com\/de\/datenschutzerklarung-eu-verordnung-2016-79-dsgvo\/#primaryimage\"},\"thumbnailUrl\":\"https:\/\/www.newslettercreator.com\/wp-content\/uploads\/2018\/05\/gdpr-intro-2-1.png\",\"datePublished\":\"2018-05-24T12:17:11+00:00\",\"dateModified\":\"2018-05-31T13:17:54+00:00\",\"breadcrumb\":{\"@id\":\"https:\/\/www.newslettercreator.com\/de\/datenschutzerklarung-eu-verordnung-2016-79-dsgvo\/#breadcrumb\"},\"inLanguage\":\"de\",\"potentialAction\":[{\"@type\":\"ReadAction\",\"target\":[\"https:\/\/www.newslettercreator.com\/de\/datenschutzerklarung-eu-verordnung-2016-79-dsgvo\/\"]}]},{\"@type\":\"ImageObject\",\"inLanguage\":\"de\",\"@id\":\"https:\/\/www.newslettercreator.com\/de\/datenschutzerklarung-eu-verordnung-2016-79-dsgvo\/#primaryimage\",\"url\":\"https:\/\/www.newslettercreator.com\/wp-content\/uploads\/2018\/05\/gdpr-intro-2-1.png\",\"contentUrl\":\"https:\/\/www.newslettercreator.com\/wp-content\/uploads\/2018\/05\/gdpr-intro-2-1.png\"},{\"@type\":\"BreadcrumbList\",\"@id\":\"https:\/\/www.newslettercreator.com\/de\/datenschutzerklarung-eu-verordnung-2016-79-dsgvo\/#breadcrumb\",\"itemListElement\":[{\"@type\":\"ListItem\",\"position\":1,\"name\":\"Home\",\"item\":\"https:\/\/www.newslettercreator.com\/de\/\"},{\"@type\":\"ListItem\",\"position\":2,\"name\":\"DSGVO &#8211; Einf\u00fchrung &#8211; Ziele\"}]},{\"@type\":\"WebSite\",\"@id\":\"https:\/\/www.newslettercreator.com\/#website\",\"url\":\"https:\/\/www.newslettercreator.com\/\",\"name\":\"Newsletter Creator\",\"description\":\"Pay off\",\"potentialAction\":[{\"@type\":\"SearchAction\",\"target\":{\"@type\":\"EntryPoint\",\"urlTemplate\":\"https:\/\/www.newslettercreator.com\/?s={search_term_string}\"},\"query-input\":{\"@type\":\"PropertyValueSpecification\",\"valueRequired\":true,\"valueName\":\"search_term_string\"}}],\"inLanguage\":\"de\"}]}<\/script>\n<!-- \/ Yoast SEO plugin. -->","yoast_head_json":{"title":"DSGVO - Einf\u00fchrung - Ziele - Newsletter Creator","robots":{"index":"index","follow":"follow","max-snippet":"max-snippet:-1","max-image-preview":"max-image-preview:large","max-video-preview":"max-video-preview:-1"},"canonical":"https:\/\/www.newslettercreator.com\/de\/datenschutzerklarung-eu-verordnung-2016-79-dsgvo\/","og_locale":"de_DE","og_type":"article","og_title":"DSGVO - Einf\u00fchrung - Ziele - Newsletter Creator","og_description":"Wir haben dieses Dokument geschrieben, um Ihnen zu helfen, unsere Datenschutzerkl\u00e4rungen zu verstehen. Um das so einfach wie m\u00f6glich zu machen, verwenden wir eine klare Sprache und eine einfache Struktur. Mit Inkrafttreten der Allgemeinen Datenschutzverordnung (EU 2016\/679) verbessern wir den Einsatz von Delivery Tech. Obwohl viele dieser Regeln nur f\u00fcr Benutzer in der Europ\u00e4ischen Union [&hellip;]","og_url":"https:\/\/www.newslettercreator.com\/de\/datenschutzerklarung-eu-verordnung-2016-79-dsgvo\/","og_site_name":"Newsletter Creator","article_modified_time":"2018-05-31T13:17:54+00:00","og_image":[{"url":"https:\/\/www.newslettercreator.com\/wp-content\/uploads\/2018\/05\/gdpr-intro-2-1.png","type":"","width":"","height":""}],"twitter_misc":{"Gesch\u00e4tzte Lesezeit":"1\u00a0Minute"},"schema":{"@context":"https:\/\/schema.org","@graph":[{"@type":"WebPage","@id":"https:\/\/www.newslettercreator.com\/de\/datenschutzerklarung-eu-verordnung-2016-79-dsgvo\/","url":"https:\/\/www.newslettercreator.com\/de\/datenschutzerklarung-eu-verordnung-2016-79-dsgvo\/","name":"DSGVO - Einf\u00fchrung - Ziele - Newsletter Creator","isPartOf":{"@id":"https:\/\/www.newslettercreator.com\/#website"},"primaryImageOfPage":{"@id":"https:\/\/www.newslettercreator.com\/de\/datenschutzerklarung-eu-verordnung-2016-79-dsgvo\/#primaryimage"},"image":{"@id":"https:\/\/www.newslettercreator.com\/de\/datenschutzerklarung-eu-verordnung-2016-79-dsgvo\/#primaryimage"},"thumbnailUrl":"https:\/\/www.newslettercreator.com\/wp-content\/uploads\/2018\/05\/gdpr-intro-2-1.png","datePublished":"2018-05-24T12:17:11+00:00","dateModified":"2018-05-31T13:17:54+00:00","breadcrumb":{"@id":"https:\/\/www.newslettercreator.com\/de\/datenschutzerklarung-eu-verordnung-2016-79-dsgvo\/#breadcrumb"},"inLanguage":"de","potentialAction":[{"@type":"ReadAction","target":["https:\/\/www.newslettercreator.com\/de\/datenschutzerklarung-eu-verordnung-2016-79-dsgvo\/"]}]},{"@type":"ImageObject","inLanguage":"de","@id":"https:\/\/www.newslettercreator.com\/de\/datenschutzerklarung-eu-verordnung-2016-79-dsgvo\/#primaryimage","url":"https:\/\/www.newslettercreator.com\/wp-content\/uploads\/2018\/05\/gdpr-intro-2-1.png","contentUrl":"https:\/\/www.newslettercreator.com\/wp-content\/uploads\/2018\/05\/gdpr-intro-2-1.png"},{"@type":"BreadcrumbList","@id":"https:\/\/www.newslettercreator.com\/de\/datenschutzerklarung-eu-verordnung-2016-79-dsgvo\/#breadcrumb","itemListElement":[{"@type":"ListItem","position":1,"name":"Home","item":"https:\/\/www.newslettercreator.com\/de\/"},{"@type":"ListItem","position":2,"name":"DSGVO &#8211; Einf\u00fchrung &#8211; Ziele"}]},{"@type":"WebSite","@id":"https:\/\/www.newslettercreator.com\/#website","url":"https:\/\/www.newslettercreator.com\/","name":"Newsletter Creator","description":"Pay off","potentialAction":[{"@type":"SearchAction","target":{"@type":"EntryPoint","urlTemplate":"https:\/\/www.newslettercreator.com\/?s={search_term_string}"},"query-input":{"@type":"PropertyValueSpecification","valueRequired":true,"valueName":"search_term_string"}}],"inLanguage":"de"}]}},"_links":{"self":[{"href":"https:\/\/www.newslettercreator.com\/de\/wp-json\/wp\/v2\/pages\/6930","targetHints":{"allow":["GET"]}}],"collection":[{"href":"https:\/\/www.newslettercreator.com\/de\/wp-json\/wp\/v2\/pages"}],"about":[{"href":"https:\/\/www.newslettercreator.com\/de\/wp-json\/wp\/v2\/types\/page"}],"author":[{"embeddable":true,"href":"https:\/\/www.newslettercreator.com\/de\/wp-json\/wp\/v2\/users\/2"}],"replies":[{"embeddable":true,"href":"https:\/\/www.newslettercreator.com\/de\/wp-json\/wp\/v2\/comments?post=6930"}],"version-history":[{"count":3,"href":"https:\/\/www.newslettercreator.com\/de\/wp-json\/wp\/v2\/pages\/6930\/revisions"}],"predecessor-version":[{"id":6933,"href":"https:\/\/www.newslettercreator.com\/de\/wp-json\/wp\/v2\/pages\/6930\/revisions\/6933"}],"wp:attachment":[{"href":"https:\/\/www.newslettercreator.com\/de\/wp-json\/wp\/v2\/media?parent=6930"}],"curies":[{"name":"wp","href":"https:\/\/api.w.org\/{rel}","templated":true}]}}