{"id":6940,"date":"2018-05-24T12:21:30","date_gmt":"2018-05-24T12:21:30","guid":{"rendered":"https:\/\/www.newslettercreator.com\/datenschutzerklarung-eu-verordnung-2016-79-dsgvo\/how-delivery-tech-collects-data\/"},"modified":"2018-07-13T10:03:47","modified_gmt":"2018-07-13T10:03:47","slug":"wie-delivery-tech-daten-sammelt","status":"publish","type":"page","link":"https:\/\/www.newslettercreator.com\/de\/datenschutzerklarung-eu-verordnung-2016-79-dsgvo\/wie-delivery-tech-daten-sammelt\/","title":{"rendered":"Wie Delivery Tech Daten sammelt"},"content":{"rendered":"<p><img decoding=\"async\" class=\"alignnone size-full wp-image-6764\" src=\"https:\/\/www.newslettercreator.com\/wp-content\/uploads\/2018\/05\/GDPR-raccolta-1.png\" alt=\"\" width=\"1280\" height=\"700\" srcset=\"https:\/\/www.newslettercreator.com\/wp-content\/uploads\/2018\/05\/GDPR-raccolta-1.png 1280w, https:\/\/www.newslettercreator.com\/wp-content\/uploads\/2018\/05\/GDPR-raccolta-1-300x164.png 300w, https:\/\/www.newslettercreator.com\/wp-content\/uploads\/2018\/05\/GDPR-raccolta-1-768x420.png 768w, https:\/\/www.newslettercreator.com\/wp-content\/uploads\/2018\/05\/GDPR-raccolta-1-1024x560.png 1024w, https:\/\/www.newslettercreator.com\/wp-content\/uploads\/2018\/05\/GDPR-raccolta-1-968x529.png 968w, https:\/\/www.newslettercreator.com\/wp-content\/uploads\/2018\/05\/GDPR-raccolta-1-636x348.png 636w, https:\/\/www.newslettercreator.com\/wp-content\/uploads\/2018\/05\/GDPR-raccolta-1-320x175.png 320w, https:\/\/www.newslettercreator.com\/wp-content\/uploads\/2018\/05\/GDPR-raccolta-1-239x131.png 239w\" sizes=\"(max-width: 1280px) 100vw, 1280px\" \/><\/p>\n<ul class=\"g1-grid\"><li class=\"g1-column g1-one-fourth g1-valign-top\">\n<h4>Automatisch von unseren Systemen gesammelte Daten, w\u00e4hrend Ihrer Aktivit\u00e4ten auf unseren Websites und bei der Nutzung unserer Dienste<\/h4>\n<\/li><!-- -->\n<li class=\"g1-column g1-three-fourth g1-valign-top\">\n<p>Wenn Sie unsere Dienste nutzen oder auf einer unserer Websites surfen, k\u00f6nnen unsere Systemprotokolldateien Informationen \u00fcber Sie sammeln, wie z.B.:<\/p>\n\n<ul id=\"g1-list-1\" class=\"g1-list--upper-alpha g1-list--none \">\n<li>Ihre IP-Adresse;<\/li>\n<li>Ihr Betriebssystem<\/li>\n<li>Ihre ID und Ihren Browsertyp;<\/li>\n<li>GPS-Koordinaten<\/li>\n<\/ul>\n\n<p>Sogar Ihre Browsing-Aktivit\u00e4ten auf unserer Website k\u00f6nnen nachverfolgt werden, \u00fcber:<\/p>\n\n<ul id=\"g1-list-2\" class=\"g1-list--upper-alpha g1-list--none \">\n<li>Tracking-Technologien (z.B. Google Analytics) oder \u00e4hnliches auf unserer Website, die dazu dienen, Trends zu analysieren, die Website zu verwalten, die Nutzung der Website zu verfolgen und gezielte Werbung vorzuschlagen;<\/li>\n<li>Cookies, um Ihre Browser-Pr\u00e4ferenzen zu optimieren.<\/li>\n<\/ul>\n\n<p>Wenn wir eine E-Mail an die Abonnenten eines Dienstes oder eine Liste von Kontakten senden, erm\u00f6glichen uns Web-Beacons oder Pixel-Tags, bestimmte Aktionen zu verfolgen. Die in unseren E-Mails enthaltenen propriet\u00e4ren Tracking-Technologien erm\u00f6glichen es uns, die Leistung von E-Mail-Kampagnen zu messen und die Funktionalit\u00e4t f\u00fcr bestimmte Benutzersegmente zu verbessern. Wir f\u00fcgen auch Web-Beacons in E-Mails ein, die nicht der Massenanmeldung unterliegen.Die gesammelten Daten werden verwendet, um Berichte dar\u00fcber zu erstellen, wie Ihre E-Mail-Kampagne ausgef\u00fchrt und zugestellt wurde und welche Aktionen die Abonnenten Ihrer Kontaktliste durchgef\u00fchrt haben.<\/p>\n<p>Wenn Sie mit uns in Kontakt treten und mit uns interagieren, sammeln wir auch Daten, die Sie uns bei der Nutzung unserer elektronischen Systeme (Online-Chat, Forum, Telefon) mitgeteilt haben. Diese Informationen werden gesammelt als:<\/p>\n\n<ul id=\"g1-list-3\" class=\"g1-list--upper-alpha g1-list--none \">\n<li>Teil der Protokolldateien;<\/li>\n<li>eine Lieferantendatenbank von Drittanbietern.<\/li>\n<\/ul>\n\n<p>Zu Ihrer Sicherheit geben wir an, dass diese Daten nicht mit zus\u00e4tzlichen pers\u00f6nlichen Informationen versehen sind und verwendet werden, um:<\/p>\n\n<ul id=\"g1-list-4\" class=\"g1-list--upper-alpha g1-list--none \">\n<li>anonyme statistische Informationen abzuleiten;<\/li>\n<li>Nutzungsbed\u00fcrfnisse zu steuern;<\/li>\n<li>die Verantwortlichkeit bei hypothetischer Computerkriminalit\u00e4t festzulegen;<\/li>\n<li>Anfragen nach Unterst\u00fctzung zu verfolgen, um die schnelle Bereitstellung umfassender L\u00f6sungen zu gew\u00e4hrleisten;<\/li>\n<li>zu erfahren, wie und wann Sie unsere Dienste, Anwendungen und Software nutzen, um sie zu verbessern, sowohl f\u00fcr Sie als auch f\u00fcr alle unsere Nutzer.<\/li>\n<\/ul>\n\n<\/li><!-- --><\/ul>\n<div id=\"g1-divider-1\" class=\"g1-divider g1-divider--none g1-divider--noicon \"><\/div>\n<ul class=\"g1-grid\"><li class=\"g1-column g1-one-fourth g1-valign-top\">\n<h4>Freiwillig zur Verf\u00fcgung gestellte Daten f\u00fcr die Nutzung der Dienste<\/h4>\n<\/li><!-- -->\n<li class=\"g1-column g1-three-fourth g1-valign-top\">\n<p>In vielen F\u00e4llen sammeln wir Informationen, die Sie uns freiwillig zur Verf\u00fcgung stellen, um einer Anfrage nachzukommen, insbesondere wenn:<\/p>\n\n<ul id=\"g1-list-5\" class=\"g1-list--upper-alpha g1-list--none \">\n<li>Sie sich anmelden, um unsere Dienste, Anwendungen und Software zu nutzen;<\/li>\n<li>Sie Unterst\u00fctzung durch unser Kundensupport-Team anfordern;<\/li>\n<li>Sie uns per E-Mail schreiben;<\/li>\n<li>Sie ein Kontaktformular (oder ein anderes Formular) ausf\u00fcllen;<\/li>\n<li>Sie Dienste mit einer anderen Website oder einem anderen Webservice integrieren;<\/li>\n<li>Sie mit uns in irgendeiner Weise (auch telefonisch) kommunizieren.<\/li>\n<\/ul>\n\n<p>Diese Informationen k\u00f6nnen Ihren Vor- und Nachnamen, Ihren Kundennamen, Ihre physische Adresse, E-Mail-Adresse, Telefonnummer, Angaben zu Geschlecht, Beruf, Standort, Kaufhistorie und andere demografische Informationen enthalten.<br \/>\nIndem Sie diese Informationen zur Verf\u00fcgung stellen, stimmen Sie der Tatsache zu, dass sie gesammelt, verwendet, in die Vereinigten Staaten \u00fcbertragen und von uns gespeichert werden, wie in unserer DPA und dieser Datenschutzrichtlinie beschrieben.<\/p>\n<\/li><!-- --><\/ul>\n<div id=\"g1-divider-2\" class=\"g1-divider g1-divider--none g1-divider--noicon \"><\/div>\n<ul class=\"g1-grid\"><li class=\"g1-column g1-one-fourth g1-valign-top\">\n<h4>Einwilligung zur Datenverarbeitung<\/h4>\n<\/li><!-- -->\n<li class=\"g1-column g1-three-fourth g1-valign-top\">\n<p>Wir haben eine Einverst\u00e4ndniserkl\u00e4rung zur Verarbeitung der Daten in verst\u00e4ndlicher und leicht zug\u00e4nglicher Form ohne Bel\u00e4stigungsklauseln abgegeben. Sie k\u00f6nnen immer eine authentische, freie Wahl treffen.<br \/>\nWenn Sie Ihre Einwilligung ausdr\u00fccken oder verweigern, m\u00fcssen Sie Folgendes ber\u00fccksichtigen:<\/p>\n\n<ul id=\"g1-list-6\" class=\"g1-list--upper-alpha g1-list--none \">\n<li>die Notwendigkeit, der gesetzlichen Verpflichtung nachzukommen, der Delivery Tech als Datenverantwortlicher unterliegt;<\/li>\n<li>die Notwendigkeit, einen Vertrag zu erf\u00fcllen, um eine Dienstleistung zu erbringen, an der Sie Interesse bekundet haben;<\/li>\n<li>m\u00f6gliche vorvertragliche Ma\u00dfnahmen zur Durchf\u00fchrung von Ausschreibungen oder zur Nutzung von Demoversionen.<\/li>\n<\/ul>\n\n<p>Sie haben jederzeit die M\u00f6glichkeit, Ihre Einwilligung durch einen positiven und eindeutigen Akt zu erteilen, in dem Sie Ihre freie, konkrete und informierte Absicht zum Ausdruck bringen, die Verarbeitung Ihrer pers\u00f6nlichen Daten zu akzeptieren.<br \/>\nJe nach Situation bedeutet &#8222;positiver und eindeutiger Akt&#8220;:<\/p>\n\n<ul id=\"g1-list-7\" class=\"g1-list--upper-alpha g1-list--none \">\n<li>eine schriftliche Erkl\u00e4rung in Papierform;<\/li>\n<li>eine Kommunikation auf elektronischem Wege (z.B. online ausgef\u00fcllte Formulare) oder in Papierform;<\/li>\n<li>eine m\u00fcndliche Kommunikation mit einem registrierten Verfahren.<\/li>\n<\/ul>\n\n<p><span style=\"font-weight: 400;\">Sie k\u00f6nnen sich jederzeit daf\u00fcr entscheiden, die Verarbeitung von Daten nach den Regeln der DSGVO und den Bedingungen von Chancen zu vermeiden.<\/span><\/p>\n<\/li><!-- --><\/ul>\n<div id=\"g1-divider-3\" class=\"g1-divider g1-divider--none g1-divider--noicon \"><\/div>\n<ul class=\"g1-grid\"><li class=\"g1-column g1-one-fourth g1-valign-top\">\n<h4>Datenspeicherung Behandlungszeiten und Verfahren<\/h4>\n<\/li><!-- -->\n<li class=\"g1-column g1-three-fourth g1-valign-top\">\n<p>Bei Delivery Tech tun wir unser Bestes, um Ihre Daten genau, aktuell und auf die von Ihnen zur Verf\u00fcgung gestellten Informationen beschr\u00e4nkt zu halten. Wir werden Ihre Daten so lange aufbewahren, wie Ihr Konto aktiv ist oder wie es f\u00fcr die Erbringung unserer Dienstleistungen notwendig ist.<br \/>\nWir k\u00f6nnen Ihre Daten auch speichern und verwenden, um unseren rechtlichen Verpflichtungen nachzukommen, Streitigkeiten beizulegen, Missbrauch zu verhindern und um unsere Vereinbarungen durchzusetzen.<br \/>\nDie Daten, die wir zur Erf\u00fcllung unserer vertraglichen Verpflichtungen sammeln, und die Informationen dar\u00fcber, wie und wann Sie unsere Dienste nutzen, werden in aktiven Datenbanken, Logfiles oder anderen Arten von ordnungsgem\u00e4\u00df gesch\u00fctzten und verschl\u00fcsselten Datenspeichersystemen gespeichert.<br \/>\nHierbei gilt insbesondere Folgendes:<\/p>\n\n<ul id=\"g1-list-8\" class=\"g1-list--upper-alpha g1-list--none \">\n<li><strong>Personenbezogene Daten zur Erf\u00fcllung der Vertragsbedingungen<\/strong> werden f\u00fcr die gesamte Dauer des Vertrages in auf unseren Servern gesch\u00fctzten Verwaltungsdatenbanken gespeichert;<\/li>\n<li><strong>Pers\u00f6nliche Daten, die im Zusammenhang mit Vertrags- und Abrechnungspflichten<\/strong> erhoben werden, werden durch sichere <strong>Backups auf unseren Servern<\/strong> f\u00fcr einen Zeitraum von <strong>5 Jahren<\/strong> nach Beendigung des Vertragsverh\u00e4ltnisses gespeichert: K\u00fcndigung des Vertragsverh\u00e4ltnisses bedeutet die ausdr\u00fcckliche K\u00fcndigung des Vertrages durch den Nutzer oder durch Delivery Tech oder die Nichtnutzung der Dienste f\u00fcr einen in der DPA definierten Zeitraum;<\/li>\n<li><strong>Personenbezogene Daten, die f\u00fcr den Zugriff auf unsere Dienste, Anwendungen und Software<\/strong>erhoben werden, unabh\u00e4ngig davon, ob es sich um gekaufte Dienste, Demonstrationen oder Suchen handelt, die nach dem Zugriff durch den Benutzernamen und das Passwort des jeweiligen Kontos erfolgen, werden auf <strong>unseren Servern \u00fcber eine Datenbank<\/strong> von einem aktiven Konto aus zug\u00e4nglich gespeichert. Anschlie\u00dfend werden sie mittels eines sicheren Backups auf unseren Servern solange <strong>gespeichert, wie Sie den Dienst nutzen<\/strong> oder <strong>im Falle einer K\u00fcndigung f\u00fcr 12 Monate<\/strong>.<\/li>\n<\/ul>\n\n<p>Delivery Tech ist nicht verpflichtet, alle Ihre Daten f\u00fcr immer zu speichern. Sie k\u00f6nnen auf einige der Daten zugreifen, bis Sie einen aktiven Vertrag haben, egal ob bezahlt oder kostenlos, und zwar f\u00fcr einen Zeitraum, der von der Art der Daten und dem unterzeichneten Plan abh\u00e4ngt. Die Informationen, die wir speichern, k\u00f6nnen Statistiken \u00fcber Ihr Konto, den Inhalt Ihrer E-Mails, Kontaktlisten usw. enthalten.<br \/>\n<strong>Die f\u00fcr einen Gesch\u00e4ftskontakt erhaltenen Daten<\/strong>, wie z.B. ein Lebenslauf, werden auf dem PC in den daf\u00fcr vorgesehenen Ordnern des Personals der Personalabteilung f\u00fcr die Dauer der Personalauswahl archiviert und ordnungsgem\u00e4\u00df gesch\u00fctzt.<br \/>\n<strong>Die vom Kontaktformular erhaltenen Daten f\u00fcr allgemeine Informationen<\/strong> werden so verarbeitet, dass sie eine R\u00fcckmeldung zur Art des Kontakts geben. W\u00e4hrend dieser Zeit werden die Informationen gespeichert und nur dem Personal zug\u00e4nglich gemacht.<\/p>\n<\/li><!-- --><\/ul>\n<div id=\"g1-divider-4\" class=\"g1-divider g1-divider--none g1-divider--noicon \"><\/div>\n<ul class=\"g1-grid\"><li class=\"g1-column g1-one-fourth g1-valign-top\">\n<h4><b>Datentransfer aus der EU<\/b><\/h4>\n<\/li><!-- -->\n<li class=\"g1-column g1-three-fourth g1-valign-top\">\n<p>Europ\u00e4ische Benutzerdaten werden auf Servern in der EU gespeichert und verarbeitet, aber sie k\u00f6nnen auf Servern in den Vereinigten Staaten von Amerika \u00fcbertragen, verarbeitet und gespeichert werden.<br \/>\nDa sich unsere B\u00fcros auch in den Vereinigten Staaten befinden, k\u00f6nnten einige der Konten an diesen Standorten und in \u00dcbereinstimmung mit der DSGVO bearbeitet werden. Deshalb haben wir das Unternehmen eDisplay f\u00fcr die EU ernannt.<br \/>\nDelivery Tech versichert Ihnen, dass Sie bereits alle Mechanismen innerhalb Ihrer Unternehmensgruppe eingerichtet haben, um die Einhaltung der verbindlichen Unternehmensregeln zu \u00fcberpr\u00fcfen. Diese Mechanismen umfassen Kontrollen des Datenschutzes sowie Methoden zur Gew\u00e4hrleistung einer angemessenen Sicherheit und des Schutzes der Rechte der betroffenen Person. Ihre Daten werden ausschlie\u00dflich von Delivery Tech und eDisplay verarbeitet.<\/p>\n<\/li><!-- --><\/ul>\n<div id=\"g1-divider-5\" class=\"g1-divider g1-divider--none g1-divider--noicon \"><\/div>\n<ul class=\"g1-grid\"><li class=\"g1-column g1-one-fourth g1-valign-top\">\n<h4>Angaben in den Kontaktlisten unserer Kunden<\/h4>\n<\/li><!-- -->\n<li class=\"g1-column g1-three-fourth g1-valign-top\">\n<p>Wenn Sie unsere Dienste nutzen, haben wir Zugriff auf die in den E-Mail-Kontaktlisten Ihres Kontos enthaltenen Informationen sowie auf den Betreff und den Inhalt der von Ihnen gesendeten E-Mails.<br \/>\nDiese Daten werden auf sicheren Servern gespeichert. Nur eine begrenzte Anzahl von Personen ist berechtigt, auf diese Daten zuzugreifen, insbesondere um Supportleistungen zu erbringen.<br \/>\nSie k\u00f6nnen Ihre Kontaktlisten jederzeit bequem \u00fcber das Exportverfahren aus Ihren Konten abrufen. Sie k\u00f6nnen auch jederzeit Kontakte \u00e4ndern und\/oder l\u00f6schen.<br \/>\nIn keinem Fall wird Delivery Tech Ihre Kontaktlisten an Dritte verkaufen, weitergeben oder vermieten oder f\u00fcr andere Zwecke als die in dieser Erkl\u00e4rung genannten verwenden. Wir verwenden die Informationen aus Ihren Kontaktlisten nur f\u00fcr gesetzliche Anforderungen, f\u00fcr Rechnungen und eventuell f\u00fcr aggregierte und unsystematische Statistiken, um Ihnen den besten Service zu bieten.<br \/>\nDenken Sie daran, dass Sie der Ersteller Ihrer Kontaktlisten und der damit verbundenen E-Mail-Kampagnen sind, so dass Sie als Datenverantwortlicher im Rahmen der DSGVO angesehen werden. Delivery Tech fungiert nur als Datenverarbeiter.<\/p>\n<\/li><!-- --><\/ul>\n<div id=\"g1-divider-6\" class=\"g1-divider g1-divider--none g1-divider--noicon \"><\/div>\n<ul class=\"g1-grid\"><li class=\"g1-column g1-one-fourth g1-valign-top\">\n<h4>Cookies<\/h4>\n<p><a name=\"cookies\"><\/a><br \/>\n<\/li><!-- -->\n<li class=\"g1-column g1-three-fourth g1-valign-top\">\n<p>Einige unserer Internetseiten verwenden &#8222;Cookies&#8220; und andere Tracking-Codes. Bei einem \u201eCookie\u201c handelt es sich um eine kleine Textdatei, welche unter anderem Informationen \u00fcber die Aktivit\u00e4ten auf Internetseiten sammelt. Einige Cookies und Tracking-Codes erm\u00f6glichen es, einen Besucher \u00fcber mehrere Zugriffe hinweg, anhand der von ihm beim ersten Besuch \u00fcbermittelten Daten, eindeutig zu identifizieren. G\u00e4ngige Browser erlauben den Anwendern Cookies zu verwalten und notwendige Einstellungen vorzunehmen. So ist es m\u00f6glich, Cookies selektiv zu erlauben bzw. zu sperren oder nach Beenden des Browsers automatisch zu l\u00f6schen.<br \/>\nKonfigurieren Sie Ihren Browser so, dass Sie benachrichtigt werden, sobald ein Cookie gesetzt werden soll. Es ist au\u00dferdem m\u00f6glich, serverfremde Cookies automatisch abzuweisen. Sollten Sie Cookies l\u00f6schen oder generell sperren, ist bei der n\u00e4chsten Sitzung die erneute Eingabe der Benutzerkennung und des Passwortes erforderlich, um Zugriff auf bestimmte Bereiche zu erhalten.<br \/>\nTracking-Codes protokollieren unter anderem Informationen \u00fcber Internetdom\u00e4nen und Hostnamen, Internetprotokoll (IP) Adressen, verwendete Browser und Betriebssysteme, Klickverhalten, Datum sowie Uhrzeit der Seitenzugriffe. Durch die Nutzung von Cookies oder anderen Tracking-Codes erhalten wir die M\u00f6glichkeit, unsere Webseiten weiterzuentwickeln und Ihre Erfahrungen im Web zu verbessern. F\u00fcr Statistiken und Trends analysieren wir auch Informationen, welche keine pers\u00f6nlichen Daten beinhalten.<\/p>\n<\/li><!-- --><\/ul>\n","protected":false},"excerpt":{"rendered":"","protected":false},"author":2,"featured_media":0,"parent":6930,"menu_order":2,"comment_status":"closed","ping_status":"closed","template":"g1_template_page_nav_left.php","meta":{"inline_featured_image":false,"_monsterinsights_skip_tracking":false,"_monsterinsights_sitenote_active":false,"_monsterinsights_sitenote_note":"","_monsterinsights_sitenote_category":0,"footnotes":""},"class_list":["post-6940","page","type-page","status-publish"],"yoast_head":"<!-- This site is optimized with the Yoast SEO plugin v25.2 - https:\/\/yoast.com\/wordpress\/plugins\/seo\/ -->\n<title>Wie Delivery Tech Daten sammelt - Newsletter Creator<\/title>\n<meta name=\"robots\" content=\"index, follow, max-snippet:-1, max-image-preview:large, max-video-preview:-1\" \/>\n<link rel=\"canonical\" href=\"https:\/\/www.newslettercreator.com\/de\/datenschutzerklarung-eu-verordnung-2016-79-dsgvo\/wie-delivery-tech-daten-sammelt\/\" \/>\n<meta property=\"og:locale\" content=\"de_DE\" \/>\n<meta property=\"og:type\" content=\"article\" \/>\n<meta property=\"og:title\" content=\"Wie Delivery Tech Daten sammelt - Newsletter Creator\" \/>\n<meta property=\"og:url\" content=\"https:\/\/www.newslettercreator.com\/de\/datenschutzerklarung-eu-verordnung-2016-79-dsgvo\/wie-delivery-tech-daten-sammelt\/\" \/>\n<meta property=\"og:site_name\" content=\"Newsletter Creator\" \/>\n<meta property=\"article:modified_time\" content=\"2018-07-13T10:03:47+00:00\" \/>\n<meta property=\"og:image\" content=\"https:\/\/www.newslettercreator.com\/wp-content\/uploads\/2018\/05\/GDPR-raccolta-1.png\" \/>\n<meta name=\"twitter:label1\" content=\"Gesch\u00e4tzte Lesezeit\" \/>\n\t<meta name=\"twitter:data1\" content=\"9\u00a0Minuten\" \/>\n<script type=\"application\/ld+json\" class=\"yoast-schema-graph\">{\"@context\":\"https:\/\/schema.org\",\"@graph\":[{\"@type\":\"WebPage\",\"@id\":\"https:\/\/www.newslettercreator.com\/de\/datenschutzerklarung-eu-verordnung-2016-79-dsgvo\/wie-delivery-tech-daten-sammelt\/\",\"url\":\"https:\/\/www.newslettercreator.com\/de\/datenschutzerklarung-eu-verordnung-2016-79-dsgvo\/wie-delivery-tech-daten-sammelt\/\",\"name\":\"Wie Delivery Tech Daten sammelt - Newsletter Creator\",\"isPartOf\":{\"@id\":\"https:\/\/www.newslettercreator.com\/#website\"},\"primaryImageOfPage\":{\"@id\":\"https:\/\/www.newslettercreator.com\/de\/datenschutzerklarung-eu-verordnung-2016-79-dsgvo\/wie-delivery-tech-daten-sammelt\/#primaryimage\"},\"image\":{\"@id\":\"https:\/\/www.newslettercreator.com\/de\/datenschutzerklarung-eu-verordnung-2016-79-dsgvo\/wie-delivery-tech-daten-sammelt\/#primaryimage\"},\"thumbnailUrl\":\"https:\/\/www.newslettercreator.com\/wp-content\/uploads\/2018\/05\/GDPR-raccolta-1.png\",\"datePublished\":\"2018-05-24T12:21:30+00:00\",\"dateModified\":\"2018-07-13T10:03:47+00:00\",\"breadcrumb\":{\"@id\":\"https:\/\/www.newslettercreator.com\/de\/datenschutzerklarung-eu-verordnung-2016-79-dsgvo\/wie-delivery-tech-daten-sammelt\/#breadcrumb\"},\"inLanguage\":\"de\",\"potentialAction\":[{\"@type\":\"ReadAction\",\"target\":[\"https:\/\/www.newslettercreator.com\/de\/datenschutzerklarung-eu-verordnung-2016-79-dsgvo\/wie-delivery-tech-daten-sammelt\/\"]}]},{\"@type\":\"ImageObject\",\"inLanguage\":\"de\",\"@id\":\"https:\/\/www.newslettercreator.com\/de\/datenschutzerklarung-eu-verordnung-2016-79-dsgvo\/wie-delivery-tech-daten-sammelt\/#primaryimage\",\"url\":\"https:\/\/www.newslettercreator.com\/wp-content\/uploads\/2018\/05\/GDPR-raccolta-1.png\",\"contentUrl\":\"https:\/\/www.newslettercreator.com\/wp-content\/uploads\/2018\/05\/GDPR-raccolta-1.png\"},{\"@type\":\"BreadcrumbList\",\"@id\":\"https:\/\/www.newslettercreator.com\/de\/datenschutzerklarung-eu-verordnung-2016-79-dsgvo\/wie-delivery-tech-daten-sammelt\/#breadcrumb\",\"itemListElement\":[{\"@type\":\"ListItem\",\"position\":1,\"name\":\"Home\",\"item\":\"https:\/\/www.newslettercreator.com\/de\/\"},{\"@type\":\"ListItem\",\"position\":2,\"name\":\"DSGVO &#8211; Einf\u00fchrung &#8211; Ziele\",\"item\":\"https:\/\/www.newslettercreator.com\/de\/datenschutzerklarung-eu-verordnung-2016-79-dsgvo\/\"},{\"@type\":\"ListItem\",\"position\":3,\"name\":\"Wie Delivery Tech Daten sammelt\"}]},{\"@type\":\"WebSite\",\"@id\":\"https:\/\/www.newslettercreator.com\/#website\",\"url\":\"https:\/\/www.newslettercreator.com\/\",\"name\":\"Newsletter Creator\",\"description\":\"Pay off\",\"potentialAction\":[{\"@type\":\"SearchAction\",\"target\":{\"@type\":\"EntryPoint\",\"urlTemplate\":\"https:\/\/www.newslettercreator.com\/?s={search_term_string}\"},\"query-input\":{\"@type\":\"PropertyValueSpecification\",\"valueRequired\":true,\"valueName\":\"search_term_string\"}}],\"inLanguage\":\"de\"}]}<\/script>\n<!-- \/ Yoast SEO plugin. -->","yoast_head_json":{"title":"Wie Delivery Tech Daten sammelt - Newsletter Creator","robots":{"index":"index","follow":"follow","max-snippet":"max-snippet:-1","max-image-preview":"max-image-preview:large","max-video-preview":"max-video-preview:-1"},"canonical":"https:\/\/www.newslettercreator.com\/de\/datenschutzerklarung-eu-verordnung-2016-79-dsgvo\/wie-delivery-tech-daten-sammelt\/","og_locale":"de_DE","og_type":"article","og_title":"Wie Delivery Tech Daten sammelt - Newsletter Creator","og_url":"https:\/\/www.newslettercreator.com\/de\/datenschutzerklarung-eu-verordnung-2016-79-dsgvo\/wie-delivery-tech-daten-sammelt\/","og_site_name":"Newsletter Creator","article_modified_time":"2018-07-13T10:03:47+00:00","og_image":[{"url":"https:\/\/www.newslettercreator.com\/wp-content\/uploads\/2018\/05\/GDPR-raccolta-1.png","type":"","width":"","height":""}],"twitter_misc":{"Gesch\u00e4tzte Lesezeit":"9\u00a0Minuten"},"schema":{"@context":"https:\/\/schema.org","@graph":[{"@type":"WebPage","@id":"https:\/\/www.newslettercreator.com\/de\/datenschutzerklarung-eu-verordnung-2016-79-dsgvo\/wie-delivery-tech-daten-sammelt\/","url":"https:\/\/www.newslettercreator.com\/de\/datenschutzerklarung-eu-verordnung-2016-79-dsgvo\/wie-delivery-tech-daten-sammelt\/","name":"Wie Delivery Tech Daten sammelt - Newsletter Creator","isPartOf":{"@id":"https:\/\/www.newslettercreator.com\/#website"},"primaryImageOfPage":{"@id":"https:\/\/www.newslettercreator.com\/de\/datenschutzerklarung-eu-verordnung-2016-79-dsgvo\/wie-delivery-tech-daten-sammelt\/#primaryimage"},"image":{"@id":"https:\/\/www.newslettercreator.com\/de\/datenschutzerklarung-eu-verordnung-2016-79-dsgvo\/wie-delivery-tech-daten-sammelt\/#primaryimage"},"thumbnailUrl":"https:\/\/www.newslettercreator.com\/wp-content\/uploads\/2018\/05\/GDPR-raccolta-1.png","datePublished":"2018-05-24T12:21:30+00:00","dateModified":"2018-07-13T10:03:47+00:00","breadcrumb":{"@id":"https:\/\/www.newslettercreator.com\/de\/datenschutzerklarung-eu-verordnung-2016-79-dsgvo\/wie-delivery-tech-daten-sammelt\/#breadcrumb"},"inLanguage":"de","potentialAction":[{"@type":"ReadAction","target":["https:\/\/www.newslettercreator.com\/de\/datenschutzerklarung-eu-verordnung-2016-79-dsgvo\/wie-delivery-tech-daten-sammelt\/"]}]},{"@type":"ImageObject","inLanguage":"de","@id":"https:\/\/www.newslettercreator.com\/de\/datenschutzerklarung-eu-verordnung-2016-79-dsgvo\/wie-delivery-tech-daten-sammelt\/#primaryimage","url":"https:\/\/www.newslettercreator.com\/wp-content\/uploads\/2018\/05\/GDPR-raccolta-1.png","contentUrl":"https:\/\/www.newslettercreator.com\/wp-content\/uploads\/2018\/05\/GDPR-raccolta-1.png"},{"@type":"BreadcrumbList","@id":"https:\/\/www.newslettercreator.com\/de\/datenschutzerklarung-eu-verordnung-2016-79-dsgvo\/wie-delivery-tech-daten-sammelt\/#breadcrumb","itemListElement":[{"@type":"ListItem","position":1,"name":"Home","item":"https:\/\/www.newslettercreator.com\/de\/"},{"@type":"ListItem","position":2,"name":"DSGVO &#8211; Einf\u00fchrung &#8211; Ziele","item":"https:\/\/www.newslettercreator.com\/de\/datenschutzerklarung-eu-verordnung-2016-79-dsgvo\/"},{"@type":"ListItem","position":3,"name":"Wie Delivery Tech Daten sammelt"}]},{"@type":"WebSite","@id":"https:\/\/www.newslettercreator.com\/#website","url":"https:\/\/www.newslettercreator.com\/","name":"Newsletter Creator","description":"Pay off","potentialAction":[{"@type":"SearchAction","target":{"@type":"EntryPoint","urlTemplate":"https:\/\/www.newslettercreator.com\/?s={search_term_string}"},"query-input":{"@type":"PropertyValueSpecification","valueRequired":true,"valueName":"search_term_string"}}],"inLanguage":"de"}]}},"_links":{"self":[{"href":"https:\/\/www.newslettercreator.com\/de\/wp-json\/wp\/v2\/pages\/6940","targetHints":{"allow":["GET"]}}],"collection":[{"href":"https:\/\/www.newslettercreator.com\/de\/wp-json\/wp\/v2\/pages"}],"about":[{"href":"https:\/\/www.newslettercreator.com\/de\/wp-json\/wp\/v2\/types\/page"}],"author":[{"embeddable":true,"href":"https:\/\/www.newslettercreator.com\/de\/wp-json\/wp\/v2\/users\/2"}],"replies":[{"embeddable":true,"href":"https:\/\/www.newslettercreator.com\/de\/wp-json\/wp\/v2\/comments?post=6940"}],"version-history":[{"count":3,"href":"https:\/\/www.newslettercreator.com\/de\/wp-json\/wp\/v2\/pages\/6940\/revisions"}],"predecessor-version":[{"id":7129,"href":"https:\/\/www.newslettercreator.com\/de\/wp-json\/wp\/v2\/pages\/6940\/revisions\/7129"}],"up":[{"embeddable":true,"href":"https:\/\/www.newslettercreator.com\/de\/wp-json\/wp\/v2\/pages\/6930"}],"wp:attachment":[{"href":"https:\/\/www.newslettercreator.com\/de\/wp-json\/wp\/v2\/media?parent=6940"}],"curies":[{"name":"wp","href":"https:\/\/api.w.org\/{rel}","templated":true}]}}