{"id":7110,"date":"2018-07-13T08:43:07","date_gmt":"2018-07-13T08:43:07","guid":{"rendered":"https:\/\/www.newslettercreator.com\/?page_id=7110"},"modified":"2018-07-13T09:47:09","modified_gmt":"2018-07-13T09:47:09","slug":"mailstyler-herunterladen","status":"publish","type":"page","link":"https:\/\/www.newslettercreator.com\/de\/mailstyler-herunterladen\/","title":{"rendered":"MailStyler herunterladen"},"content":{"rendered":"<p style=\"text-align: center;\">Geben Sie hier Ihren Lizenzschl\u00fcssel ein und laden Sie die aktuellste Version herunter:<\/p>\n<div id=\"dlError\" class=\"g1-message g1-message--error \" style=\"display: none;\">\n<div class=\"g1-inner\">Praesent sed mauris turpis, at molestie enim<\/div>\n<\/div>\n<p style=\"text-align: center;\"><input id=\"dl_lang\" name=\"dl_lang\" type=\"hidden\" value=\"it\" \/><input id=\"dl_licence\" name=\"dl_licence\" type=\"text\" value=\"\" placeholder=\"xxxx-xxxx-xxxx-xxxx\" \/> <input id=\"dl_my_version\" name=\"dl_my_version\" type=\"button\" value=\"Jetzt herunterladen\" \/><\/p>\n<div id=\"upgrade_notice\" style=\"display: none;\">\n<div id=\"g1-message-1\" class=\"g1-message g1-message--info \" ><div class=\"g1-inner\"><strong>Ihre Lizenz ist abgelaufen \ud83d\ude41<\/strong><br \/>\nWenn Sie die neueste Version von MailStyler herunterladen m\u00f6chten, m\u00fcssen Sie Ihre Lizenz verl\u00e4ngern.<\/div><\/div>\n<h2>Warum sollten Sie Ihre Lizenz verl\u00e4ngern?<\/h2>\n<p>Sie sollten st\u00e4ndig \u00fcber die neuesten Trends informiert sein, um E-Mails f\u00fcr <strong>erfolgreiche Kampagnen<\/strong> zu erstellen.<\/p>\n<p>Wenn Sie keine Zeit haben, \u00fcbernehmen wir es f\u00fcr Sie!<br \/>\nWir entwickeln st\u00e4ndig <strong>innovative Funktionen<\/strong> und <strong>einzigartige Vorlagen<\/strong>, die den neuesten Trends im E-Mail-Marketing entsprechen.<\/p>\n<p>Mit der aktuellen Version von MailStyler sind Sie Ihren Mitbewerbern <strong>immer einen Schritt voraus<\/strong>.<\/p>\n<h3 style=\"text-align: center;\">Verl\u00e4ngern Sie Ihre Lizenz und laden Sie die neueste MailStyler-Version herunter.<\/h3>\n<p style=\"text-align: center;\"><a id=\"upgrade_button\" class=\"g1-button g1-button--big g1-button--solid g1-button--standard \" href=\"#\" ><i class=\"fa fa-arrow-right\"><\/i>Meine Lizenz verl\u00e4ngern!<\/a><br \/>\n<a id=\"download_link\" title=\"\" href=\"#\">Nein, danke, meine MailStyler-Version herunterladen.<\/a><\/p>\n<\/div>\n<div>\r\n<script type='text\/javascript'>\r\nvar dl_lang = \"de\";\r\nvar dl_error = new Array(\r\n   \"Bitte f\u00fcllen Sie das Lizenzfeld aus\",\r\n   \"Bitte \u00fcberpr\u00fcfen Sie das Format des Lizenzschl\u00fcssels\",\r\n   \"Lizenz nicht gefunden, bitte \u00fcberpr\u00fcfen\",\r\n);\r\n<\/script>\r\n<\/div>\n","protected":false},"excerpt":{"rendered":"<p>Geben Sie hier Ihren Lizenzschl\u00fcssel ein und laden Sie die aktuellste Version herunter: Praesent sed mauris turpis, at molestie enim Warum sollten Sie Ihre Lizenz verl\u00e4ngern? Sie sollten st\u00e4ndig \u00fcber die neuesten Trends informiert sein, um E-Mails f\u00fcr erfolgreiche Kampagnen zu erstellen. Wenn Sie keine Zeit haben, \u00fcbernehmen wir es f\u00fcr Sie! Wir entwickeln st\u00e4ndig [&hellip;]<\/p>\n","protected":false},"author":2,"featured_media":0,"parent":0,"menu_order":0,"comment_status":"closed","ping_status":"closed","template":"","meta":{"inline_featured_image":false,"_monsterinsights_skip_tracking":false,"_monsterinsights_sitenote_active":false,"_monsterinsights_sitenote_note":"","_monsterinsights_sitenote_category":0,"footnotes":""},"class_list":["post-7110","page","type-page","status-publish"],"yoast_head":"<!-- This site is optimized with the Yoast SEO plugin v25.2 - https:\/\/yoast.com\/wordpress\/plugins\/seo\/ -->\n<title>MailStyler herunterladen - Newsletter Creator<\/title>\n<meta name=\"robots\" content=\"index, follow, max-snippet:-1, max-image-preview:large, max-video-preview:-1\" \/>\n<link rel=\"canonical\" href=\"https:\/\/www.newslettercreator.com\/de\/mailstyler-herunterladen\/\" \/>\n<meta property=\"og:locale\" content=\"de_DE\" \/>\n<meta property=\"og:type\" content=\"article\" \/>\n<meta property=\"og:title\" content=\"MailStyler herunterladen - Newsletter Creator\" \/>\n<meta property=\"og:description\" content=\"Geben Sie hier Ihren Lizenzschl\u00fcssel ein und laden Sie die aktuellste Version herunter: Praesent sed mauris turpis, at molestie enim Warum sollten Sie Ihre Lizenz verl\u00e4ngern? Sie sollten st\u00e4ndig \u00fcber die neuesten Trends informiert sein, um E-Mails f\u00fcr erfolgreiche Kampagnen zu erstellen. Wenn Sie keine Zeit haben, \u00fcbernehmen wir es f\u00fcr Sie! Wir entwickeln st\u00e4ndig [&hellip;]\" \/>\n<meta property=\"og:url\" content=\"https:\/\/www.newslettercreator.com\/de\/mailstyler-herunterladen\/\" \/>\n<meta property=\"og:site_name\" content=\"Newsletter Creator\" \/>\n<meta property=\"article:modified_time\" content=\"2018-07-13T09:47:09+00:00\" \/>\n<meta name=\"twitter:label1\" content=\"Gesch\u00e4tzte Lesezeit\" \/>\n\t<meta name=\"twitter:data1\" content=\"1\u00a0Minute\" \/>\n<script type=\"application\/ld+json\" class=\"yoast-schema-graph\">{\"@context\":\"https:\/\/schema.org\",\"@graph\":[{\"@type\":\"WebPage\",\"@id\":\"https:\/\/www.newslettercreator.com\/de\/mailstyler-herunterladen\/\",\"url\":\"https:\/\/www.newslettercreator.com\/de\/mailstyler-herunterladen\/\",\"name\":\"MailStyler herunterladen - Newsletter Creator\",\"isPartOf\":{\"@id\":\"https:\/\/www.newslettercreator.com\/#website\"},\"datePublished\":\"2018-07-13T08:43:07+00:00\",\"dateModified\":\"2018-07-13T09:47:09+00:00\",\"breadcrumb\":{\"@id\":\"https:\/\/www.newslettercreator.com\/de\/mailstyler-herunterladen\/#breadcrumb\"},\"inLanguage\":\"de\",\"potentialAction\":[{\"@type\":\"ReadAction\",\"target\":[\"https:\/\/www.newslettercreator.com\/de\/mailstyler-herunterladen\/\"]}]},{\"@type\":\"BreadcrumbList\",\"@id\":\"https:\/\/www.newslettercreator.com\/de\/mailstyler-herunterladen\/#breadcrumb\",\"itemListElement\":[{\"@type\":\"ListItem\",\"position\":1,\"name\":\"Home\",\"item\":\"https:\/\/www.newslettercreator.com\/de\/\"},{\"@type\":\"ListItem\",\"position\":2,\"name\":\"MailStyler herunterladen\"}]},{\"@type\":\"WebSite\",\"@id\":\"https:\/\/www.newslettercreator.com\/#website\",\"url\":\"https:\/\/www.newslettercreator.com\/\",\"name\":\"Newsletter Creator\",\"description\":\"Pay off\",\"potentialAction\":[{\"@type\":\"SearchAction\",\"target\":{\"@type\":\"EntryPoint\",\"urlTemplate\":\"https:\/\/www.newslettercreator.com\/?s={search_term_string}\"},\"query-input\":{\"@type\":\"PropertyValueSpecification\",\"valueRequired\":true,\"valueName\":\"search_term_string\"}}],\"inLanguage\":\"de\"}]}<\/script>\n<!-- \/ Yoast SEO plugin. -->","yoast_head_json":{"title":"MailStyler herunterladen - Newsletter Creator","robots":{"index":"index","follow":"follow","max-snippet":"max-snippet:-1","max-image-preview":"max-image-preview:large","max-video-preview":"max-video-preview:-1"},"canonical":"https:\/\/www.newslettercreator.com\/de\/mailstyler-herunterladen\/","og_locale":"de_DE","og_type":"article","og_title":"MailStyler herunterladen - Newsletter Creator","og_description":"Geben Sie hier Ihren Lizenzschl\u00fcssel ein und laden Sie die aktuellste Version herunter: Praesent sed mauris turpis, at molestie enim Warum sollten Sie Ihre Lizenz verl\u00e4ngern? Sie sollten st\u00e4ndig \u00fcber die neuesten Trends informiert sein, um E-Mails f\u00fcr erfolgreiche Kampagnen zu erstellen. Wenn Sie keine Zeit haben, \u00fcbernehmen wir es f\u00fcr Sie! Wir entwickeln st\u00e4ndig [&hellip;]","og_url":"https:\/\/www.newslettercreator.com\/de\/mailstyler-herunterladen\/","og_site_name":"Newsletter Creator","article_modified_time":"2018-07-13T09:47:09+00:00","twitter_misc":{"Gesch\u00e4tzte Lesezeit":"1\u00a0Minute"},"schema":{"@context":"https:\/\/schema.org","@graph":[{"@type":"WebPage","@id":"https:\/\/www.newslettercreator.com\/de\/mailstyler-herunterladen\/","url":"https:\/\/www.newslettercreator.com\/de\/mailstyler-herunterladen\/","name":"MailStyler herunterladen - Newsletter Creator","isPartOf":{"@id":"https:\/\/www.newslettercreator.com\/#website"},"datePublished":"2018-07-13T08:43:07+00:00","dateModified":"2018-07-13T09:47:09+00:00","breadcrumb":{"@id":"https:\/\/www.newslettercreator.com\/de\/mailstyler-herunterladen\/#breadcrumb"},"inLanguage":"de","potentialAction":[{"@type":"ReadAction","target":["https:\/\/www.newslettercreator.com\/de\/mailstyler-herunterladen\/"]}]},{"@type":"BreadcrumbList","@id":"https:\/\/www.newslettercreator.com\/de\/mailstyler-herunterladen\/#breadcrumb","itemListElement":[{"@type":"ListItem","position":1,"name":"Home","item":"https:\/\/www.newslettercreator.com\/de\/"},{"@type":"ListItem","position":2,"name":"MailStyler herunterladen"}]},{"@type":"WebSite","@id":"https:\/\/www.newslettercreator.com\/#website","url":"https:\/\/www.newslettercreator.com\/","name":"Newsletter Creator","description":"Pay off","potentialAction":[{"@type":"SearchAction","target":{"@type":"EntryPoint","urlTemplate":"https:\/\/www.newslettercreator.com\/?s={search_term_string}"},"query-input":{"@type":"PropertyValueSpecification","valueRequired":true,"valueName":"search_term_string"}}],"inLanguage":"de"}]}},"_links":{"self":[{"href":"https:\/\/www.newslettercreator.com\/de\/wp-json\/wp\/v2\/pages\/7110","targetHints":{"allow":["GET"]}}],"collection":[{"href":"https:\/\/www.newslettercreator.com\/de\/wp-json\/wp\/v2\/pages"}],"about":[{"href":"https:\/\/www.newslettercreator.com\/de\/wp-json\/wp\/v2\/types\/page"}],"author":[{"embeddable":true,"href":"https:\/\/www.newslettercreator.com\/de\/wp-json\/wp\/v2\/users\/2"}],"replies":[{"embeddable":true,"href":"https:\/\/www.newslettercreator.com\/de\/wp-json\/wp\/v2\/comments?post=7110"}],"version-history":[{"count":3,"href":"https:\/\/www.newslettercreator.com\/de\/wp-json\/wp\/v2\/pages\/7110\/revisions"}],"predecessor-version":[{"id":7125,"href":"https:\/\/www.newslettercreator.com\/de\/wp-json\/wp\/v2\/pages\/7110\/revisions\/7125"}],"wp:attachment":[{"href":"https:\/\/www.newslettercreator.com\/de\/wp-json\/wp\/v2\/media?parent=7110"}],"curies":[{"name":"wp","href":"https:\/\/api.w.org\/{rel}","templated":true}]}}