{"id":1123,"date":"2014-09-01T07:34:51","date_gmt":"2014-09-01T07:34:51","guid":{"rendered":"http:\/\/www.newslettercreator.com\/?page_id=1123"},"modified":"2022-02-25T14:36:36","modified_gmt":"2022-02-25T13:36:36","slug":"version-gratis","status":"publish","type":"page","link":"https:\/\/www.newslettercreator.com\/es\/version-gratis\/","title":{"rendered":"Prueba Free"},"content":{"rendered":"<ul class=\"g1-grid\"><li class=\"g1-column g1-one-half g1-valign-top\">\n<p><img decoding=\"async\" width=\"457\" height=\"392\" src=\"http:\/\/www.newslettercreator.com\/wp-content\/uploads\/2015\/09\/ms2-download-eng.png\" alt=\"Descargue su editor de newsletters gratis\" \/><\/p>\n<\/li><!-- -->\n<li class=\"g1-column g1-one-half g1-valign-top\">\n<h1 style=\"line-height: 38px !important;\">Descargue su editor de newsletters gratis<\/h1>\n<p style=\"text-align: middle;\"><a class=\"button large orange\" style=\"min-width: 190px;\" title=\"Descargar Demo\" href=\"http:\/\/www.newslettercreator.com\/utils\/download\/pre-download.php\" target=\"_blank\" rel=\"noopener\">Descargar Demo<\/a><\/p>\n<p style=\"margin-bottom: 5px;\"><strong>\u00bfTienes una clave de licencia?<\/strong> <a href=\"https:\/\/www.newslettercreator.com\/download-your-mailstyler-release\/\" title=\"\u00bfTienes una clave de licencia? Haga click aqu\u00ed para descargar\">Haga click aqu\u00ed para descargar<\/a><\/p>\n<p style=\"text-align: left; font-size: 11px;\">Ultima versi\u00f3n: 2.24.01.17 | Fecha de lanzamiento: 17\/01\/2024 | Tama\u00f1o: 114.9 MB<br \/>\n<a href=\"http:\/\/www.newslettercreator.com\/license-agreement\/\" target=\"_blank\" rel=\"noopener\">Acuerdo de licencia<\/a> | <a href=\"http:\/\/www.newslettercreator.com\/how-to-uninstall\/\" target=\"_blank\" rel=\"noopener\">C\u00f3mo desinstalar<\/a><\/p>\n<p><img decoding=\"async\" width=\"196\" height=\"24\" src=\"http:\/\/www.newslettercreator.com\/wp-content\/uploads\/2015\/07\/windows-10-ready.jpg\" alt=\"MailStyler est\u00e1 listo para Windows 10\"><\/p>\n<p><strong><i class=\"fa fa-apple fa-2x\"><\/i> Usuario de Mac?<\/strong> <a title=\"C\u00f3mo instalar MailStyler en Mac\" href=\"http:\/\/www.newslettercreator.com\/using-mailstyler-on-mac\/\">Lea aqu\u00ed&#8230;<\/a>.<\/p>\n<\/li><!-- --><\/ul>\n<p>Para permitir a todos nuestros usuarios descubrir las funcionalidades de nuestro programa, hemos creado una <strong>versi\u00f3n gratuita de MailStyler<\/strong>.<br \/>\nLa versi\u00f3n gratuita posee las mismas herramientas que la versi\u00f3n Pro: usted puede <strong>crear boletines<\/strong> con s\u00f3lo unos clics y exportarlos sin l\u00edmites, pero todos los boletines exportados ser\u00e1n encriptados con marca de agua y otras limitaciones.<\/p>\n<p><p>Puede actualizar en cualquier momento a la <strong><a href=\"http:\/\/www.newslettercreator.com\/es\/precios\/\">versi\u00f3n Basic o Pro<\/a><\/strong>. Despu\u00e9s de adquirir su licencia, <strong>ingrese la misma en MailStyler<\/strong> y en pocos segundos, el software estar\u00e1 listo para usar!<\/p>\n<p>&nbsp;<\/p>\n<h2>Actualizar a MailStyler Basic o Pro<\/h2>\n<ul class=\"g1-grid\"><li class=\"g1-column g1-one-half g1-valign-top\"><br \/>\n<div id=\"g1-box-counter-1\" class=\"g1-box g1-box--solid  g1-box--icon\" ><i class=\"fa fa-star-half-o g1-box__icon\"><\/i><div class=\"g1-box__inner\">\n<h2 style=\"text-align: center;\">MailStyler Basic<\/h2>\n<p style=\"text-align: center;\">MailStyler Basic le permite exportar sus newsletters en un formato listo para enviar. Usted posee todas las herramientas necesarias para crear un newsletter 100% responsivo y perfectamente compatible con cualquier proveedor de email.<\/p>\n<p style=\"text-align: center;\"><a class=\"button large orange-empty\" style=\"margin-bottom: 10px;\" title=\"Actualice a MailStyler Basic\" href=\"http:\/\/www.newslettercreator.com\/es\/precios\/\" target=\"_self\" rel=\"noopener\">Actualice a MailStyler Basic<\/a><br \/>\n<\/div><\/div><br \/>\n<\/li><!-- -->\n<li class=\"g1-column g1-one-half g1-valign-top\"><br \/>\n<div id=\"g1-box-counter-2\" class=\"g1-box g1-box--solid  g1-box--icon\" ><i class=\"fa fa-star g1-box__icon\"><\/i><div class=\"g1-box__inner\">\n<h2 style=\"text-align: center;\">MailStyler PRO<\/h2>\n<p style=\"text-align: center;\">MailStyler Pro le otorga acceso a una completa biblioteca de m\u00e1s de millones de im\u00e1genes de alta resoluci\u00f3n (MailStyler, <a href=\"https:\/\/unsplash.com\/\" target=\"_blank\" rel=\"nofollow noopener\">Unsplash<\/a>, <a href=\"https:\/\/pixabay.com\/\" target=\"_blank\" rel=\"nofollow noopener\">Pixabay<\/a>) y a un espacio en la nube completamente dedicado en donde puede alojarlas. Velocidad y confort sin l\u00edmites para un gran combo!<\/p>\n<p style=\"text-align: center;\"><a class=\"button large orange-empty\" style=\"margin-bottom: 10px;\" title=\"Actualice a MailStyler PRO\" href=\"http:\/\/www.newslettercreator.com\/es\/precios\/\" target=\"_self\" rel=\"noopener\">Actualice a MailStyler PRO<\/a><br \/>\n<\/div><\/div><br \/>\n<\/li><!-- --><\/ul>\n<p>&nbsp;<\/p>\n<h2>Requerimientos del Sistema<\/h2>\n<ul>\n<li>Windows 8, 8.1, 10, 11; Windows Server 2016, 2019<\/li>\n<li>Internet Explorer 9 o mayor<\/li>\n<li>.NET Framework 3.5 SP1 o mayor<\/li>\n<li>Pantalla 1366 x 768<\/li>\n<li>Conexi\u00f3n a Internet<\/li>\n<\/ul>\n","protected":false},"excerpt":{"rendered":"<p>Para permitir a todos nuestros usuarios descubrir las funcionalidades de nuestro programa, hemos creado una versi\u00f3n gratuita de MailStyler. La versi\u00f3n gratuita posee las mismas herramientas que la versi\u00f3n Pro: usted puede crear boletines con s\u00f3lo unos clics y exportarlos sin l\u00edmites, pero todos los boletines exportados ser\u00e1n encriptados con marca de agua y otras [&hellip;]<\/p>\n","protected":false},"author":1,"featured_media":0,"parent":0,"menu_order":0,"comment_status":"closed","ping_status":"closed","template":"","meta":{"inline_featured_image":false,"_monsterinsights_skip_tracking":false,"_monsterinsights_sitenote_active":false,"_monsterinsights_sitenote_note":"","_monsterinsights_sitenote_category":0,"footnotes":""},"class_list":["post-1123","page","type-page","status-publish"],"yoast_head":"<!-- This site is optimized with the Yoast SEO plugin v25.2 - https:\/\/yoast.com\/wordpress\/plugins\/seo\/ -->\n<title>Prueba Free - Newsletter Creator<\/title>\n<meta name=\"robots\" content=\"index, follow, max-snippet:-1, max-image-preview:large, max-video-preview:-1\" \/>\n<link rel=\"canonical\" href=\"https:\/\/www.newslettercreator.com\/es\/version-gratis\/\" \/>\n<meta property=\"og:locale\" content=\"es_ES\" \/>\n<meta property=\"og:type\" content=\"article\" \/>\n<meta property=\"og:title\" content=\"Prueba Free - Newsletter Creator\" \/>\n<meta property=\"og:description\" content=\"Para permitir a todos nuestros usuarios descubrir las funcionalidades de nuestro programa, hemos creado una versi\u00f3n gratuita de MailStyler. La versi\u00f3n gratuita posee las mismas herramientas que la versi\u00f3n Pro: usted puede crear boletines con s\u00f3lo unos clics y exportarlos sin l\u00edmites, pero todos los boletines exportados ser\u00e1n encriptados con marca de agua y otras [&hellip;]\" \/>\n<meta property=\"og:url\" content=\"https:\/\/www.newslettercreator.com\/es\/version-gratis\/\" \/>\n<meta property=\"og:site_name\" content=\"Newsletter Creator\" \/>\n<meta property=\"article:modified_time\" content=\"2022-02-25T13:36:36+00:00\" \/>\n<meta property=\"og:image\" content=\"http:\/\/www.newslettercreator.com\/wp-content\/uploads\/2015\/09\/ms2-download-eng.png\" \/>\n<meta name=\"twitter:label1\" content=\"Tiempo de lectura\" \/>\n\t<meta name=\"twitter:data1\" content=\"1 minuto\" \/>\n<script type=\"application\/ld+json\" class=\"yoast-schema-graph\">{\"@context\":\"https:\/\/schema.org\",\"@graph\":[{\"@type\":\"WebPage\",\"@id\":\"https:\/\/www.newslettercreator.com\/es\/version-gratis\/\",\"url\":\"https:\/\/www.newslettercreator.com\/es\/version-gratis\/\",\"name\":\"Prueba Free - Newsletter Creator\",\"isPartOf\":{\"@id\":\"https:\/\/www.newslettercreator.com\/#website\"},\"primaryImageOfPage\":{\"@id\":\"https:\/\/www.newslettercreator.com\/es\/version-gratis\/#primaryimage\"},\"image\":{\"@id\":\"https:\/\/www.newslettercreator.com\/es\/version-gratis\/#primaryimage\"},\"thumbnailUrl\":\"http:\/\/www.newslettercreator.com\/wp-content\/uploads\/2015\/09\/ms2-download-eng.png\",\"datePublished\":\"2014-09-01T07:34:51+00:00\",\"dateModified\":\"2022-02-25T13:36:36+00:00\",\"breadcrumb\":{\"@id\":\"https:\/\/www.newslettercreator.com\/es\/version-gratis\/#breadcrumb\"},\"inLanguage\":\"es\",\"potentialAction\":[{\"@type\":\"ReadAction\",\"target\":[\"https:\/\/www.newslettercreator.com\/es\/version-gratis\/\"]}]},{\"@type\":\"ImageObject\",\"inLanguage\":\"es\",\"@id\":\"https:\/\/www.newslettercreator.com\/es\/version-gratis\/#primaryimage\",\"url\":\"http:\/\/www.newslettercreator.com\/wp-content\/uploads\/2015\/09\/ms2-download-eng.png\",\"contentUrl\":\"http:\/\/www.newslettercreator.com\/wp-content\/uploads\/2015\/09\/ms2-download-eng.png\"},{\"@type\":\"BreadcrumbList\",\"@id\":\"https:\/\/www.newslettercreator.com\/es\/version-gratis\/#breadcrumb\",\"itemListElement\":[{\"@type\":\"ListItem\",\"position\":1,\"name\":\"Home\",\"item\":\"https:\/\/www.newslettercreator.com\/es\/\"},{\"@type\":\"ListItem\",\"position\":2,\"name\":\"Prueba Free\"}]},{\"@type\":\"WebSite\",\"@id\":\"https:\/\/www.newslettercreator.com\/#website\",\"url\":\"https:\/\/www.newslettercreator.com\/\",\"name\":\"Newsletter Creator\",\"description\":\"Pay off\",\"potentialAction\":[{\"@type\":\"SearchAction\",\"target\":{\"@type\":\"EntryPoint\",\"urlTemplate\":\"https:\/\/www.newslettercreator.com\/?s={search_term_string}\"},\"query-input\":{\"@type\":\"PropertyValueSpecification\",\"valueRequired\":true,\"valueName\":\"search_term_string\"}}],\"inLanguage\":\"es\"}]}<\/script>\n<!-- \/ Yoast SEO plugin. -->","yoast_head_json":{"title":"Prueba Free - Newsletter Creator","robots":{"index":"index","follow":"follow","max-snippet":"max-snippet:-1","max-image-preview":"max-image-preview:large","max-video-preview":"max-video-preview:-1"},"canonical":"https:\/\/www.newslettercreator.com\/es\/version-gratis\/","og_locale":"es_ES","og_type":"article","og_title":"Prueba Free - Newsletter Creator","og_description":"Para permitir a todos nuestros usuarios descubrir las funcionalidades de nuestro programa, hemos creado una versi\u00f3n gratuita de MailStyler. La versi\u00f3n gratuita posee las mismas herramientas que la versi\u00f3n Pro: usted puede crear boletines con s\u00f3lo unos clics y exportarlos sin l\u00edmites, pero todos los boletines exportados ser\u00e1n encriptados con marca de agua y otras [&hellip;]","og_url":"https:\/\/www.newslettercreator.com\/es\/version-gratis\/","og_site_name":"Newsletter Creator","article_modified_time":"2022-02-25T13:36:36+00:00","og_image":[{"url":"http:\/\/www.newslettercreator.com\/wp-content\/uploads\/2015\/09\/ms2-download-eng.png","type":"","width":"","height":""}],"twitter_misc":{"Tiempo de lectura":"1 minuto"},"schema":{"@context":"https:\/\/schema.org","@graph":[{"@type":"WebPage","@id":"https:\/\/www.newslettercreator.com\/es\/version-gratis\/","url":"https:\/\/www.newslettercreator.com\/es\/version-gratis\/","name":"Prueba Free - Newsletter Creator","isPartOf":{"@id":"https:\/\/www.newslettercreator.com\/#website"},"primaryImageOfPage":{"@id":"https:\/\/www.newslettercreator.com\/es\/version-gratis\/#primaryimage"},"image":{"@id":"https:\/\/www.newslettercreator.com\/es\/version-gratis\/#primaryimage"},"thumbnailUrl":"http:\/\/www.newslettercreator.com\/wp-content\/uploads\/2015\/09\/ms2-download-eng.png","datePublished":"2014-09-01T07:34:51+00:00","dateModified":"2022-02-25T13:36:36+00:00","breadcrumb":{"@id":"https:\/\/www.newslettercreator.com\/es\/version-gratis\/#breadcrumb"},"inLanguage":"es","potentialAction":[{"@type":"ReadAction","target":["https:\/\/www.newslettercreator.com\/es\/version-gratis\/"]}]},{"@type":"ImageObject","inLanguage":"es","@id":"https:\/\/www.newslettercreator.com\/es\/version-gratis\/#primaryimage","url":"http:\/\/www.newslettercreator.com\/wp-content\/uploads\/2015\/09\/ms2-download-eng.png","contentUrl":"http:\/\/www.newslettercreator.com\/wp-content\/uploads\/2015\/09\/ms2-download-eng.png"},{"@type":"BreadcrumbList","@id":"https:\/\/www.newslettercreator.com\/es\/version-gratis\/#breadcrumb","itemListElement":[{"@type":"ListItem","position":1,"name":"Home","item":"https:\/\/www.newslettercreator.com\/es\/"},{"@type":"ListItem","position":2,"name":"Prueba Free"}]},{"@type":"WebSite","@id":"https:\/\/www.newslettercreator.com\/#website","url":"https:\/\/www.newslettercreator.com\/","name":"Newsletter Creator","description":"Pay off","potentialAction":[{"@type":"SearchAction","target":{"@type":"EntryPoint","urlTemplate":"https:\/\/www.newslettercreator.com\/?s={search_term_string}"},"query-input":{"@type":"PropertyValueSpecification","valueRequired":true,"valueName":"search_term_string"}}],"inLanguage":"es"}]}},"_links":{"self":[{"href":"https:\/\/www.newslettercreator.com\/es\/wp-json\/wp\/v2\/pages\/1123","targetHints":{"allow":["GET"]}}],"collection":[{"href":"https:\/\/www.newslettercreator.com\/es\/wp-json\/wp\/v2\/pages"}],"about":[{"href":"https:\/\/www.newslettercreator.com\/es\/wp-json\/wp\/v2\/types\/page"}],"author":[{"embeddable":true,"href":"https:\/\/www.newslettercreator.com\/es\/wp-json\/wp\/v2\/users\/1"}],"replies":[{"embeddable":true,"href":"https:\/\/www.newslettercreator.com\/es\/wp-json\/wp\/v2\/comments?post=1123"}],"version-history":[{"count":15,"href":"https:\/\/www.newslettercreator.com\/es\/wp-json\/wp\/v2\/pages\/1123\/revisions"}],"predecessor-version":[{"id":11577,"href":"https:\/\/www.newslettercreator.com\/es\/wp-json\/wp\/v2\/pages\/1123\/revisions\/11577"}],"wp:attachment":[{"href":"https:\/\/www.newslettercreator.com\/es\/wp-json\/wp\/v2\/media?parent=1123"}],"curies":[{"name":"wp","href":"https:\/\/api.w.org\/{rel}","templated":true}]}}