{"id":1132,"date":"2014-09-01T08:01:02","date_gmt":"2014-09-01T08:01:02","guid":{"rendered":"http:\/\/www.newslettercreator.com\/?page_id=1132"},"modified":"2022-03-03T15:21:09","modified_gmt":"2022-03-03T14:21:09","slug":"biblioteca-de-imagenes-avanzada","status":"publish","type":"page","link":"https:\/\/www.newslettercreator.com\/es\/biblioteca-de-imagenes-avanzada\/","title":{"rendered":"Biblioteca de im\u00e1genes avanzada"},"content":{"rendered":"<p><img decoding=\"async\" class=\"alignnone size-full wp-image-387\" src=\"http:\/\/www.newslettercreator.com\/wp-content\/uploads\/2014\/04\/library-adv.jpg\" alt=\"Biblioteca de im\u00e1genes avanzada\" width=\"649\" height=\"423\" \/><\/p>\n<p>Confiar en una amplia selecci\u00f3n de fotograf\u00edas e im\u00e1genes profesionales es esencial para construir un newsletter efectivo. Es por ello que MailStyler ofrece una <strong>biblioteca de im\u00e1genes avanzada<\/strong>.<\/p>\n<ul>\n<li><strong>m\u00e1s de 3,5 millones<\/strong> de im\u00e1genes de alta calidad;<\/li>\n<li>biblioteca MailStyler (2.000+ im\u00e1genes);<\/li>\n<li>biblioteca <img decoding=\"async\" src=\"https:\/\/www.newslettercreator.com\/wp-content\/uploads\/2022\/03\/unsplash-18x79-1.svg\" width=\"79\" height=\"18\" style=\"margin-bottom: -3px; opacity: 0.8;\"> (1 mill\u00f3n de im\u00e1genes);<\/li>\n<li>biblioteca <img decoding=\"async\" src=\"https:\/\/www.newslettercreator.com\/wp-content\/uploads\/2022\/03\/pixabay-18x93-1.svg\" width=\"93\" height=\"18\" style=\"margin-bottom: -3px;\"> (2.5 millones im\u00e1genes).<\/li>\n<\/ul>\n<p>Ning\u00fan otro software ofrece una base de datos gr\u00e1fica tan amplia.<\/p>\n<p>La biblioteca se encuentra organizada en <strong>57 categor\u00edas<\/strong> \u2013 desde arte hasta autos, desde electr\u00f3nica hasta moda, desde juegos hasta deportes. \u2013 adem\u00e1s posee una colecci\u00f3n de iconos de redes sociales< y <strong>motor de b\u00fasqueda<\/strong>. De esta forma, usted podr\u00e1 encontrar f\u00e1cilmente las im\u00e1genes adecuadas para su \u00e1rea de negocios, con la seguridad de utilizar siempre <strong>material profesional<\/strong>.<\/p>\n","protected":false},"excerpt":{"rendered":"<p>Confiar en una amplia selecci\u00f3n de fotograf\u00edas e im\u00e1genes profesionales es esencial para construir un newsletter efectivo. Es por ello que MailStyler ofrece una biblioteca de im\u00e1genes avanzada. m\u00e1s de 3,5 millones de im\u00e1genes de alta calidad; biblioteca MailStyler (2.000+ im\u00e1genes); biblioteca (1 mill\u00f3n de im\u00e1genes); biblioteca (2.5 millones im\u00e1genes). Ning\u00fan otro software ofrece una [&hellip;]<\/p>\n","protected":false},"author":1,"featured_media":0,"parent":0,"menu_order":0,"comment_status":"closed","ping_status":"closed","template":"g1_template_page_sidebar_right.php","meta":{"inline_featured_image":false,"_monsterinsights_skip_tracking":false,"_monsterinsights_sitenote_active":false,"_monsterinsights_sitenote_note":"","_monsterinsights_sitenote_category":0,"footnotes":""},"class_list":["post-1132","page","type-page","status-publish"],"yoast_head":"<!-- This site is optimized with the Yoast SEO plugin v25.2 - https:\/\/yoast.com\/wordpress\/plugins\/seo\/ -->\n<title>Biblioteca de im\u00e1genes avanzada - Newsletter Creator<\/title>\n<meta name=\"robots\" content=\"index, follow, max-snippet:-1, max-image-preview:large, max-video-preview:-1\" \/>\n<link rel=\"canonical\" href=\"https:\/\/www.newslettercreator.com\/es\/biblioteca-de-imagenes-avanzada\/\" \/>\n<meta property=\"og:locale\" content=\"es_ES\" \/>\n<meta property=\"og:type\" content=\"article\" \/>\n<meta property=\"og:title\" content=\"Biblioteca de im\u00e1genes avanzada - Newsletter Creator\" \/>\n<meta property=\"og:description\" content=\"Confiar en una amplia selecci\u00f3n de fotograf\u00edas e im\u00e1genes profesionales es esencial para construir un newsletter efectivo. Es por ello que MailStyler ofrece una biblioteca de im\u00e1genes avanzada. m\u00e1s de 3,5 millones de im\u00e1genes de alta calidad; biblioteca MailStyler (2.000+ im\u00e1genes); biblioteca (1 mill\u00f3n de im\u00e1genes); biblioteca (2.5 millones im\u00e1genes). Ning\u00fan otro software ofrece una [&hellip;]\" \/>\n<meta property=\"og:url\" content=\"https:\/\/www.newslettercreator.com\/es\/biblioteca-de-imagenes-avanzada\/\" \/>\n<meta property=\"og:site_name\" content=\"Newsletter Creator\" \/>\n<meta property=\"article:modified_time\" content=\"2022-03-03T14:21:09+00:00\" \/>\n<meta property=\"og:image\" content=\"http:\/\/www.newslettercreator.com\/wp-content\/uploads\/2014\/04\/library-adv.jpg\" \/>\n<meta name=\"twitter:label1\" content=\"Tiempo de lectura\" \/>\n\t<meta name=\"twitter:data1\" content=\"1 minuto\" \/>\n<script type=\"application\/ld+json\" class=\"yoast-schema-graph\">{\"@context\":\"https:\/\/schema.org\",\"@graph\":[{\"@type\":\"WebPage\",\"@id\":\"https:\/\/www.newslettercreator.com\/es\/biblioteca-de-imagenes-avanzada\/\",\"url\":\"https:\/\/www.newslettercreator.com\/es\/biblioteca-de-imagenes-avanzada\/\",\"name\":\"Biblioteca de im\u00e1genes avanzada - Newsletter Creator\",\"isPartOf\":{\"@id\":\"https:\/\/www.newslettercreator.com\/#website\"},\"primaryImageOfPage\":{\"@id\":\"https:\/\/www.newslettercreator.com\/es\/biblioteca-de-imagenes-avanzada\/#primaryimage\"},\"image\":{\"@id\":\"https:\/\/www.newslettercreator.com\/es\/biblioteca-de-imagenes-avanzada\/#primaryimage\"},\"thumbnailUrl\":\"http:\/\/www.newslettercreator.com\/wp-content\/uploads\/2014\/04\/library-adv.jpg\",\"datePublished\":\"2014-09-01T08:01:02+00:00\",\"dateModified\":\"2022-03-03T14:21:09+00:00\",\"breadcrumb\":{\"@id\":\"https:\/\/www.newslettercreator.com\/es\/biblioteca-de-imagenes-avanzada\/#breadcrumb\"},\"inLanguage\":\"es\",\"potentialAction\":[{\"@type\":\"ReadAction\",\"target\":[\"https:\/\/www.newslettercreator.com\/es\/biblioteca-de-imagenes-avanzada\/\"]}]},{\"@type\":\"ImageObject\",\"inLanguage\":\"es\",\"@id\":\"https:\/\/www.newslettercreator.com\/es\/biblioteca-de-imagenes-avanzada\/#primaryimage\",\"url\":\"http:\/\/www.newslettercreator.com\/wp-content\/uploads\/2014\/04\/library-adv.jpg\",\"contentUrl\":\"http:\/\/www.newslettercreator.com\/wp-content\/uploads\/2014\/04\/library-adv.jpg\"},{\"@type\":\"BreadcrumbList\",\"@id\":\"https:\/\/www.newslettercreator.com\/es\/biblioteca-de-imagenes-avanzada\/#breadcrumb\",\"itemListElement\":[{\"@type\":\"ListItem\",\"position\":1,\"name\":\"Home\",\"item\":\"https:\/\/www.newslettercreator.com\/es\/\"},{\"@type\":\"ListItem\",\"position\":2,\"name\":\"Biblioteca de im\u00e1genes avanzada\"}]},{\"@type\":\"WebSite\",\"@id\":\"https:\/\/www.newslettercreator.com\/#website\",\"url\":\"https:\/\/www.newslettercreator.com\/\",\"name\":\"Newsletter Creator\",\"description\":\"Pay off\",\"potentialAction\":[{\"@type\":\"SearchAction\",\"target\":{\"@type\":\"EntryPoint\",\"urlTemplate\":\"https:\/\/www.newslettercreator.com\/?s={search_term_string}\"},\"query-input\":{\"@type\":\"PropertyValueSpecification\",\"valueRequired\":true,\"valueName\":\"search_term_string\"}}],\"inLanguage\":\"es\"}]}<\/script>\n<!-- \/ Yoast SEO plugin. -->","yoast_head_json":{"title":"Biblioteca de im\u00e1genes avanzada - Newsletter Creator","robots":{"index":"index","follow":"follow","max-snippet":"max-snippet:-1","max-image-preview":"max-image-preview:large","max-video-preview":"max-video-preview:-1"},"canonical":"https:\/\/www.newslettercreator.com\/es\/biblioteca-de-imagenes-avanzada\/","og_locale":"es_ES","og_type":"article","og_title":"Biblioteca de im\u00e1genes avanzada - Newsletter Creator","og_description":"Confiar en una amplia selecci\u00f3n de fotograf\u00edas e im\u00e1genes profesionales es esencial para construir un newsletter efectivo. Es por ello que MailStyler ofrece una biblioteca de im\u00e1genes avanzada. m\u00e1s de 3,5 millones de im\u00e1genes de alta calidad; biblioteca MailStyler (2.000+ im\u00e1genes); biblioteca (1 mill\u00f3n de im\u00e1genes); biblioteca (2.5 millones im\u00e1genes). Ning\u00fan otro software ofrece una [&hellip;]","og_url":"https:\/\/www.newslettercreator.com\/es\/biblioteca-de-imagenes-avanzada\/","og_site_name":"Newsletter Creator","article_modified_time":"2022-03-03T14:21:09+00:00","og_image":[{"url":"http:\/\/www.newslettercreator.com\/wp-content\/uploads\/2014\/04\/library-adv.jpg","type":"","width":"","height":""}],"twitter_misc":{"Tiempo de lectura":"1 minuto"},"schema":{"@context":"https:\/\/schema.org","@graph":[{"@type":"WebPage","@id":"https:\/\/www.newslettercreator.com\/es\/biblioteca-de-imagenes-avanzada\/","url":"https:\/\/www.newslettercreator.com\/es\/biblioteca-de-imagenes-avanzada\/","name":"Biblioteca de im\u00e1genes avanzada - Newsletter Creator","isPartOf":{"@id":"https:\/\/www.newslettercreator.com\/#website"},"primaryImageOfPage":{"@id":"https:\/\/www.newslettercreator.com\/es\/biblioteca-de-imagenes-avanzada\/#primaryimage"},"image":{"@id":"https:\/\/www.newslettercreator.com\/es\/biblioteca-de-imagenes-avanzada\/#primaryimage"},"thumbnailUrl":"http:\/\/www.newslettercreator.com\/wp-content\/uploads\/2014\/04\/library-adv.jpg","datePublished":"2014-09-01T08:01:02+00:00","dateModified":"2022-03-03T14:21:09+00:00","breadcrumb":{"@id":"https:\/\/www.newslettercreator.com\/es\/biblioteca-de-imagenes-avanzada\/#breadcrumb"},"inLanguage":"es","potentialAction":[{"@type":"ReadAction","target":["https:\/\/www.newslettercreator.com\/es\/biblioteca-de-imagenes-avanzada\/"]}]},{"@type":"ImageObject","inLanguage":"es","@id":"https:\/\/www.newslettercreator.com\/es\/biblioteca-de-imagenes-avanzada\/#primaryimage","url":"http:\/\/www.newslettercreator.com\/wp-content\/uploads\/2014\/04\/library-adv.jpg","contentUrl":"http:\/\/www.newslettercreator.com\/wp-content\/uploads\/2014\/04\/library-adv.jpg"},{"@type":"BreadcrumbList","@id":"https:\/\/www.newslettercreator.com\/es\/biblioteca-de-imagenes-avanzada\/#breadcrumb","itemListElement":[{"@type":"ListItem","position":1,"name":"Home","item":"https:\/\/www.newslettercreator.com\/es\/"},{"@type":"ListItem","position":2,"name":"Biblioteca de im\u00e1genes avanzada"}]},{"@type":"WebSite","@id":"https:\/\/www.newslettercreator.com\/#website","url":"https:\/\/www.newslettercreator.com\/","name":"Newsletter Creator","description":"Pay off","potentialAction":[{"@type":"SearchAction","target":{"@type":"EntryPoint","urlTemplate":"https:\/\/www.newslettercreator.com\/?s={search_term_string}"},"query-input":{"@type":"PropertyValueSpecification","valueRequired":true,"valueName":"search_term_string"}}],"inLanguage":"es"}]}},"_links":{"self":[{"href":"https:\/\/www.newslettercreator.com\/es\/wp-json\/wp\/v2\/pages\/1132","targetHints":{"allow":["GET"]}}],"collection":[{"href":"https:\/\/www.newslettercreator.com\/es\/wp-json\/wp\/v2\/pages"}],"about":[{"href":"https:\/\/www.newslettercreator.com\/es\/wp-json\/wp\/v2\/types\/page"}],"author":[{"embeddable":true,"href":"https:\/\/www.newslettercreator.com\/es\/wp-json\/wp\/v2\/users\/1"}],"replies":[{"embeddable":true,"href":"https:\/\/www.newslettercreator.com\/es\/wp-json\/wp\/v2\/comments?post=1132"}],"version-history":[{"count":5,"href":"https:\/\/www.newslettercreator.com\/es\/wp-json\/wp\/v2\/pages\/1132\/revisions"}],"predecessor-version":[{"id":11735,"href":"https:\/\/www.newslettercreator.com\/es\/wp-json\/wp\/v2\/pages\/1132\/revisions\/11735"}],"wp:attachment":[{"href":"https:\/\/www.newslettercreator.com\/es\/wp-json\/wp\/v2\/media?parent=1132"}],"curies":[{"name":"wp","href":"https:\/\/api.w.org\/{rel}","templated":true}]}}