{"id":1981,"date":"2014-10-30T08:11:22","date_gmt":"2014-10-30T08:11:22","guid":{"rendered":"http:\/\/www.newslettercreator.com\/?page_id=1981"},"modified":"2014-10-30T08:11:22","modified_gmt":"2014-10-30T08:11:22","slug":"mapa-del-sitio","status":"publish","type":"page","link":"https:\/\/www.newslettercreator.com\/es\/mapa-del-sitio\/","title":{"rendered":"Mapa del sitio"},"content":{"rendered":"<p>Aqu\u00ed usted puede encontrar el mapa del sitio:<\/p>\n<ul><li><a href=\"https:\/\/www.newslettercreator.com\/es\/\">Creador de Newsletters | Como crear un boletin de prensa<\/a><\/li>\n<li><a href=\"https:\/\/www.newslettercreator.com\/es\/caracteristicas\/\">Caracter\u00edsticas<\/a><\/li>\n<li><a href=\"https:\/\/www.newslettercreator.com\/es\/version-gratis\/\">Prueba Free<\/a><\/li>\n<li><a href=\"https:\/\/www.newslettercreator.com\/es\/porque-elegir-mailstyler\/\">Porqu\u00e9 elegir MailStyler<\/a><\/li>\n<li><a href=\"https:\/\/www.newslettercreator.com\/es\/biblioteca-de-imagenes-basica\/\">Biblioteca de im\u00e1genes b\u00e1sica<\/a><\/li>\n<li><a href=\"https:\/\/www.newslettercreator.com\/es\/biblioteca-de-imagenes-avanzada\/\">Biblioteca de im\u00e1genes avanzada<\/a><\/li>\n<li><a href=\"https:\/\/www.newslettercreator.com\/es\/precios\/\">Precios<\/a><\/li>\n<li><a href=\"https:\/\/www.newslettercreator.com\/es\/politica-de-privacidad\/\">Politica de privacidad<\/a><\/li>\n<li><a href=\"https:\/\/www.newslettercreator.com\/es\/pantallas\/\">Pantallas<\/a><\/li>\n<li><a href=\"https:\/\/www.newslettercreator.com\/es\/nuestra-empresa\/\">Nuestra empresa<\/a><\/li>\n<li><a href=\"https:\/\/www.newslettercreator.com\/es\/mapa-del-sitio\/\">Mapa del sitio<\/a><\/li>\n<li><a href=\"https:\/\/www.newslettercreator.com\/es\/registro-y-actualizacion\/\">Registro y actualizaci\u00f3n<\/a><\/li>\n<li><a href=\"https:\/\/www.newslettercreator.com\/es\/contacto\/\">Contacto<\/a><\/li>\n<li><a href=\"https:\/\/www.newslettercreator.com\/es\/clientes\/\">Clientes<\/a><\/li>\n<li><a href=\"https:\/\/www.newslettercreator.com\/es\/videos-es\/\">Videos<\/a><\/li>\n<li><a href=\"https:\/\/www.newslettercreator.com\/es\/partnership\/\">Partnership<\/a><\/li>\n<li><a href=\"https:\/\/www.newslettercreator.com\/es\/construccion-de-email-html\/\">Construcci\u00f3n de email HTML<\/a><\/li>\n<li><a href=\"https:\/\/www.newslettercreator.com\/es\/creacion-de-plantilla-de-email\/\">Creaci\u00f3n de plantilla de email<\/a><\/li>\n<li><a href=\"https:\/\/www.newslettercreator.com\/es\/diseno-de-newsletter\/\">Dise\u00f1o de newsletter<\/a><\/li>\n<li><a href=\"https:\/\/www.newslettercreator.com\/es\/ejemplos-de-newsletters\/\">Ejemplos de newsletters<\/a><\/li>\n<li><a href=\"https:\/\/www.newslettercreator.com\/es\/creacion-de-newsletters\/\">Creaci\u00f3n de newsletters<\/a><\/li>\n<li><a href=\"https:\/\/www.newslettercreator.com\/es\/plantillas-de-email-html\/\">Plantillas de email HTML<\/a><\/li>\n<li><a href=\"https:\/\/www.newslettercreator.com\/es\/plantillas-para-clientes-de-email\/\">Plantillas para clientes de email<\/a><\/li>\n<li><a href=\"https:\/\/www.newslettercreator.com\/es\/plantillas-para-servicios-de-marketing-por-email\/\">Plantillas para servicios de marketing por email<\/a><\/li>\n<li><a href=\"https:\/\/www.newslettercreator.com\/es\/software-de-newsletter\/\">Software de newsletter<\/a><\/li>\n<li><a href=\"https:\/\/www.newslettercreator.com\/es\/plantilla-de-email-creacion\/\">Plantilla de email: creaci\u00f3n<\/a><\/li>\n<li><a href=\"https:\/\/www.newslettercreator.com\/es\/como-obtener-una-plantilla-de-email-gratis\/\">C\u00f3mo obtener una plantilla de email gratis<\/a><\/li>\n<li><a href=\"https:\/\/www.newslettercreator.com\/es\/crear-una-plantilla-de-newsletter-en-microsoft-word\/\">Crear una plantilla de newsletter en Microsoft Word?<\/a><\/li>\n<li><a href=\"https:\/\/www.newslettercreator.com\/es\/como-obtener-el-mejor-diseno-para-su-newsletter\/\">C\u00f3mo obtener el mejor dise\u00f1o para su newsletter<\/a><\/li>\n<li><a href=\"https:\/\/www.newslettercreator.com\/es\/como-crear-una-plantilla-de-newsletter\/\">C\u00f3mo crear una plantilla de newsletter<\/a><\/li>\n<li><a href=\"https:\/\/www.newslettercreator.com\/es\/como-disenar-una-plantilla-de-email-html\/\">C\u00f3mo dise\u00f1ar una plantilla de email HTML<\/a><\/li>\n<li><a href=\"https:\/\/www.newslettercreator.com\/es\/ejemplos-de-plantillas-de-newsletters\/\">Ejemplos de plantillas de newsletters<\/a><\/li>\n<li><a href=\"https:\/\/www.newslettercreator.com\/es\/ejemplos-gratuitos-de-newsletters\/\">Ejemplos gratuitos de newsletters<\/a><\/li>\n<li><a href=\"https:\/\/www.newslettercreator.com\/es\/ejemplo-de-formato-de-newsletter\/\">Ejemplo de formato de newsletter<\/a><\/li>\n<li><a href=\"https:\/\/www.newslettercreator.com\/es\/como-hacer-un-newsletter\/\">C\u00f3mo hacer un newsletter<\/a><\/li>\n<li><a href=\"https:\/\/www.newslettercreator.com\/es\/como-crear-una-plantilla-de-email\/\">C\u00f3mo crear una plantilla de email<\/a><\/li>\n<li><a href=\"https:\/\/www.newslettercreator.com\/es\/creacion-de-un-newsletter-con-microsoft-word-como-funciona\/\">Creaci\u00f3n de un newsletter con Microsoft Word: c\u00f3mo funciona?<\/a><\/li>\n<li><a href=\"https:\/\/www.newslettercreator.com\/es\/que-es-una-plantilla-de-email-html\/\">Qu\u00e9 es una plantilla de email HTML<\/a><\/li>\n<li><a href=\"https:\/\/www.newslettercreator.com\/es\/como-crear-un-newsletter-html\/\">C\u00f3mo crear un newsletter HTML<\/a><\/li>\n<li><a href=\"https:\/\/www.newslettercreator.com\/es\/como-crear-el-mejor-mensaje-de-email-html\/\">C\u00f3mo crear el mejor mensaje de email HTML<\/a><\/li>\n<li><a href=\"https:\/\/www.newslettercreator.com\/es\/como-crear-la-plantilla-de-email-perfecta-para-outlook\/\">C\u00f3mo crear la plantilla de email perfecta para Outlook<\/a><\/li>\n<li><a href=\"https:\/\/www.newslettercreator.com\/es\/como-crear-una-plantilla-de-email-para-thunderbird\/\">C\u00f3mo crear una plantilla de email para Thunderbird<\/a><\/li>\n<li><a href=\"https:\/\/www.newslettercreator.com\/es\/como-crear-una-plantilla-de-email-para-mailchimp\/\">C\u00f3mo crear una plantilla de email para MailChimp<\/a><\/li>\n<li><a href=\"https:\/\/www.newslettercreator.com\/es\/por-que-tener-un-editor-de-newsletter-dedicado\/\">Por qu\u00e9 tener un editor de newsletter dedicado<\/a><\/li>\n<li><a href=\"https:\/\/www.newslettercreator.com\/es\/software-de-creacion-de-newsletters\/\">Software de creaci\u00f3n de newsletters<\/a><\/li>\n<li><a href=\"https:\/\/www.newslettercreator.com\/es\/acuerdo-de-licencia-de-mailstyler\/\">Acuerdo de licencia de MailStyler<\/a><\/li>\n<li><a href=\"https:\/\/www.newslettercreator.com\/es\/como-hacer-un-boletin-efectivo\/\">C\u00f3mo hacer un bolet\u00edn efectivo<\/a><\/li>\n<li><a href=\"https:\/\/www.newslettercreator.com\/es\/por-que-actualizar\/\">Por qu\u00e9 actualizar<\/a><\/li>\n<li><a href=\"https:\/\/www.newslettercreator.com\/es\/ayuda\/\">Gu\u00eda de usuario<\/a>\n<ul class='children'>\n\t<li><a href=\"https:\/\/www.newslettercreator.com\/es\/ayuda\/resumen\/\">Resumen<\/a><\/li>\n\t<li><a href=\"https:\/\/www.newslettercreator.com\/es\/ayuda\/historial-de-actualizaciones\/\">Historial de actualizaciones<\/a><\/li>\n\t<li><a href=\"https:\/\/www.newslettercreator.com\/es\/ayuda\/requisitos-del-sistema\/\">Requisitos del sistema<\/a><\/li>\n\t<li><a href=\"https:\/\/www.newslettercreator.com\/es\/ayuda\/requisitos-de-software\/\">Requisitos de Software<\/a><\/li>\n\t<li><a href=\"https:\/\/www.newslettercreator.com\/es\/ayuda\/requisitos-de-hardware\/\">Requisitos de Hardware<\/a><\/li>\n\t<li><a href=\"https:\/\/www.newslettercreator.com\/es\/ayuda\/registro\/\">Registro<\/a><\/li>\n\t<li><a href=\"https:\/\/www.newslettercreator.com\/es\/ayuda\/modo-trial\/\">Modo Trial<\/a><\/li>\n\t<li><a href=\"https:\/\/www.newslettercreator.com\/es\/ayuda\/activacion-de-software\/\">Activaci\u00f3n de Software<\/a><\/li>\n\t<li><a href=\"https:\/\/www.newslettercreator.com\/es\/ayuda\/uso\/\">Uso<\/a><\/li>\n\t<li><a href=\"https:\/\/www.newslettercreator.com\/es\/ayuda\/ventana-principal\/\">Ventana principal<\/a><\/li>\n\t<li><a href=\"https:\/\/www.newslettercreator.com\/es\/ayuda\/edicion-de-imagenes\/\">Edici\u00f3n de im\u00e1genes<\/a><\/li>\n\t<li><a href=\"https:\/\/www.newslettercreator.com\/es\/ayuda\/edicion-de-botones\/\">Edici\u00f3n de botones<\/a><\/li>\n\t<li><a href=\"https:\/\/www.newslettercreator.com\/es\/ayuda\/caracteres-especiales\/\">Caracteres especiales<\/a><\/li>\n\t<li><a href=\"https:\/\/www.newslettercreator.com\/es\/ayuda\/biblioteca-de-imagenes\/\">Biblioteca de im\u00e1genes<\/a><\/li>\n\t<li><a href=\"https:\/\/www.newslettercreator.com\/es\/ayuda\/menus-superiores\/\">Men\u00fas superiores<\/a><\/li>\n\t<li><a href=\"https:\/\/www.newslettercreator.com\/es\/ayuda\/nuevo\/\">Nuevo<\/a><\/li>\n\t<li><a href=\"https:\/\/www.newslettercreator.com\/es\/ayuda\/abrir\/\">Abrir<\/a><\/li>\n\t<li><a href=\"https:\/\/www.newslettercreator.com\/es\/ayuda\/gardar\/\">Guardar<\/a><\/li>\n\t<li><a href=\"https:\/\/www.newslettercreator.com\/es\/ayuda\/exportar\/\">Exportar<\/a><\/li>\n\t<li><a href=\"https:\/\/www.newslettercreator.com\/es\/ayuda\/vista-previa\/\">Vista Previa<\/a><\/li>\n\t<li><a href=\"https:\/\/www.newslettercreator.com\/es\/ayuda\/configuracion\/\">Configuraci\u00f3n<\/a><\/li>\n\t<li><a href=\"https:\/\/www.newslettercreator.com\/es\/ayuda\/ayuda-menu\/\">Ayuda<\/a><\/li>\n\t<li><a href=\"https:\/\/www.newslettercreator.com\/es\/ayuda\/la-caja-de-herramientas\/\">La caja de herramientas<\/a><\/li>\n\t<li><a href=\"https:\/\/www.newslettercreator.com\/es\/ayuda\/enlaces\/\">Enlaces<\/a><\/li>\n\t<li><a href=\"https:\/\/www.newslettercreator.com\/es\/ayuda\/el-panel-de-bloques\/\">El panel de bloques<\/a><\/li>\n\t<li><a href=\"https:\/\/www.newslettercreator.com\/es\/ayuda\/mezclar-bloques-responsivos\/\">Mezclar bloques responsivos<\/a><\/li>\n\t<li><a href=\"https:\/\/www.newslettercreator.com\/es\/ayuda\/el-estilo-de-bloques\/\">El estilo de bloques<\/a><\/li>\n\t<li><a href=\"https:\/\/www.newslettercreator.com\/es\/ayuda\/seleccion-de-paleta\/\">Selecci\u00f3n de paleta<\/a><\/li>\n\t<li><a href=\"https:\/\/www.newslettercreator.com\/es\/ayuda\/estilo-de-celda\/\">Estilo de celda<\/a><\/li>\n\t<li><a href=\"https:\/\/www.newslettercreator.com\/es\/ayuda\/estilo-de-fuente\/\">Estilo de fuente<\/a><\/li>\n\t<li><a href=\"https:\/\/www.newslettercreator.com\/es\/ayuda\/estilo-de-imagen\/\">Estilo de imagen<\/a><\/li>\n\t<li><a href=\"https:\/\/www.newslettercreator.com\/es\/ayuda\/estilo-de-boton\/\">Estilo de bot\u00f3n<\/a><\/li>\n\t<li><a href=\"https:\/\/www.newslettercreator.com\/es\/ayuda\/guardar-estilos\/\">Guardar estilos<\/a><\/li>\n\t<li><a href=\"https:\/\/www.newslettercreator.com\/es\/ayuda\/eliminar-estilos\/\">Eliminar estilos<\/a><\/li>\n\t<li><a href=\"https:\/\/www.newslettercreator.com\/es\/ayuda\/seleccion-y-edicion-de-bloque\/\">Selecci\u00f3n &#038; edici\u00f3n de bloque<\/a><\/li>\n\t<li><a href=\"https:\/\/www.newslettercreator.com\/es\/ayuda\/seleccion-y-edicion-de-celda\/\">Selecci\u00f3n &#038; edici\u00f3n de celda<\/a><\/li>\n\t<li><a href=\"https:\/\/www.newslettercreator.com\/es\/ayuda\/seleccion-de-imagen\/\">Selecci\u00f3n de imagen<\/a><\/li>\n\t<li><a href=\"https:\/\/www.newslettercreator.com\/es\/ayuda\/seleccion-de-boton\/\">Selecci\u00f3n de bot\u00f3n<\/a><\/li>\n\t<li><a href=\"https:\/\/www.newslettercreator.com\/es\/ayuda\/plugins\/\">Plugins<\/a><\/li>\n\t<li><a href=\"https:\/\/www.newslettercreator.com\/es\/ayuda\/mpzmail\/\">MPZmail<\/a><\/li>\n<\/ul>\n<\/li>\n<li><a href=\"https:\/\/www.newslettercreator.com\/es\/mailstyler-nueva-integracion-con-su-sistema-de-envio\/\">MailStyler &#8211; Nuevas integraciones con su herramienta de correo<\/a><\/li>\n<li><a href=\"https:\/\/www.newslettercreator.com\/es\/html-css-inline-email-editor-emails-perfectos-en-cada-email-client\/\">HTML\/CSS Inline Email Editor: Emails Perfectos en cada Email Client<\/a><\/li>\n<li><a href=\"https:\/\/www.newslettercreator.com\/es\/que-hay-de-nuevo-en-mailstyler-2\/\">Qu\u00e9 hay de nuevo en MailStyler?<\/a><\/li>\n<li><a href=\"https:\/\/www.newslettercreator.com\/es\/upgrade\/\">Actualice a MailStyler desde Basic o Pro<\/a><\/li>\n<li><a href=\"https:\/\/www.newslettercreator.com\/es\/upgrade-mailstyler-2\/\">Desea obtener lo mejor de su Marketing por Email? Cambie a MailStyler<\/a><\/li>\n<li><a href=\"https:\/\/www.newslettercreator.com\/es\/actualizacion-gratis-mailstyler-2\/\">Actualizaci\u00f3n Gratis a MailStyler<\/a>\n<ul class='children'>\n\t<li><a href=\"https:\/\/www.newslettercreator.com\/es\/actualizacion-gratis-mailstyler-2\/respuesta-actualizacion-gratis\/\">Actualizaci\u00f3n Gratis a MailStyler 2<\/a><\/li>\n<\/ul>\n<\/li>\n<li><a href=\"https:\/\/www.newslettercreator.com\/es\/renovacion-suscripcion\/\">Renovaci\u00f3n de la suscripci\u00f3n a MailStyler<\/a><\/li>\n<li><a href=\"https:\/\/www.newslettercreator.com\/es\/politica-de-privacidad-regulacion-ue-2016-79-gdpr\/\">GDPR: Introducci\u00f3n &#8211; Objetivos<\/a>\n<ul class='children'>\n\t<li><a href=\"https:\/\/www.newslettercreator.com\/es\/politica-de-privacidad-regulacion-ue-2016-79-gdpr\/informacion-basica\/\">Informaci\u00f3n b\u00e1sica<\/a><\/li>\n\t<li><a href=\"https:\/\/www.newslettercreator.com\/es\/politica-de-privacidad-regulacion-ue-2016-79-gdpr\/como-delivery-tech-obtiene-informacion\/\">C\u00f3mo Delivery Tech obtiene informaci\u00f3n<\/a><\/li>\n\t<li><a href=\"https:\/\/www.newslettercreator.com\/es\/politica-de-privacidad-regulacion-ue-2016-79-gdpr\/como-delivery-tech-usa-su-informacion\/\">Como Delivery Tech usa su informaci\u00f3n<\/a><\/li>\n\t<li><a href=\"https:\/\/www.newslettercreator.com\/es\/politica-de-privacidad-regulacion-ue-2016-79-gdpr\/acceso-exportacion-modificacion-y-remocion-de-la-informacion\/\">Acceso, exportaci\u00f3n, modificaci\u00f3n y remoci\u00f3n de la informaci\u00f3n<\/a><\/li>\n\t<li><a href=\"https:\/\/www.newslettercreator.com\/es\/politica-de-privacidad-regulacion-ue-2016-79-gdpr\/seguridad\/\">Seguridad<\/a><\/li>\n<\/ul>\n<\/li>\n<li><a href=\"https:\/\/www.newslettercreator.com\/es\/descargue-su-version-de-mailstyler\/\">Descargue su versi\u00f3n de MailStyler<\/a><\/li>\n<li><a href=\"https:\/\/www.newslettercreator.com\/es\/actualizacion-de-versiones-anteriores\/\">Actualizaci\u00f3n de versiones anteriores<\/a><\/li>\n<li><a href=\"https:\/\/www.newslettercreator.com\/es\/plantillas-de-correo-electronico-de-navidad-originales-editables\/\">Plantillas de correo electr\u00f3nico de Navidad 2020 originales, editables con MailStyler<\/a><\/li>\n<li><a href=\"https:\/\/www.newslettercreator.com\/es\/la-forma-profesional-para-crear-plantillas-de-email-para-gmail\/\">La Forma Profesional para Crear Plantillas de Email para Gmail<\/a><\/li>\n<li><a href=\"https:\/\/www.newslettercreator.com\/es\/genere-firmas-de-email-profesionales-para-gmail\/\">Genere Firmas de Email Profesionales para Gmail<\/a><\/li>\n<\/ul>\n","protected":false},"excerpt":{"rendered":"<p>Aqu\u00ed usted puede encontrar el mapa del sitio:<\/p>\n","protected":false},"author":1,"featured_media":0,"parent":0,"menu_order":0,"comment_status":"closed","ping_status":"closed","template":"g1_template_page_sidebar_right.php","meta":{"inline_featured_image":false,"_monsterinsights_skip_tracking":false,"_monsterinsights_sitenote_active":false,"_monsterinsights_sitenote_note":"","_monsterinsights_sitenote_category":0,"footnotes":""},"class_list":["post-1981","page","type-page","status-publish"],"yoast_head":"<!-- This site is optimized with the Yoast SEO plugin v25.2 - https:\/\/yoast.com\/wordpress\/plugins\/seo\/ -->\n<title>Mapa del sitio - Newsletter Creator<\/title>\n<meta name=\"robots\" content=\"index, follow, max-snippet:-1, max-image-preview:large, max-video-preview:-1\" \/>\n<link rel=\"canonical\" href=\"https:\/\/www.newslettercreator.com\/es\/mapa-del-sitio\/\" \/>\n<meta property=\"og:locale\" content=\"es_ES\" \/>\n<meta property=\"og:type\" content=\"article\" \/>\n<meta property=\"og:title\" content=\"Mapa del sitio - Newsletter Creator\" \/>\n<meta property=\"og:description\" content=\"Aqu\u00ed usted puede encontrar el mapa del sitio:\" \/>\n<meta property=\"og:url\" content=\"https:\/\/www.newslettercreator.com\/es\/mapa-del-sitio\/\" \/>\n<meta property=\"og:site_name\" content=\"Newsletter Creator\" \/>\n<script type=\"application\/ld+json\" class=\"yoast-schema-graph\">{\"@context\":\"https:\/\/schema.org\",\"@graph\":[{\"@type\":\"WebPage\",\"@id\":\"https:\/\/www.newslettercreator.com\/es\/mapa-del-sitio\/\",\"url\":\"https:\/\/www.newslettercreator.com\/es\/mapa-del-sitio\/\",\"name\":\"Mapa del sitio - Newsletter Creator\",\"isPartOf\":{\"@id\":\"https:\/\/www.newslettercreator.com\/#website\"},\"datePublished\":\"2014-10-30T08:11:22+00:00\",\"breadcrumb\":{\"@id\":\"https:\/\/www.newslettercreator.com\/es\/mapa-del-sitio\/#breadcrumb\"},\"inLanguage\":\"es\",\"potentialAction\":[{\"@type\":\"ReadAction\",\"target\":[\"https:\/\/www.newslettercreator.com\/es\/mapa-del-sitio\/\"]}]},{\"@type\":\"BreadcrumbList\",\"@id\":\"https:\/\/www.newslettercreator.com\/es\/mapa-del-sitio\/#breadcrumb\",\"itemListElement\":[{\"@type\":\"ListItem\",\"position\":1,\"name\":\"Home\",\"item\":\"https:\/\/www.newslettercreator.com\/es\/\"},{\"@type\":\"ListItem\",\"position\":2,\"name\":\"Mapa del sitio\"}]},{\"@type\":\"WebSite\",\"@id\":\"https:\/\/www.newslettercreator.com\/#website\",\"url\":\"https:\/\/www.newslettercreator.com\/\",\"name\":\"Newsletter Creator\",\"description\":\"Pay off\",\"potentialAction\":[{\"@type\":\"SearchAction\",\"target\":{\"@type\":\"EntryPoint\",\"urlTemplate\":\"https:\/\/www.newslettercreator.com\/?s={search_term_string}\"},\"query-input\":{\"@type\":\"PropertyValueSpecification\",\"valueRequired\":true,\"valueName\":\"search_term_string\"}}],\"inLanguage\":\"es\"}]}<\/script>\n<!-- \/ Yoast SEO plugin. -->","yoast_head_json":{"title":"Mapa del sitio - Newsletter Creator","robots":{"index":"index","follow":"follow","max-snippet":"max-snippet:-1","max-image-preview":"max-image-preview:large","max-video-preview":"max-video-preview:-1"},"canonical":"https:\/\/www.newslettercreator.com\/es\/mapa-del-sitio\/","og_locale":"es_ES","og_type":"article","og_title":"Mapa del sitio - Newsletter Creator","og_description":"Aqu\u00ed usted puede encontrar el mapa del sitio:","og_url":"https:\/\/www.newslettercreator.com\/es\/mapa-del-sitio\/","og_site_name":"Newsletter Creator","schema":{"@context":"https:\/\/schema.org","@graph":[{"@type":"WebPage","@id":"https:\/\/www.newslettercreator.com\/es\/mapa-del-sitio\/","url":"https:\/\/www.newslettercreator.com\/es\/mapa-del-sitio\/","name":"Mapa del sitio - Newsletter Creator","isPartOf":{"@id":"https:\/\/www.newslettercreator.com\/#website"},"datePublished":"2014-10-30T08:11:22+00:00","breadcrumb":{"@id":"https:\/\/www.newslettercreator.com\/es\/mapa-del-sitio\/#breadcrumb"},"inLanguage":"es","potentialAction":[{"@type":"ReadAction","target":["https:\/\/www.newslettercreator.com\/es\/mapa-del-sitio\/"]}]},{"@type":"BreadcrumbList","@id":"https:\/\/www.newslettercreator.com\/es\/mapa-del-sitio\/#breadcrumb","itemListElement":[{"@type":"ListItem","position":1,"name":"Home","item":"https:\/\/www.newslettercreator.com\/es\/"},{"@type":"ListItem","position":2,"name":"Mapa del sitio"}]},{"@type":"WebSite","@id":"https:\/\/www.newslettercreator.com\/#website","url":"https:\/\/www.newslettercreator.com\/","name":"Newsletter Creator","description":"Pay off","potentialAction":[{"@type":"SearchAction","target":{"@type":"EntryPoint","urlTemplate":"https:\/\/www.newslettercreator.com\/?s={search_term_string}"},"query-input":{"@type":"PropertyValueSpecification","valueRequired":true,"valueName":"search_term_string"}}],"inLanguage":"es"}]}},"_links":{"self":[{"href":"https:\/\/www.newslettercreator.com\/es\/wp-json\/wp\/v2\/pages\/1981","targetHints":{"allow":["GET"]}}],"collection":[{"href":"https:\/\/www.newslettercreator.com\/es\/wp-json\/wp\/v2\/pages"}],"about":[{"href":"https:\/\/www.newslettercreator.com\/es\/wp-json\/wp\/v2\/types\/page"}],"author":[{"embeddable":true,"href":"https:\/\/www.newslettercreator.com\/es\/wp-json\/wp\/v2\/users\/1"}],"replies":[{"embeddable":true,"href":"https:\/\/www.newslettercreator.com\/es\/wp-json\/wp\/v2\/comments?post=1981"}],"version-history":[{"count":1,"href":"https:\/\/www.newslettercreator.com\/es\/wp-json\/wp\/v2\/pages\/1981\/revisions"}],"predecessor-version":[{"id":1982,"href":"https:\/\/www.newslettercreator.com\/es\/wp-json\/wp\/v2\/pages\/1981\/revisions\/1982"}],"wp:attachment":[{"href":"https:\/\/www.newslettercreator.com\/es\/wp-json\/wp\/v2\/media?parent=1981"}],"curies":[{"name":"wp","href":"https:\/\/api.w.org\/{rel}","templated":true}]}}