{"id":2582,"date":"2014-12-23T14:17:30","date_gmt":"2014-12-23T14:17:30","guid":{"rendered":"http:\/\/www.newslettercreator.com\/?page_id=2582"},"modified":"2021-05-26T11:15:04","modified_gmt":"2021-05-26T09:15:04","slug":"videos-es","status":"publish","type":"page","link":"https:\/\/www.newslettercreator.com\/es\/videos-es\/","title":{"rendered":"Videos"},"content":{"rendered":"<h2 style=\"font-size: 20px !important; margin-bottom: 10px;\">C\u00f3mo crear un newsletter html responsivo con plantillas gratuitas en un minuto<\/h2>\n<div class=\"lyte-wrapper\" title=\"C&oacute;mo crear un newsletter html responsivo con plantillas gratuitas en un minuto\" style=\"width:853px;max-width:100%;margin:5px;\"><div class=\"lyMe\" id=\"WYL_DhdL_PN9PlA\" itemprop=\"video\" itemscope itemtype=\"https:\/\/schema.org\/VideoObject\"><div><meta itemprop=\"thumbnailUrl\" content=\"https:\/\/www.newslettercreator.com\/wp-content\/plugins\/wp-youtube-lyte\/lyteCache.php?origThumbUrl=https%3A%2F%2Fi.ytimg.com%2Fvi%2FDhdL_PN9PlA%2Fhqdefault.jpg\" \/><meta itemprop=\"embedURL\" content=\"https:\/\/www.youtube.com\/embed\/DhdL_PN9PlA\" \/><meta itemprop=\"duration\" content=\"PT2M51S\" \/><meta itemprop=\"uploadDate\" content=\"2019-01-30T17:43:25Z\" \/><\/div><div id=\"lyte_DhdL_PN9PlA\" data-src=\"https:\/\/www.newslettercreator.com\/wp-content\/plugins\/wp-youtube-lyte\/lyteCache.php?origThumbUrl=https%3A%2F%2Fi.ytimg.com%2Fvi%2FDhdL_PN9PlA%2Fhqdefault.jpg\" class=\"pL\"><div class=\"tC\"><div class=\"tT\" itemprop=\"name\">C\u00f3mo crear un newsletter html responsivo con plantillas gratuitas en un minuto<\/div><\/div><div class=\"play\"><\/div><div class=\"ctrl\"><div class=\"Lctrl\"><\/div><div class=\"Rctrl\"><\/div><\/div><\/div><noscript><a href=\"https:\/\/youtu.be\/DhdL_PN9PlA\" rel=\"nofollow\"><img decoding=\"async\" src=\"https:\/\/www.newslettercreator.com\/wp-content\/plugins\/wp-youtube-lyte\/lyteCache.php?origThumbUrl=https%3A%2F%2Fi.ytimg.com%2Fvi%2FDhdL_PN9PlA%2F0.jpg\" alt=\"C&oacute;mo crear un newsletter html responsivo con plantillas gratuitas en un minuto\" width=\"853\" height=\"460\" \/><br \/>Mire este video en YouTube<\/a><\/noscript><meta itemprop=\"description\" content=\"C\u00f3mo crear un newsletter html responsivo con plantillas gratuitas en un minuto\"><\/div><\/div><div class=\"lL\" style=\"max-width:100%;width:853px;margin:5px;\"><\/div>\n<div class=\"ms-video-button hide\">\n  <!--a href=\"https:\/\/www.youtube.com\/embed\/DhdL_PN9PlA?rel=0&autoplay=1\" data-featherlight=\"iframe\" data-featherlight-iframe-width=\"800\" data-featherlight-iframe-height=\"610\" data-featherlight-iframe-frameborder=\"0\" data-featherlight-iframe-allow=\"autoplay; encrypted-media\" data-featherlight-iframe-allowfullscreen=\"true\" title=\"Reproducir el video tutorial\">Reproducir el video tutorial <i class=\"fa fa-play-circle fa-2x\"><\/i><\/a-->\n\t<a href=\"https:\/\/www.youtube.com\/embed\/DhdL_PN9PlA\" rel=\"ilightbox\" data-options=\"width:800, height:610\" title=\"Reproducir el video tutorial\">Reproducir el video tutorial <i class=\"fa fa-play-circle fa-2x\"><\/i><\/a>\n<\/div>\n<p>&nbsp;<\/p>\n<h2 style=\"font-size: 20px !important; margin-bottom: 10px;\">Como hacer un newsletter html siempre legible y responsivo en cualquier cliente de email<\/h2>\n<div class=\"lyte-wrapper\" title=\"Como hacer un newsletter html siempre legible y responsivo en cualquier cliente de email\" style=\"width:853px;max-width:100%;margin:5px;\"><div class=\"lyMe\" id=\"WYL_l0EjRjn0lf8\" itemprop=\"video\" itemscope itemtype=\"https:\/\/schema.org\/VideoObject\"><div><meta itemprop=\"thumbnailUrl\" content=\"https:\/\/www.newslettercreator.com\/wp-content\/plugins\/wp-youtube-lyte\/lyteCache.php?origThumbUrl=https%3A%2F%2Fi.ytimg.com%2Fvi%2Fl0EjRjn0lf8%2Fhqdefault.jpg\" \/><meta itemprop=\"embedURL\" content=\"https:\/\/www.youtube.com\/embed\/l0EjRjn0lf8\" \/><meta itemprop=\"duration\" content=\"PT3M46S\" \/><meta itemprop=\"uploadDate\" content=\"2019-01-09T13:12:43Z\" \/><\/div><div id=\"lyte_l0EjRjn0lf8\" data-src=\"https:\/\/www.newslettercreator.com\/wp-content\/plugins\/wp-youtube-lyte\/lyteCache.php?origThumbUrl=https%3A%2F%2Fi.ytimg.com%2Fvi%2Fl0EjRjn0lf8%2Fhqdefault.jpg\" class=\"pL\"><div class=\"tC\"><div class=\"tT\" itemprop=\"name\">Como hacer un newsletter html siempre legible y responsivo en cualquier cliente de email<\/div><\/div><div class=\"play\"><\/div><div class=\"ctrl\"><div class=\"Lctrl\"><\/div><div class=\"Rctrl\"><\/div><\/div><\/div><noscript><a href=\"https:\/\/youtu.be\/l0EjRjn0lf8\" rel=\"nofollow\"><img decoding=\"async\" src=\"https:\/\/www.newslettercreator.com\/wp-content\/plugins\/wp-youtube-lyte\/lyteCache.php?origThumbUrl=https%3A%2F%2Fi.ytimg.com%2Fvi%2Fl0EjRjn0lf8%2F0.jpg\" alt=\"Como hacer un newsletter html siempre legible y responsivo en cualquier cliente de email\" width=\"853\" height=\"460\" \/><br \/>Mire este video en YouTube<\/a><\/noscript><meta itemprop=\"description\" content=\"Como hacer un newsletter html siempre legible y responsivo en cualquier cliente de email\"><\/div><\/div><div class=\"lL\" style=\"max-width:100%;width:853px;margin:5px;\"><\/div>\n<div class=\"ms-video-button hide\">\n  <!--a href=\"https:\/\/www.youtube.com\/embed\/l0EjRjn0lf8?rel=0&autoplay=1\" data-featherlight=\"iframe\" data-featherlight-iframe-width=\"800\" data-featherlight-iframe-height=\"610\" data-featherlight-iframe-frameborder=\"0\" data-featherlight-iframe-allow=\"autoplay; encrypted-media\" data-featherlight-iframe-allowfullscreen=\"true\" title=\"Reproducir el video tutorial\">Reproducir el video tutorial <i class=\"fa fa-play-circle fa-2x\"><\/i><\/a-->\n\t<a href=\"https:\/\/www.youtube.com\/embed\/l0EjRjn0lf8\" rel=\"ilightbox\" data-options=\"width:800, height:610\" title=\"Reproducir el video tutorial\">Reproducir el video tutorial <i class=\"fa fa-play-circle fa-2x\"><\/i><\/a>\n<\/div>\n<p>&nbsp;<\/p>\n<h2 style=\"font-size: 20px !important; margin-bottom: 10px;\">MailStyler 2 &#8211; Su plantilla de bolet\u00edn en 3 minutos&#8230;<\/h2>\n<div class=\"lyte-wrapper\" title=\"MailStyler 2 - Your newsletter template in 3 minutes...\" style=\"width:853px;max-width:100%;margin:5px;\"><div class=\"lyMe\" id=\"WYL_aZJYdV6Szi0\" itemprop=\"video\" itemscope itemtype=\"https:\/\/schema.org\/VideoObject\"><div><meta itemprop=\"thumbnailUrl\" content=\"https:\/\/www.newslettercreator.com\/wp-content\/plugins\/wp-youtube-lyte\/lyteCache.php?origThumbUrl=https%3A%2F%2Fi.ytimg.com%2Fvi%2FaZJYdV6Szi0%2Fhqdefault.jpg\" \/><meta itemprop=\"embedURL\" content=\"https:\/\/www.youtube.com\/embed\/aZJYdV6Szi0\" \/><meta itemprop=\"duration\" content=\"PT3M12S\" \/><meta itemprop=\"uploadDate\" content=\"2017-07-05T13:25:09Z\" \/><\/div><div id=\"lyte_aZJYdV6Szi0\" data-src=\"https:\/\/www.newslettercreator.com\/wp-content\/plugins\/wp-youtube-lyte\/lyteCache.php?origThumbUrl=https%3A%2F%2Fi.ytimg.com%2Fvi%2FaZJYdV6Szi0%2Fhqdefault.jpg\" class=\"pL\"><div class=\"tC\"><div class=\"tT\" itemprop=\"name\">MailStyler 2 - Your newsletter template in 3 minutes...<\/div><\/div><div class=\"play\"><\/div><div class=\"ctrl\"><div class=\"Lctrl\"><\/div><div class=\"Rctrl\"><\/div><\/div><\/div><noscript><a href=\"https:\/\/youtu.be\/aZJYdV6Szi0\" rel=\"nofollow\"><img decoding=\"async\" src=\"https:\/\/www.newslettercreator.com\/wp-content\/plugins\/wp-youtube-lyte\/lyteCache.php?origThumbUrl=https%3A%2F%2Fi.ytimg.com%2Fvi%2FaZJYdV6Szi0%2F0.jpg\" alt=\"MailStyler 2 - Your newsletter template in 3 minutes...\" width=\"853\" height=\"460\" \/><br \/>Mire este video en YouTube<\/a><\/noscript><meta itemprop=\"description\" content=\"MailStyler 2 it&#039;s a revolution in the world of newsletters. Thanks to our editor\u2019s dynamic drag-and-drop interaction, you can create a newsletter that\u2019s always readable and responsive on any mail client. Feel the power of professional software with a very simple interface, intuitive even for non-experts. Download and start to create now: http:\/\/www.newslettercreator.com\/\"><\/div><\/div><div class=\"lL\" style=\"max-width:100%;width:853px;margin:5px;\"><\/div>\n<div class=\"ms-video-button hide\">\n  <!--a href=\"https:\/\/www.youtube.com\/embed\/aZJYdV6Szi0?rel=0&autoplay=1\" data-featherlight=\"iframe\" data-featherlight-iframe-width=\"800\" data-featherlight-iframe-height=\"610\" data-featherlight-iframe-frameborder=\"0\" data-featherlight-iframe-allow=\"autoplay; encrypted-media\" data-featherlight-iframe-allowfullscreen=\"true\" title=\"Reproducir el video tutorial\">Reproducir el video tutorial <i class=\"fa fa-play-circle fa-2x\"><\/i><\/a-->\n\t<a href=\"https:\/\/www.youtube.com\/embed\/aZJYdV6Szi0\" rel=\"ilightbox\" data-options=\"width:800, height:610\" title=\"Reproducir el video tutorial\">Reproducir el video tutorial <i class=\"fa fa-play-circle fa-2x\"><\/i><\/a>\n<\/div>\n<p>&nbsp;<\/p>\n<h2 style=\"font-size: 20px !important; margin-bottom: 10px;\">C\u00f3mo Escribir L\u00edneas de Asunto Que Generen Resultados<\/h2>\n<div class=\"lyte-wrapper\" title=\"C&oacute;mo Escribir L&iacute;neas de Asunto Que Generen Resultados\" style=\"width:853px;max-width:100%;margin:5px;\"><div class=\"lyMe\" id=\"WYL_HQYeTrOMdtk\" itemprop=\"video\" itemscope itemtype=\"https:\/\/schema.org\/VideoObject\"><div><meta itemprop=\"thumbnailUrl\" content=\"https:\/\/www.newslettercreator.com\/wp-content\/plugins\/wp-youtube-lyte\/lyteCache.php?origThumbUrl=https%3A%2F%2Fi.ytimg.com%2Fvi%2FHQYeTrOMdtk%2Fhqdefault.jpg\" \/><meta itemprop=\"embedURL\" content=\"https:\/\/www.youtube.com\/embed\/HQYeTrOMdtk\" \/><meta itemprop=\"duration\" content=\"PT1M24S\" \/><meta itemprop=\"uploadDate\" content=\"2018-12-18T07:28:29Z\" \/><\/div><div id=\"lyte_HQYeTrOMdtk\" data-src=\"https:\/\/www.newslettercreator.com\/wp-content\/plugins\/wp-youtube-lyte\/lyteCache.php?origThumbUrl=https%3A%2F%2Fi.ytimg.com%2Fvi%2FHQYeTrOMdtk%2Fhqdefault.jpg\" class=\"pL\"><div class=\"tC\"><div class=\"tT\" itemprop=\"name\">C\u00f3mo Escribir L\u00edneas de Asunto Que Generen Resultados<\/div><\/div><div class=\"play\"><\/div><div class=\"ctrl\"><div class=\"Lctrl\"><\/div><div class=\"Rctrl\"><\/div><\/div><\/div><noscript><a href=\"https:\/\/youtu.be\/HQYeTrOMdtk\" rel=\"nofollow\"><img decoding=\"async\" src=\"https:\/\/www.newslettercreator.com\/wp-content\/plugins\/wp-youtube-lyte\/lyteCache.php?origThumbUrl=https%3A%2F%2Fi.ytimg.com%2Fvi%2FHQYeTrOMdtk%2F0.jpg\" alt=\"C&oacute;mo Escribir L&iacute;neas de Asunto Que Generen Resultados\" width=\"853\" height=\"460\" \/><br \/>Mire este video en YouTube<\/a><\/noscript><meta itemprop=\"description\" content=\"La l\u00ednea de asunto y pre cabecera de su correo electr\u00f3nico determinar\u00e1 si alguien leer\u00e1 su mensaje o no. Ver video tutorial\"><\/div><\/div><div class=\"lL\" style=\"max-width:100%;width:853px;margin:5px;\"><\/div>\n<div class=\"ms-video-button hide\">\n  <!--a href=\"https:\/\/www.youtube.com\/embed\/HQYeTrOMdtk?rel=0&autoplay=1\" data-featherlight=\"iframe\" data-featherlight-iframe-width=\"800\" data-featherlight-iframe-height=\"610\" data-featherlight-iframe-frameborder=\"0\" data-featherlight-iframe-allow=\"autoplay; encrypted-media\" data-featherlight-iframe-allowfullscreen=\"true\" title=\"Reproducir el video tutorial\">Reproducir el video tutorial <i class=\"fa fa-play-circle fa-2x\"><\/i><\/a-->\n\t<a href=\"https:\/\/www.youtube.com\/embed\/HQYeTrOMdtk\" rel=\"ilightbox\" data-options=\"width:800, height:610\" title=\"Reproducir el video tutorial\">Reproducir el video tutorial <i class=\"fa fa-play-circle fa-2x\"><\/i><\/a>\n<\/div>\n","protected":false},"excerpt":{"rendered":"<p>C\u00f3mo crear un newsletter html responsivo con plantillas gratuitas en un minuto &nbsp; Como hacer un newsletter html siempre legible y responsivo en cualquier cliente de email &nbsp; MailStyler 2 &#8211; Su plantilla de bolet\u00edn en 3 minutos&#8230; &nbsp; C\u00f3mo Escribir L\u00edneas de Asunto Que Generen Resultados<\/p>\n","protected":false},"author":1,"featured_media":0,"parent":0,"menu_order":0,"comment_status":"closed","ping_status":"closed","template":"g1_template_page_sidebar_right.php","meta":{"inline_featured_image":false,"_monsterinsights_skip_tracking":false,"_monsterinsights_sitenote_active":false,"_monsterinsights_sitenote_note":"","_monsterinsights_sitenote_category":0,"footnotes":""},"class_list":["post-2582","page","type-page","status-publish"],"yoast_head":"<!-- This site is optimized with the Yoast SEO plugin v25.2 - https:\/\/yoast.com\/wordpress\/plugins\/seo\/ -->\n<title>Videos - Newsletter Creator<\/title>\n<meta name=\"robots\" content=\"index, follow, max-snippet:-1, max-image-preview:large, max-video-preview:-1\" \/>\n<link rel=\"canonical\" href=\"https:\/\/www.newslettercreator.com\/es\/videos-es\/\" \/>\n<meta property=\"og:locale\" content=\"es_ES\" \/>\n<meta property=\"og:type\" content=\"article\" \/>\n<meta property=\"og:title\" content=\"Videos - Newsletter Creator\" \/>\n<meta property=\"og:description\" content=\"C\u00f3mo crear un newsletter html responsivo con plantillas gratuitas en un minuto &nbsp; Como hacer un newsletter html siempre legible y responsivo en cualquier cliente de email &nbsp; MailStyler 2 &#8211; Su plantilla de bolet\u00edn en 3 minutos&#8230; &nbsp; C\u00f3mo Escribir L\u00edneas de Asunto Que Generen Resultados\" \/>\n<meta property=\"og:url\" content=\"https:\/\/www.newslettercreator.com\/es\/videos-es\/\" \/>\n<meta property=\"og:site_name\" content=\"Newsletter Creator\" \/>\n<meta property=\"article:modified_time\" content=\"2021-05-26T09:15:04+00:00\" \/>\n<script type=\"application\/ld+json\" class=\"yoast-schema-graph\">{\"@context\":\"https:\/\/schema.org\",\"@graph\":[{\"@type\":\"WebPage\",\"@id\":\"https:\/\/www.newslettercreator.com\/es\/videos-es\/\",\"url\":\"https:\/\/www.newslettercreator.com\/es\/videos-es\/\",\"name\":\"Videos - Newsletter Creator\",\"isPartOf\":{\"@id\":\"https:\/\/www.newslettercreator.com\/#website\"},\"datePublished\":\"2014-12-23T14:17:30+00:00\",\"dateModified\":\"2021-05-26T09:15:04+00:00\",\"breadcrumb\":{\"@id\":\"https:\/\/www.newslettercreator.com\/es\/videos-es\/#breadcrumb\"},\"inLanguage\":\"es\",\"potentialAction\":[{\"@type\":\"ReadAction\",\"target\":[\"https:\/\/www.newslettercreator.com\/es\/videos-es\/\"]}]},{\"@type\":\"BreadcrumbList\",\"@id\":\"https:\/\/www.newslettercreator.com\/es\/videos-es\/#breadcrumb\",\"itemListElement\":[{\"@type\":\"ListItem\",\"position\":1,\"name\":\"Home\",\"item\":\"https:\/\/www.newslettercreator.com\/es\/\"},{\"@type\":\"ListItem\",\"position\":2,\"name\":\"Videos\"}]},{\"@type\":\"WebSite\",\"@id\":\"https:\/\/www.newslettercreator.com\/#website\",\"url\":\"https:\/\/www.newslettercreator.com\/\",\"name\":\"Newsletter Creator\",\"description\":\"Pay off\",\"potentialAction\":[{\"@type\":\"SearchAction\",\"target\":{\"@type\":\"EntryPoint\",\"urlTemplate\":\"https:\/\/www.newslettercreator.com\/?s={search_term_string}\"},\"query-input\":{\"@type\":\"PropertyValueSpecification\",\"valueRequired\":true,\"valueName\":\"search_term_string\"}}],\"inLanguage\":\"es\"}]}<\/script>\n<!-- \/ Yoast SEO plugin. -->","yoast_head_json":{"title":"Videos - Newsletter Creator","robots":{"index":"index","follow":"follow","max-snippet":"max-snippet:-1","max-image-preview":"max-image-preview:large","max-video-preview":"max-video-preview:-1"},"canonical":"https:\/\/www.newslettercreator.com\/es\/videos-es\/","og_locale":"es_ES","og_type":"article","og_title":"Videos - Newsletter Creator","og_description":"C\u00f3mo crear un newsletter html responsivo con plantillas gratuitas en un minuto &nbsp; Como hacer un newsletter html siempre legible y responsivo en cualquier cliente de email &nbsp; MailStyler 2 &#8211; Su plantilla de bolet\u00edn en 3 minutos&#8230; &nbsp; C\u00f3mo Escribir L\u00edneas de Asunto Que Generen Resultados","og_url":"https:\/\/www.newslettercreator.com\/es\/videos-es\/","og_site_name":"Newsletter Creator","article_modified_time":"2021-05-26T09:15:04+00:00","schema":{"@context":"https:\/\/schema.org","@graph":[{"@type":"WebPage","@id":"https:\/\/www.newslettercreator.com\/es\/videos-es\/","url":"https:\/\/www.newslettercreator.com\/es\/videos-es\/","name":"Videos - Newsletter Creator","isPartOf":{"@id":"https:\/\/www.newslettercreator.com\/#website"},"datePublished":"2014-12-23T14:17:30+00:00","dateModified":"2021-05-26T09:15:04+00:00","breadcrumb":{"@id":"https:\/\/www.newslettercreator.com\/es\/videos-es\/#breadcrumb"},"inLanguage":"es","potentialAction":[{"@type":"ReadAction","target":["https:\/\/www.newslettercreator.com\/es\/videos-es\/"]}]},{"@type":"BreadcrumbList","@id":"https:\/\/www.newslettercreator.com\/es\/videos-es\/#breadcrumb","itemListElement":[{"@type":"ListItem","position":1,"name":"Home","item":"https:\/\/www.newslettercreator.com\/es\/"},{"@type":"ListItem","position":2,"name":"Videos"}]},{"@type":"WebSite","@id":"https:\/\/www.newslettercreator.com\/#website","url":"https:\/\/www.newslettercreator.com\/","name":"Newsletter Creator","description":"Pay off","potentialAction":[{"@type":"SearchAction","target":{"@type":"EntryPoint","urlTemplate":"https:\/\/www.newslettercreator.com\/?s={search_term_string}"},"query-input":{"@type":"PropertyValueSpecification","valueRequired":true,"valueName":"search_term_string"}}],"inLanguage":"es"}]}},"_links":{"self":[{"href":"https:\/\/www.newslettercreator.com\/es\/wp-json\/wp\/v2\/pages\/2582","targetHints":{"allow":["GET"]}}],"collection":[{"href":"https:\/\/www.newslettercreator.com\/es\/wp-json\/wp\/v2\/pages"}],"about":[{"href":"https:\/\/www.newslettercreator.com\/es\/wp-json\/wp\/v2\/types\/page"}],"author":[{"embeddable":true,"href":"https:\/\/www.newslettercreator.com\/es\/wp-json\/wp\/v2\/users\/1"}],"replies":[{"embeddable":true,"href":"https:\/\/www.newslettercreator.com\/es\/wp-json\/wp\/v2\/comments?post=2582"}],"version-history":[{"count":7,"href":"https:\/\/www.newslettercreator.com\/es\/wp-json\/wp\/v2\/pages\/2582\/revisions"}],"predecessor-version":[{"id":10161,"href":"https:\/\/www.newslettercreator.com\/es\/wp-json\/wp\/v2\/pages\/2582\/revisions\/10161"}],"wp:attachment":[{"href":"https:\/\/www.newslettercreator.com\/es\/wp-json\/wp\/v2\/media?parent=2582"}],"curies":[{"name":"wp","href":"https:\/\/api.w.org\/{rel}","templated":true}]}}