{"id":3445,"date":"2015-05-14T12:42:55","date_gmt":"2015-05-14T12:42:55","guid":{"rendered":"http:\/\/www.newslettercreator.com\/?page_id=3445"},"modified":"2015-05-15T09:17:01","modified_gmt":"2015-05-15T09:17:01","slug":"diseno-de-newsletter","status":"publish","type":"page","link":"https:\/\/www.newslettercreator.com\/es\/diseno-de-newsletter\/","title":{"rendered":"Dise\u00f1o de newsletter"},"content":{"rendered":"<p>Los consejos m\u00e1s recientes e interesantes sobre la creaci\u00f3n de emails, para otorgar a su newsletter un aspect innovador.<\/p>\n<p>&nbsp;<\/p>\n<div id=\"g1-box-counter-1\" class=\"g1-box g1-box--solid  g1-box--noicon\" ><div class=\"g1-box__inner\">\n<h3><a href=\"\/es\/como-obtener-el-mejor-diseno-para-su-newsletter\/\" title=\"C\u00f3mo obtener el mejor dise\u00f1o para su newsletter\">C\u00f3mo obtener el mejor dise\u00f1o para su newsletter<\/a><\/h3>\n<p>Existen muchas buenas sugerencias sobre c\u00f3mo dise\u00f1ar el mejor newsletter para sus necesidades.<br \/>\n<\/div><\/div>\n<div id=\"g1-box-counter-2\" class=\"g1-box g1-box--solid  g1-box--noicon\" ><div class=\"g1-box__inner\">\n<h3><a href=\"\/es\/como-crear-una-plantilla-de-newsletter\/\" title=\"C\u00f3mo crear una plantilla de newsletter\">C\u00f3mo crear una plantilla de newsletter<\/a><\/h3>\n<p>D\u00f3nde comenzar cuando se trata de crear una plantilla de newsletter? Cu\u00e1les son los requerimientos t\u00e9cnicos?<br \/>\n<\/div><\/div>\n<div id=\"g1-box-counter-3\" class=\"g1-box g1-box--solid  g1-box--noicon\" ><div class=\"g1-box__inner\">\n<h3><a href=\"\/es\/como-disenar-una-plantilla-de-email-html\/\" title=\"C\u00f3mo dise\u00f1ar una plantilla de email HTML\">C\u00f3mo dise\u00f1ar una plantilla de email HTML<\/a><\/h3>\n<p>Es posible dise\u00f1ar su propio newsletter HTML sin ning\u00fan conocimiento de HTML en s\u00ed? Si lo es.<br \/>\n<\/div><\/div>\n","protected":false},"excerpt":{"rendered":"<p>Los consejos m\u00e1s recientes e interesantes sobre la creaci\u00f3n de emails, para otorgar a su newsletter un aspect innovador. &nbsp;<\/p>\n","protected":false},"author":1,"featured_media":0,"parent":0,"menu_order":0,"comment_status":"closed","ping_status":"closed","template":"g1_template_page_sidebar_right.php","meta":{"inline_featured_image":false,"_monsterinsights_skip_tracking":false,"_monsterinsights_sitenote_active":false,"_monsterinsights_sitenote_note":"","_monsterinsights_sitenote_category":0,"footnotes":""},"class_list":["post-3445","page","type-page","status-publish"],"yoast_head":"<!-- This site is optimized with the Yoast SEO plugin v25.2 - https:\/\/yoast.com\/wordpress\/plugins\/seo\/ -->\n<title>Dise\u00f1o de newsletter - Newsletter Creator<\/title>\n<meta name=\"robots\" content=\"index, follow, max-snippet:-1, max-image-preview:large, max-video-preview:-1\" \/>\n<link rel=\"canonical\" href=\"https:\/\/www.newslettercreator.com\/es\/diseno-de-newsletter\/\" \/>\n<meta property=\"og:locale\" content=\"es_ES\" \/>\n<meta property=\"og:type\" content=\"article\" \/>\n<meta property=\"og:title\" content=\"Dise\u00f1o de newsletter - Newsletter Creator\" \/>\n<meta property=\"og:description\" content=\"Los consejos m\u00e1s recientes e interesantes sobre la creaci\u00f3n de emails, para otorgar a su newsletter un aspect innovador. &nbsp;\" \/>\n<meta property=\"og:url\" content=\"https:\/\/www.newslettercreator.com\/es\/diseno-de-newsletter\/\" \/>\n<meta property=\"og:site_name\" content=\"Newsletter Creator\" \/>\n<meta property=\"article:modified_time\" content=\"2015-05-15T09:17:01+00:00\" \/>\n<meta name=\"twitter:label1\" content=\"Tiempo de lectura\" \/>\n\t<meta name=\"twitter:data1\" content=\"1 minuto\" \/>\n<script type=\"application\/ld+json\" class=\"yoast-schema-graph\">{\"@context\":\"https:\/\/schema.org\",\"@graph\":[{\"@type\":\"WebPage\",\"@id\":\"https:\/\/www.newslettercreator.com\/es\/diseno-de-newsletter\/\",\"url\":\"https:\/\/www.newslettercreator.com\/es\/diseno-de-newsletter\/\",\"name\":\"Dise\u00f1o de newsletter - Newsletter Creator\",\"isPartOf\":{\"@id\":\"https:\/\/www.newslettercreator.com\/#website\"},\"datePublished\":\"2015-05-14T12:42:55+00:00\",\"dateModified\":\"2015-05-15T09:17:01+00:00\",\"breadcrumb\":{\"@id\":\"https:\/\/www.newslettercreator.com\/es\/diseno-de-newsletter\/#breadcrumb\"},\"inLanguage\":\"es\",\"potentialAction\":[{\"@type\":\"ReadAction\",\"target\":[\"https:\/\/www.newslettercreator.com\/es\/diseno-de-newsletter\/\"]}]},{\"@type\":\"BreadcrumbList\",\"@id\":\"https:\/\/www.newslettercreator.com\/es\/diseno-de-newsletter\/#breadcrumb\",\"itemListElement\":[{\"@type\":\"ListItem\",\"position\":1,\"name\":\"Home\",\"item\":\"https:\/\/www.newslettercreator.com\/es\/\"},{\"@type\":\"ListItem\",\"position\":2,\"name\":\"Dise\u00f1o de newsletter\"}]},{\"@type\":\"WebSite\",\"@id\":\"https:\/\/www.newslettercreator.com\/#website\",\"url\":\"https:\/\/www.newslettercreator.com\/\",\"name\":\"Newsletter Creator\",\"description\":\"Pay off\",\"potentialAction\":[{\"@type\":\"SearchAction\",\"target\":{\"@type\":\"EntryPoint\",\"urlTemplate\":\"https:\/\/www.newslettercreator.com\/?s={search_term_string}\"},\"query-input\":{\"@type\":\"PropertyValueSpecification\",\"valueRequired\":true,\"valueName\":\"search_term_string\"}}],\"inLanguage\":\"es\"}]}<\/script>\n<!-- \/ Yoast SEO plugin. -->","yoast_head_json":{"title":"Dise\u00f1o de newsletter - Newsletter Creator","robots":{"index":"index","follow":"follow","max-snippet":"max-snippet:-1","max-image-preview":"max-image-preview:large","max-video-preview":"max-video-preview:-1"},"canonical":"https:\/\/www.newslettercreator.com\/es\/diseno-de-newsletter\/","og_locale":"es_ES","og_type":"article","og_title":"Dise\u00f1o de newsletter - Newsletter Creator","og_description":"Los consejos m\u00e1s recientes e interesantes sobre la creaci\u00f3n de emails, para otorgar a su newsletter un aspect innovador. &nbsp;","og_url":"https:\/\/www.newslettercreator.com\/es\/diseno-de-newsletter\/","og_site_name":"Newsletter Creator","article_modified_time":"2015-05-15T09:17:01+00:00","twitter_misc":{"Tiempo de lectura":"1 minuto"},"schema":{"@context":"https:\/\/schema.org","@graph":[{"@type":"WebPage","@id":"https:\/\/www.newslettercreator.com\/es\/diseno-de-newsletter\/","url":"https:\/\/www.newslettercreator.com\/es\/diseno-de-newsletter\/","name":"Dise\u00f1o de newsletter - Newsletter Creator","isPartOf":{"@id":"https:\/\/www.newslettercreator.com\/#website"},"datePublished":"2015-05-14T12:42:55+00:00","dateModified":"2015-05-15T09:17:01+00:00","breadcrumb":{"@id":"https:\/\/www.newslettercreator.com\/es\/diseno-de-newsletter\/#breadcrumb"},"inLanguage":"es","potentialAction":[{"@type":"ReadAction","target":["https:\/\/www.newslettercreator.com\/es\/diseno-de-newsletter\/"]}]},{"@type":"BreadcrumbList","@id":"https:\/\/www.newslettercreator.com\/es\/diseno-de-newsletter\/#breadcrumb","itemListElement":[{"@type":"ListItem","position":1,"name":"Home","item":"https:\/\/www.newslettercreator.com\/es\/"},{"@type":"ListItem","position":2,"name":"Dise\u00f1o de newsletter"}]},{"@type":"WebSite","@id":"https:\/\/www.newslettercreator.com\/#website","url":"https:\/\/www.newslettercreator.com\/","name":"Newsletter Creator","description":"Pay off","potentialAction":[{"@type":"SearchAction","target":{"@type":"EntryPoint","urlTemplate":"https:\/\/www.newslettercreator.com\/?s={search_term_string}"},"query-input":{"@type":"PropertyValueSpecification","valueRequired":true,"valueName":"search_term_string"}}],"inLanguage":"es"}]}},"_links":{"self":[{"href":"https:\/\/www.newslettercreator.com\/es\/wp-json\/wp\/v2\/pages\/3445","targetHints":{"allow":["GET"]}}],"collection":[{"href":"https:\/\/www.newslettercreator.com\/es\/wp-json\/wp\/v2\/pages"}],"about":[{"href":"https:\/\/www.newslettercreator.com\/es\/wp-json\/wp\/v2\/types\/page"}],"author":[{"embeddable":true,"href":"https:\/\/www.newslettercreator.com\/es\/wp-json\/wp\/v2\/users\/1"}],"replies":[{"embeddable":true,"href":"https:\/\/www.newslettercreator.com\/es\/wp-json\/wp\/v2\/comments?post=3445"}],"version-history":[{"count":3,"href":"https:\/\/www.newslettercreator.com\/es\/wp-json\/wp\/v2\/pages\/3445\/revisions"}],"predecessor-version":[{"id":3513,"href":"https:\/\/www.newslettercreator.com\/es\/wp-json\/wp\/v2\/pages\/3445\/revisions\/3513"}],"wp:attachment":[{"href":"https:\/\/www.newslettercreator.com\/es\/wp-json\/wp\/v2\/media?parent=3445"}],"curies":[{"name":"wp","href":"https:\/\/api.w.org\/{rel}","templated":true}]}}