{"id":3449,"date":"2015-05-14T12:45:31","date_gmt":"2015-05-14T12:45:31","guid":{"rendered":"http:\/\/www.newslettercreator.com\/?page_id=3449"},"modified":"2018-12-14T14:51:36","modified_gmt":"2018-12-14T14:51:36","slug":"creacion-de-newsletters","status":"publish","type":"page","link":"https:\/\/www.newslettercreator.com\/es\/creacion-de-newsletters\/","title":{"rendered":"Creaci\u00f3n de newsletters"},"content":{"rendered":"<p>El arte de la creaci\u00f3n de emails require un flujo constant de buenas ideas para generar resultados y evitar aburrir a los usuarios. Aqu\u00ed encontrar\u00e1 algunas.<\/p>\n<p>&nbsp;<\/p>\n<div id=\"g1-box-counter-1\" class=\"g1-box g1-box--solid  g1-box--noicon\" ><div class=\"g1-box__inner\">\n<h3><a href=\"\/es\/como-escribir-lineas-de-asunto-que-generen-resultados\/\" title=\"C\u00f3mo Escribir L\u00edneas de Asunto Que Generen Resultados\">C\u00f3mo Escribir L\u00edneas de Asunto Que Generen Resultados<\/a><\/h3>\n<p>Escuchamos mucho sobre el marketing en redes sociales en general, y anuncios en Facebook en particular, pero a pesar de todas&#8230;<br \/>\n<\/div><\/div>\n<div id=\"g1-box-counter-2\" class=\"g1-box g1-box--solid  g1-box--noicon\" ><div class=\"g1-box__inner\">\n<h3><a href=\"\/es\/como-hacer-un-newsletter\/\" title=\"C\u00f3mo hacer un newsletter\">C\u00f3mo hacer un newsletter<\/a><\/h3>\n<p>Un newsletter o email masivo constituye un medio de comunicaci\u00f3n y marketing extraordinario, y una de las mejores formas&#8230;<br \/>\n<\/div><\/div>\n<div id=\"g1-box-counter-3\" class=\"g1-box g1-box--solid  g1-box--noicon\" ><div class=\"g1-box__inner\">\n<h3><a href=\"\/es\/como-crear-una-plantilla-de-email\/\" title=\"C\u00f3mo crear una plantilla de email\">C\u00f3mo crear una plantilla de email<\/a><\/h3>\n<p>Una de las tareas m\u00e1s demandantes en cualquier campa\u00f1a de marketing por email consiste en crear una plantilla de email apropiada.<br \/>\n<\/div><\/div>\n<div id=\"g1-box-counter-4\" class=\"g1-box g1-box--solid  g1-box--noicon\" ><div class=\"g1-box__inner\">\n<h3><a href=\"\/es\/creacion-de-un-newsletter-con-microsoft-word-como-funciona\/\" title=\"Creaci\u00f3n de un newsletter con Microsoft Word: c\u00f3mo funciona?\">Creaci\u00f3n de un newsletter con Microsoft Word: c\u00f3mo funciona?<\/a><\/h3>\n<p>Es posible crear su newsletter utilizando Microsoft Word. Y a primera vista parece bastante f\u00e1cil.<br \/>\n<\/div><\/div>\n<div id=\"g1-box-counter-5\" class=\"g1-box g1-box--solid  g1-box--noicon\" ><div class=\"g1-box__inner\">\n<h3><a href=\"\/es\/como-hacer-un-boletin-efectivo\/\" title=\"C\u00f3mo hacer un bolet\u00edn efectivo\">C\u00f3mo hacer un bolet\u00edn efectivo<\/a><\/h3>\n<p>Construir una plantilla de bolet\u00edn atractiva y efectiva es esencial para construir una relaci\u00f3n digital con sus clientes.<br \/>\n<\/div><\/div>\n","protected":false},"excerpt":{"rendered":"<p>El arte de la creaci\u00f3n de emails require un flujo constant de buenas ideas para generar resultados y evitar aburrir a los usuarios. Aqu\u00ed encontrar\u00e1 algunas. &nbsp;<\/p>\n","protected":false},"author":1,"featured_media":0,"parent":0,"menu_order":0,"comment_status":"closed","ping_status":"closed","template":"g1_template_page_sidebar_right.php","meta":{"inline_featured_image":false,"_monsterinsights_skip_tracking":false,"_monsterinsights_sitenote_active":false,"_monsterinsights_sitenote_note":"","_monsterinsights_sitenote_category":0,"footnotes":""},"class_list":["post-3449","page","type-page","status-publish"],"yoast_head":"<!-- This site is optimized with the Yoast SEO plugin v25.2 - https:\/\/yoast.com\/wordpress\/plugins\/seo\/ -->\n<title>Creaci\u00f3n de newsletters - Newsletter Creator<\/title>\n<meta name=\"robots\" content=\"index, follow, max-snippet:-1, max-image-preview:large, max-video-preview:-1\" \/>\n<link rel=\"canonical\" href=\"https:\/\/www.newslettercreator.com\/es\/creacion-de-newsletters\/\" \/>\n<meta property=\"og:locale\" content=\"es_ES\" \/>\n<meta property=\"og:type\" content=\"article\" \/>\n<meta property=\"og:title\" content=\"Creaci\u00f3n de newsletters - Newsletter Creator\" \/>\n<meta property=\"og:description\" content=\"El arte de la creaci\u00f3n de emails require un flujo constant de buenas ideas para generar resultados y evitar aburrir a los usuarios. Aqu\u00ed encontrar\u00e1 algunas. &nbsp;\" \/>\n<meta property=\"og:url\" content=\"https:\/\/www.newslettercreator.com\/es\/creacion-de-newsletters\/\" \/>\n<meta property=\"og:site_name\" content=\"Newsletter Creator\" \/>\n<meta property=\"article:modified_time\" content=\"2018-12-14T14:51:36+00:00\" \/>\n<meta name=\"twitter:label1\" content=\"Tiempo de lectura\" \/>\n\t<meta name=\"twitter:data1\" content=\"1 minuto\" \/>\n<script type=\"application\/ld+json\" class=\"yoast-schema-graph\">{\"@context\":\"https:\/\/schema.org\",\"@graph\":[{\"@type\":\"WebPage\",\"@id\":\"https:\/\/www.newslettercreator.com\/es\/creacion-de-newsletters\/\",\"url\":\"https:\/\/www.newslettercreator.com\/es\/creacion-de-newsletters\/\",\"name\":\"Creaci\u00f3n de newsletters - Newsletter Creator\",\"isPartOf\":{\"@id\":\"https:\/\/www.newslettercreator.com\/#website\"},\"datePublished\":\"2015-05-14T12:45:31+00:00\",\"dateModified\":\"2018-12-14T14:51:36+00:00\",\"breadcrumb\":{\"@id\":\"https:\/\/www.newslettercreator.com\/es\/creacion-de-newsletters\/#breadcrumb\"},\"inLanguage\":\"es\",\"potentialAction\":[{\"@type\":\"ReadAction\",\"target\":[\"https:\/\/www.newslettercreator.com\/es\/creacion-de-newsletters\/\"]}]},{\"@type\":\"BreadcrumbList\",\"@id\":\"https:\/\/www.newslettercreator.com\/es\/creacion-de-newsletters\/#breadcrumb\",\"itemListElement\":[{\"@type\":\"ListItem\",\"position\":1,\"name\":\"Home\",\"item\":\"https:\/\/www.newslettercreator.com\/es\/\"},{\"@type\":\"ListItem\",\"position\":2,\"name\":\"Creaci\u00f3n de newsletters\"}]},{\"@type\":\"WebSite\",\"@id\":\"https:\/\/www.newslettercreator.com\/#website\",\"url\":\"https:\/\/www.newslettercreator.com\/\",\"name\":\"Newsletter Creator\",\"description\":\"Pay off\",\"potentialAction\":[{\"@type\":\"SearchAction\",\"target\":{\"@type\":\"EntryPoint\",\"urlTemplate\":\"https:\/\/www.newslettercreator.com\/?s={search_term_string}\"},\"query-input\":{\"@type\":\"PropertyValueSpecification\",\"valueRequired\":true,\"valueName\":\"search_term_string\"}}],\"inLanguage\":\"es\"}]}<\/script>\n<!-- \/ Yoast SEO plugin. -->","yoast_head_json":{"title":"Creaci\u00f3n de newsletters - Newsletter Creator","robots":{"index":"index","follow":"follow","max-snippet":"max-snippet:-1","max-image-preview":"max-image-preview:large","max-video-preview":"max-video-preview:-1"},"canonical":"https:\/\/www.newslettercreator.com\/es\/creacion-de-newsletters\/","og_locale":"es_ES","og_type":"article","og_title":"Creaci\u00f3n de newsletters - Newsletter Creator","og_description":"El arte de la creaci\u00f3n de emails require un flujo constant de buenas ideas para generar resultados y evitar aburrir a los usuarios. Aqu\u00ed encontrar\u00e1 algunas. &nbsp;","og_url":"https:\/\/www.newslettercreator.com\/es\/creacion-de-newsletters\/","og_site_name":"Newsletter Creator","article_modified_time":"2018-12-14T14:51:36+00:00","twitter_misc":{"Tiempo de lectura":"1 minuto"},"schema":{"@context":"https:\/\/schema.org","@graph":[{"@type":"WebPage","@id":"https:\/\/www.newslettercreator.com\/es\/creacion-de-newsletters\/","url":"https:\/\/www.newslettercreator.com\/es\/creacion-de-newsletters\/","name":"Creaci\u00f3n de newsletters - Newsletter Creator","isPartOf":{"@id":"https:\/\/www.newslettercreator.com\/#website"},"datePublished":"2015-05-14T12:45:31+00:00","dateModified":"2018-12-14T14:51:36+00:00","breadcrumb":{"@id":"https:\/\/www.newslettercreator.com\/es\/creacion-de-newsletters\/#breadcrumb"},"inLanguage":"es","potentialAction":[{"@type":"ReadAction","target":["https:\/\/www.newslettercreator.com\/es\/creacion-de-newsletters\/"]}]},{"@type":"BreadcrumbList","@id":"https:\/\/www.newslettercreator.com\/es\/creacion-de-newsletters\/#breadcrumb","itemListElement":[{"@type":"ListItem","position":1,"name":"Home","item":"https:\/\/www.newslettercreator.com\/es\/"},{"@type":"ListItem","position":2,"name":"Creaci\u00f3n de newsletters"}]},{"@type":"WebSite","@id":"https:\/\/www.newslettercreator.com\/#website","url":"https:\/\/www.newslettercreator.com\/","name":"Newsletter Creator","description":"Pay off","potentialAction":[{"@type":"SearchAction","target":{"@type":"EntryPoint","urlTemplate":"https:\/\/www.newslettercreator.com\/?s={search_term_string}"},"query-input":{"@type":"PropertyValueSpecification","valueRequired":true,"valueName":"search_term_string"}}],"inLanguage":"es"}]}},"_links":{"self":[{"href":"https:\/\/www.newslettercreator.com\/es\/wp-json\/wp\/v2\/pages\/3449","targetHints":{"allow":["GET"]}}],"collection":[{"href":"https:\/\/www.newslettercreator.com\/es\/wp-json\/wp\/v2\/pages"}],"about":[{"href":"https:\/\/www.newslettercreator.com\/es\/wp-json\/wp\/v2\/types\/page"}],"author":[{"embeddable":true,"href":"https:\/\/www.newslettercreator.com\/es\/wp-json\/wp\/v2\/users\/1"}],"replies":[{"embeddable":true,"href":"https:\/\/www.newslettercreator.com\/es\/wp-json\/wp\/v2\/comments?post=3449"}],"version-history":[{"count":6,"href":"https:\/\/www.newslettercreator.com\/es\/wp-json\/wp\/v2\/pages\/3449\/revisions"}],"predecessor-version":[{"id":8494,"href":"https:\/\/www.newslettercreator.com\/es\/wp-json\/wp\/v2\/pages\/3449\/revisions\/8494"}],"wp:attachment":[{"href":"https:\/\/www.newslettercreator.com\/es\/wp-json\/wp\/v2\/media?parent=3449"}],"curies":[{"name":"wp","href":"https:\/\/api.w.org\/{rel}","templated":true}]}}