{"id":3451,"date":"2015-05-14T12:46:45","date_gmt":"2015-05-14T12:46:45","guid":{"rendered":"http:\/\/www.newslettercreator.com\/?page_id=3451"},"modified":"2015-05-15T07:11:21","modified_gmt":"2015-05-15T07:11:21","slug":"plantillas-de-email-html","status":"publish","type":"page","link":"https:\/\/www.newslettercreator.com\/es\/plantillas-de-email-html\/","title":{"rendered":"Plantillas de email HTML"},"content":{"rendered":"<p>Con MailStyler es extremadamente f\u00e1cil generar dise\u00f1os de email HTML compatibles y efectivos, sin escribir una sola l\u00ednea de c\u00f3digo.<\/p>\n<p>&nbsp;<\/p>\n<div id=\"g1-box-counter-1\" class=\"g1-box g1-box--solid  g1-box--noicon\" ><div class=\"g1-box__inner\">\n<h3><a href=\"\/es\/que-es-una-plantilla-de-email-html\/\" title=\"Qu\u00e9 es una plantilla de email HTML\">Qu\u00e9 es una plantilla de email HTML<\/a><\/h3>\n<p>Una plantilla de email HTML es definitivamente la mejor herramienta para cualquier campa\u00f1a de marketing por email profesional.<br \/>\n<\/div><\/div>\n<div id=\"g1-box-counter-2\" class=\"g1-box g1-box--solid  g1-box--noicon\" ><div class=\"g1-box__inner\">\n<h3><a href=\"\/es\/como-crear-un-newsletter-html\/\" title=\"C\u00f3mo crear un newsletter HTML\">C\u00f3mo crear un newsletter HTML<\/a><\/h3>\n<p>Crear un newsletter HTML puede ser muy desafiante: no s\u00f3lo debido a que requiere capacidades creativas sobresalientes&#8230;<br \/>\n<\/div><\/div>\n<div id=\"g1-box-counter-3\" class=\"g1-box g1-box--solid  g1-box--noicon\" ><div class=\"g1-box__inner\">\n<h3><a href=\"\/es\/como-crear-el-mejor-mensaje-de-email-html\/\" title=\"C\u00f3mo crear el mejor mensaje de email HTML\">C\u00f3mo crear el mejor mensaje de email HTML<\/a><\/h3>\n<p>Sin importar que diga la gente, los emails HTML a\u00fan constituyen una forma impresionante de mantener el contacto con sus clientes&#8230;<br \/>\n<\/div><\/div>\n","protected":false},"excerpt":{"rendered":"<p>Con MailStyler es extremadamente f\u00e1cil generar dise\u00f1os de email HTML compatibles y efectivos, sin escribir una sola l\u00ednea de c\u00f3digo. &nbsp;<\/p>\n","protected":false},"author":1,"featured_media":0,"parent":0,"menu_order":0,"comment_status":"closed","ping_status":"closed","template":"g1_template_page_sidebar_right.php","meta":{"inline_featured_image":false,"_monsterinsights_skip_tracking":false,"_monsterinsights_sitenote_active":false,"_monsterinsights_sitenote_note":"","_monsterinsights_sitenote_category":0,"footnotes":""},"class_list":["post-3451","page","type-page","status-publish"],"yoast_head":"<!-- This site is optimized with the Yoast SEO plugin v25.2 - https:\/\/yoast.com\/wordpress\/plugins\/seo\/ -->\n<title>Plantillas de email HTML - Newsletter Creator<\/title>\n<meta name=\"robots\" content=\"index, follow, max-snippet:-1, max-image-preview:large, max-video-preview:-1\" \/>\n<link rel=\"canonical\" href=\"https:\/\/www.newslettercreator.com\/es\/plantillas-de-email-html\/\" \/>\n<meta property=\"og:locale\" content=\"es_ES\" \/>\n<meta property=\"og:type\" content=\"article\" \/>\n<meta property=\"og:title\" content=\"Plantillas de email HTML - Newsletter Creator\" \/>\n<meta property=\"og:description\" content=\"Con MailStyler es extremadamente f\u00e1cil generar dise\u00f1os de email HTML compatibles y efectivos, sin escribir una sola l\u00ednea de c\u00f3digo. &nbsp;\" \/>\n<meta property=\"og:url\" content=\"https:\/\/www.newslettercreator.com\/es\/plantillas-de-email-html\/\" \/>\n<meta property=\"og:site_name\" content=\"Newsletter Creator\" \/>\n<meta property=\"article:modified_time\" content=\"2015-05-15T07:11:21+00:00\" \/>\n<meta name=\"twitter:label1\" content=\"Tiempo de lectura\" \/>\n\t<meta name=\"twitter:data1\" content=\"1 minuto\" \/>\n<script type=\"application\/ld+json\" class=\"yoast-schema-graph\">{\"@context\":\"https:\/\/schema.org\",\"@graph\":[{\"@type\":\"WebPage\",\"@id\":\"https:\/\/www.newslettercreator.com\/es\/plantillas-de-email-html\/\",\"url\":\"https:\/\/www.newslettercreator.com\/es\/plantillas-de-email-html\/\",\"name\":\"Plantillas de email HTML - Newsletter Creator\",\"isPartOf\":{\"@id\":\"https:\/\/www.newslettercreator.com\/#website\"},\"datePublished\":\"2015-05-14T12:46:45+00:00\",\"dateModified\":\"2015-05-15T07:11:21+00:00\",\"breadcrumb\":{\"@id\":\"https:\/\/www.newslettercreator.com\/es\/plantillas-de-email-html\/#breadcrumb\"},\"inLanguage\":\"es\",\"potentialAction\":[{\"@type\":\"ReadAction\",\"target\":[\"https:\/\/www.newslettercreator.com\/es\/plantillas-de-email-html\/\"]}]},{\"@type\":\"BreadcrumbList\",\"@id\":\"https:\/\/www.newslettercreator.com\/es\/plantillas-de-email-html\/#breadcrumb\",\"itemListElement\":[{\"@type\":\"ListItem\",\"position\":1,\"name\":\"Home\",\"item\":\"https:\/\/www.newslettercreator.com\/es\/\"},{\"@type\":\"ListItem\",\"position\":2,\"name\":\"Plantillas de email HTML\"}]},{\"@type\":\"WebSite\",\"@id\":\"https:\/\/www.newslettercreator.com\/#website\",\"url\":\"https:\/\/www.newslettercreator.com\/\",\"name\":\"Newsletter Creator\",\"description\":\"Pay off\",\"potentialAction\":[{\"@type\":\"SearchAction\",\"target\":{\"@type\":\"EntryPoint\",\"urlTemplate\":\"https:\/\/www.newslettercreator.com\/?s={search_term_string}\"},\"query-input\":{\"@type\":\"PropertyValueSpecification\",\"valueRequired\":true,\"valueName\":\"search_term_string\"}}],\"inLanguage\":\"es\"}]}<\/script>\n<!-- \/ Yoast SEO plugin. -->","yoast_head_json":{"title":"Plantillas de email HTML - Newsletter Creator","robots":{"index":"index","follow":"follow","max-snippet":"max-snippet:-1","max-image-preview":"max-image-preview:large","max-video-preview":"max-video-preview:-1"},"canonical":"https:\/\/www.newslettercreator.com\/es\/plantillas-de-email-html\/","og_locale":"es_ES","og_type":"article","og_title":"Plantillas de email HTML - Newsletter Creator","og_description":"Con MailStyler es extremadamente f\u00e1cil generar dise\u00f1os de email HTML compatibles y efectivos, sin escribir una sola l\u00ednea de c\u00f3digo. &nbsp;","og_url":"https:\/\/www.newslettercreator.com\/es\/plantillas-de-email-html\/","og_site_name":"Newsletter Creator","article_modified_time":"2015-05-15T07:11:21+00:00","twitter_misc":{"Tiempo de lectura":"1 minuto"},"schema":{"@context":"https:\/\/schema.org","@graph":[{"@type":"WebPage","@id":"https:\/\/www.newslettercreator.com\/es\/plantillas-de-email-html\/","url":"https:\/\/www.newslettercreator.com\/es\/plantillas-de-email-html\/","name":"Plantillas de email HTML - Newsletter Creator","isPartOf":{"@id":"https:\/\/www.newslettercreator.com\/#website"},"datePublished":"2015-05-14T12:46:45+00:00","dateModified":"2015-05-15T07:11:21+00:00","breadcrumb":{"@id":"https:\/\/www.newslettercreator.com\/es\/plantillas-de-email-html\/#breadcrumb"},"inLanguage":"es","potentialAction":[{"@type":"ReadAction","target":["https:\/\/www.newslettercreator.com\/es\/plantillas-de-email-html\/"]}]},{"@type":"BreadcrumbList","@id":"https:\/\/www.newslettercreator.com\/es\/plantillas-de-email-html\/#breadcrumb","itemListElement":[{"@type":"ListItem","position":1,"name":"Home","item":"https:\/\/www.newslettercreator.com\/es\/"},{"@type":"ListItem","position":2,"name":"Plantillas de email HTML"}]},{"@type":"WebSite","@id":"https:\/\/www.newslettercreator.com\/#website","url":"https:\/\/www.newslettercreator.com\/","name":"Newsletter Creator","description":"Pay off","potentialAction":[{"@type":"SearchAction","target":{"@type":"EntryPoint","urlTemplate":"https:\/\/www.newslettercreator.com\/?s={search_term_string}"},"query-input":{"@type":"PropertyValueSpecification","valueRequired":true,"valueName":"search_term_string"}}],"inLanguage":"es"}]}},"_links":{"self":[{"href":"https:\/\/www.newslettercreator.com\/es\/wp-json\/wp\/v2\/pages\/3451","targetHints":{"allow":["GET"]}}],"collection":[{"href":"https:\/\/www.newslettercreator.com\/es\/wp-json\/wp\/v2\/pages"}],"about":[{"href":"https:\/\/www.newslettercreator.com\/es\/wp-json\/wp\/v2\/types\/page"}],"author":[{"embeddable":true,"href":"https:\/\/www.newslettercreator.com\/es\/wp-json\/wp\/v2\/users\/1"}],"replies":[{"embeddable":true,"href":"https:\/\/www.newslettercreator.com\/es\/wp-json\/wp\/v2\/comments?post=3451"}],"version-history":[{"count":2,"href":"https:\/\/www.newslettercreator.com\/es\/wp-json\/wp\/v2\/pages\/3451\/revisions"}],"predecessor-version":[{"id":3497,"href":"https:\/\/www.newslettercreator.com\/es\/wp-json\/wp\/v2\/pages\/3451\/revisions\/3497"}],"wp:attachment":[{"href":"https:\/\/www.newslettercreator.com\/es\/wp-json\/wp\/v2\/media?parent=3451"}],"curies":[{"name":"wp","href":"https:\/\/api.w.org\/{rel}","templated":true}]}}