{"id":3461,"date":"2015-05-14T13:14:23","date_gmt":"2015-05-14T13:14:23","guid":{"rendered":"http:\/\/www.newslettercreator.com\/?page_id=3461"},"modified":"2015-05-15T06:32:37","modified_gmt":"2015-05-15T06:32:37","slug":"plantilla-de-email-creacion","status":"publish","type":"page","link":"https:\/\/www.newslettercreator.com\/es\/plantilla-de-email-creacion\/","title":{"rendered":"Plantilla de email: creaci\u00f3n"},"content":{"rendered":"<p><img decoding=\"async\" class=\"alignnone size-full wp-image-237\" src=\"http:\/\/www.newslettercreator.com\/wp-content\/uploads\/2014\/02\/email-newsletter-template-how-to.jpg\" alt=\"Plantilla de email: creaci\u00f3n\" width=\"649\" height=\"423\" srcset=\"https:\/\/www.newslettercreator.com\/wp-content\/uploads\/2014\/02\/email-newsletter-template-how-to.jpg 649w, https:\/\/www.newslettercreator.com\/wp-content\/uploads\/2014\/02\/email-newsletter-template-how-to-300x195.jpg 300w\" sizes=\"(max-width: 649px) 100vw, 649px\" \/><\/p>\n<p>Pocas cosas poseen la importancia de una <strong>buena plantilla de newsletter<\/strong> en lo referente al marketing por email. Y no es s\u00f3lo un tema de est\u00e9tica: un dise\u00f1o claro, liviano y personalizado es esencial para atraer al lector y lograr <strong>el llamado a la acci\u00f3n<\/strong> deseado \u2013 es decir, permite obtener lo mejor de su campa\u00f1a, ya sea un mensaje de noticias o una oferta comercial.<\/p>\n<p>Pero a\u00fan hay m\u00e1s. S\u00f3lo una <strong>plantilla HML profesional<\/strong> puede asegurar que su newsletter sea visualizado en la misma forma en la mayor\u00eda de los clientes y plataformas de email; adem\u00e1s, gracias al HTML es posible <strong>realizar un seguimiento de todas las acciones de los lectores<\/strong> tales como aperturas, clics entre otras.<\/p>\n<p>Entonces, <strong>c\u00f3mo puede obtener una plantilla de newsletter HTML apropiada<\/strong>? Existen b\u00e1sicamente dos opciones: ya sea comprar (u obtener gratis) una plantilla predise\u00f1ada, o crear su propia plantilla.<\/p>\n<p>Con respecto a la primera opci\u00f3n, la principal desventaja radica en que sin importar la calidad de su plantilla, nunca ser\u00e1 <strong>\u00fanica<\/strong> y completamente <strong>personalizada<\/strong> para su marca. Seguramente se ajustar\u00e1 a una categor\u00eda general de su negocio o actividad, pero la verdad es que una plantilla completamente personalizada cuenta una historia completamente diferente \u2013 y esto contribuye en forma positiva al <strong>reconocimiento de la marca<\/strong>.<\/p>\n<p>Pero construir una plantilla de email desde el principio puede ser muy duro, especialmente para los principiantes que no poseen habilidades t\u00e9cnicas. Afortunadamente, existe MailStyler: nuestro <strong>editor de newsletters inteligente<\/strong>, el cu\u00e1l le ayudar\u00e1 a crear su propia plantilla en pocos minutos, sin necesidad de escribir c\u00f3digo HTML\/CSS.<\/p>\n<p>Al aprovechar la interfaz WYSIWYG de MailStyler, usted puede crear una plantilla a partir de una amplia serie de bloques est\u00e1ndar y celdas (ya probadas para ser compatibles con todos los clientes de email) y personalizar la misma a su medida. Por ello, puede obtener el <strong>mejor dise\u00f1o para su campa\u00f1a de email<\/strong>: suya y s\u00f3lo suya.<\/p>\n<p>&nbsp;<\/p>\n<p style=\"text-align: center;\"><a class=\"button large orange\" style=\"margin-top: 20px; width: 177px; margin-right: 30px;\" title=\"Descarga Demo\" href=\"http:\/\/www.newslettercreator.com\/es\/version-gratis\/\" target=\"_self\">DESCARGA DEMO<\/a><a class=\"button large darkgray\" style=\"margin-top: 20px; width: 182px;\" title=\"Comprar Mailstyler Pro\" href=\"http:\/\/www.newslettercreator.com\/es\/precios\/\" target=\"_self\">COMPRAR MAILSTYLER PRO<\/a><\/p>\n<p style=\"text-align: center; font-size: 11px; margin-bottom: 30px;\">Ultima versi\u00f3n: 2.24.01.17 | Fecha de lanzamiento: 17\/01\/2024 | Tama\u00f1o: 114.9 MB<br \/>\n<a href=\"http:\/\/www.newslettercreator.com\/license-agreement\/\" target=\"_blank\">Acuerdo de licencia<\/a> | <a href=\"http:\/\/www.newslettercreator.com\/how-to-uninstall\/\" target=\"_blank\">C\u00f3mo desinstalar<\/a><\/p>\n","protected":false},"excerpt":{"rendered":"<p>Pocas cosas poseen la importancia de una buena plantilla de newsletter en lo referente al marketing por email. Y no es s\u00f3lo un tema de est\u00e9tica: un dise\u00f1o claro, liviano y personalizado es esencial para atraer al lector y lograr el llamado a la acci\u00f3n deseado \u2013 es decir, permite obtener lo mejor de su [&hellip;]<\/p>\n","protected":false},"author":1,"featured_media":0,"parent":0,"menu_order":0,"comment_status":"closed","ping_status":"closed","template":"g1_template_page_sidebar_right.php","meta":{"inline_featured_image":false,"_monsterinsights_skip_tracking":false,"_monsterinsights_sitenote_active":false,"_monsterinsights_sitenote_note":"","_monsterinsights_sitenote_category":0,"footnotes":""},"class_list":["post-3461","page","type-page","status-publish"],"yoast_head":"<!-- This site is optimized with the Yoast SEO plugin v25.2 - https:\/\/yoast.com\/wordpress\/plugins\/seo\/ -->\n<title>Plantilla de email: creaci\u00f3n - Newsletter Creator<\/title>\n<meta name=\"robots\" content=\"index, follow, max-snippet:-1, max-image-preview:large, max-video-preview:-1\" \/>\n<link rel=\"canonical\" href=\"https:\/\/www.newslettercreator.com\/es\/plantilla-de-email-creacion\/\" \/>\n<meta property=\"og:locale\" content=\"es_ES\" \/>\n<meta property=\"og:type\" content=\"article\" \/>\n<meta property=\"og:title\" content=\"Plantilla de email: creaci\u00f3n - Newsletter Creator\" \/>\n<meta property=\"og:description\" content=\"Pocas cosas poseen la importancia de una buena plantilla de newsletter en lo referente al marketing por email. Y no es s\u00f3lo un tema de est\u00e9tica: un dise\u00f1o claro, liviano y personalizado es esencial para atraer al lector y lograr el llamado a la acci\u00f3n deseado \u2013 es decir, permite obtener lo mejor de su [&hellip;]\" \/>\n<meta property=\"og:url\" content=\"https:\/\/www.newslettercreator.com\/es\/plantilla-de-email-creacion\/\" \/>\n<meta property=\"og:site_name\" content=\"Newsletter Creator\" \/>\n<meta property=\"article:modified_time\" content=\"2015-05-15T06:32:37+00:00\" \/>\n<meta property=\"og:image\" content=\"http:\/\/www.newslettercreator.com\/wp-content\/uploads\/2014\/02\/email-newsletter-template-how-to.jpg\" \/>\n<meta name=\"twitter:label1\" content=\"Tiempo de lectura\" \/>\n\t<meta name=\"twitter:data1\" content=\"2 minutos\" \/>\n<script type=\"application\/ld+json\" class=\"yoast-schema-graph\">{\"@context\":\"https:\/\/schema.org\",\"@graph\":[{\"@type\":\"WebPage\",\"@id\":\"https:\/\/www.newslettercreator.com\/es\/plantilla-de-email-creacion\/\",\"url\":\"https:\/\/www.newslettercreator.com\/es\/plantilla-de-email-creacion\/\",\"name\":\"Plantilla de email: creaci\u00f3n - Newsletter Creator\",\"isPartOf\":{\"@id\":\"https:\/\/www.newslettercreator.com\/#website\"},\"primaryImageOfPage\":{\"@id\":\"https:\/\/www.newslettercreator.com\/es\/plantilla-de-email-creacion\/#primaryimage\"},\"image\":{\"@id\":\"https:\/\/www.newslettercreator.com\/es\/plantilla-de-email-creacion\/#primaryimage\"},\"thumbnailUrl\":\"http:\/\/www.newslettercreator.com\/wp-content\/uploads\/2014\/02\/email-newsletter-template-how-to.jpg\",\"datePublished\":\"2015-05-14T13:14:23+00:00\",\"dateModified\":\"2015-05-15T06:32:37+00:00\",\"breadcrumb\":{\"@id\":\"https:\/\/www.newslettercreator.com\/es\/plantilla-de-email-creacion\/#breadcrumb\"},\"inLanguage\":\"es\",\"potentialAction\":[{\"@type\":\"ReadAction\",\"target\":[\"https:\/\/www.newslettercreator.com\/es\/plantilla-de-email-creacion\/\"]}]},{\"@type\":\"ImageObject\",\"inLanguage\":\"es\",\"@id\":\"https:\/\/www.newslettercreator.com\/es\/plantilla-de-email-creacion\/#primaryimage\",\"url\":\"http:\/\/www.newslettercreator.com\/wp-content\/uploads\/2014\/02\/email-newsletter-template-how-to.jpg\",\"contentUrl\":\"http:\/\/www.newslettercreator.com\/wp-content\/uploads\/2014\/02\/email-newsletter-template-how-to.jpg\"},{\"@type\":\"BreadcrumbList\",\"@id\":\"https:\/\/www.newslettercreator.com\/es\/plantilla-de-email-creacion\/#breadcrumb\",\"itemListElement\":[{\"@type\":\"ListItem\",\"position\":1,\"name\":\"Home\",\"item\":\"https:\/\/www.newslettercreator.com\/es\/\"},{\"@type\":\"ListItem\",\"position\":2,\"name\":\"Plantilla de email: creaci\u00f3n\"}]},{\"@type\":\"WebSite\",\"@id\":\"https:\/\/www.newslettercreator.com\/#website\",\"url\":\"https:\/\/www.newslettercreator.com\/\",\"name\":\"Newsletter Creator\",\"description\":\"Pay off\",\"potentialAction\":[{\"@type\":\"SearchAction\",\"target\":{\"@type\":\"EntryPoint\",\"urlTemplate\":\"https:\/\/www.newslettercreator.com\/?s={search_term_string}\"},\"query-input\":{\"@type\":\"PropertyValueSpecification\",\"valueRequired\":true,\"valueName\":\"search_term_string\"}}],\"inLanguage\":\"es\"}]}<\/script>\n<!-- \/ Yoast SEO plugin. -->","yoast_head_json":{"title":"Plantilla de email: creaci\u00f3n - Newsletter Creator","robots":{"index":"index","follow":"follow","max-snippet":"max-snippet:-1","max-image-preview":"max-image-preview:large","max-video-preview":"max-video-preview:-1"},"canonical":"https:\/\/www.newslettercreator.com\/es\/plantilla-de-email-creacion\/","og_locale":"es_ES","og_type":"article","og_title":"Plantilla de email: creaci\u00f3n - Newsletter Creator","og_description":"Pocas cosas poseen la importancia de una buena plantilla de newsletter en lo referente al marketing por email. Y no es s\u00f3lo un tema de est\u00e9tica: un dise\u00f1o claro, liviano y personalizado es esencial para atraer al lector y lograr el llamado a la acci\u00f3n deseado \u2013 es decir, permite obtener lo mejor de su [&hellip;]","og_url":"https:\/\/www.newslettercreator.com\/es\/plantilla-de-email-creacion\/","og_site_name":"Newsletter Creator","article_modified_time":"2015-05-15T06:32:37+00:00","og_image":[{"url":"http:\/\/www.newslettercreator.com\/wp-content\/uploads\/2014\/02\/email-newsletter-template-how-to.jpg","type":"","width":"","height":""}],"twitter_misc":{"Tiempo de lectura":"2 minutos"},"schema":{"@context":"https:\/\/schema.org","@graph":[{"@type":"WebPage","@id":"https:\/\/www.newslettercreator.com\/es\/plantilla-de-email-creacion\/","url":"https:\/\/www.newslettercreator.com\/es\/plantilla-de-email-creacion\/","name":"Plantilla de email: creaci\u00f3n - Newsletter Creator","isPartOf":{"@id":"https:\/\/www.newslettercreator.com\/#website"},"primaryImageOfPage":{"@id":"https:\/\/www.newslettercreator.com\/es\/plantilla-de-email-creacion\/#primaryimage"},"image":{"@id":"https:\/\/www.newslettercreator.com\/es\/plantilla-de-email-creacion\/#primaryimage"},"thumbnailUrl":"http:\/\/www.newslettercreator.com\/wp-content\/uploads\/2014\/02\/email-newsletter-template-how-to.jpg","datePublished":"2015-05-14T13:14:23+00:00","dateModified":"2015-05-15T06:32:37+00:00","breadcrumb":{"@id":"https:\/\/www.newslettercreator.com\/es\/plantilla-de-email-creacion\/#breadcrumb"},"inLanguage":"es","potentialAction":[{"@type":"ReadAction","target":["https:\/\/www.newslettercreator.com\/es\/plantilla-de-email-creacion\/"]}]},{"@type":"ImageObject","inLanguage":"es","@id":"https:\/\/www.newslettercreator.com\/es\/plantilla-de-email-creacion\/#primaryimage","url":"http:\/\/www.newslettercreator.com\/wp-content\/uploads\/2014\/02\/email-newsletter-template-how-to.jpg","contentUrl":"http:\/\/www.newslettercreator.com\/wp-content\/uploads\/2014\/02\/email-newsletter-template-how-to.jpg"},{"@type":"BreadcrumbList","@id":"https:\/\/www.newslettercreator.com\/es\/plantilla-de-email-creacion\/#breadcrumb","itemListElement":[{"@type":"ListItem","position":1,"name":"Home","item":"https:\/\/www.newslettercreator.com\/es\/"},{"@type":"ListItem","position":2,"name":"Plantilla de email: creaci\u00f3n"}]},{"@type":"WebSite","@id":"https:\/\/www.newslettercreator.com\/#website","url":"https:\/\/www.newslettercreator.com\/","name":"Newsletter Creator","description":"Pay off","potentialAction":[{"@type":"SearchAction","target":{"@type":"EntryPoint","urlTemplate":"https:\/\/www.newslettercreator.com\/?s={search_term_string}"},"query-input":{"@type":"PropertyValueSpecification","valueRequired":true,"valueName":"search_term_string"}}],"inLanguage":"es"}]}},"_links":{"self":[{"href":"https:\/\/www.newslettercreator.com\/es\/wp-json\/wp\/v2\/pages\/3461","targetHints":{"allow":["GET"]}}],"collection":[{"href":"https:\/\/www.newslettercreator.com\/es\/wp-json\/wp\/v2\/pages"}],"about":[{"href":"https:\/\/www.newslettercreator.com\/es\/wp-json\/wp\/v2\/types\/page"}],"author":[{"embeddable":true,"href":"https:\/\/www.newslettercreator.com\/es\/wp-json\/wp\/v2\/users\/1"}],"replies":[{"embeddable":true,"href":"https:\/\/www.newslettercreator.com\/es\/wp-json\/wp\/v2\/comments?post=3461"}],"version-history":[{"count":2,"href":"https:\/\/www.newslettercreator.com\/es\/wp-json\/wp\/v2\/pages\/3461\/revisions"}],"predecessor-version":[{"id":3463,"href":"https:\/\/www.newslettercreator.com\/es\/wp-json\/wp\/v2\/pages\/3461\/revisions\/3463"}],"wp:attachment":[{"href":"https:\/\/www.newslettercreator.com\/es\/wp-json\/wp\/v2\/media?parent=3461"}],"curies":[{"name":"wp","href":"https:\/\/api.w.org\/{rel}","templated":true}]}}