{"id":3464,"date":"2015-05-14T13:18:21","date_gmt":"2015-05-14T13:18:21","guid":{"rendered":"http:\/\/www.newslettercreator.com\/?page_id=3464"},"modified":"2015-05-14T13:18:21","modified_gmt":"2015-05-14T13:18:21","slug":"como-obtener-una-plantilla-de-email-gratis","status":"publish","type":"page","link":"https:\/\/www.newslettercreator.com\/es\/como-obtener-una-plantilla-de-email-gratis\/","title":{"rendered":"C\u00f3mo obtener una plantilla de email gratis"},"content":{"rendered":"<p>Necesita una<strong> plantilla de newsletter gratis<\/strong>? Seguro, puede realizar una b\u00fasqueda r\u00e1pida en la web y obtener un paquete de plantillas listas para usar: pero, a\u00fan los mejores, no se ajustan 100% a su negocio. La raz\u00f3n es simple: una plantilla predise\u00f1ada cubre s\u00f3lo una categor\u00eda determinada, pero no identifica una marca. Por ello, si usted vende zapatos ser\u00e1 bastante f\u00e1cil encontrar una plantilla de newsletter relacionada a los zapatos \u2013 pero c\u00f3mo puede hacerla \u00fanica?<\/p>\n<p>La \u00fanica respuesta posible es <strong>crear su propia plantilla de newsletter<\/strong>. Por supuesto, esto sol\u00eda ser dif\u00edcil: usted necesitaba al menos un buen conocimiento de HTML\/CSS y dise\u00f1o gr\u00e1fico, adem\u00e1s de habilidades creativas excelentes. Pero al utilizar MailStyler <strong>esto ya no ser\u00e1 un problema<\/strong>.<\/p>\n<p><img decoding=\"async\" class=\"alignnone size-full wp-image-237\" src=\"http:\/\/www.newslettercreator.com\/wp-content\/uploads\/2014\/02\/free-email-newsletter-template.jpg\" alt=\"C\u00f3mo obtener una plantilla de email gratis\" width=\"649\" height=\"423\" \/><\/p>\n<p>Nuestro creador de emails, de hecho, facilita el proceso completo de construcci\u00f3n de una plantilla. Un <strong>editor inteligente<\/strong> le ofrecer\u00e1 bloques y dise\u00f1os listos que pueden ser combinados con simples movimientos de arrastrar &#038; soltar. La cantidad de combinaciones posibles es gigante: tambi\u00e9n podr\u00e1 agregar im\u00e1genes y botones, definir colores y estilos de texto, editar m\u00e1rgenes y bordes de celdas. Todo lo que usted necesita para construir <strong>una plantilla realmente personalizada<\/strong> desde el principio.<\/p>\n<p>Los resultados? <strong>Plantillas sorprendentes y altamente compatibles<\/strong> listas en menos de un minuto, 100% compatibles con la mayor\u00eda de los clientes y plataformas web de emails. Una vez finalizadas, pueden ser utilizadas con su producto de software de email favorito \u2013 ya sea un producto profesional tal como SendBlaster o una aplicaci\u00f3n tal como Outlook o Thunderbird. Tantas veces como lo necesite.<\/p>\n<p>Otorgue un inicio fresco a su campa\u00f1a de email con un nuevo look. Descargue MailStyler ahora!<\/p>\n<p>&nbsp;<\/p>\n<p style=\"text-align: center;\"><a class=\"button large orange\" style=\"margin-top: 20px; width: 177px; margin-right: 30px;\" title=\"Descarga Demo\" href=\"http:\/\/www.newslettercreator.com\/es\/version-gratis\/\" target=\"_self\">DESCARGA DEMO<\/a><a class=\"button large darkgray\" style=\"margin-top: 20px; width: 182px;\" title=\"Comprar Mailstyler Pro\" href=\"http:\/\/www.newslettercreator.com\/es\/precios\/\" target=\"_self\">COMPRAR MAILSTYLER PRO<\/a><\/p>\n<p style=\"text-align: center; font-size: 11px; margin-bottom: 30px;\">Ultima versi\u00f3n: 2.24.01.17 | Fecha de lanzamiento: 17\/01\/2024 | Tama\u00f1o: 114.9 MB<br \/>\n<a href=\"http:\/\/www.newslettercreator.com\/license-agreement\/\" target=\"_blank\">Acuerdo de licencia<\/a> | <a href=\"http:\/\/www.newslettercreator.com\/how-to-uninstall\/\" target=\"_blank\">C\u00f3mo desinstalar<\/a><\/p>\n","protected":false},"excerpt":{"rendered":"<p>Necesita una plantilla de newsletter gratis? Seguro, puede realizar una b\u00fasqueda r\u00e1pida en la web y obtener un paquete de plantillas listas para usar: pero, a\u00fan los mejores, no se ajustan 100% a su negocio. La raz\u00f3n es simple: una plantilla predise\u00f1ada cubre s\u00f3lo una categor\u00eda determinada, pero no identifica una marca. Por ello, si [&hellip;]<\/p>\n","protected":false},"author":1,"featured_media":0,"parent":0,"menu_order":0,"comment_status":"closed","ping_status":"closed","template":"g1_template_page_sidebar_right.php","meta":{"inline_featured_image":false,"_monsterinsights_skip_tracking":false,"_monsterinsights_sitenote_active":false,"_monsterinsights_sitenote_note":"","_monsterinsights_sitenote_category":0,"footnotes":""},"class_list":["post-3464","page","type-page","status-publish"],"yoast_head":"<!-- This site is optimized with the Yoast SEO plugin v25.2 - https:\/\/yoast.com\/wordpress\/plugins\/seo\/ -->\n<title>C\u00f3mo obtener una plantilla de email gratis - Newsletter Creator<\/title>\n<meta name=\"robots\" content=\"index, follow, max-snippet:-1, max-image-preview:large, max-video-preview:-1\" \/>\n<link rel=\"canonical\" href=\"https:\/\/www.newslettercreator.com\/es\/como-obtener-una-plantilla-de-email-gratis\/\" \/>\n<meta property=\"og:locale\" content=\"es_ES\" \/>\n<meta property=\"og:type\" content=\"article\" \/>\n<meta property=\"og:title\" content=\"C\u00f3mo obtener una plantilla de email gratis - Newsletter Creator\" \/>\n<meta property=\"og:description\" content=\"Necesita una plantilla de newsletter gratis? Seguro, puede realizar una b\u00fasqueda r\u00e1pida en la web y obtener un paquete de plantillas listas para usar: pero, a\u00fan los mejores, no se ajustan 100% a su negocio. La raz\u00f3n es simple: una plantilla predise\u00f1ada cubre s\u00f3lo una categor\u00eda determinada, pero no identifica una marca. Por ello, si [&hellip;]\" \/>\n<meta property=\"og:url\" content=\"https:\/\/www.newslettercreator.com\/es\/como-obtener-una-plantilla-de-email-gratis\/\" \/>\n<meta property=\"og:site_name\" content=\"Newsletter Creator\" \/>\n<meta property=\"og:image\" content=\"http:\/\/www.newslettercreator.com\/wp-content\/uploads\/2014\/02\/free-email-newsletter-template.jpg\" \/>\n<meta name=\"twitter:label1\" content=\"Tiempo de lectura\" \/>\n\t<meta name=\"twitter:data1\" content=\"2 minutos\" \/>\n<script type=\"application\/ld+json\" class=\"yoast-schema-graph\">{\"@context\":\"https:\/\/schema.org\",\"@graph\":[{\"@type\":\"WebPage\",\"@id\":\"https:\/\/www.newslettercreator.com\/es\/como-obtener-una-plantilla-de-email-gratis\/\",\"url\":\"https:\/\/www.newslettercreator.com\/es\/como-obtener-una-plantilla-de-email-gratis\/\",\"name\":\"C\u00f3mo obtener una plantilla de email gratis - Newsletter Creator\",\"isPartOf\":{\"@id\":\"https:\/\/www.newslettercreator.com\/#website\"},\"primaryImageOfPage\":{\"@id\":\"https:\/\/www.newslettercreator.com\/es\/como-obtener-una-plantilla-de-email-gratis\/#primaryimage\"},\"image\":{\"@id\":\"https:\/\/www.newslettercreator.com\/es\/como-obtener-una-plantilla-de-email-gratis\/#primaryimage\"},\"thumbnailUrl\":\"http:\/\/www.newslettercreator.com\/wp-content\/uploads\/2014\/02\/free-email-newsletter-template.jpg\",\"datePublished\":\"2015-05-14T13:18:21+00:00\",\"breadcrumb\":{\"@id\":\"https:\/\/www.newslettercreator.com\/es\/como-obtener-una-plantilla-de-email-gratis\/#breadcrumb\"},\"inLanguage\":\"es\",\"potentialAction\":[{\"@type\":\"ReadAction\",\"target\":[\"https:\/\/www.newslettercreator.com\/es\/como-obtener-una-plantilla-de-email-gratis\/\"]}]},{\"@type\":\"ImageObject\",\"inLanguage\":\"es\",\"@id\":\"https:\/\/www.newslettercreator.com\/es\/como-obtener-una-plantilla-de-email-gratis\/#primaryimage\",\"url\":\"http:\/\/www.newslettercreator.com\/wp-content\/uploads\/2014\/02\/free-email-newsletter-template.jpg\",\"contentUrl\":\"http:\/\/www.newslettercreator.com\/wp-content\/uploads\/2014\/02\/free-email-newsletter-template.jpg\"},{\"@type\":\"BreadcrumbList\",\"@id\":\"https:\/\/www.newslettercreator.com\/es\/como-obtener-una-plantilla-de-email-gratis\/#breadcrumb\",\"itemListElement\":[{\"@type\":\"ListItem\",\"position\":1,\"name\":\"Home\",\"item\":\"https:\/\/www.newslettercreator.com\/es\/\"},{\"@type\":\"ListItem\",\"position\":2,\"name\":\"C\u00f3mo obtener una plantilla de email gratis\"}]},{\"@type\":\"WebSite\",\"@id\":\"https:\/\/www.newslettercreator.com\/#website\",\"url\":\"https:\/\/www.newslettercreator.com\/\",\"name\":\"Newsletter Creator\",\"description\":\"Pay off\",\"potentialAction\":[{\"@type\":\"SearchAction\",\"target\":{\"@type\":\"EntryPoint\",\"urlTemplate\":\"https:\/\/www.newslettercreator.com\/?s={search_term_string}\"},\"query-input\":{\"@type\":\"PropertyValueSpecification\",\"valueRequired\":true,\"valueName\":\"search_term_string\"}}],\"inLanguage\":\"es\"}]}<\/script>\n<!-- \/ Yoast SEO plugin. -->","yoast_head_json":{"title":"C\u00f3mo obtener una plantilla de email gratis - Newsletter Creator","robots":{"index":"index","follow":"follow","max-snippet":"max-snippet:-1","max-image-preview":"max-image-preview:large","max-video-preview":"max-video-preview:-1"},"canonical":"https:\/\/www.newslettercreator.com\/es\/como-obtener-una-plantilla-de-email-gratis\/","og_locale":"es_ES","og_type":"article","og_title":"C\u00f3mo obtener una plantilla de email gratis - Newsletter Creator","og_description":"Necesita una plantilla de newsletter gratis? Seguro, puede realizar una b\u00fasqueda r\u00e1pida en la web y obtener un paquete de plantillas listas para usar: pero, a\u00fan los mejores, no se ajustan 100% a su negocio. La raz\u00f3n es simple: una plantilla predise\u00f1ada cubre s\u00f3lo una categor\u00eda determinada, pero no identifica una marca. Por ello, si [&hellip;]","og_url":"https:\/\/www.newslettercreator.com\/es\/como-obtener-una-plantilla-de-email-gratis\/","og_site_name":"Newsletter Creator","og_image":[{"url":"http:\/\/www.newslettercreator.com\/wp-content\/uploads\/2014\/02\/free-email-newsletter-template.jpg","type":"","width":"","height":""}],"twitter_misc":{"Tiempo de lectura":"2 minutos"},"schema":{"@context":"https:\/\/schema.org","@graph":[{"@type":"WebPage","@id":"https:\/\/www.newslettercreator.com\/es\/como-obtener-una-plantilla-de-email-gratis\/","url":"https:\/\/www.newslettercreator.com\/es\/como-obtener-una-plantilla-de-email-gratis\/","name":"C\u00f3mo obtener una plantilla de email gratis - Newsletter Creator","isPartOf":{"@id":"https:\/\/www.newslettercreator.com\/#website"},"primaryImageOfPage":{"@id":"https:\/\/www.newslettercreator.com\/es\/como-obtener-una-plantilla-de-email-gratis\/#primaryimage"},"image":{"@id":"https:\/\/www.newslettercreator.com\/es\/como-obtener-una-plantilla-de-email-gratis\/#primaryimage"},"thumbnailUrl":"http:\/\/www.newslettercreator.com\/wp-content\/uploads\/2014\/02\/free-email-newsletter-template.jpg","datePublished":"2015-05-14T13:18:21+00:00","breadcrumb":{"@id":"https:\/\/www.newslettercreator.com\/es\/como-obtener-una-plantilla-de-email-gratis\/#breadcrumb"},"inLanguage":"es","potentialAction":[{"@type":"ReadAction","target":["https:\/\/www.newslettercreator.com\/es\/como-obtener-una-plantilla-de-email-gratis\/"]}]},{"@type":"ImageObject","inLanguage":"es","@id":"https:\/\/www.newslettercreator.com\/es\/como-obtener-una-plantilla-de-email-gratis\/#primaryimage","url":"http:\/\/www.newslettercreator.com\/wp-content\/uploads\/2014\/02\/free-email-newsletter-template.jpg","contentUrl":"http:\/\/www.newslettercreator.com\/wp-content\/uploads\/2014\/02\/free-email-newsletter-template.jpg"},{"@type":"BreadcrumbList","@id":"https:\/\/www.newslettercreator.com\/es\/como-obtener-una-plantilla-de-email-gratis\/#breadcrumb","itemListElement":[{"@type":"ListItem","position":1,"name":"Home","item":"https:\/\/www.newslettercreator.com\/es\/"},{"@type":"ListItem","position":2,"name":"C\u00f3mo obtener una plantilla de email gratis"}]},{"@type":"WebSite","@id":"https:\/\/www.newslettercreator.com\/#website","url":"https:\/\/www.newslettercreator.com\/","name":"Newsletter Creator","description":"Pay off","potentialAction":[{"@type":"SearchAction","target":{"@type":"EntryPoint","urlTemplate":"https:\/\/www.newslettercreator.com\/?s={search_term_string}"},"query-input":{"@type":"PropertyValueSpecification","valueRequired":true,"valueName":"search_term_string"}}],"inLanguage":"es"}]}},"_links":{"self":[{"href":"https:\/\/www.newslettercreator.com\/es\/wp-json\/wp\/v2\/pages\/3464","targetHints":{"allow":["GET"]}}],"collection":[{"href":"https:\/\/www.newslettercreator.com\/es\/wp-json\/wp\/v2\/pages"}],"about":[{"href":"https:\/\/www.newslettercreator.com\/es\/wp-json\/wp\/v2\/types\/page"}],"author":[{"embeddable":true,"href":"https:\/\/www.newslettercreator.com\/es\/wp-json\/wp\/v2\/users\/1"}],"replies":[{"embeddable":true,"href":"https:\/\/www.newslettercreator.com\/es\/wp-json\/wp\/v2\/comments?post=3464"}],"version-history":[{"count":1,"href":"https:\/\/www.newslettercreator.com\/es\/wp-json\/wp\/v2\/pages\/3464\/revisions"}],"predecessor-version":[{"id":3465,"href":"https:\/\/www.newslettercreator.com\/es\/wp-json\/wp\/v2\/pages\/3464\/revisions\/3465"}],"wp:attachment":[{"href":"https:\/\/www.newslettercreator.com\/es\/wp-json\/wp\/v2\/media?parent=3464"}],"curies":[{"name":"wp","href":"https:\/\/api.w.org\/{rel}","templated":true}]}}