{"id":3466,"date":"2015-05-14T13:20:48","date_gmt":"2015-05-14T13:20:48","guid":{"rendered":"http:\/\/www.newslettercreator.com\/?page_id=3466"},"modified":"2015-05-14T13:20:48","modified_gmt":"2015-05-14T13:20:48","slug":"crear-una-plantilla-de-newsletter-en-microsoft-word","status":"publish","type":"page","link":"https:\/\/www.newslettercreator.com\/es\/crear-una-plantilla-de-newsletter-en-microsoft-word\/","title":{"rendered":"Crear una plantilla de newsletter en Microsoft Word?"},"content":{"rendered":"<p><img decoding=\"async\" class=\"alignnone size-full wp-image-237\" src=\"http:\/\/www.newslettercreator.com\/wp-content\/uploads\/2014\/02\/newsletter-template-microsoft-word-how-to.jpg\" alt=\"Crear una plantilla de newsletter en Microsoft Word?\" width=\"649\" height=\"423\" \/><\/p>\n<p>Puede ser muy tentador <strong>crear una plantilla de newsletter utilizando Microsoft Word<\/strong>. Pero es una tentaci\u00f3n que usted deber\u00eda resistir, si desea que su campa\u00f1a de email posea un estilo apropiado y efectivo.<\/p>\n<p>Esta es la raz\u00f3n: Word utiliza <strong>c\u00f3digo HTML no est\u00e1ndar<\/strong>, el cu\u00e1l generalmente produce <strong>problemas de visualizaci\u00f3n<\/strong> una vez que el newsletter es abierto por el lector (especialmente si utiliza un cliente de email no provisto por Microsoft).<\/p>\n<p>Adem\u00e1s, la creaci\u00f3n de plantillas en si no es tan f\u00e1cil como puede parecer a primera vista \u2013 y esto es por una raz\u00f3n muy simple: Microsoft Word no ha sido dise\u00f1ado con este fin. La <strong>edici\u00f3n de newsletters<\/strong> posee requerimientos diferentes a los ofrecidos por un editor de textos, y por ello requiere una herramienta completamente diferente.<\/p>\n<p>Nuestro constructor de newsletters se encuentra completamente orientado al proceso de creaci\u00f3n de plantillas, con un objetivo b\u00e1sico: facilitar el proceso. De hecho, con MailStyler usted puede crear sus <strong>propios dise\u00f1os de newsletters \u00fanicos<\/strong> desde el principio, ensamblando bloques listos para utilizar, personalizando con colores, estilos y otros detalles. <\/p>\n<p>Y lo m\u00e1s importante de todo, <strong>el c\u00f3digo HTML resultante ser\u00e1 completamente perfecto<\/strong>: 100% compatible con cualquier cliente de email. Esto significa que sin importar el software utilizado por su lector, su email siempre se observar\u00e1 como usted lo desea.<\/p>\n<p>&nbsp;<\/p>\n<p style=\"text-align: center;\"><a class=\"button large orange\" style=\"margin-top: 20px; width: 177px; margin-right: 30px;\" title=\"Descarga Demo\" href=\"http:\/\/www.newslettercreator.com\/es\/version-gratis\/\" target=\"_self\">DESCARGA DEMO<\/a><a class=\"button large darkgray\" style=\"margin-top: 20px; width: 182px;\" title=\"Comprar Mailstyler Pro\" href=\"http:\/\/www.newslettercreator.com\/es\/precios\/\" target=\"_self\">COMPRAR MAILSTYLER PRO<\/a><\/p>\n<p style=\"text-align: center; font-size: 11px; margin-bottom: 30px;\">Ultima versi\u00f3n: 2.24.01.17 | Fecha de lanzamiento: 17\/01\/2024 | Tama\u00f1o: 114.9 MB<br \/>\n<a href=\"http:\/\/www.newslettercreator.com\/license-agreement\/\" target=\"_blank\">Acuerdo de licencia<\/a> | <a href=\"http:\/\/www.newslettercreator.com\/how-to-uninstall\/\" target=\"_blank\">C\u00f3mo desinstalar<\/a><\/p>\n","protected":false},"excerpt":{"rendered":"<p>Puede ser muy tentador crear una plantilla de newsletter utilizando Microsoft Word. Pero es una tentaci\u00f3n que usted deber\u00eda resistir, si desea que su campa\u00f1a de email posea un estilo apropiado y efectivo. Esta es la raz\u00f3n: Word utiliza c\u00f3digo HTML no est\u00e1ndar, el cu\u00e1l generalmente produce problemas de visualizaci\u00f3n una vez que el newsletter [&hellip;]<\/p>\n","protected":false},"author":1,"featured_media":0,"parent":0,"menu_order":0,"comment_status":"closed","ping_status":"closed","template":"g1_template_page_sidebar_right.php","meta":{"inline_featured_image":false,"_monsterinsights_skip_tracking":false,"_monsterinsights_sitenote_active":false,"_monsterinsights_sitenote_note":"","_monsterinsights_sitenote_category":0,"footnotes":""},"class_list":["post-3466","page","type-page","status-publish"],"yoast_head":"<!-- This site is optimized with the Yoast SEO plugin v25.2 - https:\/\/yoast.com\/wordpress\/plugins\/seo\/ -->\n<title>Crear una plantilla de newsletter en Microsoft Word? - Newsletter Creator<\/title>\n<meta name=\"robots\" content=\"index, follow, max-snippet:-1, max-image-preview:large, max-video-preview:-1\" \/>\n<link rel=\"canonical\" href=\"https:\/\/www.newslettercreator.com\/es\/crear-una-plantilla-de-newsletter-en-microsoft-word\/\" \/>\n<meta property=\"og:locale\" content=\"es_ES\" \/>\n<meta property=\"og:type\" content=\"article\" \/>\n<meta property=\"og:title\" content=\"Crear una plantilla de newsletter en Microsoft Word? - Newsletter Creator\" \/>\n<meta property=\"og:description\" content=\"Puede ser muy tentador crear una plantilla de newsletter utilizando Microsoft Word. Pero es una tentaci\u00f3n que usted deber\u00eda resistir, si desea que su campa\u00f1a de email posea un estilo apropiado y efectivo. Esta es la raz\u00f3n: Word utiliza c\u00f3digo HTML no est\u00e1ndar, el cu\u00e1l generalmente produce problemas de visualizaci\u00f3n una vez que el newsletter [&hellip;]\" \/>\n<meta property=\"og:url\" content=\"https:\/\/www.newslettercreator.com\/es\/crear-una-plantilla-de-newsletter-en-microsoft-word\/\" \/>\n<meta property=\"og:site_name\" content=\"Newsletter Creator\" \/>\n<meta property=\"og:image\" content=\"http:\/\/www.newslettercreator.com\/wp-content\/uploads\/2014\/02\/newsletter-template-microsoft-word-how-to.jpg\" \/>\n<meta name=\"twitter:label1\" content=\"Tiempo de lectura\" \/>\n\t<meta name=\"twitter:data1\" content=\"1 minuto\" \/>\n<script type=\"application\/ld+json\" class=\"yoast-schema-graph\">{\"@context\":\"https:\/\/schema.org\",\"@graph\":[{\"@type\":\"WebPage\",\"@id\":\"https:\/\/www.newslettercreator.com\/es\/crear-una-plantilla-de-newsletter-en-microsoft-word\/\",\"url\":\"https:\/\/www.newslettercreator.com\/es\/crear-una-plantilla-de-newsletter-en-microsoft-word\/\",\"name\":\"Crear una plantilla de newsletter en Microsoft Word? - Newsletter Creator\",\"isPartOf\":{\"@id\":\"https:\/\/www.newslettercreator.com\/#website\"},\"primaryImageOfPage\":{\"@id\":\"https:\/\/www.newslettercreator.com\/es\/crear-una-plantilla-de-newsletter-en-microsoft-word\/#primaryimage\"},\"image\":{\"@id\":\"https:\/\/www.newslettercreator.com\/es\/crear-una-plantilla-de-newsletter-en-microsoft-word\/#primaryimage\"},\"thumbnailUrl\":\"http:\/\/www.newslettercreator.com\/wp-content\/uploads\/2014\/02\/newsletter-template-microsoft-word-how-to.jpg\",\"datePublished\":\"2015-05-14T13:20:48+00:00\",\"breadcrumb\":{\"@id\":\"https:\/\/www.newslettercreator.com\/es\/crear-una-plantilla-de-newsletter-en-microsoft-word\/#breadcrumb\"},\"inLanguage\":\"es\",\"potentialAction\":[{\"@type\":\"ReadAction\",\"target\":[\"https:\/\/www.newslettercreator.com\/es\/crear-una-plantilla-de-newsletter-en-microsoft-word\/\"]}]},{\"@type\":\"ImageObject\",\"inLanguage\":\"es\",\"@id\":\"https:\/\/www.newslettercreator.com\/es\/crear-una-plantilla-de-newsletter-en-microsoft-word\/#primaryimage\",\"url\":\"http:\/\/www.newslettercreator.com\/wp-content\/uploads\/2014\/02\/newsletter-template-microsoft-word-how-to.jpg\",\"contentUrl\":\"http:\/\/www.newslettercreator.com\/wp-content\/uploads\/2014\/02\/newsletter-template-microsoft-word-how-to.jpg\"},{\"@type\":\"BreadcrumbList\",\"@id\":\"https:\/\/www.newslettercreator.com\/es\/crear-una-plantilla-de-newsletter-en-microsoft-word\/#breadcrumb\",\"itemListElement\":[{\"@type\":\"ListItem\",\"position\":1,\"name\":\"Home\",\"item\":\"https:\/\/www.newslettercreator.com\/es\/\"},{\"@type\":\"ListItem\",\"position\":2,\"name\":\"Crear una plantilla de newsletter en Microsoft Word?\"}]},{\"@type\":\"WebSite\",\"@id\":\"https:\/\/www.newslettercreator.com\/#website\",\"url\":\"https:\/\/www.newslettercreator.com\/\",\"name\":\"Newsletter Creator\",\"description\":\"Pay off\",\"potentialAction\":[{\"@type\":\"SearchAction\",\"target\":{\"@type\":\"EntryPoint\",\"urlTemplate\":\"https:\/\/www.newslettercreator.com\/?s={search_term_string}\"},\"query-input\":{\"@type\":\"PropertyValueSpecification\",\"valueRequired\":true,\"valueName\":\"search_term_string\"}}],\"inLanguage\":\"es\"}]}<\/script>\n<!-- \/ Yoast SEO plugin. -->","yoast_head_json":{"title":"Crear una plantilla de newsletter en Microsoft Word? - Newsletter Creator","robots":{"index":"index","follow":"follow","max-snippet":"max-snippet:-1","max-image-preview":"max-image-preview:large","max-video-preview":"max-video-preview:-1"},"canonical":"https:\/\/www.newslettercreator.com\/es\/crear-una-plantilla-de-newsletter-en-microsoft-word\/","og_locale":"es_ES","og_type":"article","og_title":"Crear una plantilla de newsletter en Microsoft Word? - Newsletter Creator","og_description":"Puede ser muy tentador crear una plantilla de newsletter utilizando Microsoft Word. Pero es una tentaci\u00f3n que usted deber\u00eda resistir, si desea que su campa\u00f1a de email posea un estilo apropiado y efectivo. Esta es la raz\u00f3n: Word utiliza c\u00f3digo HTML no est\u00e1ndar, el cu\u00e1l generalmente produce problemas de visualizaci\u00f3n una vez que el newsletter [&hellip;]","og_url":"https:\/\/www.newslettercreator.com\/es\/crear-una-plantilla-de-newsletter-en-microsoft-word\/","og_site_name":"Newsletter Creator","og_image":[{"url":"http:\/\/www.newslettercreator.com\/wp-content\/uploads\/2014\/02\/newsletter-template-microsoft-word-how-to.jpg","type":"","width":"","height":""}],"twitter_misc":{"Tiempo de lectura":"1 minuto"},"schema":{"@context":"https:\/\/schema.org","@graph":[{"@type":"WebPage","@id":"https:\/\/www.newslettercreator.com\/es\/crear-una-plantilla-de-newsletter-en-microsoft-word\/","url":"https:\/\/www.newslettercreator.com\/es\/crear-una-plantilla-de-newsletter-en-microsoft-word\/","name":"Crear una plantilla de newsletter en Microsoft Word? - Newsletter Creator","isPartOf":{"@id":"https:\/\/www.newslettercreator.com\/#website"},"primaryImageOfPage":{"@id":"https:\/\/www.newslettercreator.com\/es\/crear-una-plantilla-de-newsletter-en-microsoft-word\/#primaryimage"},"image":{"@id":"https:\/\/www.newslettercreator.com\/es\/crear-una-plantilla-de-newsletter-en-microsoft-word\/#primaryimage"},"thumbnailUrl":"http:\/\/www.newslettercreator.com\/wp-content\/uploads\/2014\/02\/newsletter-template-microsoft-word-how-to.jpg","datePublished":"2015-05-14T13:20:48+00:00","breadcrumb":{"@id":"https:\/\/www.newslettercreator.com\/es\/crear-una-plantilla-de-newsletter-en-microsoft-word\/#breadcrumb"},"inLanguage":"es","potentialAction":[{"@type":"ReadAction","target":["https:\/\/www.newslettercreator.com\/es\/crear-una-plantilla-de-newsletter-en-microsoft-word\/"]}]},{"@type":"ImageObject","inLanguage":"es","@id":"https:\/\/www.newslettercreator.com\/es\/crear-una-plantilla-de-newsletter-en-microsoft-word\/#primaryimage","url":"http:\/\/www.newslettercreator.com\/wp-content\/uploads\/2014\/02\/newsletter-template-microsoft-word-how-to.jpg","contentUrl":"http:\/\/www.newslettercreator.com\/wp-content\/uploads\/2014\/02\/newsletter-template-microsoft-word-how-to.jpg"},{"@type":"BreadcrumbList","@id":"https:\/\/www.newslettercreator.com\/es\/crear-una-plantilla-de-newsletter-en-microsoft-word\/#breadcrumb","itemListElement":[{"@type":"ListItem","position":1,"name":"Home","item":"https:\/\/www.newslettercreator.com\/es\/"},{"@type":"ListItem","position":2,"name":"Crear una plantilla de newsletter en Microsoft Word?"}]},{"@type":"WebSite","@id":"https:\/\/www.newslettercreator.com\/#website","url":"https:\/\/www.newslettercreator.com\/","name":"Newsletter Creator","description":"Pay off","potentialAction":[{"@type":"SearchAction","target":{"@type":"EntryPoint","urlTemplate":"https:\/\/www.newslettercreator.com\/?s={search_term_string}"},"query-input":{"@type":"PropertyValueSpecification","valueRequired":true,"valueName":"search_term_string"}}],"inLanguage":"es"}]}},"_links":{"self":[{"href":"https:\/\/www.newslettercreator.com\/es\/wp-json\/wp\/v2\/pages\/3466","targetHints":{"allow":["GET"]}}],"collection":[{"href":"https:\/\/www.newslettercreator.com\/es\/wp-json\/wp\/v2\/pages"}],"about":[{"href":"https:\/\/www.newslettercreator.com\/es\/wp-json\/wp\/v2\/types\/page"}],"author":[{"embeddable":true,"href":"https:\/\/www.newslettercreator.com\/es\/wp-json\/wp\/v2\/users\/1"}],"replies":[{"embeddable":true,"href":"https:\/\/www.newslettercreator.com\/es\/wp-json\/wp\/v2\/comments?post=3466"}],"version-history":[{"count":1,"href":"https:\/\/www.newslettercreator.com\/es\/wp-json\/wp\/v2\/pages\/3466\/revisions"}],"predecessor-version":[{"id":3467,"href":"https:\/\/www.newslettercreator.com\/es\/wp-json\/wp\/v2\/pages\/3466\/revisions\/3467"}],"wp:attachment":[{"href":"https:\/\/www.newslettercreator.com\/es\/wp-json\/wp\/v2\/media?parent=3466"}],"curies":[{"name":"wp","href":"https:\/\/api.w.org\/{rel}","templated":true}]}}